{"id":318343,"date":"2020-10-19T15:50:32","date_gmt":"2020-10-19T14:50:32","guid":{"rendered":"https:\/\/www.purejewels.com\/product\/jali-collection-22ct-gold-ring-5-3gm\/"},"modified":"2026-03-17T04:38:19","modified_gmt":"2026-03-17T04:38:19","slug":"22-ayar-altin-gelin-yuzugu-33385","status":"publish","type":"product","link":"https:\/\/www.purejewels.com\/tr\/product\/22-carat-gold-bridal-ring-33385\/","title":{"rendered":"22 Ayar Alt\u0131n \u00c7i\u00e7ekli Kubbe Y\u00fcz\u00fck"},"content":{"rendered":"<p><strong>Tasar\u0131m Konsepti<\/strong><\/p>\n<p>Floral Dome Statement Y\u00fcz\u00fck, \u00e7i\u00e7ek a\u00e7an \u00e7i\u00e7eklerin g\u00fczelli\u011finden ilham alarak heykelsi, kubbe \u015feklinde bir formda hayat buldu. Narin ta\u00e7 yapra\u011f\u0131 benzeri desenler merkezden yay\u0131larak hem karma\u015f\u0131k hem de etkileyici hissettiren uyumlu bir \u00e7i\u00e7ek kompozisyonu yarat\u0131r. Y\u00fckseltilmi\u015f kubbe yap\u0131s\u0131 derinlik ve duru\u015f katarak y\u00fcz\u00fc\u011f\u00fc dikkat \u00e7eken bir par\u00e7a haline getirirken do\u011fadan k\u00f6k alan zamans\u0131z tasar\u0131m\u0131 da kutluyor.<\/p>\n<p><strong>Zanaatkarl\u0131k<\/strong><\/p>\n<p>Y\u00fcksek safl\u0131kta 22 ayar alt\u0131ndan ustal\u0131kla \u00fcretilen bu y\u00fcz\u00fck, geleneksel telkari i\u015f\u00e7ili\u011finin sanat\u0131n\u0131 vurguluyor. \u0130nce alt\u0131n teller \u00f6zenle \u015fekillendirilmi\u015f ve karma\u015f\u0131k bir ajur \u00e7i\u00e7ek deseni olu\u015fturmak i\u00e7in katmanland\u0131r\u0131larak par\u00e7aya hafif ama detayl\u0131 bir g\u00f6r\u00fcn\u00fcm kazand\u0131r\u0131lm\u0131\u015ft\u0131r. Parlat\u0131lm\u0131\u015f unsurlar \u0131\u015f\u0131\u011f\u0131 g\u00fczel bir \u015fekilde yakalayarak alt\u0131n\u0131n zenginli\u011fini art\u0131r\u0131rken, yarat\u0131l\u0131\u015f\u0131n\u0131n ard\u0131ndaki zanaatkarlar\u0131n hassasiyetini ve becerisini sergiler.<\/p>\n<p><strong>Stil Fikirleri<\/strong><\/p>\n<p>Floral Dome Statement Y\u00fcz\u00fck, g\u00f6r\u00fcn\u00fcm\u00fcn\u00fcz\u00fcn odak noktas\u0131 olacak \u015fekilde tasarlanm\u0131\u015ft\u0131r. Karma\u015f\u0131k detaylar\u0131n\u0131n parlamas\u0131n\u0131 sa\u011flamak i\u00e7in tek ba\u015f\u0131na tak\u0131n veya dengeli bir topluluk i\u00e7in ince alt\u0131n tak\u0131larla e\u015fle\u015ftirin. Gelin k\u0131yafetleri, bayram g\u00fcnleri veya \u00f6zel kutlamalar i\u00e7in ideal olan bu y\u00fcz\u00fck, hem geleneksel hem de \u00e7a\u011fda\u015f k\u0131yafetlere ihti\u015faml\u0131 ve \u015f\u0131k bir dokunu\u015f katar.<\/p>","protected":false},"excerpt":{"rendered":"<p>22 Ayar Alt\u0131n Floral Dome Statement Y\u00fcz\u00fck, cesur bir kubbe siluetinde karma\u015f\u0131k bir \u00e7i\u00e7ek tasar\u0131m\u0131 sergiliyor. I\u015f\u0131lt\u0131l\u0131 22 ayar alt\u0131ndan \u00fcretilen bu g\u00f6steri\u015fli y\u00fcz\u00fck, tarihi i\u015f\u00e7ili\u011fi \u00e7arp\u0131c\u0131 bir zarafetle birle\u015ftiriyor.<\/p>\n<ul>\n<li><strong>Metal:<\/strong> 22 ayar alt\u0131n (91,61 TP5T saf alt\u0131n)<\/li>\n<li><strong>Y\u00fcz\u00fck \u00d6l\u00e7\u00fcs\u00fc<\/strong>. N 1\/2<\/li>\n<li><strong>Y\u00fcz\u00fck a\u011f\u0131rl\u0131\u011f\u0131.<\/strong> 5.3 gms<\/li>\n<li><strong>SKU.<\/strong>\u00a0 33385<\/li>\n<\/ul>","protected":false},"featured_media":318345,"comment_status":"closed","ping_status":"closed","template":"","meta":{"_eb_attr":"","_crsspst_to_jayantr4sg-hostcom":true},"product_brand":[],"product_cat":[1235,252,1783,1786,1573,1574],"product_tag":[],"class_list":{"0":"post-318343","1":"product","2":"type-product","3":"status-publish","4":"has-post-thumbnail","6":"product_cat-gold-rings","7":"product_cat-jali-collections","8":"product_cat-ladies-rings","9":"product_cat-occasional-wear-rings","10":"product_cat-wedding-gifts","11":"product_cat-womens-jewellery","13":"first","14":"outofstock","15":"taxable","16":"shipping-taxable","17":"product-type-simple","18":"add-to-wishlist-before_image"},"yoast_head":"<!-- This site is optimized with the Yoast SEO plugin v27.3 - https:\/\/yoast.com\/product\/yoast-seo-wordpress\/ -->\n<title>Explore the 22ct Gold Floral Dome Statement Ring | PureJewels<\/title>\n<meta name=\"description\" content=\"Shop the 22ct Gold Floral Dome Statement Ring featuring intricate filigree detailing and a bold floral design. A striking gold ring crafted for bridal and special occasions.\" \/>\n<meta name=\"robots\" content=\"index, follow, max-snippet:-1, max-image-preview:large, max-video-preview:-1\" \/>\n<link rel=\"canonical\" href=\"https:\/\/www.purejewels.com\/tr\/urun\/22-ayar-altin-gelin-yuzugu-33385\/\" \/>\n<meta property=\"og:locale\" content=\"tr_TR\" \/>\n<meta property=\"og:type\" content=\"article\" \/>\n<meta property=\"og:title\" content=\"Explore the 22ct Gold Floral Dome Statement Ring | PureJewels\" \/>\n<meta property=\"og:description\" content=\"Shop the 22ct Gold Floral Dome Statement Ring featuring intricate filigree detailing and a bold floral design. A striking gold ring crafted for bridal and special occasions.\" \/>\n<meta property=\"og:url\" content=\"https:\/\/www.purejewels.com\/tr\/urun\/22-ayar-altin-gelin-yuzugu-33385\/\" \/>\n<meta property=\"og:site_name\" content=\"PureJewels UK\" \/>\n<meta property=\"article:modified_time\" content=\"2026-03-17T04:38:19+00:00\" \/>\n<meta property=\"og:image\" content=\"https:\/\/static.purejewels.com\/wp-content\/uploads\/2020\/10\/image187714445.jpg\" \/>\n\t<meta property=\"og:image:width\" content=\"1000\" \/>\n\t<meta property=\"og:image:height\" content=\"1000\" \/>\n\t<meta property=\"og:image:type\" content=\"image\/jpeg\" \/>\n<meta name=\"twitter:card\" content=\"summary_large_image\" \/>\n<meta name=\"twitter:label1\" content=\"Tahmini okuma s\u00fcresi\" \/>\n\t<meta name=\"twitter:data1\" content=\"2 dakika\" \/>\n<script type=\"application\/ld+json\" class=\"yoast-schema-graph\">{\"@context\":\"https:\\\/\\\/schema.org\",\"@graph\":[{\"@type\":[\"WebPage\",\"ItemPage\"],\"@id\":\"https:\\\/\\\/www.purejewels.com\\\/product\\\/22-carat-gold-bridal-ring-33385\\\/\",\"url\":\"https:\\\/\\\/www.purejewels.com\\\/product\\\/22-carat-gold-bridal-ring-33385\\\/\",\"name\":\"Explore the 22ct Gold Floral Dome Statement Ring | PureJewels\",\"isPartOf\":{\"@id\":\"https:\\\/\\\/www.purejewels.com\\\/#website\"},\"primaryImageOfPage\":{\"@id\":\"https:\\\/\\\/www.purejewels.com\\\/product\\\/22-carat-gold-bridal-ring-33385\\\/#primaryimage\"},\"image\":{\"@id\":\"https:\\\/\\\/www.purejewels.com\\\/product\\\/22-carat-gold-bridal-ring-33385\\\/#primaryimage\"},\"thumbnailUrl\":\"https:\\\/\\\/static.purejewels.com\\\/wp-content\\\/uploads\\\/2020\\\/10\\\/image187714445.jpg\",\"datePublished\":\"2020-10-19T14:50:32+00:00\",\"dateModified\":\"2026-03-17T04:38:19+00:00\",\"description\":\"Shop the 22ct Gold Floral Dome Statement Ring featuring intricate filigree detailing and a bold floral design. A striking gold ring crafted for bridal and special occasions.\",\"breadcrumb\":{\"@id\":\"https:\\\/\\\/www.purejewels.com\\\/product\\\/22-carat-gold-bridal-ring-33385\\\/#breadcrumb\"},\"inLanguage\":\"tr\",\"potentialAction\":[{\"@type\":\"ReadAction\",\"target\":[\"https:\\\/\\\/www.purejewels.com\\\/product\\\/22-carat-gold-bridal-ring-33385\\\/\"]}]},{\"@type\":\"ImageObject\",\"inLanguage\":\"tr\",\"@id\":\"https:\\\/\\\/www.purejewels.com\\\/product\\\/22-carat-gold-bridal-ring-33385\\\/#primaryimage\",\"url\":\"https:\\\/\\\/static.purejewels.com\\\/wp-content\\\/uploads\\\/2020\\\/10\\\/image187714445.jpg\",\"contentUrl\":\"https:\\\/\\\/static.purejewels.com\\\/wp-content\\\/uploads\\\/2020\\\/10\\\/image187714445.jpg\",\"width\":1000,\"height\":1000,\"caption\":\"Jali 22ct Medium Filligree Ring JLRG647\"},{\"@type\":\"BreadcrumbList\",\"@id\":\"https:\\\/\\\/www.purejewels.com\\\/product\\\/22-carat-gold-bridal-ring-33385\\\/#breadcrumb\",\"itemListElement\":[{\"@type\":\"ListItem\",\"position\":1,\"name\":\"Home\",\"item\":\"https:\\\/\\\/www.purejewels.com\\\/\"},{\"@type\":\"ListItem\",\"position\":2,\"name\":\"Shop\",\"item\":\"https:\\\/\\\/www.purejewels.com\\\/shop\\\/\"},{\"@type\":\"ListItem\",\"position\":3,\"name\":\"22ct Gold Floral Dome Statement Ring\"}]},{\"@type\":\"WebSite\",\"@id\":\"https:\\\/\\\/www.purejewels.com\\\/#website\",\"url\":\"https:\\\/\\\/www.purejewels.com\\\/\",\"name\":\"PureJewels UK\",\"description\":\"Share the Love\",\"publisher\":{\"@id\":\"https:\\\/\\\/www.purejewels.com\\\/#organization\"},\"potentialAction\":[{\"@type\":\"SearchAction\",\"target\":{\"@type\":\"EntryPoint\",\"urlTemplate\":\"https:\\\/\\\/www.purejewels.com\\\/?s={search_term_string}\"},\"query-input\":{\"@type\":\"PropertyValueSpecification\",\"valueRequired\":true,\"valueName\":\"search_term_string\"}}],\"inLanguage\":\"tr\"},{\"@type\":\"Organization\",\"@id\":\"https:\\\/\\\/www.purejewels.com\\\/#organization\",\"name\":\"PureJewels UK\",\"url\":\"https:\\\/\\\/www.purejewels.com\\\/\",\"logo\":{\"@type\":\"ImageObject\",\"inLanguage\":\"tr\",\"@id\":\"https:\\\/\\\/www.purejewels.com\\\/#\\\/schema\\\/logo\\\/image\\\/\",\"url\":\"https:\\\/\\\/static.purejewels.com\\\/wp-content\\\/uploads\\\/2020\\\/11\\\/Logo-PJ-New-1.png\",\"contentUrl\":\"https:\\\/\\\/static.purejewels.com\\\/wp-content\\\/uploads\\\/2020\\\/11\\\/Logo-PJ-New-1.png\",\"width\":150,\"height\":80,\"caption\":\"PureJewels UK\"},\"image\":{\"@id\":\"https:\\\/\\\/www.purejewels.com\\\/#\\\/schema\\\/logo\\\/image\\\/\"}}]}<\/script>\n<!-- \/ Yoast SEO plugin. -->","yoast_head_json":{"title":"22 Ayar Alt\u0131n \u00c7i\u00e7ekli Kubbe Y\u00fcz\u00fc\u011f\u00fc ke\u015ffedin | PureJewels","description":"Karma\u015f\u0131k telkari detaylara ve cesur bir \u00e7i\u00e7ek tasar\u0131m\u0131na sahip 22 Ayar Alt\u0131n Floral Dome Statement Y\u00fcz\u00fc\u011f\u00fc sat\u0131n al\u0131n. Gelin ve \u00f6zel g\u00fcnler i\u00e7in haz\u0131rlanm\u0131\u015f \u00e7arp\u0131c\u0131 bir alt\u0131n y\u00fcz\u00fck.","robots":{"index":"index","follow":"follow","max-snippet":"max-snippet:-1","max-image-preview":"max-image-preview:large","max-video-preview":"max-video-preview:-1"},"canonical":"https:\/\/www.purejewels.com\/tr\/urun\/22-ayar-altin-gelin-yuzugu-33385\/","og_locale":"tr_TR","og_type":"article","og_title":"Explore the 22ct Gold Floral Dome Statement Ring | PureJewels","og_description":"Shop the 22ct Gold Floral Dome Statement Ring featuring intricate filigree detailing and a bold floral design. A striking gold ring crafted for bridal and special occasions.","og_url":"https:\/\/www.purejewels.com\/tr\/urun\/22-ayar-altin-gelin-yuzugu-33385\/","og_site_name":"PureJewels UK","article_modified_time":"2026-03-17T04:38:19+00:00","og_image":[{"width":1000,"height":1000,"url":"https:\/\/static.purejewels.com\/wp-content\/uploads\/2020\/10\/image187714445.jpg","type":"image\/jpeg"}],"twitter_card":"summary_large_image","twitter_misc":{"Tahmini okuma s\u00fcresi":"2 dakika"},"schema":{"@context":"https:\/\/schema.org","@graph":[{"@type":["WebPage","ItemPage"],"@id":"https:\/\/www.purejewels.com\/product\/22-carat-gold-bridal-ring-33385\/","url":"https:\/\/www.purejewels.com\/product\/22-carat-gold-bridal-ring-33385\/","name":"22 Ayar Alt\u0131n \u00c7i\u00e7ekli Kubbe Y\u00fcz\u00fc\u011f\u00fc ke\u015ffedin | PureJewels","isPartOf":{"@id":"https:\/\/www.purejewels.com\/#website"},"primaryImageOfPage":{"@id":"https:\/\/www.purejewels.com\/product\/22-carat-gold-bridal-ring-33385\/#primaryimage"},"image":{"@id":"https:\/\/www.purejewels.com\/product\/22-carat-gold-bridal-ring-33385\/#primaryimage"},"thumbnailUrl":"https:\/\/static.purejewels.com\/wp-content\/uploads\/2020\/10\/image187714445.jpg","datePublished":"2020-10-19T14:50:32+00:00","dateModified":"2026-03-17T04:38:19+00:00","description":"Karma\u015f\u0131k telkari detaylara ve cesur bir \u00e7i\u00e7ek tasar\u0131m\u0131na sahip 22 Ayar Alt\u0131n Floral Dome Statement Y\u00fcz\u00fc\u011f\u00fc sat\u0131n al\u0131n. Gelin ve \u00f6zel g\u00fcnler i\u00e7in haz\u0131rlanm\u0131\u015f \u00e7arp\u0131c\u0131 bir alt\u0131n y\u00fcz\u00fck.","breadcrumb":{"@id":"https:\/\/www.purejewels.com\/product\/22-carat-gold-bridal-ring-33385\/#breadcrumb"},"inLanguage":"tr","potentialAction":[{"@type":"ReadAction","target":["https:\/\/www.purejewels.com\/product\/22-carat-gold-bridal-ring-33385\/"]}]},{"@type":"ImageObject","inLanguage":"tr","@id":"https:\/\/www.purejewels.com\/product\/22-carat-gold-bridal-ring-33385\/#primaryimage","url":"https:\/\/static.purejewels.com\/wp-content\/uploads\/2020\/10\/image187714445.jpg","contentUrl":"https:\/\/static.purejewels.com\/wp-content\/uploads\/2020\/10\/image187714445.jpg","width":1000,"height":1000,"caption":"Jali 22ct Medium Filligree Ring JLRG647"},{"@type":"BreadcrumbList","@id":"https:\/\/www.purejewels.com\/product\/22-carat-gold-bridal-ring-33385\/#breadcrumb","itemListElement":[{"@type":"ListItem","position":1,"name":"Home","item":"https:\/\/www.purejewels.com\/"},{"@type":"ListItem","position":2,"name":"Shop","item":"https:\/\/www.purejewels.com\/shop\/"},{"@type":"ListItem","position":3,"name":"22ct Gold Floral Dome Statement Ring"}]},{"@type":"WebSite","@id":"https:\/\/www.purejewels.com\/#website","url":"https:\/\/www.purejewels.com\/","name":"PureJewels \u0130ngiltere","description":"Sevgiyi Payla\u015f\u0131n","publisher":{"@id":"https:\/\/www.purejewels.com\/#organization"},"potentialAction":[{"@type":"SearchAction","target":{"@type":"EntryPoint","urlTemplate":"https:\/\/www.purejewels.com\/?s={search_term_string}"},"query-input":{"@type":"PropertyValueSpecification","valueRequired":true,"valueName":"search_term_string"}}],"inLanguage":"tr"},{"@type":"Organization","@id":"https:\/\/www.purejewels.com\/#organization","name":"PureJewels \u0130ngiltere","url":"https:\/\/www.purejewels.com\/","logo":{"@type":"ImageObject","inLanguage":"tr","@id":"https:\/\/www.purejewels.com\/#\/schema\/logo\/image\/","url":"https:\/\/static.purejewels.com\/wp-content\/uploads\/2020\/11\/Logo-PJ-New-1.png","contentUrl":"https:\/\/static.purejewels.com\/wp-content\/uploads\/2020\/11\/Logo-PJ-New-1.png","width":150,"height":80,"caption":"PureJewels UK"},"image":{"@id":"https:\/\/www.purejewels.com\/#\/schema\/logo\/image\/"}}]}},"_links":{"self":[{"href":"https:\/\/www.purejewels.com\/tr\/wp-json\/wp\/v2\/product\/318343","targetHints":{"allow":["GET"]}}],"collection":[{"href":"https:\/\/www.purejewels.com\/tr\/wp-json\/wp\/v2\/product"}],"about":[{"href":"https:\/\/www.purejewels.com\/tr\/wp-json\/wp\/v2\/types\/product"}],"replies":[{"embeddable":true,"href":"https:\/\/www.purejewels.com\/tr\/wp-json\/wp\/v2\/comments?post=318343"}],"version-history":[{"count":3,"href":"https:\/\/www.purejewels.com\/tr\/wp-json\/wp\/v2\/product\/318343\/revisions"}],"predecessor-version":[{"id":427205,"href":"https:\/\/www.purejewels.com\/tr\/wp-json\/wp\/v2\/product\/318343\/revisions\/427205"}],"wp:featuredmedia":[{"embeddable":true,"href":"https:\/\/www.purejewels.com\/tr\/wp-json\/wp\/v2\/media\/318345"}],"wp:attachment":[{"href":"https:\/\/www.purejewels.com\/tr\/wp-json\/wp\/v2\/media?parent=318343"}],"wp:term":[{"taxonomy":"product_brand","embeddable":true,"href":"https:\/\/www.purejewels.com\/tr\/wp-json\/wp\/v2\/product_brand?post=318343"},{"taxonomy":"product_cat","embeddable":true,"href":"https:\/\/www.purejewels.com\/tr\/wp-json\/wp\/v2\/product_cat?post=318343"},{"taxonomy":"product_tag","embeddable":true,"href":"https:\/\/www.purejewels.com\/tr\/wp-json\/wp\/v2\/product_tag?post=318343"}],"curies":[{"name":"wp","href":"https:\/\/api.w.org\/{rel}","templated":true}]}}