{"id":318352,"date":"2020-10-20T05:45:29","date_gmt":"2020-10-20T04:45:29","guid":{"rendered":"https:\/\/www.purejewels.com\/product\/jali-collection-22ct-gold-ring-4-5gm\/"},"modified":"2026-01-07T05:15:41","modified_gmt":"2026-01-07T05:15:41","slug":"22-ayar-altin-spiral-telkari-yuzuk-3336222-ayar-altin-spiral-telkari-yuzuk-33362","status":"publish","type":"product","link":"https:\/\/www.purejewels.com\/tr\/product\/22ct-gold-spiral-filigree-ring-3336222ct-gold-spiral-filigree-ring-33362\/","title":{"rendered":"22 Ayar Alt\u0131n Spiral Telkari Y\u00fcz\u00fck"},"content":{"rendered":"<p>&nbsp;<\/p>\n<ul>\n<li>A\u011f\u0131rl\u0131k 4,5 gms<\/li>\n<li>SKU.  33362<\/li>\n<\/ul>","protected":false},"excerpt":{"rendered":"<ul>\n<li>Telkari Tasar\u0131ml\u0131 22 Ayar Alt\u0131n Bayan Y\u00fcz\u00fck<\/li>\n<li>Y\u00fcz\u00fck \u00d6l\u00e7\u00fcs\u00fc. N<\/li>\n<li>Y\u00fcz\u00fck a\u011f\u0131rl\u0131\u011f\u0131 4,5 gms<\/li>\n<li>SKU.  33362<\/li>\n<li>Londra Tahlil Ofisi Taraf\u0131ndan Damgalanm\u0131\u015f 22 Ayar Alt\u0131n<\/li>\n<li>Sunum Kutusu ile Birlikte Gelir<\/li>\n<li>Teslimat Dahil<\/li>\n<li>T\u00fcm fiyatlara KDV dahildir<\/li>\n<li>Stok durumu ve stokta bulunan benzer tasar\u0131mlar\u0131n daha fazla g\u00f6r\u00fcnt\u00fcs\u00fc i\u00e7in bizimle canl\u0131 sohbet edin<\/li>\n<\/ul>","protected":false},"featured_media":318354,"comment_status":"closed","ping_status":"closed","template":"","meta":{"_eb_attr":"","_crsspst_to_jayantr4sg-hostcom":true},"product_brand":[],"product_cat":[1791,1235,252,1783,1786,1574],"product_tag":[],"class_list":{"0":"post-318352","1":"product","2":"type-product","3":"status-publish","4":"has-post-thumbnail","6":"product_cat-anniversary-gifts","7":"product_cat-gold-rings","8":"product_cat-jali-collections","9":"product_cat-ladies-rings","10":"product_cat-occasional-wear-rings","11":"product_cat-womens-jewellery","13":"first","14":"outofstock","15":"taxable","16":"shipping-taxable","17":"product-type-simple","18":"add-to-wishlist-before_image"},"yoast_head":"<!-- This site is optimized with the Yoast SEO plugin v27.3 - https:\/\/yoast.com\/product\/yoast-seo-wordpress\/ -->\n<title>22ct Gold Spiral Filigree Ring - PureJewels UK<\/title>\n<meta name=\"robots\" content=\"index, follow, max-snippet:-1, max-image-preview:large, max-video-preview:-1\" \/>\n<link rel=\"canonical\" href=\"https:\/\/www.purejewels.com\/tr\/urun\/22-ayar-altin-spiral-telkari-yuzuk-3336222-ayar-altin-spiral-telkari-yuzuk-33362\/\" \/>\n<meta property=\"og:locale\" content=\"tr_TR\" \/>\n<meta property=\"og:type\" content=\"article\" \/>\n<meta property=\"og:title\" content=\"22ct Gold Spiral Filigree Ring - PureJewels UK\" \/>\n<meta property=\"og:description\" content=\"22ct Gold Ladies Ring\u00a0 with filigree design  Ring Size. N  Ring wt. 4.5 gms  SKU.\u00a0 33362  22ct Gold\u00a0Hallmarked by London Assay Office  Comes With Presentation Box  Delivery Included  All prices include VAT  Live chat with us for availability and more images of similar designs currently in stock\" \/>\n<meta property=\"og:url\" content=\"https:\/\/www.purejewels.com\/tr\/urun\/22-ayar-altin-spiral-telkari-yuzuk-3336222-ayar-altin-spiral-telkari-yuzuk-33362\/\" \/>\n<meta property=\"og:site_name\" content=\"PureJewels UK\" \/>\n<meta property=\"article:modified_time\" content=\"2026-01-07T05:15:41+00:00\" \/>\n<meta property=\"og:image\" content=\"https:\/\/www.purejewels.com\/wp-content\/uploads\/2020\/10\/image187764111.jpg\" \/>\n\t<meta property=\"og:image:width\" content=\"1000\" \/>\n\t<meta property=\"og:image:height\" content=\"1000\" \/>\n\t<meta property=\"og:image:type\" content=\"image\/jpeg\" \/>\n<meta name=\"twitter:card\" content=\"summary_large_image\" \/>\n<script type=\"application\/ld+json\" class=\"yoast-schema-graph\">{\"@context\":\"https:\\\/\\\/schema.org\",\"@graph\":[{\"@type\":[\"WebPage\",\"ItemPage\"],\"@id\":\"https:\\\/\\\/www.purejewels.com\\\/product\\\/22ct-gold-spiral-filigree-ring-3336222ct-gold-spiral-filigree-ring-33362\\\/\",\"url\":\"https:\\\/\\\/www.purejewels.com\\\/product\\\/22ct-gold-spiral-filigree-ring-3336222ct-gold-spiral-filigree-ring-33362\\\/\",\"name\":\"22ct Gold Spiral Filigree Ring - PureJewels UK\",\"isPartOf\":{\"@id\":\"https:\\\/\\\/www.purejewels.com\\\/#website\"},\"primaryImageOfPage\":{\"@id\":\"https:\\\/\\\/www.purejewels.com\\\/product\\\/22ct-gold-spiral-filigree-ring-3336222ct-gold-spiral-filigree-ring-33362\\\/#primaryimage\"},\"image\":{\"@id\":\"https:\\\/\\\/www.purejewels.com\\\/product\\\/22ct-gold-spiral-filigree-ring-3336222ct-gold-spiral-filigree-ring-33362\\\/#primaryimage\"},\"thumbnailUrl\":\"https:\\\/\\\/static.purejewels.com\\\/wp-content\\\/uploads\\\/2020\\\/10\\\/image187764111.jpg\",\"datePublished\":\"2020-10-20T04:45:29+00:00\",\"dateModified\":\"2026-01-07T05:15:41+00:00\",\"breadcrumb\":{\"@id\":\"https:\\\/\\\/www.purejewels.com\\\/product\\\/22ct-gold-spiral-filigree-ring-3336222ct-gold-spiral-filigree-ring-33362\\\/#breadcrumb\"},\"inLanguage\":\"tr\",\"potentialAction\":[{\"@type\":\"ReadAction\",\"target\":[\"https:\\\/\\\/www.purejewels.com\\\/product\\\/22ct-gold-spiral-filigree-ring-3336222ct-gold-spiral-filigree-ring-33362\\\/\"]}]},{\"@type\":\"ImageObject\",\"inLanguage\":\"tr\",\"@id\":\"https:\\\/\\\/www.purejewels.com\\\/product\\\/22ct-gold-spiral-filigree-ring-3336222ct-gold-spiral-filigree-ring-33362\\\/#primaryimage\",\"url\":\"https:\\\/\\\/static.purejewels.com\\\/wp-content\\\/uploads\\\/2020\\\/10\\\/image187764111.jpg\",\"contentUrl\":\"https:\\\/\\\/static.purejewels.com\\\/wp-content\\\/uploads\\\/2020\\\/10\\\/image187764111.jpg\",\"width\":1000,\"height\":1000,\"caption\":\"Jali 22ct Light Spiral Filigree Ring JLRG630\"},{\"@type\":\"BreadcrumbList\",\"@id\":\"https:\\\/\\\/www.purejewels.com\\\/product\\\/22ct-gold-spiral-filigree-ring-3336222ct-gold-spiral-filigree-ring-33362\\\/#breadcrumb\",\"itemListElement\":[{\"@type\":\"ListItem\",\"position\":1,\"name\":\"Home\",\"item\":\"https:\\\/\\\/www.purejewels.com\\\/\"},{\"@type\":\"ListItem\",\"position\":2,\"name\":\"Shop\",\"item\":\"https:\\\/\\\/www.purejewels.com\\\/shop\\\/\"},{\"@type\":\"ListItem\",\"position\":3,\"name\":\"22ct Gold Spiral Filigree Ring\"}]},{\"@type\":\"WebSite\",\"@id\":\"https:\\\/\\\/www.purejewels.com\\\/#website\",\"url\":\"https:\\\/\\\/www.purejewels.com\\\/\",\"name\":\"PureJewels UK\",\"description\":\"Share the Love\",\"publisher\":{\"@id\":\"https:\\\/\\\/www.purejewels.com\\\/#organization\"},\"potentialAction\":[{\"@type\":\"SearchAction\",\"target\":{\"@type\":\"EntryPoint\",\"urlTemplate\":\"https:\\\/\\\/www.purejewels.com\\\/?s={search_term_string}\"},\"query-input\":{\"@type\":\"PropertyValueSpecification\",\"valueRequired\":true,\"valueName\":\"search_term_string\"}}],\"inLanguage\":\"tr\"},{\"@type\":\"Organization\",\"@id\":\"https:\\\/\\\/www.purejewels.com\\\/#organization\",\"name\":\"PureJewels UK\",\"url\":\"https:\\\/\\\/www.purejewels.com\\\/\",\"logo\":{\"@type\":\"ImageObject\",\"inLanguage\":\"tr\",\"@id\":\"https:\\\/\\\/www.purejewels.com\\\/#\\\/schema\\\/logo\\\/image\\\/\",\"url\":\"https:\\\/\\\/static.purejewels.com\\\/wp-content\\\/uploads\\\/2020\\\/11\\\/Logo-PJ-New-1.png\",\"contentUrl\":\"https:\\\/\\\/static.purejewels.com\\\/wp-content\\\/uploads\\\/2020\\\/11\\\/Logo-PJ-New-1.png\",\"width\":150,\"height\":80,\"caption\":\"PureJewels UK\"},\"image\":{\"@id\":\"https:\\\/\\\/www.purejewels.com\\\/#\\\/schema\\\/logo\\\/image\\\/\"}}]}<\/script>\n<!-- \/ Yoast SEO plugin. -->","yoast_head_json":{"title":"22 Ayar Alt\u0131n Spiral Telkari Y\u00fcz\u00fck - PureJewels UK","robots":{"index":"index","follow":"follow","max-snippet":"max-snippet:-1","max-image-preview":"max-image-preview:large","max-video-preview":"max-video-preview:-1"},"canonical":"https:\/\/www.purejewels.com\/tr\/urun\/22-ayar-altin-spiral-telkari-yuzuk-3336222-ayar-altin-spiral-telkari-yuzuk-33362\/","og_locale":"tr_TR","og_type":"article","og_title":"22ct Gold Spiral Filigree Ring - PureJewels UK","og_description":"22ct Gold Ladies Ring\u00a0 with filigree design  Ring Size. N  Ring wt. 4.5 gms  SKU.\u00a0 33362  22ct Gold\u00a0Hallmarked by London Assay Office  Comes With Presentation Box  Delivery Included  All prices include VAT  Live chat with us for availability and more images of similar designs currently in stock","og_url":"https:\/\/www.purejewels.com\/tr\/urun\/22-ayar-altin-spiral-telkari-yuzuk-3336222-ayar-altin-spiral-telkari-yuzuk-33362\/","og_site_name":"PureJewels UK","article_modified_time":"2026-01-07T05:15:41+00:00","og_image":[{"width":1000,"height":1000,"url":"https:\/\/www.purejewels.com\/wp-content\/uploads\/2020\/10\/image187764111.jpg","type":"image\/jpeg"}],"twitter_card":"summary_large_image","schema":{"@context":"https:\/\/schema.org","@graph":[{"@type":["WebPage","ItemPage"],"@id":"https:\/\/www.purejewels.com\/product\/22ct-gold-spiral-filigree-ring-3336222ct-gold-spiral-filigree-ring-33362\/","url":"https:\/\/www.purejewels.com\/product\/22ct-gold-spiral-filigree-ring-3336222ct-gold-spiral-filigree-ring-33362\/","name":"22 Ayar Alt\u0131n Spiral Telkari Y\u00fcz\u00fck - PureJewels UK","isPartOf":{"@id":"https:\/\/www.purejewels.com\/#website"},"primaryImageOfPage":{"@id":"https:\/\/www.purejewels.com\/product\/22ct-gold-spiral-filigree-ring-3336222ct-gold-spiral-filigree-ring-33362\/#primaryimage"},"image":{"@id":"https:\/\/www.purejewels.com\/product\/22ct-gold-spiral-filigree-ring-3336222ct-gold-spiral-filigree-ring-33362\/#primaryimage"},"thumbnailUrl":"https:\/\/static.purejewels.com\/wp-content\/uploads\/2020\/10\/image187764111.jpg","datePublished":"2020-10-20T04:45:29+00:00","dateModified":"2026-01-07T05:15:41+00:00","breadcrumb":{"@id":"https:\/\/www.purejewels.com\/product\/22ct-gold-spiral-filigree-ring-3336222ct-gold-spiral-filigree-ring-33362\/#breadcrumb"},"inLanguage":"tr","potentialAction":[{"@type":"ReadAction","target":["https:\/\/www.purejewels.com\/product\/22ct-gold-spiral-filigree-ring-3336222ct-gold-spiral-filigree-ring-33362\/"]}]},{"@type":"ImageObject","inLanguage":"tr","@id":"https:\/\/www.purejewels.com\/product\/22ct-gold-spiral-filigree-ring-3336222ct-gold-spiral-filigree-ring-33362\/#primaryimage","url":"https:\/\/static.purejewels.com\/wp-content\/uploads\/2020\/10\/image187764111.jpg","contentUrl":"https:\/\/static.purejewels.com\/wp-content\/uploads\/2020\/10\/image187764111.jpg","width":1000,"height":1000,"caption":"Jali 22ct Light Spiral Filigree Ring JLRG630"},{"@type":"BreadcrumbList","@id":"https:\/\/www.purejewels.com\/product\/22ct-gold-spiral-filigree-ring-3336222ct-gold-spiral-filigree-ring-33362\/#breadcrumb","itemListElement":[{"@type":"ListItem","position":1,"name":"Home","item":"https:\/\/www.purejewels.com\/"},{"@type":"ListItem","position":2,"name":"Shop","item":"https:\/\/www.purejewels.com\/shop\/"},{"@type":"ListItem","position":3,"name":"22ct Gold Spiral Filigree Ring"}]},{"@type":"WebSite","@id":"https:\/\/www.purejewels.com\/#website","url":"https:\/\/www.purejewels.com\/","name":"PureJewels \u0130ngiltere","description":"Sevgiyi Payla\u015f\u0131n","publisher":{"@id":"https:\/\/www.purejewels.com\/#organization"},"potentialAction":[{"@type":"SearchAction","target":{"@type":"EntryPoint","urlTemplate":"https:\/\/www.purejewels.com\/?s={search_term_string}"},"query-input":{"@type":"PropertyValueSpecification","valueRequired":true,"valueName":"search_term_string"}}],"inLanguage":"tr"},{"@type":"Organization","@id":"https:\/\/www.purejewels.com\/#organization","name":"PureJewels \u0130ngiltere","url":"https:\/\/www.purejewels.com\/","logo":{"@type":"ImageObject","inLanguage":"tr","@id":"https:\/\/www.purejewels.com\/#\/schema\/logo\/image\/","url":"https:\/\/static.purejewels.com\/wp-content\/uploads\/2020\/11\/Logo-PJ-New-1.png","contentUrl":"https:\/\/static.purejewels.com\/wp-content\/uploads\/2020\/11\/Logo-PJ-New-1.png","width":150,"height":80,"caption":"PureJewels UK"},"image":{"@id":"https:\/\/www.purejewels.com\/#\/schema\/logo\/image\/"}}]}},"_links":{"self":[{"href":"https:\/\/www.purejewels.com\/tr\/wp-json\/wp\/v2\/product\/318352","targetHints":{"allow":["GET"]}}],"collection":[{"href":"https:\/\/www.purejewels.com\/tr\/wp-json\/wp\/v2\/product"}],"about":[{"href":"https:\/\/www.purejewels.com\/tr\/wp-json\/wp\/v2\/types\/product"}],"replies":[{"embeddable":true,"href":"https:\/\/www.purejewels.com\/tr\/wp-json\/wp\/v2\/comments?post=318352"}],"version-history":[{"count":1,"href":"https:\/\/www.purejewels.com\/tr\/wp-json\/wp\/v2\/product\/318352\/revisions"}],"predecessor-version":[{"id":385572,"href":"https:\/\/www.purejewels.com\/tr\/wp-json\/wp\/v2\/product\/318352\/revisions\/385572"}],"wp:featuredmedia":[{"embeddable":true,"href":"https:\/\/www.purejewels.com\/tr\/wp-json\/wp\/v2\/media\/318354"}],"wp:attachment":[{"href":"https:\/\/www.purejewels.com\/tr\/wp-json\/wp\/v2\/media?parent=318352"}],"wp:term":[{"taxonomy":"product_brand","embeddable":true,"href":"https:\/\/www.purejewels.com\/tr\/wp-json\/wp\/v2\/product_brand?post=318352"},{"taxonomy":"product_cat","embeddable":true,"href":"https:\/\/www.purejewels.com\/tr\/wp-json\/wp\/v2\/product_cat?post=318352"},{"taxonomy":"product_tag","embeddable":true,"href":"https:\/\/www.purejewels.com\/tr\/wp-json\/wp\/v2\/product_tag?post=318352"}],"curies":[{"name":"wp","href":"https:\/\/api.w.org\/{rel}","templated":true}]}}