{"id":318355,"date":"2020-10-20T05:54:31","date_gmt":"2020-10-20T04:54:31","guid":{"rendered":"https:\/\/www.purejewels.com\/product\/jali-collection-22ct-gold-ring-3-3gm\/"},"modified":"2026-01-07T06:43:30","modified_gmt":"2026-01-07T06:43:30","slug":"jali-22-ayar-altin-spiral-telkari-yuzuk-33365","status":"publish","type":"product","link":"https:\/\/www.purejewels.com\/tr\/product\/jali-22ct-gold-spiral-filigree-ring-33365\/","title":{"rendered":"Jali 22 Ayar Alt\u0131n Spiral Telkari Y\u00fcz\u00fck"},"content":{"rendered":"<p>Kar\u015f\u0131n\u0131zda Jali Telkari Koleksiyonumuzdan \u00e7arp\u0131c\u0131 bir par\u00e7a olan zarif Jali 22 Ayar Alt\u0131n Spiral Telkari Y\u00fcz\u00fck. Bu karma\u015f\u0131k y\u00fcz\u00fck, l\u00fcks bir g\u00f6r\u00fcn\u00fcm i\u00e7in 22 ayar alt\u0131ndan \u00fcretilmi\u015f g\u00fczel bir telkari tasar\u0131ma sahiptir. Spiral tasar\u0131m\u0131 bu par\u00e7aya zarafet ve sofistike bir dokunu\u015f katarak onu her durum i\u00e7in m\u00fckemmel bir aksesuar haline getiriyor.<\/p>\n<p>Bu y\u00fcz\u00fck L1\/2 beden ve 3,3 gram a\u011f\u0131rl\u0131\u011f\u0131nda olup g\u00fcnl\u00fck kullan\u0131m i\u00e7in rahat ve hafif bir se\u00e7enektir. Her bir y\u00fcz\u00fck Londra Assay Ofisi taraf\u0131ndan damgalanarak orijinalli\u011fi ve kalitesi garanti alt\u0131na al\u0131nm\u0131\u015ft\u0131r. Sunum kutusunda g\u00fczel bir \u015fekilde sunulan y\u00fcz\u00fck, sevdikleriniz i\u00e7in ideal bir hediyedir.<\/p>\n<p>Sat\u0131n alma i\u015fleminizin korundu\u011funu ve g\u00fcvende oldu\u011funu bilerek g\u00fcvenle al\u0131\u015fveri\u015f yap\u0131n. Bu \u00e7arp\u0131c\u0131 Jali 22 Ayar Alt\u0131n Spiral Telkari Y\u00fcz\u00fc\u011f\u00fc ka\u00e7\u0131rmay\u0131n - bug\u00fcn sipari\u015f verin!<\/p>","protected":false},"excerpt":{"rendered":"<ul>\n<li>Telkari Tasar\u0131ml\u0131 22 Ayar Alt\u0131n Bayan Y\u00fcz\u00fck<\/li>\n<li>Y\u00fcz\u00fck \u00d6l\u00e7\u00fcs\u00fc. L 1\/2<\/li>\n<li>Y\u00fcz\u00fck a\u011f\u0131rl\u0131\u011f\u0131 3,3 gms<\/li>\n<li>SKU.  33365<\/li>\n<li>Londra Tahlil Ofisi Taraf\u0131ndan Damgalanm\u0131\u015f 22 Ayar Alt\u0131n<\/li>\n<li>Sunum Kutusu ile Birlikte Gelir<\/li>\n<li>Teslimat Dahil<\/li>\n<li>T\u00fcm fiyatlara KDV dahildir<\/li>\n<li>Stok durumu ve stokta bulunan benzer tasar\u0131mlar\u0131n daha fazla g\u00f6r\u00fcnt\u00fcs\u00fc i\u00e7in bizimle canl\u0131 sohbet edin<\/li>\n<\/ul>","protected":false},"featured_media":318357,"comment_status":"closed","ping_status":"closed","template":"","meta":{"_eb_attr":"","_crsspst_to_jayantr4sg-hostcom":true},"product_brand":[],"product_cat":[1785,252,1783,1574],"product_tag":[],"class_list":{"0":"post-318355","1":"product","2":"type-product","3":"status-publish","4":"has-post-thumbnail","6":"product_cat-daily-wear-rings","7":"product_cat-jali-collections","8":"product_cat-ladies-rings","9":"product_cat-womens-jewellery","11":"first","12":"outofstock","13":"sale","14":"taxable","15":"shipping-taxable","16":"product-type-simple","17":"add-to-wishlist-before_image"},"yoast_head":"<!-- This site is optimized with the Yoast SEO plugin v27.3 - https:\/\/yoast.com\/product\/yoast-seo-wordpress\/ -->\n<title>Jali 22ct Gold Spiral Filigree Ring | Size L1\/2 | PureJewels UK<\/title>\n<meta name=\"description\" content=\"Order your Jali 22ct gold spiral filigree ring in size L1\/2 today and add a touch of luxury to your look! Free delivery across UK.\" \/>\n<meta name=\"robots\" content=\"index, follow, max-snippet:-1, max-image-preview:large, max-video-preview:-1\" \/>\n<link rel=\"canonical\" href=\"https:\/\/www.purejewels.com\/tr\/urun\/jali-22-ayar-altin-spiral-telkari-yuzuk-33365\/\" \/>\n<meta property=\"og:locale\" content=\"tr_TR\" \/>\n<meta property=\"og:type\" content=\"article\" \/>\n<meta property=\"og:title\" content=\"Jali 22ct Gold Spiral Filigree Ring | Size L1\/2 | PureJewels UK\" \/>\n<meta property=\"og:description\" content=\"Order your Jali 22ct gold spiral filigree ring in size L1\/2 today and add a touch of luxury to your look! Free delivery across UK.\" \/>\n<meta property=\"og:url\" content=\"https:\/\/www.purejewels.com\/tr\/urun\/jali-22-ayar-altin-spiral-telkari-yuzuk-33365\/\" \/>\n<meta property=\"og:site_name\" content=\"PureJewels UK\" \/>\n<meta property=\"article:modified_time\" content=\"2026-01-07T06:43:30+00:00\" \/>\n<meta property=\"og:image\" content=\"https:\/\/www.purejewels.com\/wp-content\/uploads\/2020\/10\/image187765824.jpg\" \/>\n\t<meta property=\"og:image:width\" content=\"1000\" \/>\n\t<meta property=\"og:image:height\" content=\"1000\" \/>\n\t<meta property=\"og:image:type\" content=\"image\/jpeg\" \/>\n<meta name=\"twitter:card\" content=\"summary_large_image\" \/>\n<meta name=\"twitter:label1\" content=\"Tahmini okuma s\u00fcresi\" \/>\n\t<meta name=\"twitter:data1\" content=\"1 dakika\" \/>\n<script type=\"application\/ld+json\" class=\"yoast-schema-graph\">{\"@context\":\"https:\\\/\\\/schema.org\",\"@graph\":[{\"@type\":[\"WebPage\",\"ItemPage\"],\"@id\":\"https:\\\/\\\/www.purejewels.com\\\/product\\\/jali-22ct-gold-spiral-filigree-ring-33365\\\/\",\"url\":\"https:\\\/\\\/www.purejewels.com\\\/product\\\/jali-22ct-gold-spiral-filigree-ring-33365\\\/\",\"name\":\"Jali 22ct Gold Spiral Filigree Ring | Size L1\\\/2 | PureJewels UK\",\"isPartOf\":{\"@id\":\"https:\\\/\\\/www.purejewels.com\\\/#website\"},\"primaryImageOfPage\":{\"@id\":\"https:\\\/\\\/www.purejewels.com\\\/product\\\/jali-22ct-gold-spiral-filigree-ring-33365\\\/#primaryimage\"},\"image\":{\"@id\":\"https:\\\/\\\/www.purejewels.com\\\/product\\\/jali-22ct-gold-spiral-filigree-ring-33365\\\/#primaryimage\"},\"thumbnailUrl\":\"https:\\\/\\\/static.purejewels.com\\\/wp-content\\\/uploads\\\/2020\\\/10\\\/image187765824.jpg\",\"datePublished\":\"2020-10-20T04:54:31+00:00\",\"dateModified\":\"2026-01-07T06:43:30+00:00\",\"description\":\"Order your Jali 22ct gold spiral filigree ring in size L1\\\/2 today and add a touch of luxury to your look! Free delivery across UK.\",\"breadcrumb\":{\"@id\":\"https:\\\/\\\/www.purejewels.com\\\/product\\\/jali-22ct-gold-spiral-filigree-ring-33365\\\/#breadcrumb\"},\"inLanguage\":\"tr\",\"potentialAction\":[{\"@type\":\"ReadAction\",\"target\":[\"https:\\\/\\\/www.purejewels.com\\\/product\\\/jali-22ct-gold-spiral-filigree-ring-33365\\\/\"]}]},{\"@type\":\"ImageObject\",\"inLanguage\":\"tr\",\"@id\":\"https:\\\/\\\/www.purejewels.com\\\/product\\\/jali-22ct-gold-spiral-filigree-ring-33365\\\/#primaryimage\",\"url\":\"https:\\\/\\\/static.purejewels.com\\\/wp-content\\\/uploads\\\/2020\\\/10\\\/image187765824.jpg\",\"contentUrl\":\"https:\\\/\\\/static.purejewels.com\\\/wp-content\\\/uploads\\\/2020\\\/10\\\/image187765824.jpg\",\"width\":1000,\"height\":1000,\"caption\":\"Jali 22ct Light Spiral Filigree Ring JLRG632\"},{\"@type\":\"BreadcrumbList\",\"@id\":\"https:\\\/\\\/www.purejewels.com\\\/product\\\/jali-22ct-gold-spiral-filigree-ring-33365\\\/#breadcrumb\",\"itemListElement\":[{\"@type\":\"ListItem\",\"position\":1,\"name\":\"Home\",\"item\":\"https:\\\/\\\/www.purejewels.com\\\/\"},{\"@type\":\"ListItem\",\"position\":2,\"name\":\"Shop\",\"item\":\"https:\\\/\\\/www.purejewels.com\\\/shop\\\/\"},{\"@type\":\"ListItem\",\"position\":3,\"name\":\"Jali 22ct Gold Spiral Filigree Ring\"}]},{\"@type\":\"WebSite\",\"@id\":\"https:\\\/\\\/www.purejewels.com\\\/#website\",\"url\":\"https:\\\/\\\/www.purejewels.com\\\/\",\"name\":\"PureJewels UK\",\"description\":\"Share the Love\",\"publisher\":{\"@id\":\"https:\\\/\\\/www.purejewels.com\\\/#organization\"},\"potentialAction\":[{\"@type\":\"SearchAction\",\"target\":{\"@type\":\"EntryPoint\",\"urlTemplate\":\"https:\\\/\\\/www.purejewels.com\\\/?s={search_term_string}\"},\"query-input\":{\"@type\":\"PropertyValueSpecification\",\"valueRequired\":true,\"valueName\":\"search_term_string\"}}],\"inLanguage\":\"tr\"},{\"@type\":\"Organization\",\"@id\":\"https:\\\/\\\/www.purejewels.com\\\/#organization\",\"name\":\"PureJewels UK\",\"url\":\"https:\\\/\\\/www.purejewels.com\\\/\",\"logo\":{\"@type\":\"ImageObject\",\"inLanguage\":\"tr\",\"@id\":\"https:\\\/\\\/www.purejewels.com\\\/#\\\/schema\\\/logo\\\/image\\\/\",\"url\":\"https:\\\/\\\/static.purejewels.com\\\/wp-content\\\/uploads\\\/2020\\\/11\\\/Logo-PJ-New-1.png\",\"contentUrl\":\"https:\\\/\\\/static.purejewels.com\\\/wp-content\\\/uploads\\\/2020\\\/11\\\/Logo-PJ-New-1.png\",\"width\":150,\"height\":80,\"caption\":\"PureJewels UK\"},\"image\":{\"@id\":\"https:\\\/\\\/www.purejewels.com\\\/#\\\/schema\\\/logo\\\/image\\\/\"}}]}<\/script>\n<!-- \/ Yoast SEO plugin. -->","yoast_head_json":{"title":"Jali 22 Ayar Alt\u0131n Spiral Telkari Y\u00fcz\u00fck | L1\/2 Beden | PureJewels UK","description":"Jali 22 ayar alt\u0131n spiral telkari y\u00fcz\u00fc\u011f\u00fcn\u00fcz\u00fc L1\/2 beden olarak bug\u00fcn sipari\u015f edin ve g\u00f6r\u00fcn\u00fcm\u00fcn\u00fcze l\u00fcks bir dokunu\u015f kat\u0131n! \u0130ngiltere genelinde \u00fccretsiz teslimat.","robots":{"index":"index","follow":"follow","max-snippet":"max-snippet:-1","max-image-preview":"max-image-preview:large","max-video-preview":"max-video-preview:-1"},"canonical":"https:\/\/www.purejewels.com\/tr\/urun\/jali-22-ayar-altin-spiral-telkari-yuzuk-33365\/","og_locale":"tr_TR","og_type":"article","og_title":"Jali 22ct Gold Spiral Filigree Ring | Size L1\/2 | PureJewels UK","og_description":"Order your Jali 22ct gold spiral filigree ring in size L1\/2 today and add a touch of luxury to your look! Free delivery across UK.","og_url":"https:\/\/www.purejewels.com\/tr\/urun\/jali-22-ayar-altin-spiral-telkari-yuzuk-33365\/","og_site_name":"PureJewels UK","article_modified_time":"2026-01-07T06:43:30+00:00","og_image":[{"width":1000,"height":1000,"url":"https:\/\/www.purejewels.com\/wp-content\/uploads\/2020\/10\/image187765824.jpg","type":"image\/jpeg"}],"twitter_card":"summary_large_image","twitter_misc":{"Tahmini okuma s\u00fcresi":"1 dakika"},"schema":{"@context":"https:\/\/schema.org","@graph":[{"@type":["WebPage","ItemPage"],"@id":"https:\/\/www.purejewels.com\/product\/jali-22ct-gold-spiral-filigree-ring-33365\/","url":"https:\/\/www.purejewels.com\/product\/jali-22ct-gold-spiral-filigree-ring-33365\/","name":"Jali 22 Ayar Alt\u0131n Spiral Telkari Y\u00fcz\u00fck | L1\/2 Beden | PureJewels UK","isPartOf":{"@id":"https:\/\/www.purejewels.com\/#website"},"primaryImageOfPage":{"@id":"https:\/\/www.purejewels.com\/product\/jali-22ct-gold-spiral-filigree-ring-33365\/#primaryimage"},"image":{"@id":"https:\/\/www.purejewels.com\/product\/jali-22ct-gold-spiral-filigree-ring-33365\/#primaryimage"},"thumbnailUrl":"https:\/\/static.purejewels.com\/wp-content\/uploads\/2020\/10\/image187765824.jpg","datePublished":"2020-10-20T04:54:31+00:00","dateModified":"2026-01-07T06:43:30+00:00","description":"Jali 22 ayar alt\u0131n spiral telkari y\u00fcz\u00fc\u011f\u00fcn\u00fcz\u00fc L1\/2 beden olarak bug\u00fcn sipari\u015f edin ve g\u00f6r\u00fcn\u00fcm\u00fcn\u00fcze l\u00fcks bir dokunu\u015f kat\u0131n! \u0130ngiltere genelinde \u00fccretsiz teslimat.","breadcrumb":{"@id":"https:\/\/www.purejewels.com\/product\/jali-22ct-gold-spiral-filigree-ring-33365\/#breadcrumb"},"inLanguage":"tr","potentialAction":[{"@type":"ReadAction","target":["https:\/\/www.purejewels.com\/product\/jali-22ct-gold-spiral-filigree-ring-33365\/"]}]},{"@type":"ImageObject","inLanguage":"tr","@id":"https:\/\/www.purejewels.com\/product\/jali-22ct-gold-spiral-filigree-ring-33365\/#primaryimage","url":"https:\/\/static.purejewels.com\/wp-content\/uploads\/2020\/10\/image187765824.jpg","contentUrl":"https:\/\/static.purejewels.com\/wp-content\/uploads\/2020\/10\/image187765824.jpg","width":1000,"height":1000,"caption":"Jali 22ct Light Spiral Filigree Ring JLRG632"},{"@type":"BreadcrumbList","@id":"https:\/\/www.purejewels.com\/product\/jali-22ct-gold-spiral-filigree-ring-33365\/#breadcrumb","itemListElement":[{"@type":"ListItem","position":1,"name":"Home","item":"https:\/\/www.purejewels.com\/"},{"@type":"ListItem","position":2,"name":"Shop","item":"https:\/\/www.purejewels.com\/shop\/"},{"@type":"ListItem","position":3,"name":"Jali 22ct Gold Spiral Filigree Ring"}]},{"@type":"WebSite","@id":"https:\/\/www.purejewels.com\/#website","url":"https:\/\/www.purejewels.com\/","name":"PureJewels \u0130ngiltere","description":"Sevgiyi Payla\u015f\u0131n","publisher":{"@id":"https:\/\/www.purejewels.com\/#organization"},"potentialAction":[{"@type":"SearchAction","target":{"@type":"EntryPoint","urlTemplate":"https:\/\/www.purejewels.com\/?s={search_term_string}"},"query-input":{"@type":"PropertyValueSpecification","valueRequired":true,"valueName":"search_term_string"}}],"inLanguage":"tr"},{"@type":"Organization","@id":"https:\/\/www.purejewels.com\/#organization","name":"PureJewels \u0130ngiltere","url":"https:\/\/www.purejewels.com\/","logo":{"@type":"ImageObject","inLanguage":"tr","@id":"https:\/\/www.purejewels.com\/#\/schema\/logo\/image\/","url":"https:\/\/static.purejewels.com\/wp-content\/uploads\/2020\/11\/Logo-PJ-New-1.png","contentUrl":"https:\/\/static.purejewels.com\/wp-content\/uploads\/2020\/11\/Logo-PJ-New-1.png","width":150,"height":80,"caption":"PureJewels UK"},"image":{"@id":"https:\/\/www.purejewels.com\/#\/schema\/logo\/image\/"}}]}},"_links":{"self":[{"href":"https:\/\/www.purejewels.com\/tr\/wp-json\/wp\/v2\/product\/318355","targetHints":{"allow":["GET"]}}],"collection":[{"href":"https:\/\/www.purejewels.com\/tr\/wp-json\/wp\/v2\/product"}],"about":[{"href":"https:\/\/www.purejewels.com\/tr\/wp-json\/wp\/v2\/types\/product"}],"replies":[{"embeddable":true,"href":"https:\/\/www.purejewels.com\/tr\/wp-json\/wp\/v2\/comments?post=318355"}],"version-history":[{"count":3,"href":"https:\/\/www.purejewels.com\/tr\/wp-json\/wp\/v2\/product\/318355\/revisions"}],"predecessor-version":[{"id":420445,"href":"https:\/\/www.purejewels.com\/tr\/wp-json\/wp\/v2\/product\/318355\/revisions\/420445"}],"wp:featuredmedia":[{"embeddable":true,"href":"https:\/\/www.purejewels.com\/tr\/wp-json\/wp\/v2\/media\/318357"}],"wp:attachment":[{"href":"https:\/\/www.purejewels.com\/tr\/wp-json\/wp\/v2\/media?parent=318355"}],"wp:term":[{"taxonomy":"product_brand","embeddable":true,"href":"https:\/\/www.purejewels.com\/tr\/wp-json\/wp\/v2\/product_brand?post=318355"},{"taxonomy":"product_cat","embeddable":true,"href":"https:\/\/www.purejewels.com\/tr\/wp-json\/wp\/v2\/product_cat?post=318355"},{"taxonomy":"product_tag","embeddable":true,"href":"https:\/\/www.purejewels.com\/tr\/wp-json\/wp\/v2\/product_tag?post=318355"}],"curies":[{"name":"wp","href":"https:\/\/api.w.org\/{rel}","templated":true}]}}