{"id":318375,"date":"2020-10-20T07:25:35","date_gmt":"2020-10-20T06:25:35","guid":{"rendered":"https:\/\/www.purejewels.com\/product\/jali-collection-22ct-gold-earring-2-4gm\/"},"modified":"2026-03-31T11:48:36","modified_gmt":"2026-03-31T10:48:36","slug":"jali-22-ayar-altin-saplama-kupe-33373","status":"publish","type":"product","link":"https:\/\/www.purejewels.com\/tr\/product\/jali-22ct-gold-stud-earring-33373\/","title":{"rendered":"22 Ayar Alt\u0131n G\u00f6zya\u015f\u0131 Damlas\u0131 Telkari Jali Saplama K\u00fcpe"},"content":{"rendered":"<p>Bu k\u00fcpeler, tasar\u0131m\u0131 \u00e7er\u00e7eveleyen boncuklu bir d\u0131\u015f kenarla tan\u0131mlanan yumu\u015fak bir g\u00f6zya\u015f\u0131 damlas\u0131 formunda \u015fekillendirilmi\u015ftir. \u0130\u00e7 k\u0131s\u0131mda, dokulu bir taban \u00fczerine narin bir a\u00e7\u0131k motif yerle\u015ftirilerek derinlik ve kontrast yarat\u0131lm\u0131\u015ft\u0131r. Kompozisyon, yap\u0131 ve karma\u015f\u0131kl\u0131\u011f\u0131 dengeleyerek ay\u0131rt edici ancak giyilebilir bir form sunar.<\/p>","protected":false},"excerpt":{"rendered":"<ul>\n<li>22 Ayar Sar\u0131 Alt\u0131n Saplama K\u00fcpe<\/li>\n<li>G\u00fczel Telkari tasar\u0131ml\u0131 k\u00fcpe<\/li>\n<li>A\u011f\u0131rl\u0131k 2,4 gms<\/li>\n<li>SKU. 33373<\/li>\n<li>T\u00fcm fiyatlara KDV dahildir<\/li>\n<li>T\u00fcm \u00fcr\u00fcnlerimiz London Assay Office taraf\u0131ndan damgalanm\u0131\u015ft\u0131r<\/li>\n<li>Sunum Kutusu ile Birlikte Gelir<\/li>\n<li>Teslimat Dahil<\/li>\n<li>\u00dcr\u00fcn\u00fcn canl\u0131 videosu i\u00e7in bize ula\u015f\u0131n \/ bizimle sohbet edin<\/li>\n<\/ul>","protected":false},"featured_media":318377,"comment_status":"closed","ping_status":"closed","template":"","meta":{"_eb_attr":"","_crsspst_to_jayantr4sg-hostcom":true},"product_brand":[],"product_cat":[1791,1559,1793,1254,252,1577,1574],"product_tag":[],"class_list":{"0":"post-318375","1":"product","2":"type-product","3":"status-publish","4":"has-post-thumbnail","6":"product_cat-anniversary-gifts","7":"product_cat-birthday-gifts","8":"product_cat-diwali-gifts","9":"product_cat-gold-earrings","10":"product_cat-jali-collections","11":"product_cat-stud-earrings","12":"product_cat-womens-jewellery","14":"first","15":"outofstock","16":"taxable","17":"shipping-taxable","18":"product-type-simple","19":"add-to-wishlist-before_image"},"yoast_head":"<!-- This site is optimized with the Yoast SEO plugin v27.3 - https:\/\/yoast.com\/product\/yoast-seo-wordpress\/ -->\n<title>22ct Gold Teardrop Stud Earrings | Filigree Design PureJewels UK<\/title>\n<meta name=\"description\" content=\"Shop 22ct gold teardrop stud earrings with intricate filigree detailing. Hallmarked in the UK for assured purity and craftsmanship.\" \/>\n<meta name=\"robots\" content=\"index, follow, max-snippet:-1, max-image-preview:large, max-video-preview:-1\" \/>\n<link rel=\"canonical\" href=\"https:\/\/www.purejewels.com\/tr\/urun\/jali-22-ayar-altin-saplama-kupe-33373\/\" \/>\n<meta property=\"og:locale\" content=\"tr_TR\" \/>\n<meta property=\"og:type\" content=\"article\" \/>\n<meta property=\"og:title\" content=\"22ct Gold Teardrop Stud Earrings | Filigree Design PureJewels UK\" \/>\n<meta property=\"og:description\" content=\"Shop 22ct gold teardrop stud earrings with intricate filigree detailing. Hallmarked in the UK for assured purity and craftsmanship.\" \/>\n<meta property=\"og:url\" content=\"https:\/\/www.purejewels.com\/tr\/urun\/jali-22-ayar-altin-saplama-kupe-33373\/\" \/>\n<meta property=\"og:site_name\" content=\"PureJewels UK\" \/>\n<meta property=\"article:modified_time\" content=\"2026-03-31T10:48:36+00:00\" \/>\n<meta property=\"og:image\" content=\"https:\/\/static.purejewels.com\/wp-content\/uploads\/2020\/10\/image187770106.jpg\" \/>\n\t<meta property=\"og:image:width\" content=\"1000\" \/>\n\t<meta property=\"og:image:height\" content=\"1000\" \/>\n\t<meta property=\"og:image:type\" content=\"image\/jpeg\" \/>\n<meta name=\"twitter:card\" content=\"summary_large_image\" \/>\n<meta name=\"twitter:label1\" content=\"Tahmini okuma s\u00fcresi\" \/>\n\t<meta name=\"twitter:data1\" content=\"1 dakika\" \/>\n<script type=\"application\/ld+json\" class=\"yoast-schema-graph\">{\"@context\":\"https:\\\/\\\/schema.org\",\"@graph\":[{\"@type\":[\"WebPage\",\"ItemPage\"],\"@id\":\"https:\\\/\\\/www.purejewels.com\\\/product\\\/jali-22ct-gold-stud-earring-33373\\\/\",\"url\":\"https:\\\/\\\/www.purejewels.com\\\/product\\\/jali-22ct-gold-stud-earring-33373\\\/\",\"name\":\"22ct Gold Teardrop Stud Earrings | Filigree Design PureJewels UK\",\"isPartOf\":{\"@id\":\"https:\\\/\\\/www.purejewels.com\\\/#website\"},\"primaryImageOfPage\":{\"@id\":\"https:\\\/\\\/www.purejewels.com\\\/product\\\/jali-22ct-gold-stud-earring-33373\\\/#primaryimage\"},\"image\":{\"@id\":\"https:\\\/\\\/www.purejewels.com\\\/product\\\/jali-22ct-gold-stud-earring-33373\\\/#primaryimage\"},\"thumbnailUrl\":\"https:\\\/\\\/static.purejewels.com\\\/wp-content\\\/uploads\\\/2020\\\/10\\\/image187770106.jpg\",\"datePublished\":\"2020-10-20T06:25:35+00:00\",\"dateModified\":\"2026-03-31T10:48:36+00:00\",\"description\":\"Shop 22ct gold teardrop stud earrings with intricate filigree detailing. Hallmarked in the UK for assured purity and craftsmanship.\",\"breadcrumb\":{\"@id\":\"https:\\\/\\\/www.purejewels.com\\\/product\\\/jali-22ct-gold-stud-earring-33373\\\/#breadcrumb\"},\"inLanguage\":\"tr\",\"potentialAction\":[{\"@type\":\"ReadAction\",\"target\":[\"https:\\\/\\\/www.purejewels.com\\\/product\\\/jali-22ct-gold-stud-earring-33373\\\/\"]}]},{\"@type\":\"ImageObject\",\"inLanguage\":\"tr\",\"@id\":\"https:\\\/\\\/www.purejewels.com\\\/product\\\/jali-22ct-gold-stud-earring-33373\\\/#primaryimage\",\"url\":\"https:\\\/\\\/static.purejewels.com\\\/wp-content\\\/uploads\\\/2020\\\/10\\\/image187770106.jpg\",\"contentUrl\":\"https:\\\/\\\/static.purejewels.com\\\/wp-content\\\/uploads\\\/2020\\\/10\\\/image187770106.jpg\",\"width\":1000,\"height\":1000,\"caption\":\"Jali 22ct Light Stud Earring JLER639\"},{\"@type\":\"BreadcrumbList\",\"@id\":\"https:\\\/\\\/www.purejewels.com\\\/product\\\/jali-22ct-gold-stud-earring-33373\\\/#breadcrumb\",\"itemListElement\":[{\"@type\":\"ListItem\",\"position\":1,\"name\":\"Home\",\"item\":\"https:\\\/\\\/www.purejewels.com\\\/\"},{\"@type\":\"ListItem\",\"position\":2,\"name\":\"Shop\",\"item\":\"https:\\\/\\\/www.purejewels.com\\\/shop\\\/\"},{\"@type\":\"ListItem\",\"position\":3,\"name\":\"22ct Gold Teardrop Filigree Jali Stud Earrings\"}]},{\"@type\":\"WebSite\",\"@id\":\"https:\\\/\\\/www.purejewels.com\\\/#website\",\"url\":\"https:\\\/\\\/www.purejewels.com\\\/\",\"name\":\"PureJewels UK\",\"description\":\"Share the Love\",\"publisher\":{\"@id\":\"https:\\\/\\\/www.purejewels.com\\\/#organization\"},\"potentialAction\":[{\"@type\":\"SearchAction\",\"target\":{\"@type\":\"EntryPoint\",\"urlTemplate\":\"https:\\\/\\\/www.purejewels.com\\\/?s={search_term_string}\"},\"query-input\":{\"@type\":\"PropertyValueSpecification\",\"valueRequired\":true,\"valueName\":\"search_term_string\"}}],\"inLanguage\":\"tr\"},{\"@type\":\"Organization\",\"@id\":\"https:\\\/\\\/www.purejewels.com\\\/#organization\",\"name\":\"PureJewels UK\",\"url\":\"https:\\\/\\\/www.purejewels.com\\\/\",\"logo\":{\"@type\":\"ImageObject\",\"inLanguage\":\"tr\",\"@id\":\"https:\\\/\\\/www.purejewels.com\\\/#\\\/schema\\\/logo\\\/image\\\/\",\"url\":\"https:\\\/\\\/static.purejewels.com\\\/wp-content\\\/uploads\\\/2020\\\/11\\\/Logo-PJ-New-1.png\",\"contentUrl\":\"https:\\\/\\\/static.purejewels.com\\\/wp-content\\\/uploads\\\/2020\\\/11\\\/Logo-PJ-New-1.png\",\"width\":150,\"height\":80,\"caption\":\"PureJewels UK\"},\"image\":{\"@id\":\"https:\\\/\\\/www.purejewels.com\\\/#\\\/schema\\\/logo\\\/image\\\/\"}}]}<\/script>\n<!-- \/ Yoast SEO plugin. -->","yoast_head_json":{"title":"22 Ayar Alt\u0131n G\u00f6zya\u015f\u0131 Damla Saplama K\u00fcpe | Telkari Tasar\u0131m PureJewels UK","description":"Karma\u015f\u0131k telkari detaylara sahip 22 ayar alt\u0131n g\u00f6zya\u015f\u0131 damlas\u0131 k\u00fcpeler sat\u0131n al\u0131n. Safl\u0131k ve i\u015f\u00e7ilik g\u00fcvencesi i\u00e7in Birle\u015fik Krall\u0131k'ta damgalanm\u0131\u015ft\u0131r.","robots":{"index":"index","follow":"follow","max-snippet":"max-snippet:-1","max-image-preview":"max-image-preview:large","max-video-preview":"max-video-preview:-1"},"canonical":"https:\/\/www.purejewels.com\/tr\/urun\/jali-22-ayar-altin-saplama-kupe-33373\/","og_locale":"tr_TR","og_type":"article","og_title":"22ct Gold Teardrop Stud Earrings | Filigree Design PureJewels UK","og_description":"Shop 22ct gold teardrop stud earrings with intricate filigree detailing. Hallmarked in the UK for assured purity and craftsmanship.","og_url":"https:\/\/www.purejewels.com\/tr\/urun\/jali-22-ayar-altin-saplama-kupe-33373\/","og_site_name":"PureJewels UK","article_modified_time":"2026-03-31T10:48:36+00:00","og_image":[{"width":1000,"height":1000,"url":"https:\/\/static.purejewels.com\/wp-content\/uploads\/2020\/10\/image187770106.jpg","type":"image\/jpeg"}],"twitter_card":"summary_large_image","twitter_misc":{"Tahmini okuma s\u00fcresi":"1 dakika"},"schema":{"@context":"https:\/\/schema.org","@graph":[{"@type":["WebPage","ItemPage"],"@id":"https:\/\/www.purejewels.com\/product\/jali-22ct-gold-stud-earring-33373\/","url":"https:\/\/www.purejewels.com\/product\/jali-22ct-gold-stud-earring-33373\/","name":"22 Ayar Alt\u0131n G\u00f6zya\u015f\u0131 Damla Saplama K\u00fcpe | Telkari Tasar\u0131m PureJewels UK","isPartOf":{"@id":"https:\/\/www.purejewels.com\/#website"},"primaryImageOfPage":{"@id":"https:\/\/www.purejewels.com\/product\/jali-22ct-gold-stud-earring-33373\/#primaryimage"},"image":{"@id":"https:\/\/www.purejewels.com\/product\/jali-22ct-gold-stud-earring-33373\/#primaryimage"},"thumbnailUrl":"https:\/\/static.purejewels.com\/wp-content\/uploads\/2020\/10\/image187770106.jpg","datePublished":"2020-10-20T06:25:35+00:00","dateModified":"2026-03-31T10:48:36+00:00","description":"Karma\u015f\u0131k telkari detaylara sahip 22 ayar alt\u0131n g\u00f6zya\u015f\u0131 damlas\u0131 k\u00fcpeler sat\u0131n al\u0131n. Safl\u0131k ve i\u015f\u00e7ilik g\u00fcvencesi i\u00e7in Birle\u015fik Krall\u0131k'ta damgalanm\u0131\u015ft\u0131r.","breadcrumb":{"@id":"https:\/\/www.purejewels.com\/product\/jali-22ct-gold-stud-earring-33373\/#breadcrumb"},"inLanguage":"tr","potentialAction":[{"@type":"ReadAction","target":["https:\/\/www.purejewels.com\/product\/jali-22ct-gold-stud-earring-33373\/"]}]},{"@type":"ImageObject","inLanguage":"tr","@id":"https:\/\/www.purejewels.com\/product\/jali-22ct-gold-stud-earring-33373\/#primaryimage","url":"https:\/\/static.purejewels.com\/wp-content\/uploads\/2020\/10\/image187770106.jpg","contentUrl":"https:\/\/static.purejewels.com\/wp-content\/uploads\/2020\/10\/image187770106.jpg","width":1000,"height":1000,"caption":"Jali 22ct Light Stud Earring JLER639"},{"@type":"BreadcrumbList","@id":"https:\/\/www.purejewels.com\/product\/jali-22ct-gold-stud-earring-33373\/#breadcrumb","itemListElement":[{"@type":"ListItem","position":1,"name":"Home","item":"https:\/\/www.purejewels.com\/"},{"@type":"ListItem","position":2,"name":"Shop","item":"https:\/\/www.purejewels.com\/shop\/"},{"@type":"ListItem","position":3,"name":"22ct Gold Teardrop Filigree Jali Stud Earrings"}]},{"@type":"WebSite","@id":"https:\/\/www.purejewels.com\/#website","url":"https:\/\/www.purejewels.com\/","name":"PureJewels \u0130ngiltere","description":"Sevgiyi Payla\u015f\u0131n","publisher":{"@id":"https:\/\/www.purejewels.com\/#organization"},"potentialAction":[{"@type":"SearchAction","target":{"@type":"EntryPoint","urlTemplate":"https:\/\/www.purejewels.com\/?s={search_term_string}"},"query-input":{"@type":"PropertyValueSpecification","valueRequired":true,"valueName":"search_term_string"}}],"inLanguage":"tr"},{"@type":"Organization","@id":"https:\/\/www.purejewels.com\/#organization","name":"PureJewels \u0130ngiltere","url":"https:\/\/www.purejewels.com\/","logo":{"@type":"ImageObject","inLanguage":"tr","@id":"https:\/\/www.purejewels.com\/#\/schema\/logo\/image\/","url":"https:\/\/static.purejewels.com\/wp-content\/uploads\/2020\/11\/Logo-PJ-New-1.png","contentUrl":"https:\/\/static.purejewels.com\/wp-content\/uploads\/2020\/11\/Logo-PJ-New-1.png","width":150,"height":80,"caption":"PureJewels UK"},"image":{"@id":"https:\/\/www.purejewels.com\/#\/schema\/logo\/image\/"}}]}},"_links":{"self":[{"href":"https:\/\/www.purejewels.com\/tr\/wp-json\/wp\/v2\/product\/318375","targetHints":{"allow":["GET"]}}],"collection":[{"href":"https:\/\/www.purejewels.com\/tr\/wp-json\/wp\/v2\/product"}],"about":[{"href":"https:\/\/www.purejewels.com\/tr\/wp-json\/wp\/v2\/types\/product"}],"replies":[{"embeddable":true,"href":"https:\/\/www.purejewels.com\/tr\/wp-json\/wp\/v2\/comments?post=318375"}],"version-history":[{"count":3,"href":"https:\/\/www.purejewels.com\/tr\/wp-json\/wp\/v2\/product\/318375\/revisions"}],"predecessor-version":[{"id":427927,"href":"https:\/\/www.purejewels.com\/tr\/wp-json\/wp\/v2\/product\/318375\/revisions\/427927"}],"wp:featuredmedia":[{"embeddable":true,"href":"https:\/\/www.purejewels.com\/tr\/wp-json\/wp\/v2\/media\/318377"}],"wp:attachment":[{"href":"https:\/\/www.purejewels.com\/tr\/wp-json\/wp\/v2\/media?parent=318375"}],"wp:term":[{"taxonomy":"product_brand","embeddable":true,"href":"https:\/\/www.purejewels.com\/tr\/wp-json\/wp\/v2\/product_brand?post=318375"},{"taxonomy":"product_cat","embeddable":true,"href":"https:\/\/www.purejewels.com\/tr\/wp-json\/wp\/v2\/product_cat?post=318375"},{"taxonomy":"product_tag","embeddable":true,"href":"https:\/\/www.purejewels.com\/tr\/wp-json\/wp\/v2\/product_tag?post=318375"}],"curies":[{"name":"wp","href":"https:\/\/api.w.org\/{rel}","templated":true}]}}