{"id":318401,"date":"2020-10-20T11:03:50","date_gmt":"2020-10-20T10:03:50","guid":{"rendered":"https:\/\/www.purejewels.com\/product\/jali-collection-22ct-gold-bangle-16-5gm\/"},"modified":"2026-01-23T10:45:19","modified_gmt":"2026-01-23T10:45:19","slug":"jali-collection-22-ayar-altin-kada-33404","status":"publish","type":"product","link":"https:\/\/www.purejewels.com\/tr\/product\/jali-collection-22ct-gold-kada-33404\/","title":{"rendered":"22 Ayar Alt\u0131n Jali Boncuklu Merkez Kada Bileklik"},"content":{"rendered":"<p>Tasar\u0131m<\/p>\n<p>Bu kada bileklik, zengin dokulu alt\u0131n bir boncu\u011fun etraf\u0131nda, denge ve simetri hissi yaratan daha k\u00fc\u00e7\u00fck yontulmu\u015f unsurlarla \u00e7er\u00e7evelenmi\u015ftir. \u0130nce \u00e7izgisel detaylar bant boyunca akarak g\u00f6z\u00fc merkezi motife do\u011fru \u00e7eker. Tasar\u0131m, yap\u0131y\u0131 yumu\u015fakl\u0131kla harmanlayarak hem geleneksel hem de \u00e7a\u011fda\u015f bir his veren zarif bir ifade sunuyor.<\/p>\n<p>Zanaatkarl\u0131k<\/p>\n<p>22 ayar alt\u0131ndan el i\u015f\u00e7ili\u011fiyle \u00fcretilen bileklik, net ayr\u0131nt\u0131lar ve derinlik elde etmek i\u00e7in geleneksel kuyumculuk teknikleri kullan\u0131larak \u015fekillendirilmi\u015f ve tamamlanm\u0131\u015ft\u0131r. Dokuyu geli\u015ftirmek ve \u0131\u015f\u0131\u011f\u0131 g\u00fczel bir \u015fekilde yans\u0131tmak i\u00e7in her bir boncuk ayr\u0131 ayr\u0131 i\u015flenmi\u015ftir. Par\u00e7a, safl\u0131k sertifikas\u0131 i\u00e7in Birle\u015fik Krall\u0131k'ta damgalanm\u0131\u015ft\u0131r, \u00f6zg\u00fcnl\u00fck ve kal\u0131c\u0131 kalite sa\u011flar.<\/p>\n<p>\u015eekillendirme &amp; Hediyele\u015fme<\/p>\n<p>Bir ifade olarak tek ba\u015f\u0131na tak\u0131lmak veya katmanl\u0131 bir g\u00f6r\u00fcn\u00fcm i\u00e7in tamamlay\u0131c\u0131 bileziklerle e\u015fle\u015ftirilmek \u00fczere tasarlanan bu kada, g\u00fcnl\u00fck kullan\u0131mdan bayram g\u00fcnlerine zahmetsizce ge\u00e7i\u015f yapar. D\u00fc\u011f\u00fcnler, y\u0131ld\u00f6n\u00fcmleri ve \u00f6nemli kutlamalar i\u00e7in d\u00fc\u015f\u00fcnceli bir hediye olan bu kada, anlaml\u0131 i\u015f\u00e7ili\u011fiyle kal\u0131c\u0131 bir stil sunar.<\/p>","protected":false},"excerpt":{"rendered":"<ul>\n<li>Jali Koleksiyonumuzdan 22 Ayar Alt\u0131n Kada<\/li>\n<li>Boyut: 2,6 in\u00e7 i\u00e7 \u00e7ap. Ek boyutlar i\u00e7in l\u00fctfen sorunuz<\/li>\n<li>A\u011f\u0131rl\u0131k 16,5 gms<\/li>\n<li>SKU 33404<\/li>\n<li>L\u00fctfen burada belirtilen fiyat\u0131n Tek Kada i\u00e7in oldu\u011funu unutmay\u0131n (\u00c7ift sat\u0131n almak i\u00e7in l\u00fctfen bizimle sohbet edin)<\/li>\n<li>T\u00fcm fiyatlara KDV dahildir<\/li>\n<li>T\u00fcm \u00fcr\u00fcnlerimiz London Assay Office taraf\u0131ndan damgalanm\u0131\u015ft\u0131r<\/li>\n<li>T\u00fcm setler sunum kutusu ile birlikte gelir<\/li>\n<li>Teslimat Dahil<\/li>\n<li>Stok durumu ve stokta bulunan benzer tasar\u0131mlar\u0131n daha fazla g\u00f6r\u00fcnt\u00fcs\u00fc i\u00e7in bizimle canl\u0131 sohbet edin<\/li>\n<\/ul>","protected":false},"featured_media":318405,"comment_status":"closed","ping_status":"closed","template":"","meta":{"_eb_attr":"","_crsspst_to_jayantr4sg-hostcom":true},"product_brand":[],"product_cat":[1659,1233,252,5271,1657,1573,1574],"product_tag":[4124],"class_list":{"0":"post-318401","1":"product","2":"type-product","3":"status-publish","4":"has-post-thumbnail","6":"product_cat-bridal-and-party-wear-gold-kada-bangle","7":"product_cat-gold-bangles","8":"product_cat-jali-collections","9":"product_cat-occasion-wear-bangles","10":"product_cat-single-bangle","11":"product_cat-wedding-gifts","12":"product_cat-womens-jewellery","13":"product_tag-bangles-for-sale","15":"first","16":"outofstock","17":"taxable","18":"shipping-taxable","19":"product-type-simple","20":"add-to-wishlist-before_image"},"yoast_head":"<!-- This site is optimized with the Yoast SEO plugin v27.3 - https:\/\/yoast.com\/product\/yoast-seo-wordpress\/ -->\n<title>22ct Gold Jali Beaded Centre Kada Bracelet - PureJewels UK<\/title>\n<meta name=\"description\" content=\"Discover this 22ct gold beaded kada bracelet from PureJewels. Featuring sculpted gold beads and fine linear detailing, handcrafted and UK hallmarked.\" \/>\n<meta name=\"robots\" content=\"index, follow, max-snippet:-1, max-image-preview:large, max-video-preview:-1\" \/>\n<link rel=\"canonical\" href=\"https:\/\/www.purejewels.com\/tr\/urun\/jali-collection-22-ayar-altin-kada-33404\/\" \/>\n<meta property=\"og:locale\" content=\"tr_TR\" \/>\n<meta property=\"og:type\" content=\"article\" \/>\n<meta property=\"og:title\" content=\"22ct Gold Jali Beaded Centre Kada Bracelet - PureJewels UK\" \/>\n<meta property=\"og:description\" content=\"Discover this 22ct gold beaded kada bracelet from PureJewels. Featuring sculpted gold beads and fine linear detailing, handcrafted and UK hallmarked.\" \/>\n<meta property=\"og:url\" content=\"https:\/\/www.purejewels.com\/tr\/urun\/jali-collection-22-ayar-altin-kada-33404\/\" \/>\n<meta property=\"og:site_name\" content=\"PureJewels UK\" \/>\n<meta property=\"article:modified_time\" content=\"2026-01-23T10:45:19+00:00\" \/>\n<meta property=\"og:image\" content=\"https:\/\/static.purejewels.com\/wp-content\/uploads\/2020\/10\/image187789206.jpg\" \/>\n\t<meta property=\"og:image:width\" content=\"1000\" \/>\n\t<meta property=\"og:image:height\" content=\"1000\" \/>\n\t<meta property=\"og:image:type\" content=\"image\/jpeg\" \/>\n<meta name=\"twitter:card\" content=\"summary_large_image\" \/>\n<meta name=\"twitter:label1\" content=\"Tahmini okuma s\u00fcresi\" \/>\n\t<meta name=\"twitter:data1\" content=\"1 dakika\" \/>\n<script type=\"application\/ld+json\" class=\"yoast-schema-graph\">{\"@context\":\"https:\\\/\\\/schema.org\",\"@graph\":[{\"@type\":[\"WebPage\",\"ItemPage\"],\"@id\":\"https:\\\/\\\/www.purejewels.com\\\/product\\\/jali-collection-22ct-gold-kada-33404\\\/\",\"url\":\"https:\\\/\\\/www.purejewels.com\\\/product\\\/jali-collection-22ct-gold-kada-33404\\\/\",\"name\":\"22ct Gold Jali Beaded Centre Kada Bracelet - PureJewels UK\",\"isPartOf\":{\"@id\":\"https:\\\/\\\/www.purejewels.com\\\/#website\"},\"primaryImageOfPage\":{\"@id\":\"https:\\\/\\\/www.purejewels.com\\\/product\\\/jali-collection-22ct-gold-kada-33404\\\/#primaryimage\"},\"image\":{\"@id\":\"https:\\\/\\\/www.purejewels.com\\\/product\\\/jali-collection-22ct-gold-kada-33404\\\/#primaryimage\"},\"thumbnailUrl\":\"https:\\\/\\\/static.purejewels.com\\\/wp-content\\\/uploads\\\/2020\\\/10\\\/image187789206.jpg\",\"datePublished\":\"2020-10-20T10:03:50+00:00\",\"dateModified\":\"2026-01-23T10:45:19+00:00\",\"description\":\"Discover this 22ct gold beaded kada bracelet from PureJewels. Featuring sculpted gold beads and fine linear detailing, handcrafted and UK hallmarked.\",\"breadcrumb\":{\"@id\":\"https:\\\/\\\/www.purejewels.com\\\/product\\\/jali-collection-22ct-gold-kada-33404\\\/#breadcrumb\"},\"inLanguage\":\"tr\",\"potentialAction\":[{\"@type\":\"ReadAction\",\"target\":[\"https:\\\/\\\/www.purejewels.com\\\/product\\\/jali-collection-22ct-gold-kada-33404\\\/\"]}]},{\"@type\":\"ImageObject\",\"inLanguage\":\"tr\",\"@id\":\"https:\\\/\\\/www.purejewels.com\\\/product\\\/jali-collection-22ct-gold-kada-33404\\\/#primaryimage\",\"url\":\"https:\\\/\\\/static.purejewels.com\\\/wp-content\\\/uploads\\\/2020\\\/10\\\/image187789206.jpg\",\"contentUrl\":\"https:\\\/\\\/static.purejewels.com\\\/wp-content\\\/uploads\\\/2020\\\/10\\\/image187789206.jpg\",\"width\":1000,\"height\":1000,\"caption\":\"Jali Collection 22ct Gold Bangle JLBG663\"},{\"@type\":\"BreadcrumbList\",\"@id\":\"https:\\\/\\\/www.purejewels.com\\\/product\\\/jali-collection-22ct-gold-kada-33404\\\/#breadcrumb\",\"itemListElement\":[{\"@type\":\"ListItem\",\"position\":1,\"name\":\"Home\",\"item\":\"https:\\\/\\\/www.purejewels.com\\\/\"},{\"@type\":\"ListItem\",\"position\":2,\"name\":\"Shop\",\"item\":\"https:\\\/\\\/www.purejewels.com\\\/shop\\\/\"},{\"@type\":\"ListItem\",\"position\":3,\"name\":\"22ct Gold Jali Beaded Centre Kada Bracelet\"}]},{\"@type\":\"WebSite\",\"@id\":\"https:\\\/\\\/www.purejewels.com\\\/#website\",\"url\":\"https:\\\/\\\/www.purejewels.com\\\/\",\"name\":\"PureJewels UK\",\"description\":\"Share the Love\",\"publisher\":{\"@id\":\"https:\\\/\\\/www.purejewels.com\\\/#organization\"},\"potentialAction\":[{\"@type\":\"SearchAction\",\"target\":{\"@type\":\"EntryPoint\",\"urlTemplate\":\"https:\\\/\\\/www.purejewels.com\\\/?s={search_term_string}\"},\"query-input\":{\"@type\":\"PropertyValueSpecification\",\"valueRequired\":true,\"valueName\":\"search_term_string\"}}],\"inLanguage\":\"tr\"},{\"@type\":\"Organization\",\"@id\":\"https:\\\/\\\/www.purejewels.com\\\/#organization\",\"name\":\"PureJewels UK\",\"url\":\"https:\\\/\\\/www.purejewels.com\\\/\",\"logo\":{\"@type\":\"ImageObject\",\"inLanguage\":\"tr\",\"@id\":\"https:\\\/\\\/www.purejewels.com\\\/#\\\/schema\\\/logo\\\/image\\\/\",\"url\":\"https:\\\/\\\/static.purejewels.com\\\/wp-content\\\/uploads\\\/2020\\\/11\\\/Logo-PJ-New-1.png\",\"contentUrl\":\"https:\\\/\\\/static.purejewels.com\\\/wp-content\\\/uploads\\\/2020\\\/11\\\/Logo-PJ-New-1.png\",\"width\":150,\"height\":80,\"caption\":\"PureJewels UK\"},\"image\":{\"@id\":\"https:\\\/\\\/www.purejewels.com\\\/#\\\/schema\\\/logo\\\/image\\\/\"}}]}<\/script>\n<!-- \/ Yoast SEO plugin. -->","yoast_head_json":{"title":"22 Ayar Alt\u0131n Jali Boncuklu Merkez Kada Bileklik - PureJewels UK","description":"PureJewels'in bu 22 ayar alt\u0131n boncuklu kada bilezi\u011fini ke\u015ffedin. Yontulmu\u015f alt\u0131n boncuklar ve ince \u00e7izgisel detaylara sahip, el yap\u0131m\u0131 ve \u0130ngiltere damgal\u0131.","robots":{"index":"index","follow":"follow","max-snippet":"max-snippet:-1","max-image-preview":"max-image-preview:large","max-video-preview":"max-video-preview:-1"},"canonical":"https:\/\/www.purejewels.com\/tr\/urun\/jali-collection-22-ayar-altin-kada-33404\/","og_locale":"tr_TR","og_type":"article","og_title":"22ct Gold Jali Beaded Centre Kada Bracelet - PureJewels UK","og_description":"Discover this 22ct gold beaded kada bracelet from PureJewels. Featuring sculpted gold beads and fine linear detailing, handcrafted and UK hallmarked.","og_url":"https:\/\/www.purejewels.com\/tr\/urun\/jali-collection-22-ayar-altin-kada-33404\/","og_site_name":"PureJewels UK","article_modified_time":"2026-01-23T10:45:19+00:00","og_image":[{"width":1000,"height":1000,"url":"https:\/\/static.purejewels.com\/wp-content\/uploads\/2020\/10\/image187789206.jpg","type":"image\/jpeg"}],"twitter_card":"summary_large_image","twitter_misc":{"Tahmini okuma s\u00fcresi":"1 dakika"},"schema":{"@context":"https:\/\/schema.org","@graph":[{"@type":["WebPage","ItemPage"],"@id":"https:\/\/www.purejewels.com\/product\/jali-collection-22ct-gold-kada-33404\/","url":"https:\/\/www.purejewels.com\/product\/jali-collection-22ct-gold-kada-33404\/","name":"22 Ayar Alt\u0131n Jali Boncuklu Merkez Kada Bileklik - PureJewels UK","isPartOf":{"@id":"https:\/\/www.purejewels.com\/#website"},"primaryImageOfPage":{"@id":"https:\/\/www.purejewels.com\/product\/jali-collection-22ct-gold-kada-33404\/#primaryimage"},"image":{"@id":"https:\/\/www.purejewels.com\/product\/jali-collection-22ct-gold-kada-33404\/#primaryimage"},"thumbnailUrl":"https:\/\/static.purejewels.com\/wp-content\/uploads\/2020\/10\/image187789206.jpg","datePublished":"2020-10-20T10:03:50+00:00","dateModified":"2026-01-23T10:45:19+00:00","description":"PureJewels'in bu 22 ayar alt\u0131n boncuklu kada bilezi\u011fini ke\u015ffedin. Yontulmu\u015f alt\u0131n boncuklar ve ince \u00e7izgisel detaylara sahip, el yap\u0131m\u0131 ve \u0130ngiltere damgal\u0131.","breadcrumb":{"@id":"https:\/\/www.purejewels.com\/product\/jali-collection-22ct-gold-kada-33404\/#breadcrumb"},"inLanguage":"tr","potentialAction":[{"@type":"ReadAction","target":["https:\/\/www.purejewels.com\/product\/jali-collection-22ct-gold-kada-33404\/"]}]},{"@type":"ImageObject","inLanguage":"tr","@id":"https:\/\/www.purejewels.com\/product\/jali-collection-22ct-gold-kada-33404\/#primaryimage","url":"https:\/\/static.purejewels.com\/wp-content\/uploads\/2020\/10\/image187789206.jpg","contentUrl":"https:\/\/static.purejewels.com\/wp-content\/uploads\/2020\/10\/image187789206.jpg","width":1000,"height":1000,"caption":"Jali Collection 22ct Gold Bangle JLBG663"},{"@type":"BreadcrumbList","@id":"https:\/\/www.purejewels.com\/product\/jali-collection-22ct-gold-kada-33404\/#breadcrumb","itemListElement":[{"@type":"ListItem","position":1,"name":"Home","item":"https:\/\/www.purejewels.com\/"},{"@type":"ListItem","position":2,"name":"Shop","item":"https:\/\/www.purejewels.com\/shop\/"},{"@type":"ListItem","position":3,"name":"22ct Gold Jali Beaded Centre Kada Bracelet"}]},{"@type":"WebSite","@id":"https:\/\/www.purejewels.com\/#website","url":"https:\/\/www.purejewels.com\/","name":"PureJewels \u0130ngiltere","description":"Sevgiyi Payla\u015f\u0131n","publisher":{"@id":"https:\/\/www.purejewels.com\/#organization"},"potentialAction":[{"@type":"SearchAction","target":{"@type":"EntryPoint","urlTemplate":"https:\/\/www.purejewels.com\/?s={search_term_string}"},"query-input":{"@type":"PropertyValueSpecification","valueRequired":true,"valueName":"search_term_string"}}],"inLanguage":"tr"},{"@type":"Organization","@id":"https:\/\/www.purejewels.com\/#organization","name":"PureJewels \u0130ngiltere","url":"https:\/\/www.purejewels.com\/","logo":{"@type":"ImageObject","inLanguage":"tr","@id":"https:\/\/www.purejewels.com\/#\/schema\/logo\/image\/","url":"https:\/\/static.purejewels.com\/wp-content\/uploads\/2020\/11\/Logo-PJ-New-1.png","contentUrl":"https:\/\/static.purejewels.com\/wp-content\/uploads\/2020\/11\/Logo-PJ-New-1.png","width":150,"height":80,"caption":"PureJewels UK"},"image":{"@id":"https:\/\/www.purejewels.com\/#\/schema\/logo\/image\/"}}]}},"_links":{"self":[{"href":"https:\/\/www.purejewels.com\/tr\/wp-json\/wp\/v2\/product\/318401","targetHints":{"allow":["GET"]}}],"collection":[{"href":"https:\/\/www.purejewels.com\/tr\/wp-json\/wp\/v2\/product"}],"about":[{"href":"https:\/\/www.purejewels.com\/tr\/wp-json\/wp\/v2\/types\/product"}],"replies":[{"embeddable":true,"href":"https:\/\/www.purejewels.com\/tr\/wp-json\/wp\/v2\/comments?post=318401"}],"version-history":[{"count":2,"href":"https:\/\/www.purejewels.com\/tr\/wp-json\/wp\/v2\/product\/318401\/revisions"}],"predecessor-version":[{"id":425187,"href":"https:\/\/www.purejewels.com\/tr\/wp-json\/wp\/v2\/product\/318401\/revisions\/425187"}],"wp:featuredmedia":[{"embeddable":true,"href":"https:\/\/www.purejewels.com\/tr\/wp-json\/wp\/v2\/media\/318405"}],"wp:attachment":[{"href":"https:\/\/www.purejewels.com\/tr\/wp-json\/wp\/v2\/media?parent=318401"}],"wp:term":[{"taxonomy":"product_brand","embeddable":true,"href":"https:\/\/www.purejewels.com\/tr\/wp-json\/wp\/v2\/product_brand?post=318401"},{"taxonomy":"product_cat","embeddable":true,"href":"https:\/\/www.purejewels.com\/tr\/wp-json\/wp\/v2\/product_cat?post=318401"},{"taxonomy":"product_tag","embeddable":true,"href":"https:\/\/www.purejewels.com\/tr\/wp-json\/wp\/v2\/product_tag?post=318401"}],"curies":[{"name":"wp","href":"https:\/\/api.w.org\/{rel}","templated":true}]}}