{"id":318433,"date":"2020-10-21T06:13:21","date_gmt":"2020-10-21T05:13:21","guid":{"rendered":"https:\/\/www.purejewels.com\/product\/22ct-gold-rope-chain-6-9-gm-20-inches\/"},"modified":"2026-01-08T08:02:10","modified_gmt":"2026-01-08T08:02:10","slug":"22-ayar-altin-halat-zincir-33423","status":"publish","type":"product","link":"https:\/\/www.purejewels.com\/tr\/product\/22ct-gold-rope-chain-33423\/","title":{"rendered":"Unisex 22 Ayar Alt\u0131n Halat Zincir - 20 \u0130n\u00e7"},"content":{"rendered":"<p>Bu ip desenli alt\u0131n zincir, s\u0131k\u0131ca b\u00fck\u00fclm\u00fc\u015f halkalar\u0131 ve tek tip yap\u0131s\u0131yla usta i\u015f\u00e7ili\u011fi yans\u0131t\u0131yor. Her bir bakla, zincire derinlik, g\u00fc\u00e7 ve g\u00f6rsel zenginlik kazand\u0131ran kesintisiz bir ak\u0131\u015f olu\u015fturmak i\u00e7in \u00f6zenle \u015fekillendirilmi\u015ftir.<\/p>\n<p>Cilal\u0131 y\u00fczey, y\u00fcksek safl\u0131ktaki alt\u0131n\u0131n do\u011fal \u0131\u015f\u0131lt\u0131s\u0131n\u0131 art\u0131rarak s\u0131cak ve zarif bir g\u00f6r\u00fcn\u00fcm elde edilmesini sa\u011flar. Rahat 20 in\u00e7 uzunlu\u011funda tasarlanan bu kolye, boyun \u00e7izgisinde zarif bir \u015fekilde durur ve tek ba\u015f\u0131na bir par\u00e7a olarak ya da di\u011fer tak\u0131larla birlikte kullan\u0131labilir.<\/p>\n<p>Kal\u0131c\u0131 tasar\u0131m\u0131 sayesinde hem geleneksel hem de modern g\u00f6r\u00fcn\u00fcmler i\u00e7in uygundur ve uzun s\u00fcreli kullan\u0131labilirlik sa\u011flar. Detaylara \u00f6zen g\u00f6sterilerek \u00fcretilen bu zincir, dayan\u0131kl\u0131l\u0131k, konfor ve zamans\u0131z \u00e7ekicilik aras\u0131nda m\u00fckemmel bir denge sunar.<\/p>","protected":false},"excerpt":{"rendered":"<p>22 ayar alt\u0131ndan \u00fcretilen klasik ip desenli alt\u0131n zincir, g\u00fcnl\u00fck veya \u00f6zel g\u00fcnlerde kullan\u0131m i\u00e7in zengin bir parlakl\u0131k ve dengeli bir tasar\u0131m sunar.<\/p>\n<ul>\n<li>22 ayar sar\u0131 alt\u0131n som halat zincir<\/li>\n<li>Zincirin a\u011f\u0131rl\u0131\u011f\u0131 6,9 gramd\u0131r<\/li>\n<li>Hem Erkekler hem de Kad\u0131nlar i\u00e7in uygundur<\/li>\n<li>Zincir uzunlu\u011fu 20 in\u00e7tir<\/li>\n<li>Zincir kal\u0131nl\u0131\u011f\u0131 1,3 mm'dir<\/li>\n<li><span class=\"sku\">SKU.  33423<\/span><\/li>\n<li>T\u00fcm fiyatlara KDV dahildir<\/li>\n<li>Londra Tahlil Ofisi Taraf\u0131ndan Damgalanm\u0131\u015f 22 Ayar Alt\u0131n<\/li>\n<li>Sunum Kutusu ile Birlikte Gelir<\/li>\n<li>Teslimat bedeli fiyata dahildir.<\/li>\n<li>Stok durumu ve stokta bulunan benzer tasar\u0131mlar\u0131n daha fazla g\u00f6r\u00fcnt\u00fcs\u00fc i\u00e7in bizimle canl\u0131 sohbet edin<\/li>\n<\/ul>","protected":false},"featured_media":318438,"comment_status":"closed","ping_status":"closed","template":"","meta":{"_eb_attr":"","_crsspst_to_jayantr4sg-hostcom":false},"product_brand":[],"product_cat":[1791,1559,1475,1773,1572,1774,1574],"product_tag":[],"class_list":{"0":"post-318433","1":"product","2":"type-product","3":"status-publish","4":"has-post-thumbnail","6":"product_cat-anniversary-gifts","7":"product_cat-birthday-gifts","8":"product_cat-gold-chains","9":"product_cat-ladies-chains","10":"product_cat-mens-jewellery","11":"product_cat-mens-chains","12":"product_cat-womens-jewellery","14":"first","15":"outofstock","16":"taxable","17":"shipping-taxable","18":"product-type-simple","19":"add-to-wishlist-before_image"},"yoast_head":"<!-- This site is optimized with the Yoast SEO plugin v27.3 - https:\/\/yoast.com\/product\/yoast-seo-wordpress\/ -->\n<title>22ct Gold Rope Chain 20 Inch | Twisted Gold Chain Design in UK<\/title>\n<meta name=\"description\" content=\"Explore a finely crafted 22ct gold rope chain featuring a twisted link pattern and smooth polish. A 20-inch length designed for comfort and versatile styling.\" \/>\n<meta name=\"robots\" content=\"index, follow, max-snippet:-1, max-image-preview:large, max-video-preview:-1\" \/>\n<link rel=\"canonical\" href=\"https:\/\/www.purejewels.com\/tr\/urun\/22-ayar-altin-halat-zincir-33423\/\" \/>\n<meta property=\"og:locale\" content=\"tr_TR\" \/>\n<meta property=\"og:type\" content=\"article\" \/>\n<meta property=\"og:title\" content=\"22ct Gold Rope Chain 20 Inch | Twisted Gold Chain Design in UK\" \/>\n<meta property=\"og:description\" content=\"Explore a finely crafted 22ct gold rope chain featuring a twisted link pattern and smooth polish. A 20-inch length designed for comfort and versatile styling.\" \/>\n<meta property=\"og:url\" content=\"https:\/\/www.purejewels.com\/tr\/urun\/22-ayar-altin-halat-zincir-33423\/\" \/>\n<meta property=\"og:site_name\" content=\"PureJewels UK\" \/>\n<meta property=\"article:modified_time\" content=\"2026-01-08T08:02:10+00:00\" \/>\n<meta property=\"og:image\" content=\"https:\/\/static.purejewels.com\/wp-content\/uploads\/2020\/10\/32964.png\" \/>\n\t<meta property=\"og:image:width\" content=\"1000\" \/>\n\t<meta property=\"og:image:height\" content=\"1000\" \/>\n\t<meta property=\"og:image:type\" content=\"image\/png\" \/>\n<meta name=\"twitter:card\" content=\"summary_large_image\" \/>\n<meta name=\"twitter:label1\" content=\"Tahmini okuma s\u00fcresi\" \/>\n\t<meta name=\"twitter:data1\" content=\"1 dakika\" \/>\n<script type=\"application\/ld+json\" class=\"yoast-schema-graph\">{\"@context\":\"https:\\\/\\\/schema.org\",\"@graph\":[{\"@type\":[\"WebPage\",\"ItemPage\"],\"@id\":\"https:\\\/\\\/www.purejewels.com\\\/product\\\/22ct-gold-rope-chain-33423\\\/\",\"url\":\"https:\\\/\\\/www.purejewels.com\\\/product\\\/22ct-gold-rope-chain-33423\\\/\",\"name\":\"22ct Gold Rope Chain 20 Inch | Twisted Gold Chain Design in UK\",\"isPartOf\":{\"@id\":\"https:\\\/\\\/www.purejewels.com\\\/#website\"},\"primaryImageOfPage\":{\"@id\":\"https:\\\/\\\/www.purejewels.com\\\/product\\\/22ct-gold-rope-chain-33423\\\/#primaryimage\"},\"image\":{\"@id\":\"https:\\\/\\\/www.purejewels.com\\\/product\\\/22ct-gold-rope-chain-33423\\\/#primaryimage\"},\"thumbnailUrl\":\"https:\\\/\\\/static.purejewels.com\\\/wp-content\\\/uploads\\\/2020\\\/10\\\/32964.png\",\"datePublished\":\"2020-10-21T05:13:21+00:00\",\"dateModified\":\"2026-01-08T08:02:10+00:00\",\"description\":\"Explore a finely crafted 22ct gold rope chain featuring a twisted link pattern and smooth polish. A 20-inch length designed for comfort and versatile styling.\",\"breadcrumb\":{\"@id\":\"https:\\\/\\\/www.purejewels.com\\\/product\\\/22ct-gold-rope-chain-33423\\\/#breadcrumb\"},\"inLanguage\":\"tr\",\"potentialAction\":[{\"@type\":\"ReadAction\",\"target\":[\"https:\\\/\\\/www.purejewels.com\\\/product\\\/22ct-gold-rope-chain-33423\\\/\"]}]},{\"@type\":\"ImageObject\",\"inLanguage\":\"tr\",\"@id\":\"https:\\\/\\\/www.purejewels.com\\\/product\\\/22ct-gold-rope-chain-33423\\\/#primaryimage\",\"url\":\"https:\\\/\\\/static.purejewels.com\\\/wp-content\\\/uploads\\\/2020\\\/10\\\/32964.png\",\"contentUrl\":\"https:\\\/\\\/static.purejewels.com\\\/wp-content\\\/uploads\\\/2020\\\/10\\\/32964.png\",\"width\":1000,\"height\":1000},{\"@type\":\"BreadcrumbList\",\"@id\":\"https:\\\/\\\/www.purejewels.com\\\/product\\\/22ct-gold-rope-chain-33423\\\/#breadcrumb\",\"itemListElement\":[{\"@type\":\"ListItem\",\"position\":1,\"name\":\"Home\",\"item\":\"https:\\\/\\\/www.purejewels.com\\\/\"},{\"@type\":\"ListItem\",\"position\":2,\"name\":\"Shop\",\"item\":\"https:\\\/\\\/www.purejewels.com\\\/shop\\\/\"},{\"@type\":\"ListItem\",\"position\":3,\"name\":\"Unisex 22ct Gold Rope Chain \u2013 20 Inches\"}]},{\"@type\":\"WebSite\",\"@id\":\"https:\\\/\\\/www.purejewels.com\\\/#website\",\"url\":\"https:\\\/\\\/www.purejewels.com\\\/\",\"name\":\"PureJewels UK\",\"description\":\"Share the Love\",\"publisher\":{\"@id\":\"https:\\\/\\\/www.purejewels.com\\\/#organization\"},\"potentialAction\":[{\"@type\":\"SearchAction\",\"target\":{\"@type\":\"EntryPoint\",\"urlTemplate\":\"https:\\\/\\\/www.purejewels.com\\\/?s={search_term_string}\"},\"query-input\":{\"@type\":\"PropertyValueSpecification\",\"valueRequired\":true,\"valueName\":\"search_term_string\"}}],\"inLanguage\":\"tr\"},{\"@type\":\"Organization\",\"@id\":\"https:\\\/\\\/www.purejewels.com\\\/#organization\",\"name\":\"PureJewels UK\",\"url\":\"https:\\\/\\\/www.purejewels.com\\\/\",\"logo\":{\"@type\":\"ImageObject\",\"inLanguage\":\"tr\",\"@id\":\"https:\\\/\\\/www.purejewels.com\\\/#\\\/schema\\\/logo\\\/image\\\/\",\"url\":\"https:\\\/\\\/static.purejewels.com\\\/wp-content\\\/uploads\\\/2020\\\/11\\\/Logo-PJ-New-1.png\",\"contentUrl\":\"https:\\\/\\\/static.purejewels.com\\\/wp-content\\\/uploads\\\/2020\\\/11\\\/Logo-PJ-New-1.png\",\"width\":150,\"height\":80,\"caption\":\"PureJewels UK\"},\"image\":{\"@id\":\"https:\\\/\\\/www.purejewels.com\\\/#\\\/schema\\\/logo\\\/image\\\/\"}}]}<\/script>\n<!-- \/ Yoast SEO plugin. -->","yoast_head_json":{"title":"\u0130ngiltere'de 22 Ayar Alt\u0131n Halat Zincir 20 \u0130n\u00e7 | B\u00fck\u00fclm\u00fc\u015f Alt\u0131n Zincir Tasar\u0131m\u0131","description":"B\u00fck\u00fclm\u00fc\u015f bakla desenine ve p\u00fcr\u00fczs\u00fcz cilaya sahip, ince i\u015flenmi\u015f 22 ayar alt\u0131n halat zinciri ke\u015ffedin. Rahatl\u0131k ve \u00e7ok y\u00f6nl\u00fc stil i\u00e7in tasarlanm\u0131\u015f 20 in\u00e7 uzunluk.","robots":{"index":"index","follow":"follow","max-snippet":"max-snippet:-1","max-image-preview":"max-image-preview:large","max-video-preview":"max-video-preview:-1"},"canonical":"https:\/\/www.purejewels.com\/tr\/urun\/22-ayar-altin-halat-zincir-33423\/","og_locale":"tr_TR","og_type":"article","og_title":"22ct Gold Rope Chain 20 Inch | Twisted Gold Chain Design in UK","og_description":"Explore a finely crafted 22ct gold rope chain featuring a twisted link pattern and smooth polish. A 20-inch length designed for comfort and versatile styling.","og_url":"https:\/\/www.purejewels.com\/tr\/urun\/22-ayar-altin-halat-zincir-33423\/","og_site_name":"PureJewels UK","article_modified_time":"2026-01-08T08:02:10+00:00","og_image":[{"width":1000,"height":1000,"url":"https:\/\/static.purejewels.com\/wp-content\/uploads\/2020\/10\/32964.png","type":"image\/png"}],"twitter_card":"summary_large_image","twitter_misc":{"Tahmini okuma s\u00fcresi":"1 dakika"},"schema":{"@context":"https:\/\/schema.org","@graph":[{"@type":["WebPage","ItemPage"],"@id":"https:\/\/www.purejewels.com\/product\/22ct-gold-rope-chain-33423\/","url":"https:\/\/www.purejewels.com\/product\/22ct-gold-rope-chain-33423\/","name":"\u0130ngiltere'de 22 Ayar Alt\u0131n Halat Zincir 20 \u0130n\u00e7 | B\u00fck\u00fclm\u00fc\u015f Alt\u0131n Zincir Tasar\u0131m\u0131","isPartOf":{"@id":"https:\/\/www.purejewels.com\/#website"},"primaryImageOfPage":{"@id":"https:\/\/www.purejewels.com\/product\/22ct-gold-rope-chain-33423\/#primaryimage"},"image":{"@id":"https:\/\/www.purejewels.com\/product\/22ct-gold-rope-chain-33423\/#primaryimage"},"thumbnailUrl":"https:\/\/static.purejewels.com\/wp-content\/uploads\/2020\/10\/32964.png","datePublished":"2020-10-21T05:13:21+00:00","dateModified":"2026-01-08T08:02:10+00:00","description":"B\u00fck\u00fclm\u00fc\u015f bakla desenine ve p\u00fcr\u00fczs\u00fcz cilaya sahip, ince i\u015flenmi\u015f 22 ayar alt\u0131n halat zinciri ke\u015ffedin. Rahatl\u0131k ve \u00e7ok y\u00f6nl\u00fc stil i\u00e7in tasarlanm\u0131\u015f 20 in\u00e7 uzunluk.","breadcrumb":{"@id":"https:\/\/www.purejewels.com\/product\/22ct-gold-rope-chain-33423\/#breadcrumb"},"inLanguage":"tr","potentialAction":[{"@type":"ReadAction","target":["https:\/\/www.purejewels.com\/product\/22ct-gold-rope-chain-33423\/"]}]},{"@type":"ImageObject","inLanguage":"tr","@id":"https:\/\/www.purejewels.com\/product\/22ct-gold-rope-chain-33423\/#primaryimage","url":"https:\/\/static.purejewels.com\/wp-content\/uploads\/2020\/10\/32964.png","contentUrl":"https:\/\/static.purejewels.com\/wp-content\/uploads\/2020\/10\/32964.png","width":1000,"height":1000},{"@type":"BreadcrumbList","@id":"https:\/\/www.purejewels.com\/product\/22ct-gold-rope-chain-33423\/#breadcrumb","itemListElement":[{"@type":"ListItem","position":1,"name":"Home","item":"https:\/\/www.purejewels.com\/"},{"@type":"ListItem","position":2,"name":"Shop","item":"https:\/\/www.purejewels.com\/shop\/"},{"@type":"ListItem","position":3,"name":"Unisex 22ct Gold Rope Chain \u2013 20 Inches"}]},{"@type":"WebSite","@id":"https:\/\/www.purejewels.com\/#website","url":"https:\/\/www.purejewels.com\/","name":"PureJewels \u0130ngiltere","description":"Sevgiyi Payla\u015f\u0131n","publisher":{"@id":"https:\/\/www.purejewels.com\/#organization"},"potentialAction":[{"@type":"SearchAction","target":{"@type":"EntryPoint","urlTemplate":"https:\/\/www.purejewels.com\/?s={search_term_string}"},"query-input":{"@type":"PropertyValueSpecification","valueRequired":true,"valueName":"search_term_string"}}],"inLanguage":"tr"},{"@type":"Organization","@id":"https:\/\/www.purejewels.com\/#organization","name":"PureJewels \u0130ngiltere","url":"https:\/\/www.purejewels.com\/","logo":{"@type":"ImageObject","inLanguage":"tr","@id":"https:\/\/www.purejewels.com\/#\/schema\/logo\/image\/","url":"https:\/\/static.purejewels.com\/wp-content\/uploads\/2020\/11\/Logo-PJ-New-1.png","contentUrl":"https:\/\/static.purejewels.com\/wp-content\/uploads\/2020\/11\/Logo-PJ-New-1.png","width":150,"height":80,"caption":"PureJewels UK"},"image":{"@id":"https:\/\/www.purejewels.com\/#\/schema\/logo\/image\/"}}]}},"_links":{"self":[{"href":"https:\/\/www.purejewels.com\/tr\/wp-json\/wp\/v2\/product\/318433","targetHints":{"allow":["GET"]}}],"collection":[{"href":"https:\/\/www.purejewels.com\/tr\/wp-json\/wp\/v2\/product"}],"about":[{"href":"https:\/\/www.purejewels.com\/tr\/wp-json\/wp\/v2\/types\/product"}],"replies":[{"embeddable":true,"href":"https:\/\/www.purejewels.com\/tr\/wp-json\/wp\/v2\/comments?post=318433"}],"version-history":[{"count":2,"href":"https:\/\/www.purejewels.com\/tr\/wp-json\/wp\/v2\/product\/318433\/revisions"}],"predecessor-version":[{"id":424334,"href":"https:\/\/www.purejewels.com\/tr\/wp-json\/wp\/v2\/product\/318433\/revisions\/424334"}],"wp:featuredmedia":[{"embeddable":true,"href":"https:\/\/www.purejewels.com\/tr\/wp-json\/wp\/v2\/media\/318438"}],"wp:attachment":[{"href":"https:\/\/www.purejewels.com\/tr\/wp-json\/wp\/v2\/media?parent=318433"}],"wp:term":[{"taxonomy":"product_brand","embeddable":true,"href":"https:\/\/www.purejewels.com\/tr\/wp-json\/wp\/v2\/product_brand?post=318433"},{"taxonomy":"product_cat","embeddable":true,"href":"https:\/\/www.purejewels.com\/tr\/wp-json\/wp\/v2\/product_cat?post=318433"},{"taxonomy":"product_tag","embeddable":true,"href":"https:\/\/www.purejewels.com\/tr\/wp-json\/wp\/v2\/product_tag?post=318433"}],"curies":[{"name":"wp","href":"https:\/\/api.w.org\/{rel}","templated":true}]}}