{"id":318439,"date":"2020-10-21T06:41:11","date_gmt":"2020-10-21T05:41:11","guid":{"rendered":"https:\/\/www.purejewels.com\/product\/22ct-gold-chain-25-8-gm-24-inches\/"},"modified":"2024-09-03T07:26:38","modified_gmt":"2024-09-03T06:26:38","slug":"22-ayar-altin-halat-zincir-33425","status":"publish","type":"product","link":"https:\/\/www.purejewels.com\/tr\/product\/22ct-gold-rope-chain-33425\/","title":{"rendered":"24 \u0130n\u00e7 22 Ayar Alt\u0131n Halat Zincir"},"content":{"rendered":"<ul>\n<li>A\u011f\u0131rl\u0131k 25,8 gms<\/li>\n<li>SKU. 33425<\/li>\n<\/ul>","protected":false},"excerpt":{"rendered":"<div class=\"woocommerce-product-details__short-description\">\n<ul>\n<li>22ct\u00a0<span id=\"urn:enhancement-c6705e7d\" class=\"textannotation\">Alt\u0131n<\/span>\u00a0<span id=\"urn:enhancement-1dacea93\" class=\"textannotation\">Halat<\/span>\u00a0<span id=\"urn:enhancement-5de0c2ef\" class=\"textannotation\">zincir<\/span>\u00a0\u0130ngiltere<\/li>\n<li><span id=\"urn:enhancement-650bc6c\" class=\"textannotation\">Uzunluk<\/span>\u00a0..\u00a0<span id=\"urn:enhancement-25d40a2f\" class=\"textannotation\">zincir<\/span>\u00a024\u2033 \u0130n\u00e7tir<\/li>\n<li><span id=\"urn:enhancement-8114dd56\" class=\"textannotation\">Zincir<\/span>\u00a0<span id=\"urn:enhancement-f4c09e3a\" class=\"textannotation\">A\u011f\u0131rl\u0131k<\/span>. 25.8 gms<\/li>\n<li>Kal\u0131nl\u0131k 2,6 mm'dir<\/li>\n<li><span id=\"urn:enhancement-717b252\" class=\"textannotation\">SKU<\/span>. 33425<\/li>\n<li>M\u00fckemmel bir 22ct\u00a0<span id=\"urn:enhancement-94417a04\" class=\"textannotation\">Alt\u0131n<\/span>\u00a0Erkek\u00a0<span id=\"urn:enhancement-820c1cc8\" class=\"textannotation\">Zincir<\/span><\/li>\n<li>Olabilir\u00a0<span id=\"urn:enhancement-63ac5034\" class=\"textannotation\">sipari\u015f \u00fczerine<\/span>\u00a0ihtiyaca g\u00f6re farkl\u0131 a\u011f\u0131rl\u0131k ve uzunlukta<\/li>\n<li>T\u00fcm\u00fc\u00a0<span id=\"urn:enhancement-148047d7\" class=\"textannotation\">fiyatlar<\/span>\u00a0KDV dahil<\/li>\n<li>B\u00fct\u00fcn\u00a0<span id=\"urn:enhancement-13e2e3ca\" class=\"textannotation\">\u00fcr\u00fcnler<\/span>\u00a0Londra taraf\u0131ndan damgalanm\u0131\u015ft\u0131r\u00a0<span id=\"urn:enhancement-5ce2b137\" class=\"textannotation\">Tahlil Ofisi<\/span><\/li>\n<li>B\u00fct\u00fcn\u00a0<span id=\"urn:enhancement-5e1386f1\" class=\"textannotation\">Alt\u0131n<\/span>\u00a0<span id=\"urn:enhancement-2f12660f\" class=\"textannotation\">Halat<\/span>\u00a0<span id=\"urn:enhancement-a3782bba\" class=\"textannotation\">Zincir<\/span>\u00a0\u0130ngiltere ile birlikte gelir\u00a0<span id=\"urn:enhancement-e802d7bf\" class=\"textannotation\">SUNUM<\/span>\u00a0<span id=\"urn:enhancement-5a85ac4d\" class=\"textannotation\">kutu<\/span><\/li>\n<li><span id=\"urn:enhancement-71d9207d\" class=\"textannotation\">Teslimat<\/span>\u00a0Dahil<\/li>\n<li><span id=\"urn:enhancement-faba0e12\" class=\"textannotation\">\u0130leti\u015fim<\/span>\u00a0biz \/\u00a0<span id=\"urn:enhancement-27cf84be\" class=\"textannotation\">sohbet<\/span>\u00a0i\u00e7in bizimle\u00a0<span id=\"urn:enhancement-f66775e9\" class=\"textannotation\">canl\u0131<\/span>\u00a0videosu\u00a0<span id=\"urn:enhancement-b19afae8\" class=\"textannotation\">\u00fcr\u00fcn<\/span><\/li>\n<\/ul>\n<\/div>\n<p>&nbsp;<\/p>","protected":false},"featured_media":320778,"comment_status":"closed","ping_status":"closed","template":"","meta":{"_eb_attr":"","_crsspst_to_jayantr4sg-hostcom":false},"product_brand":[],"product_cat":[1475,1572],"product_tag":[4121],"class_list":{"0":"post-318439","1":"product","2":"type-product","3":"status-publish","4":"has-post-thumbnail","6":"product_cat-gold-chains","7":"product_cat-mens-jewellery","8":"product_tag-chains-for-sale","10":"first","11":"outofstock","12":"sale","13":"taxable","14":"shipping-taxable","15":"product-type-simple","16":"add-to-wishlist-before_image"},"yoast_head":"<!-- This site is optimized with the Yoast SEO plugin v27.3 - https:\/\/yoast.com\/product\/yoast-seo-wordpress\/ -->\n<title>22ct Gold Rope Chain in 24 Inches - PureJewels UK<\/title>\n<meta name=\"robots\" content=\"index, follow, max-snippet:-1, max-image-preview:large, max-video-preview:-1\" \/>\n<link rel=\"canonical\" href=\"https:\/\/www.purejewels.com\/tr\/urun\/22-ayar-altin-halat-zincir-33425\/\" \/>\n<meta property=\"og:locale\" content=\"tr_TR\" \/>\n<meta property=\"og:type\" content=\"article\" \/>\n<meta property=\"og:title\" content=\"22ct Gold Rope Chain in 24 Inches - PureJewels UK\" \/>\n<meta property=\"og:description\" content=\"22ct\u00a0Gold\u00a0Rope\u00a0chain\u00a0uk  Length\u00a0of the\u00a0chain\u00a0is 24\u2033 Inches  Chain\u00a0Weight. 25.8 gms  Thickness is 2.6mm  SKU. 33425  A perfect 22ct\u00a0Gold\u00a0Mens\u00a0Chain  Can be\u00a0made to order\u00a0in different weight &amp; length as requirement  All\u00a0prices\u00a0include VAT  All our\u00a0products\u00a0are hallmarked by London\u00a0Assay Office  All our\u00a0Gold\u00a0Rope\u00a0Chain\u00a0UK comes with\u00a0presentation\u00a0box  Delivery\u00a0Included  Contact\u00a0us \/\u00a0chat\u00a0with us for\u00a0live\u00a0video of\u00a0product   &nbsp;\" \/>\n<meta property=\"og:url\" content=\"https:\/\/www.purejewels.com\/tr\/urun\/22-ayar-altin-halat-zincir-33425\/\" \/>\n<meta property=\"og:site_name\" content=\"PureJewels UK\" \/>\n<meta property=\"article:modified_time\" content=\"2024-09-03T06:26:38+00:00\" \/>\n<meta property=\"og:image\" content=\"https:\/\/www.purejewels.com\/wp-content\/uploads\/2020\/12\/image199655103.png\" \/>\n\t<meta property=\"og:image:width\" content=\"1000\" \/>\n\t<meta property=\"og:image:height\" content=\"1000\" \/>\n\t<meta property=\"og:image:type\" content=\"image\/png\" \/>\n<meta name=\"twitter:card\" content=\"summary_large_image\" \/>\n<script type=\"application\/ld+json\" class=\"yoast-schema-graph\">{\"@context\":\"https:\\\/\\\/schema.org\",\"@graph\":[{\"@type\":[\"WebPage\",\"ItemPage\"],\"@id\":\"https:\\\/\\\/www.purejewels.com\\\/product\\\/22ct-gold-rope-chain-33425\\\/\",\"url\":\"https:\\\/\\\/www.purejewels.com\\\/product\\\/22ct-gold-rope-chain-33425\\\/\",\"name\":\"22ct Gold Rope Chain in 24 Inches - PureJewels UK\",\"isPartOf\":{\"@id\":\"https:\\\/\\\/www.purejewels.com\\\/#website\"},\"primaryImageOfPage\":{\"@id\":\"https:\\\/\\\/www.purejewels.com\\\/product\\\/22ct-gold-rope-chain-33425\\\/#primaryimage\"},\"image\":{\"@id\":\"https:\\\/\\\/www.purejewels.com\\\/product\\\/22ct-gold-rope-chain-33425\\\/#primaryimage\"},\"thumbnailUrl\":\"https:\\\/\\\/static.purejewels.com\\\/wp-content\\\/uploads\\\/2020\\\/12\\\/image199655103.png\",\"datePublished\":\"2020-10-21T05:41:11+00:00\",\"dateModified\":\"2024-09-03T06:26:38+00:00\",\"breadcrumb\":{\"@id\":\"https:\\\/\\\/www.purejewels.com\\\/product\\\/22ct-gold-rope-chain-33425\\\/#breadcrumb\"},\"inLanguage\":\"tr\",\"potentialAction\":[{\"@type\":\"ReadAction\",\"target\":[\"https:\\\/\\\/www.purejewels.com\\\/product\\\/22ct-gold-rope-chain-33425\\\/\"]}]},{\"@type\":\"ImageObject\",\"inLanguage\":\"tr\",\"@id\":\"https:\\\/\\\/www.purejewels.com\\\/product\\\/22ct-gold-rope-chain-33425\\\/#primaryimage\",\"url\":\"https:\\\/\\\/static.purejewels.com\\\/wp-content\\\/uploads\\\/2020\\\/12\\\/image199655103.png\",\"contentUrl\":\"https:\\\/\\\/static.purejewels.com\\\/wp-content\\\/uploads\\\/2020\\\/12\\\/image199655103.png\",\"width\":1000,\"height\":1000},{\"@type\":\"BreadcrumbList\",\"@id\":\"https:\\\/\\\/www.purejewels.com\\\/product\\\/22ct-gold-rope-chain-33425\\\/#breadcrumb\",\"itemListElement\":[{\"@type\":\"ListItem\",\"position\":1,\"name\":\"Home\",\"item\":\"https:\\\/\\\/www.purejewels.com\\\/\"},{\"@type\":\"ListItem\",\"position\":2,\"name\":\"Shop\",\"item\":\"https:\\\/\\\/www.purejewels.com\\\/shop\\\/\"},{\"@type\":\"ListItem\",\"position\":3,\"name\":\"22ct Gold Rope Chain in 24 Inches\"}]},{\"@type\":\"WebSite\",\"@id\":\"https:\\\/\\\/www.purejewels.com\\\/#website\",\"url\":\"https:\\\/\\\/www.purejewels.com\\\/\",\"name\":\"PureJewels UK\",\"description\":\"Share the Love\",\"publisher\":{\"@id\":\"https:\\\/\\\/www.purejewels.com\\\/#organization\"},\"potentialAction\":[{\"@type\":\"SearchAction\",\"target\":{\"@type\":\"EntryPoint\",\"urlTemplate\":\"https:\\\/\\\/www.purejewels.com\\\/?s={search_term_string}\"},\"query-input\":{\"@type\":\"PropertyValueSpecification\",\"valueRequired\":true,\"valueName\":\"search_term_string\"}}],\"inLanguage\":\"tr\"},{\"@type\":\"Organization\",\"@id\":\"https:\\\/\\\/www.purejewels.com\\\/#organization\",\"name\":\"PureJewels UK\",\"url\":\"https:\\\/\\\/www.purejewels.com\\\/\",\"logo\":{\"@type\":\"ImageObject\",\"inLanguage\":\"tr\",\"@id\":\"https:\\\/\\\/www.purejewels.com\\\/#\\\/schema\\\/logo\\\/image\\\/\",\"url\":\"https:\\\/\\\/static.purejewels.com\\\/wp-content\\\/uploads\\\/2020\\\/11\\\/Logo-PJ-New-1.png\",\"contentUrl\":\"https:\\\/\\\/static.purejewels.com\\\/wp-content\\\/uploads\\\/2020\\\/11\\\/Logo-PJ-New-1.png\",\"width\":150,\"height\":80,\"caption\":\"PureJewels UK\"},\"image\":{\"@id\":\"https:\\\/\\\/www.purejewels.com\\\/#\\\/schema\\\/logo\\\/image\\\/\"}}]}<\/script>\n<!-- \/ Yoast SEO plugin. -->","yoast_head_json":{"title":"24 \u0130n\u00e7 22 Ayar Alt\u0131n Halat Zincir - PureJewels UK","robots":{"index":"index","follow":"follow","max-snippet":"max-snippet:-1","max-image-preview":"max-image-preview:large","max-video-preview":"max-video-preview:-1"},"canonical":"https:\/\/www.purejewels.com\/tr\/urun\/22-ayar-altin-halat-zincir-33425\/","og_locale":"tr_TR","og_type":"article","og_title":"22ct Gold Rope Chain in 24 Inches - PureJewels UK","og_description":"22ct\u00a0Gold\u00a0Rope\u00a0chain\u00a0uk  Length\u00a0of the\u00a0chain\u00a0is 24\u2033 Inches  Chain\u00a0Weight. 25.8 gms  Thickness is 2.6mm  SKU. 33425  A perfect 22ct\u00a0Gold\u00a0Mens\u00a0Chain  Can be\u00a0made to order\u00a0in different weight &amp; length as requirement  All\u00a0prices\u00a0include VAT  All our\u00a0products\u00a0are hallmarked by London\u00a0Assay Office  All our\u00a0Gold\u00a0Rope\u00a0Chain\u00a0UK comes with\u00a0presentation\u00a0box  Delivery\u00a0Included  Contact\u00a0us \/\u00a0chat\u00a0with us for\u00a0live\u00a0video of\u00a0product   &nbsp;","og_url":"https:\/\/www.purejewels.com\/tr\/urun\/22-ayar-altin-halat-zincir-33425\/","og_site_name":"PureJewels UK","article_modified_time":"2024-09-03T06:26:38+00:00","og_image":[{"width":1000,"height":1000,"url":"https:\/\/www.purejewels.com\/wp-content\/uploads\/2020\/12\/image199655103.png","type":"image\/png"}],"twitter_card":"summary_large_image","schema":{"@context":"https:\/\/schema.org","@graph":[{"@type":["WebPage","ItemPage"],"@id":"https:\/\/www.purejewels.com\/product\/22ct-gold-rope-chain-33425\/","url":"https:\/\/www.purejewels.com\/product\/22ct-gold-rope-chain-33425\/","name":"24 \u0130n\u00e7 22 Ayar Alt\u0131n Halat Zincir - PureJewels UK","isPartOf":{"@id":"https:\/\/www.purejewels.com\/#website"},"primaryImageOfPage":{"@id":"https:\/\/www.purejewels.com\/product\/22ct-gold-rope-chain-33425\/#primaryimage"},"image":{"@id":"https:\/\/www.purejewels.com\/product\/22ct-gold-rope-chain-33425\/#primaryimage"},"thumbnailUrl":"https:\/\/static.purejewels.com\/wp-content\/uploads\/2020\/12\/image199655103.png","datePublished":"2020-10-21T05:41:11+00:00","dateModified":"2024-09-03T06:26:38+00:00","breadcrumb":{"@id":"https:\/\/www.purejewels.com\/product\/22ct-gold-rope-chain-33425\/#breadcrumb"},"inLanguage":"tr","potentialAction":[{"@type":"ReadAction","target":["https:\/\/www.purejewels.com\/product\/22ct-gold-rope-chain-33425\/"]}]},{"@type":"ImageObject","inLanguage":"tr","@id":"https:\/\/www.purejewels.com\/product\/22ct-gold-rope-chain-33425\/#primaryimage","url":"https:\/\/static.purejewels.com\/wp-content\/uploads\/2020\/12\/image199655103.png","contentUrl":"https:\/\/static.purejewels.com\/wp-content\/uploads\/2020\/12\/image199655103.png","width":1000,"height":1000},{"@type":"BreadcrumbList","@id":"https:\/\/www.purejewels.com\/product\/22ct-gold-rope-chain-33425\/#breadcrumb","itemListElement":[{"@type":"ListItem","position":1,"name":"Home","item":"https:\/\/www.purejewels.com\/"},{"@type":"ListItem","position":2,"name":"Shop","item":"https:\/\/www.purejewels.com\/shop\/"},{"@type":"ListItem","position":3,"name":"22ct Gold Rope Chain in 24 Inches"}]},{"@type":"WebSite","@id":"https:\/\/www.purejewels.com\/#website","url":"https:\/\/www.purejewels.com\/","name":"PureJewels \u0130ngiltere","description":"Sevgiyi Payla\u015f\u0131n","publisher":{"@id":"https:\/\/www.purejewels.com\/#organization"},"potentialAction":[{"@type":"SearchAction","target":{"@type":"EntryPoint","urlTemplate":"https:\/\/www.purejewels.com\/?s={search_term_string}"},"query-input":{"@type":"PropertyValueSpecification","valueRequired":true,"valueName":"search_term_string"}}],"inLanguage":"tr"},{"@type":"Organization","@id":"https:\/\/www.purejewels.com\/#organization","name":"PureJewels \u0130ngiltere","url":"https:\/\/www.purejewels.com\/","logo":{"@type":"ImageObject","inLanguage":"tr","@id":"https:\/\/www.purejewels.com\/#\/schema\/logo\/image\/","url":"https:\/\/static.purejewels.com\/wp-content\/uploads\/2020\/11\/Logo-PJ-New-1.png","contentUrl":"https:\/\/static.purejewels.com\/wp-content\/uploads\/2020\/11\/Logo-PJ-New-1.png","width":150,"height":80,"caption":"PureJewels UK"},"image":{"@id":"https:\/\/www.purejewels.com\/#\/schema\/logo\/image\/"}}]}},"_links":{"self":[{"href":"https:\/\/www.purejewels.com\/tr\/wp-json\/wp\/v2\/product\/318439","targetHints":{"allow":["GET"]}}],"collection":[{"href":"https:\/\/www.purejewels.com\/tr\/wp-json\/wp\/v2\/product"}],"about":[{"href":"https:\/\/www.purejewels.com\/tr\/wp-json\/wp\/v2\/types\/product"}],"replies":[{"embeddable":true,"href":"https:\/\/www.purejewels.com\/tr\/wp-json\/wp\/v2\/comments?post=318439"}],"version-history":[{"count":1,"href":"https:\/\/www.purejewels.com\/tr\/wp-json\/wp\/v2\/product\/318439\/revisions"}],"predecessor-version":[{"id":370830,"href":"https:\/\/www.purejewels.com\/tr\/wp-json\/wp\/v2\/product\/318439\/revisions\/370830"}],"wp:featuredmedia":[{"embeddable":true,"href":"https:\/\/www.purejewels.com\/tr\/wp-json\/wp\/v2\/media\/320778"}],"wp:attachment":[{"href":"https:\/\/www.purejewels.com\/tr\/wp-json\/wp\/v2\/media?parent=318439"}],"wp:term":[{"taxonomy":"product_brand","embeddable":true,"href":"https:\/\/www.purejewels.com\/tr\/wp-json\/wp\/v2\/product_brand?post=318439"},{"taxonomy":"product_cat","embeddable":true,"href":"https:\/\/www.purejewels.com\/tr\/wp-json\/wp\/v2\/product_cat?post=318439"},{"taxonomy":"product_tag","embeddable":true,"href":"https:\/\/www.purejewels.com\/tr\/wp-json\/wp\/v2\/product_tag?post=318439"}],"curies":[{"name":"wp","href":"https:\/\/api.w.org\/{rel}","templated":true}]}}