{"id":318449,"date":"2020-10-21T08:32:22","date_gmt":"2020-10-21T07:32:22","guid":{"rendered":"https:\/\/www.purejewels.com\/product\/jali-collection-22ct-gold-earring-2-5gm\/"},"modified":"2026-01-08T13:28:33","modified_gmt":"2026-01-08T13:28:33","slug":"22-ayar-sari-altin-telkari-saplama-kupe-32975","status":"publish","type":"product","link":"https:\/\/www.purejewels.com\/tr\/product\/22kt-yellow-gold-filigree-stud-earring-32975\/","title":{"rendered":"Klasik 22 Ayar Alt\u0131n Halat \u0130\u015fi \u00c7i\u00e7ekli Saplama K\u00fcpe"},"content":{"rendered":"<h4 data-start=\"695\" data-end=\"720\"><strong data-start=\"700\" data-end=\"718\">Tasar\u0131m Konsepti<\/strong><\/h4>\n<p data-start=\"721\" data-end=\"1058\">Bu <strong data-start=\"725\" data-end=\"777\">Klasik 22 Ayar Alt\u0131n Halat \u0130\u015fi \u00c7i\u00e7ekli Saplama K\u00fcpe<\/strong> kal\u0131c\u0131 Hint tasar\u0131m geleneklerine bir \u00f6vg\u00fc niteli\u011findedir. Do\u011fan\u0131n en zarif motifi olan \u00e7i\u00e7ekten esinlenerek tasarlanan her bir k\u00fcpe, y\u00fcksek cilal\u0131 bir kubbe ile ortalanm\u0131\u015f ve ince alt\u0131n boncuk i\u015f\u00e7ili\u011fiyle \u00e7er\u00e7evelenmi\u015f narin ip dokulu yapraklarla \u00e7i\u00e7ek a\u00e7ar. Tasar\u0131m uyum, kad\u0131ns\u0131l\u0131k ve g\u00fcc\u00fc yans\u0131t\u0131yor.<\/p>\n<h4 data-start=\"1060\" data-end=\"1084\"><strong data-start=\"1065\" data-end=\"1082\">Zanaatkarl\u0131k<\/strong><\/h4>\n<p data-start=\"1085\" data-end=\"1402\">Saf 22 ayar sar\u0131 alt\u0131ndan \u00fcretilen bu k\u00fcpeler, detayl\u0131 halat i\u015f\u00e7ili\u011fi ve telkari sanat\u0131n\u0131 g\u00f6zler \u00f6n\u00fcne seriyor. \u00dc\u00e7 boyutlu katmanlar ve hassas cilal\u0131 vurgular yetenekli el i\u015f\u00e7ili\u011fini yans\u0131t\u0131r. Hafif ama s\u00fcsl\u00fc olan bu k\u00fcpeler damgal\u0131d\u0131r ve g\u00fcvenli direk ve vidal\u0131 ba\u011flant\u0131 par\u00e7alar\u0131 ile uzun s\u00fcreli rahatl\u0131k i\u00e7in tasarlanm\u0131\u015ft\u0131r.<\/p>\n<h4 data-start=\"1404\" data-end=\"1428\"><strong data-start=\"1409\" data-end=\"1426\">Stil Fikirleri<\/strong><\/h4>\n<p data-start=\"1429\" data-end=\"1708\">Geleneksel g\u00fcnler, poojalar veya g\u00fcnl\u00fck kullan\u0131mda abart\u0131s\u0131z \u015f\u0131kl\u0131k i\u00e7in idealdir. Tam bir klasik g\u00f6r\u00fcn\u00fcm i\u00e7in alt\u0131n kolye veya bileziklerle e\u015fle\u015ftirin veya karma\u015f\u0131k g\u00fczelliklerini vurgulamak i\u00e7in tek ba\u015flar\u0131na tak\u0131n. D\u00fc\u011f\u00fcnler, do\u011fum g\u00fcnleri veya zamans\u0131z hat\u0131ralar i\u00e7in ho\u015f bir hediye se\u00e7ene\u011fi.<\/p>","protected":false},"excerpt":{"rendered":"<p>Bu 22 ayar alt\u0131n \u00e7i\u00e7ekli saplama k\u00fcpeler, \u00e7i\u00e7ek a\u00e7an bir tasar\u0131mda zarif ip detaylar\u0131na sahiptir. Hassasiyetle \u00fcretilen bu k\u00fcpeler, m\u00fccevher koleksiyonunuza zamans\u0131z bir dokunu\u015f getiriyor.<\/p>\n<ul>\n<li>22Kt Sar\u0131 Alt\u0131n Telkari Saplama K\u00fcpe<\/li>\n<li>\u0130nce El Yap\u0131m\u0131 Telkari Saplama<\/li>\n<li>\u00c7i\u00e7ek \u015feklinde<\/li>\n<li>A\u011f\u0131rl\u0131k. 2,5 gms<\/li>\n<li>10,6 mm \u00c7ap<\/li>\n<li>SKU. 32975<\/li>\n<li>T\u00fcm fiyatlara KDV dahildir<\/li>\n<li>T\u00fcm \u00fcr\u00fcnlerimiz London Assay Office taraf\u0131ndan damgalanm\u0131\u015ft\u0131r<\/li>\n<li>Sunum kutusu ile birlikte gelir<\/li>\n<li>Teslimat Dahil<\/li>\n<li>\u00dcr\u00fcn\u00fcn videosunu g\u00f6rmek i\u00e7in bize ula\u015f\u0131n \/ bizimle sohbet edin<\/li>\n<\/ul>","protected":false},"featured_media":318450,"comment_status":"closed","ping_status":"closed","template":"","meta":{"_eb_attr":"","_crsspst_to_jayantr4sg-hostcom":true},"product_brand":[],"product_cat":[1791,1559,1576,1254,252,1577,1574],"product_tag":[],"class_list":{"0":"post-318449","1":"product","2":"type-product","3":"status-publish","4":"has-post-thumbnail","6":"product_cat-anniversary-gifts","7":"product_cat-birthday-gifts","8":"product_cat-childrens-jewellery","9":"product_cat-gold-earrings","10":"product_cat-jali-collections","11":"product_cat-stud-earrings","12":"product_cat-womens-jewellery","14":"first","15":"outofstock","16":"taxable","17":"shipping-taxable","18":"product-type-simple","19":"add-to-wishlist-before_image"},"yoast_head":"<!-- This site is optimized with the Yoast SEO plugin v27.3 - https:\/\/yoast.com\/product\/yoast-seo-wordpress\/ -->\n<title>Timeless 22kt Gold Floral Stud Earrings with Rope Detailing<\/title>\n<meta name=\"description\" content=\"Adorn yourself with classic 22kt gold floral stud earrings featuring intricate rope work. A perfect blend of tradition, craftsmanship, and everyday elegance.\" \/>\n<meta name=\"robots\" content=\"index, follow, max-snippet:-1, max-image-preview:large, max-video-preview:-1\" \/>\n<link rel=\"canonical\" href=\"https:\/\/www.purejewels.com\/tr\/urun\/22-ayar-sari-altin-telkari-saplama-kupe-32975\/\" \/>\n<meta property=\"og:locale\" content=\"tr_TR\" \/>\n<meta property=\"og:type\" content=\"article\" \/>\n<meta property=\"og:title\" content=\"Timeless 22kt Gold Floral Stud Earrings with Rope Detailing\" \/>\n<meta property=\"og:description\" content=\"Adorn yourself with classic 22kt gold floral stud earrings featuring intricate rope work. A perfect blend of tradition, craftsmanship, and everyday elegance.\" \/>\n<meta property=\"og:url\" content=\"https:\/\/www.purejewels.com\/tr\/urun\/22-ayar-sari-altin-telkari-saplama-kupe-32975\/\" \/>\n<meta property=\"og:site_name\" content=\"PureJewels UK\" \/>\n<meta property=\"article:modified_time\" content=\"2026-01-08T13:28:33+00:00\" \/>\n<meta property=\"og:image\" content=\"https:\/\/static.purejewels.com\/wp-content\/uploads\/2020\/10\/image187964015.jpg\" \/>\n\t<meta property=\"og:image:width\" content=\"1000\" \/>\n\t<meta property=\"og:image:height\" content=\"1000\" \/>\n\t<meta property=\"og:image:type\" content=\"image\/jpeg\" \/>\n<meta name=\"twitter:card\" content=\"summary_large_image\" \/>\n<meta name=\"twitter:label1\" content=\"Tahmini okuma s\u00fcresi\" \/>\n\t<meta name=\"twitter:data1\" content=\"1 dakika\" \/>\n<script type=\"application\/ld+json\" class=\"yoast-schema-graph\">{\"@context\":\"https:\\\/\\\/schema.org\",\"@graph\":[{\"@type\":[\"WebPage\",\"ItemPage\"],\"@id\":\"https:\\\/\\\/www.purejewels.com\\\/product\\\/22kt-yellow-gold-filigree-stud-earring-32975\\\/\",\"url\":\"https:\\\/\\\/www.purejewels.com\\\/product\\\/22kt-yellow-gold-filigree-stud-earring-32975\\\/\",\"name\":\"Timeless 22kt Gold Floral Stud Earrings with Rope Detailing\",\"isPartOf\":{\"@id\":\"https:\\\/\\\/www.purejewels.com\\\/#website\"},\"primaryImageOfPage\":{\"@id\":\"https:\\\/\\\/www.purejewels.com\\\/product\\\/22kt-yellow-gold-filigree-stud-earring-32975\\\/#primaryimage\"},\"image\":{\"@id\":\"https:\\\/\\\/www.purejewels.com\\\/product\\\/22kt-yellow-gold-filigree-stud-earring-32975\\\/#primaryimage\"},\"thumbnailUrl\":\"https:\\\/\\\/static.purejewels.com\\\/wp-content\\\/uploads\\\/2020\\\/10\\\/image187964015.jpg\",\"datePublished\":\"2020-10-21T07:32:22+00:00\",\"dateModified\":\"2026-01-08T13:28:33+00:00\",\"description\":\"Adorn yourself with classic 22kt gold floral stud earrings featuring intricate rope work. A perfect blend of tradition, craftsmanship, and everyday elegance.\",\"breadcrumb\":{\"@id\":\"https:\\\/\\\/www.purejewels.com\\\/product\\\/22kt-yellow-gold-filigree-stud-earring-32975\\\/#breadcrumb\"},\"inLanguage\":\"tr\",\"potentialAction\":[{\"@type\":\"ReadAction\",\"target\":[\"https:\\\/\\\/www.purejewels.com\\\/product\\\/22kt-yellow-gold-filigree-stud-earring-32975\\\/\"]}]},{\"@type\":\"ImageObject\",\"inLanguage\":\"tr\",\"@id\":\"https:\\\/\\\/www.purejewels.com\\\/product\\\/22kt-yellow-gold-filigree-stud-earring-32975\\\/#primaryimage\",\"url\":\"https:\\\/\\\/static.purejewels.com\\\/wp-content\\\/uploads\\\/2020\\\/10\\\/image187964015.jpg\",\"contentUrl\":\"https:\\\/\\\/static.purejewels.com\\\/wp-content\\\/uploads\\\/2020\\\/10\\\/image187964015.jpg\",\"width\":1000,\"height\":1000,\"caption\":\"Jali 22ct light Round Shape Jali Stud 5-10 mm Earring JLER337\"},{\"@type\":\"BreadcrumbList\",\"@id\":\"https:\\\/\\\/www.purejewels.com\\\/product\\\/22kt-yellow-gold-filigree-stud-earring-32975\\\/#breadcrumb\",\"itemListElement\":[{\"@type\":\"ListItem\",\"position\":1,\"name\":\"Home\",\"item\":\"https:\\\/\\\/www.purejewels.com\\\/\"},{\"@type\":\"ListItem\",\"position\":2,\"name\":\"Shop\",\"item\":\"https:\\\/\\\/www.purejewels.com\\\/shop\\\/\"},{\"@type\":\"ListItem\",\"position\":3,\"name\":\"Classic 22kt Gold Rope Work Floral Stud Earrings\"}]},{\"@type\":\"WebSite\",\"@id\":\"https:\\\/\\\/www.purejewels.com\\\/#website\",\"url\":\"https:\\\/\\\/www.purejewels.com\\\/\",\"name\":\"PureJewels UK\",\"description\":\"Share the Love\",\"publisher\":{\"@id\":\"https:\\\/\\\/www.purejewels.com\\\/#organization\"},\"potentialAction\":[{\"@type\":\"SearchAction\",\"target\":{\"@type\":\"EntryPoint\",\"urlTemplate\":\"https:\\\/\\\/www.purejewels.com\\\/?s={search_term_string}\"},\"query-input\":{\"@type\":\"PropertyValueSpecification\",\"valueRequired\":true,\"valueName\":\"search_term_string\"}}],\"inLanguage\":\"tr\"},{\"@type\":\"Organization\",\"@id\":\"https:\\\/\\\/www.purejewels.com\\\/#organization\",\"name\":\"PureJewels UK\",\"url\":\"https:\\\/\\\/www.purejewels.com\\\/\",\"logo\":{\"@type\":\"ImageObject\",\"inLanguage\":\"tr\",\"@id\":\"https:\\\/\\\/www.purejewels.com\\\/#\\\/schema\\\/logo\\\/image\\\/\",\"url\":\"https:\\\/\\\/static.purejewels.com\\\/wp-content\\\/uploads\\\/2020\\\/11\\\/Logo-PJ-New-1.png\",\"contentUrl\":\"https:\\\/\\\/static.purejewels.com\\\/wp-content\\\/uploads\\\/2020\\\/11\\\/Logo-PJ-New-1.png\",\"width\":150,\"height\":80,\"caption\":\"PureJewels UK\"},\"image\":{\"@id\":\"https:\\\/\\\/www.purejewels.com\\\/#\\\/schema\\\/logo\\\/image\\\/\"}}]}<\/script>\n<!-- \/ Yoast SEO plugin. -->","yoast_head_json":{"title":"Halat Detayl\u0131 Zamans\u0131z 22 Ayar Alt\u0131n \u00c7i\u00e7ekli Saplama K\u00fcpe","description":"Karma\u015f\u0131k ip i\u015f\u00e7ili\u011fine sahip klasik 22 ayar alt\u0131n \u00e7i\u00e7ekli k\u00fcpelerle kendinizi s\u00fcsleyin. Gelenek, i\u015f\u00e7ilik ve g\u00fcnl\u00fck \u015f\u0131kl\u0131\u011f\u0131n m\u00fckemmel bir kar\u0131\u015f\u0131m\u0131.","robots":{"index":"index","follow":"follow","max-snippet":"max-snippet:-1","max-image-preview":"max-image-preview:large","max-video-preview":"max-video-preview:-1"},"canonical":"https:\/\/www.purejewels.com\/tr\/urun\/22-ayar-sari-altin-telkari-saplama-kupe-32975\/","og_locale":"tr_TR","og_type":"article","og_title":"Timeless 22kt Gold Floral Stud Earrings with Rope Detailing","og_description":"Adorn yourself with classic 22kt gold floral stud earrings featuring intricate rope work. A perfect blend of tradition, craftsmanship, and everyday elegance.","og_url":"https:\/\/www.purejewels.com\/tr\/urun\/22-ayar-sari-altin-telkari-saplama-kupe-32975\/","og_site_name":"PureJewels UK","article_modified_time":"2026-01-08T13:28:33+00:00","og_image":[{"width":1000,"height":1000,"url":"https:\/\/static.purejewels.com\/wp-content\/uploads\/2020\/10\/image187964015.jpg","type":"image\/jpeg"}],"twitter_card":"summary_large_image","twitter_misc":{"Tahmini okuma s\u00fcresi":"1 dakika"},"schema":{"@context":"https:\/\/schema.org","@graph":[{"@type":["WebPage","ItemPage"],"@id":"https:\/\/www.purejewels.com\/product\/22kt-yellow-gold-filigree-stud-earring-32975\/","url":"https:\/\/www.purejewels.com\/product\/22kt-yellow-gold-filigree-stud-earring-32975\/","name":"Halat Detayl\u0131 Zamans\u0131z 22 Ayar Alt\u0131n \u00c7i\u00e7ekli Saplama K\u00fcpe","isPartOf":{"@id":"https:\/\/www.purejewels.com\/#website"},"primaryImageOfPage":{"@id":"https:\/\/www.purejewels.com\/product\/22kt-yellow-gold-filigree-stud-earring-32975\/#primaryimage"},"image":{"@id":"https:\/\/www.purejewels.com\/product\/22kt-yellow-gold-filigree-stud-earring-32975\/#primaryimage"},"thumbnailUrl":"https:\/\/static.purejewels.com\/wp-content\/uploads\/2020\/10\/image187964015.jpg","datePublished":"2020-10-21T07:32:22+00:00","dateModified":"2026-01-08T13:28:33+00:00","description":"Karma\u015f\u0131k ip i\u015f\u00e7ili\u011fine sahip klasik 22 ayar alt\u0131n \u00e7i\u00e7ekli k\u00fcpelerle kendinizi s\u00fcsleyin. Gelenek, i\u015f\u00e7ilik ve g\u00fcnl\u00fck \u015f\u0131kl\u0131\u011f\u0131n m\u00fckemmel bir kar\u0131\u015f\u0131m\u0131.","breadcrumb":{"@id":"https:\/\/www.purejewels.com\/product\/22kt-yellow-gold-filigree-stud-earring-32975\/#breadcrumb"},"inLanguage":"tr","potentialAction":[{"@type":"ReadAction","target":["https:\/\/www.purejewels.com\/product\/22kt-yellow-gold-filigree-stud-earring-32975\/"]}]},{"@type":"ImageObject","inLanguage":"tr","@id":"https:\/\/www.purejewels.com\/product\/22kt-yellow-gold-filigree-stud-earring-32975\/#primaryimage","url":"https:\/\/static.purejewels.com\/wp-content\/uploads\/2020\/10\/image187964015.jpg","contentUrl":"https:\/\/static.purejewels.com\/wp-content\/uploads\/2020\/10\/image187964015.jpg","width":1000,"height":1000,"caption":"Jali 22ct light Round Shape Jali Stud 5-10 mm Earring JLER337"},{"@type":"BreadcrumbList","@id":"https:\/\/www.purejewels.com\/product\/22kt-yellow-gold-filigree-stud-earring-32975\/#breadcrumb","itemListElement":[{"@type":"ListItem","position":1,"name":"Home","item":"https:\/\/www.purejewels.com\/"},{"@type":"ListItem","position":2,"name":"Shop","item":"https:\/\/www.purejewels.com\/shop\/"},{"@type":"ListItem","position":3,"name":"Classic 22kt Gold Rope Work Floral Stud Earrings"}]},{"@type":"WebSite","@id":"https:\/\/www.purejewels.com\/#website","url":"https:\/\/www.purejewels.com\/","name":"PureJewels \u0130ngiltere","description":"Sevgiyi Payla\u015f\u0131n","publisher":{"@id":"https:\/\/www.purejewels.com\/#organization"},"potentialAction":[{"@type":"SearchAction","target":{"@type":"EntryPoint","urlTemplate":"https:\/\/www.purejewels.com\/?s={search_term_string}"},"query-input":{"@type":"PropertyValueSpecification","valueRequired":true,"valueName":"search_term_string"}}],"inLanguage":"tr"},{"@type":"Organization","@id":"https:\/\/www.purejewels.com\/#organization","name":"PureJewels \u0130ngiltere","url":"https:\/\/www.purejewels.com\/","logo":{"@type":"ImageObject","inLanguage":"tr","@id":"https:\/\/www.purejewels.com\/#\/schema\/logo\/image\/","url":"https:\/\/static.purejewels.com\/wp-content\/uploads\/2020\/11\/Logo-PJ-New-1.png","contentUrl":"https:\/\/static.purejewels.com\/wp-content\/uploads\/2020\/11\/Logo-PJ-New-1.png","width":150,"height":80,"caption":"PureJewels UK"},"image":{"@id":"https:\/\/www.purejewels.com\/#\/schema\/logo\/image\/"}}]}},"_links":{"self":[{"href":"https:\/\/www.purejewels.com\/tr\/wp-json\/wp\/v2\/product\/318449","targetHints":{"allow":["GET"]}}],"collection":[{"href":"https:\/\/www.purejewels.com\/tr\/wp-json\/wp\/v2\/product"}],"about":[{"href":"https:\/\/www.purejewels.com\/tr\/wp-json\/wp\/v2\/types\/product"}],"replies":[{"embeddable":true,"href":"https:\/\/www.purejewels.com\/tr\/wp-json\/wp\/v2\/comments?post=318449"}],"version-history":[{"count":3,"href":"https:\/\/www.purejewels.com\/tr\/wp-json\/wp\/v2\/product\/318449\/revisions"}],"predecessor-version":[{"id":424376,"href":"https:\/\/www.purejewels.com\/tr\/wp-json\/wp\/v2\/product\/318449\/revisions\/424376"}],"wp:featuredmedia":[{"embeddable":true,"href":"https:\/\/www.purejewels.com\/tr\/wp-json\/wp\/v2\/media\/318450"}],"wp:attachment":[{"href":"https:\/\/www.purejewels.com\/tr\/wp-json\/wp\/v2\/media?parent=318449"}],"wp:term":[{"taxonomy":"product_brand","embeddable":true,"href":"https:\/\/www.purejewels.com\/tr\/wp-json\/wp\/v2\/product_brand?post=318449"},{"taxonomy":"product_cat","embeddable":true,"href":"https:\/\/www.purejewels.com\/tr\/wp-json\/wp\/v2\/product_cat?post=318449"},{"taxonomy":"product_tag","embeddable":true,"href":"https:\/\/www.purejewels.com\/tr\/wp-json\/wp\/v2\/product_tag?post=318449"}],"curies":[{"name":"wp","href":"https:\/\/api.w.org\/{rel}","templated":true}]}}