{"id":318462,"date":"2020-10-21T10:06:00","date_gmt":"2020-10-21T09:06:00","guid":{"rendered":"https:\/\/www.purejewels.com\/product\/22ct-gold-chain-7-5gm-18-inches\/"},"modified":"2026-03-11T05:40:13","modified_gmt":"2026-03-11T05:40:13","slug":"22-ayar-altin-tilki-kuyrugu-zincir-33418","status":"publish","type":"product","link":"https:\/\/www.purejewels.com\/tr\/product\/22ct-gold-foxtail-chain-33418\/","title":{"rendered":"18 \u0130n\u00e7 22 Ayar Alt\u0131n Tilki Kuyru\u011fu Zincir"},"content":{"rendered":"<p>El i\u015f\u00e7ili\u011fi ile \u00f6zenle <strong data-start=\"545\" data-end=\"558\">22 ayar alt\u0131n<\/strong>, bu <strong data-start=\"565\" data-end=\"582\">Tilki Kuyru\u011fu Zinciri<\/strong> tasar\u0131m\u0131nda hem incelik hem de g\u00fc\u00e7 sunar. \u00d6l\u00e7\u00fcm <strong data-start=\"644\" data-end=\"657\">18 in\u00e7<\/strong> uzunlu\u011funda, <strong data-start=\"669\" data-end=\"678\">1.8 mm<\/strong> kal\u0131nl\u0131\u011f\u0131nda ve a\u011f\u0131rl\u0131\u011f\u0131nda <strong data-start=\"706\" data-end=\"720\">7.50 gram<\/strong>\u0130mza niteli\u011findeki tilki kuyru\u011fu \u00f6rg\u00fcs\u00fcne sahiptir - p\u00fcr\u00fczs\u00fcz, esnek ve son derece dayan\u0131kl\u0131 bir zincir olu\u015fturan bir dizi s\u0131k\u0131ca birbirine ba\u011flanm\u0131\u015f V \u015fekilli ba\u011flant\u0131.<\/p>\n<p>\u0130nce \u0131\u015f\u0131lt\u0131s\u0131 ve zarif drapesi, minimalist bir ifade olarak tek ba\u015f\u0131na takmak veya bir kolye ucuyla e\u015fle\u015ftirerek bir bireysellik dokunu\u015fu eklemek i\u00e7in m\u00fckemmeldir. Hafif ama g\u00fc\u00e7l\u00fc olan bu zincir, rahatl\u0131k ve uzun \u00f6m\u00fcrl\u00fcl\u00fck i\u00e7in tasarlanm\u0131\u015ft\u0131r ve her m\u00fccevher koleksiyonunun vazge\u00e7ilmez bir par\u00e7as\u0131d\u0131r.<\/p>","protected":false},"excerpt":{"rendered":"<p>22 Ayar Alt\u0131n Tilki Kuyru\u011fu Zincir (7,50 g, 18 in\u00e7, 1,8 mm) zarafet ve dayan\u0131kl\u0131l\u0131\u011f\u0131n g\u00fczel bir kar\u0131\u015f\u0131m\u0131d\u0131r. Tilki kuyru\u011fu \u00f6rg\u00fcs\u00fc, \u0131\u015f\u0131\u011f\u0131 g\u00fczel bir \u015fekilde yakalayan ince bir \u0131\u015f\u0131lt\u0131 ile p\u00fcr\u00fczs\u00fcz, esnek bir doku olu\u015fturur. Zengin 22 ayar alt\u0131ndan \u00fcretilmi\u015ftir, g\u00fcnl\u00fck kullan\u0131m i\u00e7in veya kolyeler i\u00e7in hassas bir taban olarak idealdir. Sofistikeli\u011fi zamans\u0131z tasar\u0131mla dengeleyen \u00e7ok y\u00f6nl\u00fc bir par\u00e7a.<\/p>\n<p><strong>Malzeme:<\/strong> 22 Ayar Alt\u0131n<br \/>\n<strong>Safl\u0131k:<\/strong> 91.6% saf<br \/>\n<strong>Hallmark:<\/strong> \u0130ngiliz Damgas\u0131<br \/>\n<strong>Uzunluk:<\/strong> 18 in\u00e7<br \/>\n<strong>Kal\u0131nl\u0131k:<\/strong> 1.8 mm<br \/>\n<strong>Br\u00fct A\u011f\u0131rl\u0131k:<\/strong> 7.50 Gms<br \/>\n<strong>SKU:<\/strong> 33418<\/p>\n<p>Fiyat ve Teslimat: KDV ve teslimat \u00fccretleri dahil<br \/>\n<a href=\"https:\/\/www.purejewels.com\/tr\/i%cc%87ade-poli%cc%87ti%cc%87kasi\/\"><strong>\u0130ade Politikas\u0131<\/strong><\/a><\/p>","protected":false},"featured_media":327464,"comment_status":"closed","ping_status":"closed","template":"","meta":{"_eb_attr":"","_crsspst_to_jayantr4sg-hostcom":true},"product_brand":[],"product_cat":[5014,5017,1791,1559,5265,1475,1773,1774,1574,5349],"product_tag":[],"class_list":{"0":"post-318462","1":"product","2":"type-product","3":"status-publish","4":"has-post-thumbnail","6":"product_cat-18-inch-ladies-chain","7":"product_cat-18-inch-mens-chain","8":"product_cat-anniversary-gifts","9":"product_cat-birthday-gifts","10":"product_cat-foxtail-chain","11":"product_cat-gold-chains","12":"product_cat-ladies-chains","13":"product_cat-mens-chains","14":"product_cat-womens-jewellery","15":"product_cat-yellow-gold-jewellery","17":"first","18":"outofstock","19":"taxable","20":"shipping-taxable","21":"product-type-simple","22":"add-to-wishlist-before_image"},"yoast_head":"<!-- This site is optimized with the Yoast SEO plugin v27.3 - https:\/\/yoast.com\/product\/yoast-seo-wordpress\/ -->\n<title>22ct Gold Foxtail Chain 18 Inches | 1.8mm thickness<\/title>\n<meta name=\"description\" content=\"Shop the 22ct Gold Foxtail Chain from PureJewels. Featuring a smooth 1.8mm foxtail weave in radiant 22ct gold, this 18-inch chain is handcrafted for durability, versatility.\" \/>\n<meta name=\"robots\" content=\"index, follow, max-snippet:-1, max-image-preview:large, max-video-preview:-1\" \/>\n<link rel=\"canonical\" href=\"https:\/\/www.purejewels.com\/tr\/urun\/22-ayar-altin-tilki-kuyrugu-zincir-33418\/\" \/>\n<meta property=\"og:locale\" content=\"tr_TR\" \/>\n<meta property=\"og:type\" content=\"article\" \/>\n<meta property=\"og:title\" content=\"22ct Gold Foxtail Chain 18 Inches | 1.8mm thickness\" \/>\n<meta property=\"og:description\" content=\"Shop the 22ct Gold Foxtail Chain from PureJewels. Featuring a smooth 1.8mm foxtail weave in radiant 22ct gold, this 18-inch chain is handcrafted for durability, versatility.\" \/>\n<meta property=\"og:url\" content=\"https:\/\/www.purejewels.com\/tr\/urun\/22-ayar-altin-tilki-kuyrugu-zincir-33418\/\" \/>\n<meta property=\"og:site_name\" content=\"PureJewels UK\" \/>\n<meta property=\"article:modified_time\" content=\"2026-03-11T05:40:13+00:00\" \/>\n<meta property=\"og:image\" content=\"https:\/\/static.purejewels.com\/wp-content\/uploads\/2020\/08\/31811-1.jpg\" \/>\n\t<meta property=\"og:image:width\" content=\"1000\" \/>\n\t<meta property=\"og:image:height\" content=\"1000\" \/>\n\t<meta property=\"og:image:type\" content=\"image\/jpeg\" \/>\n<meta name=\"twitter:card\" content=\"summary_large_image\" \/>\n<meta name=\"twitter:label1\" content=\"Tahmini okuma s\u00fcresi\" \/>\n\t<meta name=\"twitter:data1\" content=\"1 dakika\" \/>\n<script type=\"application\/ld+json\" class=\"yoast-schema-graph\">{\"@context\":\"https:\\\/\\\/schema.org\",\"@graph\":[{\"@type\":[\"WebPage\",\"ItemPage\"],\"@id\":\"https:\\\/\\\/www.purejewels.com\\\/product\\\/22ct-gold-foxtail-chain-33418\\\/\",\"url\":\"https:\\\/\\\/www.purejewels.com\\\/product\\\/22ct-gold-foxtail-chain-33418\\\/\",\"name\":\"22ct Gold Foxtail Chain 18 Inches | 1.8mm thickness\",\"isPartOf\":{\"@id\":\"https:\\\/\\\/www.purejewels.com\\\/#website\"},\"primaryImageOfPage\":{\"@id\":\"https:\\\/\\\/www.purejewels.com\\\/product\\\/22ct-gold-foxtail-chain-33418\\\/#primaryimage\"},\"image\":{\"@id\":\"https:\\\/\\\/www.purejewels.com\\\/product\\\/22ct-gold-foxtail-chain-33418\\\/#primaryimage\"},\"thumbnailUrl\":\"https:\\\/\\\/static.purejewels.com\\\/wp-content\\\/uploads\\\/2020\\\/08\\\/31811-1.jpg\",\"datePublished\":\"2020-10-21T09:06:00+00:00\",\"dateModified\":\"2026-03-11T05:40:13+00:00\",\"description\":\"Shop the 22ct Gold Foxtail Chain from PureJewels. Featuring a smooth 1.8mm foxtail weave in radiant 22ct gold, this 18-inch chain is handcrafted for durability, versatility.\",\"breadcrumb\":{\"@id\":\"https:\\\/\\\/www.purejewels.com\\\/product\\\/22ct-gold-foxtail-chain-33418\\\/#breadcrumb\"},\"inLanguage\":\"tr\",\"potentialAction\":[{\"@type\":\"ReadAction\",\"target\":[\"https:\\\/\\\/www.purejewels.com\\\/product\\\/22ct-gold-foxtail-chain-33418\\\/\"]}]},{\"@type\":\"ImageObject\",\"inLanguage\":\"tr\",\"@id\":\"https:\\\/\\\/www.purejewels.com\\\/product\\\/22ct-gold-foxtail-chain-33418\\\/#primaryimage\",\"url\":\"https:\\\/\\\/static.purejewels.com\\\/wp-content\\\/uploads\\\/2020\\\/08\\\/31811-1.jpg\",\"contentUrl\":\"https:\\\/\\\/static.purejewels.com\\\/wp-content\\\/uploads\\\/2020\\\/08\\\/31811-1.jpg\",\"width\":1000,\"height\":1000,\"caption\":\"22ct Gold Foxtail Chain 31811-1\"},{\"@type\":\"BreadcrumbList\",\"@id\":\"https:\\\/\\\/www.purejewels.com\\\/product\\\/22ct-gold-foxtail-chain-33418\\\/#breadcrumb\",\"itemListElement\":[{\"@type\":\"ListItem\",\"position\":1,\"name\":\"Home\",\"item\":\"https:\\\/\\\/www.purejewels.com\\\/\"},{\"@type\":\"ListItem\",\"position\":2,\"name\":\"Shop\",\"item\":\"https:\\\/\\\/www.purejewels.com\\\/shop\\\/\"},{\"@type\":\"ListItem\",\"position\":3,\"name\":\"22ct Gold Foxtail Chain in 18 Inches\"}]},{\"@type\":\"WebSite\",\"@id\":\"https:\\\/\\\/www.purejewels.com\\\/#website\",\"url\":\"https:\\\/\\\/www.purejewels.com\\\/\",\"name\":\"PureJewels UK\",\"description\":\"Share the Love\",\"publisher\":{\"@id\":\"https:\\\/\\\/www.purejewels.com\\\/#organization\"},\"potentialAction\":[{\"@type\":\"SearchAction\",\"target\":{\"@type\":\"EntryPoint\",\"urlTemplate\":\"https:\\\/\\\/www.purejewels.com\\\/?s={search_term_string}\"},\"query-input\":{\"@type\":\"PropertyValueSpecification\",\"valueRequired\":true,\"valueName\":\"search_term_string\"}}],\"inLanguage\":\"tr\"},{\"@type\":\"Organization\",\"@id\":\"https:\\\/\\\/www.purejewels.com\\\/#organization\",\"name\":\"PureJewels UK\",\"url\":\"https:\\\/\\\/www.purejewels.com\\\/\",\"logo\":{\"@type\":\"ImageObject\",\"inLanguage\":\"tr\",\"@id\":\"https:\\\/\\\/www.purejewels.com\\\/#\\\/schema\\\/logo\\\/image\\\/\",\"url\":\"https:\\\/\\\/static.purejewels.com\\\/wp-content\\\/uploads\\\/2020\\\/11\\\/Logo-PJ-New-1.png\",\"contentUrl\":\"https:\\\/\\\/static.purejewels.com\\\/wp-content\\\/uploads\\\/2020\\\/11\\\/Logo-PJ-New-1.png\",\"width\":150,\"height\":80,\"caption\":\"PureJewels UK\"},\"image\":{\"@id\":\"https:\\\/\\\/www.purejewels.com\\\/#\\\/schema\\\/logo\\\/image\\\/\"}}]}<\/script>\n<!-- \/ Yoast SEO plugin. -->","yoast_head_json":{"title":"22 Ayar Alt\u0131n Tilki Kuyru\u011fu Zincir 18 \u0130n\u00e7 | 1,8 mm kal\u0131nl\u0131k","description":"PureJewels'ten 22 Ayar Alt\u0131n Tilki Kuyru\u011fu Zinciri sat\u0131n al\u0131n. Parlak 22 ayar alt\u0131ndan p\u00fcr\u00fczs\u00fcz 1,8 mm tilki kuyru\u011fu \u00f6rg\u00fcs\u00fcne sahip bu 18 in\u00e7 zincir, dayan\u0131kl\u0131l\u0131k ve \u00e7ok y\u00f6nl\u00fcl\u00fck i\u00e7in el i\u015f\u00e7ili\u011fiyle \u00fcretilmi\u015ftir.","robots":{"index":"index","follow":"follow","max-snippet":"max-snippet:-1","max-image-preview":"max-image-preview:large","max-video-preview":"max-video-preview:-1"},"canonical":"https:\/\/www.purejewels.com\/tr\/urun\/22-ayar-altin-tilki-kuyrugu-zincir-33418\/","og_locale":"tr_TR","og_type":"article","og_title":"22ct Gold Foxtail Chain 18 Inches | 1.8mm thickness","og_description":"Shop the 22ct Gold Foxtail Chain from PureJewels. Featuring a smooth 1.8mm foxtail weave in radiant 22ct gold, this 18-inch chain is handcrafted for durability, versatility.","og_url":"https:\/\/www.purejewels.com\/tr\/urun\/22-ayar-altin-tilki-kuyrugu-zincir-33418\/","og_site_name":"PureJewels UK","article_modified_time":"2026-03-11T05:40:13+00:00","og_image":[{"width":1000,"height":1000,"url":"https:\/\/static.purejewels.com\/wp-content\/uploads\/2020\/08\/31811-1.jpg","type":"image\/jpeg"}],"twitter_card":"summary_large_image","twitter_misc":{"Tahmini okuma s\u00fcresi":"1 dakika"},"schema":{"@context":"https:\/\/schema.org","@graph":[{"@type":["WebPage","ItemPage"],"@id":"https:\/\/www.purejewels.com\/product\/22ct-gold-foxtail-chain-33418\/","url":"https:\/\/www.purejewels.com\/product\/22ct-gold-foxtail-chain-33418\/","name":"22 Ayar Alt\u0131n Tilki Kuyru\u011fu Zincir 18 \u0130n\u00e7 | 1,8 mm kal\u0131nl\u0131k","isPartOf":{"@id":"https:\/\/www.purejewels.com\/#website"},"primaryImageOfPage":{"@id":"https:\/\/www.purejewels.com\/product\/22ct-gold-foxtail-chain-33418\/#primaryimage"},"image":{"@id":"https:\/\/www.purejewels.com\/product\/22ct-gold-foxtail-chain-33418\/#primaryimage"},"thumbnailUrl":"https:\/\/static.purejewels.com\/wp-content\/uploads\/2020\/08\/31811-1.jpg","datePublished":"2020-10-21T09:06:00+00:00","dateModified":"2026-03-11T05:40:13+00:00","description":"PureJewels'ten 22 Ayar Alt\u0131n Tilki Kuyru\u011fu Zinciri sat\u0131n al\u0131n. Parlak 22 ayar alt\u0131ndan p\u00fcr\u00fczs\u00fcz 1,8 mm tilki kuyru\u011fu \u00f6rg\u00fcs\u00fcne sahip bu 18 in\u00e7 zincir, dayan\u0131kl\u0131l\u0131k ve \u00e7ok y\u00f6nl\u00fcl\u00fck i\u00e7in el i\u015f\u00e7ili\u011fiyle \u00fcretilmi\u015ftir.","breadcrumb":{"@id":"https:\/\/www.purejewels.com\/product\/22ct-gold-foxtail-chain-33418\/#breadcrumb"},"inLanguage":"tr","potentialAction":[{"@type":"ReadAction","target":["https:\/\/www.purejewels.com\/product\/22ct-gold-foxtail-chain-33418\/"]}]},{"@type":"ImageObject","inLanguage":"tr","@id":"https:\/\/www.purejewels.com\/product\/22ct-gold-foxtail-chain-33418\/#primaryimage","url":"https:\/\/static.purejewels.com\/wp-content\/uploads\/2020\/08\/31811-1.jpg","contentUrl":"https:\/\/static.purejewels.com\/wp-content\/uploads\/2020\/08\/31811-1.jpg","width":1000,"height":1000,"caption":"22ct Gold Foxtail Chain 31811-1"},{"@type":"BreadcrumbList","@id":"https:\/\/www.purejewels.com\/product\/22ct-gold-foxtail-chain-33418\/#breadcrumb","itemListElement":[{"@type":"ListItem","position":1,"name":"Home","item":"https:\/\/www.purejewels.com\/"},{"@type":"ListItem","position":2,"name":"Shop","item":"https:\/\/www.purejewels.com\/shop\/"},{"@type":"ListItem","position":3,"name":"22ct Gold Foxtail Chain in 18 Inches"}]},{"@type":"WebSite","@id":"https:\/\/www.purejewels.com\/#website","url":"https:\/\/www.purejewels.com\/","name":"PureJewels \u0130ngiltere","description":"Sevgiyi Payla\u015f\u0131n","publisher":{"@id":"https:\/\/www.purejewels.com\/#organization"},"potentialAction":[{"@type":"SearchAction","target":{"@type":"EntryPoint","urlTemplate":"https:\/\/www.purejewels.com\/?s={search_term_string}"},"query-input":{"@type":"PropertyValueSpecification","valueRequired":true,"valueName":"search_term_string"}}],"inLanguage":"tr"},{"@type":"Organization","@id":"https:\/\/www.purejewels.com\/#organization","name":"PureJewels \u0130ngiltere","url":"https:\/\/www.purejewels.com\/","logo":{"@type":"ImageObject","inLanguage":"tr","@id":"https:\/\/www.purejewels.com\/#\/schema\/logo\/image\/","url":"https:\/\/static.purejewels.com\/wp-content\/uploads\/2020\/11\/Logo-PJ-New-1.png","contentUrl":"https:\/\/static.purejewels.com\/wp-content\/uploads\/2020\/11\/Logo-PJ-New-1.png","width":150,"height":80,"caption":"PureJewels UK"},"image":{"@id":"https:\/\/www.purejewels.com\/#\/schema\/logo\/image\/"}}]}},"_links":{"self":[{"href":"https:\/\/www.purejewels.com\/tr\/wp-json\/wp\/v2\/product\/318462","targetHints":{"allow":["GET"]}}],"collection":[{"href":"https:\/\/www.purejewels.com\/tr\/wp-json\/wp\/v2\/product"}],"about":[{"href":"https:\/\/www.purejewels.com\/tr\/wp-json\/wp\/v2\/types\/product"}],"replies":[{"embeddable":true,"href":"https:\/\/www.purejewels.com\/tr\/wp-json\/wp\/v2\/comments?post=318462"}],"version-history":[{"count":3,"href":"https:\/\/www.purejewels.com\/tr\/wp-json\/wp\/v2\/product\/318462\/revisions"}],"predecessor-version":[{"id":411982,"href":"https:\/\/www.purejewels.com\/tr\/wp-json\/wp\/v2\/product\/318462\/revisions\/411982"}],"wp:featuredmedia":[{"embeddable":true,"href":"https:\/\/www.purejewels.com\/tr\/wp-json\/wp\/v2\/media\/327464"}],"wp:attachment":[{"href":"https:\/\/www.purejewels.com\/tr\/wp-json\/wp\/v2\/media?parent=318462"}],"wp:term":[{"taxonomy":"product_brand","embeddable":true,"href":"https:\/\/www.purejewels.com\/tr\/wp-json\/wp\/v2\/product_brand?post=318462"},{"taxonomy":"product_cat","embeddable":true,"href":"https:\/\/www.purejewels.com\/tr\/wp-json\/wp\/v2\/product_cat?post=318462"},{"taxonomy":"product_tag","embeddable":true,"href":"https:\/\/www.purejewels.com\/tr\/wp-json\/wp\/v2\/product_tag?post=318462"}],"curies":[{"name":"wp","href":"https:\/\/api.w.org\/{rel}","templated":true}]}}