{"id":318473,"date":"2020-10-21T14:02:08","date_gmt":"2020-10-21T13:02:08","guid":{"rendered":"https:\/\/www.purejewels.com\/product\/diya-collection-22ct-gold-ring-4-7gm-uncut-polki-diamond-1-55ct\/"},"modified":"2025-11-20T09:24:00","modified_gmt":"2025-11-20T09:24:00","slug":"diya-collection-22-ayar-altin-yuzuk-4-7gm-kesilmemis-polki-pirlanta-1-55ct","status":"publish","type":"product","link":"https:\/\/www.purejewels.com\/tr\/product\/diya-collection-22ct-gold-ring-4-7gm-uncut-polki-diamond-1-55ct\/","title":{"rendered":"22 ayar alt\u0131n Polki ta\u015fl\u0131 g\u00f6steri\u015fli y\u00fcz\u00fck"},"content":{"rendered":"<p>Diya Koleksiyonumuzdan bu zarif 22 ayar alt\u0131n Polki Ta\u015fl\u0131 Statement Y\u00fcz\u00fck ile cesur ve g\u00fczel bir izlenim b\u0131rak\u0131n. Geleneksel sanat\u0131 modern bir dokunu\u015fla seven kad\u0131nlar i\u00e7in tasarlanan bu geni\u015f bantl\u0131 y\u00fcz\u00fck, \u0131\u015f\u0131\u011f\u0131 yans\u0131tmak ve dikkat \u00e7ekmek i\u00e7in benzersiz bir \u015fekilde yerle\u015ftirilmi\u015f bir dizi Polki ta\u015f\u0131na sahiptir. Geleneksel zanaattan ilham alan karma\u015f\u0131k kafes tasar\u0131m\u0131, par\u00e7aya zenginlik ve derinlik katar. \u00d6zel g\u00fcnler i\u00e7in veya imza niteli\u011finde bir aksesuar olarak tak\u0131labilen bu y\u00fcz\u00fck, zamans\u0131z Hint zarafetini kutlar.<\/p>","protected":false},"excerpt":{"rendered":"<ul>\n<li>22ct\u00a0<span id=\"urn:enhancement-fc200417\" class=\"textannotation\">Alt\u0131n<\/span>\u00a0\u00a0<span id=\"urn:enhancement-f9c93ec7\" class=\"textannotation\">Y\u00fcz\u00fck<\/span>\u00a0Bayanlar i\u00e7in<\/li>\n<li>Rosecut Polki ile\u00a0<span id=\"urn:enhancement-a81b7a0d\" class=\"textannotation\">elmaslar<\/span>\u00a0a\u011f\u0131rl\u0131k\u00e7a 1.55\u00a0<span id=\"urn:enhancement-94fa7e7d\" class=\"textannotation\">karat<\/span><\/li>\n<li><span id=\"urn:enhancement-3c9864d9\" class=\"textannotation\">Y\u00fcz\u00fck<\/span>\u00a0a\u011f\u0131rl\u0131k. 4.7grm<\/li>\n<li>Y\u00fcz\u00fck \u00d6l\u00e7\u00fcs\u00fc. M<\/li>\n<li><span id=\"urn:enhancement-afc4fc09\" class=\"textannotation\">SKU<\/span>. 32671<\/li>\n<li>22ct\u00a0<span id=\"urn:enhancement-2ff2712f\" class=\"textannotation\">Alt\u0131n<\/span>\u00a0Londra taraf\u0131ndan damgalanm\u0131\u015ft\u0131r\u00a0<span id=\"urn:enhancement-66619544\" class=\"textannotation\">Tahlil Ofisi<\/span><\/li>\n<li>Sunum Kutusu ile Birlikte Gelir<\/li>\n<li><span id=\"urn:enhancement-17fedb62\" class=\"textannotation\">Teslimat<\/span>\u00a0Dahil<\/li>\n<li>T\u00fcm\u00fc\u00a0<span id=\"urn:enhancement-a7230bef\" class=\"textannotation\">fiyatlar<\/span>\u00a0KDV dahil<\/li>\n<li>Canl\u0131\u00a0<span id=\"urn:enhancement-66a890c5\" class=\"textannotation\">sohbet<\/span>\u00a0kullan\u0131labilirlik ve \u015fu anda mevcut olan benzer tasar\u0131mlar\u0131n daha fazla g\u00f6r\u00fcnt\u00fcs\u00fc i\u00e7in bizimle\u00a0<span id=\"urn:enhancement-973de143\" class=\"textannotation\">stok<\/span><\/li>\n<\/ul>","protected":false},"featured_media":318475,"comment_status":"closed","ping_status":"closed","template":"","meta":{"_eb_attr":"","_crsspst_to_jayantr4sg-hostcom":false},"product_brand":[],"product_cat":[254],"product_tag":[],"class_list":{"0":"post-318473","1":"product","2":"type-product","3":"status-publish","4":"has-post-thumbnail","6":"product_cat-diya-collections","8":"first","9":"onbackorder","10":"taxable","11":"shipping-taxable","12":"product-type-simple","13":"add-to-wishlist-before_image"},"yoast_head":"<!-- This site is optimized with the Yoast SEO plugin v27.5 - https:\/\/yoast.com\/product\/yoast-seo-wordpress\/ -->\n<title>22ct Gold Polki Stone Statement Ring | Diya Collection<\/title>\n<meta name=\"description\" content=\"Discover timeless elegance with our 22ct Gold Polki Stone Statement Ring from the Diya Collection. Crafted to captivate with heritage and sparkle.\" \/>\n<meta name=\"robots\" content=\"index, follow, max-snippet:-1, max-image-preview:large, max-video-preview:-1\" \/>\n<link rel=\"canonical\" href=\"https:\/\/www.purejewels.com\/tr\/urun\/diya-collection-22-ayar-altin-yuzuk-4-7gm-kesilmemis-polki-pirlanta-1-55ct\/\" \/>\n<meta property=\"og:locale\" content=\"tr_TR\" \/>\n<meta property=\"og:type\" content=\"article\" \/>\n<meta property=\"og:title\" content=\"22ct Gold Polki Stone Statement Ring | Diya Collection\" \/>\n<meta property=\"og:description\" content=\"Discover timeless elegance with our 22ct Gold Polki Stone Statement Ring from the Diya Collection. Crafted to captivate with heritage and sparkle.\" \/>\n<meta property=\"og:url\" content=\"https:\/\/www.purejewels.com\/tr\/urun\/diya-collection-22-ayar-altin-yuzuk-4-7gm-kesilmemis-polki-pirlanta-1-55ct\/\" \/>\n<meta property=\"og:site_name\" content=\"PureJewels UK\" \/>\n<meta property=\"article:modified_time\" content=\"2025-11-20T09:24:00+00:00\" \/>\n<meta property=\"og:image\" content=\"https:\/\/www.purejewels.com\/wp-content\/uploads\/2020\/10\/image187999680.jpg\" \/>\n\t<meta property=\"og:image:width\" content=\"960\" \/>\n\t<meta property=\"og:image:height\" content=\"960\" \/>\n\t<meta property=\"og:image:type\" content=\"image\/jpeg\" \/>\n<meta name=\"twitter:card\" content=\"summary_large_image\" \/>\n<meta name=\"twitter:label1\" content=\"Tahmini okuma s\u00fcresi\" \/>\n\t<meta name=\"twitter:data1\" content=\"1 dakika\" \/>\n<script type=\"application\/ld+json\" class=\"yoast-schema-graph\">{\"@context\":\"https:\\\/\\\/schema.org\",\"@graph\":[{\"@type\":[\"WebPage\",\"ItemPage\"],\"@id\":\"https:\\\/\\\/www.purejewels.com\\\/product\\\/diya-collection-22ct-gold-ring-4-7gm-uncut-polki-diamond-1-55ct\\\/\",\"url\":\"https:\\\/\\\/www.purejewels.com\\\/product\\\/diya-collection-22ct-gold-ring-4-7gm-uncut-polki-diamond-1-55ct\\\/\",\"name\":\"22ct Gold Polki Stone Statement Ring | Diya Collection\",\"isPartOf\":{\"@id\":\"https:\\\/\\\/www.purejewels.com\\\/#website\"},\"primaryImageOfPage\":{\"@id\":\"https:\\\/\\\/www.purejewels.com\\\/product\\\/diya-collection-22ct-gold-ring-4-7gm-uncut-polki-diamond-1-55ct\\\/#primaryimage\"},\"image\":{\"@id\":\"https:\\\/\\\/www.purejewels.com\\\/product\\\/diya-collection-22ct-gold-ring-4-7gm-uncut-polki-diamond-1-55ct\\\/#primaryimage\"},\"thumbnailUrl\":\"https:\\\/\\\/static.purejewels.com\\\/wp-content\\\/uploads\\\/2020\\\/10\\\/image187999680.jpg\",\"datePublished\":\"2020-10-21T13:02:08+00:00\",\"dateModified\":\"2025-11-20T09:24:00+00:00\",\"description\":\"Discover timeless elegance with our 22ct Gold Polki Stone Statement Ring from the Diya Collection. Crafted to captivate with heritage and sparkle.\",\"breadcrumb\":{\"@id\":\"https:\\\/\\\/www.purejewels.com\\\/product\\\/diya-collection-22ct-gold-ring-4-7gm-uncut-polki-diamond-1-55ct\\\/#breadcrumb\"},\"inLanguage\":\"tr\",\"potentialAction\":[{\"@type\":\"ReadAction\",\"target\":[\"https:\\\/\\\/www.purejewels.com\\\/product\\\/diya-collection-22ct-gold-ring-4-7gm-uncut-polki-diamond-1-55ct\\\/\"]}]},{\"@type\":\"ImageObject\",\"inLanguage\":\"tr\",\"@id\":\"https:\\\/\\\/www.purejewels.com\\\/product\\\/diya-collection-22ct-gold-ring-4-7gm-uncut-polki-diamond-1-55ct\\\/#primaryimage\",\"url\":\"https:\\\/\\\/static.purejewels.com\\\/wp-content\\\/uploads\\\/2020\\\/10\\\/image187999680.jpg\",\"contentUrl\":\"https:\\\/\\\/static.purejewels.com\\\/wp-content\\\/uploads\\\/2020\\\/10\\\/image187999680.jpg\",\"width\":960,\"height\":960,\"caption\":\"Diya 22ct Polki Light Ring DYRG041\"},{\"@type\":\"BreadcrumbList\",\"@id\":\"https:\\\/\\\/www.purejewels.com\\\/product\\\/diya-collection-22ct-gold-ring-4-7gm-uncut-polki-diamond-1-55ct\\\/#breadcrumb\",\"itemListElement\":[{\"@type\":\"ListItem\",\"position\":1,\"name\":\"Home\",\"item\":\"https:\\\/\\\/www.purejewels.com\\\/\"},{\"@type\":\"ListItem\",\"position\":2,\"name\":\"Shop\",\"item\":\"https:\\\/\\\/www.purejewels.com\\\/shop\\\/\"},{\"@type\":\"ListItem\",\"position\":3,\"name\":\"22ct Gold Polki Stone Statement Ring\"}]},{\"@type\":\"WebSite\",\"@id\":\"https:\\\/\\\/www.purejewels.com\\\/#website\",\"url\":\"https:\\\/\\\/www.purejewels.com\\\/\",\"name\":\"PureJewels UK\",\"description\":\"Share the Love\",\"publisher\":{\"@id\":\"https:\\\/\\\/www.purejewels.com\\\/#organization\"},\"potentialAction\":[{\"@type\":\"SearchAction\",\"target\":{\"@type\":\"EntryPoint\",\"urlTemplate\":\"https:\\\/\\\/www.purejewels.com\\\/?s={search_term_string}\"},\"query-input\":{\"@type\":\"PropertyValueSpecification\",\"valueRequired\":true,\"valueName\":\"search_term_string\"}}],\"inLanguage\":\"tr\"},{\"@type\":\"Organization\",\"@id\":\"https:\\\/\\\/www.purejewels.com\\\/#organization\",\"name\":\"PureJewels UK\",\"url\":\"https:\\\/\\\/www.purejewels.com\\\/\",\"logo\":{\"@type\":\"ImageObject\",\"inLanguage\":\"tr\",\"@id\":\"https:\\\/\\\/www.purejewels.com\\\/#\\\/schema\\\/logo\\\/image\\\/\",\"url\":\"https:\\\/\\\/static.purejewels.com\\\/wp-content\\\/uploads\\\/2020\\\/11\\\/Logo-PJ-New-1.png\",\"contentUrl\":\"https:\\\/\\\/static.purejewels.com\\\/wp-content\\\/uploads\\\/2020\\\/11\\\/Logo-PJ-New-1.png\",\"width\":150,\"height\":80,\"caption\":\"PureJewels UK\"},\"image\":{\"@id\":\"https:\\\/\\\/www.purejewels.com\\\/#\\\/schema\\\/logo\\\/image\\\/\"}}]}<\/script>\n<!-- \/ Yoast SEO plugin. -->","yoast_head_json":{"title":"22 ayar alt\u0131n Polki ta\u015fl\u0131 g\u00f6steri\u015fli y\u00fcz\u00fck | Diya Koleksiyonu","description":"Diya Koleksiyonumuzdan 22 ayar alt\u0131n Polki Stone Statement Y\u00fcz\u00fck ile zamans\u0131z zarafeti ke\u015ffedin. Miras ve \u0131\u015f\u0131lt\u0131yla b\u00fcy\u00fclemek i\u00e7in tasarlanm\u0131\u015ft\u0131r.","robots":{"index":"index","follow":"follow","max-snippet":"max-snippet:-1","max-image-preview":"max-image-preview:large","max-video-preview":"max-video-preview:-1"},"canonical":"https:\/\/www.purejewels.com\/tr\/urun\/diya-collection-22-ayar-altin-yuzuk-4-7gm-kesilmemis-polki-pirlanta-1-55ct\/","og_locale":"tr_TR","og_type":"article","og_title":"22ct Gold Polki Stone Statement Ring | Diya Collection","og_description":"Discover timeless elegance with our 22ct Gold Polki Stone Statement Ring from the Diya Collection. Crafted to captivate with heritage and sparkle.","og_url":"https:\/\/www.purejewels.com\/tr\/urun\/diya-collection-22-ayar-altin-yuzuk-4-7gm-kesilmemis-polki-pirlanta-1-55ct\/","og_site_name":"PureJewels UK","article_modified_time":"2025-11-20T09:24:00+00:00","og_image":[{"width":960,"height":960,"url":"https:\/\/www.purejewels.com\/wp-content\/uploads\/2020\/10\/image187999680.jpg","type":"image\/jpeg"}],"twitter_card":"summary_large_image","twitter_misc":{"Tahmini okuma s\u00fcresi":"1 dakika"},"schema":{"@context":"https:\/\/schema.org","@graph":[{"@type":["WebPage","ItemPage"],"@id":"https:\/\/www.purejewels.com\/product\/diya-collection-22ct-gold-ring-4-7gm-uncut-polki-diamond-1-55ct\/","url":"https:\/\/www.purejewels.com\/product\/diya-collection-22ct-gold-ring-4-7gm-uncut-polki-diamond-1-55ct\/","name":"22 ayar alt\u0131n Polki ta\u015fl\u0131 g\u00f6steri\u015fli y\u00fcz\u00fck | Diya Koleksiyonu","isPartOf":{"@id":"https:\/\/www.purejewels.com\/#website"},"primaryImageOfPage":{"@id":"https:\/\/www.purejewels.com\/product\/diya-collection-22ct-gold-ring-4-7gm-uncut-polki-diamond-1-55ct\/#primaryimage"},"image":{"@id":"https:\/\/www.purejewels.com\/product\/diya-collection-22ct-gold-ring-4-7gm-uncut-polki-diamond-1-55ct\/#primaryimage"},"thumbnailUrl":"https:\/\/static.purejewels.com\/wp-content\/uploads\/2020\/10\/image187999680.jpg","datePublished":"2020-10-21T13:02:08+00:00","dateModified":"2025-11-20T09:24:00+00:00","description":"Diya Koleksiyonumuzdan 22 ayar alt\u0131n Polki Stone Statement Y\u00fcz\u00fck ile zamans\u0131z zarafeti ke\u015ffedin. Miras ve \u0131\u015f\u0131lt\u0131yla b\u00fcy\u00fclemek i\u00e7in tasarlanm\u0131\u015ft\u0131r.","breadcrumb":{"@id":"https:\/\/www.purejewels.com\/product\/diya-collection-22ct-gold-ring-4-7gm-uncut-polki-diamond-1-55ct\/#breadcrumb"},"inLanguage":"tr","potentialAction":[{"@type":"ReadAction","target":["https:\/\/www.purejewels.com\/product\/diya-collection-22ct-gold-ring-4-7gm-uncut-polki-diamond-1-55ct\/"]}]},{"@type":"ImageObject","inLanguage":"tr","@id":"https:\/\/www.purejewels.com\/product\/diya-collection-22ct-gold-ring-4-7gm-uncut-polki-diamond-1-55ct\/#primaryimage","url":"https:\/\/static.purejewels.com\/wp-content\/uploads\/2020\/10\/image187999680.jpg","contentUrl":"https:\/\/static.purejewels.com\/wp-content\/uploads\/2020\/10\/image187999680.jpg","width":960,"height":960,"caption":"Diya 22ct Polki Light Ring DYRG041"},{"@type":"BreadcrumbList","@id":"https:\/\/www.purejewels.com\/product\/diya-collection-22ct-gold-ring-4-7gm-uncut-polki-diamond-1-55ct\/#breadcrumb","itemListElement":[{"@type":"ListItem","position":1,"name":"Home","item":"https:\/\/www.purejewels.com\/"},{"@type":"ListItem","position":2,"name":"Shop","item":"https:\/\/www.purejewels.com\/shop\/"},{"@type":"ListItem","position":3,"name":"22ct Gold Polki Stone Statement Ring"}]},{"@type":"WebSite","@id":"https:\/\/www.purejewels.com\/#website","url":"https:\/\/www.purejewels.com\/","name":"PureJewels \u0130ngiltere","description":"Sevgiyi Payla\u015f\u0131n","publisher":{"@id":"https:\/\/www.purejewels.com\/#organization"},"potentialAction":[{"@type":"SearchAction","target":{"@type":"EntryPoint","urlTemplate":"https:\/\/www.purejewels.com\/?s={search_term_string}"},"query-input":{"@type":"PropertyValueSpecification","valueRequired":true,"valueName":"search_term_string"}}],"inLanguage":"tr"},{"@type":"Organization","@id":"https:\/\/www.purejewels.com\/#organization","name":"PureJewels \u0130ngiltere","url":"https:\/\/www.purejewels.com\/","logo":{"@type":"ImageObject","inLanguage":"tr","@id":"https:\/\/www.purejewels.com\/#\/schema\/logo\/image\/","url":"https:\/\/static.purejewels.com\/wp-content\/uploads\/2020\/11\/Logo-PJ-New-1.png","contentUrl":"https:\/\/static.purejewels.com\/wp-content\/uploads\/2020\/11\/Logo-PJ-New-1.png","width":150,"height":80,"caption":"PureJewels UK"},"image":{"@id":"https:\/\/www.purejewels.com\/#\/schema\/logo\/image\/"}}]}},"_links":{"self":[{"href":"https:\/\/www.purejewels.com\/tr\/wp-json\/wp\/v2\/product\/318473","targetHints":{"allow":["GET"]}}],"collection":[{"href":"https:\/\/www.purejewels.com\/tr\/wp-json\/wp\/v2\/product"}],"about":[{"href":"https:\/\/www.purejewels.com\/tr\/wp-json\/wp\/v2\/types\/product"}],"replies":[{"embeddable":true,"href":"https:\/\/www.purejewels.com\/tr\/wp-json\/wp\/v2\/comments?post=318473"}],"version-history":[{"count":4,"href":"https:\/\/www.purejewels.com\/tr\/wp-json\/wp\/v2\/product\/318473\/revisions"}],"predecessor-version":[{"id":421533,"href":"https:\/\/www.purejewels.com\/tr\/wp-json\/wp\/v2\/product\/318473\/revisions\/421533"}],"wp:featuredmedia":[{"embeddable":true,"href":"https:\/\/www.purejewels.com\/tr\/wp-json\/wp\/v2\/media\/318475"}],"wp:attachment":[{"href":"https:\/\/www.purejewels.com\/tr\/wp-json\/wp\/v2\/media?parent=318473"}],"wp:term":[{"taxonomy":"product_brand","embeddable":true,"href":"https:\/\/www.purejewels.com\/tr\/wp-json\/wp\/v2\/product_brand?post=318473"},{"taxonomy":"product_cat","embeddable":true,"href":"https:\/\/www.purejewels.com\/tr\/wp-json\/wp\/v2\/product_cat?post=318473"},{"taxonomy":"product_tag","embeddable":true,"href":"https:\/\/www.purejewels.com\/tr\/wp-json\/wp\/v2\/product_tag?post=318473"}],"curies":[{"name":"wp","href":"https:\/\/api.w.org\/{rel}","templated":true}]}}