{"id":318476,"date":"2020-10-21T14:11:18","date_gmt":"2020-10-21T13:11:18","guid":{"rendered":"https:\/\/www.purejewels.com\/product\/diya-collection-22ct-gold-ring-4-7-gm-uncut-polki-diamond-1-15ct\/"},"modified":"2026-01-07T05:15:41","modified_gmt":"2026-01-07T05:15:41","slug":"diya-collection-22-ayar-altin-yuzuk-32665","status":"publish","type":"product","link":"https:\/\/www.purejewels.com\/tr\/product\/diya-collection-22ct-gold-ring-32665\/","title":{"rendered":"22 ayar alt\u0131n Polki Dome Y\u00fcz\u00fck | Diya Koleksiyonu"},"content":{"rendered":"<p>Diya Koleksiyonumuzdan 22 ayar alt\u0131n Polki Dome Y\u00fcz\u00fck ile ihti\u015fam\u0131 ve geleneksel sanat\u0131 kutlay\u0131n. Zengin 22 ayar alt\u0131ndan ustaca el i\u015f\u00e7ili\u011fi ile \u00fcretilen bu b\u00fcy\u00fcleyici y\u00fcz\u00fck, kesilmemi\u015f Polki ta\u015flarla s\u00fcslenmi\u015f \u00e7arp\u0131c\u0131 bir kubbe yap\u0131s\u0131na sahiptir. Her bir ta\u015f, vintage Hint esteti\u011fini yans\u0131tacak \u015fekilde titizlikle yerle\u015ftirilmi\u015ftir, bu da bu y\u00fcz\u00fc\u011f\u00fc ger\u00e7ek bir statement par\u00e7as\u0131 haline getirir. \u0130ster \u00f6zel bir g\u00fcn i\u00e7in ister g\u00fcnl\u00fck bir aksesuar olarak tak\u0131n, parlak y\u00fczeyi ve karma\u015f\u0131k detaylar\u0131 zamans\u0131z bir zarafet sa\u011flar.<\/p>","protected":false},"excerpt":{"rendered":"<ul>\n<li>22ct\u00a0<span id=\"urn:enhancement-17c241f8\" class=\"textannotation\">Alt\u0131n<\/span>\u00a0Diya Koleksiyonumuzdan Bayan Y\u00fcz\u00fck<\/li>\n<li>G\u00fcl Kesilmemi\u015f Polki ile\u00a0<span id=\"urn:enhancement-2e5122d4\" class=\"textannotation\">elmaslar<\/span>\u00a0a\u011f\u0131rl\u0131k 1,15 karat<\/li>\n<li>Y\u00fcz\u00fck a\u011f\u0131rl\u0131\u011f\u0131 4,7 gram.<\/li>\n<li><span id=\"urn:enhancement-9d7a3802\" class=\"textannotation\">Y\u00fcz\u00fck \u00d6l\u00e7\u00fcs\u00fc<\/span>\u00a0:Ayarlanabilir<\/li>\n<li>SKU 32665<\/li>\n<li>22ct\u00a0<span id=\"urn:enhancement-e28776bd\" class=\"textannotation\">Alt\u0131n<\/span>\u00a0Londra taraf\u0131ndan damgalanm\u0131\u015ft\u0131r\u00a0<span id=\"urn:enhancement-e4ecd5a1\" class=\"textannotation\">Tahlil Ofisi<\/span><\/li>\n<li>Sunum ile Birlikte Gelir\u00a0<span id=\"urn:enhancement-cfbd99d4\" class=\"textannotation\">Kutu<\/span><\/li>\n<li><span id=\"urn:enhancement-17ff7ac2\" class=\"textannotation\">Teslimat<\/span>\u00a0Dahil<\/li>\n<li>T\u00fcm\u00fc\u00a0<span id=\"urn:enhancement-a723ac7b\" class=\"textannotation\">fiyatlar<\/span>\u00a0KDV dahil<\/li>\n<li>Canl\u0131\u00a0<span id=\"urn:enhancement-66a9327d\" class=\"textannotation\">sohbet<\/span>\u00a0uygunluk durumu ve daha fazla benzer resim i\u00e7in bizimle ileti\u015fime ge\u00e7in\u00a0<span id=\"urn:enhancement-bc785ba0\" class=\"textannotation\">tasar\u0131mlar<\/span>\u00a0\u015fu anda\u00a0<span id=\"urn:enhancement-973e830c\" class=\"textannotation\">stok<\/span><\/li>\n<\/ul>","protected":false},"featured_media":318478,"comment_status":"closed","ping_status":"closed","template":"","meta":{"_eb_attr":"","_crsspst_to_jayantr4sg-hostcom":false},"product_brand":[],"product_cat":[1791,1559,254,1235,1783,1786,1574],"product_tag":[],"class_list":{"0":"post-318476","1":"product","2":"type-product","3":"status-publish","4":"has-post-thumbnail","6":"product_cat-anniversary-gifts","7":"product_cat-birthday-gifts","8":"product_cat-diya-collections","9":"product_cat-gold-rings","10":"product_cat-ladies-rings","11":"product_cat-occasional-wear-rings","12":"product_cat-womens-jewellery","14":"first","15":"outofstock","16":"taxable","17":"shipping-taxable","18":"product-type-simple","19":"add-to-wishlist-before_image"},"yoast_head":"<!-- This site is optimized with the Yoast SEO plugin v27.5 - https:\/\/yoast.com\/product\/yoast-seo-wordpress\/ -->\n<title>22ct Gold Polki Dome Ring | Diya Collection | PureJewels<\/title>\n<meta name=\"description\" content=\"Make a bold statement with our 22ct Gold Polki Dome Ring from the Diya Collection. Featuring hand-set Polki stones in a dome design.\" \/>\n<meta name=\"robots\" content=\"index, follow, max-snippet:-1, max-image-preview:large, max-video-preview:-1\" \/>\n<link rel=\"canonical\" href=\"https:\/\/www.purejewels.com\/tr\/urun\/diya-collection-22-ayar-altin-yuzuk-32665\/\" \/>\n<meta property=\"og:locale\" content=\"tr_TR\" \/>\n<meta property=\"og:type\" content=\"article\" \/>\n<meta property=\"og:title\" content=\"22ct Gold Polki Dome Ring | Diya Collection | PureJewels\" \/>\n<meta property=\"og:description\" content=\"Make a bold statement with our 22ct Gold Polki Dome Ring from the Diya Collection. Featuring hand-set Polki stones in a dome design.\" \/>\n<meta property=\"og:url\" content=\"https:\/\/www.purejewels.com\/tr\/urun\/diya-collection-22-ayar-altin-yuzuk-32665\/\" \/>\n<meta property=\"og:site_name\" content=\"PureJewels UK\" \/>\n<meta property=\"article:modified_time\" content=\"2026-01-07T05:15:41+00:00\" \/>\n<meta property=\"og:image\" content=\"https:\/\/www.purejewels.com\/wp-content\/uploads\/2020\/10\/image188000753.jpg\" \/>\n\t<meta property=\"og:image:width\" content=\"960\" \/>\n\t<meta property=\"og:image:height\" content=\"960\" \/>\n\t<meta property=\"og:image:type\" content=\"image\/jpeg\" \/>\n<meta name=\"twitter:card\" content=\"summary_large_image\" \/>\n<meta name=\"twitter:label1\" content=\"Tahmini okuma s\u00fcresi\" \/>\n\t<meta name=\"twitter:data1\" content=\"1 dakika\" \/>\n<script type=\"application\/ld+json\" class=\"yoast-schema-graph\">{\"@context\":\"https:\\\/\\\/schema.org\",\"@graph\":[{\"@type\":[\"WebPage\",\"ItemPage\"],\"@id\":\"https:\\\/\\\/www.purejewels.com\\\/product\\\/diya-collection-22ct-gold-ring-32665\\\/\",\"url\":\"https:\\\/\\\/www.purejewels.com\\\/product\\\/diya-collection-22ct-gold-ring-32665\\\/\",\"name\":\"22ct Gold Polki Dome Ring | Diya Collection | PureJewels\",\"isPartOf\":{\"@id\":\"https:\\\/\\\/www.purejewels.com\\\/#website\"},\"primaryImageOfPage\":{\"@id\":\"https:\\\/\\\/www.purejewels.com\\\/product\\\/diya-collection-22ct-gold-ring-32665\\\/#primaryimage\"},\"image\":{\"@id\":\"https:\\\/\\\/www.purejewels.com\\\/product\\\/diya-collection-22ct-gold-ring-32665\\\/#primaryimage\"},\"thumbnailUrl\":\"https:\\\/\\\/static.purejewels.com\\\/wp-content\\\/uploads\\\/2020\\\/10\\\/image188000753.jpg\",\"datePublished\":\"2020-10-21T13:11:18+00:00\",\"dateModified\":\"2026-01-07T05:15:41+00:00\",\"description\":\"Make a bold statement with our 22ct Gold Polki Dome Ring from the Diya Collection. Featuring hand-set Polki stones in a dome design.\",\"breadcrumb\":{\"@id\":\"https:\\\/\\\/www.purejewels.com\\\/product\\\/diya-collection-22ct-gold-ring-32665\\\/#breadcrumb\"},\"inLanguage\":\"tr\",\"potentialAction\":[{\"@type\":\"ReadAction\",\"target\":[\"https:\\\/\\\/www.purejewels.com\\\/product\\\/diya-collection-22ct-gold-ring-32665\\\/\"]}]},{\"@type\":\"ImageObject\",\"inLanguage\":\"tr\",\"@id\":\"https:\\\/\\\/www.purejewels.com\\\/product\\\/diya-collection-22ct-gold-ring-32665\\\/#primaryimage\",\"url\":\"https:\\\/\\\/static.purejewels.com\\\/wp-content\\\/uploads\\\/2020\\\/10\\\/image188000753.jpg\",\"contentUrl\":\"https:\\\/\\\/static.purejewels.com\\\/wp-content\\\/uploads\\\/2020\\\/10\\\/image188000753.jpg\",\"width\":960,\"height\":960,\"caption\":\"Diya 22ct Polki Light Ring DYRG068\"},{\"@type\":\"BreadcrumbList\",\"@id\":\"https:\\\/\\\/www.purejewels.com\\\/product\\\/diya-collection-22ct-gold-ring-32665\\\/#breadcrumb\",\"itemListElement\":[{\"@type\":\"ListItem\",\"position\":1,\"name\":\"Home\",\"item\":\"https:\\\/\\\/www.purejewels.com\\\/\"},{\"@type\":\"ListItem\",\"position\":2,\"name\":\"Shop\",\"item\":\"https:\\\/\\\/www.purejewels.com\\\/shop\\\/\"},{\"@type\":\"ListItem\",\"position\":3,\"name\":\"22ct Gold Polki Dome Ring | Diya Collection\"}]},{\"@type\":\"WebSite\",\"@id\":\"https:\\\/\\\/www.purejewels.com\\\/#website\",\"url\":\"https:\\\/\\\/www.purejewels.com\\\/\",\"name\":\"PureJewels UK\",\"description\":\"Share the Love\",\"publisher\":{\"@id\":\"https:\\\/\\\/www.purejewels.com\\\/#organization\"},\"potentialAction\":[{\"@type\":\"SearchAction\",\"target\":{\"@type\":\"EntryPoint\",\"urlTemplate\":\"https:\\\/\\\/www.purejewels.com\\\/?s={search_term_string}\"},\"query-input\":{\"@type\":\"PropertyValueSpecification\",\"valueRequired\":true,\"valueName\":\"search_term_string\"}}],\"inLanguage\":\"tr\"},{\"@type\":\"Organization\",\"@id\":\"https:\\\/\\\/www.purejewels.com\\\/#organization\",\"name\":\"PureJewels UK\",\"url\":\"https:\\\/\\\/www.purejewels.com\\\/\",\"logo\":{\"@type\":\"ImageObject\",\"inLanguage\":\"tr\",\"@id\":\"https:\\\/\\\/www.purejewels.com\\\/#\\\/schema\\\/logo\\\/image\\\/\",\"url\":\"https:\\\/\\\/static.purejewels.com\\\/wp-content\\\/uploads\\\/2020\\\/11\\\/Logo-PJ-New-1.png\",\"contentUrl\":\"https:\\\/\\\/static.purejewels.com\\\/wp-content\\\/uploads\\\/2020\\\/11\\\/Logo-PJ-New-1.png\",\"width\":150,\"height\":80,\"caption\":\"PureJewels UK\"},\"image\":{\"@id\":\"https:\\\/\\\/www.purejewels.com\\\/#\\\/schema\\\/logo\\\/image\\\/\"}}]}<\/script>\n<!-- \/ Yoast SEO plugin. -->","yoast_head_json":{"title":"22 ayar alt\u0131n Polki Dome y\u00fcz\u00fck | Diya Koleksiyonu | PureJewels","description":"Diya Koleksiyonumuzdan 22 ayar alt\u0131n Polki Dome Y\u00fcz\u00fck ile cesur bir ifade yap\u0131n. El yap\u0131m\u0131 Polki ta\u015flar\u0131 ile kubbe tasar\u0131m\u0131na sahiptir.","robots":{"index":"index","follow":"follow","max-snippet":"max-snippet:-1","max-image-preview":"max-image-preview:large","max-video-preview":"max-video-preview:-1"},"canonical":"https:\/\/www.purejewels.com\/tr\/urun\/diya-collection-22-ayar-altin-yuzuk-32665\/","og_locale":"tr_TR","og_type":"article","og_title":"22ct Gold Polki Dome Ring | Diya Collection | PureJewels","og_description":"Make a bold statement with our 22ct Gold Polki Dome Ring from the Diya Collection. Featuring hand-set Polki stones in a dome design.","og_url":"https:\/\/www.purejewels.com\/tr\/urun\/diya-collection-22-ayar-altin-yuzuk-32665\/","og_site_name":"PureJewels UK","article_modified_time":"2026-01-07T05:15:41+00:00","og_image":[{"width":960,"height":960,"url":"https:\/\/www.purejewels.com\/wp-content\/uploads\/2020\/10\/image188000753.jpg","type":"image\/jpeg"}],"twitter_card":"summary_large_image","twitter_misc":{"Tahmini okuma s\u00fcresi":"1 dakika"},"schema":{"@context":"https:\/\/schema.org","@graph":[{"@type":["WebPage","ItemPage"],"@id":"https:\/\/www.purejewels.com\/product\/diya-collection-22ct-gold-ring-32665\/","url":"https:\/\/www.purejewels.com\/product\/diya-collection-22ct-gold-ring-32665\/","name":"22 ayar alt\u0131n Polki Dome y\u00fcz\u00fck | Diya Koleksiyonu | PureJewels","isPartOf":{"@id":"https:\/\/www.purejewels.com\/#website"},"primaryImageOfPage":{"@id":"https:\/\/www.purejewels.com\/product\/diya-collection-22ct-gold-ring-32665\/#primaryimage"},"image":{"@id":"https:\/\/www.purejewels.com\/product\/diya-collection-22ct-gold-ring-32665\/#primaryimage"},"thumbnailUrl":"https:\/\/static.purejewels.com\/wp-content\/uploads\/2020\/10\/image188000753.jpg","datePublished":"2020-10-21T13:11:18+00:00","dateModified":"2026-01-07T05:15:41+00:00","description":"Diya Koleksiyonumuzdan 22 ayar alt\u0131n Polki Dome Y\u00fcz\u00fck ile cesur bir ifade yap\u0131n. El yap\u0131m\u0131 Polki ta\u015flar\u0131 ile kubbe tasar\u0131m\u0131na sahiptir.","breadcrumb":{"@id":"https:\/\/www.purejewels.com\/product\/diya-collection-22ct-gold-ring-32665\/#breadcrumb"},"inLanguage":"tr","potentialAction":[{"@type":"ReadAction","target":["https:\/\/www.purejewels.com\/product\/diya-collection-22ct-gold-ring-32665\/"]}]},{"@type":"ImageObject","inLanguage":"tr","@id":"https:\/\/www.purejewels.com\/product\/diya-collection-22ct-gold-ring-32665\/#primaryimage","url":"https:\/\/static.purejewels.com\/wp-content\/uploads\/2020\/10\/image188000753.jpg","contentUrl":"https:\/\/static.purejewels.com\/wp-content\/uploads\/2020\/10\/image188000753.jpg","width":960,"height":960,"caption":"Diya 22ct Polki Light Ring DYRG068"},{"@type":"BreadcrumbList","@id":"https:\/\/www.purejewels.com\/product\/diya-collection-22ct-gold-ring-32665\/#breadcrumb","itemListElement":[{"@type":"ListItem","position":1,"name":"Home","item":"https:\/\/www.purejewels.com\/"},{"@type":"ListItem","position":2,"name":"Shop","item":"https:\/\/www.purejewels.com\/shop\/"},{"@type":"ListItem","position":3,"name":"22ct Gold Polki Dome Ring | Diya Collection"}]},{"@type":"WebSite","@id":"https:\/\/www.purejewels.com\/#website","url":"https:\/\/www.purejewels.com\/","name":"PureJewels \u0130ngiltere","description":"Sevgiyi Payla\u015f\u0131n","publisher":{"@id":"https:\/\/www.purejewels.com\/#organization"},"potentialAction":[{"@type":"SearchAction","target":{"@type":"EntryPoint","urlTemplate":"https:\/\/www.purejewels.com\/?s={search_term_string}"},"query-input":{"@type":"PropertyValueSpecification","valueRequired":true,"valueName":"search_term_string"}}],"inLanguage":"tr"},{"@type":"Organization","@id":"https:\/\/www.purejewels.com\/#organization","name":"PureJewels \u0130ngiltere","url":"https:\/\/www.purejewels.com\/","logo":{"@type":"ImageObject","inLanguage":"tr","@id":"https:\/\/www.purejewels.com\/#\/schema\/logo\/image\/","url":"https:\/\/static.purejewels.com\/wp-content\/uploads\/2020\/11\/Logo-PJ-New-1.png","contentUrl":"https:\/\/static.purejewels.com\/wp-content\/uploads\/2020\/11\/Logo-PJ-New-1.png","width":150,"height":80,"caption":"PureJewels UK"},"image":{"@id":"https:\/\/www.purejewels.com\/#\/schema\/logo\/image\/"}}]}},"_links":{"self":[{"href":"https:\/\/www.purejewels.com\/tr\/wp-json\/wp\/v2\/product\/318476","targetHints":{"allow":["GET"]}}],"collection":[{"href":"https:\/\/www.purejewels.com\/tr\/wp-json\/wp\/v2\/product"}],"about":[{"href":"https:\/\/www.purejewels.com\/tr\/wp-json\/wp\/v2\/types\/product"}],"replies":[{"embeddable":true,"href":"https:\/\/www.purejewels.com\/tr\/wp-json\/wp\/v2\/comments?post=318476"}],"version-history":[{"count":3,"href":"https:\/\/www.purejewels.com\/tr\/wp-json\/wp\/v2\/product\/318476\/revisions"}],"predecessor-version":[{"id":421536,"href":"https:\/\/www.purejewels.com\/tr\/wp-json\/wp\/v2\/product\/318476\/revisions\/421536"}],"wp:featuredmedia":[{"embeddable":true,"href":"https:\/\/www.purejewels.com\/tr\/wp-json\/wp\/v2\/media\/318478"}],"wp:attachment":[{"href":"https:\/\/www.purejewels.com\/tr\/wp-json\/wp\/v2\/media?parent=318476"}],"wp:term":[{"taxonomy":"product_brand","embeddable":true,"href":"https:\/\/www.purejewels.com\/tr\/wp-json\/wp\/v2\/product_brand?post=318476"},{"taxonomy":"product_cat","embeddable":true,"href":"https:\/\/www.purejewels.com\/tr\/wp-json\/wp\/v2\/product_cat?post=318476"},{"taxonomy":"product_tag","embeddable":true,"href":"https:\/\/www.purejewels.com\/tr\/wp-json\/wp\/v2\/product_tag?post=318476"}],"curies":[{"name":"wp","href":"https:\/\/api.w.org\/{rel}","templated":true}]}}