{"id":318487,"date":"2020-10-22T05:41:59","date_gmt":"2020-10-22T04:41:59","guid":{"rendered":"https:\/\/www.purejewels.com\/product\/22ct-gold-pendant-2-8-gm\/"},"modified":"2025-12-30T06:50:27","modified_gmt":"2025-12-30T06:50:27","slug":"22-ayar-altin-kolye-ucu-22860","status":"publish","type":"product","link":"https:\/\/www.purejewels.com\/tr\/product\/22ct-gold-pendant-22860\/","title":{"rendered":"22 ayar alt\u0131n bal\u0131k kolye, yakut detayl\u0131"},"content":{"rendered":"<p><strong>Sembolik ve \u015e\u0131k:<\/strong><br \/>\nBolluk ve iyi \u015fans\u0131n sembol\u00fc olan bal\u0131k, 22 ayar alt\u0131nla zarif bir \u015fekilde i\u015flenerek bu kolyeyi anlaml\u0131 bir aksesuar haline getiriyor.<\/p>\n<p><strong>Ruby Vurgu:<\/strong><br \/>\nTek bir yakut, par\u0131ldayan g\u00f6z\u00fcyle tasar\u0131ma karakter ve canl\u0131l\u0131k katarak canl\u0131 bir dokunu\u015f ekler.<\/p>\n<p><strong>Karma\u015f\u0131k Detaylar:<\/strong><br \/>\nDetayl\u0131 pullar ve p\u00fcr\u00fczs\u00fcz kuyruk, par\u00e7aya boyut ve el yap\u0131m\u0131 bir cazibe kat\u0131yor \u2014 ince alt\u0131n i\u015f\u00e7ili\u011finin ger\u00e7ek bir kan\u0131t\u0131.<\/p>\n<p><strong>\u00c7ok Y\u00f6nl\u00fc \u015e\u0131kl\u0131k:<\/strong><br \/>\nMinimalist bir g\u00f6r\u00fcn\u00fcm i\u00e7in tek ba\u015f\u0131na tak\u0131n veya di\u011fer charm'larla birlikte katmanlayarak ki\u015fisel bir hikaye olu\u015fturun.<\/p>\n<p><strong>M\u00fckemmel bir hediye:<\/strong><br \/>\n\u00d6nemli do\u011fum g\u00fcnleri, k\u00fclt\u00fcrel kutlamalar veya sadece farkl\u0131 \u015feyleri sevenler i\u00e7in e\u015fsiz bir hediye.<\/p>","protected":false},"excerpt":{"rendered":"<p>Karma\u015f\u0131k detaylara ve tek bir yakut ta\u015fl\u0131 g\u00f6ze sahip, b\u00fcy\u00fcleyici bir 22 ayar alt\u0131n bal\u0131k kolye ucu \u2014 hem sembolik hem de \u015f\u0131k.<\/p>\n<ul>\n<li>22 ayar alt\u0131n bal\u0131k kolye ucu<\/li>\n<li>A\u011f\u0131rl\u0131k 2,8 gms<\/li>\n<li>SKU. 22860<\/li>\n<li>Zincir dahil de\u011fildir<\/li>\n<li>T\u00fcm \u00fcr\u00fcnlerimiz London Assay Office taraf\u0131ndan damgalanm\u0131\u015ft\u0131r<\/li>\n<li>Sunum Kutusu ile Birlikte Gelir<\/li>\n<li>Teslimat Dahil<\/li>\n<li>T\u00fcm fiyatlara KDV dahildir<\/li>\n<li>Stok durumu ve stokta bulunan benzer tasar\u0131mlar\u0131n daha fazla g\u00f6r\u00fcnt\u00fcs\u00fc i\u00e7in bizimle canl\u0131 sohbet edin<\/li>\n<\/ul>","protected":false},"featured_media":318489,"comment_status":"closed","ping_status":"closed","template":"","meta":{"_eb_attr":"","_crsspst_to_jayantr4sg-hostcom":false},"product_brand":[],"product_cat":[1255,1767,1572,1768,1574],"product_tag":[],"class_list":{"0":"post-318487","1":"product","2":"type-product","3":"status-publish","4":"has-post-thumbnail","6":"product_cat-gold-pendants","7":"product_cat-ladies-pendants","8":"product_cat-mens-jewellery","9":"product_cat-mens-pendants","10":"product_cat-womens-jewellery","12":"first","13":"outofstock","14":"sale","15":"taxable","16":"shipping-taxable","17":"product-type-simple","18":"add-to-wishlist-before_image"},"yoast_head":"<!-- This site is optimized with the Yoast SEO plugin v27.5 - https:\/\/yoast.com\/product\/yoast-seo-wordpress\/ -->\n<title>22ct Gold Fish Pendant with Ruby Eye | PureJewels UK<\/title>\n<meta name=\"description\" content=\"Add a touch of whimsy with this 22ct gold fish pendant, detailed with a ruby-set eye. A playful yet luxurious charm by PureJewels UK.\" \/>\n<meta name=\"robots\" content=\"index, follow, max-snippet:-1, max-image-preview:large, max-video-preview:-1\" \/>\n<link rel=\"canonical\" href=\"https:\/\/www.purejewels.com\/tr\/urun\/22-ayar-altin-kolye-ucu-22860\/\" \/>\n<meta property=\"og:locale\" content=\"tr_TR\" \/>\n<meta property=\"og:type\" content=\"article\" \/>\n<meta property=\"og:title\" content=\"22ct Gold Fish Pendant with Ruby Eye | PureJewels UK\" \/>\n<meta property=\"og:description\" content=\"Add a touch of whimsy with this 22ct gold fish pendant, detailed with a ruby-set eye. A playful yet luxurious charm by PureJewels UK.\" \/>\n<meta property=\"og:url\" content=\"https:\/\/www.purejewels.com\/tr\/urun\/22-ayar-altin-kolye-ucu-22860\/\" \/>\n<meta property=\"og:site_name\" content=\"PureJewels UK\" \/>\n<meta property=\"article:modified_time\" content=\"2025-12-30T06:50:27+00:00\" \/>\n<meta property=\"og:image\" content=\"https:\/\/static.purejewels.com\/wp-content\/uploads\/2020\/10\/image188091350.jpg\" \/>\n\t<meta property=\"og:image:width\" content=\"1000\" \/>\n\t<meta property=\"og:image:height\" content=\"1000\" \/>\n\t<meta property=\"og:image:type\" content=\"image\/jpeg\" \/>\n<meta name=\"twitter:card\" content=\"summary_large_image\" \/>\n<meta name=\"twitter:label1\" content=\"Tahmini okuma s\u00fcresi\" \/>\n\t<meta name=\"twitter:data1\" content=\"1 dakika\" \/>\n<script type=\"application\/ld+json\" class=\"yoast-schema-graph\">{\"@context\":\"https:\\\/\\\/schema.org\",\"@graph\":[{\"@type\":[\"WebPage\",\"ItemPage\"],\"@id\":\"https:\\\/\\\/www.purejewels.com\\\/product\\\/22ct-gold-pendant-22860\\\/\",\"url\":\"https:\\\/\\\/www.purejewels.com\\\/product\\\/22ct-gold-pendant-22860\\\/\",\"name\":\"22ct Gold Fish Pendant with Ruby Eye | PureJewels UK\",\"isPartOf\":{\"@id\":\"https:\\\/\\\/www.purejewels.com\\\/#website\"},\"primaryImageOfPage\":{\"@id\":\"https:\\\/\\\/www.purejewels.com\\\/product\\\/22ct-gold-pendant-22860\\\/#primaryimage\"},\"image\":{\"@id\":\"https:\\\/\\\/www.purejewels.com\\\/product\\\/22ct-gold-pendant-22860\\\/#primaryimage\"},\"thumbnailUrl\":\"https:\\\/\\\/static.purejewels.com\\\/wp-content\\\/uploads\\\/2020\\\/10\\\/image188091350.jpg\",\"datePublished\":\"2020-10-22T04:41:59+00:00\",\"dateModified\":\"2025-12-30T06:50:27+00:00\",\"description\":\"Add a touch of whimsy with this 22ct gold fish pendant, detailed with a ruby-set eye. A playful yet luxurious charm by PureJewels UK.\",\"breadcrumb\":{\"@id\":\"https:\\\/\\\/www.purejewels.com\\\/product\\\/22ct-gold-pendant-22860\\\/#breadcrumb\"},\"inLanguage\":\"tr\",\"potentialAction\":[{\"@type\":\"ReadAction\",\"target\":[\"https:\\\/\\\/www.purejewels.com\\\/product\\\/22ct-gold-pendant-22860\\\/\"]}]},{\"@type\":\"ImageObject\",\"inLanguage\":\"tr\",\"@id\":\"https:\\\/\\\/www.purejewels.com\\\/product\\\/22ct-gold-pendant-22860\\\/#primaryimage\",\"url\":\"https:\\\/\\\/static.purejewels.com\\\/wp-content\\\/uploads\\\/2020\\\/10\\\/image188091350.jpg\",\"contentUrl\":\"https:\\\/\\\/static.purejewels.com\\\/wp-content\\\/uploads\\\/2020\\\/10\\\/image188091350.jpg\",\"width\":1000,\"height\":1000,\"caption\":\"22ct Gold Pendant Fish YGPN099\"},{\"@type\":\"BreadcrumbList\",\"@id\":\"https:\\\/\\\/www.purejewels.com\\\/product\\\/22ct-gold-pendant-22860\\\/#breadcrumb\",\"itemListElement\":[{\"@type\":\"ListItem\",\"position\":1,\"name\":\"Home\",\"item\":\"https:\\\/\\\/www.purejewels.com\\\/\"},{\"@type\":\"ListItem\",\"position\":2,\"name\":\"Shop\",\"item\":\"https:\\\/\\\/www.purejewels.com\\\/shop\\\/\"},{\"@type\":\"ListItem\",\"position\":3,\"name\":\"22ct Gold Fish Pendant with Ruby Accent\"}]},{\"@type\":\"WebSite\",\"@id\":\"https:\\\/\\\/www.purejewels.com\\\/#website\",\"url\":\"https:\\\/\\\/www.purejewels.com\\\/\",\"name\":\"PureJewels UK\",\"description\":\"Share the Love\",\"publisher\":{\"@id\":\"https:\\\/\\\/www.purejewels.com\\\/#organization\"},\"potentialAction\":[{\"@type\":\"SearchAction\",\"target\":{\"@type\":\"EntryPoint\",\"urlTemplate\":\"https:\\\/\\\/www.purejewels.com\\\/?s={search_term_string}\"},\"query-input\":{\"@type\":\"PropertyValueSpecification\",\"valueRequired\":true,\"valueName\":\"search_term_string\"}}],\"inLanguage\":\"tr\"},{\"@type\":\"Organization\",\"@id\":\"https:\\\/\\\/www.purejewels.com\\\/#organization\",\"name\":\"PureJewels UK\",\"url\":\"https:\\\/\\\/www.purejewels.com\\\/\",\"logo\":{\"@type\":\"ImageObject\",\"inLanguage\":\"tr\",\"@id\":\"https:\\\/\\\/www.purejewels.com\\\/#\\\/schema\\\/logo\\\/image\\\/\",\"url\":\"https:\\\/\\\/static.purejewels.com\\\/wp-content\\\/uploads\\\/2020\\\/11\\\/Logo-PJ-New-1.png\",\"contentUrl\":\"https:\\\/\\\/static.purejewels.com\\\/wp-content\\\/uploads\\\/2020\\\/11\\\/Logo-PJ-New-1.png\",\"width\":150,\"height\":80,\"caption\":\"PureJewels UK\"},\"image\":{\"@id\":\"https:\\\/\\\/www.purejewels.com\\\/#\\\/schema\\\/logo\\\/image\\\/\"}}]}<\/script>\n<!-- \/ Yoast SEO plugin. -->","yoast_head_json":{"title":"22 ayar alt\u0131n bal\u0131k kolye ucu, yakut g\u00f6zl\u00fc | PureJewels UK","description":"Yakut ta\u015fl\u0131 g\u00f6z detay\u0131yla s\u00fcslenmi\u015f bu 22 ayar alt\u0131n bal\u0131k kolye ucu ile tak\u0131n\u0131za e\u011flenceli bir dokunu\u015f kat\u0131n. PureJewels UK'nin e\u011flenceli ve l\u00fcks bir tak\u0131s\u0131.","robots":{"index":"index","follow":"follow","max-snippet":"max-snippet:-1","max-image-preview":"max-image-preview:large","max-video-preview":"max-video-preview:-1"},"canonical":"https:\/\/www.purejewels.com\/tr\/urun\/22-ayar-altin-kolye-ucu-22860\/","og_locale":"tr_TR","og_type":"article","og_title":"22ct Gold Fish Pendant with Ruby Eye | PureJewels UK","og_description":"Add a touch of whimsy with this 22ct gold fish pendant, detailed with a ruby-set eye. A playful yet luxurious charm by PureJewels UK.","og_url":"https:\/\/www.purejewels.com\/tr\/urun\/22-ayar-altin-kolye-ucu-22860\/","og_site_name":"PureJewels UK","article_modified_time":"2025-12-30T06:50:27+00:00","og_image":[{"width":1000,"height":1000,"url":"https:\/\/static.purejewels.com\/wp-content\/uploads\/2020\/10\/image188091350.jpg","type":"image\/jpeg"}],"twitter_card":"summary_large_image","twitter_misc":{"Tahmini okuma s\u00fcresi":"1 dakika"},"schema":{"@context":"https:\/\/schema.org","@graph":[{"@type":["WebPage","ItemPage"],"@id":"https:\/\/www.purejewels.com\/product\/22ct-gold-pendant-22860\/","url":"https:\/\/www.purejewels.com\/product\/22ct-gold-pendant-22860\/","name":"22 ayar alt\u0131n bal\u0131k kolye ucu, yakut g\u00f6zl\u00fc | PureJewels UK","isPartOf":{"@id":"https:\/\/www.purejewels.com\/#website"},"primaryImageOfPage":{"@id":"https:\/\/www.purejewels.com\/product\/22ct-gold-pendant-22860\/#primaryimage"},"image":{"@id":"https:\/\/www.purejewels.com\/product\/22ct-gold-pendant-22860\/#primaryimage"},"thumbnailUrl":"https:\/\/static.purejewels.com\/wp-content\/uploads\/2020\/10\/image188091350.jpg","datePublished":"2020-10-22T04:41:59+00:00","dateModified":"2025-12-30T06:50:27+00:00","description":"Yakut ta\u015fl\u0131 g\u00f6z detay\u0131yla s\u00fcslenmi\u015f bu 22 ayar alt\u0131n bal\u0131k kolye ucu ile tak\u0131n\u0131za e\u011flenceli bir dokunu\u015f kat\u0131n. PureJewels UK'nin e\u011flenceli ve l\u00fcks bir tak\u0131s\u0131.","breadcrumb":{"@id":"https:\/\/www.purejewels.com\/product\/22ct-gold-pendant-22860\/#breadcrumb"},"inLanguage":"tr","potentialAction":[{"@type":"ReadAction","target":["https:\/\/www.purejewels.com\/product\/22ct-gold-pendant-22860\/"]}]},{"@type":"ImageObject","inLanguage":"tr","@id":"https:\/\/www.purejewels.com\/product\/22ct-gold-pendant-22860\/#primaryimage","url":"https:\/\/static.purejewels.com\/wp-content\/uploads\/2020\/10\/image188091350.jpg","contentUrl":"https:\/\/static.purejewels.com\/wp-content\/uploads\/2020\/10\/image188091350.jpg","width":1000,"height":1000,"caption":"22ct Gold Pendant Fish YGPN099"},{"@type":"BreadcrumbList","@id":"https:\/\/www.purejewels.com\/product\/22ct-gold-pendant-22860\/#breadcrumb","itemListElement":[{"@type":"ListItem","position":1,"name":"Home","item":"https:\/\/www.purejewels.com\/"},{"@type":"ListItem","position":2,"name":"Shop","item":"https:\/\/www.purejewels.com\/shop\/"},{"@type":"ListItem","position":3,"name":"22ct Gold Fish Pendant with Ruby Accent"}]},{"@type":"WebSite","@id":"https:\/\/www.purejewels.com\/#website","url":"https:\/\/www.purejewels.com\/","name":"PureJewels \u0130ngiltere","description":"Sevgiyi Payla\u015f\u0131n","publisher":{"@id":"https:\/\/www.purejewels.com\/#organization"},"potentialAction":[{"@type":"SearchAction","target":{"@type":"EntryPoint","urlTemplate":"https:\/\/www.purejewels.com\/?s={search_term_string}"},"query-input":{"@type":"PropertyValueSpecification","valueRequired":true,"valueName":"search_term_string"}}],"inLanguage":"tr"},{"@type":"Organization","@id":"https:\/\/www.purejewels.com\/#organization","name":"PureJewels \u0130ngiltere","url":"https:\/\/www.purejewels.com\/","logo":{"@type":"ImageObject","inLanguage":"tr","@id":"https:\/\/www.purejewels.com\/#\/schema\/logo\/image\/","url":"https:\/\/static.purejewels.com\/wp-content\/uploads\/2020\/11\/Logo-PJ-New-1.png","contentUrl":"https:\/\/static.purejewels.com\/wp-content\/uploads\/2020\/11\/Logo-PJ-New-1.png","width":150,"height":80,"caption":"PureJewels UK"},"image":{"@id":"https:\/\/www.purejewels.com\/#\/schema\/logo\/image\/"}}]}},"_links":{"self":[{"href":"https:\/\/www.purejewels.com\/tr\/wp-json\/wp\/v2\/product\/318487","targetHints":{"allow":["GET"]}}],"collection":[{"href":"https:\/\/www.purejewels.com\/tr\/wp-json\/wp\/v2\/product"}],"about":[{"href":"https:\/\/www.purejewels.com\/tr\/wp-json\/wp\/v2\/types\/product"}],"replies":[{"embeddable":true,"href":"https:\/\/www.purejewels.com\/tr\/wp-json\/wp\/v2\/comments?post=318487"}],"version-history":[{"count":2,"href":"https:\/\/www.purejewels.com\/tr\/wp-json\/wp\/v2\/product\/318487\/revisions"}],"predecessor-version":[{"id":424016,"href":"https:\/\/www.purejewels.com\/tr\/wp-json\/wp\/v2\/product\/318487\/revisions\/424016"}],"wp:featuredmedia":[{"embeddable":true,"href":"https:\/\/www.purejewels.com\/tr\/wp-json\/wp\/v2\/media\/318489"}],"wp:attachment":[{"href":"https:\/\/www.purejewels.com\/tr\/wp-json\/wp\/v2\/media?parent=318487"}],"wp:term":[{"taxonomy":"product_brand","embeddable":true,"href":"https:\/\/www.purejewels.com\/tr\/wp-json\/wp\/v2\/product_brand?post=318487"},{"taxonomy":"product_cat","embeddable":true,"href":"https:\/\/www.purejewels.com\/tr\/wp-json\/wp\/v2\/product_cat?post=318487"},{"taxonomy":"product_tag","embeddable":true,"href":"https:\/\/www.purejewels.com\/tr\/wp-json\/wp\/v2\/product_tag?post=318487"}],"curies":[{"name":"wp","href":"https:\/\/api.w.org\/{rel}","templated":true}]}}