{"id":318508,"date":"2020-10-22T13:56:19","date_gmt":"2020-10-22T12:56:19","guid":{"rendered":"https:\/\/www.purejewels.com\/product\/timeless-classics-22ct-gold-pendant-1-1gm\/"},"modified":"2024-09-19T09:21:45","modified_gmt":"2024-09-19T08:21:45","slug":"22-ayar-altin-kolye-33185","status":"publish","type":"product","link":"https:\/\/www.purejewels.com\/tr\/product\/22carat-gold-pendant-33185\/","title":{"rendered":"Zamans\u0131z Klasikler 22 Ayar Alt\u0131n Kolye"},"content":{"rendered":"<ul>\n<li>A\u011f\u0131rl\u0131k 1,3 gm<\/li>\n<li>SKU. 33185<\/li>\n<\/ul>","protected":false},"excerpt":{"rendered":"<div class=\"woocommerce-product-details__short-description\">\n<ul>\n<li>22 Ayar Alt\u0131n CZ Kolye<\/li>\n<li>Tek Yuvarlak CZ ta\u015f<\/li>\n<li>A\u011f\u0131rl\u0131k 1,3 gm<\/li>\n<li>SKU. 33185<\/li>\n<li>Mangalsutra Zinciri dahil de\u011fildir.<\/li>\n<li>T\u00fcm \u00dcr\u00fcnlerimiz Londra Tahlil Ofisi Taraf\u0131ndan Damgalanm\u0131\u015ft\u0131r<\/li>\n<li>Sunum Kutusu ile Birlikte Gelir<\/li>\n<li>Teslimat Dahil<\/li>\n<li>T\u00fcm fiyatlara KDV dahildir<\/li>\n<li>\u00dcr\u00fcn\u00fcn videosunu g\u00f6rmek i\u00e7in bize ula\u015f\u0131n \/ bizimle canl\u0131 sohbet edin<\/li>\n<\/ul>\n<\/div>\n<p>&nbsp;<\/p>","protected":false},"featured_media":323529,"comment_status":"closed","ping_status":"closed","template":"","meta":{"_eb_attr":"","_crsspst_to_jayantr4sg-hostcom":false},"product_brand":[],"product_cat":[1791,1559,1255,1767,1574],"product_tag":[],"class_list":{"0":"post-318508","1":"product","2":"type-product","3":"status-publish","4":"has-post-thumbnail","6":"product_cat-anniversary-gifts","7":"product_cat-birthday-gifts","8":"product_cat-gold-pendants","9":"product_cat-ladies-pendants","10":"product_cat-womens-jewellery","12":"first","13":"outofstock","14":"sale","15":"taxable","16":"shipping-taxable","17":"product-type-simple","18":"add-to-wishlist-before_image"},"yoast_head":"<!-- This site is optimized with the Yoast SEO plugin v27.6 - https:\/\/yoast.com\/product\/yoast-seo-wordpress\/ -->\n<title>Diwali Offer | 22ct Real Gold Pendant | Gold Pendant | PureJewels<\/title>\n<meta name=\"description\" content=\"Browse our Timeless Classics 22ct Gold Pendant online. All our Pendants are Hallmarked by London Assay Office. Shop Today!\" \/>\n<meta name=\"robots\" content=\"index, follow, max-snippet:-1, max-image-preview:large, max-video-preview:-1\" \/>\n<link rel=\"canonical\" href=\"https:\/\/www.purejewels.com\/tr\/urun\/22-ayar-altin-kolye-33185\/\" \/>\n<meta property=\"og:locale\" content=\"tr_TR\" \/>\n<meta property=\"og:type\" content=\"article\" \/>\n<meta property=\"og:title\" content=\"Diwali Offer | 22ct Real Gold Pendant | Gold Pendant | PureJewels\" \/>\n<meta property=\"og:description\" content=\"Browse our Timeless Classics 22ct Gold Pendant online. All our Pendants are Hallmarked by London Assay Office. Shop Today!\" \/>\n<meta property=\"og:url\" content=\"https:\/\/www.purejewels.com\/tr\/urun\/22-ayar-altin-kolye-33185\/\" \/>\n<meta property=\"og:site_name\" content=\"PureJewels UK\" \/>\n<meta property=\"article:modified_time\" content=\"2024-09-19T08:21:45+00:00\" \/>\n<meta property=\"og:image\" content=\"https:\/\/www.purejewels.com\/wp-content\/uploads\/2020\/10\/33185.jpg\" \/>\n\t<meta property=\"og:image:width\" content=\"1000\" \/>\n\t<meta property=\"og:image:height\" content=\"1000\" \/>\n\t<meta property=\"og:image:type\" content=\"image\/jpeg\" \/>\n<meta name=\"twitter:card\" content=\"summary_large_image\" \/>\n<script type=\"application\/ld+json\" class=\"yoast-schema-graph\">{\"@context\":\"https:\\\/\\\/schema.org\",\"@graph\":[{\"@type\":[\"WebPage\",\"ItemPage\"],\"@id\":\"https:\\\/\\\/www.purejewels.com\\\/product\\\/22carat-gold-pendant-33185\\\/\",\"url\":\"https:\\\/\\\/www.purejewels.com\\\/product\\\/22carat-gold-pendant-33185\\\/\",\"name\":\"Diwali Offer | 22ct Real Gold Pendant | Gold Pendant | PureJewels\",\"isPartOf\":{\"@id\":\"https:\\\/\\\/www.purejewels.com\\\/#website\"},\"primaryImageOfPage\":{\"@id\":\"https:\\\/\\\/www.purejewels.com\\\/product\\\/22carat-gold-pendant-33185\\\/#primaryimage\"},\"image\":{\"@id\":\"https:\\\/\\\/www.purejewels.com\\\/product\\\/22carat-gold-pendant-33185\\\/#primaryimage\"},\"thumbnailUrl\":\"https:\\\/\\\/static.purejewels.com\\\/wp-content\\\/uploads\\\/2020\\\/10\\\/33185.jpg\",\"datePublished\":\"2020-10-22T12:56:19+00:00\",\"dateModified\":\"2024-09-19T08:21:45+00:00\",\"description\":\"Browse our Timeless Classics 22ct Gold Pendant online. All our Pendants are Hallmarked by London Assay Office. Shop Today!\",\"breadcrumb\":{\"@id\":\"https:\\\/\\\/www.purejewels.com\\\/product\\\/22carat-gold-pendant-33185\\\/#breadcrumb\"},\"inLanguage\":\"tr\",\"potentialAction\":[{\"@type\":\"ReadAction\",\"target\":[\"https:\\\/\\\/www.purejewels.com\\\/product\\\/22carat-gold-pendant-33185\\\/\"]}]},{\"@type\":\"ImageObject\",\"inLanguage\":\"tr\",\"@id\":\"https:\\\/\\\/www.purejewels.com\\\/product\\\/22carat-gold-pendant-33185\\\/#primaryimage\",\"url\":\"https:\\\/\\\/static.purejewels.com\\\/wp-content\\\/uploads\\\/2020\\\/10\\\/33185.jpg\",\"contentUrl\":\"https:\\\/\\\/static.purejewels.com\\\/wp-content\\\/uploads\\\/2020\\\/10\\\/33185.jpg\",\"width\":1000,\"height\":1000,\"caption\":\"22ct Gold Pendant 33185\"},{\"@type\":\"BreadcrumbList\",\"@id\":\"https:\\\/\\\/www.purejewels.com\\\/product\\\/22carat-gold-pendant-33185\\\/#breadcrumb\",\"itemListElement\":[{\"@type\":\"ListItem\",\"position\":1,\"name\":\"Home\",\"item\":\"https:\\\/\\\/www.purejewels.com\\\/\"},{\"@type\":\"ListItem\",\"position\":2,\"name\":\"Shop\",\"item\":\"https:\\\/\\\/www.purejewels.com\\\/shop\\\/\"},{\"@type\":\"ListItem\",\"position\":3,\"name\":\"Timeless Classics 22ct Gold Pendant\"}]},{\"@type\":\"WebSite\",\"@id\":\"https:\\\/\\\/www.purejewels.com\\\/#website\",\"url\":\"https:\\\/\\\/www.purejewels.com\\\/\",\"name\":\"PureJewels UK\",\"description\":\"Share the Love\",\"publisher\":{\"@id\":\"https:\\\/\\\/www.purejewels.com\\\/#organization\"},\"potentialAction\":[{\"@type\":\"SearchAction\",\"target\":{\"@type\":\"EntryPoint\",\"urlTemplate\":\"https:\\\/\\\/www.purejewels.com\\\/?s={search_term_string}\"},\"query-input\":{\"@type\":\"PropertyValueSpecification\",\"valueRequired\":true,\"valueName\":\"search_term_string\"}}],\"inLanguage\":\"tr\"},{\"@type\":\"Organization\",\"@id\":\"https:\\\/\\\/www.purejewels.com\\\/#organization\",\"name\":\"PureJewels UK\",\"url\":\"https:\\\/\\\/www.purejewels.com\\\/\",\"logo\":{\"@type\":\"ImageObject\",\"inLanguage\":\"tr\",\"@id\":\"https:\\\/\\\/www.purejewels.com\\\/#\\\/schema\\\/logo\\\/image\\\/\",\"url\":\"https:\\\/\\\/static.purejewels.com\\\/wp-content\\\/uploads\\\/2020\\\/11\\\/Logo-PJ-New-1.png\",\"contentUrl\":\"https:\\\/\\\/static.purejewels.com\\\/wp-content\\\/uploads\\\/2020\\\/11\\\/Logo-PJ-New-1.png\",\"width\":150,\"height\":80,\"caption\":\"PureJewels UK\"},\"image\":{\"@id\":\"https:\\\/\\\/www.purejewels.com\\\/#\\\/schema\\\/logo\\\/image\\\/\"}}]}<\/script>\n<!-- \/ Yoast SEO plugin. -->","yoast_head_json":{"title":"Diwali Teklifi | 22 Ayar Ger\u00e7ek Alt\u0131n Kolye | Alt\u0131n Kolye | PureJewels","description":"Zamans\u0131z Klasikler 22 Ayar Alt\u0131n Kolyelerimize online g\u00f6z at\u0131n. T\u00fcm Kolyelerimiz Londra Tahlil Ofisi taraf\u0131ndan damgalanm\u0131\u015ft\u0131r. Bug\u00fcn Al\u0131\u015fveri\u015f Yap\u0131n!","robots":{"index":"index","follow":"follow","max-snippet":"max-snippet:-1","max-image-preview":"max-image-preview:large","max-video-preview":"max-video-preview:-1"},"canonical":"https:\/\/www.purejewels.com\/tr\/urun\/22-ayar-altin-kolye-33185\/","og_locale":"tr_TR","og_type":"article","og_title":"Diwali Offer | 22ct Real Gold Pendant | Gold Pendant | PureJewels","og_description":"Browse our Timeless Classics 22ct Gold Pendant online. All our Pendants are Hallmarked by London Assay Office. Shop Today!","og_url":"https:\/\/www.purejewels.com\/tr\/urun\/22-ayar-altin-kolye-33185\/","og_site_name":"PureJewels UK","article_modified_time":"2024-09-19T08:21:45+00:00","og_image":[{"width":1000,"height":1000,"url":"https:\/\/www.purejewels.com\/wp-content\/uploads\/2020\/10\/33185.jpg","type":"image\/jpeg"}],"twitter_card":"summary_large_image","schema":{"@context":"https:\/\/schema.org","@graph":[{"@type":["WebPage","ItemPage"],"@id":"https:\/\/www.purejewels.com\/product\/22carat-gold-pendant-33185\/","url":"https:\/\/www.purejewels.com\/product\/22carat-gold-pendant-33185\/","name":"Diwali Teklifi | 22 Ayar Ger\u00e7ek Alt\u0131n Kolye | Alt\u0131n Kolye | PureJewels","isPartOf":{"@id":"https:\/\/www.purejewels.com\/#website"},"primaryImageOfPage":{"@id":"https:\/\/www.purejewels.com\/product\/22carat-gold-pendant-33185\/#primaryimage"},"image":{"@id":"https:\/\/www.purejewels.com\/product\/22carat-gold-pendant-33185\/#primaryimage"},"thumbnailUrl":"https:\/\/static.purejewels.com\/wp-content\/uploads\/2020\/10\/33185.jpg","datePublished":"2020-10-22T12:56:19+00:00","dateModified":"2024-09-19T08:21:45+00:00","description":"Zamans\u0131z Klasikler 22 Ayar Alt\u0131n Kolyelerimize online g\u00f6z at\u0131n. T\u00fcm Kolyelerimiz Londra Tahlil Ofisi taraf\u0131ndan damgalanm\u0131\u015ft\u0131r. Bug\u00fcn Al\u0131\u015fveri\u015f Yap\u0131n!","breadcrumb":{"@id":"https:\/\/www.purejewels.com\/product\/22carat-gold-pendant-33185\/#breadcrumb"},"inLanguage":"tr","potentialAction":[{"@type":"ReadAction","target":["https:\/\/www.purejewels.com\/product\/22carat-gold-pendant-33185\/"]}]},{"@type":"ImageObject","inLanguage":"tr","@id":"https:\/\/www.purejewels.com\/product\/22carat-gold-pendant-33185\/#primaryimage","url":"https:\/\/static.purejewels.com\/wp-content\/uploads\/2020\/10\/33185.jpg","contentUrl":"https:\/\/static.purejewels.com\/wp-content\/uploads\/2020\/10\/33185.jpg","width":1000,"height":1000,"caption":"22ct Gold Pendant 33185"},{"@type":"BreadcrumbList","@id":"https:\/\/www.purejewels.com\/product\/22carat-gold-pendant-33185\/#breadcrumb","itemListElement":[{"@type":"ListItem","position":1,"name":"Home","item":"https:\/\/www.purejewels.com\/"},{"@type":"ListItem","position":2,"name":"Shop","item":"https:\/\/www.purejewels.com\/shop\/"},{"@type":"ListItem","position":3,"name":"Timeless Classics 22ct Gold Pendant"}]},{"@type":"WebSite","@id":"https:\/\/www.purejewels.com\/#website","url":"https:\/\/www.purejewels.com\/","name":"PureJewels \u0130ngiltere","description":"Sevgiyi Payla\u015f\u0131n","publisher":{"@id":"https:\/\/www.purejewels.com\/#organization"},"potentialAction":[{"@type":"SearchAction","target":{"@type":"EntryPoint","urlTemplate":"https:\/\/www.purejewels.com\/?s={search_term_string}"},"query-input":{"@type":"PropertyValueSpecification","valueRequired":true,"valueName":"search_term_string"}}],"inLanguage":"tr"},{"@type":"Organization","@id":"https:\/\/www.purejewels.com\/#organization","name":"PureJewels \u0130ngiltere","url":"https:\/\/www.purejewels.com\/","logo":{"@type":"ImageObject","inLanguage":"tr","@id":"https:\/\/www.purejewels.com\/#\/schema\/logo\/image\/","url":"https:\/\/static.purejewels.com\/wp-content\/uploads\/2020\/11\/Logo-PJ-New-1.png","contentUrl":"https:\/\/static.purejewels.com\/wp-content\/uploads\/2020\/11\/Logo-PJ-New-1.png","width":150,"height":80,"caption":"PureJewels UK"},"image":{"@id":"https:\/\/www.purejewels.com\/#\/schema\/logo\/image\/"}}]}},"_links":{"self":[{"href":"https:\/\/www.purejewels.com\/tr\/wp-json\/wp\/v2\/product\/318508","targetHints":{"allow":["GET"]}}],"collection":[{"href":"https:\/\/www.purejewels.com\/tr\/wp-json\/wp\/v2\/product"}],"about":[{"href":"https:\/\/www.purejewels.com\/tr\/wp-json\/wp\/v2\/types\/product"}],"replies":[{"embeddable":true,"href":"https:\/\/www.purejewels.com\/tr\/wp-json\/wp\/v2\/comments?post=318508"}],"version-history":[{"count":1,"href":"https:\/\/www.purejewels.com\/tr\/wp-json\/wp\/v2\/product\/318508\/revisions"}],"predecessor-version":[{"id":372220,"href":"https:\/\/www.purejewels.com\/tr\/wp-json\/wp\/v2\/product\/318508\/revisions\/372220"}],"wp:featuredmedia":[{"embeddable":true,"href":"https:\/\/www.purejewels.com\/tr\/wp-json\/wp\/v2\/media\/323529"}],"wp:attachment":[{"href":"https:\/\/www.purejewels.com\/tr\/wp-json\/wp\/v2\/media?parent=318508"}],"wp:term":[{"taxonomy":"product_brand","embeddable":true,"href":"https:\/\/www.purejewels.com\/tr\/wp-json\/wp\/v2\/product_brand?post=318508"},{"taxonomy":"product_cat","embeddable":true,"href":"https:\/\/www.purejewels.com\/tr\/wp-json\/wp\/v2\/product_cat?post=318508"},{"taxonomy":"product_tag","embeddable":true,"href":"https:\/\/www.purejewels.com\/tr\/wp-json\/wp\/v2\/product_tag?post=318508"}],"curies":[{"name":"wp","href":"https:\/\/api.w.org\/{rel}","templated":true}]}}