{"id":318512,"date":"2020-10-22T14:04:16","date_gmt":"2020-10-22T13:04:16","guid":{"rendered":"https:\/\/www.purejewels.com\/product\/22ct-gold-earring-1-3gm\/"},"modified":"2025-05-22T11:20:50","modified_gmt":"2025-05-22T10:20:50","slug":"22-ayar-sari-altin-kupe-33193","status":"publish","type":"product","link":"https:\/\/www.purejewels.com\/tr\/product\/22kt-yellow-gold-earring-33193\/","title":{"rendered":"22Kt Sar\u0131 Alt\u0131n K\u00fcpe"},"content":{"rendered":"<h3>Tasar\u0131m<\/h3>\n<p><span style=\"font-weight: 400;\">\u00c7i\u00e7ekli kulak saplamam\u0131z do\u011fadan ve antik mimari desenlerden ilham al\u0131narak tasarlanm\u0131\u015ft\u0131r. Bu k\u00fcpe saf 22 ayar alt\u0131ndan el i\u015f\u00e7ili\u011fiyle \u00fcretilmi\u015ftir. \u00c7\u0131t\u00e7\u0131t, merkezinde g\u00fczel bir \u015fekilde i\u015flenmi\u015f minyat\u00fcr bir rawa bulunan \u00e7i\u00e7ek a\u00e7an bir \u00e7i\u00e7ekle ba\u015flar. \u00c7i\u00e7e\u011fi, geleneksel Hint kesme tekni\u011fi kullan\u0131larak usta karigarlar\u0131m\u0131z taraf\u0131ndan elle i\u015flenen mimari desenlerden ilham alan tekrarlayan motiflere sahip bir bile\u015fen takip eder.\u00a0<\/span><\/p>\n<h3>\u0130lham kayna\u011f\u0131<\/h3>\n<p><span style=\"font-weight: 400;\">\u00c7\u0131t\u00e7\u0131tl\u0131 kulaklar zahmetsiz, cesur ve muhte\u015femdir. Temelde normal kulaklar\u0131n daha k\u00fc\u00e7\u00fck versiyonlar\u0131d\u0131r. <a href=\"https:\/\/www.purejewels.com\/tr\/product-category\/22ct-gold-jewellery\/gold-earrings\/\">K\u00fcpeler<\/a> Kulak memelerinizi g\u00fczelce \u00f6rtecek \u015fekilde \u00fcretilmi\u015ftir ve biraz daha uzun olabilirler.<\/span><\/p>\n<h3>Stil<\/h3>\n<p><span style=\"font-weight: 400;\">\u00c7ok fazla alt\u0131n diye bir \u015fey yoktur, de\u011fil mi? E\u011fer siz de bizim gibi buna inan\u0131yorsan\u0131z, bu alt\u0131n biblodan geri d\u00f6n\u00fc\u015f yok. Bu hafif ve minimal tasar\u0131ml\u0131 <a href=\"https:\/\/www.purejewels.com\/tr\/product\/22ct-gold-ladies-stud-earring-with-rhodium-finish-46497\/\">K\u00fcpe<\/a> Purejewels taraf\u0131ndan \u00fcretilen bu \u00fcr\u00fcn, e\u011fer siz de g\u00fcncel modaya tak\u0131nt\u0131l\u0131ysan\u0131z mutlaka sahip olman\u0131z gereken bir \u00fcr\u00fcnd\u00fcr. <a href=\"https:\/\/www.purejewels.com\/tr\/elegance-of-sold-gold\/\">alt\u0131n tak\u0131lar<\/a> trendler.<\/span><\/p>","protected":false},"excerpt":{"rendered":"<ul>\n<li>22Kt Sar\u0131 Alt\u0131n Saplama K\u00fcpe<\/li>\n<li>A\u011f\u0131rl\u0131k 1,4 gms<\/li>\n<li>SKU. 33193<\/li>\n<li>T\u00fcm fiyatlara KDV dahildir<\/li>\n<li>T\u00fcm \u00fcr\u00fcnlerimiz London Assay Office taraf\u0131ndan damgalanm\u0131\u015ft\u0131r<\/li>\n<li>Sunum kutusu ile birlikte gelir<\/li>\n<li>Teslimat Dahil<\/li>\n<li>\u00dcr\u00fcn\u00fcn videosunu g\u00f6rmek i\u00e7in bize ula\u015f\u0131n \/ bizimle sohbet edin<\/li>\n<\/ul>","protected":false},"featured_media":318608,"comment_status":"closed","ping_status":"closed","template":"","meta":{"_eb_attr":"","_crsspst_to_jayantr4sg-hostcom":true},"product_brand":[],"product_cat":[1791,1559,1576,1254,5343,1577,1574],"product_tag":[1546,66],"class_list":{"0":"post-318512","1":"product","2":"type-product","3":"status-publish","4":"has-post-thumbnail","6":"product_cat-anniversary-gifts","7":"product_cat-birthday-gifts","8":"product_cat-childrens-jewellery","9":"product_cat-gold-earrings","10":"product_cat-jewellery-under-550","11":"product_cat-stud-earrings","12":"product_cat-womens-jewellery","13":"product_tag-children","14":"product_tag-earrings","16":"first","17":"outofstock","18":"taxable","19":"shipping-taxable","20":"product-type-simple","21":"add-to-wishlist-before_image"},"yoast_head":"<!-- This site is optimized with the Yoast SEO plugin v27.3 - https:\/\/yoast.com\/product\/yoast-seo-wordpress\/ -->\n<title>Buy effortless, bold and gorgeous Ear studs in real gold<\/title>\n<meta name=\"description\" content=\"Our floral ear stud has been designed with inspiration from ancient architectural patterns. It has been handcrafted in pure 22K Gold.\" \/>\n<meta name=\"robots\" content=\"index, follow, max-snippet:-1, max-image-preview:large, max-video-preview:-1\" \/>\n<link rel=\"canonical\" href=\"https:\/\/www.purejewels.com\/tr\/urun\/22-ayar-sari-altin-kupe-33193\/\" \/>\n<meta property=\"og:locale\" content=\"tr_TR\" \/>\n<meta property=\"og:type\" content=\"article\" \/>\n<meta property=\"og:title\" content=\"Buy effortless, bold and gorgeous Ear studs in real gold\" \/>\n<meta property=\"og:description\" content=\"Our floral ear stud has been designed with inspiration from ancient architectural patterns. It has been handcrafted in pure 22K Gold.\" \/>\n<meta property=\"og:url\" content=\"https:\/\/www.purejewels.com\/tr\/urun\/22-ayar-sari-altin-kupe-33193\/\" \/>\n<meta property=\"og:site_name\" content=\"PureJewels UK\" \/>\n<meta property=\"article:modified_time\" content=\"2025-05-22T10:20:50+00:00\" \/>\n<meta property=\"og:image\" content=\"https:\/\/www.purejewels.com\/wp-content\/uploads\/2020\/10\/image188325384.jpg\" \/>\n\t<meta property=\"og:image:width\" content=\"1000\" \/>\n\t<meta property=\"og:image:height\" content=\"1000\" \/>\n\t<meta property=\"og:image:type\" content=\"image\/jpeg\" \/>\n<meta name=\"twitter:card\" content=\"summary_large_image\" \/>\n<meta name=\"twitter:label1\" content=\"Tahmini okuma s\u00fcresi\" \/>\n\t<meta name=\"twitter:data1\" content=\"1 dakika\" \/>\n<script type=\"application\/ld+json\" class=\"yoast-schema-graph\">{\"@context\":\"https:\\\/\\\/schema.org\",\"@graph\":[{\"@type\":[\"WebPage\",\"ItemPage\"],\"@id\":\"https:\\\/\\\/www.purejewels.com\\\/product\\\/22kt-yellow-gold-earring-33193\\\/\",\"url\":\"https:\\\/\\\/www.purejewels.com\\\/product\\\/22kt-yellow-gold-earring-33193\\\/\",\"name\":\"Buy effortless, bold and gorgeous Ear studs in real gold\",\"isPartOf\":{\"@id\":\"https:\\\/\\\/www.purejewels.com\\\/#website\"},\"primaryImageOfPage\":{\"@id\":\"https:\\\/\\\/www.purejewels.com\\\/product\\\/22kt-yellow-gold-earring-33193\\\/#primaryimage\"},\"image\":{\"@id\":\"https:\\\/\\\/www.purejewels.com\\\/product\\\/22kt-yellow-gold-earring-33193\\\/#primaryimage\"},\"thumbnailUrl\":\"https:\\\/\\\/static.purejewels.com\\\/wp-content\\\/uploads\\\/2020\\\/10\\\/image188325384.jpg\",\"datePublished\":\"2020-10-22T13:04:16+00:00\",\"dateModified\":\"2025-05-22T10:20:50+00:00\",\"description\":\"Our floral ear stud has been designed with inspiration from ancient architectural patterns. It has been handcrafted in pure 22K Gold.\",\"breadcrumb\":{\"@id\":\"https:\\\/\\\/www.purejewels.com\\\/product\\\/22kt-yellow-gold-earring-33193\\\/#breadcrumb\"},\"inLanguage\":\"tr\",\"potentialAction\":[{\"@type\":\"ReadAction\",\"target\":[\"https:\\\/\\\/www.purejewels.com\\\/product\\\/22kt-yellow-gold-earring-33193\\\/\"]}]},{\"@type\":\"ImageObject\",\"inLanguage\":\"tr\",\"@id\":\"https:\\\/\\\/www.purejewels.com\\\/product\\\/22kt-yellow-gold-earring-33193\\\/#primaryimage\",\"url\":\"https:\\\/\\\/static.purejewels.com\\\/wp-content\\\/uploads\\\/2020\\\/10\\\/image188325384.jpg\",\"contentUrl\":\"https:\\\/\\\/static.purejewels.com\\\/wp-content\\\/uploads\\\/2020\\\/10\\\/image188325384.jpg\",\"width\":1000,\"height\":1000},{\"@type\":\"BreadcrumbList\",\"@id\":\"https:\\\/\\\/www.purejewels.com\\\/product\\\/22kt-yellow-gold-earring-33193\\\/#breadcrumb\",\"itemListElement\":[{\"@type\":\"ListItem\",\"position\":1,\"name\":\"Home\",\"item\":\"https:\\\/\\\/www.purejewels.com\\\/\"},{\"@type\":\"ListItem\",\"position\":2,\"name\":\"Shop\",\"item\":\"https:\\\/\\\/www.purejewels.com\\\/shop\\\/\"},{\"@type\":\"ListItem\",\"position\":3,\"name\":\"22Kt Yellow Gold Earring\"}]},{\"@type\":\"WebSite\",\"@id\":\"https:\\\/\\\/www.purejewels.com\\\/#website\",\"url\":\"https:\\\/\\\/www.purejewels.com\\\/\",\"name\":\"PureJewels UK\",\"description\":\"Share the Love\",\"publisher\":{\"@id\":\"https:\\\/\\\/www.purejewels.com\\\/#organization\"},\"potentialAction\":[{\"@type\":\"SearchAction\",\"target\":{\"@type\":\"EntryPoint\",\"urlTemplate\":\"https:\\\/\\\/www.purejewels.com\\\/?s={search_term_string}\"},\"query-input\":{\"@type\":\"PropertyValueSpecification\",\"valueRequired\":true,\"valueName\":\"search_term_string\"}}],\"inLanguage\":\"tr\"},{\"@type\":\"Organization\",\"@id\":\"https:\\\/\\\/www.purejewels.com\\\/#organization\",\"name\":\"PureJewels UK\",\"url\":\"https:\\\/\\\/www.purejewels.com\\\/\",\"logo\":{\"@type\":\"ImageObject\",\"inLanguage\":\"tr\",\"@id\":\"https:\\\/\\\/www.purejewels.com\\\/#\\\/schema\\\/logo\\\/image\\\/\",\"url\":\"https:\\\/\\\/static.purejewels.com\\\/wp-content\\\/uploads\\\/2020\\\/11\\\/Logo-PJ-New-1.png\",\"contentUrl\":\"https:\\\/\\\/static.purejewels.com\\\/wp-content\\\/uploads\\\/2020\\\/11\\\/Logo-PJ-New-1.png\",\"width\":150,\"height\":80,\"caption\":\"PureJewels UK\"},\"image\":{\"@id\":\"https:\\\/\\\/www.purejewels.com\\\/#\\\/schema\\\/logo\\\/image\\\/\"}}]}<\/script>\n<!-- \/ Yoast SEO plugin. -->","yoast_head_json":{"title":"Ger\u00e7ek alt\u0131ndan zahmetsiz, cesur ve muhte\u015fem Kulak \u00e7\u0131t\u00e7\u0131tlar\u0131 sat\u0131n al\u0131n","description":"\u00c7i\u00e7ekli kulak saplamam\u0131z antik mimari desenlerden ilham al\u0131narak tasarlanm\u0131\u015ft\u0131r. Saf 22K Alt\u0131n ile el i\u015f\u00e7ili\u011fi ile \u00fcretilmi\u015ftir.","robots":{"index":"index","follow":"follow","max-snippet":"max-snippet:-1","max-image-preview":"max-image-preview:large","max-video-preview":"max-video-preview:-1"},"canonical":"https:\/\/www.purejewels.com\/tr\/urun\/22-ayar-sari-altin-kupe-33193\/","og_locale":"tr_TR","og_type":"article","og_title":"Buy effortless, bold and gorgeous Ear studs in real gold","og_description":"Our floral ear stud has been designed with inspiration from ancient architectural patterns. It has been handcrafted in pure 22K Gold.","og_url":"https:\/\/www.purejewels.com\/tr\/urun\/22-ayar-sari-altin-kupe-33193\/","og_site_name":"PureJewels UK","article_modified_time":"2025-05-22T10:20:50+00:00","og_image":[{"width":1000,"height":1000,"url":"https:\/\/www.purejewels.com\/wp-content\/uploads\/2020\/10\/image188325384.jpg","type":"image\/jpeg"}],"twitter_card":"summary_large_image","twitter_misc":{"Tahmini okuma s\u00fcresi":"1 dakika"},"schema":{"@context":"https:\/\/schema.org","@graph":[{"@type":["WebPage","ItemPage"],"@id":"https:\/\/www.purejewels.com\/product\/22kt-yellow-gold-earring-33193\/","url":"https:\/\/www.purejewels.com\/product\/22kt-yellow-gold-earring-33193\/","name":"Ger\u00e7ek alt\u0131ndan zahmetsiz, cesur ve muhte\u015fem Kulak \u00e7\u0131t\u00e7\u0131tlar\u0131 sat\u0131n al\u0131n","isPartOf":{"@id":"https:\/\/www.purejewels.com\/#website"},"primaryImageOfPage":{"@id":"https:\/\/www.purejewels.com\/product\/22kt-yellow-gold-earring-33193\/#primaryimage"},"image":{"@id":"https:\/\/www.purejewels.com\/product\/22kt-yellow-gold-earring-33193\/#primaryimage"},"thumbnailUrl":"https:\/\/static.purejewels.com\/wp-content\/uploads\/2020\/10\/image188325384.jpg","datePublished":"2020-10-22T13:04:16+00:00","dateModified":"2025-05-22T10:20:50+00:00","description":"\u00c7i\u00e7ekli kulak saplamam\u0131z antik mimari desenlerden ilham al\u0131narak tasarlanm\u0131\u015ft\u0131r. Saf 22K Alt\u0131n ile el i\u015f\u00e7ili\u011fi ile \u00fcretilmi\u015ftir.","breadcrumb":{"@id":"https:\/\/www.purejewels.com\/product\/22kt-yellow-gold-earring-33193\/#breadcrumb"},"inLanguage":"tr","potentialAction":[{"@type":"ReadAction","target":["https:\/\/www.purejewels.com\/product\/22kt-yellow-gold-earring-33193\/"]}]},{"@type":"ImageObject","inLanguage":"tr","@id":"https:\/\/www.purejewels.com\/product\/22kt-yellow-gold-earring-33193\/#primaryimage","url":"https:\/\/static.purejewels.com\/wp-content\/uploads\/2020\/10\/image188325384.jpg","contentUrl":"https:\/\/static.purejewels.com\/wp-content\/uploads\/2020\/10\/image188325384.jpg","width":1000,"height":1000},{"@type":"BreadcrumbList","@id":"https:\/\/www.purejewels.com\/product\/22kt-yellow-gold-earring-33193\/#breadcrumb","itemListElement":[{"@type":"ListItem","position":1,"name":"Home","item":"https:\/\/www.purejewels.com\/"},{"@type":"ListItem","position":2,"name":"Shop","item":"https:\/\/www.purejewels.com\/shop\/"},{"@type":"ListItem","position":3,"name":"22Kt Yellow Gold Earring"}]},{"@type":"WebSite","@id":"https:\/\/www.purejewels.com\/#website","url":"https:\/\/www.purejewels.com\/","name":"PureJewels \u0130ngiltere","description":"Sevgiyi Payla\u015f\u0131n","publisher":{"@id":"https:\/\/www.purejewels.com\/#organization"},"potentialAction":[{"@type":"SearchAction","target":{"@type":"EntryPoint","urlTemplate":"https:\/\/www.purejewels.com\/?s={search_term_string}"},"query-input":{"@type":"PropertyValueSpecification","valueRequired":true,"valueName":"search_term_string"}}],"inLanguage":"tr"},{"@type":"Organization","@id":"https:\/\/www.purejewels.com\/#organization","name":"PureJewels \u0130ngiltere","url":"https:\/\/www.purejewels.com\/","logo":{"@type":"ImageObject","inLanguage":"tr","@id":"https:\/\/www.purejewels.com\/#\/schema\/logo\/image\/","url":"https:\/\/static.purejewels.com\/wp-content\/uploads\/2020\/11\/Logo-PJ-New-1.png","contentUrl":"https:\/\/static.purejewels.com\/wp-content\/uploads\/2020\/11\/Logo-PJ-New-1.png","width":150,"height":80,"caption":"PureJewels UK"},"image":{"@id":"https:\/\/www.purejewels.com\/#\/schema\/logo\/image\/"}}]}},"_links":{"self":[{"href":"https:\/\/www.purejewels.com\/tr\/wp-json\/wp\/v2\/product\/318512","targetHints":{"allow":["GET"]}}],"collection":[{"href":"https:\/\/www.purejewels.com\/tr\/wp-json\/wp\/v2\/product"}],"about":[{"href":"https:\/\/www.purejewels.com\/tr\/wp-json\/wp\/v2\/types\/product"}],"replies":[{"embeddable":true,"href":"https:\/\/www.purejewels.com\/tr\/wp-json\/wp\/v2\/comments?post=318512"}],"version-history":[{"count":2,"href":"https:\/\/www.purejewels.com\/tr\/wp-json\/wp\/v2\/product\/318512\/revisions"}],"predecessor-version":[{"id":387340,"href":"https:\/\/www.purejewels.com\/tr\/wp-json\/wp\/v2\/product\/318512\/revisions\/387340"}],"wp:featuredmedia":[{"embeddable":true,"href":"https:\/\/www.purejewels.com\/tr\/wp-json\/wp\/v2\/media\/318608"}],"wp:attachment":[{"href":"https:\/\/www.purejewels.com\/tr\/wp-json\/wp\/v2\/media?parent=318512"}],"wp:term":[{"taxonomy":"product_brand","embeddable":true,"href":"https:\/\/www.purejewels.com\/tr\/wp-json\/wp\/v2\/product_brand?post=318512"},{"taxonomy":"product_cat","embeddable":true,"href":"https:\/\/www.purejewels.com\/tr\/wp-json\/wp\/v2\/product_cat?post=318512"},{"taxonomy":"product_tag","embeddable":true,"href":"https:\/\/www.purejewels.com\/tr\/wp-json\/wp\/v2\/product_tag?post=318512"}],"curies":[{"name":"wp","href":"https:\/\/api.w.org\/{rel}","templated":true}]}}