{"id":318518,"date":"2020-10-22T14:15:50","date_gmt":"2020-10-22T13:15:50","guid":{"rendered":"https:\/\/www.purejewels.com\/product\/22ct-gold-earring-1-5gm-2\/"},"modified":"2025-12-11T05:21:57","modified_gmt":"2025-12-11T05:21:57","slug":"22-ayar-altin-saplama-kupe-33199","status":"publish","type":"product","link":"https:\/\/www.purejewels.com\/tr\/product\/22-carat-gold-stud-earring-33199\/","title":{"rendered":"22 ayar alt\u0131n iki tonlu petal CZ saplama k\u00fcpe"},"content":{"rendered":"<h3 data-start=\"799\" data-end=\"815\"><strong data-start=\"803\" data-end=\"813\">Tasar\u0131m<\/strong><\/h3>\n<p data-start=\"816\" data-end=\"1205\">Bu saplama k\u00fcpeler, yumu\u015fak \u00e7i\u00e7ek yapraklar\u0131ndan ilham alarak, s\u0131cak 22 ayar sar\u0131 alt\u0131n ile so\u011fuk rodyum vurgular\u0131n\u0131 harmanlayan iki tonlu bir kaplama ile \u015fekillendirilmi\u015ftir. Her motifin merkezinde parlak bir CZ ta\u015f\u0131 bulunur ve do\u011fal, yaprak benzeri silueti vurgulayan parlak bir odak noktas\u0131 olu\u015fturur. Tasar\u0131m zarif, feminen ve takmas\u0131 kolayd\u0131r ve klasik \u00e7i\u00e7ek tak\u0131lar\u0131na yeni bir bak\u0131\u015f a\u00e7\u0131s\u0131 getirir.<\/p>\n<h3 data-start=\"1207\" data-end=\"1230\"><strong data-start=\"1211\" data-end=\"1228\">Zanaatkarl\u0131k<\/strong><\/h3>\n<p data-start=\"1231\" data-end=\"1589\">22 ayar alt\u0131nla ustaca i\u015flenmi\u015f her bir k\u00fcpe, p\u00fcr\u00fczs\u00fcz \u015fekillendirilmi\u015f k\u0131vr\u0131mlara ve hassas rodyum uygulamas\u0131yla elde edilen detayl\u0131 iki tonlu kaplamaya sahiptir. CZ ta\u015flar, berrakl\u0131k ve uzun \u00f6m\u00fcrl\u00fc parlakl\u0131k i\u00e7in g\u00fcvenli bir \u015fekilde yerle\u015ftirilmi\u015ftir. \u0130ngiltere'de damgal\u0131 bu \u00e7ift, PureJewels'in safl\u0131\u011fa, titiz i\u015f\u00e7ili\u011fe ve g\u00fczelce i\u015flenmi\u015f detaylara olan ba\u011fl\u0131l\u0131\u011f\u0131n\u0131 yans\u0131tmaktad\u0131r.<\/p>\n<h3 data-start=\"1591\" data-end=\"1618\"><strong data-start=\"1595\" data-end=\"1616\">\u015eekillendirme &amp; Hediyele\u015fme<\/strong><\/h3>\n<p data-start=\"1619\" data-end=\"1966\">Bu petal k\u00fcpeler, hem geleneksel hem de \u00e7a\u011fda\u015f g\u00f6r\u00fcn\u00fcmlerle kolayca kombinlenebilir. G\u00fcnl\u00fck kullan\u0131mda \u0131\u015f\u0131lt\u0131 katmak i\u00e7in takabilir veya hafif kolyeler ve bileziklerle birlikte \u015f\u0131k bir kombin olu\u015fturarak \u00f6zel g\u00fcnler i\u00e7in haz\u0131r bir g\u00f6r\u00fcn\u00fcm elde edebilirsiniz. Zarif \u00e7i\u00e7ek \u015fekli, g\u00fczelli\u011fi ve ki\u015fisel ifadeyi onurland\u0131ran do\u011fum g\u00fcnleri, y\u0131ld\u00f6n\u00fcmleri veya kutlamalar i\u00e7in d\u00fc\u015f\u00fcnceli bir hediye olmas\u0131n\u0131 sa\u011flar.<\/p>","protected":false},"excerpt":{"rendered":"<p>Zarif iki tonlu 22 ayar alt\u0131n saplama k\u00fcpeler, narin yapraklar\u0131 and\u0131ran \u015fekliyle, ortas\u0131nda CZ ta\u015f ve ince rodyum vurgular\u0131yla dikkat \u00e7ekiyor. G\u00fcnl\u00fck kullan\u0131m ve hediye i\u00e7in zarif bir \u00e7ift.<\/p>\n<ul>\n<li>22 Ayar Alt\u0131n Saplama K\u00fcpe<\/li>\n<li>Rodyum kaplama ve Cz Ta\u015fl\u0131<\/li>\n<li>A\u011f\u0131rl\u0131k 1,5 gms<\/li>\n<li>SKU. 33199<\/li>\n<li>T\u00fcm fiyatlara KDV dahildir<\/li>\n<li>Londra Tahlil Ofisi Taraf\u0131ndan Damgalanm\u0131\u015f 22 Ayar Alt\u0131n<\/li>\n<li>Sunum Kutusu ile Birlikte Gelir<\/li>\n<li>Teslimat Dahil<\/li>\n<li>Stok durumu ve stokta bulunan benzer tasar\u0131mlar\u0131n daha fazla g\u00f6r\u00fcnt\u00fcs\u00fc i\u00e7in bizimle canl\u0131 sohbet edin<\/li>\n<\/ul>","protected":false},"featured_media":318613,"comment_status":"closed","ping_status":"closed","template":"","meta":{"_eb_attr":"","_crsspst_to_jayantr4sg-hostcom":true},"product_brand":[],"product_cat":[1791,1559,1576,1254,1577,1575,1574],"product_tag":[],"class_list":{"0":"post-318518","1":"product","2":"type-product","3":"status-publish","4":"has-post-thumbnail","6":"product_cat-anniversary-gifts","7":"product_cat-birthday-gifts","8":"product_cat-childrens-jewellery","9":"product_cat-gold-earrings","10":"product_cat-stud-earrings","11":"product_cat-teenage-jewellery","12":"product_cat-womens-jewellery","14":"first","15":"outofstock","16":"taxable","17":"shipping-taxable","18":"product-type-simple","19":"add-to-wishlist-before_image"},"yoast_head":"<!-- This site is optimized with the Yoast SEO plugin v27.3 - https:\/\/yoast.com\/product\/yoast-seo-wordpress\/ -->\n<title>Women\u2019s 22ct Gold Petal Stud Earrings with CZ Stones<\/title>\n<meta name=\"description\" content=\"22ct gold two-tone petal stud earrings with CZ stones. A refined floral design with rhodium highlights, hallmarked in the UK for purity.\" \/>\n<meta name=\"robots\" content=\"index, follow, max-snippet:-1, max-image-preview:large, max-video-preview:-1\" \/>\n<link rel=\"canonical\" href=\"https:\/\/www.purejewels.com\/tr\/urun\/22-ayar-altin-saplama-kupe-33199\/\" \/>\n<meta property=\"og:locale\" content=\"tr_TR\" \/>\n<meta property=\"og:type\" content=\"article\" \/>\n<meta property=\"og:title\" content=\"Women\u2019s 22ct Gold Petal Stud Earrings with CZ Stones\" \/>\n<meta property=\"og:description\" content=\"22ct gold two-tone petal stud earrings with CZ stones. A refined floral design with rhodium highlights, hallmarked in the UK for purity.\" \/>\n<meta property=\"og:url\" content=\"https:\/\/www.purejewels.com\/tr\/urun\/22-ayar-altin-saplama-kupe-33199\/\" \/>\n<meta property=\"og:site_name\" content=\"PureJewels UK\" \/>\n<meta property=\"article:modified_time\" content=\"2025-12-11T05:21:57+00:00\" \/>\n<meta property=\"og:image\" content=\"https:\/\/static.purejewels.com\/wp-content\/uploads\/2020\/10\/image188335477.jpg\" \/>\n\t<meta property=\"og:image:width\" content=\"1000\" \/>\n\t<meta property=\"og:image:height\" content=\"1000\" \/>\n\t<meta property=\"og:image:type\" content=\"image\/jpeg\" \/>\n<meta name=\"twitter:card\" content=\"summary_large_image\" \/>\n<meta name=\"twitter:label1\" content=\"Tahmini okuma s\u00fcresi\" \/>\n\t<meta name=\"twitter:data1\" content=\"1 dakika\" \/>\n<script type=\"application\/ld+json\" class=\"yoast-schema-graph\">{\"@context\":\"https:\\\/\\\/schema.org\",\"@graph\":[{\"@type\":[\"WebPage\",\"ItemPage\"],\"@id\":\"https:\\\/\\\/www.purejewels.com\\\/product\\\/22-carat-gold-stud-earring-33199\\\/\",\"url\":\"https:\\\/\\\/www.purejewels.com\\\/product\\\/22-carat-gold-stud-earring-33199\\\/\",\"name\":\"Women\u2019s 22ct Gold Petal Stud Earrings with CZ Stones\",\"isPartOf\":{\"@id\":\"https:\\\/\\\/www.purejewels.com\\\/#website\"},\"primaryImageOfPage\":{\"@id\":\"https:\\\/\\\/www.purejewels.com\\\/product\\\/22-carat-gold-stud-earring-33199\\\/#primaryimage\"},\"image\":{\"@id\":\"https:\\\/\\\/www.purejewels.com\\\/product\\\/22-carat-gold-stud-earring-33199\\\/#primaryimage\"},\"thumbnailUrl\":\"https:\\\/\\\/static.purejewels.com\\\/wp-content\\\/uploads\\\/2020\\\/10\\\/image188335477.jpg\",\"datePublished\":\"2020-10-22T13:15:50+00:00\",\"dateModified\":\"2025-12-11T05:21:57+00:00\",\"description\":\"22ct gold two-tone petal stud earrings with CZ stones. A refined floral design with rhodium highlights, hallmarked in the UK for purity.\",\"breadcrumb\":{\"@id\":\"https:\\\/\\\/www.purejewels.com\\\/product\\\/22-carat-gold-stud-earring-33199\\\/#breadcrumb\"},\"inLanguage\":\"tr\",\"potentialAction\":[{\"@type\":\"ReadAction\",\"target\":[\"https:\\\/\\\/www.purejewels.com\\\/product\\\/22-carat-gold-stud-earring-33199\\\/\"]}]},{\"@type\":\"ImageObject\",\"inLanguage\":\"tr\",\"@id\":\"https:\\\/\\\/www.purejewels.com\\\/product\\\/22-carat-gold-stud-earring-33199\\\/#primaryimage\",\"url\":\"https:\\\/\\\/static.purejewels.com\\\/wp-content\\\/uploads\\\/2020\\\/10\\\/image188335477.jpg\",\"contentUrl\":\"https:\\\/\\\/static.purejewels.com\\\/wp-content\\\/uploads\\\/2020\\\/10\\\/image188335477.jpg\",\"width\":1000,\"height\":1000},{\"@type\":\"BreadcrumbList\",\"@id\":\"https:\\\/\\\/www.purejewels.com\\\/product\\\/22-carat-gold-stud-earring-33199\\\/#breadcrumb\",\"itemListElement\":[{\"@type\":\"ListItem\",\"position\":1,\"name\":\"Home\",\"item\":\"https:\\\/\\\/www.purejewels.com\\\/\"},{\"@type\":\"ListItem\",\"position\":2,\"name\":\"Shop\",\"item\":\"https:\\\/\\\/www.purejewels.com\\\/shop\\\/\"},{\"@type\":\"ListItem\",\"position\":3,\"name\":\"22ct Gold Two-Tone Petal CZ Stud Earrings\"}]},{\"@type\":\"WebSite\",\"@id\":\"https:\\\/\\\/www.purejewels.com\\\/#website\",\"url\":\"https:\\\/\\\/www.purejewels.com\\\/\",\"name\":\"PureJewels UK\",\"description\":\"Share the Love\",\"publisher\":{\"@id\":\"https:\\\/\\\/www.purejewels.com\\\/#organization\"},\"potentialAction\":[{\"@type\":\"SearchAction\",\"target\":{\"@type\":\"EntryPoint\",\"urlTemplate\":\"https:\\\/\\\/www.purejewels.com\\\/?s={search_term_string}\"},\"query-input\":{\"@type\":\"PropertyValueSpecification\",\"valueRequired\":true,\"valueName\":\"search_term_string\"}}],\"inLanguage\":\"tr\"},{\"@type\":\"Organization\",\"@id\":\"https:\\\/\\\/www.purejewels.com\\\/#organization\",\"name\":\"PureJewels UK\",\"url\":\"https:\\\/\\\/www.purejewels.com\\\/\",\"logo\":{\"@type\":\"ImageObject\",\"inLanguage\":\"tr\",\"@id\":\"https:\\\/\\\/www.purejewels.com\\\/#\\\/schema\\\/logo\\\/image\\\/\",\"url\":\"https:\\\/\\\/static.purejewels.com\\\/wp-content\\\/uploads\\\/2020\\\/11\\\/Logo-PJ-New-1.png\",\"contentUrl\":\"https:\\\/\\\/static.purejewels.com\\\/wp-content\\\/uploads\\\/2020\\\/11\\\/Logo-PJ-New-1.png\",\"width\":150,\"height\":80,\"caption\":\"PureJewels UK\"},\"image\":{\"@id\":\"https:\\\/\\\/www.purejewels.com\\\/#\\\/schema\\\/logo\\\/image\\\/\"}}]}<\/script>\n<!-- \/ Yoast SEO plugin. -->","yoast_head_json":{"title":"Kad\u0131nlar i\u00e7in 22 ayar alt\u0131n yaprak k\u00fcpe, CZ ta\u015fl\u0131","description":"22 ayar alt\u0131n, iki tonlu, CZ ta\u015fl\u0131 petal k\u00fcpe. Rodyum vurgulu zarif \u00e7i\u00e7ek deseni, safl\u0131k i\u00e7in \u0130ngiltere'de damgal\u0131.","robots":{"index":"index","follow":"follow","max-snippet":"max-snippet:-1","max-image-preview":"max-image-preview:large","max-video-preview":"max-video-preview:-1"},"canonical":"https:\/\/www.purejewels.com\/tr\/urun\/22-ayar-altin-saplama-kupe-33199\/","og_locale":"tr_TR","og_type":"article","og_title":"Women\u2019s 22ct Gold Petal Stud Earrings with CZ Stones","og_description":"22ct gold two-tone petal stud earrings with CZ stones. A refined floral design with rhodium highlights, hallmarked in the UK for purity.","og_url":"https:\/\/www.purejewels.com\/tr\/urun\/22-ayar-altin-saplama-kupe-33199\/","og_site_name":"PureJewels UK","article_modified_time":"2025-12-11T05:21:57+00:00","og_image":[{"width":1000,"height":1000,"url":"https:\/\/static.purejewels.com\/wp-content\/uploads\/2020\/10\/image188335477.jpg","type":"image\/jpeg"}],"twitter_card":"summary_large_image","twitter_misc":{"Tahmini okuma s\u00fcresi":"1 dakika"},"schema":{"@context":"https:\/\/schema.org","@graph":[{"@type":["WebPage","ItemPage"],"@id":"https:\/\/www.purejewels.com\/product\/22-carat-gold-stud-earring-33199\/","url":"https:\/\/www.purejewels.com\/product\/22-carat-gold-stud-earring-33199\/","name":"Kad\u0131nlar i\u00e7in 22 ayar alt\u0131n yaprak k\u00fcpe, CZ ta\u015fl\u0131","isPartOf":{"@id":"https:\/\/www.purejewels.com\/#website"},"primaryImageOfPage":{"@id":"https:\/\/www.purejewels.com\/product\/22-carat-gold-stud-earring-33199\/#primaryimage"},"image":{"@id":"https:\/\/www.purejewels.com\/product\/22-carat-gold-stud-earring-33199\/#primaryimage"},"thumbnailUrl":"https:\/\/static.purejewels.com\/wp-content\/uploads\/2020\/10\/image188335477.jpg","datePublished":"2020-10-22T13:15:50+00:00","dateModified":"2025-12-11T05:21:57+00:00","description":"22 ayar alt\u0131n, iki tonlu, CZ ta\u015fl\u0131 petal k\u00fcpe. Rodyum vurgulu zarif \u00e7i\u00e7ek deseni, safl\u0131k i\u00e7in \u0130ngiltere'de damgal\u0131.","breadcrumb":{"@id":"https:\/\/www.purejewels.com\/product\/22-carat-gold-stud-earring-33199\/#breadcrumb"},"inLanguage":"tr","potentialAction":[{"@type":"ReadAction","target":["https:\/\/www.purejewels.com\/product\/22-carat-gold-stud-earring-33199\/"]}]},{"@type":"ImageObject","inLanguage":"tr","@id":"https:\/\/www.purejewels.com\/product\/22-carat-gold-stud-earring-33199\/#primaryimage","url":"https:\/\/static.purejewels.com\/wp-content\/uploads\/2020\/10\/image188335477.jpg","contentUrl":"https:\/\/static.purejewels.com\/wp-content\/uploads\/2020\/10\/image188335477.jpg","width":1000,"height":1000},{"@type":"BreadcrumbList","@id":"https:\/\/www.purejewels.com\/product\/22-carat-gold-stud-earring-33199\/#breadcrumb","itemListElement":[{"@type":"ListItem","position":1,"name":"Home","item":"https:\/\/www.purejewels.com\/"},{"@type":"ListItem","position":2,"name":"Shop","item":"https:\/\/www.purejewels.com\/shop\/"},{"@type":"ListItem","position":3,"name":"22ct Gold Two-Tone Petal CZ Stud Earrings"}]},{"@type":"WebSite","@id":"https:\/\/www.purejewels.com\/#website","url":"https:\/\/www.purejewels.com\/","name":"PureJewels \u0130ngiltere","description":"Sevgiyi Payla\u015f\u0131n","publisher":{"@id":"https:\/\/www.purejewels.com\/#organization"},"potentialAction":[{"@type":"SearchAction","target":{"@type":"EntryPoint","urlTemplate":"https:\/\/www.purejewels.com\/?s={search_term_string}"},"query-input":{"@type":"PropertyValueSpecification","valueRequired":true,"valueName":"search_term_string"}}],"inLanguage":"tr"},{"@type":"Organization","@id":"https:\/\/www.purejewels.com\/#organization","name":"PureJewels \u0130ngiltere","url":"https:\/\/www.purejewels.com\/","logo":{"@type":"ImageObject","inLanguage":"tr","@id":"https:\/\/www.purejewels.com\/#\/schema\/logo\/image\/","url":"https:\/\/static.purejewels.com\/wp-content\/uploads\/2020\/11\/Logo-PJ-New-1.png","contentUrl":"https:\/\/static.purejewels.com\/wp-content\/uploads\/2020\/11\/Logo-PJ-New-1.png","width":150,"height":80,"caption":"PureJewels UK"},"image":{"@id":"https:\/\/www.purejewels.com\/#\/schema\/logo\/image\/"}}]}},"_links":{"self":[{"href":"https:\/\/www.purejewels.com\/tr\/wp-json\/wp\/v2\/product\/318518","targetHints":{"allow":["GET"]}}],"collection":[{"href":"https:\/\/www.purejewels.com\/tr\/wp-json\/wp\/v2\/product"}],"about":[{"href":"https:\/\/www.purejewels.com\/tr\/wp-json\/wp\/v2\/types\/product"}],"replies":[{"embeddable":true,"href":"https:\/\/www.purejewels.com\/tr\/wp-json\/wp\/v2\/comments?post=318518"}],"version-history":[{"count":3,"href":"https:\/\/www.purejewels.com\/tr\/wp-json\/wp\/v2\/product\/318518\/revisions"}],"predecessor-version":[{"id":422936,"href":"https:\/\/www.purejewels.com\/tr\/wp-json\/wp\/v2\/product\/318518\/revisions\/422936"}],"wp:featuredmedia":[{"embeddable":true,"href":"https:\/\/www.purejewels.com\/tr\/wp-json\/wp\/v2\/media\/318613"}],"wp:attachment":[{"href":"https:\/\/www.purejewels.com\/tr\/wp-json\/wp\/v2\/media?parent=318518"}],"wp:term":[{"taxonomy":"product_brand","embeddable":true,"href":"https:\/\/www.purejewels.com\/tr\/wp-json\/wp\/v2\/product_brand?post=318518"},{"taxonomy":"product_cat","embeddable":true,"href":"https:\/\/www.purejewels.com\/tr\/wp-json\/wp\/v2\/product_cat?post=318518"},{"taxonomy":"product_tag","embeddable":true,"href":"https:\/\/www.purejewels.com\/tr\/wp-json\/wp\/v2\/product_tag?post=318518"}],"curies":[{"name":"wp","href":"https:\/\/api.w.org\/{rel}","templated":true}]}}