{"id":318520,"date":"2020-10-22T14:19:07","date_gmt":"2020-10-22T13:19:07","guid":{"rendered":"https:\/\/www.purejewels.com\/product\/22ct-gold-pendant-1-2gm\/"},"modified":"2025-12-17T11:29:17","modified_gmt":"2025-12-17T11:29:17","slug":"22-ayar-altin-kolye-33202","status":"publish","type":"product","link":"https:\/\/www.purejewels.com\/tr\/product\/22-carat-gold-pendant-33202\/","title":{"rendered":"Rodyum Kaplama ve CZ Ta\u015fl\u0131 22 Ayar Alt\u0131n Kolye"},"content":{"rendered":"<p>Modern bir dokunu\u015fla zamans\u0131z bir \u00e7ekicili\u011fi yakalamak i\u00e7in \u00f6zenle tasarlanm\u0131\u015f bu zarif 22 ayar alt\u0131n kolye ile g\u00fcnl\u00fck \u015f\u0131kl\u0131\u011f\u0131n\u0131z\u0131 bir \u00fcst seviyeye ta\u015f\u0131y\u0131n. Bu narin tasar\u0131m, kalbinde yer alan parlak k\u00fcbik zirkon (CZ) ta\u015f\u0131yla vurgulanm\u0131\u015f \u00e7i\u00e7ek motifiyle boyun \u00e7izginize \u0131\u015f\u0131lt\u0131l\u0131 bir parlakl\u0131k katar. Zengin sar\u0131 alt\u0131n ile sofistike rodyum vurgusunu birle\u015ftiren \u00e7ift tonlu kaplama, kontrast\u0131 art\u0131r\u0131r ve \u00e7i\u00e7ek tasar\u0131m\u0131n\u0131 ger\u00e7ekten \u00f6ne \u00e7\u0131kar\u0131r.<\/p>\n<p><strong>Tasar\u0131m ve \u0130\u015f\u00e7ilik:<\/strong><\/p>\n<p>Bu kolyenin her bir par\u00e7as\u0131, nazik\u00e7e \u015fekillendirilmi\u015f yaprak detaylar\u0131ndan cilal\u0131 petal kenarlar\u0131na kadar titiz bir i\u015f\u00e7ili\u011fi yans\u0131t\u0131yor. Rodyum kaplamal\u0131 \u00e7i\u00e7ek, do\u011fal ve zarif bir g\u00f6r\u00fcn\u00fcm vermek i\u00e7in ustaca k\u0131vr\u0131lm\u0131\u015fken, onu \u00e7evreleyen alt\u0131n ise ak\u0131c\u0131 ve feminen bir siluetle onu sar\u0131yor.<\/p>\n<p><strong>Stil ve Giysilik:<\/strong><\/p>\n<p>Zarif bir esteti\u011fe sahip hassas m\u00fccevherleri sevenler i\u00e7in m\u00fckemmel olan bu kolye, hem g\u00fcnl\u00fck k\u0131yafetlere hem de \u00f6zel g\u00fcnlere ince bir vurgu katar. Hafif tasar\u0131m\u0131 rahatl\u0131k sa\u011flarken, \u0131\u015f\u0131lt\u0131l\u0131 parlakl\u0131\u011f\u0131 hem geleneksel hem de \u00e7a\u011fda\u015f gard\u0131roplar\u0131 tamamlar.<\/p>","protected":false},"excerpt":{"rendered":"<p>Bu zarif 22 ayar alt\u0131n kolye ucu, rodyum kaplama ve \u0131\u015f\u0131lt\u0131l\u0131 k\u00fcbik zirkon (CZ) ta\u015fla vurgulanm\u0131\u015f \u00e7i\u00e7ek desenine sahiptir. Gelenek ve modern cazibenin m\u00fckemmel dengesi.<\/p>\n<ul>\n<li>22 Ayar Alt\u0131n kolye ucu<\/li>\n<li>Rodyum kaplama ve CZ ta\u015f ile<\/li>\n<li>A\u011f\u0131rl\u0131k 1,1 gms<\/li>\n<li>SKU. 33202<\/li>\n<li>Zincir dahil de\u011fildir<\/li>\n<li>T\u00fcm fiyatlara KDV dahildir<\/li>\n<li>T\u00fcm \u00dcr\u00fcnlerimiz Londra Tahlil Ofisi Taraf\u0131ndan Damgalanm\u0131\u015ft\u0131r<\/li>\n<li>T\u00fcm Setler Sunum Kutusu ile Birlikte Gelir<\/li>\n<li>\u0130ngiltere Genelinde \u00dccretsiz Teslimat<\/li>\n<li>\u00c7evrimi\u00e7i 22 ayar Alt\u0131n tak\u0131lar\u0131 ke\u015ffetmek i\u00e7in bizimle ileti\u015fime ge\u00e7in\/sohbet edin<\/li>\n<\/ul>","protected":false},"featured_media":318614,"comment_status":"closed","ping_status":"closed","template":"","meta":{"_eb_attr":"","_crsspst_to_jayantr4sg-hostcom":true},"product_brand":[],"product_cat":[1559,1576,1255,1769,1767,1575],"product_tag":[1546,63],"class_list":{"0":"post-318520","1":"product","2":"type-product","3":"status-publish","4":"has-post-thumbnail","6":"product_cat-birthday-gifts","7":"product_cat-childrens-jewellery","8":"product_cat-gold-pendants","9":"product_cat-kids-pendants","10":"product_cat-ladies-pendants","11":"product_cat-teenage-jewellery","12":"product_tag-children","13":"product_tag-gold","15":"first","16":"outofstock","17":"taxable","18":"shipping-taxable","19":"product-type-simple","20":"add-to-wishlist-before_image"},"yoast_head":"<!-- This site is optimized with the Yoast SEO plugin v27.3 - https:\/\/yoast.com\/product\/yoast-seo-wordpress\/ -->\n<title>22ct Gold Pendant with Rhodium Finish &amp; CZ \u2013 PureJewels UK<\/title>\n<meta name=\"description\" content=\"Discover timeless elegance with this 22 carat gold pendant featuring a rhodium finish and dazzling CZ stone. Perfect for everyday wear or special occasions.\" \/>\n<meta name=\"robots\" content=\"index, follow, max-snippet:-1, max-image-preview:large, max-video-preview:-1\" \/>\n<link rel=\"canonical\" href=\"https:\/\/www.purejewels.com\/tr\/urun\/22-ayar-altin-kolye-33202\/\" \/>\n<meta property=\"og:locale\" content=\"tr_TR\" \/>\n<meta property=\"og:type\" content=\"article\" \/>\n<meta property=\"og:title\" content=\"22ct Gold Pendant with Rhodium Finish &amp; CZ \u2013 PureJewels UK\" \/>\n<meta property=\"og:description\" content=\"Discover timeless elegance with this 22 carat gold pendant featuring a rhodium finish and dazzling CZ stone. Perfect for everyday wear or special occasions.\" \/>\n<meta property=\"og:url\" content=\"https:\/\/www.purejewels.com\/tr\/urun\/22-ayar-altin-kolye-33202\/\" \/>\n<meta property=\"og:site_name\" content=\"PureJewels UK\" \/>\n<meta property=\"article:modified_time\" content=\"2025-12-17T11:29:17+00:00\" \/>\n<meta property=\"og:image\" content=\"https:\/\/static.purejewels.com\/wp-content\/uploads\/2020\/10\/image188335873.jpg\" \/>\n\t<meta property=\"og:image:width\" content=\"1000\" \/>\n\t<meta property=\"og:image:height\" content=\"1000\" \/>\n\t<meta property=\"og:image:type\" content=\"image\/jpeg\" \/>\n<meta name=\"twitter:card\" content=\"summary_large_image\" \/>\n<meta name=\"twitter:label1\" content=\"Tahmini okuma s\u00fcresi\" \/>\n\t<meta name=\"twitter:data1\" content=\"1 dakika\" \/>\n<script type=\"application\/ld+json\" class=\"yoast-schema-graph\">{\"@context\":\"https:\\\/\\\/schema.org\",\"@graph\":[{\"@type\":[\"WebPage\",\"ItemPage\"],\"@id\":\"https:\\\/\\\/www.purejewels.com\\\/product\\\/22-carat-gold-pendant-33202\\\/\",\"url\":\"https:\\\/\\\/www.purejewels.com\\\/product\\\/22-carat-gold-pendant-33202\\\/\",\"name\":\"22ct Gold Pendant with Rhodium Finish & CZ \u2013 PureJewels UK\",\"isPartOf\":{\"@id\":\"https:\\\/\\\/www.purejewels.com\\\/#website\"},\"primaryImageOfPage\":{\"@id\":\"https:\\\/\\\/www.purejewels.com\\\/product\\\/22-carat-gold-pendant-33202\\\/#primaryimage\"},\"image\":{\"@id\":\"https:\\\/\\\/www.purejewels.com\\\/product\\\/22-carat-gold-pendant-33202\\\/#primaryimage\"},\"thumbnailUrl\":\"https:\\\/\\\/static.purejewels.com\\\/wp-content\\\/uploads\\\/2020\\\/10\\\/image188335873.jpg\",\"datePublished\":\"2020-10-22T13:19:07+00:00\",\"dateModified\":\"2025-12-17T11:29:17+00:00\",\"description\":\"Discover timeless elegance with this 22 carat gold pendant featuring a rhodium finish and dazzling CZ stone. Perfect for everyday wear or special occasions.\",\"breadcrumb\":{\"@id\":\"https:\\\/\\\/www.purejewels.com\\\/product\\\/22-carat-gold-pendant-33202\\\/#breadcrumb\"},\"inLanguage\":\"tr\",\"potentialAction\":[{\"@type\":\"ReadAction\",\"target\":[\"https:\\\/\\\/www.purejewels.com\\\/product\\\/22-carat-gold-pendant-33202\\\/\"]}]},{\"@type\":\"ImageObject\",\"inLanguage\":\"tr\",\"@id\":\"https:\\\/\\\/www.purejewels.com\\\/product\\\/22-carat-gold-pendant-33202\\\/#primaryimage\",\"url\":\"https:\\\/\\\/static.purejewels.com\\\/wp-content\\\/uploads\\\/2020\\\/10\\\/image188335873.jpg\",\"contentUrl\":\"https:\\\/\\\/static.purejewels.com\\\/wp-content\\\/uploads\\\/2020\\\/10\\\/image188335873.jpg\",\"width\":1000,\"height\":1000},{\"@type\":\"BreadcrumbList\",\"@id\":\"https:\\\/\\\/www.purejewels.com\\\/product\\\/22-carat-gold-pendant-33202\\\/#breadcrumb\",\"itemListElement\":[{\"@type\":\"ListItem\",\"position\":1,\"name\":\"Home\",\"item\":\"https:\\\/\\\/www.purejewels.com\\\/\"},{\"@type\":\"ListItem\",\"position\":2,\"name\":\"Shop\",\"item\":\"https:\\\/\\\/www.purejewels.com\\\/shop\\\/\"},{\"@type\":\"ListItem\",\"position\":3,\"name\":\"22ct Gold Pendant with Rhodium Finish &#038; CZ Stone\"}]},{\"@type\":\"WebSite\",\"@id\":\"https:\\\/\\\/www.purejewels.com\\\/#website\",\"url\":\"https:\\\/\\\/www.purejewels.com\\\/\",\"name\":\"PureJewels UK\",\"description\":\"Share the Love\",\"publisher\":{\"@id\":\"https:\\\/\\\/www.purejewels.com\\\/#organization\"},\"potentialAction\":[{\"@type\":\"SearchAction\",\"target\":{\"@type\":\"EntryPoint\",\"urlTemplate\":\"https:\\\/\\\/www.purejewels.com\\\/?s={search_term_string}\"},\"query-input\":{\"@type\":\"PropertyValueSpecification\",\"valueRequired\":true,\"valueName\":\"search_term_string\"}}],\"inLanguage\":\"tr\"},{\"@type\":\"Organization\",\"@id\":\"https:\\\/\\\/www.purejewels.com\\\/#organization\",\"name\":\"PureJewels UK\",\"url\":\"https:\\\/\\\/www.purejewels.com\\\/\",\"logo\":{\"@type\":\"ImageObject\",\"inLanguage\":\"tr\",\"@id\":\"https:\\\/\\\/www.purejewels.com\\\/#\\\/schema\\\/logo\\\/image\\\/\",\"url\":\"https:\\\/\\\/static.purejewels.com\\\/wp-content\\\/uploads\\\/2020\\\/11\\\/Logo-PJ-New-1.png\",\"contentUrl\":\"https:\\\/\\\/static.purejewels.com\\\/wp-content\\\/uploads\\\/2020\\\/11\\\/Logo-PJ-New-1.png\",\"width\":150,\"height\":80,\"caption\":\"PureJewels UK\"},\"image\":{\"@id\":\"https:\\\/\\\/www.purejewels.com\\\/#\\\/schema\\\/logo\\\/image\\\/\"}}]}<\/script>\n<!-- \/ Yoast SEO plugin. -->","yoast_head_json":{"title":"Rodyum Kaplama ve CZ ile 22 ayar Alt\u0131n Kolye \u2013 PureJewels UK","description":"Rodyum kaplama ve g\u00f6z kama\u015ft\u0131r\u0131c\u0131 CZ ta\u015fl\u0131 bu 22 ayar alt\u0131n kolye ile zamans\u0131z zarafeti ke\u015ffedin. G\u00fcnl\u00fck kullan\u0131m veya \u00f6zel g\u00fcnler i\u00e7in m\u00fckemmeldir.","robots":{"index":"index","follow":"follow","max-snippet":"max-snippet:-1","max-image-preview":"max-image-preview:large","max-video-preview":"max-video-preview:-1"},"canonical":"https:\/\/www.purejewels.com\/tr\/urun\/22-ayar-altin-kolye-33202\/","og_locale":"tr_TR","og_type":"article","og_title":"22ct Gold Pendant with Rhodium Finish & CZ \u2013 PureJewels UK","og_description":"Discover timeless elegance with this 22 carat gold pendant featuring a rhodium finish and dazzling CZ stone. Perfect for everyday wear or special occasions.","og_url":"https:\/\/www.purejewels.com\/tr\/urun\/22-ayar-altin-kolye-33202\/","og_site_name":"PureJewels UK","article_modified_time":"2025-12-17T11:29:17+00:00","og_image":[{"width":1000,"height":1000,"url":"https:\/\/static.purejewels.com\/wp-content\/uploads\/2020\/10\/image188335873.jpg","type":"image\/jpeg"}],"twitter_card":"summary_large_image","twitter_misc":{"Tahmini okuma s\u00fcresi":"1 dakika"},"schema":{"@context":"https:\/\/schema.org","@graph":[{"@type":["WebPage","ItemPage"],"@id":"https:\/\/www.purejewels.com\/product\/22-carat-gold-pendant-33202\/","url":"https:\/\/www.purejewels.com\/product\/22-carat-gold-pendant-33202\/","name":"Rodyum Kaplama ve CZ ile 22 ayar Alt\u0131n Kolye \u2013 PureJewels UK","isPartOf":{"@id":"https:\/\/www.purejewels.com\/#website"},"primaryImageOfPage":{"@id":"https:\/\/www.purejewels.com\/product\/22-carat-gold-pendant-33202\/#primaryimage"},"image":{"@id":"https:\/\/www.purejewels.com\/product\/22-carat-gold-pendant-33202\/#primaryimage"},"thumbnailUrl":"https:\/\/static.purejewels.com\/wp-content\/uploads\/2020\/10\/image188335873.jpg","datePublished":"2020-10-22T13:19:07+00:00","dateModified":"2025-12-17T11:29:17+00:00","description":"Rodyum kaplama ve g\u00f6z kama\u015ft\u0131r\u0131c\u0131 CZ ta\u015fl\u0131 bu 22 ayar alt\u0131n kolye ile zamans\u0131z zarafeti ke\u015ffedin. G\u00fcnl\u00fck kullan\u0131m veya \u00f6zel g\u00fcnler i\u00e7in m\u00fckemmeldir.","breadcrumb":{"@id":"https:\/\/www.purejewels.com\/product\/22-carat-gold-pendant-33202\/#breadcrumb"},"inLanguage":"tr","potentialAction":[{"@type":"ReadAction","target":["https:\/\/www.purejewels.com\/product\/22-carat-gold-pendant-33202\/"]}]},{"@type":"ImageObject","inLanguage":"tr","@id":"https:\/\/www.purejewels.com\/product\/22-carat-gold-pendant-33202\/#primaryimage","url":"https:\/\/static.purejewels.com\/wp-content\/uploads\/2020\/10\/image188335873.jpg","contentUrl":"https:\/\/static.purejewels.com\/wp-content\/uploads\/2020\/10\/image188335873.jpg","width":1000,"height":1000},{"@type":"BreadcrumbList","@id":"https:\/\/www.purejewels.com\/product\/22-carat-gold-pendant-33202\/#breadcrumb","itemListElement":[{"@type":"ListItem","position":1,"name":"Home","item":"https:\/\/www.purejewels.com\/"},{"@type":"ListItem","position":2,"name":"Shop","item":"https:\/\/www.purejewels.com\/shop\/"},{"@type":"ListItem","position":3,"name":"22ct Gold Pendant with Rhodium Finish &#038; CZ Stone"}]},{"@type":"WebSite","@id":"https:\/\/www.purejewels.com\/#website","url":"https:\/\/www.purejewels.com\/","name":"PureJewels \u0130ngiltere","description":"Sevgiyi Payla\u015f\u0131n","publisher":{"@id":"https:\/\/www.purejewels.com\/#organization"},"potentialAction":[{"@type":"SearchAction","target":{"@type":"EntryPoint","urlTemplate":"https:\/\/www.purejewels.com\/?s={search_term_string}"},"query-input":{"@type":"PropertyValueSpecification","valueRequired":true,"valueName":"search_term_string"}}],"inLanguage":"tr"},{"@type":"Organization","@id":"https:\/\/www.purejewels.com\/#organization","name":"PureJewels \u0130ngiltere","url":"https:\/\/www.purejewels.com\/","logo":{"@type":"ImageObject","inLanguage":"tr","@id":"https:\/\/www.purejewels.com\/#\/schema\/logo\/image\/","url":"https:\/\/static.purejewels.com\/wp-content\/uploads\/2020\/11\/Logo-PJ-New-1.png","contentUrl":"https:\/\/static.purejewels.com\/wp-content\/uploads\/2020\/11\/Logo-PJ-New-1.png","width":150,"height":80,"caption":"PureJewels UK"},"image":{"@id":"https:\/\/www.purejewels.com\/#\/schema\/logo\/image\/"}}]}},"_links":{"self":[{"href":"https:\/\/www.purejewels.com\/tr\/wp-json\/wp\/v2\/product\/318520","targetHints":{"allow":["GET"]}}],"collection":[{"href":"https:\/\/www.purejewels.com\/tr\/wp-json\/wp\/v2\/product"}],"about":[{"href":"https:\/\/www.purejewels.com\/tr\/wp-json\/wp\/v2\/types\/product"}],"replies":[{"embeddable":true,"href":"https:\/\/www.purejewels.com\/tr\/wp-json\/wp\/v2\/comments?post=318520"}],"version-history":[{"count":3,"href":"https:\/\/www.purejewels.com\/tr\/wp-json\/wp\/v2\/product\/318520\/revisions"}],"predecessor-version":[{"id":423309,"href":"https:\/\/www.purejewels.com\/tr\/wp-json\/wp\/v2\/product\/318520\/revisions\/423309"}],"wp:featuredmedia":[{"embeddable":true,"href":"https:\/\/www.purejewels.com\/tr\/wp-json\/wp\/v2\/media\/318614"}],"wp:attachment":[{"href":"https:\/\/www.purejewels.com\/tr\/wp-json\/wp\/v2\/media?parent=318520"}],"wp:term":[{"taxonomy":"product_brand","embeddable":true,"href":"https:\/\/www.purejewels.com\/tr\/wp-json\/wp\/v2\/product_brand?post=318520"},{"taxonomy":"product_cat","embeddable":true,"href":"https:\/\/www.purejewels.com\/tr\/wp-json\/wp\/v2\/product_cat?post=318520"},{"taxonomy":"product_tag","embeddable":true,"href":"https:\/\/www.purejewels.com\/tr\/wp-json\/wp\/v2\/product_tag?post=318520"}],"curies":[{"name":"wp","href":"https:\/\/api.w.org\/{rel}","templated":true}]}}