{"id":318819,"date":"2020-11-04T11:36:20","date_gmt":"2020-11-04T11:36:20","guid":{"rendered":"https:\/\/www.purejewels.com\/product\/jali-collection-22ct-gold-earring-9-2gm\/"},"modified":"2026-01-06T06:59:02","modified_gmt":"2026-01-06T06:59:02","slug":"22-ayar-altin-telkari-kupe-33172","status":"publish","type":"product","link":"https:\/\/www.purejewels.com\/tr\/product\/22-carat-gold-filigree-earring-33172\/","title":{"rendered":"22 ayar alt\u0131n telkari damla k\u00fcpe"},"content":{"rendered":"<h3 data-start=\"663\" data-end=\"677\"><strong data-start=\"667\" data-end=\"677\">Tasar\u0131m<\/strong><\/h3>\n<p data-start=\"678\" data-end=\"940\">Bu k\u00fcpeler, \u0131\u015f\u0131kla g\u00fczel bir uyum i\u00e7inde olan zarif filigran i\u015f\u00e7ili\u011fiyle rafine bir damla silueti sergiliyor. Kenarlar\u0131 boyunca uzanan boncuk dokulu desen, derinlik ve geleneksel bir cazibe katarken, alt\u0131ndaki minik sallant\u0131 detay\u0131 hareket ve ak\u0131c\u0131l\u0131\u011f\u0131 art\u0131r\u0131yor.<\/p>\n<h3 data-start=\"942\" data-end=\"963\"><strong data-start=\"946\" data-end=\"963\">Zanaatkarl\u0131k<\/strong><\/h3>\n<p data-start=\"964\" data-end=\"1237\">Geleneksel telkari teknikleri kullan\u0131larak y\u00fcksek safl\u0131kta 22 ayar alt\u0131ndan \u00fcretilen her bir par\u00e7a, ola\u011fan\u00fcst\u00fc detaylar ve ince zanaatkarl\u0131k becerisini sergiliyor. \u0130ngiltere'de tam damgal\u0131 olup, orijinalli\u011fi ve safl\u0131\u011f\u0131 onaylanan bu k\u00fcpeler, y\u0131llarca sevgiyle saklan\u0131p tak\u0131lmak \u00fczere \u00fcretilmi\u015ftir.<\/p>\n<h3 data-start=\"1239\" data-end=\"1264\"><strong data-start=\"1243\" data-end=\"1264\">\u015eekillendirme &amp; Hediyele\u015fme<\/strong><\/h3>\n<p data-start=\"1265\" data-end=\"1515\">Zarif formlar\u0131 sari, tak\u0131m elbise ve zamans\u0131z parti k\u0131yafetlerini tamamlayarak d\u00fc\u011f\u00fcnler, bayramlar veya \u00f6zel birine hediye etmek i\u00e7in m\u00fckemmeldir. Geleneksel tasar\u0131mlar\u0131 sevenler i\u00e7in ideal olan bu \u00fcr\u00fcnler, hafif ve rahat yap\u0131s\u0131 ile g\u00fcn boyu \u015f\u0131kl\u0131k sunar.<\/p>","protected":false},"excerpt":{"rendered":"<p>El yap\u0131m\u0131 22 ayar alt\u0131n damla k\u00fcpeler, karma\u015f\u0131k telkari \u00f6rg\u00fc i\u015f\u00e7ili\u011fi ve \u0130ngiltere damga sertifikas\u0131 ile.<\/p>\n<ul>\n<li>22 Ayar Sar\u0131 Alt\u0131n Telkari K\u00fcpe<\/li>\n<li>\u0130nce El \u0130\u015fi M\u00fccevherler<\/li>\n<li>A\u011f\u0131rl\u0131k 9,2 gms<\/li>\n<li>SKU. 33172<\/li>\n<li>T\u00fcm fiyatlara KDV dahildir<\/li>\n<li>T\u00fcm \u00fcr\u00fcnlerimiz London Assay Office taraf\u0131ndan damgalanm\u0131\u015ft\u0131r<\/li>\n<li>Sunum kutusu ile birlikte gelir<\/li>\n<li>Teslimat Dahil<\/li>\n<li>\u015eu anda stokta bulunan tasar\u0131mc\u0131 D\u00fc\u011f\u00fcn k\u00fcpelerinin mevcudiyeti ve daha fazla g\u00f6rsel i\u00e7in bizimle canl\u0131 sohbet edin<\/li>\n<\/ul>","protected":false},"featured_media":319229,"comment_status":"closed","ping_status":"closed","template":"","meta":{"_eb_attr":"","_crsspst_to_jayantr4sg-hostcom":true},"product_brand":[],"product_cat":[1685,1254,252,1574],"product_tag":[],"class_list":{"0":"post-318819","1":"product","2":"type-product","3":"status-publish","4":"has-post-thumbnail","6":"product_cat-drop-earrings","7":"product_cat-gold-earrings","8":"product_cat-jali-collections","9":"product_cat-womens-jewellery","11":"first","12":"outofstock","13":"sale","14":"taxable","15":"shipping-taxable","16":"product-type-simple","17":"add-to-wishlist-before_image"},"yoast_head":"<!-- This site is optimized with the Yoast SEO plugin v27.3 - https:\/\/yoast.com\/product\/yoast-seo-wordpress\/ -->\n<title>Handcrafted Gold Filigree Earrings | PureJewels UK<\/title>\n<meta name=\"description\" content=\"Handcrafted 22ct gold filigree teardrop earrings with delicate detailing. UK hallmarked. A graceful choice for festive wear gifting and elegant celebrations.\" \/>\n<meta name=\"robots\" content=\"index, follow, max-snippet:-1, max-image-preview:large, max-video-preview:-1\" \/>\n<link rel=\"canonical\" href=\"https:\/\/www.purejewels.com\/tr\/urun\/22-ayar-altin-telkari-kupe-33172\/\" \/>\n<meta property=\"og:locale\" content=\"tr_TR\" \/>\n<meta property=\"og:type\" content=\"article\" \/>\n<meta property=\"og:title\" content=\"Handcrafted Gold Filigree Earrings | PureJewels UK\" \/>\n<meta property=\"og:description\" content=\"Handcrafted 22ct gold filigree teardrop earrings with delicate detailing. UK hallmarked. A graceful choice for festive wear gifting and elegant celebrations.\" \/>\n<meta property=\"og:url\" content=\"https:\/\/www.purejewels.com\/tr\/urun\/22-ayar-altin-telkari-kupe-33172\/\" \/>\n<meta property=\"og:site_name\" content=\"PureJewels UK\" \/>\n<meta property=\"article:modified_time\" content=\"2026-01-06T06:59:02+00:00\" \/>\n<meta property=\"og:image\" content=\"https:\/\/static.purejewels.com\/wp-content\/uploads\/2020\/11\/image191603073.jpg\" \/>\n\t<meta property=\"og:image:width\" content=\"1000\" \/>\n\t<meta property=\"og:image:height\" content=\"1000\" \/>\n\t<meta property=\"og:image:type\" content=\"image\/jpeg\" \/>\n<meta name=\"twitter:card\" content=\"summary_large_image\" \/>\n<meta name=\"twitter:label1\" content=\"Tahmini okuma s\u00fcresi\" \/>\n\t<meta name=\"twitter:data1\" content=\"1 dakika\" \/>\n<script type=\"application\/ld+json\" class=\"yoast-schema-graph\">{\"@context\":\"https:\\\/\\\/schema.org\",\"@graph\":[{\"@type\":[\"WebPage\",\"ItemPage\"],\"@id\":\"https:\\\/\\\/www.purejewels.com\\\/product\\\/22-carat-gold-filigree-earring-33172\\\/\",\"url\":\"https:\\\/\\\/www.purejewels.com\\\/product\\\/22-carat-gold-filigree-earring-33172\\\/\",\"name\":\"Handcrafted Gold Filigree Earrings | PureJewels UK\",\"isPartOf\":{\"@id\":\"https:\\\/\\\/www.purejewels.com\\\/#website\"},\"primaryImageOfPage\":{\"@id\":\"https:\\\/\\\/www.purejewels.com\\\/product\\\/22-carat-gold-filigree-earring-33172\\\/#primaryimage\"},\"image\":{\"@id\":\"https:\\\/\\\/www.purejewels.com\\\/product\\\/22-carat-gold-filigree-earring-33172\\\/#primaryimage\"},\"thumbnailUrl\":\"https:\\\/\\\/static.purejewels.com\\\/wp-content\\\/uploads\\\/2020\\\/11\\\/image191603073.jpg\",\"datePublished\":\"2020-11-04T11:36:20+00:00\",\"dateModified\":\"2026-01-06T06:59:02+00:00\",\"description\":\"Handcrafted 22ct gold filigree teardrop earrings with delicate detailing. UK hallmarked. A graceful choice for festive wear gifting and elegant celebrations.\",\"breadcrumb\":{\"@id\":\"https:\\\/\\\/www.purejewels.com\\\/product\\\/22-carat-gold-filigree-earring-33172\\\/#breadcrumb\"},\"inLanguage\":\"tr\",\"potentialAction\":[{\"@type\":\"ReadAction\",\"target\":[\"https:\\\/\\\/www.purejewels.com\\\/product\\\/22-carat-gold-filigree-earring-33172\\\/\"]}]},{\"@type\":\"ImageObject\",\"inLanguage\":\"tr\",\"@id\":\"https:\\\/\\\/www.purejewels.com\\\/product\\\/22-carat-gold-filigree-earring-33172\\\/#primaryimage\",\"url\":\"https:\\\/\\\/static.purejewels.com\\\/wp-content\\\/uploads\\\/2020\\\/11\\\/image191603073.jpg\",\"contentUrl\":\"https:\\\/\\\/static.purejewels.com\\\/wp-content\\\/uploads\\\/2020\\\/11\\\/image191603073.jpg\",\"width\":1000,\"height\":1000},{\"@type\":\"BreadcrumbList\",\"@id\":\"https:\\\/\\\/www.purejewels.com\\\/product\\\/22-carat-gold-filigree-earring-33172\\\/#breadcrumb\",\"itemListElement\":[{\"@type\":\"ListItem\",\"position\":1,\"name\":\"Home\",\"item\":\"https:\\\/\\\/www.purejewels.com\\\/\"},{\"@type\":\"ListItem\",\"position\":2,\"name\":\"Shop\",\"item\":\"https:\\\/\\\/www.purejewels.com\\\/shop\\\/\"},{\"@type\":\"ListItem\",\"position\":3,\"name\":\"22ct Gold Filigree Teardrop Earrings\"}]},{\"@type\":\"WebSite\",\"@id\":\"https:\\\/\\\/www.purejewels.com\\\/#website\",\"url\":\"https:\\\/\\\/www.purejewels.com\\\/\",\"name\":\"PureJewels UK\",\"description\":\"Share the Love\",\"publisher\":{\"@id\":\"https:\\\/\\\/www.purejewels.com\\\/#organization\"},\"potentialAction\":[{\"@type\":\"SearchAction\",\"target\":{\"@type\":\"EntryPoint\",\"urlTemplate\":\"https:\\\/\\\/www.purejewels.com\\\/?s={search_term_string}\"},\"query-input\":{\"@type\":\"PropertyValueSpecification\",\"valueRequired\":true,\"valueName\":\"search_term_string\"}}],\"inLanguage\":\"tr\"},{\"@type\":\"Organization\",\"@id\":\"https:\\\/\\\/www.purejewels.com\\\/#organization\",\"name\":\"PureJewels UK\",\"url\":\"https:\\\/\\\/www.purejewels.com\\\/\",\"logo\":{\"@type\":\"ImageObject\",\"inLanguage\":\"tr\",\"@id\":\"https:\\\/\\\/www.purejewels.com\\\/#\\\/schema\\\/logo\\\/image\\\/\",\"url\":\"https:\\\/\\\/static.purejewels.com\\\/wp-content\\\/uploads\\\/2020\\\/11\\\/Logo-PJ-New-1.png\",\"contentUrl\":\"https:\\\/\\\/static.purejewels.com\\\/wp-content\\\/uploads\\\/2020\\\/11\\\/Logo-PJ-New-1.png\",\"width\":150,\"height\":80,\"caption\":\"PureJewels UK\"},\"image\":{\"@id\":\"https:\\\/\\\/www.purejewels.com\\\/#\\\/schema\\\/logo\\\/image\\\/\"}}]}<\/script>\n<!-- \/ Yoast SEO plugin. -->","yoast_head_json":{"title":"El Yap\u0131m\u0131 Alt\u0131n Filigran K\u00fcpeler | PureJewels UK","description":"El yap\u0131m\u0131 22 ayar alt\u0131n telkari damla k\u00fcpeler, zarif detaylarla. \u0130ngiltere damgal\u0131. Bayram k\u0131yafetleri ve \u015f\u0131k kutlamalar i\u00e7in zarif bir se\u00e7im.","robots":{"index":"index","follow":"follow","max-snippet":"max-snippet:-1","max-image-preview":"max-image-preview:large","max-video-preview":"max-video-preview:-1"},"canonical":"https:\/\/www.purejewels.com\/tr\/urun\/22-ayar-altin-telkari-kupe-33172\/","og_locale":"tr_TR","og_type":"article","og_title":"Handcrafted Gold Filigree Earrings | PureJewels UK","og_description":"Handcrafted 22ct gold filigree teardrop earrings with delicate detailing. UK hallmarked. A graceful choice for festive wear gifting and elegant celebrations.","og_url":"https:\/\/www.purejewels.com\/tr\/urun\/22-ayar-altin-telkari-kupe-33172\/","og_site_name":"PureJewels UK","article_modified_time":"2026-01-06T06:59:02+00:00","og_image":[{"width":1000,"height":1000,"url":"https:\/\/static.purejewels.com\/wp-content\/uploads\/2020\/11\/image191603073.jpg","type":"image\/jpeg"}],"twitter_card":"summary_large_image","twitter_misc":{"Tahmini okuma s\u00fcresi":"1 dakika"},"schema":{"@context":"https:\/\/schema.org","@graph":[{"@type":["WebPage","ItemPage"],"@id":"https:\/\/www.purejewels.com\/product\/22-carat-gold-filigree-earring-33172\/","url":"https:\/\/www.purejewels.com\/product\/22-carat-gold-filigree-earring-33172\/","name":"El Yap\u0131m\u0131 Alt\u0131n Filigran K\u00fcpeler | PureJewels UK","isPartOf":{"@id":"https:\/\/www.purejewels.com\/#website"},"primaryImageOfPage":{"@id":"https:\/\/www.purejewels.com\/product\/22-carat-gold-filigree-earring-33172\/#primaryimage"},"image":{"@id":"https:\/\/www.purejewels.com\/product\/22-carat-gold-filigree-earring-33172\/#primaryimage"},"thumbnailUrl":"https:\/\/static.purejewels.com\/wp-content\/uploads\/2020\/11\/image191603073.jpg","datePublished":"2020-11-04T11:36:20+00:00","dateModified":"2026-01-06T06:59:02+00:00","description":"El yap\u0131m\u0131 22 ayar alt\u0131n telkari damla k\u00fcpeler, zarif detaylarla. \u0130ngiltere damgal\u0131. Bayram k\u0131yafetleri ve \u015f\u0131k kutlamalar i\u00e7in zarif bir se\u00e7im.","breadcrumb":{"@id":"https:\/\/www.purejewels.com\/product\/22-carat-gold-filigree-earring-33172\/#breadcrumb"},"inLanguage":"tr","potentialAction":[{"@type":"ReadAction","target":["https:\/\/www.purejewels.com\/product\/22-carat-gold-filigree-earring-33172\/"]}]},{"@type":"ImageObject","inLanguage":"tr","@id":"https:\/\/www.purejewels.com\/product\/22-carat-gold-filigree-earring-33172\/#primaryimage","url":"https:\/\/static.purejewels.com\/wp-content\/uploads\/2020\/11\/image191603073.jpg","contentUrl":"https:\/\/static.purejewels.com\/wp-content\/uploads\/2020\/11\/image191603073.jpg","width":1000,"height":1000},{"@type":"BreadcrumbList","@id":"https:\/\/www.purejewels.com\/product\/22-carat-gold-filigree-earring-33172\/#breadcrumb","itemListElement":[{"@type":"ListItem","position":1,"name":"Home","item":"https:\/\/www.purejewels.com\/"},{"@type":"ListItem","position":2,"name":"Shop","item":"https:\/\/www.purejewels.com\/shop\/"},{"@type":"ListItem","position":3,"name":"22ct Gold Filigree Teardrop Earrings"}]},{"@type":"WebSite","@id":"https:\/\/www.purejewels.com\/#website","url":"https:\/\/www.purejewels.com\/","name":"PureJewels \u0130ngiltere","description":"Sevgiyi Payla\u015f\u0131n","publisher":{"@id":"https:\/\/www.purejewels.com\/#organization"},"potentialAction":[{"@type":"SearchAction","target":{"@type":"EntryPoint","urlTemplate":"https:\/\/www.purejewels.com\/?s={search_term_string}"},"query-input":{"@type":"PropertyValueSpecification","valueRequired":true,"valueName":"search_term_string"}}],"inLanguage":"tr"},{"@type":"Organization","@id":"https:\/\/www.purejewels.com\/#organization","name":"PureJewels \u0130ngiltere","url":"https:\/\/www.purejewels.com\/","logo":{"@type":"ImageObject","inLanguage":"tr","@id":"https:\/\/www.purejewels.com\/#\/schema\/logo\/image\/","url":"https:\/\/static.purejewels.com\/wp-content\/uploads\/2020\/11\/Logo-PJ-New-1.png","contentUrl":"https:\/\/static.purejewels.com\/wp-content\/uploads\/2020\/11\/Logo-PJ-New-1.png","width":150,"height":80,"caption":"PureJewels UK"},"image":{"@id":"https:\/\/www.purejewels.com\/#\/schema\/logo\/image\/"}}]}},"_links":{"self":[{"href":"https:\/\/www.purejewels.com\/tr\/wp-json\/wp\/v2\/product\/318819","targetHints":{"allow":["GET"]}}],"collection":[{"href":"https:\/\/www.purejewels.com\/tr\/wp-json\/wp\/v2\/product"}],"about":[{"href":"https:\/\/www.purejewels.com\/tr\/wp-json\/wp\/v2\/types\/product"}],"replies":[{"embeddable":true,"href":"https:\/\/www.purejewels.com\/tr\/wp-json\/wp\/v2\/comments?post=318819"}],"version-history":[{"count":3,"href":"https:\/\/www.purejewels.com\/tr\/wp-json\/wp\/v2\/product\/318819\/revisions"}],"predecessor-version":[{"id":422732,"href":"https:\/\/www.purejewels.com\/tr\/wp-json\/wp\/v2\/product\/318819\/revisions\/422732"}],"wp:featuredmedia":[{"embeddable":true,"href":"https:\/\/www.purejewels.com\/tr\/wp-json\/wp\/v2\/media\/319229"}],"wp:attachment":[{"href":"https:\/\/www.purejewels.com\/tr\/wp-json\/wp\/v2\/media?parent=318819"}],"wp:term":[{"taxonomy":"product_brand","embeddable":true,"href":"https:\/\/www.purejewels.com\/tr\/wp-json\/wp\/v2\/product_brand?post=318819"},{"taxonomy":"product_cat","embeddable":true,"href":"https:\/\/www.purejewels.com\/tr\/wp-json\/wp\/v2\/product_cat?post=318819"},{"taxonomy":"product_tag","embeddable":true,"href":"https:\/\/www.purejewels.com\/tr\/wp-json\/wp\/v2\/product_tag?post=318819"}],"curies":[{"name":"wp","href":"https:\/\/api.w.org\/{rel}","templated":true}]}}