{"id":318821,"date":"2020-11-04T11:39:56","date_gmt":"2020-11-04T11:39:56","guid":{"rendered":"https:\/\/www.purejewels.com\/product\/jali-collection-22ct-gold-earring-10-8gm\/"},"modified":"2026-02-13T07:30:30","modified_gmt":"2026-02-13T07:30:30","slug":"22-ayar-altin-telkari-kupe-33173","status":"publish","type":"product","link":"https:\/\/www.purejewels.com\/tr\/product\/22-carat-gold-filigree-earring-33173\/","title":{"rendered":"22 ayar alt\u0131n kafes damla k\u00fcpe"},"content":{"rendered":"<p>Zarafet ve sofistike bir g\u00f6r\u00fcn\u00fcm sergileyen, el yap\u0131m\u0131 ince bir m\u00fccevher par\u00e7as\u0131 olan 22 Ayar Sar\u0131 Alt\u0131n Telkari K\u00fcpemizin enfes g\u00fczelli\u011finin keyfini \u00e7\u0131kar\u0131n. Bu \u00e7arp\u0131c\u0131 k\u00fcpe 10,8 gram a\u011f\u0131rl\u0131\u011f\u0131ndad\u0131r ve ustalar\u0131m\u0131z\u0131n beceri ve sanat\u0131n\u0131 sergileyen karma\u015f\u0131k telkari i\u015fine sahiptir.<\/p>\n<p>Koleksiyonumuzdaki her bir par\u00e7a, \u00fcr\u00fcnlerimizin orijinalli\u011fini ve kalitesini garanti alt\u0131na alan Londra Assay Ofisi taraf\u0131ndan damgalanm\u0131\u015ft\u0131r. Sunum kutusunda gelen k\u00fcpe, kendiniz veya sevdi\u011finiz biri i\u00e7in m\u00fckemmel bir hediyedir. \u00dccretsiz takipli teslimat ve g\u00fcvenli \u00e7evrimi\u00e7i \u00f6demelerle PureJewels UK ile al\u0131\u015fveri\u015f yapmak rahat ve endi\u015fesizdir.<\/p>\n<p>\u0130ster \u00f6zel bir g\u00fcn i\u00e7in iddial\u0131 bir par\u00e7a, ister g\u00fcnl\u00fck kullan\u0131m i\u00e7in zamans\u0131z bir aksesuar ar\u0131yor olun, 22 Ayar Alt\u0131n Telkari K\u00fcpemizin sizi etkileyece\u011finden emin olabilirsiniz. Bu enfes par\u00e7ay\u0131 ka\u00e7\u0131rmay\u0131n - m\u00fcsaitlik durumu ve tasar\u0131m d\u00fc\u011f\u00fcn k\u00fcpelerimizin daha fazla g\u00f6r\u00fcnt\u00fcs\u00fc i\u00e7in bizimle sohbet edin.<\/p>","protected":false},"excerpt":{"rendered":"<p>Saf 22 ayar alt\u0131ndan el yap\u0131m\u0131, karma\u015f\u0131k detaylara sahip ve \u0130ngiltere damga sertifikal\u0131 kafesli damla k\u00fcpeler.<\/p>\n<ul>\n<li>22 Ayar Sar\u0131 Alt\u0131n Telkari K\u00fcpe<\/li>\n<li>\u0130nce El \u0130\u015fi M\u00fccevherler<\/li>\n<li>A\u011f\u0131rl\u0131k . 10,8 gms<\/li>\n<li>SKU. 33173<\/li>\n<li>T\u00fcm fiyatlara KDV dahildir<\/li>\n<li>T\u00fcm \u00fcr\u00fcnlerimiz London Assay Office taraf\u0131ndan damgalanm\u0131\u015ft\u0131r<\/li>\n<li>Sunum kutusu ile birlikte gelir<\/li>\n<li>Teslimat Dahil<\/li>\n<li>\u015eu anda stokta bulunan tasar\u0131mc\u0131 D\u00fc\u011f\u00fcn k\u00fcpelerinin mevcudiyeti ve daha fazla g\u00f6rsel i\u00e7in bizimle canl\u0131 sohbet edin<\/li>\n<\/ul>","protected":false},"featured_media":319232,"comment_status":"closed","ping_status":"closed","template":"","meta":{"_eb_attr":"","_crsspst_to_jayantr4sg-hostcom":true},"product_brand":[],"product_cat":[1685,1254,252,1573,1574],"product_tag":[],"class_list":{"0":"post-318821","1":"product","2":"type-product","3":"status-publish","4":"has-post-thumbnail","6":"product_cat-drop-earrings","7":"product_cat-gold-earrings","8":"product_cat-jali-collections","9":"product_cat-wedding-gifts","10":"product_cat-womens-jewellery","12":"first","13":"outofstock","14":"taxable","15":"shipping-taxable","16":"product-type-simple","17":"add-to-wishlist-before_image"},"yoast_head":"<!-- This site is optimized with the Yoast SEO plugin v27.3 - https:\/\/yoast.com\/product\/yoast-seo-wordpress\/ -->\n<title>22ct Gold Floral Drop Earrings | Jali Earrings | Online PureJewels<\/title>\n<meta name=\"description\" content=\"Handcrafted 22ct gold lattice drop earrings with fine detailing and a graceful silhouette. UK hallmarked and ideal for weddings celebrations and gifting.\" \/>\n<meta name=\"robots\" content=\"index, follow, max-snippet:-1, max-image-preview:large, max-video-preview:-1\" \/>\n<link rel=\"canonical\" href=\"https:\/\/www.purejewels.com\/tr\/urun\/22-ayar-altin-telkari-kupe-33173\/\" \/>\n<meta property=\"og:locale\" content=\"tr_TR\" \/>\n<meta property=\"og:type\" content=\"article\" \/>\n<meta property=\"og:title\" content=\"22ct Gold Floral Drop Earrings | Jali Earrings | Online PureJewels\" \/>\n<meta property=\"og:description\" content=\"Handcrafted 22ct gold lattice drop earrings with fine detailing and a graceful silhouette. UK hallmarked and ideal for weddings celebrations and gifting.\" \/>\n<meta property=\"og:url\" content=\"https:\/\/www.purejewels.com\/tr\/urun\/22-ayar-altin-telkari-kupe-33173\/\" \/>\n<meta property=\"og:site_name\" content=\"PureJewels UK\" \/>\n<meta property=\"article:modified_time\" content=\"2026-02-13T07:30:30+00:00\" \/>\n<meta property=\"og:image\" content=\"https:\/\/static.purejewels.com\/wp-content\/uploads\/2020\/11\/image191604220.jpg\" \/>\n\t<meta property=\"og:image:width\" content=\"1000\" \/>\n\t<meta property=\"og:image:height\" content=\"1000\" \/>\n\t<meta property=\"og:image:type\" content=\"image\/jpeg\" \/>\n<meta name=\"twitter:card\" content=\"summary_large_image\" \/>\n<meta name=\"twitter:label1\" content=\"Tahmini okuma s\u00fcresi\" \/>\n\t<meta name=\"twitter:data1\" content=\"1 dakika\" \/>\n<script type=\"application\/ld+json\" class=\"yoast-schema-graph\">{\"@context\":\"https:\\\/\\\/schema.org\",\"@graph\":[{\"@type\":[\"WebPage\",\"ItemPage\"],\"@id\":\"https:\\\/\\\/www.purejewels.com\\\/product\\\/22-carat-gold-filigree-earring-33173\\\/\",\"url\":\"https:\\\/\\\/www.purejewels.com\\\/product\\\/22-carat-gold-filigree-earring-33173\\\/\",\"name\":\"22ct Gold Floral Drop Earrings | Jali Earrings | Online PureJewels\",\"isPartOf\":{\"@id\":\"https:\\\/\\\/www.purejewels.com\\\/#website\"},\"primaryImageOfPage\":{\"@id\":\"https:\\\/\\\/www.purejewels.com\\\/product\\\/22-carat-gold-filigree-earring-33173\\\/#primaryimage\"},\"image\":{\"@id\":\"https:\\\/\\\/www.purejewels.com\\\/product\\\/22-carat-gold-filigree-earring-33173\\\/#primaryimage\"},\"thumbnailUrl\":\"https:\\\/\\\/static.purejewels.com\\\/wp-content\\\/uploads\\\/2020\\\/11\\\/image191604220.jpg\",\"datePublished\":\"2020-11-04T11:39:56+00:00\",\"dateModified\":\"2026-02-13T07:30:30+00:00\",\"description\":\"Handcrafted 22ct gold lattice drop earrings with fine detailing and a graceful silhouette. UK hallmarked and ideal for weddings celebrations and gifting.\",\"breadcrumb\":{\"@id\":\"https:\\\/\\\/www.purejewels.com\\\/product\\\/22-carat-gold-filigree-earring-33173\\\/#breadcrumb\"},\"inLanguage\":\"tr\",\"potentialAction\":[{\"@type\":\"ReadAction\",\"target\":[\"https:\\\/\\\/www.purejewels.com\\\/product\\\/22-carat-gold-filigree-earring-33173\\\/\"]}]},{\"@type\":\"ImageObject\",\"inLanguage\":\"tr\",\"@id\":\"https:\\\/\\\/www.purejewels.com\\\/product\\\/22-carat-gold-filigree-earring-33173\\\/#primaryimage\",\"url\":\"https:\\\/\\\/static.purejewels.com\\\/wp-content\\\/uploads\\\/2020\\\/11\\\/image191604220.jpg\",\"contentUrl\":\"https:\\\/\\\/static.purejewels.com\\\/wp-content\\\/uploads\\\/2020\\\/11\\\/image191604220.jpg\",\"width\":1000,\"height\":1000},{\"@type\":\"BreadcrumbList\",\"@id\":\"https:\\\/\\\/www.purejewels.com\\\/product\\\/22-carat-gold-filigree-earring-33173\\\/#breadcrumb\",\"itemListElement\":[{\"@type\":\"ListItem\",\"position\":1,\"name\":\"Home\",\"item\":\"https:\\\/\\\/www.purejewels.com\\\/\"},{\"@type\":\"ListItem\",\"position\":2,\"name\":\"Shop\",\"item\":\"https:\\\/\\\/www.purejewels.com\\\/shop\\\/\"},{\"@type\":\"ListItem\",\"position\":3,\"name\":\"22ct Gold Lattice Drop Earrings\"}]},{\"@type\":\"WebSite\",\"@id\":\"https:\\\/\\\/www.purejewels.com\\\/#website\",\"url\":\"https:\\\/\\\/www.purejewels.com\\\/\",\"name\":\"PureJewels UK\",\"description\":\"Share the Love\",\"publisher\":{\"@id\":\"https:\\\/\\\/www.purejewels.com\\\/#organization\"},\"potentialAction\":[{\"@type\":\"SearchAction\",\"target\":{\"@type\":\"EntryPoint\",\"urlTemplate\":\"https:\\\/\\\/www.purejewels.com\\\/?s={search_term_string}\"},\"query-input\":{\"@type\":\"PropertyValueSpecification\",\"valueRequired\":true,\"valueName\":\"search_term_string\"}}],\"inLanguage\":\"tr\"},{\"@type\":\"Organization\",\"@id\":\"https:\\\/\\\/www.purejewels.com\\\/#organization\",\"name\":\"PureJewels UK\",\"url\":\"https:\\\/\\\/www.purejewels.com\\\/\",\"logo\":{\"@type\":\"ImageObject\",\"inLanguage\":\"tr\",\"@id\":\"https:\\\/\\\/www.purejewels.com\\\/#\\\/schema\\\/logo\\\/image\\\/\",\"url\":\"https:\\\/\\\/static.purejewels.com\\\/wp-content\\\/uploads\\\/2020\\\/11\\\/Logo-PJ-New-1.png\",\"contentUrl\":\"https:\\\/\\\/static.purejewels.com\\\/wp-content\\\/uploads\\\/2020\\\/11\\\/Logo-PJ-New-1.png\",\"width\":150,\"height\":80,\"caption\":\"PureJewels UK\"},\"image\":{\"@id\":\"https:\\\/\\\/www.purejewels.com\\\/#\\\/schema\\\/logo\\\/image\\\/\"}}]}<\/script>\n<!-- \/ Yoast SEO plugin. -->","yoast_head_json":{"title":"22 Ayar Alt\u0131n \u00c7i\u00e7ekli Damla K\u00fcpe | Jali K\u00fcpe | Online PureJewels","description":"El yap\u0131m\u0131 22 ayar alt\u0131n kafes damla k\u00fcpeler, ince detaylar\u0131 ve zarif silueti ile dikkat \u00e7ekiyor. \u0130ngiltere damgal\u0131 ve d\u00fc\u011f\u00fcn kutlamalar\u0131 ve hediye etmek i\u00e7in ideal.","robots":{"index":"index","follow":"follow","max-snippet":"max-snippet:-1","max-image-preview":"max-image-preview:large","max-video-preview":"max-video-preview:-1"},"canonical":"https:\/\/www.purejewels.com\/tr\/urun\/22-ayar-altin-telkari-kupe-33173\/","og_locale":"tr_TR","og_type":"article","og_title":"22ct Gold Floral Drop Earrings | Jali Earrings | Online PureJewels","og_description":"Handcrafted 22ct gold lattice drop earrings with fine detailing and a graceful silhouette. UK hallmarked and ideal for weddings celebrations and gifting.","og_url":"https:\/\/www.purejewels.com\/tr\/urun\/22-ayar-altin-telkari-kupe-33173\/","og_site_name":"PureJewels UK","article_modified_time":"2026-02-13T07:30:30+00:00","og_image":[{"width":1000,"height":1000,"url":"https:\/\/static.purejewels.com\/wp-content\/uploads\/2020\/11\/image191604220.jpg","type":"image\/jpeg"}],"twitter_card":"summary_large_image","twitter_misc":{"Tahmini okuma s\u00fcresi":"1 dakika"},"schema":{"@context":"https:\/\/schema.org","@graph":[{"@type":["WebPage","ItemPage"],"@id":"https:\/\/www.purejewels.com\/product\/22-carat-gold-filigree-earring-33173\/","url":"https:\/\/www.purejewels.com\/product\/22-carat-gold-filigree-earring-33173\/","name":"22 Ayar Alt\u0131n \u00c7i\u00e7ekli Damla K\u00fcpe | Jali K\u00fcpe | Online PureJewels","isPartOf":{"@id":"https:\/\/www.purejewels.com\/#website"},"primaryImageOfPage":{"@id":"https:\/\/www.purejewels.com\/product\/22-carat-gold-filigree-earring-33173\/#primaryimage"},"image":{"@id":"https:\/\/www.purejewels.com\/product\/22-carat-gold-filigree-earring-33173\/#primaryimage"},"thumbnailUrl":"https:\/\/static.purejewels.com\/wp-content\/uploads\/2020\/11\/image191604220.jpg","datePublished":"2020-11-04T11:39:56+00:00","dateModified":"2026-02-13T07:30:30+00:00","description":"El yap\u0131m\u0131 22 ayar alt\u0131n kafes damla k\u00fcpeler, ince detaylar\u0131 ve zarif silueti ile dikkat \u00e7ekiyor. \u0130ngiltere damgal\u0131 ve d\u00fc\u011f\u00fcn kutlamalar\u0131 ve hediye etmek i\u00e7in ideal.","breadcrumb":{"@id":"https:\/\/www.purejewels.com\/product\/22-carat-gold-filigree-earring-33173\/#breadcrumb"},"inLanguage":"tr","potentialAction":[{"@type":"ReadAction","target":["https:\/\/www.purejewels.com\/product\/22-carat-gold-filigree-earring-33173\/"]}]},{"@type":"ImageObject","inLanguage":"tr","@id":"https:\/\/www.purejewels.com\/product\/22-carat-gold-filigree-earring-33173\/#primaryimage","url":"https:\/\/static.purejewels.com\/wp-content\/uploads\/2020\/11\/image191604220.jpg","contentUrl":"https:\/\/static.purejewels.com\/wp-content\/uploads\/2020\/11\/image191604220.jpg","width":1000,"height":1000},{"@type":"BreadcrumbList","@id":"https:\/\/www.purejewels.com\/product\/22-carat-gold-filigree-earring-33173\/#breadcrumb","itemListElement":[{"@type":"ListItem","position":1,"name":"Home","item":"https:\/\/www.purejewels.com\/"},{"@type":"ListItem","position":2,"name":"Shop","item":"https:\/\/www.purejewels.com\/shop\/"},{"@type":"ListItem","position":3,"name":"22ct Gold Lattice Drop Earrings"}]},{"@type":"WebSite","@id":"https:\/\/www.purejewels.com\/#website","url":"https:\/\/www.purejewels.com\/","name":"PureJewels \u0130ngiltere","description":"Sevgiyi Payla\u015f\u0131n","publisher":{"@id":"https:\/\/www.purejewels.com\/#organization"},"potentialAction":[{"@type":"SearchAction","target":{"@type":"EntryPoint","urlTemplate":"https:\/\/www.purejewels.com\/?s={search_term_string}"},"query-input":{"@type":"PropertyValueSpecification","valueRequired":true,"valueName":"search_term_string"}}],"inLanguage":"tr"},{"@type":"Organization","@id":"https:\/\/www.purejewels.com\/#organization","name":"PureJewels \u0130ngiltere","url":"https:\/\/www.purejewels.com\/","logo":{"@type":"ImageObject","inLanguage":"tr","@id":"https:\/\/www.purejewels.com\/#\/schema\/logo\/image\/","url":"https:\/\/static.purejewels.com\/wp-content\/uploads\/2020\/11\/Logo-PJ-New-1.png","contentUrl":"https:\/\/static.purejewels.com\/wp-content\/uploads\/2020\/11\/Logo-PJ-New-1.png","width":150,"height":80,"caption":"PureJewels UK"},"image":{"@id":"https:\/\/www.purejewels.com\/#\/schema\/logo\/image\/"}}]}},"_links":{"self":[{"href":"https:\/\/www.purejewels.com\/tr\/wp-json\/wp\/v2\/product\/318821","targetHints":{"allow":["GET"]}}],"collection":[{"href":"https:\/\/www.purejewels.com\/tr\/wp-json\/wp\/v2\/product"}],"about":[{"href":"https:\/\/www.purejewels.com\/tr\/wp-json\/wp\/v2\/types\/product"}],"replies":[{"embeddable":true,"href":"https:\/\/www.purejewels.com\/tr\/wp-json\/wp\/v2\/comments?post=318821"}],"version-history":[{"count":3,"href":"https:\/\/www.purejewels.com\/tr\/wp-json\/wp\/v2\/product\/318821\/revisions"}],"predecessor-version":[{"id":422734,"href":"https:\/\/www.purejewels.com\/tr\/wp-json\/wp\/v2\/product\/318821\/revisions\/422734"}],"wp:featuredmedia":[{"embeddable":true,"href":"https:\/\/www.purejewels.com\/tr\/wp-json\/wp\/v2\/media\/319232"}],"wp:attachment":[{"href":"https:\/\/www.purejewels.com\/tr\/wp-json\/wp\/v2\/media?parent=318821"}],"wp:term":[{"taxonomy":"product_brand","embeddable":true,"href":"https:\/\/www.purejewels.com\/tr\/wp-json\/wp\/v2\/product_brand?post=318821"},{"taxonomy":"product_cat","embeddable":true,"href":"https:\/\/www.purejewels.com\/tr\/wp-json\/wp\/v2\/product_cat?post=318821"},{"taxonomy":"product_tag","embeddable":true,"href":"https:\/\/www.purejewels.com\/tr\/wp-json\/wp\/v2\/product_tag?post=318821"}],"curies":[{"name":"wp","href":"https:\/\/api.w.org\/{rel}","templated":true}]}}