{"id":318827,"date":"2020-11-04T12:12:37","date_gmt":"2020-11-04T12:12:37","guid":{"rendered":"https:\/\/www.purejewels.com\/product\/jali-collection-22ct-gold-necklace-52-3gm\/"},"modified":"2025-05-22T11:20:55","modified_gmt":"2025-05-22T10:20:55","slug":"22-ayar-altin-hint-gelin-kolyesi-33295","status":"publish","type":"product","link":"https:\/\/www.purejewels.com\/tr\/product\/22-carat-gold-indian-bridal-necklace-33295\/","title":{"rendered":"22 Ayar Alt\u0131n Hint Gelin Kolyesi | 30 \u0130n\u00e7"},"content":{"rendered":"<ul>\n<li><b>Menzil kimli\u011fi. <\/b>JLNC682<\/li>\n<li>SKU. 33788<\/li>\n<\/ul>","protected":false},"excerpt":{"rendered":"<table class=\"sh_desc\">\n<tbody>\n<tr>\n<td>Kolye Tipi<\/td>\n<td>Telkari Uzun Kolye<\/td>\n<\/tr>\n<tr>\n<td>SKU<\/td>\n<td>33788<\/td>\n<\/tr>\n<tr>\n<td>A\u011f\u0131rl\u0131k<\/td>\n<td>65,2 Gms<\/td>\n<\/tr>\n<tr>\n<td>Metal<\/td>\n<td>22 Ayar Alt\u0131n<\/td>\n<\/tr>\n<tr>\n<td>Uzunluk<\/td>\n<td>30 \u0130n\u00e7<\/td>\n<\/tr>\n<tr>\n<td>Koleksiyon<\/td>\n<td><strong>Jali Telkari Koleksiyonu<\/strong><\/td>\n<\/tr>\n<tr>\n<td>Hallmark<\/td>\n<td>Londra Tahlil Ofisi Taraf\u0131ndan Damgalanm\u0131\u015f 22 Ayar Alt\u0131n<\/td>\n<\/tr>\n<tr>\n<td>\u00dccretler<\/td>\n<td>Teslimat ve KDV Dahil<\/td>\n<\/tr>\n<tr>\n<td>Paketleme<\/td>\n<td>Sunum Kutusu ile Birlikte Gelir<\/td>\n<\/tr>\n<tr>\n<td>Daha Fazla Bilgi<\/td>\n<td>\n<ul>\n<li>M\u00fcsaitlik durumu ve daha fazla resim i\u00e7in bizimle canl\u0131 sohbet edin<\/li>\n<li>Bizim ke\u015ffedin\u00a0<strong>alt\u0131n tak\u0131 seti<\/strong><\/li>\n<\/ul>\n<\/td>\n<\/tr>\n<\/tbody>\n<\/table>","protected":false},"featured_media":348105,"comment_status":"closed","ping_status":"closed","template":"","meta":{"_eb_attr":"","_crsspst_to_jayantr4sg-hostcom":true},"product_brand":[],"product_cat":[5370,1781,1229,1253,252,1777,1573,1574,5349],"product_tag":[],"class_list":{"0":"post-318827","1":"product","2":"type-product","3":"status-publish","4":"has-post-thumbnail","6":"product_cat-ethnic-jewellery","7":"product_cat-filligree-necklaces","8":"product_cat-22ct-gold-jewellery","9":"product_cat-gold-necklaces","10":"product_cat-jali-collections","11":"product_cat-long-necklaces","12":"product_cat-wedding-gifts","13":"product_cat-womens-jewellery","14":"product_cat-yellow-gold-jewellery","16":"first","17":"outofstock","18":"taxable","19":"shipping-taxable","20":"product-type-simple","21":"add-to-wishlist-before_image"},"yoast_head":"<!-- This site is optimized with the Yoast SEO plugin v27.3 - https:\/\/yoast.com\/product\/yoast-seo-wordpress\/ -->\n<title>Long Necklace with Beautifully Crafted Filigree Design UK<\/title>\n<meta name=\"description\" content=\"Exquisite 22K Indian Bridal Necklace: Dazzling 22-carat gold necklace for radiant brides. A perfect blend of elegance and tradition. Shop now!\" \/>\n<meta name=\"robots\" content=\"index, follow, max-snippet:-1, max-image-preview:large, max-video-preview:-1\" \/>\n<link rel=\"canonical\" href=\"https:\/\/www.purejewels.com\/tr\/urun\/22-ayar-altin-hint-gelin-kolyesi-33295\/\" \/>\n<meta property=\"og:locale\" content=\"tr_TR\" \/>\n<meta property=\"og:type\" content=\"article\" \/>\n<meta property=\"og:title\" content=\"Long Necklace with Beautifully Crafted Filigree Design UK\" \/>\n<meta property=\"og:description\" content=\"Exquisite 22K Indian Bridal Necklace: Dazzling 22-carat gold necklace for radiant brides. A perfect blend of elegance and tradition. Shop now!\" \/>\n<meta property=\"og:url\" content=\"https:\/\/www.purejewels.com\/tr\/urun\/22-ayar-altin-hint-gelin-kolyesi-33295\/\" \/>\n<meta property=\"og:site_name\" content=\"PureJewels UK\" \/>\n<meta property=\"article:modified_time\" content=\"2025-05-22T10:20:55+00:00\" \/>\n<meta property=\"og:image\" content=\"https:\/\/www.purejewels.com\/wp-content\/uploads\/2020\/11\/33788.jpg\" \/>\n\t<meta property=\"og:image:width\" content=\"1000\" \/>\n\t<meta property=\"og:image:height\" content=\"1000\" \/>\n\t<meta property=\"og:image:type\" content=\"image\/jpeg\" \/>\n<meta name=\"twitter:card\" content=\"summary_large_image\" \/>\n<script type=\"application\/ld+json\" class=\"yoast-schema-graph\">{\"@context\":\"https:\\\/\\\/schema.org\",\"@graph\":[{\"@type\":[\"WebPage\",\"ItemPage\"],\"@id\":\"https:\\\/\\\/www.purejewels.com\\\/product\\\/22-carat-gold-indian-bridal-necklace-33295\\\/\",\"url\":\"https:\\\/\\\/www.purejewels.com\\\/product\\\/22-carat-gold-indian-bridal-necklace-33295\\\/\",\"name\":\"Long Necklace with Beautifully Crafted Filigree Design UK\",\"isPartOf\":{\"@id\":\"https:\\\/\\\/www.purejewels.com\\\/#website\"},\"primaryImageOfPage\":{\"@id\":\"https:\\\/\\\/www.purejewels.com\\\/product\\\/22-carat-gold-indian-bridal-necklace-33295\\\/#primaryimage\"},\"image\":{\"@id\":\"https:\\\/\\\/www.purejewels.com\\\/product\\\/22-carat-gold-indian-bridal-necklace-33295\\\/#primaryimage\"},\"thumbnailUrl\":\"https:\\\/\\\/static.purejewels.com\\\/wp-content\\\/uploads\\\/2020\\\/11\\\/33788.jpg\",\"datePublished\":\"2020-11-04T12:12:37+00:00\",\"dateModified\":\"2025-05-22T10:20:55+00:00\",\"description\":\"Exquisite 22K Indian Bridal Necklace: Dazzling 22-carat gold necklace for radiant brides. A perfect blend of elegance and tradition. Shop now!\",\"breadcrumb\":{\"@id\":\"https:\\\/\\\/www.purejewels.com\\\/product\\\/22-carat-gold-indian-bridal-necklace-33295\\\/#breadcrumb\"},\"inLanguage\":\"tr\",\"potentialAction\":[{\"@type\":\"ReadAction\",\"target\":[\"https:\\\/\\\/www.purejewels.com\\\/product\\\/22-carat-gold-indian-bridal-necklace-33295\\\/\"]}]},{\"@type\":\"ImageObject\",\"inLanguage\":\"tr\",\"@id\":\"https:\\\/\\\/www.purejewels.com\\\/product\\\/22-carat-gold-indian-bridal-necklace-33295\\\/#primaryimage\",\"url\":\"https:\\\/\\\/static.purejewels.com\\\/wp-content\\\/uploads\\\/2020\\\/11\\\/33788.jpg\",\"contentUrl\":\"https:\\\/\\\/static.purejewels.com\\\/wp-content\\\/uploads\\\/2020\\\/11\\\/33788.jpg\",\"width\":1000,\"height\":1000,\"caption\":\"22 Carat Gold Indian Bridal Necklace\"},{\"@type\":\"BreadcrumbList\",\"@id\":\"https:\\\/\\\/www.purejewels.com\\\/product\\\/22-carat-gold-indian-bridal-necklace-33295\\\/#breadcrumb\",\"itemListElement\":[{\"@type\":\"ListItem\",\"position\":1,\"name\":\"Home\",\"item\":\"https:\\\/\\\/www.purejewels.com\\\/\"},{\"@type\":\"ListItem\",\"position\":2,\"name\":\"Shop\",\"item\":\"https:\\\/\\\/www.purejewels.com\\\/shop\\\/\"},{\"@type\":\"ListItem\",\"position\":3,\"name\":\"22 Carat Gold Indian Bridal Necklace | 30 Inches\"}]},{\"@type\":\"WebSite\",\"@id\":\"https:\\\/\\\/www.purejewels.com\\\/#website\",\"url\":\"https:\\\/\\\/www.purejewels.com\\\/\",\"name\":\"PureJewels UK\",\"description\":\"Share the Love\",\"publisher\":{\"@id\":\"https:\\\/\\\/www.purejewels.com\\\/#organization\"},\"potentialAction\":[{\"@type\":\"SearchAction\",\"target\":{\"@type\":\"EntryPoint\",\"urlTemplate\":\"https:\\\/\\\/www.purejewels.com\\\/?s={search_term_string}\"},\"query-input\":{\"@type\":\"PropertyValueSpecification\",\"valueRequired\":true,\"valueName\":\"search_term_string\"}}],\"inLanguage\":\"tr\"},{\"@type\":\"Organization\",\"@id\":\"https:\\\/\\\/www.purejewels.com\\\/#organization\",\"name\":\"PureJewels UK\",\"url\":\"https:\\\/\\\/www.purejewels.com\\\/\",\"logo\":{\"@type\":\"ImageObject\",\"inLanguage\":\"tr\",\"@id\":\"https:\\\/\\\/www.purejewels.com\\\/#\\\/schema\\\/logo\\\/image\\\/\",\"url\":\"https:\\\/\\\/static.purejewels.com\\\/wp-content\\\/uploads\\\/2020\\\/11\\\/Logo-PJ-New-1.png\",\"contentUrl\":\"https:\\\/\\\/static.purejewels.com\\\/wp-content\\\/uploads\\\/2020\\\/11\\\/Logo-PJ-New-1.png\",\"width\":150,\"height\":80,\"caption\":\"PureJewels UK\"},\"image\":{\"@id\":\"https:\\\/\\\/www.purejewels.com\\\/#\\\/schema\\\/logo\\\/image\\\/\"}}]}<\/script>\n<!-- \/ Yoast SEO plugin. -->","yoast_head_json":{"title":"G\u00fczel \u0130\u015flenmi\u015f Telkari Tasar\u0131ml\u0131 Uzun Kolye \u0130ngiltere","description":"Enfes 22 Ayar Hint Gelin Kolyesi: I\u015f\u0131lt\u0131l\u0131 gelinler i\u00e7in g\u00f6z kama\u015ft\u0131r\u0131c\u0131 22 ayar alt\u0131n kolye. Zarafet ve gelene\u011fin m\u00fckemmel bir kar\u0131\u015f\u0131m\u0131. \u015eimdi al\u0131\u015fveri\u015f yap\u0131n!","robots":{"index":"index","follow":"follow","max-snippet":"max-snippet:-1","max-image-preview":"max-image-preview:large","max-video-preview":"max-video-preview:-1"},"canonical":"https:\/\/www.purejewels.com\/tr\/urun\/22-ayar-altin-hint-gelin-kolyesi-33295\/","og_locale":"tr_TR","og_type":"article","og_title":"Long Necklace with Beautifully Crafted Filigree Design UK","og_description":"Exquisite 22K Indian Bridal Necklace: Dazzling 22-carat gold necklace for radiant brides. A perfect blend of elegance and tradition. Shop now!","og_url":"https:\/\/www.purejewels.com\/tr\/urun\/22-ayar-altin-hint-gelin-kolyesi-33295\/","og_site_name":"PureJewels UK","article_modified_time":"2025-05-22T10:20:55+00:00","og_image":[{"width":1000,"height":1000,"url":"https:\/\/www.purejewels.com\/wp-content\/uploads\/2020\/11\/33788.jpg","type":"image\/jpeg"}],"twitter_card":"summary_large_image","schema":{"@context":"https:\/\/schema.org","@graph":[{"@type":["WebPage","ItemPage"],"@id":"https:\/\/www.purejewels.com\/product\/22-carat-gold-indian-bridal-necklace-33295\/","url":"https:\/\/www.purejewels.com\/product\/22-carat-gold-indian-bridal-necklace-33295\/","name":"G\u00fczel \u0130\u015flenmi\u015f Telkari Tasar\u0131ml\u0131 Uzun Kolye \u0130ngiltere","isPartOf":{"@id":"https:\/\/www.purejewels.com\/#website"},"primaryImageOfPage":{"@id":"https:\/\/www.purejewels.com\/product\/22-carat-gold-indian-bridal-necklace-33295\/#primaryimage"},"image":{"@id":"https:\/\/www.purejewels.com\/product\/22-carat-gold-indian-bridal-necklace-33295\/#primaryimage"},"thumbnailUrl":"https:\/\/static.purejewels.com\/wp-content\/uploads\/2020\/11\/33788.jpg","datePublished":"2020-11-04T12:12:37+00:00","dateModified":"2025-05-22T10:20:55+00:00","description":"Enfes 22 Ayar Hint Gelin Kolyesi: I\u015f\u0131lt\u0131l\u0131 gelinler i\u00e7in g\u00f6z kama\u015ft\u0131r\u0131c\u0131 22 ayar alt\u0131n kolye. Zarafet ve gelene\u011fin m\u00fckemmel bir kar\u0131\u015f\u0131m\u0131. \u015eimdi al\u0131\u015fveri\u015f yap\u0131n!","breadcrumb":{"@id":"https:\/\/www.purejewels.com\/product\/22-carat-gold-indian-bridal-necklace-33295\/#breadcrumb"},"inLanguage":"tr","potentialAction":[{"@type":"ReadAction","target":["https:\/\/www.purejewels.com\/product\/22-carat-gold-indian-bridal-necklace-33295\/"]}]},{"@type":"ImageObject","inLanguage":"tr","@id":"https:\/\/www.purejewels.com\/product\/22-carat-gold-indian-bridal-necklace-33295\/#primaryimage","url":"https:\/\/static.purejewels.com\/wp-content\/uploads\/2020\/11\/33788.jpg","contentUrl":"https:\/\/static.purejewels.com\/wp-content\/uploads\/2020\/11\/33788.jpg","width":1000,"height":1000,"caption":"22 Carat Gold Indian Bridal Necklace"},{"@type":"BreadcrumbList","@id":"https:\/\/www.purejewels.com\/product\/22-carat-gold-indian-bridal-necklace-33295\/#breadcrumb","itemListElement":[{"@type":"ListItem","position":1,"name":"Home","item":"https:\/\/www.purejewels.com\/"},{"@type":"ListItem","position":2,"name":"Shop","item":"https:\/\/www.purejewels.com\/shop\/"},{"@type":"ListItem","position":3,"name":"22 Carat Gold Indian Bridal Necklace | 30 Inches"}]},{"@type":"WebSite","@id":"https:\/\/www.purejewels.com\/#website","url":"https:\/\/www.purejewels.com\/","name":"PureJewels \u0130ngiltere","description":"Sevgiyi Payla\u015f\u0131n","publisher":{"@id":"https:\/\/www.purejewels.com\/#organization"},"potentialAction":[{"@type":"SearchAction","target":{"@type":"EntryPoint","urlTemplate":"https:\/\/www.purejewels.com\/?s={search_term_string}"},"query-input":{"@type":"PropertyValueSpecification","valueRequired":true,"valueName":"search_term_string"}}],"inLanguage":"tr"},{"@type":"Organization","@id":"https:\/\/www.purejewels.com\/#organization","name":"PureJewels \u0130ngiltere","url":"https:\/\/www.purejewels.com\/","logo":{"@type":"ImageObject","inLanguage":"tr","@id":"https:\/\/www.purejewels.com\/#\/schema\/logo\/image\/","url":"https:\/\/static.purejewels.com\/wp-content\/uploads\/2020\/11\/Logo-PJ-New-1.png","contentUrl":"https:\/\/static.purejewels.com\/wp-content\/uploads\/2020\/11\/Logo-PJ-New-1.png","width":150,"height":80,"caption":"PureJewels UK"},"image":{"@id":"https:\/\/www.purejewels.com\/#\/schema\/logo\/image\/"}}]}},"_links":{"self":[{"href":"https:\/\/www.purejewels.com\/tr\/wp-json\/wp\/v2\/product\/318827","targetHints":{"allow":["GET"]}}],"collection":[{"href":"https:\/\/www.purejewels.com\/tr\/wp-json\/wp\/v2\/product"}],"about":[{"href":"https:\/\/www.purejewels.com\/tr\/wp-json\/wp\/v2\/types\/product"}],"replies":[{"embeddable":true,"href":"https:\/\/www.purejewels.com\/tr\/wp-json\/wp\/v2\/comments?post=318827"}],"version-history":[{"count":3,"href":"https:\/\/www.purejewels.com\/tr\/wp-json\/wp\/v2\/product\/318827\/revisions"}],"predecessor-version":[{"id":389674,"href":"https:\/\/www.purejewels.com\/tr\/wp-json\/wp\/v2\/product\/318827\/revisions\/389674"}],"wp:featuredmedia":[{"embeddable":true,"href":"https:\/\/www.purejewels.com\/tr\/wp-json\/wp\/v2\/media\/348105"}],"wp:attachment":[{"href":"https:\/\/www.purejewels.com\/tr\/wp-json\/wp\/v2\/media?parent=318827"}],"wp:term":[{"taxonomy":"product_brand","embeddable":true,"href":"https:\/\/www.purejewels.com\/tr\/wp-json\/wp\/v2\/product_brand?post=318827"},{"taxonomy":"product_cat","embeddable":true,"href":"https:\/\/www.purejewels.com\/tr\/wp-json\/wp\/v2\/product_cat?post=318827"},{"taxonomy":"product_tag","embeddable":true,"href":"https:\/\/www.purejewels.com\/tr\/wp-json\/wp\/v2\/product_tag?post=318827"}],"curies":[{"name":"wp","href":"https:\/\/api.w.org\/{rel}","templated":true}]}}