{"id":318843,"date":"2020-11-05T05:07:54","date_gmt":"2020-11-05T05:07:54","guid":{"rendered":"https:\/\/www.purejewels.com\/product\/jali-collection-22ct-gold-earring-12-6gm\/"},"modified":"2026-01-06T06:59:03","modified_gmt":"2026-01-06T06:59:03","slug":"22-ayar-altin-hint-gelin-kupesi-26370","status":"publish","type":"product","link":"https:\/\/www.purejewels.com\/tr\/product\/22ct-gold-indian-bridal-earring-26370\/","title":{"rendered":"22 ayar alt\u0131n Jali telkari gelin k\u00fcpeleri"},"content":{"rendered":"<p><strong>Tasar\u0131m Konsepti<\/strong><br \/>\nBu 22 Ayar Alt\u0131n Hint Gelin K\u00fcpeleri, d\u00fc\u011f\u00fcn g\u00fcn\u00fcn\u00fcz i\u00e7in ger\u00e7ek bir ifade par\u00e7as\u0131 olarak tasarlanm\u0131\u015f olup, gelin g\u00f6r\u00fcn\u00fcm\u00fcn\u00fcz\u00fc l\u00fcks ve zarafetle tamamlamak i\u00e7in tasarlanm\u0131\u015ft\u0131r. Zengin 22 ayar sar\u0131 alt\u0131ndan \u00fcretilen ve 12,6 gram a\u011f\u0131rl\u0131\u011f\u0131nda olan bu k\u00fcpeler, bask\u0131nl\u0131k hissi vermeden g\u00fczel bir duru\u015f sergiliyor. Jali Telkari Koleksiyonumuza ait karma\u015f\u0131k desenler, geleneksel ajur detaylar\u0131n\u0131 ve klasik Hint zarafetini \u00f6zel g\u00fcn\u00fcn\u00fcze ta\u015f\u0131yor.<\/p>\n<p><strong>Zanaatkarl\u0131k<\/strong><br \/>\nHer bir \u00e7ift y\u00fcksek safl\u0131kta 22 ayar alt\u0131ndan titizlikle \u00fcretilmi\u015f ve Londra Tahlil Ofisi taraf\u0131ndan damgalanarak her bir par\u00e7an\u0131n \u00f6zg\u00fcnl\u00fc\u011f\u00fc ve kalitesi garanti alt\u0131na al\u0131nm\u0131\u015ft\u0131r. Narin telkari i\u015f\u00e7ili\u011fi, tasar\u0131m\u0131n derinli\u011fini ve dokusunu geli\u015ftirerek siz hareket ettik\u00e7e \u0131\u015f\u0131\u011f\u0131 yakalar.<\/p>\n<p><strong>Stil Fikirleri<\/strong><br \/>\nBu k\u00fcpeleri gelin tak\u0131m\u0131n\u0131z\u0131n kahraman\u0131 olarak tak\u0131n, tamamlay\u0131c\u0131 bir maang tikka, kolye veya bileziklerle e\u015fle\u015ftirerek uyumlu bir Hint gelin g\u00f6r\u00fcn\u00fcm\u00fc elde edin. Hem geleneksel hem de \u00e7a\u011fda\u015f k\u0131yafetlere zarif bir \u0131\u015f\u0131lt\u0131 katarak lehengalar, sareeler veya resepsiyon elbiseleri ile g\u00fczel bir uyum sa\u011flarlar. Yumu\u015fak bir \u015fekilde tutturulmu\u015f bir sa\u00e7 modeliyle y\u00fcz\u00fcn\u00fcz\u00fc \u00e7er\u00e7evelemelerine izin verin ve size her zaman d\u00fc\u011f\u00fcn g\u00fcn\u00fcn\u00fcz\u00fcn zarafetini ve kutlamas\u0131n\u0131 hat\u0131rlatacak bir \u00e7ift k\u00fcpe se\u00e7ti\u011finizi bilin.<\/p>","protected":false},"excerpt":{"rendered":"<p>Geleneksel 22 ayar alt\u0131n damla k\u00fcpeler, detayl\u0131 jali telkari desenlerle s\u00fcslenmi\u015f ve b\u00fcy\u00fcleyici bir sallant\u0131l\u0131 vurgu ile tamamlanm\u0131\u015ft\u0131r \u2014 d\u00fc\u011f\u00fcnler ve \u015fenlikli k\u0131yafetler i\u00e7in m\u00fckemmeldir.<\/p>\n<ul>\n<li>22 Ayar Alt\u0131n Hint Gelin K\u00fcpesi<\/li>\n<li>22 Ayar Sar\u0131 Alt\u0131ndan \u00dcretilmi\u015ftir<\/li>\n<li>A\u011f\u0131rl\u0131k 12.6 gms<\/li>\n<li>Sku 26370<\/li>\n<li>T\u00fcm fiyatlara KDV dahildir<\/li>\n<li>T\u00fcm \u00fcr\u00fcnlerimiz London Assay Office taraf\u0131ndan damgalanm\u0131\u015ft\u0131r<\/li>\n<li>T\u00fcm setler sunum kutusu ile birlikte gelir<\/li>\n<li>Teslimat Dahil<\/li>\n<li>Stok durumu ve stokta bulunan benzer tasar\u0131mlar\u0131n daha fazla g\u00f6r\u00fcnt\u00fcs\u00fc i\u00e7in bizimle canl\u0131 sohbet edin<\/li>\n<\/ul>","protected":false},"featured_media":318991,"comment_status":"closed","ping_status":"closed","template":"","meta":{"_eb_attr":"","_crsspst_to_jayantr4sg-hostcom":true},"product_brand":[],"product_cat":[5315,1685,1254,252,1574],"product_tag":[],"class_list":{"0":"post-318843","1":"product","2":"type-product","3":"status-publish","4":"has-post-thumbnail","6":"product_cat-bridal-and-wedding-earrings","7":"product_cat-drop-earrings","8":"product_cat-gold-earrings","9":"product_cat-jali-collections","10":"product_cat-womens-jewellery","12":"first","13":"outofstock","14":"sale","15":"taxable","16":"shipping-taxable","17":"product-type-simple","18":"add-to-wishlist-before_image"},"yoast_head":"<!-- This site is optimized with the Yoast SEO plugin v27.3 - https:\/\/yoast.com\/product\/yoast-seo-wordpress\/ -->\n<title>22ct Jali Filigree Teardrop Earrings | Elegant Traditional Design<\/title>\n<meta name=\"description\" content=\"Discover 22ct gold jali filigree teardrop earrings featuring intricate latticework and drop charm \u2014 a graceful blend of traditional elegance and artisanal mastery.\" \/>\n<meta name=\"robots\" content=\"index, follow, max-snippet:-1, max-image-preview:large, max-video-preview:-1\" \/>\n<link rel=\"canonical\" href=\"https:\/\/www.purejewels.com\/tr\/urun\/22-ayar-altin-hint-gelin-kupesi-26370\/\" \/>\n<meta property=\"og:locale\" content=\"tr_TR\" \/>\n<meta property=\"og:type\" content=\"article\" \/>\n<meta property=\"og:title\" content=\"22ct Jali Filigree Teardrop Earrings | Elegant Traditional Design\" \/>\n<meta property=\"og:description\" content=\"Discover 22ct gold jali filigree teardrop earrings featuring intricate latticework and drop charm \u2014 a graceful blend of traditional elegance and artisanal mastery.\" \/>\n<meta property=\"og:url\" content=\"https:\/\/www.purejewels.com\/tr\/urun\/22-ayar-altin-hint-gelin-kupesi-26370\/\" \/>\n<meta property=\"og:site_name\" content=\"PureJewels UK\" \/>\n<meta property=\"article:modified_time\" content=\"2026-01-06T06:59:03+00:00\" \/>\n<meta property=\"og:image\" content=\"https:\/\/static.purejewels.com\/wp-content\/uploads\/2020\/11\/image191272423.jpg\" \/>\n\t<meta property=\"og:image:width\" content=\"1000\" \/>\n\t<meta property=\"og:image:height\" content=\"1000\" \/>\n\t<meta property=\"og:image:type\" content=\"image\/jpeg\" \/>\n<meta name=\"twitter:card\" content=\"summary_large_image\" \/>\n<meta name=\"twitter:label1\" content=\"Tahmini okuma s\u00fcresi\" \/>\n\t<meta name=\"twitter:data1\" content=\"2 dakika\" \/>\n<script type=\"application\/ld+json\" class=\"yoast-schema-graph\">{\"@context\":\"https:\\\/\\\/schema.org\",\"@graph\":[{\"@type\":[\"WebPage\",\"ItemPage\"],\"@id\":\"https:\\\/\\\/www.purejewels.com\\\/product\\\/22ct-gold-indian-bridal-earring-26370\\\/\",\"url\":\"https:\\\/\\\/www.purejewels.com\\\/product\\\/22ct-gold-indian-bridal-earring-26370\\\/\",\"name\":\"22ct Jali Filigree Teardrop Earrings | Elegant Traditional Design\",\"isPartOf\":{\"@id\":\"https:\\\/\\\/www.purejewels.com\\\/#website\"},\"primaryImageOfPage\":{\"@id\":\"https:\\\/\\\/www.purejewels.com\\\/product\\\/22ct-gold-indian-bridal-earring-26370\\\/#primaryimage\"},\"image\":{\"@id\":\"https:\\\/\\\/www.purejewels.com\\\/product\\\/22ct-gold-indian-bridal-earring-26370\\\/#primaryimage\"},\"thumbnailUrl\":\"https:\\\/\\\/static.purejewels.com\\\/wp-content\\\/uploads\\\/2020\\\/11\\\/image191272423.jpg\",\"datePublished\":\"2020-11-05T05:07:54+00:00\",\"dateModified\":\"2026-01-06T06:59:03+00:00\",\"description\":\"Discover 22ct gold jali filigree teardrop earrings featuring intricate latticework and drop charm \u2014 a graceful blend of traditional elegance and artisanal mastery.\",\"breadcrumb\":{\"@id\":\"https:\\\/\\\/www.purejewels.com\\\/product\\\/22ct-gold-indian-bridal-earring-26370\\\/#breadcrumb\"},\"inLanguage\":\"tr\",\"potentialAction\":[{\"@type\":\"ReadAction\",\"target\":[\"https:\\\/\\\/www.purejewels.com\\\/product\\\/22ct-gold-indian-bridal-earring-26370\\\/\"]}]},{\"@type\":\"ImageObject\",\"inLanguage\":\"tr\",\"@id\":\"https:\\\/\\\/www.purejewels.com\\\/product\\\/22ct-gold-indian-bridal-earring-26370\\\/#primaryimage\",\"url\":\"https:\\\/\\\/static.purejewels.com\\\/wp-content\\\/uploads\\\/2020\\\/11\\\/image191272423.jpg\",\"contentUrl\":\"https:\\\/\\\/static.purejewels.com\\\/wp-content\\\/uploads\\\/2020\\\/11\\\/image191272423.jpg\",\"width\":1000,\"height\":1000,\"caption\":\"Jali Collection 22ct Gold Earring-26370\"},{\"@type\":\"BreadcrumbList\",\"@id\":\"https:\\\/\\\/www.purejewels.com\\\/product\\\/22ct-gold-indian-bridal-earring-26370\\\/#breadcrumb\",\"itemListElement\":[{\"@type\":\"ListItem\",\"position\":1,\"name\":\"Home\",\"item\":\"https:\\\/\\\/www.purejewels.com\\\/\"},{\"@type\":\"ListItem\",\"position\":2,\"name\":\"Shop\",\"item\":\"https:\\\/\\\/www.purejewels.com\\\/shop\\\/\"},{\"@type\":\"ListItem\",\"position\":3,\"name\":\"22ct Gold Jali Filigree Bridal Earrings\"}]},{\"@type\":\"WebSite\",\"@id\":\"https:\\\/\\\/www.purejewels.com\\\/#website\",\"url\":\"https:\\\/\\\/www.purejewels.com\\\/\",\"name\":\"PureJewels UK\",\"description\":\"Share the Love\",\"publisher\":{\"@id\":\"https:\\\/\\\/www.purejewels.com\\\/#organization\"},\"potentialAction\":[{\"@type\":\"SearchAction\",\"target\":{\"@type\":\"EntryPoint\",\"urlTemplate\":\"https:\\\/\\\/www.purejewels.com\\\/?s={search_term_string}\"},\"query-input\":{\"@type\":\"PropertyValueSpecification\",\"valueRequired\":true,\"valueName\":\"search_term_string\"}}],\"inLanguage\":\"tr\"},{\"@type\":\"Organization\",\"@id\":\"https:\\\/\\\/www.purejewels.com\\\/#organization\",\"name\":\"PureJewels UK\",\"url\":\"https:\\\/\\\/www.purejewels.com\\\/\",\"logo\":{\"@type\":\"ImageObject\",\"inLanguage\":\"tr\",\"@id\":\"https:\\\/\\\/www.purejewels.com\\\/#\\\/schema\\\/logo\\\/image\\\/\",\"url\":\"https:\\\/\\\/static.purejewels.com\\\/wp-content\\\/uploads\\\/2020\\\/11\\\/Logo-PJ-New-1.png\",\"contentUrl\":\"https:\\\/\\\/static.purejewels.com\\\/wp-content\\\/uploads\\\/2020\\\/11\\\/Logo-PJ-New-1.png\",\"width\":150,\"height\":80,\"caption\":\"PureJewels UK\"},\"image\":{\"@id\":\"https:\\\/\\\/www.purejewels.com\\\/#\\\/schema\\\/logo\\\/image\\\/\"}}]}<\/script>\n<!-- \/ Yoast SEO plugin. -->","yoast_head_json":{"title":"22 ayar Jali Filigran Damla K\u00fcpe | Zarif Geleneksel Tasar\u0131m","description":"Geleneksel zarafet ve zanaatkar ustal\u0131\u011f\u0131n\u0131n zarif bir kar\u0131\u015f\u0131m\u0131 olan, karma\u015f\u0131k kafes i\u015f\u00e7ili\u011fi ve damla charm'\u0131 ile 22 ayar alt\u0131n jali telkari damla k\u00fcpeleri ke\u015ffedin.","robots":{"index":"index","follow":"follow","max-snippet":"max-snippet:-1","max-image-preview":"max-image-preview:large","max-video-preview":"max-video-preview:-1"},"canonical":"https:\/\/www.purejewels.com\/tr\/urun\/22-ayar-altin-hint-gelin-kupesi-26370\/","og_locale":"tr_TR","og_type":"article","og_title":"22ct Jali Filigree Teardrop Earrings | Elegant Traditional Design","og_description":"Discover 22ct gold jali filigree teardrop earrings featuring intricate latticework and drop charm \u2014 a graceful blend of traditional elegance and artisanal mastery.","og_url":"https:\/\/www.purejewels.com\/tr\/urun\/22-ayar-altin-hint-gelin-kupesi-26370\/","og_site_name":"PureJewels UK","article_modified_time":"2026-01-06T06:59:03+00:00","og_image":[{"width":1000,"height":1000,"url":"https:\/\/static.purejewels.com\/wp-content\/uploads\/2020\/11\/image191272423.jpg","type":"image\/jpeg"}],"twitter_card":"summary_large_image","twitter_misc":{"Tahmini okuma s\u00fcresi":"2 dakika"},"schema":{"@context":"https:\/\/schema.org","@graph":[{"@type":["WebPage","ItemPage"],"@id":"https:\/\/www.purejewels.com\/product\/22ct-gold-indian-bridal-earring-26370\/","url":"https:\/\/www.purejewels.com\/product\/22ct-gold-indian-bridal-earring-26370\/","name":"22 ayar Jali Filigran Damla K\u00fcpe | Zarif Geleneksel Tasar\u0131m","isPartOf":{"@id":"https:\/\/www.purejewels.com\/#website"},"primaryImageOfPage":{"@id":"https:\/\/www.purejewels.com\/product\/22ct-gold-indian-bridal-earring-26370\/#primaryimage"},"image":{"@id":"https:\/\/www.purejewels.com\/product\/22ct-gold-indian-bridal-earring-26370\/#primaryimage"},"thumbnailUrl":"https:\/\/static.purejewels.com\/wp-content\/uploads\/2020\/11\/image191272423.jpg","datePublished":"2020-11-05T05:07:54+00:00","dateModified":"2026-01-06T06:59:03+00:00","description":"Geleneksel zarafet ve zanaatkar ustal\u0131\u011f\u0131n\u0131n zarif bir kar\u0131\u015f\u0131m\u0131 olan, karma\u015f\u0131k kafes i\u015f\u00e7ili\u011fi ve damla charm'\u0131 ile 22 ayar alt\u0131n jali telkari damla k\u00fcpeleri ke\u015ffedin.","breadcrumb":{"@id":"https:\/\/www.purejewels.com\/product\/22ct-gold-indian-bridal-earring-26370\/#breadcrumb"},"inLanguage":"tr","potentialAction":[{"@type":"ReadAction","target":["https:\/\/www.purejewels.com\/product\/22ct-gold-indian-bridal-earring-26370\/"]}]},{"@type":"ImageObject","inLanguage":"tr","@id":"https:\/\/www.purejewels.com\/product\/22ct-gold-indian-bridal-earring-26370\/#primaryimage","url":"https:\/\/static.purejewels.com\/wp-content\/uploads\/2020\/11\/image191272423.jpg","contentUrl":"https:\/\/static.purejewels.com\/wp-content\/uploads\/2020\/11\/image191272423.jpg","width":1000,"height":1000,"caption":"Jali Collection 22ct Gold Earring-26370"},{"@type":"BreadcrumbList","@id":"https:\/\/www.purejewels.com\/product\/22ct-gold-indian-bridal-earring-26370\/#breadcrumb","itemListElement":[{"@type":"ListItem","position":1,"name":"Home","item":"https:\/\/www.purejewels.com\/"},{"@type":"ListItem","position":2,"name":"Shop","item":"https:\/\/www.purejewels.com\/shop\/"},{"@type":"ListItem","position":3,"name":"22ct Gold Jali Filigree Bridal Earrings"}]},{"@type":"WebSite","@id":"https:\/\/www.purejewels.com\/#website","url":"https:\/\/www.purejewels.com\/","name":"PureJewels \u0130ngiltere","description":"Sevgiyi Payla\u015f\u0131n","publisher":{"@id":"https:\/\/www.purejewels.com\/#organization"},"potentialAction":[{"@type":"SearchAction","target":{"@type":"EntryPoint","urlTemplate":"https:\/\/www.purejewels.com\/?s={search_term_string}"},"query-input":{"@type":"PropertyValueSpecification","valueRequired":true,"valueName":"search_term_string"}}],"inLanguage":"tr"},{"@type":"Organization","@id":"https:\/\/www.purejewels.com\/#organization","name":"PureJewels \u0130ngiltere","url":"https:\/\/www.purejewels.com\/","logo":{"@type":"ImageObject","inLanguage":"tr","@id":"https:\/\/www.purejewels.com\/#\/schema\/logo\/image\/","url":"https:\/\/static.purejewels.com\/wp-content\/uploads\/2020\/11\/Logo-PJ-New-1.png","contentUrl":"https:\/\/static.purejewels.com\/wp-content\/uploads\/2020\/11\/Logo-PJ-New-1.png","width":150,"height":80,"caption":"PureJewels UK"},"image":{"@id":"https:\/\/www.purejewels.com\/#\/schema\/logo\/image\/"}}]}},"_links":{"self":[{"href":"https:\/\/www.purejewels.com\/tr\/wp-json\/wp\/v2\/product\/318843","targetHints":{"allow":["GET"]}}],"collection":[{"href":"https:\/\/www.purejewels.com\/tr\/wp-json\/wp\/v2\/product"}],"about":[{"href":"https:\/\/www.purejewels.com\/tr\/wp-json\/wp\/v2\/types\/product"}],"replies":[{"embeddable":true,"href":"https:\/\/www.purejewels.com\/tr\/wp-json\/wp\/v2\/comments?post=318843"}],"version-history":[{"count":4,"href":"https:\/\/www.purejewels.com\/tr\/wp-json\/wp\/v2\/product\/318843\/revisions"}],"predecessor-version":[{"id":423899,"href":"https:\/\/www.purejewels.com\/tr\/wp-json\/wp\/v2\/product\/318843\/revisions\/423899"}],"wp:featuredmedia":[{"embeddable":true,"href":"https:\/\/www.purejewels.com\/tr\/wp-json\/wp\/v2\/media\/318991"}],"wp:attachment":[{"href":"https:\/\/www.purejewels.com\/tr\/wp-json\/wp\/v2\/media?parent=318843"}],"wp:term":[{"taxonomy":"product_brand","embeddable":true,"href":"https:\/\/www.purejewels.com\/tr\/wp-json\/wp\/v2\/product_brand?post=318843"},{"taxonomy":"product_cat","embeddable":true,"href":"https:\/\/www.purejewels.com\/tr\/wp-json\/wp\/v2\/product_cat?post=318843"},{"taxonomy":"product_tag","embeddable":true,"href":"https:\/\/www.purejewels.com\/tr\/wp-json\/wp\/v2\/product_tag?post=318843"}],"curies":[{"name":"wp","href":"https:\/\/api.w.org\/{rel}","templated":true}]}}