{"id":318855,"date":"2020-11-05T06:01:28","date_gmt":"2020-11-05T06:01:28","guid":{"rendered":"https:\/\/www.purejewels.com\/product\/22ct-gold-pendant-4-9gm\/"},"modified":"2026-01-06T07:29:52","modified_gmt":"2026-01-06T07:29:52","slug":"lord-sri-krishna-altin-kolye-33076","status":"publish","type":"product","link":"https:\/\/www.purejewels.com\/tr\/product\/lord-sri-krishna-gold-pendant-33076\/","title":{"rendered":"22 Ayar Alt\u0131n Krishna Gopala Mineli Kolye"},"content":{"rendered":"<p data-start=\"365\" data-end=\"670\">22 ayar alt\u0131ndan Krishna Gopala Mineli Kolye, Lord Krishna'n\u0131n ine\u011fiyle birlikte ayakta durdu\u011fu, koruma, ba\u011fl\u0131l\u0131k ve \u015fefkati simgeleyen, elle boyanm\u0131\u015f dingin bir sahneyi yans\u0131t\u0131yor. Dokulu bir alt\u0131n bord\u00fcrle \u00e7er\u00e7evelenen minyat\u00fcr sanat eseri, geleneksel emaye renkleriyle zengin bir \u015fekilde detayland\u0131r\u0131lm\u0131\u015ft\u0131r.<\/p>\n<p data-start=\"672\" data-end=\"950\" data-is-last-node=\"\" data-is-only-node=\"\">Y\u00fcksek safl\u0131kta 22 ayar alt\u0131ndan \u00fcretilen kolye ucu s\u0131cak, parlak bir y\u00fczeye ve g\u00f6\u011fse d\u00fczg\u00fcn bir \u015fekilde oturan klasik oval bir siluete sahiptir. \u0130nanc\u0131n\u0131z\u0131n ki\u015fisel bir ifadesi olarak her g\u00fcn tak\u0131n veya do\u011fum g\u00fcnleri, festivaller ve u\u011furlu g\u00fcnlerde anlaml\u0131 bir hat\u0131ra olarak hediye edin.<\/p>","protected":false},"excerpt":{"rendered":"<p>&nbsp;<\/p>\n<ul>\n<li>Lord Sri Krishna Alt\u0131n Kolye<\/li>\n<li>22 kt sar\u0131 Hint alt\u0131n\u0131ndan<\/li>\n<li>A\u011f\u0131rl\u0131k 4,9 gms<\/li>\n<li>SKU. 33076<\/li>\n<li>Uzunluk 1 \u0130n\u00e7<\/li>\n<li>Zincir dahil de\u011fildir<\/li>\n<li>Resimde g\u00f6sterilen zincir bir\u00a0<strong>Kutu Zincir<\/strong><\/li>\n<li>T\u00fcm \u00fcr\u00fcnlerimiz London Assay Office taraf\u0131ndan damgalanm\u0131\u015ft\u0131r<\/li>\n<li>Sunum Kutusu ile Birlikte Gelir<\/li>\n<li>Teslimat Dahil<\/li>\n<li>T\u00fcm fiyatlara KDV dahildir<\/li>\n<li>\u015eu anda stokta bulunan Hindu Dini Kolyelerin stok durumu ve daha fazla g\u00f6rsel i\u00e7in bizimle canl\u0131 sohbet edin<\/li>\n<\/ul>\n<p>&nbsp;<\/p>","protected":false},"featured_media":319213,"comment_status":"closed","ping_status":"closed","template":"","meta":{"_eb_attr":"","_crsspst_to_jayantr4sg-hostcom":true},"product_brand":[],"product_cat":[1255,5344,1572,1701],"product_tag":[],"class_list":{"0":"post-318855","1":"product","2":"type-product","3":"status-publish","4":"has-post-thumbnail","6":"product_cat-gold-pendants","7":"product_cat-jewellery-under-750","8":"product_cat-mens-jewellery","9":"product_cat-religious-pendants","11":"first","12":"outofstock","13":"taxable","14":"shipping-taxable","15":"product-type-simple","16":"add-to-wishlist-before_image"},"yoast_head":"<!-- This site is optimized with the Yoast SEO plugin v27.3 - https:\/\/yoast.com\/product\/yoast-seo-wordpress\/ -->\n<title>Krishna Gopala Enamel Pendant in 22ct Gold | PureJewels<\/title>\n<meta name=\"description\" content=\"Krishna Gopala enamel pendant in 22ct gold, featuring a hand-painted scene of Lord Krishna with cow, crafted for devotional daily wear and gifting.\" \/>\n<meta name=\"robots\" content=\"index, follow, max-snippet:-1, max-image-preview:large, max-video-preview:-1\" \/>\n<link rel=\"canonical\" href=\"https:\/\/www.purejewels.com\/tr\/urun\/lord-sri-krishna-altin-kolye-33076\/\" \/>\n<meta property=\"og:locale\" content=\"tr_TR\" \/>\n<meta property=\"og:type\" content=\"article\" \/>\n<meta property=\"og:title\" content=\"Krishna Gopala Enamel Pendant in 22ct Gold | PureJewels\" \/>\n<meta property=\"og:description\" content=\"Krishna Gopala enamel pendant in 22ct gold, featuring a hand-painted scene of Lord Krishna with cow, crafted for devotional daily wear and gifting.\" \/>\n<meta property=\"og:url\" content=\"https:\/\/www.purejewels.com\/tr\/urun\/lord-sri-krishna-altin-kolye-33076\/\" \/>\n<meta property=\"og:site_name\" content=\"PureJewels UK\" \/>\n<meta property=\"article:modified_time\" content=\"2026-01-06T07:29:52+00:00\" \/>\n<meta property=\"og:image\" content=\"https:\/\/www.purejewels.com\/wp-content\/uploads\/2020\/11\/image191408269.jpg\" \/>\n\t<meta property=\"og:image:width\" content=\"1000\" \/>\n\t<meta property=\"og:image:height\" content=\"1000\" \/>\n\t<meta property=\"og:image:type\" content=\"image\/jpeg\" \/>\n<meta name=\"twitter:card\" content=\"summary_large_image\" \/>\n<meta name=\"twitter:label1\" content=\"Tahmini okuma s\u00fcresi\" \/>\n\t<meta name=\"twitter:data1\" content=\"1 dakika\" \/>\n<script type=\"application\/ld+json\" class=\"yoast-schema-graph\">{\"@context\":\"https:\\\/\\\/schema.org\",\"@graph\":[{\"@type\":[\"WebPage\",\"ItemPage\"],\"@id\":\"https:\\\/\\\/www.purejewels.com\\\/product\\\/lord-sri-krishna-gold-pendant-33076\\\/\",\"url\":\"https:\\\/\\\/www.purejewels.com\\\/product\\\/lord-sri-krishna-gold-pendant-33076\\\/\",\"name\":\"Krishna Gopala Enamel Pendant in 22ct Gold | PureJewels\",\"isPartOf\":{\"@id\":\"https:\\\/\\\/www.purejewels.com\\\/#website\"},\"primaryImageOfPage\":{\"@id\":\"https:\\\/\\\/www.purejewels.com\\\/product\\\/lord-sri-krishna-gold-pendant-33076\\\/#primaryimage\"},\"image\":{\"@id\":\"https:\\\/\\\/www.purejewels.com\\\/product\\\/lord-sri-krishna-gold-pendant-33076\\\/#primaryimage\"},\"thumbnailUrl\":\"https:\\\/\\\/static.purejewels.com\\\/wp-content\\\/uploads\\\/2020\\\/11\\\/image191408269.jpg\",\"datePublished\":\"2020-11-05T06:01:28+00:00\",\"dateModified\":\"2026-01-06T07:29:52+00:00\",\"description\":\"Krishna Gopala enamel pendant in 22ct gold, featuring a hand-painted scene of Lord Krishna with cow, crafted for devotional daily wear and gifting.\",\"breadcrumb\":{\"@id\":\"https:\\\/\\\/www.purejewels.com\\\/product\\\/lord-sri-krishna-gold-pendant-33076\\\/#breadcrumb\"},\"inLanguage\":\"tr\",\"potentialAction\":[{\"@type\":\"ReadAction\",\"target\":[\"https:\\\/\\\/www.purejewels.com\\\/product\\\/lord-sri-krishna-gold-pendant-33076\\\/\"]}]},{\"@type\":\"ImageObject\",\"inLanguage\":\"tr\",\"@id\":\"https:\\\/\\\/www.purejewels.com\\\/product\\\/lord-sri-krishna-gold-pendant-33076\\\/#primaryimage\",\"url\":\"https:\\\/\\\/static.purejewels.com\\\/wp-content\\\/uploads\\\/2020\\\/11\\\/image191408269.jpg\",\"contentUrl\":\"https:\\\/\\\/static.purejewels.com\\\/wp-content\\\/uploads\\\/2020\\\/11\\\/image191408269.jpg\",\"width\":1000,\"height\":1000},{\"@type\":\"BreadcrumbList\",\"@id\":\"https:\\\/\\\/www.purejewels.com\\\/product\\\/lord-sri-krishna-gold-pendant-33076\\\/#breadcrumb\",\"itemListElement\":[{\"@type\":\"ListItem\",\"position\":1,\"name\":\"Home\",\"item\":\"https:\\\/\\\/www.purejewels.com\\\/\"},{\"@type\":\"ListItem\",\"position\":2,\"name\":\"Shop\",\"item\":\"https:\\\/\\\/www.purejewels.com\\\/shop\\\/\"},{\"@type\":\"ListItem\",\"position\":3,\"name\":\"Krishna Gopala Enamel Pendant in 22ct Gold\"}]},{\"@type\":\"WebSite\",\"@id\":\"https:\\\/\\\/www.purejewels.com\\\/#website\",\"url\":\"https:\\\/\\\/www.purejewels.com\\\/\",\"name\":\"PureJewels UK\",\"description\":\"Share the Love\",\"publisher\":{\"@id\":\"https:\\\/\\\/www.purejewels.com\\\/#organization\"},\"potentialAction\":[{\"@type\":\"SearchAction\",\"target\":{\"@type\":\"EntryPoint\",\"urlTemplate\":\"https:\\\/\\\/www.purejewels.com\\\/?s={search_term_string}\"},\"query-input\":{\"@type\":\"PropertyValueSpecification\",\"valueRequired\":true,\"valueName\":\"search_term_string\"}}],\"inLanguage\":\"tr\"},{\"@type\":\"Organization\",\"@id\":\"https:\\\/\\\/www.purejewels.com\\\/#organization\",\"name\":\"PureJewels UK\",\"url\":\"https:\\\/\\\/www.purejewels.com\\\/\",\"logo\":{\"@type\":\"ImageObject\",\"inLanguage\":\"tr\",\"@id\":\"https:\\\/\\\/www.purejewels.com\\\/#\\\/schema\\\/logo\\\/image\\\/\",\"url\":\"https:\\\/\\\/static.purejewels.com\\\/wp-content\\\/uploads\\\/2020\\\/11\\\/Logo-PJ-New-1.png\",\"contentUrl\":\"https:\\\/\\\/static.purejewels.com\\\/wp-content\\\/uploads\\\/2020\\\/11\\\/Logo-PJ-New-1.png\",\"width\":150,\"height\":80,\"caption\":\"PureJewels UK\"},\"image\":{\"@id\":\"https:\\\/\\\/www.purejewels.com\\\/#\\\/schema\\\/logo\\\/image\\\/\"}}]}<\/script>\n<!-- \/ Yoast SEO plugin. -->","yoast_head_json":{"title":"Krishna Gopala Emaye Kolye 22 Ayar Alt\u0131n | PureJewels","description":"Lord Krishna'n\u0131n inekle birlikte elle boyanm\u0131\u015f bir sahnesini i\u00e7eren 22 ayar alt\u0131ndan Krishna Gopala emaye kolye ucu, adanm\u0131\u015fl\u0131k ama\u00e7l\u0131 g\u00fcnl\u00fck kullan\u0131m ve hediye i\u00e7in haz\u0131rlanm\u0131\u015ft\u0131r.","robots":{"index":"index","follow":"follow","max-snippet":"max-snippet:-1","max-image-preview":"max-image-preview:large","max-video-preview":"max-video-preview:-1"},"canonical":"https:\/\/www.purejewels.com\/tr\/urun\/lord-sri-krishna-altin-kolye-33076\/","og_locale":"tr_TR","og_type":"article","og_title":"Krishna Gopala Enamel Pendant in 22ct Gold | PureJewels","og_description":"Krishna Gopala enamel pendant in 22ct gold, featuring a hand-painted scene of Lord Krishna with cow, crafted for devotional daily wear and gifting.","og_url":"https:\/\/www.purejewels.com\/tr\/urun\/lord-sri-krishna-altin-kolye-33076\/","og_site_name":"PureJewels UK","article_modified_time":"2026-01-06T07:29:52+00:00","og_image":[{"width":1000,"height":1000,"url":"https:\/\/www.purejewels.com\/wp-content\/uploads\/2020\/11\/image191408269.jpg","type":"image\/jpeg"}],"twitter_card":"summary_large_image","twitter_misc":{"Tahmini okuma s\u00fcresi":"1 dakika"},"schema":{"@context":"https:\/\/schema.org","@graph":[{"@type":["WebPage","ItemPage"],"@id":"https:\/\/www.purejewels.com\/product\/lord-sri-krishna-gold-pendant-33076\/","url":"https:\/\/www.purejewels.com\/product\/lord-sri-krishna-gold-pendant-33076\/","name":"Krishna Gopala Emaye Kolye 22 Ayar Alt\u0131n | PureJewels","isPartOf":{"@id":"https:\/\/www.purejewels.com\/#website"},"primaryImageOfPage":{"@id":"https:\/\/www.purejewels.com\/product\/lord-sri-krishna-gold-pendant-33076\/#primaryimage"},"image":{"@id":"https:\/\/www.purejewels.com\/product\/lord-sri-krishna-gold-pendant-33076\/#primaryimage"},"thumbnailUrl":"https:\/\/static.purejewels.com\/wp-content\/uploads\/2020\/11\/image191408269.jpg","datePublished":"2020-11-05T06:01:28+00:00","dateModified":"2026-01-06T07:29:52+00:00","description":"Lord Krishna'n\u0131n inekle birlikte elle boyanm\u0131\u015f bir sahnesini i\u00e7eren 22 ayar alt\u0131ndan Krishna Gopala emaye kolye ucu, adanm\u0131\u015fl\u0131k ama\u00e7l\u0131 g\u00fcnl\u00fck kullan\u0131m ve hediye i\u00e7in haz\u0131rlanm\u0131\u015ft\u0131r.","breadcrumb":{"@id":"https:\/\/www.purejewels.com\/product\/lord-sri-krishna-gold-pendant-33076\/#breadcrumb"},"inLanguage":"tr","potentialAction":[{"@type":"ReadAction","target":["https:\/\/www.purejewels.com\/product\/lord-sri-krishna-gold-pendant-33076\/"]}]},{"@type":"ImageObject","inLanguage":"tr","@id":"https:\/\/www.purejewels.com\/product\/lord-sri-krishna-gold-pendant-33076\/#primaryimage","url":"https:\/\/static.purejewels.com\/wp-content\/uploads\/2020\/11\/image191408269.jpg","contentUrl":"https:\/\/static.purejewels.com\/wp-content\/uploads\/2020\/11\/image191408269.jpg","width":1000,"height":1000},{"@type":"BreadcrumbList","@id":"https:\/\/www.purejewels.com\/product\/lord-sri-krishna-gold-pendant-33076\/#breadcrumb","itemListElement":[{"@type":"ListItem","position":1,"name":"Home","item":"https:\/\/www.purejewels.com\/"},{"@type":"ListItem","position":2,"name":"Shop","item":"https:\/\/www.purejewels.com\/shop\/"},{"@type":"ListItem","position":3,"name":"Krishna Gopala Enamel Pendant in 22ct Gold"}]},{"@type":"WebSite","@id":"https:\/\/www.purejewels.com\/#website","url":"https:\/\/www.purejewels.com\/","name":"PureJewels \u0130ngiltere","description":"Sevgiyi Payla\u015f\u0131n","publisher":{"@id":"https:\/\/www.purejewels.com\/#organization"},"potentialAction":[{"@type":"SearchAction","target":{"@type":"EntryPoint","urlTemplate":"https:\/\/www.purejewels.com\/?s={search_term_string}"},"query-input":{"@type":"PropertyValueSpecification","valueRequired":true,"valueName":"search_term_string"}}],"inLanguage":"tr"},{"@type":"Organization","@id":"https:\/\/www.purejewels.com\/#organization","name":"PureJewels \u0130ngiltere","url":"https:\/\/www.purejewels.com\/","logo":{"@type":"ImageObject","inLanguage":"tr","@id":"https:\/\/www.purejewels.com\/#\/schema\/logo\/image\/","url":"https:\/\/static.purejewels.com\/wp-content\/uploads\/2020\/11\/Logo-PJ-New-1.png","contentUrl":"https:\/\/static.purejewels.com\/wp-content\/uploads\/2020\/11\/Logo-PJ-New-1.png","width":150,"height":80,"caption":"PureJewels UK"},"image":{"@id":"https:\/\/www.purejewels.com\/#\/schema\/logo\/image\/"}}]}},"_links":{"self":[{"href":"https:\/\/www.purejewels.com\/tr\/wp-json\/wp\/v2\/product\/318855","targetHints":{"allow":["GET"]}}],"collection":[{"href":"https:\/\/www.purejewels.com\/tr\/wp-json\/wp\/v2\/product"}],"about":[{"href":"https:\/\/www.purejewels.com\/tr\/wp-json\/wp\/v2\/types\/product"}],"replies":[{"embeddable":true,"href":"https:\/\/www.purejewels.com\/tr\/wp-json\/wp\/v2\/comments?post=318855"}],"version-history":[{"count":3,"href":"https:\/\/www.purejewels.com\/tr\/wp-json\/wp\/v2\/product\/318855\/revisions"}],"predecessor-version":[{"id":421271,"href":"https:\/\/www.purejewels.com\/tr\/wp-json\/wp\/v2\/product\/318855\/revisions\/421271"}],"wp:featuredmedia":[{"embeddable":true,"href":"https:\/\/www.purejewels.com\/tr\/wp-json\/wp\/v2\/media\/319213"}],"wp:attachment":[{"href":"https:\/\/www.purejewels.com\/tr\/wp-json\/wp\/v2\/media?parent=318855"}],"wp:term":[{"taxonomy":"product_brand","embeddable":true,"href":"https:\/\/www.purejewels.com\/tr\/wp-json\/wp\/v2\/product_brand?post=318855"},{"taxonomy":"product_cat","embeddable":true,"href":"https:\/\/www.purejewels.com\/tr\/wp-json\/wp\/v2\/product_cat?post=318855"},{"taxonomy":"product_tag","embeddable":true,"href":"https:\/\/www.purejewels.com\/tr\/wp-json\/wp\/v2\/product_tag?post=318855"}],"curies":[{"name":"wp","href":"https:\/\/api.w.org\/{rel}","templated":true}]}}