{"id":318903,"date":"2020-11-06T14:03:54","date_gmt":"2020-11-06T14:03:54","guid":{"rendered":"https:\/\/www.purejewels.com\/product\/pamp-swiss-made-fine-gold-bar\/"},"modified":"2026-05-15T21:55:25","modified_gmt":"2026-05-15T20:55:25","slug":"pamp-i%cc%87svi%cc%87cre-yapimi-i%cc%87nce-altin-kulce-20-gr","status":"publish","type":"product","link":"https:\/\/www.purejewels.com\/tr\/product\/pamp-swiss-made-fine-gold-bar-20-g\/","title":{"rendered":"\u0130nce Saf Alt\u0131n Bar 20gms"},"content":{"rendered":"<p>L\u00fcks ve zenginli\u011fin sembol\u00fc olan bu 20 graml\u0131k alt\u0131n k\u00fcl\u00e7e, 999,9 safl\u0131kta 24 ayar alt\u0131ndan \u00fcretilmi\u015ftir. Her bir k\u00fcl\u00e7e, Pamp gibi sayg\u0131n markalar taraf\u0131ndan \u00fcretilerek en y\u00fcksek kalite ve \u00f6zg\u00fcnl\u00fc\u011f\u00fc garanti eder. Kal\u0131nl\u0131\u011f\u0131 1,88 mm olan bu alt\u0131n k\u00fcl\u00e7e, kompakt ancak de\u011ferli bir yat\u0131r\u0131m par\u00e7as\u0131d\u0131r.<\/p>\n<p>Ger\u00e7ek ve kaliteli bir \u00fcr\u00fcn ald\u0131\u011f\u0131n\u0131z\u0131 bilerek g\u00fcvenle sat\u0131n al\u0131n <a href=\"https:\/\/www.purejewels.com\/tr\/urun-kategori%cc%87si%cc%87\/cubuk-paralar\/altin-kulceler\/\" target=\"_blank\" rel=\"noopener\">saf alt\u0131n k\u00fcl\u00e7e<\/a> yat\u0131r\u0131m veya hediye ama\u00e7l\u0131 kullan\u0131m i\u00e7in m\u00fckemmeldir.<\/p>\n<p>Bizden sat\u0131n ald\u0131\u011f\u0131n\u0131zda \u00fccretsiz takipli teslimat\u0131n ve g\u00fcvenli \u00e7evrimi\u00e7i \u00f6demelerin rahatl\u0131\u011f\u0131n\u0131n keyfini \u00e7\u0131kar\u0131n.<\/p>\n<p>Bu 20g alt\u0131n k\u00fcl\u00e7eyi koleksiyonunuza bug\u00fcn ekleyin ve saf alt\u0131n\u0131n zamans\u0131z g\u00fczelli\u011fini ve de\u011ferini deneyimleyin. Bu de\u011ferli metal par\u00e7as\u0131yla gelece\u011finize yat\u0131r\u0131m yap\u0131n.<\/p>","protected":false},"excerpt":{"rendered":"<p>\u0130nce 24 ayar Alt\u0131n Pamp veya e\u015fde\u011fer bir Markal\u0131 \u00e7ubuktan 20 Gram Alt\u0131n k\u00fcl\u00e7e.<\/p>\n<ul id=\"skusDisplayContentListUL\">\n<li><strong>METAL<\/strong>\u00a0Alt\u0131n 999.9<\/li>\n<li><strong>A\u011eIRLIK\u00a0<\/strong>20 gm<\/li>\n<li><strong>KALINLIK\u00a0<\/strong>1,88 mm<\/li>\n<\/ul>","protected":false},"featured_media":318904,"comment_status":"closed","ping_status":"closed","template":"","meta":{"_eb_attr":"","_crsspst_to_jayantr4sg-hostcom":false},"product_brand":[],"product_cat":[1482],"product_tag":[],"class_list":{"0":"post-318903","1":"product","2":"type-product","3":"status-publish","4":"has-post-thumbnail","6":"product_cat-uncategorized","8":"first","9":"outofstock","10":"product-type-simple","11":"add-to-wishlist-before_image"},"yoast_head":"<!-- This site is optimized with the Yoast SEO plugin v27.6 - https:\/\/yoast.com\/product\/yoast-seo-wordpress\/ -->\n<title>Fine Pure Gold Bar 20gms - PureJewels UK<\/title>\n<meta name=\"robots\" content=\"index, follow, max-snippet:-1, max-image-preview:large, max-video-preview:-1\" \/>\n<link rel=\"canonical\" href=\"https:\/\/www.purejewels.com\/tr\/urun\/pamp-i\u0307svi\u0307cre-yapimi-i\u0307nce-altin-kulce-20-gr\/\" \/>\n<meta property=\"og:locale\" content=\"tr_TR\" \/>\n<meta property=\"og:type\" content=\"article\" \/>\n<meta property=\"og:title\" content=\"Fine Pure Gold Bar 20gms - PureJewels UK\" \/>\n<meta property=\"og:description\" content=\"A 20Gram Gold bullion bar of fine 24-karat Gold Pamp or any equivalent Branded bar.   METAL\u00a0Gold 999.9  WEIGHT\u00a020 gm  THICKNESS\u00a01.88 mm\" \/>\n<meta property=\"og:url\" content=\"https:\/\/www.purejewels.com\/tr\/urun\/pamp-i\u0307svi\u0307cre-yapimi-i\u0307nce-altin-kulce-20-gr\/\" \/>\n<meta property=\"og:site_name\" content=\"PureJewels UK\" \/>\n<meta property=\"article:modified_time\" content=\"2026-05-15T20:55:25+00:00\" \/>\n<meta property=\"og:image\" content=\"https:\/\/static.purejewels.com\/wp-content\/uploads\/2020\/11\/image190762479.jpg\" \/>\n\t<meta property=\"og:image:width\" content=\"470\" \/>\n\t<meta property=\"og:image:height\" content=\"470\" \/>\n\t<meta property=\"og:image:type\" content=\"image\/jpeg\" \/>\n<meta name=\"twitter:card\" content=\"summary_large_image\" \/>\n<meta name=\"twitter:label1\" content=\"Tahmini okuma s\u00fcresi\" \/>\n\t<meta name=\"twitter:data1\" content=\"1 dakika\" \/>\n<script type=\"application\/ld+json\" class=\"yoast-schema-graph\">{\"@context\":\"https:\\\/\\\/schema.org\",\"@graph\":[{\"@type\":[\"WebPage\",\"ItemPage\"],\"@id\":\"https:\\\/\\\/www.purejewels.com\\\/product\\\/pamp-swiss-made-fine-gold-bar-20-g\\\/\",\"url\":\"https:\\\/\\\/www.purejewels.com\\\/product\\\/pamp-swiss-made-fine-gold-bar-20-g\\\/\",\"name\":\"Fine Pure Gold Bar 20gms - PureJewels UK\",\"isPartOf\":{\"@id\":\"https:\\\/\\\/www.purejewels.com\\\/#website\"},\"primaryImageOfPage\":{\"@id\":\"https:\\\/\\\/www.purejewels.com\\\/product\\\/pamp-swiss-made-fine-gold-bar-20-g\\\/#primaryimage\"},\"image\":{\"@id\":\"https:\\\/\\\/www.purejewels.com\\\/product\\\/pamp-swiss-made-fine-gold-bar-20-g\\\/#primaryimage\"},\"thumbnailUrl\":\"https:\\\/\\\/static.purejewels.com\\\/wp-content\\\/uploads\\\/2020\\\/11\\\/image190762479.jpg\",\"datePublished\":\"2020-11-06T14:03:54+00:00\",\"dateModified\":\"2026-05-15T20:55:25+00:00\",\"breadcrumb\":{\"@id\":\"https:\\\/\\\/www.purejewels.com\\\/product\\\/pamp-swiss-made-fine-gold-bar-20-g\\\/#breadcrumb\"},\"inLanguage\":\"tr\",\"potentialAction\":[{\"@type\":\"ReadAction\",\"target\":[\"https:\\\/\\\/www.purejewels.com\\\/product\\\/pamp-swiss-made-fine-gold-bar-20-g\\\/\"]}]},{\"@type\":\"ImageObject\",\"inLanguage\":\"tr\",\"@id\":\"https:\\\/\\\/www.purejewels.com\\\/product\\\/pamp-swiss-made-fine-gold-bar-20-g\\\/#primaryimage\",\"url\":\"https:\\\/\\\/static.purejewels.com\\\/wp-content\\\/uploads\\\/2020\\\/11\\\/image190762479.jpg\",\"contentUrl\":\"https:\\\/\\\/static.purejewels.com\\\/wp-content\\\/uploads\\\/2020\\\/11\\\/image190762479.jpg\",\"width\":470,\"height\":470},{\"@type\":\"BreadcrumbList\",\"@id\":\"https:\\\/\\\/www.purejewels.com\\\/product\\\/pamp-swiss-made-fine-gold-bar-20-g\\\/#breadcrumb\",\"itemListElement\":[{\"@type\":\"ListItem\",\"position\":1,\"name\":\"Home\",\"item\":\"https:\\\/\\\/www.purejewels.com\\\/\"},{\"@type\":\"ListItem\",\"position\":2,\"name\":\"Shop\",\"item\":\"https:\\\/\\\/www.purejewels.com\\\/shop\\\/\"},{\"@type\":\"ListItem\",\"position\":3,\"name\":\"Fine Pure Gold Bar 20gms\"}]},{\"@type\":\"WebSite\",\"@id\":\"https:\\\/\\\/www.purejewels.com\\\/#website\",\"url\":\"https:\\\/\\\/www.purejewels.com\\\/\",\"name\":\"PureJewels UK\",\"description\":\"Share the Love\",\"publisher\":{\"@id\":\"https:\\\/\\\/www.purejewels.com\\\/#organization\"},\"potentialAction\":[{\"@type\":\"SearchAction\",\"target\":{\"@type\":\"EntryPoint\",\"urlTemplate\":\"https:\\\/\\\/www.purejewels.com\\\/?s={search_term_string}\"},\"query-input\":{\"@type\":\"PropertyValueSpecification\",\"valueRequired\":true,\"valueName\":\"search_term_string\"}}],\"inLanguage\":\"tr\"},{\"@type\":\"Organization\",\"@id\":\"https:\\\/\\\/www.purejewels.com\\\/#organization\",\"name\":\"PureJewels UK\",\"url\":\"https:\\\/\\\/www.purejewels.com\\\/\",\"logo\":{\"@type\":\"ImageObject\",\"inLanguage\":\"tr\",\"@id\":\"https:\\\/\\\/www.purejewels.com\\\/#\\\/schema\\\/logo\\\/image\\\/\",\"url\":\"https:\\\/\\\/static.purejewels.com\\\/wp-content\\\/uploads\\\/2020\\\/11\\\/Logo-PJ-New-1.png\",\"contentUrl\":\"https:\\\/\\\/static.purejewels.com\\\/wp-content\\\/uploads\\\/2020\\\/11\\\/Logo-PJ-New-1.png\",\"width\":150,\"height\":80,\"caption\":\"PureJewels UK\"},\"image\":{\"@id\":\"https:\\\/\\\/www.purejewels.com\\\/#\\\/schema\\\/logo\\\/image\\\/\"}}]}<\/script>\n<!-- \/ Yoast SEO plugin. -->","yoast_head_json":{"title":"Fine Pure Gold Bar 20gms - PureJewels UK","robots":{"index":"index","follow":"follow","max-snippet":"max-snippet:-1","max-image-preview":"max-image-preview:large","max-video-preview":"max-video-preview:-1"},"canonical":"https:\/\/www.purejewels.com\/tr\/urun\/pamp-i\u0307svi\u0307cre-yapimi-i\u0307nce-altin-kulce-20-gr\/","og_locale":"tr_TR","og_type":"article","og_title":"Fine Pure Gold Bar 20gms - PureJewels UK","og_description":"A 20Gram Gold bullion bar of fine 24-karat Gold Pamp or any equivalent Branded bar.   METAL\u00a0Gold 999.9  WEIGHT\u00a020 gm  THICKNESS\u00a01.88 mm","og_url":"https:\/\/www.purejewels.com\/tr\/urun\/pamp-i\u0307svi\u0307cre-yapimi-i\u0307nce-altin-kulce-20-gr\/","og_site_name":"PureJewels UK","article_modified_time":"2026-05-15T20:55:25+00:00","og_image":[{"width":470,"height":470,"url":"https:\/\/static.purejewels.com\/wp-content\/uploads\/2020\/11\/image190762479.jpg","type":"image\/jpeg"}],"twitter_card":"summary_large_image","twitter_misc":{"Tahmini okuma s\u00fcresi":"1 dakika"},"schema":{"@context":"https:\/\/schema.org","@graph":[{"@type":["WebPage","ItemPage"],"@id":"https:\/\/www.purejewels.com\/product\/pamp-swiss-made-fine-gold-bar-20-g\/","url":"https:\/\/www.purejewels.com\/product\/pamp-swiss-made-fine-gold-bar-20-g\/","name":"Fine Pure Gold Bar 20gms - PureJewels UK","isPartOf":{"@id":"https:\/\/www.purejewels.com\/#website"},"primaryImageOfPage":{"@id":"https:\/\/www.purejewels.com\/product\/pamp-swiss-made-fine-gold-bar-20-g\/#primaryimage"},"image":{"@id":"https:\/\/www.purejewels.com\/product\/pamp-swiss-made-fine-gold-bar-20-g\/#primaryimage"},"thumbnailUrl":"https:\/\/static.purejewels.com\/wp-content\/uploads\/2020\/11\/image190762479.jpg","datePublished":"2020-11-06T14:03:54+00:00","dateModified":"2026-05-15T20:55:25+00:00","breadcrumb":{"@id":"https:\/\/www.purejewels.com\/product\/pamp-swiss-made-fine-gold-bar-20-g\/#breadcrumb"},"inLanguage":"tr","potentialAction":[{"@type":"ReadAction","target":["https:\/\/www.purejewels.com\/product\/pamp-swiss-made-fine-gold-bar-20-g\/"]}]},{"@type":"ImageObject","inLanguage":"tr","@id":"https:\/\/www.purejewels.com\/product\/pamp-swiss-made-fine-gold-bar-20-g\/#primaryimage","url":"https:\/\/static.purejewels.com\/wp-content\/uploads\/2020\/11\/image190762479.jpg","contentUrl":"https:\/\/static.purejewels.com\/wp-content\/uploads\/2020\/11\/image190762479.jpg","width":470,"height":470},{"@type":"BreadcrumbList","@id":"https:\/\/www.purejewels.com\/product\/pamp-swiss-made-fine-gold-bar-20-g\/#breadcrumb","itemListElement":[{"@type":"ListItem","position":1,"name":"Home","item":"https:\/\/www.purejewels.com\/"},{"@type":"ListItem","position":2,"name":"Shop","item":"https:\/\/www.purejewels.com\/shop\/"},{"@type":"ListItem","position":3,"name":"Fine Pure Gold Bar 20gms"}]},{"@type":"WebSite","@id":"https:\/\/www.purejewels.com\/#website","url":"https:\/\/www.purejewels.com\/","name":"PureJewels \u0130ngiltere","description":"Sevgiyi Payla\u015f\u0131n","publisher":{"@id":"https:\/\/www.purejewels.com\/#organization"},"potentialAction":[{"@type":"SearchAction","target":{"@type":"EntryPoint","urlTemplate":"https:\/\/www.purejewels.com\/?s={search_term_string}"},"query-input":{"@type":"PropertyValueSpecification","valueRequired":true,"valueName":"search_term_string"}}],"inLanguage":"tr"},{"@type":"Organization","@id":"https:\/\/www.purejewels.com\/#organization","name":"PureJewels \u0130ngiltere","url":"https:\/\/www.purejewels.com\/","logo":{"@type":"ImageObject","inLanguage":"tr","@id":"https:\/\/www.purejewels.com\/#\/schema\/logo\/image\/","url":"https:\/\/static.purejewels.com\/wp-content\/uploads\/2020\/11\/Logo-PJ-New-1.png","contentUrl":"https:\/\/static.purejewels.com\/wp-content\/uploads\/2020\/11\/Logo-PJ-New-1.png","width":150,"height":80,"caption":"PureJewels UK"},"image":{"@id":"https:\/\/www.purejewels.com\/#\/schema\/logo\/image\/"}}]}},"_links":{"self":[{"href":"https:\/\/www.purejewels.com\/tr\/wp-json\/wp\/v2\/product\/318903","targetHints":{"allow":["GET"]}}],"collection":[{"href":"https:\/\/www.purejewels.com\/tr\/wp-json\/wp\/v2\/product"}],"about":[{"href":"https:\/\/www.purejewels.com\/tr\/wp-json\/wp\/v2\/types\/product"}],"replies":[{"embeddable":true,"href":"https:\/\/www.purejewels.com\/tr\/wp-json\/wp\/v2\/comments?post=318903"}],"version-history":[{"count":3,"href":"https:\/\/www.purejewels.com\/tr\/wp-json\/wp\/v2\/product\/318903\/revisions"}],"predecessor-version":[{"id":427454,"href":"https:\/\/www.purejewels.com\/tr\/wp-json\/wp\/v2\/product\/318903\/revisions\/427454"}],"wp:featuredmedia":[{"embeddable":true,"href":"https:\/\/www.purejewels.com\/tr\/wp-json\/wp\/v2\/media\/318904"}],"wp:attachment":[{"href":"https:\/\/www.purejewels.com\/tr\/wp-json\/wp\/v2\/media?parent=318903"}],"wp:term":[{"taxonomy":"product_brand","embeddable":true,"href":"https:\/\/www.purejewels.com\/tr\/wp-json\/wp\/v2\/product_brand?post=318903"},{"taxonomy":"product_cat","embeddable":true,"href":"https:\/\/www.purejewels.com\/tr\/wp-json\/wp\/v2\/product_cat?post=318903"},{"taxonomy":"product_tag","embeddable":true,"href":"https:\/\/www.purejewels.com\/tr\/wp-json\/wp\/v2\/product_tag?post=318903"}],"curies":[{"name":"wp","href":"https:\/\/api.w.org\/{rel}","templated":true}]}}