{"id":318913,"date":"2020-11-06T14:25:41","date_gmt":"2020-11-06T14:25:41","guid":{"rendered":"https:\/\/www.purejewels.com\/product\/pamp-swiss-made-fine-gold-bar-2\/"},"modified":"2026-05-15T21:55:25","modified_gmt":"2026-05-15T20:55:25","slug":"pamp-i%cc%87svi%cc%87cre-yapimi-i%cc%87nce-altin-cubuk-2-5grm-2","status":"publish","type":"product","link":"https:\/\/www.purejewels.com\/tr\/product\/pamp-swiss-made-fine-gold-bar-2-5grm-2\/","title":{"rendered":"\u0130nce Alt\u0131n \u00c7ubuk 2.5grm"},"content":{"rendered":"<p><span data-sheets-root=\"1\">PureJewels UK taraf\u0131ndan sunulan 2,5 graml\u0131k alt\u0131n k\u00fcl\u00e7e, de\u011ferli metaller portf\u00f6y\u00fcne katk\u0131da bulunmak isteyenler i\u00e7in birinci s\u0131n\u0131f bir yat\u0131r\u0131m se\u00e7ene\u011fidir. Saf 24 ayar alt\u0131ndan \u00fcretilen bu <a href=\"https:\/\/www.purejewels.com\/tr\/urun-kategori%cc%87si%cc%87\/cubuk-paralar\/altin-kulceler\/\" target=\"_blank\" rel=\"noopener\">ince alt\u0131n k\u00fcl\u00e7e<\/a> 999,9 safl\u0131k seviyesi ile en y\u00fcksek kalitede oldu\u011fu garanti edilir.<\/span><\/p>\n<p>Kal\u0131nl\u0131\u011f\u0131 0,60 mm olan bu alt\u0131n k\u00fcl\u00e7e kompakt ve saklamas\u0131 kolay oldu\u011fundan hem yeni hem de deneyimli yat\u0131r\u0131mc\u0131lar i\u00e7in uygun bir se\u00e7imdir. Her bir k\u00fcl\u00e7e benzersiz bir seri numaras\u0131yla birlikte gelir ve orijinalli\u011fini ve nakliye s\u0131ras\u0131nda korunmas\u0131n\u0131 sa\u011flamak i\u00e7in g\u00fcvenli bir \u015fekilde paketlenir.<\/p>\n<p>\u00dccretsiz takipli teslimat, g\u00fcvenli \u00e7evrimi\u00e7i \u00f6demeler ve 30 g\u00fcnl\u00fck para iade garantisi ile PureJewels UK'nin sorunsuz ve g\u00fcvenilir bir al\u0131\u015fveri\u015f deneyimi sunaca\u011f\u0131na g\u00fcvenebilirsiniz.<\/p>\n<p>PureJewels UK'den bu zarif 2,5 graml\u0131k alt\u0131n k\u00fcl\u00e7eyi sat\u0131n alarak gelece\u011finize bug\u00fcnden yat\u0131r\u0131m yap\u0131n.<\/p>","protected":false},"excerpt":{"rendered":"<p>\u0130nce 24 ayar Alt\u0131n Pamp veya e\u015fde\u011fer bir Markal\u0131 \u00e7ubuktan 2,5 Gram K\u00fcl\u00e7e Alt\u0131n.<\/p>\n<ul id=\"skusDisplayContentListUL\">\n<li><strong>METAL<\/strong>\u00a0Saf \u0130nce Alt\u0131n 999,9<\/li>\n<li><strong>A\u011eIRLIK\u00a0<\/strong>2.5 g<\/li>\n<li><strong>KALINLIK\u00a0<\/strong>0,60 mm<\/li>\n<\/ul>","protected":false},"featured_media":318915,"comment_status":"closed","ping_status":"closed","template":"","meta":{"_eb_attr":"","_crsspst_to_jayantr4sg-hostcom":false},"product_brand":[],"product_cat":[1482],"product_tag":[],"class_list":{"0":"post-318913","1":"product","2":"type-product","3":"status-publish","4":"has-post-thumbnail","6":"product_cat-uncategorized","8":"first","9":"onbackorder","10":"purchasable","11":"product-type-simple","12":"add-to-wishlist-before_image"},"yoast_head":"<!-- This site is optimized with the Yoast SEO plugin v27.6 - https:\/\/yoast.com\/product\/yoast-seo-wordpress\/ -->\n<title>Fine Gold Bar 2.5grm - PureJewels UK<\/title>\n<meta name=\"robots\" content=\"index, follow, max-snippet:-1, max-image-preview:large, max-video-preview:-1\" \/>\n<link rel=\"canonical\" href=\"https:\/\/www.purejewels.com\/tr\/urun\/pamp-i\u0307svi\u0307cre-yapimi-i\u0307nce-altin-cubuk-2-5grm-2\/\" \/>\n<meta property=\"og:locale\" content=\"tr_TR\" \/>\n<meta property=\"og:type\" content=\"article\" \/>\n<meta property=\"og:title\" content=\"Fine Gold Bar 2.5grm - PureJewels UK\" \/>\n<meta property=\"og:description\" content=\"A 2.5 Gram Gold bullion bar of fine 24-karat Gold Pamp or any equivalent Branded bar.   METAL\u00a0Pure Fine Gold 999.9  WEIGHT\u00a02.5 g  THICKNESS\u00a00.60 mm\" \/>\n<meta property=\"og:url\" content=\"https:\/\/www.purejewels.com\/tr\/urun\/pamp-i\u0307svi\u0307cre-yapimi-i\u0307nce-altin-cubuk-2-5grm-2\/\" \/>\n<meta property=\"og:site_name\" content=\"PureJewels UK\" \/>\n<meta property=\"article:modified_time\" content=\"2026-05-15T20:55:25+00:00\" \/>\n<meta property=\"og:image\" content=\"https:\/\/static.purejewels.com\/wp-content\/uploads\/2020\/11\/image184146877.jpg\" \/>\n\t<meta property=\"og:image:width\" content=\"470\" \/>\n\t<meta property=\"og:image:height\" content=\"470\" \/>\n\t<meta property=\"og:image:type\" content=\"image\/jpeg\" \/>\n<meta name=\"twitter:card\" content=\"summary_large_image\" \/>\n<meta name=\"twitter:label1\" content=\"Tahmini okuma s\u00fcresi\" \/>\n\t<meta name=\"twitter:data1\" content=\"1 dakika\" \/>\n<script type=\"application\/ld+json\" class=\"yoast-schema-graph\">{\"@context\":\"https:\\\/\\\/schema.org\",\"@graph\":[{\"@type\":[\"WebPage\",\"ItemPage\"],\"@id\":\"https:\\\/\\\/www.purejewels.com\\\/product\\\/pamp-swiss-made-fine-gold-bar-2-5grm-2\\\/\",\"url\":\"https:\\\/\\\/www.purejewels.com\\\/product\\\/pamp-swiss-made-fine-gold-bar-2-5grm-2\\\/\",\"name\":\"Fine Gold Bar 2.5grm - PureJewels UK\",\"isPartOf\":{\"@id\":\"https:\\\/\\\/www.purejewels.com\\\/#website\"},\"primaryImageOfPage\":{\"@id\":\"https:\\\/\\\/www.purejewels.com\\\/product\\\/pamp-swiss-made-fine-gold-bar-2-5grm-2\\\/#primaryimage\"},\"image\":{\"@id\":\"https:\\\/\\\/www.purejewels.com\\\/product\\\/pamp-swiss-made-fine-gold-bar-2-5grm-2\\\/#primaryimage\"},\"thumbnailUrl\":\"https:\\\/\\\/static.purejewels.com\\\/wp-content\\\/uploads\\\/2020\\\/11\\\/image184146877.jpg\",\"datePublished\":\"2020-11-06T14:25:41+00:00\",\"dateModified\":\"2026-05-15T20:55:25+00:00\",\"breadcrumb\":{\"@id\":\"https:\\\/\\\/www.purejewels.com\\\/product\\\/pamp-swiss-made-fine-gold-bar-2-5grm-2\\\/#breadcrumb\"},\"inLanguage\":\"tr\",\"potentialAction\":[{\"@type\":\"ReadAction\",\"target\":[\"https:\\\/\\\/www.purejewels.com\\\/product\\\/pamp-swiss-made-fine-gold-bar-2-5grm-2\\\/\"]}]},{\"@type\":\"ImageObject\",\"inLanguage\":\"tr\",\"@id\":\"https:\\\/\\\/www.purejewels.com\\\/product\\\/pamp-swiss-made-fine-gold-bar-2-5grm-2\\\/#primaryimage\",\"url\":\"https:\\\/\\\/static.purejewels.com\\\/wp-content\\\/uploads\\\/2020\\\/11\\\/image184146877.jpg\",\"contentUrl\":\"https:\\\/\\\/static.purejewels.com\\\/wp-content\\\/uploads\\\/2020\\\/11\\\/image184146877.jpg\",\"width\":470,\"height\":470},{\"@type\":\"BreadcrumbList\",\"@id\":\"https:\\\/\\\/www.purejewels.com\\\/product\\\/pamp-swiss-made-fine-gold-bar-2-5grm-2\\\/#breadcrumb\",\"itemListElement\":[{\"@type\":\"ListItem\",\"position\":1,\"name\":\"Home\",\"item\":\"https:\\\/\\\/www.purejewels.com\\\/\"},{\"@type\":\"ListItem\",\"position\":2,\"name\":\"Shop\",\"item\":\"https:\\\/\\\/www.purejewels.com\\\/shop\\\/\"},{\"@type\":\"ListItem\",\"position\":3,\"name\":\"Fine Gold Bar 2.5grm\"}]},{\"@type\":\"WebSite\",\"@id\":\"https:\\\/\\\/www.purejewels.com\\\/#website\",\"url\":\"https:\\\/\\\/www.purejewels.com\\\/\",\"name\":\"PureJewels UK\",\"description\":\"Share the Love\",\"publisher\":{\"@id\":\"https:\\\/\\\/www.purejewels.com\\\/#organization\"},\"potentialAction\":[{\"@type\":\"SearchAction\",\"target\":{\"@type\":\"EntryPoint\",\"urlTemplate\":\"https:\\\/\\\/www.purejewels.com\\\/?s={search_term_string}\"},\"query-input\":{\"@type\":\"PropertyValueSpecification\",\"valueRequired\":true,\"valueName\":\"search_term_string\"}}],\"inLanguage\":\"tr\"},{\"@type\":\"Organization\",\"@id\":\"https:\\\/\\\/www.purejewels.com\\\/#organization\",\"name\":\"PureJewels UK\",\"url\":\"https:\\\/\\\/www.purejewels.com\\\/\",\"logo\":{\"@type\":\"ImageObject\",\"inLanguage\":\"tr\",\"@id\":\"https:\\\/\\\/www.purejewels.com\\\/#\\\/schema\\\/logo\\\/image\\\/\",\"url\":\"https:\\\/\\\/static.purejewels.com\\\/wp-content\\\/uploads\\\/2020\\\/11\\\/Logo-PJ-New-1.png\",\"contentUrl\":\"https:\\\/\\\/static.purejewels.com\\\/wp-content\\\/uploads\\\/2020\\\/11\\\/Logo-PJ-New-1.png\",\"width\":150,\"height\":80,\"caption\":\"PureJewels UK\"},\"image\":{\"@id\":\"https:\\\/\\\/www.purejewels.com\\\/#\\\/schema\\\/logo\\\/image\\\/\"}}]}<\/script>\n<!-- \/ Yoast SEO plugin. -->","yoast_head_json":{"title":"\u0130nce Alt\u0131n \u00c7ubuk 2,5grm - PureJewels UK","robots":{"index":"index","follow":"follow","max-snippet":"max-snippet:-1","max-image-preview":"max-image-preview:large","max-video-preview":"max-video-preview:-1"},"canonical":"https:\/\/www.purejewels.com\/tr\/urun\/pamp-i\u0307svi\u0307cre-yapimi-i\u0307nce-altin-cubuk-2-5grm-2\/","og_locale":"tr_TR","og_type":"article","og_title":"Fine Gold Bar 2.5grm - PureJewels UK","og_description":"A 2.5 Gram Gold bullion bar of fine 24-karat Gold Pamp or any equivalent Branded bar.   METAL\u00a0Pure Fine Gold 999.9  WEIGHT\u00a02.5 g  THICKNESS\u00a00.60 mm","og_url":"https:\/\/www.purejewels.com\/tr\/urun\/pamp-i\u0307svi\u0307cre-yapimi-i\u0307nce-altin-cubuk-2-5grm-2\/","og_site_name":"PureJewels UK","article_modified_time":"2026-05-15T20:55:25+00:00","og_image":[{"width":470,"height":470,"url":"https:\/\/static.purejewels.com\/wp-content\/uploads\/2020\/11\/image184146877.jpg","type":"image\/jpeg"}],"twitter_card":"summary_large_image","twitter_misc":{"Tahmini okuma s\u00fcresi":"1 dakika"},"schema":{"@context":"https:\/\/schema.org","@graph":[{"@type":["WebPage","ItemPage"],"@id":"https:\/\/www.purejewels.com\/product\/pamp-swiss-made-fine-gold-bar-2-5grm-2\/","url":"https:\/\/www.purejewels.com\/product\/pamp-swiss-made-fine-gold-bar-2-5grm-2\/","name":"\u0130nce Alt\u0131n \u00c7ubuk 2,5grm - PureJewels UK","isPartOf":{"@id":"https:\/\/www.purejewels.com\/#website"},"primaryImageOfPage":{"@id":"https:\/\/www.purejewels.com\/product\/pamp-swiss-made-fine-gold-bar-2-5grm-2\/#primaryimage"},"image":{"@id":"https:\/\/www.purejewels.com\/product\/pamp-swiss-made-fine-gold-bar-2-5grm-2\/#primaryimage"},"thumbnailUrl":"https:\/\/static.purejewels.com\/wp-content\/uploads\/2020\/11\/image184146877.jpg","datePublished":"2020-11-06T14:25:41+00:00","dateModified":"2026-05-15T20:55:25+00:00","breadcrumb":{"@id":"https:\/\/www.purejewels.com\/product\/pamp-swiss-made-fine-gold-bar-2-5grm-2\/#breadcrumb"},"inLanguage":"tr","potentialAction":[{"@type":"ReadAction","target":["https:\/\/www.purejewels.com\/product\/pamp-swiss-made-fine-gold-bar-2-5grm-2\/"]}]},{"@type":"ImageObject","inLanguage":"tr","@id":"https:\/\/www.purejewels.com\/product\/pamp-swiss-made-fine-gold-bar-2-5grm-2\/#primaryimage","url":"https:\/\/static.purejewels.com\/wp-content\/uploads\/2020\/11\/image184146877.jpg","contentUrl":"https:\/\/static.purejewels.com\/wp-content\/uploads\/2020\/11\/image184146877.jpg","width":470,"height":470},{"@type":"BreadcrumbList","@id":"https:\/\/www.purejewels.com\/product\/pamp-swiss-made-fine-gold-bar-2-5grm-2\/#breadcrumb","itemListElement":[{"@type":"ListItem","position":1,"name":"Home","item":"https:\/\/www.purejewels.com\/"},{"@type":"ListItem","position":2,"name":"Shop","item":"https:\/\/www.purejewels.com\/shop\/"},{"@type":"ListItem","position":3,"name":"Fine Gold Bar 2.5grm"}]},{"@type":"WebSite","@id":"https:\/\/www.purejewels.com\/#website","url":"https:\/\/www.purejewels.com\/","name":"PureJewels \u0130ngiltere","description":"Sevgiyi Payla\u015f\u0131n","publisher":{"@id":"https:\/\/www.purejewels.com\/#organization"},"potentialAction":[{"@type":"SearchAction","target":{"@type":"EntryPoint","urlTemplate":"https:\/\/www.purejewels.com\/?s={search_term_string}"},"query-input":{"@type":"PropertyValueSpecification","valueRequired":true,"valueName":"search_term_string"}}],"inLanguage":"tr"},{"@type":"Organization","@id":"https:\/\/www.purejewels.com\/#organization","name":"PureJewels \u0130ngiltere","url":"https:\/\/www.purejewels.com\/","logo":{"@type":"ImageObject","inLanguage":"tr","@id":"https:\/\/www.purejewels.com\/#\/schema\/logo\/image\/","url":"https:\/\/static.purejewels.com\/wp-content\/uploads\/2020\/11\/Logo-PJ-New-1.png","contentUrl":"https:\/\/static.purejewels.com\/wp-content\/uploads\/2020\/11\/Logo-PJ-New-1.png","width":150,"height":80,"caption":"PureJewels UK"},"image":{"@id":"https:\/\/www.purejewels.com\/#\/schema\/logo\/image\/"}}]}},"_links":{"self":[{"href":"https:\/\/www.purejewels.com\/tr\/wp-json\/wp\/v2\/product\/318913","targetHints":{"allow":["GET"]}}],"collection":[{"href":"https:\/\/www.purejewels.com\/tr\/wp-json\/wp\/v2\/product"}],"about":[{"href":"https:\/\/www.purejewels.com\/tr\/wp-json\/wp\/v2\/types\/product"}],"replies":[{"embeddable":true,"href":"https:\/\/www.purejewels.com\/tr\/wp-json\/wp\/v2\/comments?post=318913"}],"version-history":[{"count":2,"href":"https:\/\/www.purejewels.com\/tr\/wp-json\/wp\/v2\/product\/318913\/revisions"}],"predecessor-version":[{"id":427453,"href":"https:\/\/www.purejewels.com\/tr\/wp-json\/wp\/v2\/product\/318913\/revisions\/427453"}],"wp:featuredmedia":[{"embeddable":true,"href":"https:\/\/www.purejewels.com\/tr\/wp-json\/wp\/v2\/media\/318915"}],"wp:attachment":[{"href":"https:\/\/www.purejewels.com\/tr\/wp-json\/wp\/v2\/media?parent=318913"}],"wp:term":[{"taxonomy":"product_brand","embeddable":true,"href":"https:\/\/www.purejewels.com\/tr\/wp-json\/wp\/v2\/product_brand?post=318913"},{"taxonomy":"product_cat","embeddable":true,"href":"https:\/\/www.purejewels.com\/tr\/wp-json\/wp\/v2\/product_cat?post=318913"},{"taxonomy":"product_tag","embeddable":true,"href":"https:\/\/www.purejewels.com\/tr\/wp-json\/wp\/v2\/product_tag?post=318913"}],"curies":[{"name":"wp","href":"https:\/\/api.w.org\/{rel}","templated":true}]}}