{"id":318917,"date":"2020-11-06T14:30:18","date_gmt":"2020-11-06T14:30:18","guid":{"rendered":"https:\/\/www.purejewels.com\/product\/pamp-swiss-made-fine-gold-bar-2\/"},"modified":"2024-10-25T21:09:12","modified_gmt":"2024-10-25T20:09:12","slug":"100gm-baird-co-yapimi-ince-saf-altin-kulce-100g-odeme-linki","status":"publish","type":"product","link":"https:\/\/www.purejewels.com\/tr\/product\/100gm-baird-co-made-fine-pure-gold-bar-100g-payment-link\/","title":{"rendered":"Baird &amp; Co. Yap\u0131m\u0131 100gm \u0130nce Saf Alt\u0131n Bar"},"content":{"rendered":"<p>SKU IHC100grm Alt\u0131n K\u00fcl\u00e7e<\/p>","protected":false},"excerpt":{"rendered":"<p>Baird &amp; Co. yapt\u0131 <strong>100 Gram<\/strong> \u0130nce 24 ayar k\u00fcl\u00e7e alt\u0131n<\/p>\n<ul id=\"skusDisplayContentListUL\">\n<li><strong>METAL<\/strong>\u00a0Saf \u0130nce Alt\u0131n 999,9 par\u00e7a \/ 1000<\/li>\n<li><strong>\u00dcLKE<\/strong> Birle\u015fik Krall\u0131k<\/li>\n<li><strong>A\u011eIRLIK\u00a0<\/strong>100g<\/li>\n<li><strong>KALINLIK\u00a0<\/strong>2,97 mm<\/li>\n<\/ul>\n<p>&nbsp;<\/p>\n<p><b>*G\u00fcnl\u00fck Fiyatlar ve M\u00fcsaitlik \u0130\u00e7in L\u00fctfen Bize Ula\u015f\u0131n*<\/b><\/p>","protected":false},"featured_media":339293,"comment_status":"closed","ping_status":"closed","template":"","meta":{"_eb_attr":"","_crsspst_to_jayantr4sg-hostcom":false},"product_brand":[],"product_cat":[1473,1646],"product_tag":[],"class_list":{"0":"post-318917","1":"product","2":"type-product","3":"status-publish","4":"has-post-thumbnail","6":"product_cat-bars-coins","7":"product_cat-gold-bars","9":"first","10":"onbackorder","11":"product-type-simple","12":"add-to-wishlist-before_image"},"yoast_head":"<!-- This site is optimized with the Yoast SEO plugin v27.3 - https:\/\/yoast.com\/product\/yoast-seo-wordpress\/ -->\n<title>Baird &amp; Co. Made 100gm Fine Pure Gold Bar - PureJewels UK<\/title>\n<meta name=\"robots\" content=\"noindex, nofollow\" \/>\n<meta property=\"og:locale\" content=\"tr_TR\" \/>\n<meta property=\"og:type\" content=\"article\" \/>\n<meta property=\"og:title\" content=\"Baird &amp; Co. Made 100gm Fine Pure Gold Bar - PureJewels UK\" \/>\n<meta property=\"og:description\" content=\"Baird &amp; Co. made 100 Gram Gold bullion bar of fine 24-karat   METAL\u00a0Pure Fine Gold 999.9 parts per 1000  COUNTRY United Kingdom  WEIGHT\u00a0100g  THICKNESS\u00a02.97 mm  &nbsp;  *Please Contact us for Daily Prices and Availability*\" \/>\n<meta property=\"og:url\" content=\"https:\/\/www.purejewels.com\/tr\/urun\/100gm-baird-co-yapimi-ince-saf-altin-kulce-100g-odeme-linki\/\" \/>\n<meta property=\"og:site_name\" content=\"PureJewels UK\" \/>\n<meta property=\"article:modified_time\" content=\"2024-10-25T20:09:12+00:00\" \/>\n<meta property=\"og:image\" content=\"https:\/\/www.purejewels.com\/wp-content\/uploads\/2020\/09\/100gm.png\" \/>\n\t<meta property=\"og:image:width\" content=\"1000\" \/>\n\t<meta property=\"og:image:height\" content=\"1000\" \/>\n\t<meta property=\"og:image:type\" content=\"image\/png\" \/>\n<meta name=\"twitter:card\" content=\"summary_large_image\" \/>\n<script type=\"application\/ld+json\" class=\"yoast-schema-graph\">{\"@context\":\"https:\\\/\\\/schema.org\",\"@graph\":[{\"@type\":[\"WebPage\",\"ItemPage\"],\"@id\":\"https:\\\/\\\/www.purejewels.com\\\/product\\\/100gm-baird-co-made-fine-pure-gold-bar-100g-payment-link\\\/\",\"url\":\"https:\\\/\\\/www.purejewels.com\\\/product\\\/100gm-baird-co-made-fine-pure-gold-bar-100g-payment-link\\\/\",\"name\":\"Baird & Co. Made 100gm Fine Pure Gold Bar - PureJewels UK\",\"isPartOf\":{\"@id\":\"https:\\\/\\\/www.purejewels.com\\\/#website\"},\"primaryImageOfPage\":{\"@id\":\"https:\\\/\\\/www.purejewels.com\\\/product\\\/100gm-baird-co-made-fine-pure-gold-bar-100g-payment-link\\\/#primaryimage\"},\"image\":{\"@id\":\"https:\\\/\\\/www.purejewels.com\\\/product\\\/100gm-baird-co-made-fine-pure-gold-bar-100g-payment-link\\\/#primaryimage\"},\"thumbnailUrl\":\"https:\\\/\\\/static.purejewels.com\\\/wp-content\\\/uploads\\\/2020\\\/09\\\/100gm.png\",\"datePublished\":\"2020-11-06T14:30:18+00:00\",\"dateModified\":\"2024-10-25T20:09:12+00:00\",\"breadcrumb\":{\"@id\":\"https:\\\/\\\/www.purejewels.com\\\/product\\\/100gm-baird-co-made-fine-pure-gold-bar-100g-payment-link\\\/#breadcrumb\"},\"inLanguage\":\"tr\",\"potentialAction\":[{\"@type\":\"ReadAction\",\"target\":[\"https:\\\/\\\/www.purejewels.com\\\/product\\\/100gm-baird-co-made-fine-pure-gold-bar-100g-payment-link\\\/\"]}]},{\"@type\":\"ImageObject\",\"inLanguage\":\"tr\",\"@id\":\"https:\\\/\\\/www.purejewels.com\\\/product\\\/100gm-baird-co-made-fine-pure-gold-bar-100g-payment-link\\\/#primaryimage\",\"url\":\"https:\\\/\\\/static.purejewels.com\\\/wp-content\\\/uploads\\\/2020\\\/09\\\/100gm.png\",\"contentUrl\":\"https:\\\/\\\/static.purejewels.com\\\/wp-content\\\/uploads\\\/2020\\\/09\\\/100gm.png\",\"width\":1000,\"height\":1000},{\"@type\":\"BreadcrumbList\",\"@id\":\"https:\\\/\\\/www.purejewels.com\\\/product\\\/100gm-baird-co-made-fine-pure-gold-bar-100g-payment-link\\\/#breadcrumb\",\"itemListElement\":[{\"@type\":\"ListItem\",\"position\":1,\"name\":\"Home\",\"item\":\"https:\\\/\\\/www.purejewels.com\\\/\"},{\"@type\":\"ListItem\",\"position\":2,\"name\":\"Shop\",\"item\":\"https:\\\/\\\/www.purejewels.com\\\/shop\\\/\"},{\"@type\":\"ListItem\",\"position\":3,\"name\":\"Baird &#038; Co. Made 100gm Fine Pure Gold Bar\"}]},{\"@type\":\"WebSite\",\"@id\":\"https:\\\/\\\/www.purejewels.com\\\/#website\",\"url\":\"https:\\\/\\\/www.purejewels.com\\\/\",\"name\":\"PureJewels UK\",\"description\":\"Share the Love\",\"publisher\":{\"@id\":\"https:\\\/\\\/www.purejewels.com\\\/#organization\"},\"potentialAction\":[{\"@type\":\"SearchAction\",\"target\":{\"@type\":\"EntryPoint\",\"urlTemplate\":\"https:\\\/\\\/www.purejewels.com\\\/?s={search_term_string}\"},\"query-input\":{\"@type\":\"PropertyValueSpecification\",\"valueRequired\":true,\"valueName\":\"search_term_string\"}}],\"inLanguage\":\"tr\"},{\"@type\":\"Organization\",\"@id\":\"https:\\\/\\\/www.purejewels.com\\\/#organization\",\"name\":\"PureJewels UK\",\"url\":\"https:\\\/\\\/www.purejewels.com\\\/\",\"logo\":{\"@type\":\"ImageObject\",\"inLanguage\":\"tr\",\"@id\":\"https:\\\/\\\/www.purejewels.com\\\/#\\\/schema\\\/logo\\\/image\\\/\",\"url\":\"https:\\\/\\\/static.purejewels.com\\\/wp-content\\\/uploads\\\/2020\\\/11\\\/Logo-PJ-New-1.png\",\"contentUrl\":\"https:\\\/\\\/static.purejewels.com\\\/wp-content\\\/uploads\\\/2020\\\/11\\\/Logo-PJ-New-1.png\",\"width\":150,\"height\":80,\"caption\":\"PureJewels UK\"},\"image\":{\"@id\":\"https:\\\/\\\/www.purejewels.com\\\/#\\\/schema\\\/logo\\\/image\\\/\"}}]}<\/script>\n<!-- \/ Yoast SEO plugin. -->","yoast_head_json":{"title":"Baird &amp; Co. Yap\u0131m\u0131 100gm \u0130nce Saf Alt\u0131n Bar - PureJewels UK","robots":{"index":"noindex","follow":"nofollow"},"og_locale":"tr_TR","og_type":"article","og_title":"Baird & Co. Made 100gm Fine Pure Gold Bar - PureJewels UK","og_description":"Baird &amp; Co. made 100 Gram Gold bullion bar of fine 24-karat   METAL\u00a0Pure Fine Gold 999.9 parts per 1000  COUNTRY United Kingdom  WEIGHT\u00a0100g  THICKNESS\u00a02.97 mm  &nbsp;  *Please Contact us for Daily Prices and Availability*","og_url":"https:\/\/www.purejewels.com\/tr\/urun\/100gm-baird-co-yapimi-ince-saf-altin-kulce-100g-odeme-linki\/","og_site_name":"PureJewels UK","article_modified_time":"2024-10-25T20:09:12+00:00","og_image":[{"width":1000,"height":1000,"url":"https:\/\/www.purejewels.com\/wp-content\/uploads\/2020\/09\/100gm.png","type":"image\/png"}],"twitter_card":"summary_large_image","schema":{"@context":"https:\/\/schema.org","@graph":[{"@type":["WebPage","ItemPage"],"@id":"https:\/\/www.purejewels.com\/product\/100gm-baird-co-made-fine-pure-gold-bar-100g-payment-link\/","url":"https:\/\/www.purejewels.com\/product\/100gm-baird-co-made-fine-pure-gold-bar-100g-payment-link\/","name":"Baird &amp; Co. Yap\u0131m\u0131 100gm \u0130nce Saf Alt\u0131n Bar - PureJewels UK","isPartOf":{"@id":"https:\/\/www.purejewels.com\/#website"},"primaryImageOfPage":{"@id":"https:\/\/www.purejewels.com\/product\/100gm-baird-co-made-fine-pure-gold-bar-100g-payment-link\/#primaryimage"},"image":{"@id":"https:\/\/www.purejewels.com\/product\/100gm-baird-co-made-fine-pure-gold-bar-100g-payment-link\/#primaryimage"},"thumbnailUrl":"https:\/\/static.purejewels.com\/wp-content\/uploads\/2020\/09\/100gm.png","datePublished":"2020-11-06T14:30:18+00:00","dateModified":"2024-10-25T20:09:12+00:00","breadcrumb":{"@id":"https:\/\/www.purejewels.com\/product\/100gm-baird-co-made-fine-pure-gold-bar-100g-payment-link\/#breadcrumb"},"inLanguage":"tr","potentialAction":[{"@type":"ReadAction","target":["https:\/\/www.purejewels.com\/product\/100gm-baird-co-made-fine-pure-gold-bar-100g-payment-link\/"]}]},{"@type":"ImageObject","inLanguage":"tr","@id":"https:\/\/www.purejewels.com\/product\/100gm-baird-co-made-fine-pure-gold-bar-100g-payment-link\/#primaryimage","url":"https:\/\/static.purejewels.com\/wp-content\/uploads\/2020\/09\/100gm.png","contentUrl":"https:\/\/static.purejewels.com\/wp-content\/uploads\/2020\/09\/100gm.png","width":1000,"height":1000},{"@type":"BreadcrumbList","@id":"https:\/\/www.purejewels.com\/product\/100gm-baird-co-made-fine-pure-gold-bar-100g-payment-link\/#breadcrumb","itemListElement":[{"@type":"ListItem","position":1,"name":"Home","item":"https:\/\/www.purejewels.com\/"},{"@type":"ListItem","position":2,"name":"Shop","item":"https:\/\/www.purejewels.com\/shop\/"},{"@type":"ListItem","position":3,"name":"Baird &#038; Co. Made 100gm Fine Pure Gold Bar"}]},{"@type":"WebSite","@id":"https:\/\/www.purejewels.com\/#website","url":"https:\/\/www.purejewels.com\/","name":"PureJewels \u0130ngiltere","description":"Sevgiyi Payla\u015f\u0131n","publisher":{"@id":"https:\/\/www.purejewels.com\/#organization"},"potentialAction":[{"@type":"SearchAction","target":{"@type":"EntryPoint","urlTemplate":"https:\/\/www.purejewels.com\/?s={search_term_string}"},"query-input":{"@type":"PropertyValueSpecification","valueRequired":true,"valueName":"search_term_string"}}],"inLanguage":"tr"},{"@type":"Organization","@id":"https:\/\/www.purejewels.com\/#organization","name":"PureJewels \u0130ngiltere","url":"https:\/\/www.purejewels.com\/","logo":{"@type":"ImageObject","inLanguage":"tr","@id":"https:\/\/www.purejewels.com\/#\/schema\/logo\/image\/","url":"https:\/\/static.purejewels.com\/wp-content\/uploads\/2020\/11\/Logo-PJ-New-1.png","contentUrl":"https:\/\/static.purejewels.com\/wp-content\/uploads\/2020\/11\/Logo-PJ-New-1.png","width":150,"height":80,"caption":"PureJewels UK"},"image":{"@id":"https:\/\/www.purejewels.com\/#\/schema\/logo\/image\/"}}]}},"_links":{"self":[{"href":"https:\/\/www.purejewels.com\/tr\/wp-json\/wp\/v2\/product\/318917","targetHints":{"allow":["GET"]}}],"collection":[{"href":"https:\/\/www.purejewels.com\/tr\/wp-json\/wp\/v2\/product"}],"about":[{"href":"https:\/\/www.purejewels.com\/tr\/wp-json\/wp\/v2\/types\/product"}],"replies":[{"embeddable":true,"href":"https:\/\/www.purejewels.com\/tr\/wp-json\/wp\/v2\/comments?post=318917"}],"version-history":[{"count":1,"href":"https:\/\/www.purejewels.com\/tr\/wp-json\/wp\/v2\/product\/318917\/revisions"}],"predecessor-version":[{"id":374802,"href":"https:\/\/www.purejewels.com\/tr\/wp-json\/wp\/v2\/product\/318917\/revisions\/374802"}],"wp:featuredmedia":[{"embeddable":true,"href":"https:\/\/www.purejewels.com\/tr\/wp-json\/wp\/v2\/media\/339293"}],"wp:attachment":[{"href":"https:\/\/www.purejewels.com\/tr\/wp-json\/wp\/v2\/media?parent=318917"}],"wp:term":[{"taxonomy":"product_brand","embeddable":true,"href":"https:\/\/www.purejewels.com\/tr\/wp-json\/wp\/v2\/product_brand?post=318917"},{"taxonomy":"product_cat","embeddable":true,"href":"https:\/\/www.purejewels.com\/tr\/wp-json\/wp\/v2\/product_cat?post=318917"},{"taxonomy":"product_tag","embeddable":true,"href":"https:\/\/www.purejewels.com\/tr\/wp-json\/wp\/v2\/product_tag?post=318917"}],"curies":[{"name":"wp","href":"https:\/\/api.w.org\/{rel}","templated":true}]}}