{"id":318954,"date":"2020-11-07T15:13:20","date_gmt":"2020-11-07T15:13:20","guid":{"rendered":"https:\/\/www.purejewels.com\/product\/pamp-swiss-made-fine-gold-bar-2\/"},"modified":"2026-04-03T22:00:40","modified_gmt":"2026-04-03T21:00:40","slug":"pamp-i%cc%87svi%cc%87cre-yapimi-i%cc%87nce-altin-kulce-1-grm","status":"publish","type":"product","link":"https:\/\/www.purejewels.com\/tr\/product\/pamp-swiss-made-fine-gold-bar-1-grm\/","title":{"rendered":"1Grm \u0130nce Alt\u0131n K\u00fcl\u00e7e"},"content":{"rendered":"<p data-start=\"923\" data-end=\"1290\"><strong data-start=\"923\" data-end=\"941\">Tasar\u0131m Konsepti<\/strong><\/p>\n<p data-start=\"923\" data-end=\"1290\">Bu kompakt \u00fcr\u00fcnde sadelik \u015f\u0131kl\u0131kla bulu\u015fuyor <a href=\"https:\/\/www.purejewels.com\/tr\/urun-kategori%cc%87si%cc%87\/cubuk-paralar\/altin-kulceler\/\" target=\"_blank\" rel=\"noopener\">alt\u0131n k\u00fcl\u00e7e<\/a>, Temiz bir dikd\u00f6rtgen profil ve a\u011f\u0131rl\u0131\u011f\u0131n\u0131 ve metal safl\u0131\u011f\u0131n\u0131 detayland\u0131ran kal\u0131n yaz\u0131larla tasarlanm\u0131\u015ft\u0131r. Bar, kredi kart\u0131 boyutunda \u015f\u0131k bir blister ambalajda, benzersiz bir seri numaras\u0131 ve resmi sertifika ile birlikte sunulmakta ve \u0130ngiliz m\u00fckemmelli\u011fini Union Jack vurgusuyla sergilemektedir.<\/p>\n<p data-start=\"1292\" data-end=\"1575\"><strong data-start=\"1292\" data-end=\"1309\">Zanaatkarl\u0131k<\/strong><\/p>\n<p data-start=\"1292\" data-end=\"1575\">Baird &amp; Co'nun LBMA onayl\u0131 Londra rafinerisinde titiz standartlara g\u00f6re \u00fcretilen bu \u00e7ubuk, ola\u011fan\u00fcst\u00fc safl\u0131k ve i\u015f\u00e7ili\u011fi yans\u0131tmaktad\u0131r. Her bir par\u00e7a \u00f6zenle d\u00f6k\u00fcl\u00fcr, damgalan\u0131r ve m\u00fch\u00fcrlenir; b\u00f6ylece hem koleksiyoncular hem de yat\u0131r\u0131mc\u0131lar i\u00e7in g\u00fcvenli ve uzun \u00f6m\u00fcrl\u00fc bir de\u011fer sa\u011flan\u0131r.<\/p>\n<p data-start=\"1577\" data-end=\"1854\"><strong data-start=\"1577\" data-end=\"1598\">\u015eekillendirme &amp; Hediyele\u015fme<\/strong><\/p>\n<p data-start=\"1577\" data-end=\"1854\">Minimalist bi\u00e7imi, do\u011fum g\u00fcnleri, mezuniyetler, Diwali veya d\u00f6n\u00fcm noktas\u0131 kutlamalar\u0131 i\u00e7in \u00e7ok y\u00f6nl\u00fc bir hediye olmas\u0131n\u0131 sa\u011flar. \u0130ster k\u00fcl\u00e7e portf\u00f6y\u00fcn\u00fcz\u00fc olu\u015fturuyor ister sevdi\u011finiz birine refah hediye ediyor olun, bu 1 gr'l\u0131k k\u00fcl\u00e7e kaliteyle sarmalanm\u0131\u015f anlaml\u0131 bir jesttir.<\/p>","protected":false},"excerpt":{"rendered":"<p>\u0130nce 24 ayar Alt\u0131n Pamp veya herhangi bir e\u015fde\u011fer Markal\u0131 \u00e7ubuktan Bir Gram Alt\u0131n k\u00fcl\u00e7e.<\/p>\n<p>A\u011eIRLIK: 1 g<br \/>\nB\u0130T\u0130\u015e: 999,9<br \/>\nPAKETLEME: Hediye kutusu ile birlikte gelir<\/p>","protected":false},"featured_media":335776,"comment_status":"closed","ping_status":"closed","template":"","meta":{"_eb_attr":"","_crsspst_to_jayantr4sg-hostcom":false},"product_brand":[],"product_cat":[1482],"product_tag":[],"class_list":{"0":"post-318954","1":"product","2":"type-product","3":"status-publish","4":"has-post-thumbnail","6":"product_cat-uncategorized","8":"first","9":"onbackorder","10":"purchasable","11":"product-type-simple","12":"add-to-wishlist-before_image"},"yoast_head":"<!-- This site is optimized with the Yoast SEO plugin v27.3 - https:\/\/yoast.com\/product\/yoast-seo-wordpress\/ -->\n<title>1Grm Fine Gold Bar - PureJewels UK<\/title>\n<meta name=\"robots\" content=\"index, follow, max-snippet:-1, max-image-preview:large, max-video-preview:-1\" \/>\n<link rel=\"canonical\" href=\"https:\/\/www.purejewels.com\/tr\/urun\/pamp-i\u0307svi\u0307cre-yapimi-i\u0307nce-altin-kulce-1-grm\/\" \/>\n<meta property=\"og:locale\" content=\"tr_TR\" \/>\n<meta property=\"og:type\" content=\"article\" \/>\n<meta property=\"og:title\" content=\"1Grm Fine Gold Bar - PureJewels UK\" \/>\n<meta property=\"og:description\" content=\"A One Gram Gold bullion bar of fine 24-karat Gold Pamp or any equivalent Branded bar.  WEIGHT: 1 g FINISH: 999.9 PACKAGING: Comes with a gift box\" \/>\n<meta property=\"og:url\" content=\"https:\/\/www.purejewels.com\/tr\/urun\/pamp-i\u0307svi\u0307cre-yapimi-i\u0307nce-altin-kulce-1-grm\/\" \/>\n<meta property=\"og:site_name\" content=\"PureJewels UK\" \/>\n<meta property=\"article:modified_time\" content=\"2026-04-03T21:00:40+00:00\" \/>\n<meta property=\"og:image\" content=\"https:\/\/static.purejewels.com\/wp-content\/uploads\/2020\/11\/1g-gold-bar-baird-_-co-450x450_front.png\" \/>\n\t<meta property=\"og:image:width\" content=\"400\" \/>\n\t<meta property=\"og:image:height\" content=\"400\" \/>\n\t<meta property=\"og:image:type\" content=\"image\/png\" \/>\n<meta name=\"twitter:card\" content=\"summary_large_image\" \/>\n<meta name=\"twitter:label1\" content=\"Tahmini okuma s\u00fcresi\" \/>\n\t<meta name=\"twitter:data1\" content=\"1 dakika\" \/>\n<script type=\"application\/ld+json\" class=\"yoast-schema-graph\">{\"@context\":\"https:\\\/\\\/schema.org\",\"@graph\":[{\"@type\":[\"WebPage\",\"ItemPage\"],\"@id\":\"https:\\\/\\\/www.purejewels.com\\\/product\\\/pamp-swiss-made-fine-gold-bar-1-grm\\\/\",\"url\":\"https:\\\/\\\/www.purejewels.com\\\/product\\\/pamp-swiss-made-fine-gold-bar-1-grm\\\/\",\"name\":\"1Grm Fine Gold Bar - PureJewels UK\",\"isPartOf\":{\"@id\":\"https:\\\/\\\/www.purejewels.com\\\/#website\"},\"primaryImageOfPage\":{\"@id\":\"https:\\\/\\\/www.purejewels.com\\\/product\\\/pamp-swiss-made-fine-gold-bar-1-grm\\\/#primaryimage\"},\"image\":{\"@id\":\"https:\\\/\\\/www.purejewels.com\\\/product\\\/pamp-swiss-made-fine-gold-bar-1-grm\\\/#primaryimage\"},\"thumbnailUrl\":\"https:\\\/\\\/static.purejewels.com\\\/wp-content\\\/uploads\\\/2020\\\/11\\\/1g-gold-bar-baird-_-co-450x450_front.png\",\"datePublished\":\"2020-11-07T15:13:20+00:00\",\"dateModified\":\"2026-04-03T21:00:40+00:00\",\"breadcrumb\":{\"@id\":\"https:\\\/\\\/www.purejewels.com\\\/product\\\/pamp-swiss-made-fine-gold-bar-1-grm\\\/#breadcrumb\"},\"inLanguage\":\"tr\",\"potentialAction\":[{\"@type\":\"ReadAction\",\"target\":[\"https:\\\/\\\/www.purejewels.com\\\/product\\\/pamp-swiss-made-fine-gold-bar-1-grm\\\/\"]}]},{\"@type\":\"ImageObject\",\"inLanguage\":\"tr\",\"@id\":\"https:\\\/\\\/www.purejewels.com\\\/product\\\/pamp-swiss-made-fine-gold-bar-1-grm\\\/#primaryimage\",\"url\":\"https:\\\/\\\/static.purejewels.com\\\/wp-content\\\/uploads\\\/2020\\\/11\\\/1g-gold-bar-baird-_-co-450x450_front.png\",\"contentUrl\":\"https:\\\/\\\/static.purejewels.com\\\/wp-content\\\/uploads\\\/2020\\\/11\\\/1g-gold-bar-baird-_-co-450x450_front.png\",\"width\":400,\"height\":400},{\"@type\":\"BreadcrumbList\",\"@id\":\"https:\\\/\\\/www.purejewels.com\\\/product\\\/pamp-swiss-made-fine-gold-bar-1-grm\\\/#breadcrumb\",\"itemListElement\":[{\"@type\":\"ListItem\",\"position\":1,\"name\":\"Home\",\"item\":\"https:\\\/\\\/www.purejewels.com\\\/\"},{\"@type\":\"ListItem\",\"position\":2,\"name\":\"Shop\",\"item\":\"https:\\\/\\\/www.purejewels.com\\\/shop\\\/\"},{\"@type\":\"ListItem\",\"position\":3,\"name\":\"1Grm Fine Gold Bar\"}]},{\"@type\":\"WebSite\",\"@id\":\"https:\\\/\\\/www.purejewels.com\\\/#website\",\"url\":\"https:\\\/\\\/www.purejewels.com\\\/\",\"name\":\"PureJewels UK\",\"description\":\"Share the Love\",\"publisher\":{\"@id\":\"https:\\\/\\\/www.purejewels.com\\\/#organization\"},\"potentialAction\":[{\"@type\":\"SearchAction\",\"target\":{\"@type\":\"EntryPoint\",\"urlTemplate\":\"https:\\\/\\\/www.purejewels.com\\\/?s={search_term_string}\"},\"query-input\":{\"@type\":\"PropertyValueSpecification\",\"valueRequired\":true,\"valueName\":\"search_term_string\"}}],\"inLanguage\":\"tr\"},{\"@type\":\"Organization\",\"@id\":\"https:\\\/\\\/www.purejewels.com\\\/#organization\",\"name\":\"PureJewels UK\",\"url\":\"https:\\\/\\\/www.purejewels.com\\\/\",\"logo\":{\"@type\":\"ImageObject\",\"inLanguage\":\"tr\",\"@id\":\"https:\\\/\\\/www.purejewels.com\\\/#\\\/schema\\\/logo\\\/image\\\/\",\"url\":\"https:\\\/\\\/static.purejewels.com\\\/wp-content\\\/uploads\\\/2020\\\/11\\\/Logo-PJ-New-1.png\",\"contentUrl\":\"https:\\\/\\\/static.purejewels.com\\\/wp-content\\\/uploads\\\/2020\\\/11\\\/Logo-PJ-New-1.png\",\"width\":150,\"height\":80,\"caption\":\"PureJewels UK\"},\"image\":{\"@id\":\"https:\\\/\\\/www.purejewels.com\\\/#\\\/schema\\\/logo\\\/image\\\/\"}}]}<\/script>\n<!-- \/ Yoast SEO plugin. -->","yoast_head_json":{"title":"1Grm \u0130nce Alt\u0131n K\u00fcl\u00e7e - PureJewels UK","robots":{"index":"index","follow":"follow","max-snippet":"max-snippet:-1","max-image-preview":"max-image-preview:large","max-video-preview":"max-video-preview:-1"},"canonical":"https:\/\/www.purejewels.com\/tr\/urun\/pamp-i\u0307svi\u0307cre-yapimi-i\u0307nce-altin-kulce-1-grm\/","og_locale":"tr_TR","og_type":"article","og_title":"1Grm Fine Gold Bar - PureJewels UK","og_description":"A One Gram Gold bullion bar of fine 24-karat Gold Pamp or any equivalent Branded bar.  WEIGHT: 1 g FINISH: 999.9 PACKAGING: Comes with a gift box","og_url":"https:\/\/www.purejewels.com\/tr\/urun\/pamp-i\u0307svi\u0307cre-yapimi-i\u0307nce-altin-kulce-1-grm\/","og_site_name":"PureJewels UK","article_modified_time":"2026-04-03T21:00:40+00:00","og_image":[{"width":400,"height":400,"url":"https:\/\/static.purejewels.com\/wp-content\/uploads\/2020\/11\/1g-gold-bar-baird-_-co-450x450_front.png","type":"image\/png"}],"twitter_card":"summary_large_image","twitter_misc":{"Tahmini okuma s\u00fcresi":"1 dakika"},"schema":{"@context":"https:\/\/schema.org","@graph":[{"@type":["WebPage","ItemPage"],"@id":"https:\/\/www.purejewels.com\/product\/pamp-swiss-made-fine-gold-bar-1-grm\/","url":"https:\/\/www.purejewels.com\/product\/pamp-swiss-made-fine-gold-bar-1-grm\/","name":"1Grm \u0130nce Alt\u0131n K\u00fcl\u00e7e - PureJewels UK","isPartOf":{"@id":"https:\/\/www.purejewels.com\/#website"},"primaryImageOfPage":{"@id":"https:\/\/www.purejewels.com\/product\/pamp-swiss-made-fine-gold-bar-1-grm\/#primaryimage"},"image":{"@id":"https:\/\/www.purejewels.com\/product\/pamp-swiss-made-fine-gold-bar-1-grm\/#primaryimage"},"thumbnailUrl":"https:\/\/static.purejewels.com\/wp-content\/uploads\/2020\/11\/1g-gold-bar-baird-_-co-450x450_front.png","datePublished":"2020-11-07T15:13:20+00:00","dateModified":"2026-04-03T21:00:40+00:00","breadcrumb":{"@id":"https:\/\/www.purejewels.com\/product\/pamp-swiss-made-fine-gold-bar-1-grm\/#breadcrumb"},"inLanguage":"tr","potentialAction":[{"@type":"ReadAction","target":["https:\/\/www.purejewels.com\/product\/pamp-swiss-made-fine-gold-bar-1-grm\/"]}]},{"@type":"ImageObject","inLanguage":"tr","@id":"https:\/\/www.purejewels.com\/product\/pamp-swiss-made-fine-gold-bar-1-grm\/#primaryimage","url":"https:\/\/static.purejewels.com\/wp-content\/uploads\/2020\/11\/1g-gold-bar-baird-_-co-450x450_front.png","contentUrl":"https:\/\/static.purejewels.com\/wp-content\/uploads\/2020\/11\/1g-gold-bar-baird-_-co-450x450_front.png","width":400,"height":400},{"@type":"BreadcrumbList","@id":"https:\/\/www.purejewels.com\/product\/pamp-swiss-made-fine-gold-bar-1-grm\/#breadcrumb","itemListElement":[{"@type":"ListItem","position":1,"name":"Home","item":"https:\/\/www.purejewels.com\/"},{"@type":"ListItem","position":2,"name":"Shop","item":"https:\/\/www.purejewels.com\/shop\/"},{"@type":"ListItem","position":3,"name":"1Grm Fine Gold Bar"}]},{"@type":"WebSite","@id":"https:\/\/www.purejewels.com\/#website","url":"https:\/\/www.purejewels.com\/","name":"PureJewels \u0130ngiltere","description":"Sevgiyi Payla\u015f\u0131n","publisher":{"@id":"https:\/\/www.purejewels.com\/#organization"},"potentialAction":[{"@type":"SearchAction","target":{"@type":"EntryPoint","urlTemplate":"https:\/\/www.purejewels.com\/?s={search_term_string}"},"query-input":{"@type":"PropertyValueSpecification","valueRequired":true,"valueName":"search_term_string"}}],"inLanguage":"tr"},{"@type":"Organization","@id":"https:\/\/www.purejewels.com\/#organization","name":"PureJewels \u0130ngiltere","url":"https:\/\/www.purejewels.com\/","logo":{"@type":"ImageObject","inLanguage":"tr","@id":"https:\/\/www.purejewels.com\/#\/schema\/logo\/image\/","url":"https:\/\/static.purejewels.com\/wp-content\/uploads\/2020\/11\/Logo-PJ-New-1.png","contentUrl":"https:\/\/static.purejewels.com\/wp-content\/uploads\/2020\/11\/Logo-PJ-New-1.png","width":150,"height":80,"caption":"PureJewels UK"},"image":{"@id":"https:\/\/www.purejewels.com\/#\/schema\/logo\/image\/"}}]}},"_links":{"self":[{"href":"https:\/\/www.purejewels.com\/tr\/wp-json\/wp\/v2\/product\/318954","targetHints":{"allow":["GET"]}}],"collection":[{"href":"https:\/\/www.purejewels.com\/tr\/wp-json\/wp\/v2\/product"}],"about":[{"href":"https:\/\/www.purejewels.com\/tr\/wp-json\/wp\/v2\/types\/product"}],"replies":[{"embeddable":true,"href":"https:\/\/www.purejewels.com\/tr\/wp-json\/wp\/v2\/comments?post=318954"}],"version-history":[{"count":3,"href":"https:\/\/www.purejewels.com\/tr\/wp-json\/wp\/v2\/product\/318954\/revisions"}],"predecessor-version":[{"id":427452,"href":"https:\/\/www.purejewels.com\/tr\/wp-json\/wp\/v2\/product\/318954\/revisions\/427452"}],"wp:featuredmedia":[{"embeddable":true,"href":"https:\/\/www.purejewels.com\/tr\/wp-json\/wp\/v2\/media\/335776"}],"wp:attachment":[{"href":"https:\/\/www.purejewels.com\/tr\/wp-json\/wp\/v2\/media?parent=318954"}],"wp:term":[{"taxonomy":"product_brand","embeddable":true,"href":"https:\/\/www.purejewels.com\/tr\/wp-json\/wp\/v2\/product_brand?post=318954"},{"taxonomy":"product_cat","embeddable":true,"href":"https:\/\/www.purejewels.com\/tr\/wp-json\/wp\/v2\/product_cat?post=318954"},{"taxonomy":"product_tag","embeddable":true,"href":"https:\/\/www.purejewels.com\/tr\/wp-json\/wp\/v2\/product_tag?post=318954"}],"curies":[{"name":"wp","href":"https:\/\/api.w.org\/{rel}","templated":true}]}}