{"id":319099,"date":"2020-11-23T07:43:30","date_gmt":"2020-11-23T07:43:30","guid":{"rendered":"https:\/\/www.purejewels.com\/?post_type=product&#038;p=319099"},"modified":"2026-01-10T16:14:16","modified_gmt":"2026-01-10T16:14:16","slug":"jali-collection-22-ayar-altin-kada-33459","status":"publish","type":"product","link":"https:\/\/www.purejewels.com\/tr\/product\/jali-collection-22ct-gold-kada-33459\/","title":{"rendered":"22 ayar alt\u0131n gran\u00fcl Kada"},"content":{"rendered":"<p data-start=\"692\" data-end=\"1107\"><strong data-start=\"692\" data-end=\"710\">Tasar\u0131m Konsepti<\/strong><br data-start=\"710\" data-end=\"713\" \/>Klasik Hint tasar\u0131m\u0131ndan esinlenen 22 ayar alt\u0131n gran\u00fcl Kada, tap\u0131nak m\u00fccevherleri ve geleneksel kolye motiflerinden ilham alm\u0131\u015ft\u0131r. Y\u00fczy\u0131llard\u0131r kullan\u0131lan bir dekoratif teknik olan ince gran\u00fclasyon, her a\u00e7\u0131dan \u0131\u015f\u0131\u011f\u0131 yans\u0131tan zengin dokulu bir y\u00fczey olu\u015fturur. Ortadaki silindirik detay, mimari g\u00fc\u00e7 ve estetik denge katarak, bu par\u00e7ay\u0131 heybetli ama zarif bir tasar\u0131m haline getirir.<\/p>\n<p data-start=\"1109\" data-end=\"1487\"><strong data-start=\"1109\" data-end=\"1126\">Zanaatkarl\u0131k<\/strong><br data-start=\"1126\" data-end=\"1129\" \/>Bu kada, yetenekli zanaatkarlar taraf\u0131ndan saf 22 ayar alt\u0131nla titizlikle el i\u015f\u00e7ili\u011fi ile \u00fcretilmi\u015ftir. Her bir gran\u00fcl, sabit bir el ve e\u011fitimli bir g\u00f6z gerektiren hassas bir i\u015flemle uygulan\u0131r. Par\u00e7a daha sonra cilalan\u0131r ve s\u0131cak parlakl\u0131\u011f\u0131n\u0131 ve y\u00fczey derinli\u011fini ortaya \u00e7\u0131karmak i\u00e7in son i\u015flemden ge\u00e7irilir. Kat\u0131 alt\u0131n yap\u0131s\u0131, hem dayan\u0131kl\u0131l\u0131k hem de zarif bir g\u00fczellik sunar \u2014 geleneksel kuyumculu\u011fun ger\u00e7ek bir \u00f6rne\u011fi.<\/p>\n<p data-start=\"1489\" data-end=\"1884\"><strong data-start=\"1489\" data-end=\"1506\">Stil Fikirleri<\/strong><br data-start=\"1506\" data-end=\"1509\" \/>Kendi ba\u015f\u0131na cesur bir ifade olan bu kada, kutlama g\u00fcnleri i\u00e7in veya g\u00fcnl\u00fck \u015f\u0131kl\u0131k i\u00e7in tek ba\u015f\u0131na tak\u0131labilecek ideal bir par\u00e7ad\u0131r. \u0130pek sariler ve lehengalardan yap\u0131l\u0131 bluzlara ve minimalist elbiselere kadar hem Hint hem de Bat\u0131 k\u0131yafetleriyle kolayca kombinlenebilir. Uyumlu bir g\u00f6r\u00fcn\u00fcm i\u00e7in, ona uygun gran\u00fcl k\u00fcpelerle birlikte tak\u0131n veya di\u011fer bileziklerle birlikte takarak katmanl\u0131 bir alt\u0131n hikayesi yarat\u0131n.<\/p>","protected":false},"excerpt":{"rendered":"<p>Bu 22 ayar alt\u0131n gran\u00fcl Kada, y\u00fczeyi boyunca zarif doku ve karma\u015f\u0131k gran\u00fcl detaylara sahiptir ve ortas\u0131nda cesur bir motifle tamamlanm\u0131\u015ft\u0131r. Geleneksel sanat ve g\u00fcc\u00fcn zamans\u0131z bir ifadesi.<\/p>\n<ul>\n<li>Jali Koleksiyonumuzdan 22 Ayar Alt\u0131n Kada<\/li>\n<li>Boyut: 2,6 in\u00e7 i\u00e7 \u00e7ap. Ek boyutlar i\u00e7in l\u00fctfen sorunuz<\/li>\n<li>SKU 33459<\/li>\n<li>\u00a0A\u011f\u0131rl\u0131k 15,8 gms<\/li>\n<li>L\u00fctfen burada belirtilen fiyat\u0131n Tek Kada i\u00e7in oldu\u011funu unutmay\u0131n (\u00c7ift sat\u0131n almak i\u00e7in l\u00fctfen bizimle sohbet edin)<\/li>\n<li>T\u00fcm fiyatlara KDV dahildir<\/li>\n<li>T\u00fcm \u00fcr\u00fcnlerimiz London Assay Office taraf\u0131ndan damgalanm\u0131\u015ft\u0131r<\/li>\n<li>T\u00fcm setler sunum kutusu ile birlikte gelir<\/li>\n<li>Teslimat Dahil<\/li>\n<li>Stok durumu ve stokta bulunan benzer tasar\u0131mlar\u0131n daha fazla g\u00f6r\u00fcnt\u00fcs\u00fc i\u00e7in bizimle canl\u0131 sohbet edin<\/li>\n<\/ul>","protected":false},"featured_media":319315,"comment_status":"closed","ping_status":"closed","template":"","meta":{"_eb_attr":"","_crsspst_to_jayantr4sg-hostcom":true},"product_brand":[],"product_cat":[1791,1233,252,1657,1574],"product_tag":[1514,1502,63],"class_list":{"0":"post-319099","1":"product","2":"type-product","3":"status-publish","4":"has-post-thumbnail","6":"product_cat-anniversary-gifts","7":"product_cat-gold-bangles","8":"product_cat-jali-collections","9":"product_cat-single-bangle","10":"product_cat-womens-jewellery","11":"product_tag-bangles","12":"product_tag-filigree","13":"product_tag-gold","15":"first","16":"outofstock","17":"taxable","18":"shipping-taxable","19":"product-type-simple","20":"add-to-wishlist-before_image"},"yoast_head":"<!-- This site is optimized with the Yoast SEO plugin v27.3 - https:\/\/yoast.com\/product\/yoast-seo-wordpress\/ -->\n<title>Traditional 22ct Gold Granulated Kada \u2013 Pure Craftsmanship<\/title>\n<meta name=\"description\" content=\"Discover the 22ct Gold Granulated Kada, a handcrafted bangle featuring intricate gold granule detailing. Timeless elegance with deep roots in traditional design.\" \/>\n<meta name=\"robots\" content=\"index, follow, max-snippet:-1, max-image-preview:large, max-video-preview:-1\" \/>\n<link rel=\"canonical\" href=\"https:\/\/www.purejewels.com\/tr\/urun\/jali-collection-22-ayar-altin-kada-33459\/\" \/>\n<meta property=\"og:locale\" content=\"tr_TR\" \/>\n<meta property=\"og:type\" content=\"article\" \/>\n<meta property=\"og:title\" content=\"Traditional 22ct Gold Granulated Kada \u2013 Pure Craftsmanship\" \/>\n<meta property=\"og:description\" content=\"Discover the 22ct Gold Granulated Kada, a handcrafted bangle featuring intricate gold granule detailing. Timeless elegance with deep roots in traditional design.\" \/>\n<meta property=\"og:url\" content=\"https:\/\/www.purejewels.com\/tr\/urun\/jali-collection-22-ayar-altin-kada-33459\/\" \/>\n<meta property=\"og:site_name\" content=\"PureJewels UK\" \/>\n<meta property=\"article:modified_time\" content=\"2026-01-10T16:14:16+00:00\" \/>\n<meta property=\"og:image\" content=\"https:\/\/static.purejewels.com\/wp-content\/uploads\/2020\/11\/33459-01.jpg\" \/>\n\t<meta property=\"og:image:width\" content=\"1000\" \/>\n\t<meta property=\"og:image:height\" content=\"1000\" \/>\n\t<meta property=\"og:image:type\" content=\"image\/jpeg\" \/>\n<meta name=\"twitter:card\" content=\"summary_large_image\" \/>\n<meta name=\"twitter:label1\" content=\"Tahmini okuma s\u00fcresi\" \/>\n\t<meta name=\"twitter:data1\" content=\"1 dakika\" \/>\n<script type=\"application\/ld+json\" class=\"yoast-schema-graph\">{\"@context\":\"https:\\\/\\\/schema.org\",\"@graph\":[{\"@type\":[\"WebPage\",\"ItemPage\"],\"@id\":\"https:\\\/\\\/www.purejewels.com\\\/product\\\/jali-collection-22ct-gold-kada-33459\\\/\",\"url\":\"https:\\\/\\\/www.purejewels.com\\\/product\\\/jali-collection-22ct-gold-kada-33459\\\/\",\"name\":\"Traditional 22ct Gold Granulated Kada \u2013 Pure Craftsmanship\",\"isPartOf\":{\"@id\":\"https:\\\/\\\/www.purejewels.com\\\/#website\"},\"primaryImageOfPage\":{\"@id\":\"https:\\\/\\\/www.purejewels.com\\\/product\\\/jali-collection-22ct-gold-kada-33459\\\/#primaryimage\"},\"image\":{\"@id\":\"https:\\\/\\\/www.purejewels.com\\\/product\\\/jali-collection-22ct-gold-kada-33459\\\/#primaryimage\"},\"thumbnailUrl\":\"https:\\\/\\\/static.purejewels.com\\\/wp-content\\\/uploads\\\/2020\\\/11\\\/33459-01.jpg\",\"datePublished\":\"2020-11-23T07:43:30+00:00\",\"dateModified\":\"2026-01-10T16:14:16+00:00\",\"description\":\"Discover the 22ct Gold Granulated Kada, a handcrafted bangle featuring intricate gold granule detailing. Timeless elegance with deep roots in traditional design.\",\"breadcrumb\":{\"@id\":\"https:\\\/\\\/www.purejewels.com\\\/product\\\/jali-collection-22ct-gold-kada-33459\\\/#breadcrumb\"},\"inLanguage\":\"tr\",\"potentialAction\":[{\"@type\":\"ReadAction\",\"target\":[\"https:\\\/\\\/www.purejewels.com\\\/product\\\/jali-collection-22ct-gold-kada-33459\\\/\"]}]},{\"@type\":\"ImageObject\",\"inLanguage\":\"tr\",\"@id\":\"https:\\\/\\\/www.purejewels.com\\\/product\\\/jali-collection-22ct-gold-kada-33459\\\/#primaryimage\",\"url\":\"https:\\\/\\\/static.purejewels.com\\\/wp-content\\\/uploads\\\/2020\\\/11\\\/33459-01.jpg\",\"contentUrl\":\"https:\\\/\\\/static.purejewels.com\\\/wp-content\\\/uploads\\\/2020\\\/11\\\/33459-01.jpg\",\"width\":1000,\"height\":1000,\"caption\":\"22ct Gold Bangle 33459-01\"},{\"@type\":\"BreadcrumbList\",\"@id\":\"https:\\\/\\\/www.purejewels.com\\\/product\\\/jali-collection-22ct-gold-kada-33459\\\/#breadcrumb\",\"itemListElement\":[{\"@type\":\"ListItem\",\"position\":1,\"name\":\"Home\",\"item\":\"https:\\\/\\\/www.purejewels.com\\\/\"},{\"@type\":\"ListItem\",\"position\":2,\"name\":\"Shop\",\"item\":\"https:\\\/\\\/www.purejewels.com\\\/shop\\\/\"},{\"@type\":\"ListItem\",\"position\":3,\"name\":\"22ct Gold Granulated Kada\"}]},{\"@type\":\"WebSite\",\"@id\":\"https:\\\/\\\/www.purejewels.com\\\/#website\",\"url\":\"https:\\\/\\\/www.purejewels.com\\\/\",\"name\":\"PureJewels UK\",\"description\":\"Share the Love\",\"publisher\":{\"@id\":\"https:\\\/\\\/www.purejewels.com\\\/#organization\"},\"potentialAction\":[{\"@type\":\"SearchAction\",\"target\":{\"@type\":\"EntryPoint\",\"urlTemplate\":\"https:\\\/\\\/www.purejewels.com\\\/?s={search_term_string}\"},\"query-input\":{\"@type\":\"PropertyValueSpecification\",\"valueRequired\":true,\"valueName\":\"search_term_string\"}}],\"inLanguage\":\"tr\"},{\"@type\":\"Organization\",\"@id\":\"https:\\\/\\\/www.purejewels.com\\\/#organization\",\"name\":\"PureJewels UK\",\"url\":\"https:\\\/\\\/www.purejewels.com\\\/\",\"logo\":{\"@type\":\"ImageObject\",\"inLanguage\":\"tr\",\"@id\":\"https:\\\/\\\/www.purejewels.com\\\/#\\\/schema\\\/logo\\\/image\\\/\",\"url\":\"https:\\\/\\\/static.purejewels.com\\\/wp-content\\\/uploads\\\/2020\\\/11\\\/Logo-PJ-New-1.png\",\"contentUrl\":\"https:\\\/\\\/static.purejewels.com\\\/wp-content\\\/uploads\\\/2020\\\/11\\\/Logo-PJ-New-1.png\",\"width\":150,\"height\":80,\"caption\":\"PureJewels UK\"},\"image\":{\"@id\":\"https:\\\/\\\/www.purejewels.com\\\/#\\\/schema\\\/logo\\\/image\\\/\"}}]}<\/script>\n<!-- \/ Yoast SEO plugin. -->","yoast_head_json":{"title":"Geleneksel 22 ayar alt\u0131n gran\u00fcl Kada \u2013 Saf zanaatkarl\u0131k","description":"22 ayar alt\u0131n gran\u00fcl detaylara sahip, el yap\u0131m\u0131 bir bileklik olan 22ct Gold Granulated Kada'y\u0131 ke\u015ffedin. Geleneksel tasar\u0131m\u0131n derin k\u00f6klerine sahip, zamans\u0131z bir zarafet.","robots":{"index":"index","follow":"follow","max-snippet":"max-snippet:-1","max-image-preview":"max-image-preview:large","max-video-preview":"max-video-preview:-1"},"canonical":"https:\/\/www.purejewels.com\/tr\/urun\/jali-collection-22-ayar-altin-kada-33459\/","og_locale":"tr_TR","og_type":"article","og_title":"Traditional 22ct Gold Granulated Kada \u2013 Pure Craftsmanship","og_description":"Discover the 22ct Gold Granulated Kada, a handcrafted bangle featuring intricate gold granule detailing. Timeless elegance with deep roots in traditional design.","og_url":"https:\/\/www.purejewels.com\/tr\/urun\/jali-collection-22-ayar-altin-kada-33459\/","og_site_name":"PureJewels UK","article_modified_time":"2026-01-10T16:14:16+00:00","og_image":[{"width":1000,"height":1000,"url":"https:\/\/static.purejewels.com\/wp-content\/uploads\/2020\/11\/33459-01.jpg","type":"image\/jpeg"}],"twitter_card":"summary_large_image","twitter_misc":{"Tahmini okuma s\u00fcresi":"1 dakika"},"schema":{"@context":"https:\/\/schema.org","@graph":[{"@type":["WebPage","ItemPage"],"@id":"https:\/\/www.purejewels.com\/product\/jali-collection-22ct-gold-kada-33459\/","url":"https:\/\/www.purejewels.com\/product\/jali-collection-22ct-gold-kada-33459\/","name":"Geleneksel 22 ayar alt\u0131n gran\u00fcl Kada \u2013 Saf zanaatkarl\u0131k","isPartOf":{"@id":"https:\/\/www.purejewels.com\/#website"},"primaryImageOfPage":{"@id":"https:\/\/www.purejewels.com\/product\/jali-collection-22ct-gold-kada-33459\/#primaryimage"},"image":{"@id":"https:\/\/www.purejewels.com\/product\/jali-collection-22ct-gold-kada-33459\/#primaryimage"},"thumbnailUrl":"https:\/\/static.purejewels.com\/wp-content\/uploads\/2020\/11\/33459-01.jpg","datePublished":"2020-11-23T07:43:30+00:00","dateModified":"2026-01-10T16:14:16+00:00","description":"22 ayar alt\u0131n gran\u00fcl detaylara sahip, el yap\u0131m\u0131 bir bileklik olan 22ct Gold Granulated Kada'y\u0131 ke\u015ffedin. Geleneksel tasar\u0131m\u0131n derin k\u00f6klerine sahip, zamans\u0131z bir zarafet.","breadcrumb":{"@id":"https:\/\/www.purejewels.com\/product\/jali-collection-22ct-gold-kada-33459\/#breadcrumb"},"inLanguage":"tr","potentialAction":[{"@type":"ReadAction","target":["https:\/\/www.purejewels.com\/product\/jali-collection-22ct-gold-kada-33459\/"]}]},{"@type":"ImageObject","inLanguage":"tr","@id":"https:\/\/www.purejewels.com\/product\/jali-collection-22ct-gold-kada-33459\/#primaryimage","url":"https:\/\/static.purejewels.com\/wp-content\/uploads\/2020\/11\/33459-01.jpg","contentUrl":"https:\/\/static.purejewels.com\/wp-content\/uploads\/2020\/11\/33459-01.jpg","width":1000,"height":1000,"caption":"22ct Gold Bangle 33459-01"},{"@type":"BreadcrumbList","@id":"https:\/\/www.purejewels.com\/product\/jali-collection-22ct-gold-kada-33459\/#breadcrumb","itemListElement":[{"@type":"ListItem","position":1,"name":"Home","item":"https:\/\/www.purejewels.com\/"},{"@type":"ListItem","position":2,"name":"Shop","item":"https:\/\/www.purejewels.com\/shop\/"},{"@type":"ListItem","position":3,"name":"22ct Gold Granulated Kada"}]},{"@type":"WebSite","@id":"https:\/\/www.purejewels.com\/#website","url":"https:\/\/www.purejewels.com\/","name":"PureJewels \u0130ngiltere","description":"Sevgiyi Payla\u015f\u0131n","publisher":{"@id":"https:\/\/www.purejewels.com\/#organization"},"potentialAction":[{"@type":"SearchAction","target":{"@type":"EntryPoint","urlTemplate":"https:\/\/www.purejewels.com\/?s={search_term_string}"},"query-input":{"@type":"PropertyValueSpecification","valueRequired":true,"valueName":"search_term_string"}}],"inLanguage":"tr"},{"@type":"Organization","@id":"https:\/\/www.purejewels.com\/#organization","name":"PureJewels \u0130ngiltere","url":"https:\/\/www.purejewels.com\/","logo":{"@type":"ImageObject","inLanguage":"tr","@id":"https:\/\/www.purejewels.com\/#\/schema\/logo\/image\/","url":"https:\/\/static.purejewels.com\/wp-content\/uploads\/2020\/11\/Logo-PJ-New-1.png","contentUrl":"https:\/\/static.purejewels.com\/wp-content\/uploads\/2020\/11\/Logo-PJ-New-1.png","width":150,"height":80,"caption":"PureJewels UK"},"image":{"@id":"https:\/\/www.purejewels.com\/#\/schema\/logo\/image\/"}}]}},"_links":{"self":[{"href":"https:\/\/www.purejewels.com\/tr\/wp-json\/wp\/v2\/product\/319099","targetHints":{"allow":["GET"]}}],"collection":[{"href":"https:\/\/www.purejewels.com\/tr\/wp-json\/wp\/v2\/product"}],"about":[{"href":"https:\/\/www.purejewels.com\/tr\/wp-json\/wp\/v2\/types\/product"}],"replies":[{"embeddable":true,"href":"https:\/\/www.purejewels.com\/tr\/wp-json\/wp\/v2\/comments?post=319099"}],"version-history":[{"count":3,"href":"https:\/\/www.purejewels.com\/tr\/wp-json\/wp\/v2\/product\/319099\/revisions"}],"predecessor-version":[{"id":423368,"href":"https:\/\/www.purejewels.com\/tr\/wp-json\/wp\/v2\/product\/319099\/revisions\/423368"}],"wp:featuredmedia":[{"embeddable":true,"href":"https:\/\/www.purejewels.com\/tr\/wp-json\/wp\/v2\/media\/319315"}],"wp:attachment":[{"href":"https:\/\/www.purejewels.com\/tr\/wp-json\/wp\/v2\/media?parent=319099"}],"wp:term":[{"taxonomy":"product_brand","embeddable":true,"href":"https:\/\/www.purejewels.com\/tr\/wp-json\/wp\/v2\/product_brand?post=319099"},{"taxonomy":"product_cat","embeddable":true,"href":"https:\/\/www.purejewels.com\/tr\/wp-json\/wp\/v2\/product_cat?post=319099"},{"taxonomy":"product_tag","embeddable":true,"href":"https:\/\/www.purejewels.com\/tr\/wp-json\/wp\/v2\/product_tag?post=319099"}],"curies":[{"name":"wp","href":"https:\/\/api.w.org\/{rel}","templated":true}]}}