{"id":319438,"date":"2020-11-30T13:45:22","date_gmt":"2020-11-30T13:45:22","guid":{"rendered":"https:\/\/www.purejewels.com\/product\/glow-collection-22ct-gold-ladies-bracelet-5-7gm\/"},"modified":"2026-01-08T06:36:44","modified_gmt":"2026-01-08T06:36:44","slug":"22-ayar-altin-bayan-bileklik-33047","status":"publish","type":"product","link":"https:\/\/www.purejewels.com\/tr\/product\/22ct-gold-ladies-bracelet-33047\/","title":{"rendered":"22 Ayar Alt\u0131n Glow Koleksiyonu \u00c7ift Boncuklu Bileklik"},"content":{"rendered":"<p>S\u0131cakl\u0131k ve zarafet sa\u00e7an Glow Collection bayan \u00e7ift boncuklu bileklik, \u0131\u015f\u0131lt\u0131l\u0131 22 ayar sar\u0131 alt\u0131ndan \u00fcretilmi\u015f ve bilekle birlikte g\u00fczelce hareket edecek \u015fekilde tasarlanm\u0131\u015ft\u0131r. \u0130ki ince boncuklu katman m\u00fckemmel bir uyum i\u00e7inde bir araya gelerek hem \u00e7a\u011fda\u015f hem de zamans\u0131z hissettiren yumu\u015fak bir \u0131\u015f\u0131lt\u0131 yarat\u0131r.<\/p>\n<p>Hafif ve ak\u0131c\u0131 bir tasar\u0131ma sahip olan bu bileklik, g\u00fcnd\u00fcz \u015f\u0131kl\u0131\u011f\u0131 i\u00e7in yeterince ince, ak\u015fam g\u00f6r\u00fcn\u00fcm\u00fcn\u00fc tamamlayacak kadar zarif, g\u00fcnl\u00fck kullan\u0131m i\u00e7in idealdir. \u00c7ift katmanl\u0131 yap\u0131s\u0131, bileklik ve saatlerle zahmetsizce e\u015fle\u015fen ya da minimal bir ifade i\u00e7in tek ba\u015f\u0131na tak\u0131lan \u00e7ok y\u00f6nl\u00fc bir par\u00e7a haline getirerek ezici olmadan karakter katar.<\/p>\n<p>PureJewels'in rafine alt\u0131n i\u015f\u00e7ili\u011fine olan ba\u011fl\u0131l\u0131\u011f\u0131n\u0131n bir yans\u0131mas\u0131 olan bu bileklik, sadeli\u011fi, safl\u0131\u011f\u0131 ve modern kad\u0131ns\u0131l\u0131\u011f\u0131 kutluyor; bu da onu d\u00fc\u015f\u00fcnceli bir hediye veya tak\u0131p keyfini \u00e7\u0131karabilece\u011finiz ki\u015fisel bir hazine haline getiriyor.<\/p>","protected":false},"excerpt":{"rendered":"<p>Modern zarafet i\u00e7in tasarlanan bu Glow Collection bileklik, zengin 22 ayar alt\u0131nla i\u015flenmi\u015f iki narin alt\u0131n boncuk s\u0131ras\u0131na sahiptir - hafif, zarif ve zahmetsizce \u015f\u0131k.<\/p>\n<ul>\n<li>22ct\u00a0<span id=\"urn:enhancement-6b5dda1b\" class=\"textannotation\">Alt\u0131n<\/span>\u00a0Bayan Bileklik<\/li>\n<li>A\u011f\u0131rl\u0131k 5,7 gms<\/li>\n<li>Sku 33047<\/li>\n<li>Uzunluk 7 \u0130n\u00e7<\/li>\n<li>Boncuk kal\u0131nl\u0131\u011f\u0131 2mm<\/li>\n<li>T\u00fcm fiyatlara KDV dahildir<\/li>\n<li>Hepsi 22\u00a0<span id=\"urn:enhancement-96f8acd8\" class=\"textannotation\">karat<\/span>\u00a0<span id=\"urn:enhancement-475c5677\" class=\"textannotation\">alt\u0131n<\/span>\u00a0bilezikler Londra damgal\u0131d\u0131r\u00a0<span id=\"urn:enhancement-50f6b5fe\" class=\"textannotation\">Tahlil Ofisi<\/span><\/li>\n<li>T\u00fcm\u00fc\u00a0<span id=\"urn:enhancement-a52000c\" class=\"textannotation\">Alt\u0131n<\/span>\u00a0Kad\u0131n Bilekli\u011fi Sunum Kutusuyla Birlikte Gelir<\/li>\n<li>Teslimat Dahil<\/li>\n<li>Uygunluk durumu ve daha fazla benzer g\u00f6rsel i\u00e7in bizimle canl\u0131 sohbet edin\u00a0<span id=\"urn:enhancement-bc77c438\" class=\"textannotation\">tasar\u0131mlar<\/span>\u00a0\u015fu anda\u00a0<span id=\"urn:enhancement-973deb93\" class=\"textannotation\">stok<\/span><\/li>\n<\/ul>","protected":false},"featured_media":319449,"comment_status":"closed","ping_status":"closed","template":"","meta":{"_eb_attr":"","_crsspst_to_jayantr4sg-hostcom":false},"product_brand":[],"product_cat":[1791,1559,1794,3628,1324,1627,1575,1574],"product_tag":[],"class_list":{"0":"post-319438","1":"product","2":"type-product","3":"status-publish","4":"has-post-thumbnail","6":"product_cat-anniversary-gifts","7":"product_cat-birthday-gifts","8":"product_cat-christmas-gifts","9":"product_cat-glow-collections","10":"product_cat-gold-bracelet","11":"product_cat-ladies-bracelet","12":"product_cat-teenage-jewellery","13":"product_cat-womens-jewellery","15":"first","16":"outofstock","17":"taxable","18":"shipping-taxable","19":"product-type-simple","20":"add-to-wishlist-before_image"},"yoast_head":"<!-- This site is optimized with the Yoast SEO plugin v27.3 - https:\/\/yoast.com\/product\/yoast-seo-wordpress\/ -->\n<title>Glow Collection 22ct Gold Double Beaded Bracelet | PureJewels<\/title>\n<meta name=\"description\" content=\"Add a touch of golden radiance with the Glow Collection ladies 22ct gold double beaded bracelet. A graceful everyday bracelet by PureJewels UK.\" \/>\n<meta name=\"robots\" content=\"index, follow, max-snippet:-1, max-image-preview:large, max-video-preview:-1\" \/>\n<link rel=\"canonical\" href=\"https:\/\/www.purejewels.com\/tr\/urun\/22-ayar-altin-bayan-bileklik-33047\/\" \/>\n<meta property=\"og:locale\" content=\"tr_TR\" \/>\n<meta property=\"og:type\" content=\"article\" \/>\n<meta property=\"og:title\" content=\"Glow Collection 22ct Gold Double Beaded Bracelet | PureJewels\" \/>\n<meta property=\"og:description\" content=\"Add a touch of golden radiance with the Glow Collection ladies 22ct gold double beaded bracelet. A graceful everyday bracelet by PureJewels UK.\" \/>\n<meta property=\"og:url\" content=\"https:\/\/www.purejewels.com\/tr\/urun\/22-ayar-altin-bayan-bileklik-33047\/\" \/>\n<meta property=\"og:site_name\" content=\"PureJewels UK\" \/>\n<meta property=\"article:modified_time\" content=\"2026-01-08T06:36:44+00:00\" \/>\n<meta property=\"og:image\" content=\"https:\/\/static.purejewels.com\/wp-content\/uploads\/2020\/11\/33042-1.jpg\" \/>\n\t<meta property=\"og:image:width\" content=\"1000\" \/>\n\t<meta property=\"og:image:height\" content=\"1100\" \/>\n\t<meta property=\"og:image:type\" content=\"image\/jpeg\" \/>\n<meta name=\"twitter:card\" content=\"summary_large_image\" \/>\n<meta name=\"twitter:label1\" content=\"Tahmini okuma s\u00fcresi\" \/>\n\t<meta name=\"twitter:data1\" content=\"1 dakika\" \/>\n<script type=\"application\/ld+json\" class=\"yoast-schema-graph\">{\"@context\":\"https:\\\/\\\/schema.org\",\"@graph\":[{\"@type\":[\"WebPage\",\"ItemPage\"],\"@id\":\"https:\\\/\\\/www.purejewels.com\\\/product\\\/22ct-gold-ladies-bracelet-33047\\\/\",\"url\":\"https:\\\/\\\/www.purejewels.com\\\/product\\\/22ct-gold-ladies-bracelet-33047\\\/\",\"name\":\"Glow Collection 22ct Gold Double Beaded Bracelet | PureJewels\",\"isPartOf\":{\"@id\":\"https:\\\/\\\/www.purejewels.com\\\/#website\"},\"primaryImageOfPage\":{\"@id\":\"https:\\\/\\\/www.purejewels.com\\\/product\\\/22ct-gold-ladies-bracelet-33047\\\/#primaryimage\"},\"image\":{\"@id\":\"https:\\\/\\\/www.purejewels.com\\\/product\\\/22ct-gold-ladies-bracelet-33047\\\/#primaryimage\"},\"thumbnailUrl\":\"https:\\\/\\\/static.purejewels.com\\\/wp-content\\\/uploads\\\/2020\\\/11\\\/33042-1.jpg\",\"datePublished\":\"2020-11-30T13:45:22+00:00\",\"dateModified\":\"2026-01-08T06:36:44+00:00\",\"description\":\"Add a touch of golden radiance with the Glow Collection ladies 22ct gold double beaded bracelet. A graceful everyday bracelet by PureJewels UK.\",\"breadcrumb\":{\"@id\":\"https:\\\/\\\/www.purejewels.com\\\/product\\\/22ct-gold-ladies-bracelet-33047\\\/#breadcrumb\"},\"inLanguage\":\"tr\",\"potentialAction\":[{\"@type\":\"ReadAction\",\"target\":[\"https:\\\/\\\/www.purejewels.com\\\/product\\\/22ct-gold-ladies-bracelet-33047\\\/\"]}]},{\"@type\":\"ImageObject\",\"inLanguage\":\"tr\",\"@id\":\"https:\\\/\\\/www.purejewels.com\\\/product\\\/22ct-gold-ladies-bracelet-33047\\\/#primaryimage\",\"url\":\"https:\\\/\\\/static.purejewels.com\\\/wp-content\\\/uploads\\\/2020\\\/11\\\/33042-1.jpg\",\"contentUrl\":\"https:\\\/\\\/static.purejewels.com\\\/wp-content\\\/uploads\\\/2020\\\/11\\\/33042-1.jpg\",\"width\":1000,\"height\":1100},{\"@type\":\"BreadcrumbList\",\"@id\":\"https:\\\/\\\/www.purejewels.com\\\/product\\\/22ct-gold-ladies-bracelet-33047\\\/#breadcrumb\",\"itemListElement\":[{\"@type\":\"ListItem\",\"position\":1,\"name\":\"Home\",\"item\":\"https:\\\/\\\/www.purejewels.com\\\/\"},{\"@type\":\"ListItem\",\"position\":2,\"name\":\"Shop\",\"item\":\"https:\\\/\\\/www.purejewels.com\\\/shop\\\/\"},{\"@type\":\"ListItem\",\"position\":3,\"name\":\"22ct Gold Glow Collection Double Beaded Bracelet\"}]},{\"@type\":\"WebSite\",\"@id\":\"https:\\\/\\\/www.purejewels.com\\\/#website\",\"url\":\"https:\\\/\\\/www.purejewels.com\\\/\",\"name\":\"PureJewels UK\",\"description\":\"Share the Love\",\"publisher\":{\"@id\":\"https:\\\/\\\/www.purejewels.com\\\/#organization\"},\"potentialAction\":[{\"@type\":\"SearchAction\",\"target\":{\"@type\":\"EntryPoint\",\"urlTemplate\":\"https:\\\/\\\/www.purejewels.com\\\/?s={search_term_string}\"},\"query-input\":{\"@type\":\"PropertyValueSpecification\",\"valueRequired\":true,\"valueName\":\"search_term_string\"}}],\"inLanguage\":\"tr\"},{\"@type\":\"Organization\",\"@id\":\"https:\\\/\\\/www.purejewels.com\\\/#organization\",\"name\":\"PureJewels UK\",\"url\":\"https:\\\/\\\/www.purejewels.com\\\/\",\"logo\":{\"@type\":\"ImageObject\",\"inLanguage\":\"tr\",\"@id\":\"https:\\\/\\\/www.purejewels.com\\\/#\\\/schema\\\/logo\\\/image\\\/\",\"url\":\"https:\\\/\\\/static.purejewels.com\\\/wp-content\\\/uploads\\\/2020\\\/11\\\/Logo-PJ-New-1.png\",\"contentUrl\":\"https:\\\/\\\/static.purejewels.com\\\/wp-content\\\/uploads\\\/2020\\\/11\\\/Logo-PJ-New-1.png\",\"width\":150,\"height\":80,\"caption\":\"PureJewels UK\"},\"image\":{\"@id\":\"https:\\\/\\\/www.purejewels.com\\\/#\\\/schema\\\/logo\\\/image\\\/\"}}]}<\/script>\n<!-- \/ Yoast SEO plugin. -->","yoast_head_json":{"title":"Glow Collection 22 Ayar Alt\u0131n \u00c7ift Boncuklu Bileklik | PureJewels","description":"Glow Collection bayan 22 ayar alt\u0131n \u00e7ift boncuklu bileklik ile alt\u0131n \u0131\u015f\u0131lt\u0131s\u0131na bir dokunu\u015f kat\u0131n. PureJewels UK'den zarif bir g\u00fcnl\u00fck bileklik.","robots":{"index":"index","follow":"follow","max-snippet":"max-snippet:-1","max-image-preview":"max-image-preview:large","max-video-preview":"max-video-preview:-1"},"canonical":"https:\/\/www.purejewels.com\/tr\/urun\/22-ayar-altin-bayan-bileklik-33047\/","og_locale":"tr_TR","og_type":"article","og_title":"Glow Collection 22ct Gold Double Beaded Bracelet | PureJewels","og_description":"Add a touch of golden radiance with the Glow Collection ladies 22ct gold double beaded bracelet. A graceful everyday bracelet by PureJewels UK.","og_url":"https:\/\/www.purejewels.com\/tr\/urun\/22-ayar-altin-bayan-bileklik-33047\/","og_site_name":"PureJewels UK","article_modified_time":"2026-01-08T06:36:44+00:00","og_image":[{"width":1000,"height":1100,"url":"https:\/\/static.purejewels.com\/wp-content\/uploads\/2020\/11\/33042-1.jpg","type":"image\/jpeg"}],"twitter_card":"summary_large_image","twitter_misc":{"Tahmini okuma s\u00fcresi":"1 dakika"},"schema":{"@context":"https:\/\/schema.org","@graph":[{"@type":["WebPage","ItemPage"],"@id":"https:\/\/www.purejewels.com\/product\/22ct-gold-ladies-bracelet-33047\/","url":"https:\/\/www.purejewels.com\/product\/22ct-gold-ladies-bracelet-33047\/","name":"Glow Collection 22 Ayar Alt\u0131n \u00c7ift Boncuklu Bileklik | PureJewels","isPartOf":{"@id":"https:\/\/www.purejewels.com\/#website"},"primaryImageOfPage":{"@id":"https:\/\/www.purejewels.com\/product\/22ct-gold-ladies-bracelet-33047\/#primaryimage"},"image":{"@id":"https:\/\/www.purejewels.com\/product\/22ct-gold-ladies-bracelet-33047\/#primaryimage"},"thumbnailUrl":"https:\/\/static.purejewels.com\/wp-content\/uploads\/2020\/11\/33042-1.jpg","datePublished":"2020-11-30T13:45:22+00:00","dateModified":"2026-01-08T06:36:44+00:00","description":"Glow Collection bayan 22 ayar alt\u0131n \u00e7ift boncuklu bileklik ile alt\u0131n \u0131\u015f\u0131lt\u0131s\u0131na bir dokunu\u015f kat\u0131n. PureJewels UK'den zarif bir g\u00fcnl\u00fck bileklik.","breadcrumb":{"@id":"https:\/\/www.purejewels.com\/product\/22ct-gold-ladies-bracelet-33047\/#breadcrumb"},"inLanguage":"tr","potentialAction":[{"@type":"ReadAction","target":["https:\/\/www.purejewels.com\/product\/22ct-gold-ladies-bracelet-33047\/"]}]},{"@type":"ImageObject","inLanguage":"tr","@id":"https:\/\/www.purejewels.com\/product\/22ct-gold-ladies-bracelet-33047\/#primaryimage","url":"https:\/\/static.purejewels.com\/wp-content\/uploads\/2020\/11\/33042-1.jpg","contentUrl":"https:\/\/static.purejewels.com\/wp-content\/uploads\/2020\/11\/33042-1.jpg","width":1000,"height":1100},{"@type":"BreadcrumbList","@id":"https:\/\/www.purejewels.com\/product\/22ct-gold-ladies-bracelet-33047\/#breadcrumb","itemListElement":[{"@type":"ListItem","position":1,"name":"Home","item":"https:\/\/www.purejewels.com\/"},{"@type":"ListItem","position":2,"name":"Shop","item":"https:\/\/www.purejewels.com\/shop\/"},{"@type":"ListItem","position":3,"name":"22ct Gold Glow Collection Double Beaded Bracelet"}]},{"@type":"WebSite","@id":"https:\/\/www.purejewels.com\/#website","url":"https:\/\/www.purejewels.com\/","name":"PureJewels \u0130ngiltere","description":"Sevgiyi Payla\u015f\u0131n","publisher":{"@id":"https:\/\/www.purejewels.com\/#organization"},"potentialAction":[{"@type":"SearchAction","target":{"@type":"EntryPoint","urlTemplate":"https:\/\/www.purejewels.com\/?s={search_term_string}"},"query-input":{"@type":"PropertyValueSpecification","valueRequired":true,"valueName":"search_term_string"}}],"inLanguage":"tr"},{"@type":"Organization","@id":"https:\/\/www.purejewels.com\/#organization","name":"PureJewels \u0130ngiltere","url":"https:\/\/www.purejewels.com\/","logo":{"@type":"ImageObject","inLanguage":"tr","@id":"https:\/\/www.purejewels.com\/#\/schema\/logo\/image\/","url":"https:\/\/static.purejewels.com\/wp-content\/uploads\/2020\/11\/Logo-PJ-New-1.png","contentUrl":"https:\/\/static.purejewels.com\/wp-content\/uploads\/2020\/11\/Logo-PJ-New-1.png","width":150,"height":80,"caption":"PureJewels UK"},"image":{"@id":"https:\/\/www.purejewels.com\/#\/schema\/logo\/image\/"}}]}},"_links":{"self":[{"href":"https:\/\/www.purejewels.com\/tr\/wp-json\/wp\/v2\/product\/319438","targetHints":{"allow":["GET"]}}],"collection":[{"href":"https:\/\/www.purejewels.com\/tr\/wp-json\/wp\/v2\/product"}],"about":[{"href":"https:\/\/www.purejewels.com\/tr\/wp-json\/wp\/v2\/types\/product"}],"replies":[{"embeddable":true,"href":"https:\/\/www.purejewels.com\/tr\/wp-json\/wp\/v2\/comments?post=319438"}],"version-history":[{"count":2,"href":"https:\/\/www.purejewels.com\/tr\/wp-json\/wp\/v2\/product\/319438\/revisions"}],"predecessor-version":[{"id":424313,"href":"https:\/\/www.purejewels.com\/tr\/wp-json\/wp\/v2\/product\/319438\/revisions\/424313"}],"wp:featuredmedia":[{"embeddable":true,"href":"https:\/\/www.purejewels.com\/tr\/wp-json\/wp\/v2\/media\/319449"}],"wp:attachment":[{"href":"https:\/\/www.purejewels.com\/tr\/wp-json\/wp\/v2\/media?parent=319438"}],"wp:term":[{"taxonomy":"product_brand","embeddable":true,"href":"https:\/\/www.purejewels.com\/tr\/wp-json\/wp\/v2\/product_brand?post=319438"},{"taxonomy":"product_cat","embeddable":true,"href":"https:\/\/www.purejewels.com\/tr\/wp-json\/wp\/v2\/product_cat?post=319438"},{"taxonomy":"product_tag","embeddable":true,"href":"https:\/\/www.purejewels.com\/tr\/wp-json\/wp\/v2\/product_tag?post=319438"}],"curies":[{"name":"wp","href":"https:\/\/api.w.org\/{rel}","templated":true}]}}