{"id":319454,"date":"2020-12-01T10:09:12","date_gmt":"2020-12-01T10:09:12","guid":{"rendered":"https:\/\/www.purejewels.com\/?post_type=product&#038;p=319454"},"modified":"2026-01-08T13:22:10","modified_gmt":"2026-01-08T13:22:10","slug":"22-ayar-altin-tilki-kuyrugu-zincir-31822","status":"publish","type":"product","link":"https:\/\/www.purejewels.com\/tr\/product\/22kt-gold-foxtail-chain-31822\/","title":{"rendered":"22 Ayar Alt\u0131n Tilki Kuyru\u011fu Zincir - 16 \u0130n\u00e7 Hafif Klasik"},"content":{"rendered":"<h4 data-start=\"658\" data-end=\"683\"><strong data-start=\"663\" data-end=\"681\">Tasar\u0131m Konsepti<\/strong><\/h4>\n<p data-start=\"684\" data-end=\"1007\">Bu <strong data-start=\"688\" data-end=\"745\">22 Ayar Alt\u0131n Tilki Kuyru\u011fu Zincir - 16 \u0130n\u00e7 Hafif Klasik<\/strong> sade \u015f\u0131kl\u0131\u011fa \u00f6nem verenler i\u00e7in tasarlanm\u0131\u015ft\u0131r. Birbirine s\u0131k\u0131 s\u0131k\u0131ya ba\u011fl\u0131 V \u015feklindeki dokumas\u0131yla tilki kuyru\u011fu deseni, boyun \u00e7izgisi boyunca zahmetsizce d\u00f6k\u00fclen yumu\u015fak ve ak\u0131c\u0131 bir g\u00f6r\u00fcn\u00fcm sunar. G\u00fcnl\u00fck m\u00fccevher gard\u0131robunuza zarafet katan ger\u00e7ek bir klasik.<\/p>\n<h4 data-start=\"1009\" data-end=\"1033\"><strong data-start=\"1014\" data-end=\"1031\">Zanaatkarl\u0131k<\/strong><\/h4>\n<p data-start=\"1034\" data-end=\"1353\">Saf 22 ayar sar\u0131 alt\u0131ndan el i\u015f\u00e7ili\u011fiyle \u00fcretilen bu tilki kuyru\u011fu zincir, hafif ama dayan\u0131kl\u0131d\u0131r ve hem rahatl\u0131k hem de uzun \u00f6m\u00fcrl\u00fcl\u00fck i\u00e7in tasarlanm\u0131\u015ft\u0131r. Hassas birbirine ge\u00e7me deseni yap\u0131y\u0131 korurken esnekli\u011fi art\u0131r\u0131r ve cilal\u0131 kaplama yumu\u015fak bir parlakl\u0131k katar. Geleneksel bir toka ile sabitlenmi\u015ftir ve \u00f6zg\u00fcnl\u00fck i\u00e7in damgalanm\u0131\u015ft\u0131r.<\/p>\n<h4 data-start=\"1355\" data-end=\"1379\"><strong data-start=\"1360\" data-end=\"1377\">Stil Fikirleri<\/strong><\/h4>\n<p data-start=\"1380\" data-end=\"1576\">Minimal, modern bir g\u00f6r\u00fcn\u00fcm i\u00e7in tek ba\u015f\u0131na tak\u0131n veya ki\u015fisel bir dokunu\u015f i\u00e7in k\u00fc\u00e7\u00fck bir kolye ucuyla e\u015fle\u015ftirin. G\u00fcnl\u00fck kullan\u0131m, seyahat, hediye veya farkl\u0131 uzunluklardaki di\u011fer zincirlerle katman olu\u015fturmak i\u00e7in idealdir.<\/p>","protected":false},"excerpt":{"rendered":"<p>Bu 22 Ayar Alt\u0131n Tilki Kuyru\u011fu Zincir, 16 in\u00e7 uzunlu\u011funda klasik bir V-link \u00f6rg\u00fcs\u00fcne sahiptir. Hafif ve \u00e7ok y\u00f6nl\u00fc olan bu zincir, g\u00fcnl\u00fck kullan\u0131m veya kolyelerle birlikte takmak i\u00e7in m\u00fckemmeldir.<\/p>\n<ul>\n<li>22 Ayar Alt\u0131n Tilki Kuyru\u011fu Zincir 16 \u0130n\u00e7<\/li>\n<li>A\u011f\u0131rl\u0131k: 2,8 gms<\/li>\n<li>Kal\u0131nl\u0131k 1.1mm<\/li>\n<li>Uzunluk: 16\u2033 in\u00e7<\/li>\n<li>SKU. 31822<\/li>\n<li>T\u00fcm fiyatlara KDV dahildir<\/li>\n<li>Londra Tahlil Ofisi Taraf\u0131ndan Damgalanm\u0131\u015f 22 Ayar Alt\u0131n<\/li>\n<li>Sunum Kutusu ile Birlikte Gelir<\/li>\n<li>Teslimat Dahil<\/li>\n<li>Stok durumu ve stokta bulunan benzer tasar\u0131mlar\u0131n daha fazla g\u00f6r\u00fcnt\u00fcs\u00fc i\u00e7in bizimle canl\u0131 sohbet edin<\/li>\n<\/ul>","protected":false},"featured_media":319451,"comment_status":"closed","ping_status":"closed","template":"","meta":{"_eb_attr":"","_crsspst_to_jayantr4sg-hostcom":false},"product_brand":[],"product_cat":[1576,1772],"product_tag":[],"class_list":{"0":"post-319454","1":"product","2":"type-product","3":"status-publish","4":"has-post-thumbnail","6":"product_cat-childrens-jewellery","7":"product_cat-kids-chains","9":"first","10":"outofstock","11":"sale","12":"taxable","13":"shipping-taxable","14":"product-type-simple","15":"add-to-wishlist-before_image"},"yoast_head":"<!-- This site is optimized with the Yoast SEO plugin v27.3 - https:\/\/yoast.com\/product\/yoast-seo-wordpress\/ -->\n<title>Lightweight 22kt Gold Foxtail Chain \u2013 16 Inch Classic Necklace<\/title>\n<meta name=\"description\" content=\"Explore our 22kt gold foxtail chain in a 16-inch length. Lightweight, elegant, and perfect for everyday wear or pairing with a pendant.\" \/>\n<meta name=\"robots\" content=\"index, follow, max-snippet:-1, max-image-preview:large, max-video-preview:-1\" \/>\n<link rel=\"canonical\" href=\"https:\/\/www.purejewels.com\/tr\/urun\/22-ayar-altin-tilki-kuyrugu-zincir-31822\/\" \/>\n<meta property=\"og:locale\" content=\"tr_TR\" \/>\n<meta property=\"og:type\" content=\"article\" \/>\n<meta property=\"og:title\" content=\"Lightweight 22kt Gold Foxtail Chain \u2013 16 Inch Classic Necklace\" \/>\n<meta property=\"og:description\" content=\"Explore our 22kt gold foxtail chain in a 16-inch length. Lightweight, elegant, and perfect for everyday wear or pairing with a pendant.\" \/>\n<meta property=\"og:url\" content=\"https:\/\/www.purejewels.com\/tr\/urun\/22-ayar-altin-tilki-kuyrugu-zincir-31822\/\" \/>\n<meta property=\"og:site_name\" content=\"PureJewels UK\" \/>\n<meta property=\"article:modified_time\" content=\"2026-01-08T13:22:10+00:00\" \/>\n<meta property=\"og:image\" content=\"https:\/\/static.purejewels.com\/wp-content\/uploads\/2020\/07\/31811-1.jpg\" \/>\n\t<meta property=\"og:image:width\" content=\"1000\" \/>\n\t<meta property=\"og:image:height\" content=\"1000\" \/>\n\t<meta property=\"og:image:type\" content=\"image\/jpeg\" \/>\n<meta name=\"twitter:card\" content=\"summary_large_image\" \/>\n<meta name=\"twitter:label1\" content=\"Tahmini okuma s\u00fcresi\" \/>\n\t<meta name=\"twitter:data1\" content=\"1 dakika\" \/>\n<script type=\"application\/ld+json\" class=\"yoast-schema-graph\">{\"@context\":\"https:\\\/\\\/schema.org\",\"@graph\":[{\"@type\":[\"WebPage\",\"ItemPage\"],\"@id\":\"https:\\\/\\\/www.purejewels.com\\\/product\\\/22kt-gold-foxtail-chain-31822\\\/\",\"url\":\"https:\\\/\\\/www.purejewels.com\\\/product\\\/22kt-gold-foxtail-chain-31822\\\/\",\"name\":\"Lightweight 22kt Gold Foxtail Chain \u2013 16 Inch Classic Necklace\",\"isPartOf\":{\"@id\":\"https:\\\/\\\/www.purejewels.com\\\/#website\"},\"primaryImageOfPage\":{\"@id\":\"https:\\\/\\\/www.purejewels.com\\\/product\\\/22kt-gold-foxtail-chain-31822\\\/#primaryimage\"},\"image\":{\"@id\":\"https:\\\/\\\/www.purejewels.com\\\/product\\\/22kt-gold-foxtail-chain-31822\\\/#primaryimage\"},\"thumbnailUrl\":\"https:\\\/\\\/static.purejewels.com\\\/wp-content\\\/uploads\\\/2020\\\/07\\\/31811-1.jpg\",\"datePublished\":\"2020-12-01T10:09:12+00:00\",\"dateModified\":\"2026-01-08T13:22:10+00:00\",\"description\":\"Explore our 22kt gold foxtail chain in a 16-inch length. Lightweight, elegant, and perfect for everyday wear or pairing with a pendant.\",\"breadcrumb\":{\"@id\":\"https:\\\/\\\/www.purejewels.com\\\/product\\\/22kt-gold-foxtail-chain-31822\\\/#breadcrumb\"},\"inLanguage\":\"tr\",\"potentialAction\":[{\"@type\":\"ReadAction\",\"target\":[\"https:\\\/\\\/www.purejewels.com\\\/product\\\/22kt-gold-foxtail-chain-31822\\\/\"]}]},{\"@type\":\"ImageObject\",\"inLanguage\":\"tr\",\"@id\":\"https:\\\/\\\/www.purejewels.com\\\/product\\\/22kt-gold-foxtail-chain-31822\\\/#primaryimage\",\"url\":\"https:\\\/\\\/static.purejewels.com\\\/wp-content\\\/uploads\\\/2020\\\/07\\\/31811-1.jpg\",\"contentUrl\":\"https:\\\/\\\/static.purejewels.com\\\/wp-content\\\/uploads\\\/2020\\\/07\\\/31811-1.jpg\",\"width\":1000,\"height\":1000,\"caption\":\"22ct Gold Chain\"},{\"@type\":\"BreadcrumbList\",\"@id\":\"https:\\\/\\\/www.purejewels.com\\\/product\\\/22kt-gold-foxtail-chain-31822\\\/#breadcrumb\",\"itemListElement\":[{\"@type\":\"ListItem\",\"position\":1,\"name\":\"Home\",\"item\":\"https:\\\/\\\/www.purejewels.com\\\/\"},{\"@type\":\"ListItem\",\"position\":2,\"name\":\"Shop\",\"item\":\"https:\\\/\\\/www.purejewels.com\\\/shop\\\/\"},{\"@type\":\"ListItem\",\"position\":3,\"name\":\"22kt Gold Foxtail Chain \u2013 16 Inch Lightweight Classic\"}]},{\"@type\":\"WebSite\",\"@id\":\"https:\\\/\\\/www.purejewels.com\\\/#website\",\"url\":\"https:\\\/\\\/www.purejewels.com\\\/\",\"name\":\"PureJewels UK\",\"description\":\"Share the Love\",\"publisher\":{\"@id\":\"https:\\\/\\\/www.purejewels.com\\\/#organization\"},\"potentialAction\":[{\"@type\":\"SearchAction\",\"target\":{\"@type\":\"EntryPoint\",\"urlTemplate\":\"https:\\\/\\\/www.purejewels.com\\\/?s={search_term_string}\"},\"query-input\":{\"@type\":\"PropertyValueSpecification\",\"valueRequired\":true,\"valueName\":\"search_term_string\"}}],\"inLanguage\":\"tr\"},{\"@type\":\"Organization\",\"@id\":\"https:\\\/\\\/www.purejewels.com\\\/#organization\",\"name\":\"PureJewels UK\",\"url\":\"https:\\\/\\\/www.purejewels.com\\\/\",\"logo\":{\"@type\":\"ImageObject\",\"inLanguage\":\"tr\",\"@id\":\"https:\\\/\\\/www.purejewels.com\\\/#\\\/schema\\\/logo\\\/image\\\/\",\"url\":\"https:\\\/\\\/static.purejewels.com\\\/wp-content\\\/uploads\\\/2020\\\/11\\\/Logo-PJ-New-1.png\",\"contentUrl\":\"https:\\\/\\\/static.purejewels.com\\\/wp-content\\\/uploads\\\/2020\\\/11\\\/Logo-PJ-New-1.png\",\"width\":150,\"height\":80,\"caption\":\"PureJewels UK\"},\"image\":{\"@id\":\"https:\\\/\\\/www.purejewels.com\\\/#\\\/schema\\\/logo\\\/image\\\/\"}}]}<\/script>\n<!-- \/ Yoast SEO plugin. -->","yoast_head_json":{"title":"Hafif 22 Ayar Alt\u0131n Tilki Kuyru\u011fu Zincir - 16 \u0130n\u00e7 Klasik Kolye","description":"16 in\u00e7 uzunlu\u011fundaki 22 ayar alt\u0131n tilki kuyru\u011fu zincirimizi ke\u015ffedin. Hafif, zarif ve g\u00fcnl\u00fck kullan\u0131m veya bir kolye ile e\u015fle\u015ftirme i\u00e7in m\u00fckemmel.","robots":{"index":"index","follow":"follow","max-snippet":"max-snippet:-1","max-image-preview":"max-image-preview:large","max-video-preview":"max-video-preview:-1"},"canonical":"https:\/\/www.purejewels.com\/tr\/urun\/22-ayar-altin-tilki-kuyrugu-zincir-31822\/","og_locale":"tr_TR","og_type":"article","og_title":"Lightweight 22kt Gold Foxtail Chain \u2013 16 Inch Classic Necklace","og_description":"Explore our 22kt gold foxtail chain in a 16-inch length. Lightweight, elegant, and perfect for everyday wear or pairing with a pendant.","og_url":"https:\/\/www.purejewels.com\/tr\/urun\/22-ayar-altin-tilki-kuyrugu-zincir-31822\/","og_site_name":"PureJewels UK","article_modified_time":"2026-01-08T13:22:10+00:00","og_image":[{"width":1000,"height":1000,"url":"https:\/\/static.purejewels.com\/wp-content\/uploads\/2020\/07\/31811-1.jpg","type":"image\/jpeg"}],"twitter_card":"summary_large_image","twitter_misc":{"Tahmini okuma s\u00fcresi":"1 dakika"},"schema":{"@context":"https:\/\/schema.org","@graph":[{"@type":["WebPage","ItemPage"],"@id":"https:\/\/www.purejewels.com\/product\/22kt-gold-foxtail-chain-31822\/","url":"https:\/\/www.purejewels.com\/product\/22kt-gold-foxtail-chain-31822\/","name":"Hafif 22 Ayar Alt\u0131n Tilki Kuyru\u011fu Zincir - 16 \u0130n\u00e7 Klasik Kolye","isPartOf":{"@id":"https:\/\/www.purejewels.com\/#website"},"primaryImageOfPage":{"@id":"https:\/\/www.purejewels.com\/product\/22kt-gold-foxtail-chain-31822\/#primaryimage"},"image":{"@id":"https:\/\/www.purejewels.com\/product\/22kt-gold-foxtail-chain-31822\/#primaryimage"},"thumbnailUrl":"https:\/\/static.purejewels.com\/wp-content\/uploads\/2020\/07\/31811-1.jpg","datePublished":"2020-12-01T10:09:12+00:00","dateModified":"2026-01-08T13:22:10+00:00","description":"16 in\u00e7 uzunlu\u011fundaki 22 ayar alt\u0131n tilki kuyru\u011fu zincirimizi ke\u015ffedin. Hafif, zarif ve g\u00fcnl\u00fck kullan\u0131m veya bir kolye ile e\u015fle\u015ftirme i\u00e7in m\u00fckemmel.","breadcrumb":{"@id":"https:\/\/www.purejewels.com\/product\/22kt-gold-foxtail-chain-31822\/#breadcrumb"},"inLanguage":"tr","potentialAction":[{"@type":"ReadAction","target":["https:\/\/www.purejewels.com\/product\/22kt-gold-foxtail-chain-31822\/"]}]},{"@type":"ImageObject","inLanguage":"tr","@id":"https:\/\/www.purejewels.com\/product\/22kt-gold-foxtail-chain-31822\/#primaryimage","url":"https:\/\/static.purejewels.com\/wp-content\/uploads\/2020\/07\/31811-1.jpg","contentUrl":"https:\/\/static.purejewels.com\/wp-content\/uploads\/2020\/07\/31811-1.jpg","width":1000,"height":1000,"caption":"22ct Gold Chain"},{"@type":"BreadcrumbList","@id":"https:\/\/www.purejewels.com\/product\/22kt-gold-foxtail-chain-31822\/#breadcrumb","itemListElement":[{"@type":"ListItem","position":1,"name":"Home","item":"https:\/\/www.purejewels.com\/"},{"@type":"ListItem","position":2,"name":"Shop","item":"https:\/\/www.purejewels.com\/shop\/"},{"@type":"ListItem","position":3,"name":"22kt Gold Foxtail Chain \u2013 16 Inch Lightweight Classic"}]},{"@type":"WebSite","@id":"https:\/\/www.purejewels.com\/#website","url":"https:\/\/www.purejewels.com\/","name":"PureJewels \u0130ngiltere","description":"Sevgiyi Payla\u015f\u0131n","publisher":{"@id":"https:\/\/www.purejewels.com\/#organization"},"potentialAction":[{"@type":"SearchAction","target":{"@type":"EntryPoint","urlTemplate":"https:\/\/www.purejewels.com\/?s={search_term_string}"},"query-input":{"@type":"PropertyValueSpecification","valueRequired":true,"valueName":"search_term_string"}}],"inLanguage":"tr"},{"@type":"Organization","@id":"https:\/\/www.purejewels.com\/#organization","name":"PureJewels \u0130ngiltere","url":"https:\/\/www.purejewels.com\/","logo":{"@type":"ImageObject","inLanguage":"tr","@id":"https:\/\/www.purejewels.com\/#\/schema\/logo\/image\/","url":"https:\/\/static.purejewels.com\/wp-content\/uploads\/2020\/11\/Logo-PJ-New-1.png","contentUrl":"https:\/\/static.purejewels.com\/wp-content\/uploads\/2020\/11\/Logo-PJ-New-1.png","width":150,"height":80,"caption":"PureJewels UK"},"image":{"@id":"https:\/\/www.purejewels.com\/#\/schema\/logo\/image\/"}}]}},"_links":{"self":[{"href":"https:\/\/www.purejewels.com\/tr\/wp-json\/wp\/v2\/product\/319454","targetHints":{"allow":["GET"]}}],"collection":[{"href":"https:\/\/www.purejewels.com\/tr\/wp-json\/wp\/v2\/product"}],"about":[{"href":"https:\/\/www.purejewels.com\/tr\/wp-json\/wp\/v2\/types\/product"}],"replies":[{"embeddable":true,"href":"https:\/\/www.purejewels.com\/tr\/wp-json\/wp\/v2\/comments?post=319454"}],"version-history":[{"count":3,"href":"https:\/\/www.purejewels.com\/tr\/wp-json\/wp\/v2\/product\/319454\/revisions"}],"predecessor-version":[{"id":424374,"href":"https:\/\/www.purejewels.com\/tr\/wp-json\/wp\/v2\/product\/319454\/revisions\/424374"}],"wp:featuredmedia":[{"embeddable":true,"href":"https:\/\/www.purejewels.com\/tr\/wp-json\/wp\/v2\/media\/319451"}],"wp:attachment":[{"href":"https:\/\/www.purejewels.com\/tr\/wp-json\/wp\/v2\/media?parent=319454"}],"wp:term":[{"taxonomy":"product_brand","embeddable":true,"href":"https:\/\/www.purejewels.com\/tr\/wp-json\/wp\/v2\/product_brand?post=319454"},{"taxonomy":"product_cat","embeddable":true,"href":"https:\/\/www.purejewels.com\/tr\/wp-json\/wp\/v2\/product_cat?post=319454"},{"taxonomy":"product_tag","embeddable":true,"href":"https:\/\/www.purejewels.com\/tr\/wp-json\/wp\/v2\/product_tag?post=319454"}],"curies":[{"name":"wp","href":"https:\/\/api.w.org\/{rel}","templated":true}]}}