{"id":319457,"date":"2020-12-01T10:17:04","date_gmt":"2020-12-01T10:17:04","guid":{"rendered":"https:\/\/www.purejewels.com\/?post_type=product&#038;p=319457"},"modified":"2026-01-08T13:06:36","modified_gmt":"2026-01-08T13:06:36","slug":"22-ayar-altin-tilki-kuyrugu-zincir-16-inc-48286","status":"publish","type":"product","link":"https:\/\/www.purejewels.com\/tr\/product\/22kt-gold-foxtail-chain-16-inches\/","title":{"rendered":"22 Ayar Alt\u0131n Tilki Kuyru\u011fu Zincir - 16 \u0130n\u00e7 \u015e\u0131k Dokuma Tasar\u0131m"},"content":{"rendered":"<h4 data-start=\"690\" data-end=\"715\"><strong data-start=\"695\" data-end=\"713\">Tasar\u0131m Konsepti<\/strong><\/h4>\n<p data-start=\"716\" data-end=\"1038\">Bu <strong data-start=\"720\" data-end=\"776\">22 Ayar Alt\u0131n Tilki Kuyru\u011fu Zincir - 16 \u0130n\u00e7 \u015e\u0131k Dokuma Tasar\u0131m<\/strong> form ve ak\u0131\u015fkanl\u0131\u011f\u0131n bir kutlamas\u0131d\u0131r. Ad\u0131n\u0131 tilki kuyru\u011funun do\u011fal g\u00fczelli\u011finden alan bu karma\u015f\u0131k dokuma deseni, hassas simetriye sahip p\u00fcr\u00fczs\u00fcz ve esnek bir y\u00fczey sunar. Kompakt yap\u0131s\u0131, g\u00fcnl\u00fck \u015f\u0131kl\u0131k i\u00e7in m\u00fckemmel olan temiz, rafine bir siluet yarat\u0131r.<\/p>\n<h4 data-start=\"1040\" data-end=\"1064\"><strong data-start=\"1045\" data-end=\"1062\">Zanaatkarl\u0131k<\/strong><\/h4>\n<p data-start=\"1065\" data-end=\"1388\">Saf 22 ayar sar\u0131 alt\u0131ndan \u00fcretilen bu zincir, \u00e7ift katmanl\u0131 tilki kuyru\u011fu \u00f6rg\u00fcs\u00fc olu\u015fturan hassas ba\u011flant\u0131larla titizlikle bir araya getirilmi\u015ftir. Sonu\u00e7, yumu\u015fak bir \u00f6rt\u00fc ve g\u00f6steri\u015fli olmadan \u0131\u015f\u0131\u011f\u0131 yakalayan l\u00fcks bir y\u00fczeydir. Her zincir damgal\u0131d\u0131r ve g\u00fcvenli bir toka ile tamamlanarak hem konfor hem de dayan\u0131kl\u0131l\u0131k sa\u011flar.<\/p>\n<h4 data-start=\"1390\" data-end=\"1414\"><strong data-start=\"1395\" data-end=\"1412\">Stil Fikirleri<\/strong><\/h4>\n<p data-start=\"1415\" data-end=\"1637\">Minimalist bir g\u00f6r\u00fcn\u00fcm i\u00e7in tek ba\u015f\u0131na veya modern bir stil i\u00e7in di\u011fer alt\u0131n zincirlerle katmanl\u0131 olarak m\u00fckemmel \u015fekilde tak\u0131l\u0131r. Minik alt\u0131n kolye u\u00e7lar\u0131 veya madalyonlarla da g\u00fczel bir uyum sa\u011flar. Hediye vermek, g\u00fcnl\u00fck kullan\u0131m veya anlaml\u0131 bir olay\u0131 kutlamak i\u00e7in idealdir.<\/p>","protected":false},"excerpt":{"rendered":"<p>16 in\u00e7 uzunlu\u011fundaki bu 22 Ayar Alt\u0131n Tilki Kuyru\u011fu Zincir, \u015f\u0131k ve s\u0131k\u0131 dokunmu\u015f bir tasar\u0131ma sahiptir. Tek ba\u015f\u0131na zarif veya bir kolye ile e\u015fle\u015ftirilmi\u015f olan bu zincir, zamans\u0131z bir \u00e7ok y\u00f6nl\u00fcl\u00fck ve \u0131\u015f\u0131lt\u0131l\u0131 bir uyum sunar.<\/p>\n<ul>\n<li>22 Ayar Alt\u0131n Tilki Kuyru\u011fu Zincir 16 \u0130n\u00e7<\/li>\n<li>A\u011f\u0131rl\u0131k: 2,8 gms<\/li>\n<li>Kal\u0131nl\u0131k 1.1mm<\/li>\n<li>Uzunluk: 16\u2033 in\u00e7<\/li>\n<li>SKU. 31823<\/li>\n<li>T\u00fcm fiyatlara KDV dahildir<\/li>\n<li>Londra Tahlil Ofisi Taraf\u0131ndan Damgalanm\u0131\u015f 22 Ayar Alt\u0131n<\/li>\n<li>Sunum Kutusu ile Birlikte Gelir<\/li>\n<li>Teslimat Dahil<\/li>\n<li>Stok durumu ve stokta bulunan benzer tasar\u0131mlar\u0131n daha fazla g\u00f6r\u00fcnt\u00fcs\u00fc i\u00e7in bizimle canl\u0131 sohbet edin<\/li>\n<\/ul>","protected":false},"featured_media":319451,"comment_status":"closed","ping_status":"closed","template":"","meta":{"_eb_attr":"","_crsspst_to_jayantr4sg-hostcom":false},"product_brand":[],"product_cat":[1576,1475,1772],"product_tag":[],"class_list":{"0":"post-319457","1":"product","2":"type-product","3":"status-publish","4":"has-post-thumbnail","6":"product_cat-childrens-jewellery","7":"product_cat-gold-chains","8":"product_cat-kids-chains","10":"first","11":"outofstock","12":"sale","13":"taxable","14":"shipping-taxable","15":"product-type-simple","16":"add-to-wishlist-before_image"},"yoast_head":"<!-- This site is optimized with the Yoast SEO plugin v27.3 - https:\/\/yoast.com\/product\/yoast-seo-wordpress\/ -->\n<title>16-Inch Sleek 22ct Gold Foxtail Chain Necklace | PureJewels UK<\/title>\n<meta name=\"description\" content=\"Refined and radiant, this 16-inch 22ct gold foxtail chain features a sleek woven design\u2014perfect for daily wear or layering with pendants.\" \/>\n<meta name=\"robots\" content=\"index, follow, max-snippet:-1, max-image-preview:large, max-video-preview:-1\" \/>\n<link rel=\"canonical\" href=\"https:\/\/www.purejewels.com\/tr\/urun\/22-ayar-altin-tilki-kuyrugu-zincir-16-inc-48286\/\" \/>\n<meta property=\"og:locale\" content=\"tr_TR\" \/>\n<meta property=\"og:type\" content=\"article\" \/>\n<meta property=\"og:title\" content=\"16-Inch Sleek 22ct Gold Foxtail Chain Necklace | PureJewels UK\" \/>\n<meta property=\"og:description\" content=\"Refined and radiant, this 16-inch 22ct gold foxtail chain features a sleek woven design\u2014perfect for daily wear or layering with pendants.\" \/>\n<meta property=\"og:url\" content=\"https:\/\/www.purejewels.com\/tr\/urun\/22-ayar-altin-tilki-kuyrugu-zincir-16-inc-48286\/\" \/>\n<meta property=\"og:site_name\" content=\"PureJewels UK\" \/>\n<meta property=\"article:modified_time\" content=\"2026-01-08T13:06:36+00:00\" \/>\n<meta property=\"og:image\" content=\"https:\/\/static.purejewels.com\/wp-content\/uploads\/2020\/07\/31811-1.jpg\" \/>\n\t<meta property=\"og:image:width\" content=\"1000\" \/>\n\t<meta property=\"og:image:height\" content=\"1000\" \/>\n\t<meta property=\"og:image:type\" content=\"image\/jpeg\" \/>\n<meta name=\"twitter:card\" content=\"summary_large_image\" \/>\n<meta name=\"twitter:label1\" content=\"Tahmini okuma s\u00fcresi\" \/>\n\t<meta name=\"twitter:data1\" content=\"1 dakika\" \/>\n<script type=\"application\/ld+json\" class=\"yoast-schema-graph\">{\"@context\":\"https:\\\/\\\/schema.org\",\"@graph\":[{\"@type\":[\"WebPage\",\"ItemPage\"],\"@id\":\"https:\\\/\\\/www.purejewels.com\\\/product\\\/22kt-gold-foxtail-chain-16-inches\\\/\",\"url\":\"https:\\\/\\\/www.purejewels.com\\\/product\\\/22kt-gold-foxtail-chain-16-inches\\\/\",\"name\":\"16-Inch Sleek 22ct Gold Foxtail Chain Necklace | PureJewels UK\",\"isPartOf\":{\"@id\":\"https:\\\/\\\/www.purejewels.com\\\/#website\"},\"primaryImageOfPage\":{\"@id\":\"https:\\\/\\\/www.purejewels.com\\\/product\\\/22kt-gold-foxtail-chain-16-inches\\\/#primaryimage\"},\"image\":{\"@id\":\"https:\\\/\\\/www.purejewels.com\\\/product\\\/22kt-gold-foxtail-chain-16-inches\\\/#primaryimage\"},\"thumbnailUrl\":\"https:\\\/\\\/static.purejewels.com\\\/wp-content\\\/uploads\\\/2020\\\/07\\\/31811-1.jpg\",\"datePublished\":\"2020-12-01T10:17:04+00:00\",\"dateModified\":\"2026-01-08T13:06:36+00:00\",\"description\":\"Refined and radiant, this 16-inch 22ct gold foxtail chain features a sleek woven design\u2014perfect for daily wear or layering with pendants.\",\"breadcrumb\":{\"@id\":\"https:\\\/\\\/www.purejewels.com\\\/product\\\/22kt-gold-foxtail-chain-16-inches\\\/#breadcrumb\"},\"inLanguage\":\"tr\",\"potentialAction\":[{\"@type\":\"ReadAction\",\"target\":[\"https:\\\/\\\/www.purejewels.com\\\/product\\\/22kt-gold-foxtail-chain-16-inches\\\/\"]}]},{\"@type\":\"ImageObject\",\"inLanguage\":\"tr\",\"@id\":\"https:\\\/\\\/www.purejewels.com\\\/product\\\/22kt-gold-foxtail-chain-16-inches\\\/#primaryimage\",\"url\":\"https:\\\/\\\/static.purejewels.com\\\/wp-content\\\/uploads\\\/2020\\\/07\\\/31811-1.jpg\",\"contentUrl\":\"https:\\\/\\\/static.purejewels.com\\\/wp-content\\\/uploads\\\/2020\\\/07\\\/31811-1.jpg\",\"width\":1000,\"height\":1000,\"caption\":\"22ct Gold Chain\"},{\"@type\":\"BreadcrumbList\",\"@id\":\"https:\\\/\\\/www.purejewels.com\\\/product\\\/22kt-gold-foxtail-chain-16-inches\\\/#breadcrumb\",\"itemListElement\":[{\"@type\":\"ListItem\",\"position\":1,\"name\":\"Home\",\"item\":\"https:\\\/\\\/www.purejewels.com\\\/\"},{\"@type\":\"ListItem\",\"position\":2,\"name\":\"Shop\",\"item\":\"https:\\\/\\\/www.purejewels.com\\\/shop\\\/\"},{\"@type\":\"ListItem\",\"position\":3,\"name\":\"22ct Gold Foxtail Chain \u2013 16 Inch Sleek Weave Design\"}]},{\"@type\":\"WebSite\",\"@id\":\"https:\\\/\\\/www.purejewels.com\\\/#website\",\"url\":\"https:\\\/\\\/www.purejewels.com\\\/\",\"name\":\"PureJewels UK\",\"description\":\"Share the Love\",\"publisher\":{\"@id\":\"https:\\\/\\\/www.purejewels.com\\\/#organization\"},\"potentialAction\":[{\"@type\":\"SearchAction\",\"target\":{\"@type\":\"EntryPoint\",\"urlTemplate\":\"https:\\\/\\\/www.purejewels.com\\\/?s={search_term_string}\"},\"query-input\":{\"@type\":\"PropertyValueSpecification\",\"valueRequired\":true,\"valueName\":\"search_term_string\"}}],\"inLanguage\":\"tr\"},{\"@type\":\"Organization\",\"@id\":\"https:\\\/\\\/www.purejewels.com\\\/#organization\",\"name\":\"PureJewels UK\",\"url\":\"https:\\\/\\\/www.purejewels.com\\\/\",\"logo\":{\"@type\":\"ImageObject\",\"inLanguage\":\"tr\",\"@id\":\"https:\\\/\\\/www.purejewels.com\\\/#\\\/schema\\\/logo\\\/image\\\/\",\"url\":\"https:\\\/\\\/static.purejewels.com\\\/wp-content\\\/uploads\\\/2020\\\/11\\\/Logo-PJ-New-1.png\",\"contentUrl\":\"https:\\\/\\\/static.purejewels.com\\\/wp-content\\\/uploads\\\/2020\\\/11\\\/Logo-PJ-New-1.png\",\"width\":150,\"height\":80,\"caption\":\"PureJewels UK\"},\"image\":{\"@id\":\"https:\\\/\\\/www.purejewels.com\\\/#\\\/schema\\\/logo\\\/image\\\/\"}}]}<\/script>\n<!-- \/ Yoast SEO plugin. -->","yoast_head_json":{"title":"16 \u0130n\u00e7 \u015e\u0131k 22 Ayar Alt\u0131n Tilki Kuyru\u011fu Zincir Kolye | PureJewels UK","description":"Zarif ve \u0131\u015f\u0131lt\u0131l\u0131 bu 16 in\u00e7 22 ayar alt\u0131n tilki kuyru\u011fu zincir, \u015f\u0131k dokuma tasar\u0131m\u0131yla g\u00fcnl\u00fck kullan\u0131m veya kolyelerle birlikte kullanmak i\u00e7in m\u00fckemmeldir.","robots":{"index":"index","follow":"follow","max-snippet":"max-snippet:-1","max-image-preview":"max-image-preview:large","max-video-preview":"max-video-preview:-1"},"canonical":"https:\/\/www.purejewels.com\/tr\/urun\/22-ayar-altin-tilki-kuyrugu-zincir-16-inc-48286\/","og_locale":"tr_TR","og_type":"article","og_title":"16-Inch Sleek 22ct Gold Foxtail Chain Necklace | PureJewels UK","og_description":"Refined and radiant, this 16-inch 22ct gold foxtail chain features a sleek woven design\u2014perfect for daily wear or layering with pendants.","og_url":"https:\/\/www.purejewels.com\/tr\/urun\/22-ayar-altin-tilki-kuyrugu-zincir-16-inc-48286\/","og_site_name":"PureJewels UK","article_modified_time":"2026-01-08T13:06:36+00:00","og_image":[{"width":1000,"height":1000,"url":"https:\/\/static.purejewels.com\/wp-content\/uploads\/2020\/07\/31811-1.jpg","type":"image\/jpeg"}],"twitter_card":"summary_large_image","twitter_misc":{"Tahmini okuma s\u00fcresi":"1 dakika"},"schema":{"@context":"https:\/\/schema.org","@graph":[{"@type":["WebPage","ItemPage"],"@id":"https:\/\/www.purejewels.com\/product\/22kt-gold-foxtail-chain-16-inches\/","url":"https:\/\/www.purejewels.com\/product\/22kt-gold-foxtail-chain-16-inches\/","name":"16 \u0130n\u00e7 \u015e\u0131k 22 Ayar Alt\u0131n Tilki Kuyru\u011fu Zincir Kolye | PureJewels UK","isPartOf":{"@id":"https:\/\/www.purejewels.com\/#website"},"primaryImageOfPage":{"@id":"https:\/\/www.purejewels.com\/product\/22kt-gold-foxtail-chain-16-inches\/#primaryimage"},"image":{"@id":"https:\/\/www.purejewels.com\/product\/22kt-gold-foxtail-chain-16-inches\/#primaryimage"},"thumbnailUrl":"https:\/\/static.purejewels.com\/wp-content\/uploads\/2020\/07\/31811-1.jpg","datePublished":"2020-12-01T10:17:04+00:00","dateModified":"2026-01-08T13:06:36+00:00","description":"Zarif ve \u0131\u015f\u0131lt\u0131l\u0131 bu 16 in\u00e7 22 ayar alt\u0131n tilki kuyru\u011fu zincir, \u015f\u0131k dokuma tasar\u0131m\u0131yla g\u00fcnl\u00fck kullan\u0131m veya kolyelerle birlikte kullanmak i\u00e7in m\u00fckemmeldir.","breadcrumb":{"@id":"https:\/\/www.purejewels.com\/product\/22kt-gold-foxtail-chain-16-inches\/#breadcrumb"},"inLanguage":"tr","potentialAction":[{"@type":"ReadAction","target":["https:\/\/www.purejewels.com\/product\/22kt-gold-foxtail-chain-16-inches\/"]}]},{"@type":"ImageObject","inLanguage":"tr","@id":"https:\/\/www.purejewels.com\/product\/22kt-gold-foxtail-chain-16-inches\/#primaryimage","url":"https:\/\/static.purejewels.com\/wp-content\/uploads\/2020\/07\/31811-1.jpg","contentUrl":"https:\/\/static.purejewels.com\/wp-content\/uploads\/2020\/07\/31811-1.jpg","width":1000,"height":1000,"caption":"22ct Gold Chain"},{"@type":"BreadcrumbList","@id":"https:\/\/www.purejewels.com\/product\/22kt-gold-foxtail-chain-16-inches\/#breadcrumb","itemListElement":[{"@type":"ListItem","position":1,"name":"Home","item":"https:\/\/www.purejewels.com\/"},{"@type":"ListItem","position":2,"name":"Shop","item":"https:\/\/www.purejewels.com\/shop\/"},{"@type":"ListItem","position":3,"name":"22ct Gold Foxtail Chain \u2013 16 Inch Sleek Weave Design"}]},{"@type":"WebSite","@id":"https:\/\/www.purejewels.com\/#website","url":"https:\/\/www.purejewels.com\/","name":"PureJewels \u0130ngiltere","description":"Sevgiyi Payla\u015f\u0131n","publisher":{"@id":"https:\/\/www.purejewels.com\/#organization"},"potentialAction":[{"@type":"SearchAction","target":{"@type":"EntryPoint","urlTemplate":"https:\/\/www.purejewels.com\/?s={search_term_string}"},"query-input":{"@type":"PropertyValueSpecification","valueRequired":true,"valueName":"search_term_string"}}],"inLanguage":"tr"},{"@type":"Organization","@id":"https:\/\/www.purejewels.com\/#organization","name":"PureJewels \u0130ngiltere","url":"https:\/\/www.purejewels.com\/","logo":{"@type":"ImageObject","inLanguage":"tr","@id":"https:\/\/www.purejewels.com\/#\/schema\/logo\/image\/","url":"https:\/\/static.purejewels.com\/wp-content\/uploads\/2020\/11\/Logo-PJ-New-1.png","contentUrl":"https:\/\/static.purejewels.com\/wp-content\/uploads\/2020\/11\/Logo-PJ-New-1.png","width":150,"height":80,"caption":"PureJewels UK"},"image":{"@id":"https:\/\/www.purejewels.com\/#\/schema\/logo\/image\/"}}]}},"_links":{"self":[{"href":"https:\/\/www.purejewels.com\/tr\/wp-json\/wp\/v2\/product\/319457","targetHints":{"allow":["GET"]}}],"collection":[{"href":"https:\/\/www.purejewels.com\/tr\/wp-json\/wp\/v2\/product"}],"about":[{"href":"https:\/\/www.purejewels.com\/tr\/wp-json\/wp\/v2\/types\/product"}],"replies":[{"embeddable":true,"href":"https:\/\/www.purejewels.com\/tr\/wp-json\/wp\/v2\/comments?post=319457"}],"version-history":[{"count":3,"href":"https:\/\/www.purejewels.com\/tr\/wp-json\/wp\/v2\/product\/319457\/revisions"}],"predecessor-version":[{"id":424371,"href":"https:\/\/www.purejewels.com\/tr\/wp-json\/wp\/v2\/product\/319457\/revisions\/424371"}],"wp:featuredmedia":[{"embeddable":true,"href":"https:\/\/www.purejewels.com\/tr\/wp-json\/wp\/v2\/media\/319451"}],"wp:attachment":[{"href":"https:\/\/www.purejewels.com\/tr\/wp-json\/wp\/v2\/media?parent=319457"}],"wp:term":[{"taxonomy":"product_brand","embeddable":true,"href":"https:\/\/www.purejewels.com\/tr\/wp-json\/wp\/v2\/product_brand?post=319457"},{"taxonomy":"product_cat","embeddable":true,"href":"https:\/\/www.purejewels.com\/tr\/wp-json\/wp\/v2\/product_cat?post=319457"},{"taxonomy":"product_tag","embeddable":true,"href":"https:\/\/www.purejewels.com\/tr\/wp-json\/wp\/v2\/product_tag?post=319457"}],"curies":[{"name":"wp","href":"https:\/\/api.w.org\/{rel}","templated":true}]}}