{"id":319459,"date":"2020-12-01T10:22:05","date_gmt":"2020-12-01T10:22:05","guid":{"rendered":"https:\/\/www.purejewels.com\/?post_type=product&#038;p=319459"},"modified":"2026-01-08T05:25:30","modified_gmt":"2026-01-08T05:25:30","slug":"22-ayar-altin-tilki-kuyrugu-zincir-32047","status":"publish","type":"product","link":"https:\/\/www.purejewels.com\/tr\/product\/22ct-gold-foxtail-chain-32047\/","title":{"rendered":"22 Ayar Alt\u0131n Unisex Tilki Kuyru\u011fu Zincir - 16 \u0130n\u00e7"},"content":{"rendered":"<p>Bu 22 ayar alt\u0131n tilki kuyru\u011fu zincir kolye, hassas i\u015f\u00e7ili\u011fin ve kal\u0131c\u0131 tasar\u0131m\u0131n bir kutlamas\u0131d\u0131r. Titizlikle dokunan tilki kuyru\u011fu yap\u0131s\u0131, \u0131\u015f\u0131\u011f\u0131 ince bir parlakl\u0131kla yans\u0131t\u0131rken cilde l\u00fcks bir his veren esnek, dokunsal bir y\u00fczey olu\u015fturur.<\/p>\n<p>16 in\u00e7 uzunlu\u011fundaki zincir k\u00f6pr\u00fcc\u00fck kemi\u011fine g\u00fczel bir \u015fekilde oturur, bu da onu tek ba\u015f\u0131na bir ifade olarak veya bir kolye i\u00e7in zarif bir temel olarak ideal k\u0131lar. Karma\u015f\u0131k deseni derinlik ve karakter katarken, 22 ayar sar\u0131 alt\u0131n\u0131n s\u0131cak \u0131\u015f\u0131lt\u0131s\u0131 PureJewels'in ola\u011fan\u00fcst\u00fc alt\u0131n m\u00fccevher miras\u0131n\u0131 yans\u0131t\u0131yor.<\/p>\n<p>\u00c7ok y\u00f6nl\u00fcl\u00fck ve uzun \u00f6m\u00fcrl\u00fcl\u00fck i\u00e7in tasarlanan bu zincir, g\u00fcnd\u00fczden ak\u015fama zahmetsizce ge\u00e7i\u015f yapar. \u0130ster ki\u015fisel bir imza ister anlaml\u0131 bir hediye olarak se\u00e7ilmi\u015f olsun, PureJewels UK'yi tan\u0131mlayan gelenek ve \u00e7a\u011fda\u015f zarafet dengesini temsil eder.<\/p>","protected":false},"excerpt":{"rendered":"<p>Zarif 16 in\u00e7 uzunlu\u011funda, zengin dokusu ve zamans\u0131z \u015f\u0131kl\u0131\u011f\u0131yla ince i\u015flenmi\u015f 22 ayar alt\u0131n tilki kuyru\u011fu zincir. Zarif g\u00fcnl\u00fck kullan\u0131m i\u00e7in tasarlanm\u0131\u015f bir PureJewels klasi\u011fi.<\/p>\n<ul>\n<li>22 Ayar Alt\u0131n Tilki Kuyru\u011fu Zincir 16 \u0130n\u00e7<\/li>\n<li>A\u011f\u0131rl\u0131k: 2,5 gms<\/li>\n<li>Kal\u0131nl\u0131k 1 mm<\/li>\n<li>Uzunluk: 16\u2033 in\u00e7<\/li>\n<li>SKU. 32047<\/li>\n<li>T\u00fcm fiyatlara KDV dahildir<\/li>\n<li>Londra Tahlil Ofisi Taraf\u0131ndan Damgalanm\u0131\u015f 22 Ayar Alt\u0131n<\/li>\n<li>Sunum Kutusu ile Birlikte Gelir<\/li>\n<li>Teslimat Dahil<\/li>\n<li>Stok durumu ve stokta bulunan benzer tasar\u0131mlar\u0131n daha fazla g\u00f6r\u00fcnt\u00fcs\u00fc i\u00e7in bizimle canl\u0131 sohbet edin<\/li>\n<\/ul>","protected":false},"featured_media":319451,"comment_status":"closed","ping_status":"closed","template":"","meta":{"_eb_attr":"","_crsspst_to_jayantr4sg-hostcom":false},"product_brand":[],"product_cat":[1576,1475,1772],"product_tag":[],"class_list":{"0":"post-319459","1":"product","2":"type-product","3":"status-publish","4":"has-post-thumbnail","6":"product_cat-childrens-jewellery","7":"product_cat-gold-chains","8":"product_cat-kids-chains","10":"first","11":"outofstock","12":"taxable","13":"shipping-taxable","14":"product-type-simple","15":"add-to-wishlist-before_image"},"yoast_head":"<!-- This site is optimized with the Yoast SEO plugin v27.3 - https:\/\/yoast.com\/product\/yoast-seo-wordpress\/ -->\n<title>22ct Gold Foxtail Chain (16 Inch) | Online at PureJewels UK<\/title>\n<meta name=\"description\" content=\"Explore the timeless beauty of a 22ct gold foxtail chain in a 16-inch length. Expertly crafted with intricate detail, this classic gold necklace by PureJewels UK is perfect worn alone.\" \/>\n<meta name=\"robots\" content=\"index, follow, max-snippet:-1, max-image-preview:large, max-video-preview:-1\" \/>\n<link rel=\"canonical\" href=\"https:\/\/www.purejewels.com\/tr\/urun\/22-ayar-altin-tilki-kuyrugu-zincir-32047\/\" \/>\n<meta property=\"og:locale\" content=\"tr_TR\" \/>\n<meta property=\"og:type\" content=\"article\" \/>\n<meta property=\"og:title\" content=\"22ct Gold Foxtail Chain (16 Inch) | Online at PureJewels UK\" \/>\n<meta property=\"og:description\" content=\"Explore the timeless beauty of a 22ct gold foxtail chain in a 16-inch length. Expertly crafted with intricate detail, this classic gold necklace by PureJewels UK is perfect worn alone.\" \/>\n<meta property=\"og:url\" content=\"https:\/\/www.purejewels.com\/tr\/urun\/22-ayar-altin-tilki-kuyrugu-zincir-32047\/\" \/>\n<meta property=\"og:site_name\" content=\"PureJewels UK\" \/>\n<meta property=\"article:modified_time\" content=\"2026-01-08T05:25:30+00:00\" \/>\n<meta property=\"og:image\" content=\"https:\/\/static.purejewels.com\/wp-content\/uploads\/2020\/07\/31811-1.jpg\" \/>\n\t<meta property=\"og:image:width\" content=\"1000\" \/>\n\t<meta property=\"og:image:height\" content=\"1000\" \/>\n\t<meta property=\"og:image:type\" content=\"image\/jpeg\" \/>\n<meta name=\"twitter:card\" content=\"summary_large_image\" \/>\n<meta name=\"twitter:label1\" content=\"Tahmini okuma s\u00fcresi\" \/>\n\t<meta name=\"twitter:data1\" content=\"1 dakika\" \/>\n<script type=\"application\/ld+json\" class=\"yoast-schema-graph\">{\"@context\":\"https:\\\/\\\/schema.org\",\"@graph\":[{\"@type\":[\"WebPage\",\"ItemPage\"],\"@id\":\"https:\\\/\\\/www.purejewels.com\\\/product\\\/22ct-gold-foxtail-chain-32047\\\/\",\"url\":\"https:\\\/\\\/www.purejewels.com\\\/product\\\/22ct-gold-foxtail-chain-32047\\\/\",\"name\":\"22ct Gold Foxtail Chain (16 Inch) | Online at PureJewels UK\",\"isPartOf\":{\"@id\":\"https:\\\/\\\/www.purejewels.com\\\/#website\"},\"primaryImageOfPage\":{\"@id\":\"https:\\\/\\\/www.purejewels.com\\\/product\\\/22ct-gold-foxtail-chain-32047\\\/#primaryimage\"},\"image\":{\"@id\":\"https:\\\/\\\/www.purejewels.com\\\/product\\\/22ct-gold-foxtail-chain-32047\\\/#primaryimage\"},\"thumbnailUrl\":\"https:\\\/\\\/static.purejewels.com\\\/wp-content\\\/uploads\\\/2020\\\/07\\\/31811-1.jpg\",\"datePublished\":\"2020-12-01T10:22:05+00:00\",\"dateModified\":\"2026-01-08T05:25:30+00:00\",\"description\":\"Explore the timeless beauty of a 22ct gold foxtail chain in a 16-inch length. Expertly crafted with intricate detail, this classic gold necklace by PureJewels UK is perfect worn alone.\",\"breadcrumb\":{\"@id\":\"https:\\\/\\\/www.purejewels.com\\\/product\\\/22ct-gold-foxtail-chain-32047\\\/#breadcrumb\"},\"inLanguage\":\"tr\",\"potentialAction\":[{\"@type\":\"ReadAction\",\"target\":[\"https:\\\/\\\/www.purejewels.com\\\/product\\\/22ct-gold-foxtail-chain-32047\\\/\"]}]},{\"@type\":\"ImageObject\",\"inLanguage\":\"tr\",\"@id\":\"https:\\\/\\\/www.purejewels.com\\\/product\\\/22ct-gold-foxtail-chain-32047\\\/#primaryimage\",\"url\":\"https:\\\/\\\/static.purejewels.com\\\/wp-content\\\/uploads\\\/2020\\\/07\\\/31811-1.jpg\",\"contentUrl\":\"https:\\\/\\\/static.purejewels.com\\\/wp-content\\\/uploads\\\/2020\\\/07\\\/31811-1.jpg\",\"width\":1000,\"height\":1000,\"caption\":\"22ct Gold Chain\"},{\"@type\":\"BreadcrumbList\",\"@id\":\"https:\\\/\\\/www.purejewels.com\\\/product\\\/22ct-gold-foxtail-chain-32047\\\/#breadcrumb\",\"itemListElement\":[{\"@type\":\"ListItem\",\"position\":1,\"name\":\"Home\",\"item\":\"https:\\\/\\\/www.purejewels.com\\\/\"},{\"@type\":\"ListItem\",\"position\":2,\"name\":\"Shop\",\"item\":\"https:\\\/\\\/www.purejewels.com\\\/shop\\\/\"},{\"@type\":\"ListItem\",\"position\":3,\"name\":\"22ct Gold Unisex Foxtail Chain \u2013 16 Inches\"}]},{\"@type\":\"WebSite\",\"@id\":\"https:\\\/\\\/www.purejewels.com\\\/#website\",\"url\":\"https:\\\/\\\/www.purejewels.com\\\/\",\"name\":\"PureJewels UK\",\"description\":\"Share the Love\",\"publisher\":{\"@id\":\"https:\\\/\\\/www.purejewels.com\\\/#organization\"},\"potentialAction\":[{\"@type\":\"SearchAction\",\"target\":{\"@type\":\"EntryPoint\",\"urlTemplate\":\"https:\\\/\\\/www.purejewels.com\\\/?s={search_term_string}\"},\"query-input\":{\"@type\":\"PropertyValueSpecification\",\"valueRequired\":true,\"valueName\":\"search_term_string\"}}],\"inLanguage\":\"tr\"},{\"@type\":\"Organization\",\"@id\":\"https:\\\/\\\/www.purejewels.com\\\/#organization\",\"name\":\"PureJewels UK\",\"url\":\"https:\\\/\\\/www.purejewels.com\\\/\",\"logo\":{\"@type\":\"ImageObject\",\"inLanguage\":\"tr\",\"@id\":\"https:\\\/\\\/www.purejewels.com\\\/#\\\/schema\\\/logo\\\/image\\\/\",\"url\":\"https:\\\/\\\/static.purejewels.com\\\/wp-content\\\/uploads\\\/2020\\\/11\\\/Logo-PJ-New-1.png\",\"contentUrl\":\"https:\\\/\\\/static.purejewels.com\\\/wp-content\\\/uploads\\\/2020\\\/11\\\/Logo-PJ-New-1.png\",\"width\":150,\"height\":80,\"caption\":\"PureJewels UK\"},\"image\":{\"@id\":\"https:\\\/\\\/www.purejewels.com\\\/#\\\/schema\\\/logo\\\/image\\\/\"}}]}<\/script>\n<!-- \/ Yoast SEO plugin. -->","yoast_head_json":{"title":"22 Ayar Alt\u0131n Tilki Kuyru\u011fu Zincir (16 \u0130n\u00e7) | PureJewels UK'de Online","description":"16 in\u00e7 uzunlu\u011fundaki 22 ayar alt\u0131n tilki kuyru\u011fu zincirinin zamans\u0131z g\u00fczelli\u011fini ke\u015ffedin. Karma\u015f\u0131k detaylarla ustal\u0131kla i\u015flenmi\u015f PureJewels UK imzal\u0131 bu klasik alt\u0131n kolye, tek ba\u015f\u0131na m\u00fckemmel bir \u015fekilde tak\u0131labilir.","robots":{"index":"index","follow":"follow","max-snippet":"max-snippet:-1","max-image-preview":"max-image-preview:large","max-video-preview":"max-video-preview:-1"},"canonical":"https:\/\/www.purejewels.com\/tr\/urun\/22-ayar-altin-tilki-kuyrugu-zincir-32047\/","og_locale":"tr_TR","og_type":"article","og_title":"22ct Gold Foxtail Chain (16 Inch) | Online at PureJewels UK","og_description":"Explore the timeless beauty of a 22ct gold foxtail chain in a 16-inch length. Expertly crafted with intricate detail, this classic gold necklace by PureJewels UK is perfect worn alone.","og_url":"https:\/\/www.purejewels.com\/tr\/urun\/22-ayar-altin-tilki-kuyrugu-zincir-32047\/","og_site_name":"PureJewels UK","article_modified_time":"2026-01-08T05:25:30+00:00","og_image":[{"width":1000,"height":1000,"url":"https:\/\/static.purejewels.com\/wp-content\/uploads\/2020\/07\/31811-1.jpg","type":"image\/jpeg"}],"twitter_card":"summary_large_image","twitter_misc":{"Tahmini okuma s\u00fcresi":"1 dakika"},"schema":{"@context":"https:\/\/schema.org","@graph":[{"@type":["WebPage","ItemPage"],"@id":"https:\/\/www.purejewels.com\/product\/22ct-gold-foxtail-chain-32047\/","url":"https:\/\/www.purejewels.com\/product\/22ct-gold-foxtail-chain-32047\/","name":"22 Ayar Alt\u0131n Tilki Kuyru\u011fu Zincir (16 \u0130n\u00e7) | PureJewels UK'de Online","isPartOf":{"@id":"https:\/\/www.purejewels.com\/#website"},"primaryImageOfPage":{"@id":"https:\/\/www.purejewels.com\/product\/22ct-gold-foxtail-chain-32047\/#primaryimage"},"image":{"@id":"https:\/\/www.purejewels.com\/product\/22ct-gold-foxtail-chain-32047\/#primaryimage"},"thumbnailUrl":"https:\/\/static.purejewels.com\/wp-content\/uploads\/2020\/07\/31811-1.jpg","datePublished":"2020-12-01T10:22:05+00:00","dateModified":"2026-01-08T05:25:30+00:00","description":"16 in\u00e7 uzunlu\u011fundaki 22 ayar alt\u0131n tilki kuyru\u011fu zincirinin zamans\u0131z g\u00fczelli\u011fini ke\u015ffedin. Karma\u015f\u0131k detaylarla ustal\u0131kla i\u015flenmi\u015f PureJewels UK imzal\u0131 bu klasik alt\u0131n kolye, tek ba\u015f\u0131na m\u00fckemmel bir \u015fekilde tak\u0131labilir.","breadcrumb":{"@id":"https:\/\/www.purejewels.com\/product\/22ct-gold-foxtail-chain-32047\/#breadcrumb"},"inLanguage":"tr","potentialAction":[{"@type":"ReadAction","target":["https:\/\/www.purejewels.com\/product\/22ct-gold-foxtail-chain-32047\/"]}]},{"@type":"ImageObject","inLanguage":"tr","@id":"https:\/\/www.purejewels.com\/product\/22ct-gold-foxtail-chain-32047\/#primaryimage","url":"https:\/\/static.purejewels.com\/wp-content\/uploads\/2020\/07\/31811-1.jpg","contentUrl":"https:\/\/static.purejewels.com\/wp-content\/uploads\/2020\/07\/31811-1.jpg","width":1000,"height":1000,"caption":"22ct Gold Chain"},{"@type":"BreadcrumbList","@id":"https:\/\/www.purejewels.com\/product\/22ct-gold-foxtail-chain-32047\/#breadcrumb","itemListElement":[{"@type":"ListItem","position":1,"name":"Home","item":"https:\/\/www.purejewels.com\/"},{"@type":"ListItem","position":2,"name":"Shop","item":"https:\/\/www.purejewels.com\/shop\/"},{"@type":"ListItem","position":3,"name":"22ct Gold Unisex Foxtail Chain \u2013 16 Inches"}]},{"@type":"WebSite","@id":"https:\/\/www.purejewels.com\/#website","url":"https:\/\/www.purejewels.com\/","name":"PureJewels \u0130ngiltere","description":"Sevgiyi Payla\u015f\u0131n","publisher":{"@id":"https:\/\/www.purejewels.com\/#organization"},"potentialAction":[{"@type":"SearchAction","target":{"@type":"EntryPoint","urlTemplate":"https:\/\/www.purejewels.com\/?s={search_term_string}"},"query-input":{"@type":"PropertyValueSpecification","valueRequired":true,"valueName":"search_term_string"}}],"inLanguage":"tr"},{"@type":"Organization","@id":"https:\/\/www.purejewels.com\/#organization","name":"PureJewels \u0130ngiltere","url":"https:\/\/www.purejewels.com\/","logo":{"@type":"ImageObject","inLanguage":"tr","@id":"https:\/\/www.purejewels.com\/#\/schema\/logo\/image\/","url":"https:\/\/static.purejewels.com\/wp-content\/uploads\/2020\/11\/Logo-PJ-New-1.png","contentUrl":"https:\/\/static.purejewels.com\/wp-content\/uploads\/2020\/11\/Logo-PJ-New-1.png","width":150,"height":80,"caption":"PureJewels UK"},"image":{"@id":"https:\/\/www.purejewels.com\/#\/schema\/logo\/image\/"}}]}},"_links":{"self":[{"href":"https:\/\/www.purejewels.com\/tr\/wp-json\/wp\/v2\/product\/319459","targetHints":{"allow":["GET"]}}],"collection":[{"href":"https:\/\/www.purejewels.com\/tr\/wp-json\/wp\/v2\/product"}],"about":[{"href":"https:\/\/www.purejewels.com\/tr\/wp-json\/wp\/v2\/types\/product"}],"replies":[{"embeddable":true,"href":"https:\/\/www.purejewels.com\/tr\/wp-json\/wp\/v2\/comments?post=319459"}],"version-history":[{"count":2,"href":"https:\/\/www.purejewels.com\/tr\/wp-json\/wp\/v2\/product\/319459\/revisions"}],"predecessor-version":[{"id":424304,"href":"https:\/\/www.purejewels.com\/tr\/wp-json\/wp\/v2\/product\/319459\/revisions\/424304"}],"wp:featuredmedia":[{"embeddable":true,"href":"https:\/\/www.purejewels.com\/tr\/wp-json\/wp\/v2\/media\/319451"}],"wp:attachment":[{"href":"https:\/\/www.purejewels.com\/tr\/wp-json\/wp\/v2\/media?parent=319459"}],"wp:term":[{"taxonomy":"product_brand","embeddable":true,"href":"https:\/\/www.purejewels.com\/tr\/wp-json\/wp\/v2\/product_brand?post=319459"},{"taxonomy":"product_cat","embeddable":true,"href":"https:\/\/www.purejewels.com\/tr\/wp-json\/wp\/v2\/product_cat?post=319459"},{"taxonomy":"product_tag","embeddable":true,"href":"https:\/\/www.purejewels.com\/tr\/wp-json\/wp\/v2\/product_tag?post=319459"}],"curies":[{"name":"wp","href":"https:\/\/api.w.org\/{rel}","templated":true}]}}