{"id":319462,"date":"2020-12-01T10:35:32","date_gmt":"2020-12-01T10:35:32","guid":{"rendered":"https:\/\/www.purejewels.com\/?post_type=product&#038;p=319462"},"modified":"2026-01-08T06:20:19","modified_gmt":"2026-01-08T06:20:19","slug":"22-ayar-altin-tilki-kuyrugu-zincir-32050","status":"publish","type":"product","link":"https:\/\/www.purejewels.com\/tr\/product\/22ct-gold-foxtail-chain-32050\/","title":{"rendered":"22ct \u00c7ocuk Tilki Kuyru\u011fu Zincir - 16 \u0130n\u00e7 | 1mm"},"content":{"rendered":"<p>Bu 22 ayar alt\u0131n tilki kuyru\u011fu zincir, geleneksel alt\u0131n i\u015f\u00e7ili\u011finin g\u00fczelli\u011fini zarif ve hafif bir profilde sergilemek i\u00e7in titizlikle \u00fcretilmi\u015ftir. Karma\u015f\u0131k tilki kuyru\u011fu \u00f6rg\u00fcs\u00fc, ince bir parlakl\u0131\u011fa sahip p\u00fcr\u00fczs\u00fcz, esnek bir yap\u0131 olu\u015fturarak hem dayan\u0131kl\u0131l\u0131k hem de zarafet sunar.<\/p>\n<p>16 in\u00e7 uzunlu\u011fundaki zincir k\u00f6pr\u00fcc\u00fck kemi\u011fine zarif bir \u015fekilde otururken, 1 mm kal\u0131nl\u0131\u011f\u0131 narin bir g\u00f6r\u00fcn\u00fcm sa\u011flar; bir kolye ile e\u015fle\u015ftirmek veya di\u011fer ince alt\u0131n zincirlerle katmanl\u0131 olarak takmak i\u00e7in m\u00fckemmeldir. Sade tasar\u0131m\u0131, 22 ayar sar\u0131 alt\u0131n\u0131n zenginli\u011finin \u00f6n plana \u00e7\u0131kmas\u0131n\u0131 sa\u011flar.<\/p>\n<p>PureJewels'in kaliteli alt\u0131n m\u00fccevher miras\u0131na dayanan bu zincir, \u00e7ok y\u00f6nl\u00fcl\u00fck ve g\u00fcnl\u00fck zarafet i\u00e7in tasarlanm\u0131\u015ft\u0131r. \u0130ster de\u011ferli bir kolye i\u00e7in temel olarak se\u00e7ilsin, ister minimalist bir alt\u0131n zincir olarak tak\u0131ls\u0131n, zamans\u0131z i\u015f\u00e7ili\u011fi ve kal\u0131c\u0131 stili yans\u0131t\u0131r.<\/p>","protected":false},"excerpt":{"rendered":"<p>Zarif 22 ayar alt\u0131n tilki kuyru\u011fu zincir, zarif 1 mm kal\u0131nl\u0131\u011fa ve klasik 16 in\u00e7 uzunlu\u011fa sahiptir. Zarif, \u00e7ok y\u00f6nl\u00fc ve kolye u\u00e7lar\u0131 veya katmanlar i\u00e7in ideal.<\/p>\n<ul>\n<li>22 Ayar Alt\u0131n Tilki Kuyru\u011fu Zincir 16 \u0130n\u00e7<\/li>\n<li>A\u011f\u0131rl\u0131k: 2,5 gms<\/li>\n<li>Kal\u0131nl\u0131k 1 mm<\/li>\n<li>Uzunluk: 16\u2033 in\u00e7<\/li>\n<li>SKU. 32050<\/li>\n<li>T\u00fcm fiyatlara KDV dahildir<\/li>\n<li>Londra Tahlil Ofisi Taraf\u0131ndan Damgalanm\u0131\u015f 22 Ayar Alt\u0131n<\/li>\n<li>Sunum Kutusu ile Birlikte Gelir<\/li>\n<li>Teslimat Dahil<\/li>\n<li>Stok durumu ve stokta bulunan benzer tasar\u0131mlar\u0131n daha fazla g\u00f6r\u00fcnt\u00fcs\u00fc i\u00e7in bizimle canl\u0131 sohbet edin<\/li>\n<\/ul>","protected":false},"featured_media":319451,"comment_status":"closed","ping_status":"closed","template":"","meta":{"_eb_attr":"","_crsspst_to_jayantr4sg-hostcom":false},"product_brand":[],"product_cat":[1576,1794,1475,1772],"product_tag":[],"class_list":{"0":"post-319462","1":"product","2":"type-product","3":"status-publish","4":"has-post-thumbnail","6":"product_cat-childrens-jewellery","7":"product_cat-christmas-gifts","8":"product_cat-gold-chains","9":"product_cat-kids-chains","11":"first","12":"outofstock","13":"taxable","14":"shipping-taxable","15":"product-type-simple","16":"add-to-wishlist-before_image"},"yoast_head":"<!-- This site is optimized with the Yoast SEO plugin v27.3 - https:\/\/yoast.com\/product\/yoast-seo-wordpress\/ -->\n<title>22ct Gold Foxtail Chain 16 Inch 1mm | PureJewels UK<\/title>\n<meta name=\"description\" content=\"Shop a finely crafted 22ct gold foxtail chain in a 16-inch length with a delicate 1mm thickness. A classic gold chain by PureJewels UK, ideal for pendants or elegant layering.\" \/>\n<meta name=\"robots\" content=\"index, follow, max-snippet:-1, max-image-preview:large, max-video-preview:-1\" \/>\n<link rel=\"canonical\" href=\"https:\/\/www.purejewels.com\/tr\/urun\/22-ayar-altin-tilki-kuyrugu-zincir-32050\/\" \/>\n<meta property=\"og:locale\" content=\"tr_TR\" \/>\n<meta property=\"og:type\" content=\"article\" \/>\n<meta property=\"og:title\" content=\"22ct Gold Foxtail Chain 16 Inch 1mm | PureJewels UK\" \/>\n<meta property=\"og:description\" content=\"Shop a finely crafted 22ct gold foxtail chain in a 16-inch length with a delicate 1mm thickness. A classic gold chain by PureJewels UK, ideal for pendants or elegant layering.\" \/>\n<meta property=\"og:url\" content=\"https:\/\/www.purejewels.com\/tr\/urun\/22-ayar-altin-tilki-kuyrugu-zincir-32050\/\" \/>\n<meta property=\"og:site_name\" content=\"PureJewels UK\" \/>\n<meta property=\"article:modified_time\" content=\"2026-01-08T06:20:19+00:00\" \/>\n<meta property=\"og:image\" content=\"https:\/\/static.purejewels.com\/wp-content\/uploads\/2020\/07\/31811-1.jpg\" \/>\n\t<meta property=\"og:image:width\" content=\"1000\" \/>\n\t<meta property=\"og:image:height\" content=\"1000\" \/>\n\t<meta property=\"og:image:type\" content=\"image\/jpeg\" \/>\n<meta name=\"twitter:card\" content=\"summary_large_image\" \/>\n<meta name=\"twitter:label1\" content=\"Tahmini okuma s\u00fcresi\" \/>\n\t<meta name=\"twitter:data1\" content=\"1 dakika\" \/>\n<script type=\"application\/ld+json\" class=\"yoast-schema-graph\">{\"@context\":\"https:\\\/\\\/schema.org\",\"@graph\":[{\"@type\":[\"WebPage\",\"ItemPage\"],\"@id\":\"https:\\\/\\\/www.purejewels.com\\\/product\\\/22ct-gold-foxtail-chain-32050\\\/\",\"url\":\"https:\\\/\\\/www.purejewels.com\\\/product\\\/22ct-gold-foxtail-chain-32050\\\/\",\"name\":\"22ct Gold Foxtail Chain 16 Inch 1mm | PureJewels UK\",\"isPartOf\":{\"@id\":\"https:\\\/\\\/www.purejewels.com\\\/#website\"},\"primaryImageOfPage\":{\"@id\":\"https:\\\/\\\/www.purejewels.com\\\/product\\\/22ct-gold-foxtail-chain-32050\\\/#primaryimage\"},\"image\":{\"@id\":\"https:\\\/\\\/www.purejewels.com\\\/product\\\/22ct-gold-foxtail-chain-32050\\\/#primaryimage\"},\"thumbnailUrl\":\"https:\\\/\\\/static.purejewels.com\\\/wp-content\\\/uploads\\\/2020\\\/07\\\/31811-1.jpg\",\"datePublished\":\"2020-12-01T10:35:32+00:00\",\"dateModified\":\"2026-01-08T06:20:19+00:00\",\"description\":\"Shop a finely crafted 22ct gold foxtail chain in a 16-inch length with a delicate 1mm thickness. A classic gold chain by PureJewels UK, ideal for pendants or elegant layering.\",\"breadcrumb\":{\"@id\":\"https:\\\/\\\/www.purejewels.com\\\/product\\\/22ct-gold-foxtail-chain-32050\\\/#breadcrumb\"},\"inLanguage\":\"tr\",\"potentialAction\":[{\"@type\":\"ReadAction\",\"target\":[\"https:\\\/\\\/www.purejewels.com\\\/product\\\/22ct-gold-foxtail-chain-32050\\\/\"]}]},{\"@type\":\"ImageObject\",\"inLanguage\":\"tr\",\"@id\":\"https:\\\/\\\/www.purejewels.com\\\/product\\\/22ct-gold-foxtail-chain-32050\\\/#primaryimage\",\"url\":\"https:\\\/\\\/static.purejewels.com\\\/wp-content\\\/uploads\\\/2020\\\/07\\\/31811-1.jpg\",\"contentUrl\":\"https:\\\/\\\/static.purejewels.com\\\/wp-content\\\/uploads\\\/2020\\\/07\\\/31811-1.jpg\",\"width\":1000,\"height\":1000,\"caption\":\"22ct Gold Chain\"},{\"@type\":\"BreadcrumbList\",\"@id\":\"https:\\\/\\\/www.purejewels.com\\\/product\\\/22ct-gold-foxtail-chain-32050\\\/#breadcrumb\",\"itemListElement\":[{\"@type\":\"ListItem\",\"position\":1,\"name\":\"Home\",\"item\":\"https:\\\/\\\/www.purejewels.com\\\/\"},{\"@type\":\"ListItem\",\"position\":2,\"name\":\"Shop\",\"item\":\"https:\\\/\\\/www.purejewels.com\\\/shop\\\/\"},{\"@type\":\"ListItem\",\"position\":3,\"name\":\"22ct Kids Foxtail Chain \u2013 16 Inches | 1mm\"}]},{\"@type\":\"WebSite\",\"@id\":\"https:\\\/\\\/www.purejewels.com\\\/#website\",\"url\":\"https:\\\/\\\/www.purejewels.com\\\/\",\"name\":\"PureJewels UK\",\"description\":\"Share the Love\",\"publisher\":{\"@id\":\"https:\\\/\\\/www.purejewels.com\\\/#organization\"},\"potentialAction\":[{\"@type\":\"SearchAction\",\"target\":{\"@type\":\"EntryPoint\",\"urlTemplate\":\"https:\\\/\\\/www.purejewels.com\\\/?s={search_term_string}\"},\"query-input\":{\"@type\":\"PropertyValueSpecification\",\"valueRequired\":true,\"valueName\":\"search_term_string\"}}],\"inLanguage\":\"tr\"},{\"@type\":\"Organization\",\"@id\":\"https:\\\/\\\/www.purejewels.com\\\/#organization\",\"name\":\"PureJewels UK\",\"url\":\"https:\\\/\\\/www.purejewels.com\\\/\",\"logo\":{\"@type\":\"ImageObject\",\"inLanguage\":\"tr\",\"@id\":\"https:\\\/\\\/www.purejewels.com\\\/#\\\/schema\\\/logo\\\/image\\\/\",\"url\":\"https:\\\/\\\/static.purejewels.com\\\/wp-content\\\/uploads\\\/2020\\\/11\\\/Logo-PJ-New-1.png\",\"contentUrl\":\"https:\\\/\\\/static.purejewels.com\\\/wp-content\\\/uploads\\\/2020\\\/11\\\/Logo-PJ-New-1.png\",\"width\":150,\"height\":80,\"caption\":\"PureJewels UK\"},\"image\":{\"@id\":\"https:\\\/\\\/www.purejewels.com\\\/#\\\/schema\\\/logo\\\/image\\\/\"}}]}<\/script>\n<!-- \/ Yoast SEO plugin. -->","yoast_head_json":{"title":"22 Ayar Alt\u0131n Tilki Kuyru\u011fu Zincir 16 \u0130n\u00e7 1mm | PureJewels UK","description":"Hassas 1 mm kal\u0131nl\u0131\u011f\u0131nda, 16 in\u00e7 uzunlu\u011funda, ince i\u015f\u00e7ilikle \u00fcretilmi\u015f 22 ayar alt\u0131n tilki kuyru\u011fu zinciri sat\u0131n al\u0131n. PureJewels UK'den klasik bir alt\u0131n zincir, kolye u\u00e7lar\u0131 veya zarif katmanlar i\u00e7in ideal.","robots":{"index":"index","follow":"follow","max-snippet":"max-snippet:-1","max-image-preview":"max-image-preview:large","max-video-preview":"max-video-preview:-1"},"canonical":"https:\/\/www.purejewels.com\/tr\/urun\/22-ayar-altin-tilki-kuyrugu-zincir-32050\/","og_locale":"tr_TR","og_type":"article","og_title":"22ct Gold Foxtail Chain 16 Inch 1mm | PureJewels UK","og_description":"Shop a finely crafted 22ct gold foxtail chain in a 16-inch length with a delicate 1mm thickness. A classic gold chain by PureJewels UK, ideal for pendants or elegant layering.","og_url":"https:\/\/www.purejewels.com\/tr\/urun\/22-ayar-altin-tilki-kuyrugu-zincir-32050\/","og_site_name":"PureJewels UK","article_modified_time":"2026-01-08T06:20:19+00:00","og_image":[{"width":1000,"height":1000,"url":"https:\/\/static.purejewels.com\/wp-content\/uploads\/2020\/07\/31811-1.jpg","type":"image\/jpeg"}],"twitter_card":"summary_large_image","twitter_misc":{"Tahmini okuma s\u00fcresi":"1 dakika"},"schema":{"@context":"https:\/\/schema.org","@graph":[{"@type":["WebPage","ItemPage"],"@id":"https:\/\/www.purejewels.com\/product\/22ct-gold-foxtail-chain-32050\/","url":"https:\/\/www.purejewels.com\/product\/22ct-gold-foxtail-chain-32050\/","name":"22 Ayar Alt\u0131n Tilki Kuyru\u011fu Zincir 16 \u0130n\u00e7 1mm | PureJewels UK","isPartOf":{"@id":"https:\/\/www.purejewels.com\/#website"},"primaryImageOfPage":{"@id":"https:\/\/www.purejewels.com\/product\/22ct-gold-foxtail-chain-32050\/#primaryimage"},"image":{"@id":"https:\/\/www.purejewels.com\/product\/22ct-gold-foxtail-chain-32050\/#primaryimage"},"thumbnailUrl":"https:\/\/static.purejewels.com\/wp-content\/uploads\/2020\/07\/31811-1.jpg","datePublished":"2020-12-01T10:35:32+00:00","dateModified":"2026-01-08T06:20:19+00:00","description":"Hassas 1 mm kal\u0131nl\u0131\u011f\u0131nda, 16 in\u00e7 uzunlu\u011funda, ince i\u015f\u00e7ilikle \u00fcretilmi\u015f 22 ayar alt\u0131n tilki kuyru\u011fu zinciri sat\u0131n al\u0131n. PureJewels UK'den klasik bir alt\u0131n zincir, kolye u\u00e7lar\u0131 veya zarif katmanlar i\u00e7in ideal.","breadcrumb":{"@id":"https:\/\/www.purejewels.com\/product\/22ct-gold-foxtail-chain-32050\/#breadcrumb"},"inLanguage":"tr","potentialAction":[{"@type":"ReadAction","target":["https:\/\/www.purejewels.com\/product\/22ct-gold-foxtail-chain-32050\/"]}]},{"@type":"ImageObject","inLanguage":"tr","@id":"https:\/\/www.purejewels.com\/product\/22ct-gold-foxtail-chain-32050\/#primaryimage","url":"https:\/\/static.purejewels.com\/wp-content\/uploads\/2020\/07\/31811-1.jpg","contentUrl":"https:\/\/static.purejewels.com\/wp-content\/uploads\/2020\/07\/31811-1.jpg","width":1000,"height":1000,"caption":"22ct Gold Chain"},{"@type":"BreadcrumbList","@id":"https:\/\/www.purejewels.com\/product\/22ct-gold-foxtail-chain-32050\/#breadcrumb","itemListElement":[{"@type":"ListItem","position":1,"name":"Home","item":"https:\/\/www.purejewels.com\/"},{"@type":"ListItem","position":2,"name":"Shop","item":"https:\/\/www.purejewels.com\/shop\/"},{"@type":"ListItem","position":3,"name":"22ct Kids Foxtail Chain \u2013 16 Inches | 1mm"}]},{"@type":"WebSite","@id":"https:\/\/www.purejewels.com\/#website","url":"https:\/\/www.purejewels.com\/","name":"PureJewels \u0130ngiltere","description":"Sevgiyi Payla\u015f\u0131n","publisher":{"@id":"https:\/\/www.purejewels.com\/#organization"},"potentialAction":[{"@type":"SearchAction","target":{"@type":"EntryPoint","urlTemplate":"https:\/\/www.purejewels.com\/?s={search_term_string}"},"query-input":{"@type":"PropertyValueSpecification","valueRequired":true,"valueName":"search_term_string"}}],"inLanguage":"tr"},{"@type":"Organization","@id":"https:\/\/www.purejewels.com\/#organization","name":"PureJewels \u0130ngiltere","url":"https:\/\/www.purejewels.com\/","logo":{"@type":"ImageObject","inLanguage":"tr","@id":"https:\/\/www.purejewels.com\/#\/schema\/logo\/image\/","url":"https:\/\/static.purejewels.com\/wp-content\/uploads\/2020\/11\/Logo-PJ-New-1.png","contentUrl":"https:\/\/static.purejewels.com\/wp-content\/uploads\/2020\/11\/Logo-PJ-New-1.png","width":150,"height":80,"caption":"PureJewels UK"},"image":{"@id":"https:\/\/www.purejewels.com\/#\/schema\/logo\/image\/"}}]}},"_links":{"self":[{"href":"https:\/\/www.purejewels.com\/tr\/wp-json\/wp\/v2\/product\/319462","targetHints":{"allow":["GET"]}}],"collection":[{"href":"https:\/\/www.purejewels.com\/tr\/wp-json\/wp\/v2\/product"}],"about":[{"href":"https:\/\/www.purejewels.com\/tr\/wp-json\/wp\/v2\/types\/product"}],"replies":[{"embeddable":true,"href":"https:\/\/www.purejewels.com\/tr\/wp-json\/wp\/v2\/comments?post=319462"}],"version-history":[{"count":2,"href":"https:\/\/www.purejewels.com\/tr\/wp-json\/wp\/v2\/product\/319462\/revisions"}],"predecessor-version":[{"id":424306,"href":"https:\/\/www.purejewels.com\/tr\/wp-json\/wp\/v2\/product\/319462\/revisions\/424306"}],"wp:featuredmedia":[{"embeddable":true,"href":"https:\/\/www.purejewels.com\/tr\/wp-json\/wp\/v2\/media\/319451"}],"wp:attachment":[{"href":"https:\/\/www.purejewels.com\/tr\/wp-json\/wp\/v2\/media?parent=319462"}],"wp:term":[{"taxonomy":"product_brand","embeddable":true,"href":"https:\/\/www.purejewels.com\/tr\/wp-json\/wp\/v2\/product_brand?post=319462"},{"taxonomy":"product_cat","embeddable":true,"href":"https:\/\/www.purejewels.com\/tr\/wp-json\/wp\/v2\/product_cat?post=319462"},{"taxonomy":"product_tag","embeddable":true,"href":"https:\/\/www.purejewels.com\/tr\/wp-json\/wp\/v2\/product_tag?post=319462"}],"curies":[{"name":"wp","href":"https:\/\/api.w.org\/{rel}","templated":true}]}}