{"id":319531,"date":"2024-01-05T01:48:23","date_gmt":"2024-01-05T01:48:23","guid":{"rendered":"https:\/\/www.purejewels.com\/?post_type=product&#038;p=319531"},"modified":"2026-02-05T07:37:05","modified_gmt":"2026-02-05T07:37:05","slug":"kadinlar-icin-22-ayar-altin-yuzuk","status":"publish","type":"product","link":"https:\/\/www.purejewels.com\/tr\/product\/22ct-gold-ring-for-women\/","title":{"rendered":"Kad\u0131nlar \u0130\u00e7in 22 Ayar Alt\u0131n Tavus Ku\u015fu Y\u00fcz\u00fck"},"content":{"rendered":"<p data-start=\"0\" data-end=\"391\"><strong data-start=\"0\" data-end=\"10\">Tasar\u0131m<\/strong><br data-start=\"10\" data-end=\"13\" \/>Bu 22 ayar alt\u0131n tavus ku\u015fu y\u00fcz\u00fc\u011f\u00fc, ku\u015fun zarafetini zengin detaylara sahip, yontulmu\u015f bir formda yakal\u0131yor. Stilize tavus ku\u015fu motifi parma\u011f\u0131n etraf\u0131nda k\u0131vr\u0131l\u0131yor ve geleneksel Hint tasar\u0131m\u0131n\u0131n m\u00fccevher tonlar\u0131n\u0131 yans\u0131tan canl\u0131 mine vurgularla hayat buluyor. Silueti cesur ama kad\u0131ns\u0131d\u0131r; ister tek ba\u015f\u0131na tak\u0131ls\u0131n, ister \u00f6zel olarak tasarlanm\u0131\u015f bir m\u00fccevher g\u00f6r\u00fcn\u00fcm\u00fcn\u00fcn par\u00e7as\u0131 olsun \u00e7arp\u0131c\u0131 bir odak noktas\u0131d\u0131r.<\/p>\n<p data-start=\"393\" data-end=\"808\"><strong data-start=\"393\" data-end=\"410\">Zanaatkarl\u0131k<\/strong><br data-start=\"410\" data-end=\"413\" \/>Yakla\u015f\u0131k 3,7 gram a\u011f\u0131rl\u0131\u011f\u0131ndaki y\u00fcz\u00fck, parlak 22 ayar sar\u0131 alt\u0131ndan \u00fcretilmi\u015f ve her bir t\u00fcy\u00fc ve k\u0131vr\u0131m\u0131 vurgulamak i\u00e7in ince mine i\u015f\u00e7ili\u011fiyle tamamlanm\u0131\u015ft\u0131r. Bant, N bedende rahatl\u0131k sa\u011flayacak \u015fekilde \u015fekillendirilmi\u015ftir ve ki\u015fiye \u00f6zel bir uyum sa\u011flamak i\u00e7in istek \u00fczerine di\u011fer bedenler de mevcuttur. Her par\u00e7a safl\u0131k sertifikas\u0131 i\u00e7in \u0130ngiltere'de damgalanm\u0131\u015ft\u0131r, b\u00f6ylece alt\u0131n\u0131n orijinalli\u011finden ve kalitesinden emin olabilirsiniz.<\/p>\n<p data-start=\"810\" data-end=\"1256\" data-is-last-node=\"\" data-is-only-node=\"\"><strong data-start=\"810\" data-end=\"831\">\u015eekillendirme &amp; Hediyele\u015fme<\/strong><br data-start=\"831\" data-end=\"834\" \/>Bu tavus ku\u015fu y\u00fcz\u00fc\u011f\u00fcn\u00fc minimal alt\u0131n bantlarla bir ifade par\u00e7as\u0131 olarak tak\u0131n veya d\u00fc\u011f\u00fcnler ve bayram g\u00fcnleri i\u00e7in renkli bilezikler ve jhumka k\u00fcpelerle e\u015fle\u015ftirin. G\u00fcnl\u00fck k\u0131yafetlere sanatsal bir dokunu\u015f getirdi\u011fi gibi gece k\u0131yafetlerine de karakter katar. Hediye kutusunda g\u00fczel bir \u015fekilde sunulan bu \u00fcr\u00fcn, do\u011fum g\u00fcnleri, y\u0131l d\u00f6n\u00fcmleri veya sembolik, hikayesi zengin m\u00fccevherleri seven herkes i\u00e7in \u00f6zel bir ki\u015fisel hediye olarak d\u00fc\u015f\u00fcnceli bir se\u00e7imdir.<\/p>","protected":false},"excerpt":{"rendered":"<ul>\n<li>22 Ayar Sar\u0131 Alt\u0131n Mineli Y\u00fcz\u00fck<\/li>\n<li>Y\u00fcz\u00fck a\u011f\u0131rl\u0131\u011f\u0131 3,7 gms<\/li>\n<li>SKU. 46817<\/li>\n<li>Y\u00fcz\u00fck \u00d6l\u00e7\u00fcs\u00fc N<\/li>\n<li>Mevcut di\u011fer boyutlar i\u00e7in bilgi al\u0131n<\/li>\n<li>T\u00fcm \u00fcr\u00fcnlerimiz Londra Tahlil Ofisi taraf\u0131ndan damgalanm\u0131\u015ft\u0131r<\/li>\n<li>Sunum Kutusu ile Birlikte Gelir<\/li>\n<li>Teslimat Dahil<\/li>\n<li>T\u00fcm fiyatlara KDV dahildir<\/li>\n<li>Bizim ke\u015ffedin\u00a0<a href=\"https:\/\/www.purejewels.com\/tr\/urun-kategori%cc%87si%cc%87\/mucevherler\/altin-yuzukler\/\" target=\"_blank\" rel=\"noopener\">Alt\u0131n Y\u00fcz\u00fckler<\/a>\u00a0Koleksiyon<\/li>\n<li>\u00dcr\u00fcn videosu i\u00e7in bize ula\u015f\u0131n \/ bizimle sohbet edin<\/li>\n<\/ul>","protected":false},"featured_media":359647,"comment_status":"closed","ping_status":"closed","template":"","meta":{"_eb_attr":"","_crsspst_to_jayantr4sg-hostcom":true},"product_brand":[],"product_cat":[1791,1559,1794,1785,1229,1235,5344,1783,5338,1574],"product_tag":[],"class_list":{"0":"post-319531","1":"product","2":"type-product","3":"status-publish","4":"has-post-thumbnail","6":"product_cat-anniversary-gifts","7":"product_cat-birthday-gifts","8":"product_cat-christmas-gifts","9":"product_cat-daily-wear-rings","10":"product_cat-22ct-gold-jewellery","11":"product_cat-gold-rings","12":"product_cat-jewellery-under-750","13":"product_cat-ladies-rings","14":"product_cat-shop-by-price","15":"product_cat-womens-jewellery","17":"first","18":"instock","19":"taxable","20":"shipping-taxable","21":"purchasable","22":"product-type-simple","23":"add-to-wishlist-before_image"},"yoast_head":"<!-- This site is optimized with the Yoast SEO plugin v27.5 - https:\/\/yoast.com\/product\/yoast-seo-wordpress\/ -->\n<title>22ct Gold Peacock Ring For Women in UK<\/title>\n<meta name=\"description\" content=\"Discover a handcrafted 22ct Gold Peacock Ring for women at PureJewels UK. Hallmarked, elegant, and inspired by heritage artistry. Free insured delivery.\" \/>\n<meta name=\"robots\" content=\"index, follow, max-snippet:-1, max-image-preview:large, max-video-preview:-1\" \/>\n<link rel=\"canonical\" href=\"https:\/\/www.purejewels.com\/tr\/urun\/kadinlar-icin-22-ayar-altin-yuzuk\/\" \/>\n<meta property=\"og:locale\" content=\"tr_TR\" \/>\n<meta property=\"og:type\" content=\"article\" \/>\n<meta property=\"og:title\" content=\"22ct Gold Peacock Ring For Women in UK\" \/>\n<meta property=\"og:description\" content=\"Discover a handcrafted 22ct Gold Peacock Ring for women at PureJewels UK. Hallmarked, elegant, and inspired by heritage artistry. Free insured delivery.\" \/>\n<meta property=\"og:url\" content=\"https:\/\/www.purejewels.com\/tr\/urun\/kadinlar-icin-22-ayar-altin-yuzuk\/\" \/>\n<meta property=\"og:site_name\" content=\"PureJewels UK\" \/>\n<meta property=\"article:modified_time\" content=\"2026-02-05T07:37:05+00:00\" \/>\n<meta property=\"og:image\" content=\"https:\/\/static.purejewels.com\/wp-content\/uploads\/2024\/01\/46817.png\" \/>\n\t<meta property=\"og:image:width\" content=\"1000\" \/>\n\t<meta property=\"og:image:height\" content=\"1000\" \/>\n\t<meta property=\"og:image:type\" content=\"image\/png\" \/>\n<meta name=\"twitter:card\" content=\"summary_large_image\" \/>\n<meta name=\"twitter:label1\" content=\"Tahmini okuma s\u00fcresi\" \/>\n\t<meta name=\"twitter:data1\" content=\"2 dakika\" \/>\n<script type=\"application\/ld+json\" class=\"yoast-schema-graph\">{\"@context\":\"https:\\\/\\\/schema.org\",\"@graph\":[{\"@type\":[\"WebPage\",\"ItemPage\"],\"@id\":\"https:\\\/\\\/www.purejewels.com\\\/product\\\/22ct-gold-ring-for-women\\\/\",\"url\":\"https:\\\/\\\/www.purejewels.com\\\/product\\\/22ct-gold-ring-for-women\\\/\",\"name\":\"22ct Gold Peacock Ring For Women in UK\",\"isPartOf\":{\"@id\":\"https:\\\/\\\/www.purejewels.com\\\/#website\"},\"primaryImageOfPage\":{\"@id\":\"https:\\\/\\\/www.purejewels.com\\\/product\\\/22ct-gold-ring-for-women\\\/#primaryimage\"},\"image\":{\"@id\":\"https:\\\/\\\/www.purejewels.com\\\/product\\\/22ct-gold-ring-for-women\\\/#primaryimage\"},\"thumbnailUrl\":\"https:\\\/\\\/static.purejewels.com\\\/wp-content\\\/uploads\\\/2024\\\/01\\\/46817.png\",\"datePublished\":\"2024-01-05T01:48:23+00:00\",\"dateModified\":\"2026-02-05T07:37:05+00:00\",\"description\":\"Discover a handcrafted 22ct Gold Peacock Ring for women at PureJewels UK. Hallmarked, elegant, and inspired by heritage artistry. Free insured delivery.\",\"breadcrumb\":{\"@id\":\"https:\\\/\\\/www.purejewels.com\\\/product\\\/22ct-gold-ring-for-women\\\/#breadcrumb\"},\"inLanguage\":\"tr\",\"potentialAction\":[{\"@type\":\"ReadAction\",\"target\":[\"https:\\\/\\\/www.purejewels.com\\\/product\\\/22ct-gold-ring-for-women\\\/\"]}]},{\"@type\":\"ImageObject\",\"inLanguage\":\"tr\",\"@id\":\"https:\\\/\\\/www.purejewels.com\\\/product\\\/22ct-gold-ring-for-women\\\/#primaryimage\",\"url\":\"https:\\\/\\\/static.purejewels.com\\\/wp-content\\\/uploads\\\/2024\\\/01\\\/46817.png\",\"contentUrl\":\"https:\\\/\\\/static.purejewels.com\\\/wp-content\\\/uploads\\\/2024\\\/01\\\/46817.png\",\"width\":1000,\"height\":1000,\"caption\":\"22ct Gold Peacock Ring\"},{\"@type\":\"BreadcrumbList\",\"@id\":\"https:\\\/\\\/www.purejewels.com\\\/product\\\/22ct-gold-ring-for-women\\\/#breadcrumb\",\"itemListElement\":[{\"@type\":\"ListItem\",\"position\":1,\"name\":\"Home\",\"item\":\"https:\\\/\\\/www.purejewels.com\\\/\"},{\"@type\":\"ListItem\",\"position\":2,\"name\":\"Shop\",\"item\":\"https:\\\/\\\/www.purejewels.com\\\/shop\\\/\"},{\"@type\":\"ListItem\",\"position\":3,\"name\":\"22ct Gold Peacock Ring For Women\"}]},{\"@type\":\"WebSite\",\"@id\":\"https:\\\/\\\/www.purejewels.com\\\/#website\",\"url\":\"https:\\\/\\\/www.purejewels.com\\\/\",\"name\":\"PureJewels UK\",\"description\":\"Share the Love\",\"publisher\":{\"@id\":\"https:\\\/\\\/www.purejewels.com\\\/#organization\"},\"potentialAction\":[{\"@type\":\"SearchAction\",\"target\":{\"@type\":\"EntryPoint\",\"urlTemplate\":\"https:\\\/\\\/www.purejewels.com\\\/?s={search_term_string}\"},\"query-input\":{\"@type\":\"PropertyValueSpecification\",\"valueRequired\":true,\"valueName\":\"search_term_string\"}}],\"inLanguage\":\"tr\"},{\"@type\":\"Organization\",\"@id\":\"https:\\\/\\\/www.purejewels.com\\\/#organization\",\"name\":\"PureJewels UK\",\"url\":\"https:\\\/\\\/www.purejewels.com\\\/\",\"logo\":{\"@type\":\"ImageObject\",\"inLanguage\":\"tr\",\"@id\":\"https:\\\/\\\/www.purejewels.com\\\/#\\\/schema\\\/logo\\\/image\\\/\",\"url\":\"https:\\\/\\\/static.purejewels.com\\\/wp-content\\\/uploads\\\/2020\\\/11\\\/Logo-PJ-New-1.png\",\"contentUrl\":\"https:\\\/\\\/static.purejewels.com\\\/wp-content\\\/uploads\\\/2020\\\/11\\\/Logo-PJ-New-1.png\",\"width\":150,\"height\":80,\"caption\":\"PureJewels UK\"},\"image\":{\"@id\":\"https:\\\/\\\/www.purejewels.com\\\/#\\\/schema\\\/logo\\\/image\\\/\"}}]}<\/script>\n<!-- \/ Yoast SEO plugin. -->","yoast_head_json":{"title":"\u0130ngiltere'de Kad\u0131nlar \u0130\u00e7in 22 Ayar Alt\u0131n Tavus Ku\u015fu Y\u00fcz\u00fck","description":"PureJewels UK'de kad\u0131nlar i\u00e7in el yap\u0131m\u0131 22 ayar alt\u0131n tavus ku\u015fu y\u00fcz\u00fc\u011f\u00fcn\u00fc ke\u015ffedin. Damgal\u0131, zarif ve sanat miras\u0131ndan ilham al\u0131yor. \u00dccretsiz sigortal\u0131 teslimat.","robots":{"index":"index","follow":"follow","max-snippet":"max-snippet:-1","max-image-preview":"max-image-preview:large","max-video-preview":"max-video-preview:-1"},"canonical":"https:\/\/www.purejewels.com\/tr\/urun\/kadinlar-icin-22-ayar-altin-yuzuk\/","og_locale":"tr_TR","og_type":"article","og_title":"22ct Gold Peacock Ring For Women in UK","og_description":"Discover a handcrafted 22ct Gold Peacock Ring for women at PureJewels UK. Hallmarked, elegant, and inspired by heritage artistry. Free insured delivery.","og_url":"https:\/\/www.purejewels.com\/tr\/urun\/kadinlar-icin-22-ayar-altin-yuzuk\/","og_site_name":"PureJewels UK","article_modified_time":"2026-02-05T07:37:05+00:00","og_image":[{"width":1000,"height":1000,"url":"https:\/\/static.purejewels.com\/wp-content\/uploads\/2024\/01\/46817.png","type":"image\/png"}],"twitter_card":"summary_large_image","twitter_misc":{"Tahmini okuma s\u00fcresi":"2 dakika"},"schema":{"@context":"https:\/\/schema.org","@graph":[{"@type":["WebPage","ItemPage"],"@id":"https:\/\/www.purejewels.com\/product\/22ct-gold-ring-for-women\/","url":"https:\/\/www.purejewels.com\/product\/22ct-gold-ring-for-women\/","name":"\u0130ngiltere'de Kad\u0131nlar \u0130\u00e7in 22 Ayar Alt\u0131n Tavus Ku\u015fu Y\u00fcz\u00fck","isPartOf":{"@id":"https:\/\/www.purejewels.com\/#website"},"primaryImageOfPage":{"@id":"https:\/\/www.purejewels.com\/product\/22ct-gold-ring-for-women\/#primaryimage"},"image":{"@id":"https:\/\/www.purejewels.com\/product\/22ct-gold-ring-for-women\/#primaryimage"},"thumbnailUrl":"https:\/\/static.purejewels.com\/wp-content\/uploads\/2024\/01\/46817.png","datePublished":"2024-01-05T01:48:23+00:00","dateModified":"2026-02-05T07:37:05+00:00","description":"PureJewels UK'de kad\u0131nlar i\u00e7in el yap\u0131m\u0131 22 ayar alt\u0131n tavus ku\u015fu y\u00fcz\u00fc\u011f\u00fcn\u00fc ke\u015ffedin. Damgal\u0131, zarif ve sanat miras\u0131ndan ilham al\u0131yor. \u00dccretsiz sigortal\u0131 teslimat.","breadcrumb":{"@id":"https:\/\/www.purejewels.com\/product\/22ct-gold-ring-for-women\/#breadcrumb"},"inLanguage":"tr","potentialAction":[{"@type":"ReadAction","target":["https:\/\/www.purejewels.com\/product\/22ct-gold-ring-for-women\/"]}]},{"@type":"ImageObject","inLanguage":"tr","@id":"https:\/\/www.purejewels.com\/product\/22ct-gold-ring-for-women\/#primaryimage","url":"https:\/\/static.purejewels.com\/wp-content\/uploads\/2024\/01\/46817.png","contentUrl":"https:\/\/static.purejewels.com\/wp-content\/uploads\/2024\/01\/46817.png","width":1000,"height":1000,"caption":"22ct Gold Peacock Ring"},{"@type":"BreadcrumbList","@id":"https:\/\/www.purejewels.com\/product\/22ct-gold-ring-for-women\/#breadcrumb","itemListElement":[{"@type":"ListItem","position":1,"name":"Home","item":"https:\/\/www.purejewels.com\/"},{"@type":"ListItem","position":2,"name":"Shop","item":"https:\/\/www.purejewels.com\/shop\/"},{"@type":"ListItem","position":3,"name":"22ct Gold Peacock Ring For Women"}]},{"@type":"WebSite","@id":"https:\/\/www.purejewels.com\/#website","url":"https:\/\/www.purejewels.com\/","name":"PureJewels \u0130ngiltere","description":"Sevgiyi Payla\u015f\u0131n","publisher":{"@id":"https:\/\/www.purejewels.com\/#organization"},"potentialAction":[{"@type":"SearchAction","target":{"@type":"EntryPoint","urlTemplate":"https:\/\/www.purejewels.com\/?s={search_term_string}"},"query-input":{"@type":"PropertyValueSpecification","valueRequired":true,"valueName":"search_term_string"}}],"inLanguage":"tr"},{"@type":"Organization","@id":"https:\/\/www.purejewels.com\/#organization","name":"PureJewels \u0130ngiltere","url":"https:\/\/www.purejewels.com\/","logo":{"@type":"ImageObject","inLanguage":"tr","@id":"https:\/\/www.purejewels.com\/#\/schema\/logo\/image\/","url":"https:\/\/static.purejewels.com\/wp-content\/uploads\/2020\/11\/Logo-PJ-New-1.png","contentUrl":"https:\/\/static.purejewels.com\/wp-content\/uploads\/2020\/11\/Logo-PJ-New-1.png","width":150,"height":80,"caption":"PureJewels UK"},"image":{"@id":"https:\/\/www.purejewels.com\/#\/schema\/logo\/image\/"}}]}},"_links":{"self":[{"href":"https:\/\/www.purejewels.com\/tr\/wp-json\/wp\/v2\/product\/319531","targetHints":{"allow":["GET"]}}],"collection":[{"href":"https:\/\/www.purejewels.com\/tr\/wp-json\/wp\/v2\/product"}],"about":[{"href":"https:\/\/www.purejewels.com\/tr\/wp-json\/wp\/v2\/types\/product"}],"replies":[{"embeddable":true,"href":"https:\/\/www.purejewels.com\/tr\/wp-json\/wp\/v2\/comments?post=319531"}],"version-history":[{"count":3,"href":"https:\/\/www.purejewels.com\/tr\/wp-json\/wp\/v2\/product\/319531\/revisions"}],"predecessor-version":[{"id":420626,"href":"https:\/\/www.purejewels.com\/tr\/wp-json\/wp\/v2\/product\/319531\/revisions\/420626"}],"wp:featuredmedia":[{"embeddable":true,"href":"https:\/\/www.purejewels.com\/tr\/wp-json\/wp\/v2\/media\/359647"}],"wp:attachment":[{"href":"https:\/\/www.purejewels.com\/tr\/wp-json\/wp\/v2\/media?parent=319531"}],"wp:term":[{"taxonomy":"product_brand","embeddable":true,"href":"https:\/\/www.purejewels.com\/tr\/wp-json\/wp\/v2\/product_brand?post=319531"},{"taxonomy":"product_cat","embeddable":true,"href":"https:\/\/www.purejewels.com\/tr\/wp-json\/wp\/v2\/product_cat?post=319531"},{"taxonomy":"product_tag","embeddable":true,"href":"https:\/\/www.purejewels.com\/tr\/wp-json\/wp\/v2\/product_tag?post=319531"}],"curies":[{"name":"wp","href":"https:\/\/api.w.org\/{rel}","templated":true}]}}