{"id":319548,"date":"2020-12-03T09:53:07","date_gmt":"2020-12-03T09:53:07","guid":{"rendered":"https:\/\/www.purejewels.com\/?post_type=product&#038;p=319548"},"modified":"2026-01-07T05:53:46","modified_gmt":"2026-01-07T05:53:46","slug":"22-ayar-altin-bayan-yuzuk-33576","status":"publish","type":"product","link":"https:\/\/www.purejewels.com\/tr\/product\/22ct-gold-ladies-ring-33576\/","title":{"rendered":"22 ayar sar\u0131 alt\u0131n a\u00e7\u0131k i\u015fleme bileklik \u2013 Boyut S 1\/2"},"content":{"rendered":"<p><strong>Tasar\u0131m:<\/strong><br \/>\nBu 22 ayar sar\u0131 alt\u0131n bileklik, dokulu, zanaatkar bir dokunu\u015f katan b\u00fck\u00fclm\u00fc\u015f ip tarz\u0131 kenarlar\u0131 ile karma\u015f\u0131k bir ajur desenine sahiptir. Simetrik kafes tasar\u0131m\u0131, cesur yap\u0131 ile zarif detaylar aras\u0131nda zarif bir denge yaratarak klasik alt\u0131n bilekliklere farkl\u0131 bir dokunu\u015f katar.<\/p>\n<p><strong>\u0130\u015f\u00e7ilik:<\/strong><br \/>\nY\u00fcksek safl\u0131kta 22 ayar alt\u0131ndan ustal\u0131kla el i\u015f\u00e7ili\u011fi ile \u00fcretilen bileklik, temiz kesimleri ve cilal\u0131 y\u00fczeyi ile detaylara g\u00f6sterilen ola\u011fan\u00fcst\u00fc \u00f6zeni yans\u0131t\u0131yor. Kat\u0131 alt\u0131n iskelet, dayan\u0131kl\u0131l\u0131k sa\u011flarken, t\u00fcm g\u00fcn boyunca rahatl\u0131k i\u00e7in hafif bir his sunuyor.<\/p>\n<p><strong>Stil:<\/strong><br \/>\nG\u00fcnl\u00fck \u015f\u0131kl\u0131k ve \u00f6zel g\u00fcnler i\u00e7in ideal olan \u00e7ok y\u00f6nl\u00fc bir par\u00e7a. Tek ba\u015f\u0131na veya di\u011fer bileziklerle birlikte tak\u0131ld\u0131\u011f\u0131nda, bu S 1\/2 beden bilezik, alt\u0131n tak\u0131 koleksiyonunuza geleneksel bir cazibe ve modern bir hava katar.<\/p>","protected":false},"excerpt":{"rendered":"<p>Zamans\u0131z bir \u015f\u0131kl\u0131k i\u00e7in S 1\/2 bedeninde i\u015flenmi\u015f, a\u00e7\u0131k i\u015f\u00e7ilik tasar\u0131ml\u0131 hafif 22 ayar sar\u0131 alt\u0131n bileklik.<\/p>\n<ul>\n<li>22 Ayar Sar\u0131 Alt\u0131n G\u00fcnl\u00fck Kullan\u0131m Y\u00fcz\u00fck<\/li>\n<li>Beden. S 1\/2<\/li>\n<li>Y\u00fcz\u00fck a\u011f\u0131rl\u0131\u011f\u0131 1,8 gms<\/li>\n<li>SKU 33576<\/li>\n<li>Londra Tahlil Ofisi Taraf\u0131ndan Damgalanm\u0131\u015f 22 Ayar Alt\u0131n<\/li>\n<li>Sunum Kutusu ile Birlikte Gelir<\/li>\n<li>Teslimat Dahil<\/li>\n<li>T\u00fcm fiyatlara KDV dahildir<\/li>\n<li>Stok durumu ve stokta bulunan benzer tasar\u0131mlar\u0131n daha fazla g\u00f6r\u00fcnt\u00fcs\u00fc i\u00e7in bizimle canl\u0131 sohbet edin<\/li>\n<\/ul>","protected":false},"featured_media":319549,"comment_status":"closed","ping_status":"closed","template":"","meta":{"_eb_attr":"","_crsspst_to_jayantr4sg-hostcom":true},"product_brand":[],"product_cat":[1791,1559,1794,1785,1235,1783,1569,1574],"product_tag":[],"class_list":{"0":"post-319548","1":"product","2":"type-product","3":"status-publish","4":"has-post-thumbnail","6":"product_cat-anniversary-gifts","7":"product_cat-birthday-gifts","8":"product_cat-christmas-gifts","9":"product_cat-daily-wear-rings","10":"product_cat-gold-rings","11":"product_cat-ladies-rings","12":"product_cat-valentine-day-gifts","13":"product_cat-womens-jewellery","15":"first","16":"outofstock","17":"taxable","18":"shipping-taxable","19":"product-type-simple","20":"add-to-wishlist-before_image"},"yoast_head":"<!-- This site is optimized with the Yoast SEO plugin v27.3 - https:\/\/yoast.com\/product\/yoast-seo-wordpress\/ -->\n<title>22ct Yellow Gold Openwork Bangle \u2013 Size S 1\/2 | PureJewels UK<\/title>\n<meta name=\"description\" content=\"Discover handcrafted elegance with our 22ct Yellow Gold Openwork Bangle in Size S 1\/2. Lightweight yet striking, available at PureJewels UK.\" \/>\n<meta name=\"robots\" content=\"index, follow, max-snippet:-1, max-image-preview:large, max-video-preview:-1\" \/>\n<link rel=\"canonical\" href=\"https:\/\/www.purejewels.com\/tr\/urun\/22-ayar-altin-bayan-yuzuk-33576\/\" \/>\n<meta property=\"og:locale\" content=\"tr_TR\" \/>\n<meta property=\"og:type\" content=\"article\" \/>\n<meta property=\"og:title\" content=\"22ct Yellow Gold Openwork Bangle \u2013 Size S 1\/2 | PureJewels UK\" \/>\n<meta property=\"og:description\" content=\"Discover handcrafted elegance with our 22ct Yellow Gold Openwork Bangle in Size S 1\/2. Lightweight yet striking, available at PureJewels UK.\" \/>\n<meta property=\"og:url\" content=\"https:\/\/www.purejewels.com\/tr\/urun\/22-ayar-altin-bayan-yuzuk-33576\/\" \/>\n<meta property=\"og:site_name\" content=\"PureJewels UK\" \/>\n<meta property=\"article:modified_time\" content=\"2026-01-07T05:53:46+00:00\" \/>\n<meta property=\"og:image\" content=\"https:\/\/static.purejewels.com\/wp-content\/uploads\/2020\/12\/33576-01.jpg\" \/>\n\t<meta property=\"og:image:width\" content=\"1000\" \/>\n\t<meta property=\"og:image:height\" content=\"1000\" \/>\n\t<meta property=\"og:image:type\" content=\"image\/jpeg\" \/>\n<meta name=\"twitter:card\" content=\"summary_large_image\" \/>\n<meta name=\"twitter:label1\" content=\"Tahmini okuma s\u00fcresi\" \/>\n\t<meta name=\"twitter:data1\" content=\"1 dakika\" \/>\n<script type=\"application\/ld+json\" class=\"yoast-schema-graph\">{\"@context\":\"https:\\\/\\\/schema.org\",\"@graph\":[{\"@type\":[\"WebPage\",\"ItemPage\"],\"@id\":\"https:\\\/\\\/www.purejewels.com\\\/product\\\/22ct-gold-ladies-ring-33576\\\/\",\"url\":\"https:\\\/\\\/www.purejewels.com\\\/product\\\/22ct-gold-ladies-ring-33576\\\/\",\"name\":\"22ct Yellow Gold Openwork Bangle \u2013 Size S 1\\\/2 | PureJewels UK\",\"isPartOf\":{\"@id\":\"https:\\\/\\\/www.purejewels.com\\\/#website\"},\"primaryImageOfPage\":{\"@id\":\"https:\\\/\\\/www.purejewels.com\\\/product\\\/22ct-gold-ladies-ring-33576\\\/#primaryimage\"},\"image\":{\"@id\":\"https:\\\/\\\/www.purejewels.com\\\/product\\\/22ct-gold-ladies-ring-33576\\\/#primaryimage\"},\"thumbnailUrl\":\"https:\\\/\\\/static.purejewels.com\\\/wp-content\\\/uploads\\\/2020\\\/12\\\/33576-01.jpg\",\"datePublished\":\"2020-12-03T09:53:07+00:00\",\"dateModified\":\"2026-01-07T05:53:46+00:00\",\"description\":\"Discover handcrafted elegance with our 22ct Yellow Gold Openwork Bangle in Size S 1\\\/2. Lightweight yet striking, available at PureJewels UK.\",\"breadcrumb\":{\"@id\":\"https:\\\/\\\/www.purejewels.com\\\/product\\\/22ct-gold-ladies-ring-33576\\\/#breadcrumb\"},\"inLanguage\":\"tr\",\"potentialAction\":[{\"@type\":\"ReadAction\",\"target\":[\"https:\\\/\\\/www.purejewels.com\\\/product\\\/22ct-gold-ladies-ring-33576\\\/\"]}]},{\"@type\":\"ImageObject\",\"inLanguage\":\"tr\",\"@id\":\"https:\\\/\\\/www.purejewels.com\\\/product\\\/22ct-gold-ladies-ring-33576\\\/#primaryimage\",\"url\":\"https:\\\/\\\/static.purejewels.com\\\/wp-content\\\/uploads\\\/2020\\\/12\\\/33576-01.jpg\",\"contentUrl\":\"https:\\\/\\\/static.purejewels.com\\\/wp-content\\\/uploads\\\/2020\\\/12\\\/33576-01.jpg\",\"width\":1000,\"height\":1000,\"caption\":\"22ct Gold Ring 33576-01\"},{\"@type\":\"BreadcrumbList\",\"@id\":\"https:\\\/\\\/www.purejewels.com\\\/product\\\/22ct-gold-ladies-ring-33576\\\/#breadcrumb\",\"itemListElement\":[{\"@type\":\"ListItem\",\"position\":1,\"name\":\"Home\",\"item\":\"https:\\\/\\\/www.purejewels.com\\\/\"},{\"@type\":\"ListItem\",\"position\":2,\"name\":\"Shop\",\"item\":\"https:\\\/\\\/www.purejewels.com\\\/shop\\\/\"},{\"@type\":\"ListItem\",\"position\":3,\"name\":\"22ct Yellow Gold Openwork Bangle \u2013 Size S 1\\\/2\"}]},{\"@type\":\"WebSite\",\"@id\":\"https:\\\/\\\/www.purejewels.com\\\/#website\",\"url\":\"https:\\\/\\\/www.purejewels.com\\\/\",\"name\":\"PureJewels UK\",\"description\":\"Share the Love\",\"publisher\":{\"@id\":\"https:\\\/\\\/www.purejewels.com\\\/#organization\"},\"potentialAction\":[{\"@type\":\"SearchAction\",\"target\":{\"@type\":\"EntryPoint\",\"urlTemplate\":\"https:\\\/\\\/www.purejewels.com\\\/?s={search_term_string}\"},\"query-input\":{\"@type\":\"PropertyValueSpecification\",\"valueRequired\":true,\"valueName\":\"search_term_string\"}}],\"inLanguage\":\"tr\"},{\"@type\":\"Organization\",\"@id\":\"https:\\\/\\\/www.purejewels.com\\\/#organization\",\"name\":\"PureJewels UK\",\"url\":\"https:\\\/\\\/www.purejewels.com\\\/\",\"logo\":{\"@type\":\"ImageObject\",\"inLanguage\":\"tr\",\"@id\":\"https:\\\/\\\/www.purejewels.com\\\/#\\\/schema\\\/logo\\\/image\\\/\",\"url\":\"https:\\\/\\\/static.purejewels.com\\\/wp-content\\\/uploads\\\/2020\\\/11\\\/Logo-PJ-New-1.png\",\"contentUrl\":\"https:\\\/\\\/static.purejewels.com\\\/wp-content\\\/uploads\\\/2020\\\/11\\\/Logo-PJ-New-1.png\",\"width\":150,\"height\":80,\"caption\":\"PureJewels UK\"},\"image\":{\"@id\":\"https:\\\/\\\/www.purejewels.com\\\/#\\\/schema\\\/logo\\\/image\\\/\"}}]}<\/script>\n<!-- \/ Yoast SEO plugin. -->","yoast_head_json":{"title":"22 ayar sar\u0131 alt\u0131n a\u00e7\u0131k i\u015f\u00e7ilik bileklik \u2013 Boyut S 1\/2 | PureJewels UK","description":"S 1\/2 beden 22 ayar sar\u0131 alt\u0131n a\u00e7\u0131k i\u015f\u00e7ilikli bilekli\u011fimizle el yap\u0131m\u0131 zarafeti ke\u015ffedin. Hafif ama \u00e7arp\u0131c\u0131, PureJewels UK'de mevcuttur.","robots":{"index":"index","follow":"follow","max-snippet":"max-snippet:-1","max-image-preview":"max-image-preview:large","max-video-preview":"max-video-preview:-1"},"canonical":"https:\/\/www.purejewels.com\/tr\/urun\/22-ayar-altin-bayan-yuzuk-33576\/","og_locale":"tr_TR","og_type":"article","og_title":"22ct Yellow Gold Openwork Bangle \u2013 Size S 1\/2 | PureJewels UK","og_description":"Discover handcrafted elegance with our 22ct Yellow Gold Openwork Bangle in Size S 1\/2. Lightweight yet striking, available at PureJewels UK.","og_url":"https:\/\/www.purejewels.com\/tr\/urun\/22-ayar-altin-bayan-yuzuk-33576\/","og_site_name":"PureJewels UK","article_modified_time":"2026-01-07T05:53:46+00:00","og_image":[{"width":1000,"height":1000,"url":"https:\/\/static.purejewels.com\/wp-content\/uploads\/2020\/12\/33576-01.jpg","type":"image\/jpeg"}],"twitter_card":"summary_large_image","twitter_misc":{"Tahmini okuma s\u00fcresi":"1 dakika"},"schema":{"@context":"https:\/\/schema.org","@graph":[{"@type":["WebPage","ItemPage"],"@id":"https:\/\/www.purejewels.com\/product\/22ct-gold-ladies-ring-33576\/","url":"https:\/\/www.purejewels.com\/product\/22ct-gold-ladies-ring-33576\/","name":"22 ayar sar\u0131 alt\u0131n a\u00e7\u0131k i\u015f\u00e7ilik bileklik \u2013 Boyut S 1\/2 | PureJewels UK","isPartOf":{"@id":"https:\/\/www.purejewels.com\/#website"},"primaryImageOfPage":{"@id":"https:\/\/www.purejewels.com\/product\/22ct-gold-ladies-ring-33576\/#primaryimage"},"image":{"@id":"https:\/\/www.purejewels.com\/product\/22ct-gold-ladies-ring-33576\/#primaryimage"},"thumbnailUrl":"https:\/\/static.purejewels.com\/wp-content\/uploads\/2020\/12\/33576-01.jpg","datePublished":"2020-12-03T09:53:07+00:00","dateModified":"2026-01-07T05:53:46+00:00","description":"S 1\/2 beden 22 ayar sar\u0131 alt\u0131n a\u00e7\u0131k i\u015f\u00e7ilikli bilekli\u011fimizle el yap\u0131m\u0131 zarafeti ke\u015ffedin. Hafif ama \u00e7arp\u0131c\u0131, PureJewels UK'de mevcuttur.","breadcrumb":{"@id":"https:\/\/www.purejewels.com\/product\/22ct-gold-ladies-ring-33576\/#breadcrumb"},"inLanguage":"tr","potentialAction":[{"@type":"ReadAction","target":["https:\/\/www.purejewels.com\/product\/22ct-gold-ladies-ring-33576\/"]}]},{"@type":"ImageObject","inLanguage":"tr","@id":"https:\/\/www.purejewels.com\/product\/22ct-gold-ladies-ring-33576\/#primaryimage","url":"https:\/\/static.purejewels.com\/wp-content\/uploads\/2020\/12\/33576-01.jpg","contentUrl":"https:\/\/static.purejewels.com\/wp-content\/uploads\/2020\/12\/33576-01.jpg","width":1000,"height":1000,"caption":"22ct Gold Ring 33576-01"},{"@type":"BreadcrumbList","@id":"https:\/\/www.purejewels.com\/product\/22ct-gold-ladies-ring-33576\/#breadcrumb","itemListElement":[{"@type":"ListItem","position":1,"name":"Home","item":"https:\/\/www.purejewels.com\/"},{"@type":"ListItem","position":2,"name":"Shop","item":"https:\/\/www.purejewels.com\/shop\/"},{"@type":"ListItem","position":3,"name":"22ct Yellow Gold Openwork Bangle \u2013 Size S 1\/2"}]},{"@type":"WebSite","@id":"https:\/\/www.purejewels.com\/#website","url":"https:\/\/www.purejewels.com\/","name":"PureJewels \u0130ngiltere","description":"Sevgiyi Payla\u015f\u0131n","publisher":{"@id":"https:\/\/www.purejewels.com\/#organization"},"potentialAction":[{"@type":"SearchAction","target":{"@type":"EntryPoint","urlTemplate":"https:\/\/www.purejewels.com\/?s={search_term_string}"},"query-input":{"@type":"PropertyValueSpecification","valueRequired":true,"valueName":"search_term_string"}}],"inLanguage":"tr"},{"@type":"Organization","@id":"https:\/\/www.purejewels.com\/#organization","name":"PureJewels \u0130ngiltere","url":"https:\/\/www.purejewels.com\/","logo":{"@type":"ImageObject","inLanguage":"tr","@id":"https:\/\/www.purejewels.com\/#\/schema\/logo\/image\/","url":"https:\/\/static.purejewels.com\/wp-content\/uploads\/2020\/11\/Logo-PJ-New-1.png","contentUrl":"https:\/\/static.purejewels.com\/wp-content\/uploads\/2020\/11\/Logo-PJ-New-1.png","width":150,"height":80,"caption":"PureJewels UK"},"image":{"@id":"https:\/\/www.purejewels.com\/#\/schema\/logo\/image\/"}}]}},"_links":{"self":[{"href":"https:\/\/www.purejewels.com\/tr\/wp-json\/wp\/v2\/product\/319548","targetHints":{"allow":["GET"]}}],"collection":[{"href":"https:\/\/www.purejewels.com\/tr\/wp-json\/wp\/v2\/product"}],"about":[{"href":"https:\/\/www.purejewels.com\/tr\/wp-json\/wp\/v2\/types\/product"}],"replies":[{"embeddable":true,"href":"https:\/\/www.purejewels.com\/tr\/wp-json\/wp\/v2\/comments?post=319548"}],"version-history":[{"count":3,"href":"https:\/\/www.purejewels.com\/tr\/wp-json\/wp\/v2\/product\/319548\/revisions"}],"predecessor-version":[{"id":423915,"href":"https:\/\/www.purejewels.com\/tr\/wp-json\/wp\/v2\/product\/319548\/revisions\/423915"}],"wp:featuredmedia":[{"embeddable":true,"href":"https:\/\/www.purejewels.com\/tr\/wp-json\/wp\/v2\/media\/319549"}],"wp:attachment":[{"href":"https:\/\/www.purejewels.com\/tr\/wp-json\/wp\/v2\/media?parent=319548"}],"wp:term":[{"taxonomy":"product_brand","embeddable":true,"href":"https:\/\/www.purejewels.com\/tr\/wp-json\/wp\/v2\/product_brand?post=319548"},{"taxonomy":"product_cat","embeddable":true,"href":"https:\/\/www.purejewels.com\/tr\/wp-json\/wp\/v2\/product_cat?post=319548"},{"taxonomy":"product_tag","embeddable":true,"href":"https:\/\/www.purejewels.com\/tr\/wp-json\/wp\/v2\/product_tag?post=319548"}],"curies":[{"name":"wp","href":"https:\/\/api.w.org\/{rel}","templated":true}]}}