{"id":319561,"date":"2020-12-03T12:42:57","date_gmt":"2020-12-03T12:42:57","guid":{"rendered":"https:\/\/www.purejewels.com\/?post_type=product&#038;p=319561"},"modified":"2025-12-17T08:33:25","modified_gmt":"2025-12-17T08:33:25","slug":"22-ayar-altin-fantezi-zincir-33478","status":"publish","type":"product","link":"https:\/\/www.purejewels.com\/tr\/product\/22-carat-gold-fancy-chain-33478\/","title":{"rendered":"22 ayar alt\u0131n boncuklu zincir \u2013 Klasik tasar\u0131m"},"content":{"rendered":"<p>PureJewels'\u0131n zamans\u0131z zanaatkarl\u0131\u011fa ve zarif hikaye anlat\u0131m\u0131na olan ba\u011fl\u0131l\u0131\u011f\u0131n\u0131n rafine bir \u00f6rne\u011fi olan bu zarif 22 ayar alt\u0131n boncuklu zincir ile m\u00fccevher koleksiyonunuzu zenginle\u015ftirin.<\/p>\n<p>Bu par\u00e7a, 22 ayar sar\u0131 alt\u0131n zincir \u00fczerinde e\u015fit aral\u0131klarla yerle\u015ftirilmi\u015f, hassas i\u015f\u00e7ilikle \u00fcretilmi\u015f boncuklar\u0131yla dikkat \u00e7ekiyor. Her boncuk, dokulu, gran\u00fcl bir y\u00fczeye sahip olup, ince bir derinlik ve g\u00f6rsel ilgi kat\u0131yor. Parlakl\u0131k ve dokunun etkile\u015fimi \u0131\u015f\u0131\u011f\u0131 g\u00fczel bir \u015fekilde yakalayarak zincire zarif bir parlakl\u0131k kazand\u0131r\u0131yor.<\/p>\n<p>\u00c7ok y\u00f6nl\u00fcl\u00fck g\u00f6z \u00f6n\u00fcnde bulundurularak tasarlanan bu \u00fcr\u00fcn, minimalist ve \u0131\u015f\u0131lt\u0131l\u0131 bir g\u00f6r\u00fcn\u00fcm i\u00e7in tek ba\u015f\u0131na tak\u0131labilece\u011fi gibi, daha ki\u015fisel bir ifade i\u00e7in bir kolye ucu ile birlikte de tak\u0131labilir. El i\u015f\u00e7ili\u011fi, PureJewels'in geleneksel k\u00f6klerine dayanan, ancak \u00e7a\u011fda\u015f d\u00fcnyaya uygun bir stil ile zanaatkarl\u0131k m\u00fckemmelli\u011fi miras\u0131n\u0131 yans\u0131tmaktad\u0131r.<\/p>","protected":false},"excerpt":{"rendered":"<p>22 ayar alt\u0131nla \u00f6zenle el i\u015f\u00e7ili\u011fi ile \u00fcretilen bu boncuklu zincir, ince gran\u00fclasyon detaylar\u0131 ve zamans\u0131z tasar\u0131m\u0131yla her kombine sade bir zenginlik katar.<\/p>\n<ul>\n<li>M\u00dc\u015eTERI I\u00c7IN \u00d6ZELLE\u015eTIRILMI\u015e SIPARI\u015e<\/li>\n<li>22 Ayar Alt\u0131n Fantezi Zincir<\/li>\n<li>Boncuk kal\u0131nl\u0131\u011f\u0131 2mm<\/li>\n<li>A\u011f\u0131rl\u0131k Yakla\u015f\u0131k 6,0 gms<\/li>\n<li>Uzunluk: 16\u2033 in\u00e7<\/li>\n<li>SKU. 33478<\/li>\n<li>Boncuk kal\u0131nl\u0131\u011f\u0131 2mm<\/li>\n<li>T\u00fcm fiyatlara KDV dahildir<\/li>\n<li>Londra Tahlil Ofisi Taraf\u0131ndan Damgalanm\u0131\u015f 22 Ayar Alt\u0131n<\/li>\n<li>Sunum Kutusu ile Birlikte Gelir<\/li>\n<li>Teslimat Dahil<\/li>\n<li>Stok durumu ve stokta bulunan benzer tasar\u0131mlar\u0131n daha fazla g\u00f6r\u00fcnt\u00fcs\u00fc i\u00e7in bizimle canl\u0131 sohbet edin<\/li>\n<\/ul>","protected":false},"featured_media":319562,"comment_status":"closed","ping_status":"closed","template":"","meta":{"_eb_attr":"","_crsspst_to_jayantr4sg-hostcom":false},"product_brand":[],"product_cat":[1482],"product_tag":[],"class_list":{"0":"post-319561","1":"product","2":"type-product","3":"status-publish","4":"has-post-thumbnail","6":"product_cat-uncategorized","8":"first","9":"outofstock","10":"taxable","11":"shipping-taxable","12":"product-type-simple","13":"add-to-wishlist-before_image"},"yoast_head":"<!-- This site is optimized with the Yoast SEO plugin v27.3 - https:\/\/yoast.com\/product\/yoast-seo-wordpress\/ -->\n<title>22ct Gold Beaded Chain | Handcrafted Elegance by PureJewels<\/title>\n<meta name=\"description\" content=\"A timeless 22ct gold beaded chain, handcrafted with intricate detailing. A versatile piece of luxury rooted in tradition and styled for the modern wearer.\" \/>\n<meta name=\"robots\" content=\"index, follow, max-snippet:-1, max-image-preview:large, max-video-preview:-1\" \/>\n<link rel=\"canonical\" href=\"https:\/\/www.purejewels.com\/tr\/urun\/22-ayar-altin-fantezi-zincir-33478\/\" \/>\n<meta property=\"og:locale\" content=\"tr_TR\" \/>\n<meta property=\"og:type\" content=\"article\" \/>\n<meta property=\"og:title\" content=\"22ct Gold Beaded Chain | Handcrafted Elegance by PureJewels\" \/>\n<meta property=\"og:description\" content=\"A timeless 22ct gold beaded chain, handcrafted with intricate detailing. A versatile piece of luxury rooted in tradition and styled for the modern wearer.\" \/>\n<meta property=\"og:url\" content=\"https:\/\/www.purejewels.com\/tr\/urun\/22-ayar-altin-fantezi-zincir-33478\/\" \/>\n<meta property=\"og:site_name\" content=\"PureJewels UK\" \/>\n<meta property=\"article:modified_time\" content=\"2025-12-17T08:33:25+00:00\" \/>\n<meta property=\"og:image\" content=\"https:\/\/static.purejewels.com\/wp-content\/uploads\/2020\/12\/33057.jpg\" \/>\n\t<meta property=\"og:image:width\" content=\"700\" \/>\n\t<meta property=\"og:image:height\" content=\"700\" \/>\n\t<meta property=\"og:image:type\" content=\"image\/jpeg\" \/>\n<meta name=\"twitter:card\" content=\"summary_large_image\" \/>\n<meta name=\"twitter:label1\" content=\"Tahmini okuma s\u00fcresi\" \/>\n\t<meta name=\"twitter:data1\" content=\"1 dakika\" \/>\n<script type=\"application\/ld+json\" class=\"yoast-schema-graph\">{\"@context\":\"https:\\\/\\\/schema.org\",\"@graph\":[{\"@type\":[\"WebPage\",\"ItemPage\"],\"@id\":\"https:\\\/\\\/www.purejewels.com\\\/product\\\/22-carat-gold-fancy-chain-33478\\\/\",\"url\":\"https:\\\/\\\/www.purejewels.com\\\/product\\\/22-carat-gold-fancy-chain-33478\\\/\",\"name\":\"22ct Gold Beaded Chain | Handcrafted Elegance by PureJewels\",\"isPartOf\":{\"@id\":\"https:\\\/\\\/www.purejewels.com\\\/#website\"},\"primaryImageOfPage\":{\"@id\":\"https:\\\/\\\/www.purejewels.com\\\/product\\\/22-carat-gold-fancy-chain-33478\\\/#primaryimage\"},\"image\":{\"@id\":\"https:\\\/\\\/www.purejewels.com\\\/product\\\/22-carat-gold-fancy-chain-33478\\\/#primaryimage\"},\"thumbnailUrl\":\"https:\\\/\\\/static.purejewels.com\\\/wp-content\\\/uploads\\\/2020\\\/12\\\/33057.jpg\",\"datePublished\":\"2020-12-03T12:42:57+00:00\",\"dateModified\":\"2025-12-17T08:33:25+00:00\",\"description\":\"A timeless 22ct gold beaded chain, handcrafted with intricate detailing. A versatile piece of luxury rooted in tradition and styled for the modern wearer.\",\"breadcrumb\":{\"@id\":\"https:\\\/\\\/www.purejewels.com\\\/product\\\/22-carat-gold-fancy-chain-33478\\\/#breadcrumb\"},\"inLanguage\":\"tr\",\"potentialAction\":[{\"@type\":\"ReadAction\",\"target\":[\"https:\\\/\\\/www.purejewels.com\\\/product\\\/22-carat-gold-fancy-chain-33478\\\/\"]}]},{\"@type\":\"ImageObject\",\"inLanguage\":\"tr\",\"@id\":\"https:\\\/\\\/www.purejewels.com\\\/product\\\/22-carat-gold-fancy-chain-33478\\\/#primaryimage\",\"url\":\"https:\\\/\\\/static.purejewels.com\\\/wp-content\\\/uploads\\\/2020\\\/12\\\/33057.jpg\",\"contentUrl\":\"https:\\\/\\\/static.purejewels.com\\\/wp-content\\\/uploads\\\/2020\\\/12\\\/33057.jpg\",\"width\":700,\"height\":700},{\"@type\":\"BreadcrumbList\",\"@id\":\"https:\\\/\\\/www.purejewels.com\\\/product\\\/22-carat-gold-fancy-chain-33478\\\/#breadcrumb\",\"itemListElement\":[{\"@type\":\"ListItem\",\"position\":1,\"name\":\"Home\",\"item\":\"https:\\\/\\\/www.purejewels.com\\\/\"},{\"@type\":\"ListItem\",\"position\":2,\"name\":\"Shop\",\"item\":\"https:\\\/\\\/www.purejewels.com\\\/shop\\\/\"},{\"@type\":\"ListItem\",\"position\":3,\"name\":\"22ct Gold Beaded Chain \u2013 Classic Design\"}]},{\"@type\":\"WebSite\",\"@id\":\"https:\\\/\\\/www.purejewels.com\\\/#website\",\"url\":\"https:\\\/\\\/www.purejewels.com\\\/\",\"name\":\"PureJewels UK\",\"description\":\"Share the Love\",\"publisher\":{\"@id\":\"https:\\\/\\\/www.purejewels.com\\\/#organization\"},\"potentialAction\":[{\"@type\":\"SearchAction\",\"target\":{\"@type\":\"EntryPoint\",\"urlTemplate\":\"https:\\\/\\\/www.purejewels.com\\\/?s={search_term_string}\"},\"query-input\":{\"@type\":\"PropertyValueSpecification\",\"valueRequired\":true,\"valueName\":\"search_term_string\"}}],\"inLanguage\":\"tr\"},{\"@type\":\"Organization\",\"@id\":\"https:\\\/\\\/www.purejewels.com\\\/#organization\",\"name\":\"PureJewels UK\",\"url\":\"https:\\\/\\\/www.purejewels.com\\\/\",\"logo\":{\"@type\":\"ImageObject\",\"inLanguage\":\"tr\",\"@id\":\"https:\\\/\\\/www.purejewels.com\\\/#\\\/schema\\\/logo\\\/image\\\/\",\"url\":\"https:\\\/\\\/static.purejewels.com\\\/wp-content\\\/uploads\\\/2020\\\/11\\\/Logo-PJ-New-1.png\",\"contentUrl\":\"https:\\\/\\\/static.purejewels.com\\\/wp-content\\\/uploads\\\/2020\\\/11\\\/Logo-PJ-New-1.png\",\"width\":150,\"height\":80,\"caption\":\"PureJewels UK\"},\"image\":{\"@id\":\"https:\\\/\\\/www.purejewels.com\\\/#\\\/schema\\\/logo\\\/image\\\/\"}}]}<\/script>\n<!-- \/ Yoast SEO plugin. -->","yoast_head_json":{"title":"22 ayar alt\u0131n boncuklu zincir | PureJewels'\u0131n el yap\u0131m\u0131 zarafeti","description":"Zamans\u0131z 22 ayar alt\u0131n boncuklu zincir, karma\u015f\u0131k detaylarla el yap\u0131m\u0131. Geleneklere dayanan ve modern kullan\u0131c\u0131lar i\u00e7in tasarlanm\u0131\u015f \u00e7ok y\u00f6nl\u00fc bir l\u00fcks par\u00e7a.","robots":{"index":"index","follow":"follow","max-snippet":"max-snippet:-1","max-image-preview":"max-image-preview:large","max-video-preview":"max-video-preview:-1"},"canonical":"https:\/\/www.purejewels.com\/tr\/urun\/22-ayar-altin-fantezi-zincir-33478\/","og_locale":"tr_TR","og_type":"article","og_title":"22ct Gold Beaded Chain | Handcrafted Elegance by PureJewels","og_description":"A timeless 22ct gold beaded chain, handcrafted with intricate detailing. A versatile piece of luxury rooted in tradition and styled for the modern wearer.","og_url":"https:\/\/www.purejewels.com\/tr\/urun\/22-ayar-altin-fantezi-zincir-33478\/","og_site_name":"PureJewels UK","article_modified_time":"2025-12-17T08:33:25+00:00","og_image":[{"width":700,"height":700,"url":"https:\/\/static.purejewels.com\/wp-content\/uploads\/2020\/12\/33057.jpg","type":"image\/jpeg"}],"twitter_card":"summary_large_image","twitter_misc":{"Tahmini okuma s\u00fcresi":"1 dakika"},"schema":{"@context":"https:\/\/schema.org","@graph":[{"@type":["WebPage","ItemPage"],"@id":"https:\/\/www.purejewels.com\/product\/22-carat-gold-fancy-chain-33478\/","url":"https:\/\/www.purejewels.com\/product\/22-carat-gold-fancy-chain-33478\/","name":"22 ayar alt\u0131n boncuklu zincir | PureJewels'\u0131n el yap\u0131m\u0131 zarafeti","isPartOf":{"@id":"https:\/\/www.purejewels.com\/#website"},"primaryImageOfPage":{"@id":"https:\/\/www.purejewels.com\/product\/22-carat-gold-fancy-chain-33478\/#primaryimage"},"image":{"@id":"https:\/\/www.purejewels.com\/product\/22-carat-gold-fancy-chain-33478\/#primaryimage"},"thumbnailUrl":"https:\/\/static.purejewels.com\/wp-content\/uploads\/2020\/12\/33057.jpg","datePublished":"2020-12-03T12:42:57+00:00","dateModified":"2025-12-17T08:33:25+00:00","description":"Zamans\u0131z 22 ayar alt\u0131n boncuklu zincir, karma\u015f\u0131k detaylarla el yap\u0131m\u0131. Geleneklere dayanan ve modern kullan\u0131c\u0131lar i\u00e7in tasarlanm\u0131\u015f \u00e7ok y\u00f6nl\u00fc bir l\u00fcks par\u00e7a.","breadcrumb":{"@id":"https:\/\/www.purejewels.com\/product\/22-carat-gold-fancy-chain-33478\/#breadcrumb"},"inLanguage":"tr","potentialAction":[{"@type":"ReadAction","target":["https:\/\/www.purejewels.com\/product\/22-carat-gold-fancy-chain-33478\/"]}]},{"@type":"ImageObject","inLanguage":"tr","@id":"https:\/\/www.purejewels.com\/product\/22-carat-gold-fancy-chain-33478\/#primaryimage","url":"https:\/\/static.purejewels.com\/wp-content\/uploads\/2020\/12\/33057.jpg","contentUrl":"https:\/\/static.purejewels.com\/wp-content\/uploads\/2020\/12\/33057.jpg","width":700,"height":700},{"@type":"BreadcrumbList","@id":"https:\/\/www.purejewels.com\/product\/22-carat-gold-fancy-chain-33478\/#breadcrumb","itemListElement":[{"@type":"ListItem","position":1,"name":"Home","item":"https:\/\/www.purejewels.com\/"},{"@type":"ListItem","position":2,"name":"Shop","item":"https:\/\/www.purejewels.com\/shop\/"},{"@type":"ListItem","position":3,"name":"22ct Gold Beaded Chain \u2013 Classic Design"}]},{"@type":"WebSite","@id":"https:\/\/www.purejewels.com\/#website","url":"https:\/\/www.purejewels.com\/","name":"PureJewels \u0130ngiltere","description":"Sevgiyi Payla\u015f\u0131n","publisher":{"@id":"https:\/\/www.purejewels.com\/#organization"},"potentialAction":[{"@type":"SearchAction","target":{"@type":"EntryPoint","urlTemplate":"https:\/\/www.purejewels.com\/?s={search_term_string}"},"query-input":{"@type":"PropertyValueSpecification","valueRequired":true,"valueName":"search_term_string"}}],"inLanguage":"tr"},{"@type":"Organization","@id":"https:\/\/www.purejewels.com\/#organization","name":"PureJewels \u0130ngiltere","url":"https:\/\/www.purejewels.com\/","logo":{"@type":"ImageObject","inLanguage":"tr","@id":"https:\/\/www.purejewels.com\/#\/schema\/logo\/image\/","url":"https:\/\/static.purejewels.com\/wp-content\/uploads\/2020\/11\/Logo-PJ-New-1.png","contentUrl":"https:\/\/static.purejewels.com\/wp-content\/uploads\/2020\/11\/Logo-PJ-New-1.png","width":150,"height":80,"caption":"PureJewels UK"},"image":{"@id":"https:\/\/www.purejewels.com\/#\/schema\/logo\/image\/"}}]}},"_links":{"self":[{"href":"https:\/\/www.purejewels.com\/tr\/wp-json\/wp\/v2\/product\/319561","targetHints":{"allow":["GET"]}}],"collection":[{"href":"https:\/\/www.purejewels.com\/tr\/wp-json\/wp\/v2\/product"}],"about":[{"href":"https:\/\/www.purejewels.com\/tr\/wp-json\/wp\/v2\/types\/product"}],"replies":[{"embeddable":true,"href":"https:\/\/www.purejewels.com\/tr\/wp-json\/wp\/v2\/comments?post=319561"}],"version-history":[{"count":3,"href":"https:\/\/www.purejewels.com\/tr\/wp-json\/wp\/v2\/product\/319561\/revisions"}],"predecessor-version":[{"id":423283,"href":"https:\/\/www.purejewels.com\/tr\/wp-json\/wp\/v2\/product\/319561\/revisions\/423283"}],"wp:featuredmedia":[{"embeddable":true,"href":"https:\/\/www.purejewels.com\/tr\/wp-json\/wp\/v2\/media\/319562"}],"wp:attachment":[{"href":"https:\/\/www.purejewels.com\/tr\/wp-json\/wp\/v2\/media?parent=319561"}],"wp:term":[{"taxonomy":"product_brand","embeddable":true,"href":"https:\/\/www.purejewels.com\/tr\/wp-json\/wp\/v2\/product_brand?post=319561"},{"taxonomy":"product_cat","embeddable":true,"href":"https:\/\/www.purejewels.com\/tr\/wp-json\/wp\/v2\/product_cat?post=319561"},{"taxonomy":"product_tag","embeddable":true,"href":"https:\/\/www.purejewels.com\/tr\/wp-json\/wp\/v2\/product_tag?post=319561"}],"curies":[{"name":"wp","href":"https:\/\/api.w.org\/{rel}","templated":true}]}}