{"id":320053,"date":"2020-12-15T10:23:05","date_gmt":"2020-12-15T10:23:05","guid":{"rendered":"https:\/\/www.purejewels.com\/?post_type=product&#038;p=320053"},"modified":"2025-11-26T11:30:13","modified_gmt":"2025-11-26T11:30:13","slug":"18-inc-22-ayar-altin-spiga-zincir","status":"publish","type":"product","link":"https:\/\/www.purejewels.com\/tr\/product\/22ct-gold-spiga-chain-in-18-inches\/","title":{"rendered":"22 ayar alt\u0131n Spiga Luxe zincir \u2013 18 in\u00e7"},"content":{"rendered":"<ul>\n<li>Bu 22 ayar alt\u0131n Spiga Luxe zincir, s\u0131k\u0131 dokunmu\u015f halkalarla i\u015flenerek p\u00fcr\u00fczs\u00fcz ve esnek bir tasar\u0131m ve birinci s\u0131n\u0131f bir y\u00fczey elde edilmi\u015ftir. 18 in\u00e7 uzunlu\u011fundaki zincir, boyun \u00e7izgisine g\u00fczelce oturan klasik bir kesim sunarak hem g\u00fcnl\u00fck kullan\u0131m hem de kolye u\u00e7lar\u0131yla kombinlemek i\u00e7in m\u00fckemmeldir. 1,3 mm kal\u0131nl\u0131\u011f\u0131, saf 22 ayar alt\u0131n\u0131n zenginli\u011fini yans\u0131tan cilal\u0131 bir parlakl\u0131k ile ince ama l\u00fcks bir g\u00f6r\u00fcn\u00fcm katar. Rahatl\u0131k ve dayan\u0131kl\u0131l\u0131k i\u00e7in tasarlanan zincir, zahmetsiz bir ak\u0131c\u0131l\u0131kla sarkar. G\u00fcvenli bir toka ile tamamlanan zincir, g\u00fcnl\u00fck kullan\u0131mda g\u00fcven verir. Safl\u0131k ve g\u00fcvenilir i\u015f\u00e7ilik i\u00e7in \u0130ngiltere damgal\u0131 bu zincir, her m\u00fccevher koleksiyonunu zenginle\u015ftiren zamans\u0131z bir par\u00e7ad\u0131r.<\/li>\n<\/ul>","protected":false},"excerpt":{"rendered":"<ul>\n<li>22 Ayar Alt\u0131n Spiga Zincir 18 \u0130n\u00e7<\/li>\n<li>A\u011f\u0131rl\u0131k: 5,6 gms<\/li>\n<li>Uzunluk: 18\u2033 in\u00e7<\/li>\n<li>Kal\u0131nl\u0131k 1,3 mm<\/li>\n<li>SKU. 32576<\/li>\n<li>T\u00fcm fiyatlara KDV dahildir<\/li>\n<li>Londra Tahlil Ofisi Taraf\u0131ndan Damgalanm\u0131\u015f 22 Ayar Alt\u0131n<\/li>\n<li>Sunum Kutusu ile Birlikte Gelir<\/li>\n<li>Teslimat Dahil<\/li>\n<li>Stok durumu ve stokta bulunan benzer tasar\u0131mlar\u0131n daha fazla g\u00f6r\u00fcnt\u00fcs\u00fc i\u00e7in bizimle canl\u0131 sohbet edin<\/li>\n<\/ul>","protected":false},"featured_media":320051,"comment_status":"closed","ping_status":"closed","template":"","meta":{"_eb_attr":"","_crsspst_to_jayantr4sg-hostcom":false},"product_brand":[],"product_cat":[5014,5017,5264,1791,1475,1773,1570,5266,1574],"product_tag":[],"class_list":{"0":"post-320053","1":"product","2":"type-product","3":"status-publish","4":"has-post-thumbnail","6":"product_cat-18-inch-ladies-chain","7":"product_cat-18-inch-mens-chain","8":"product_cat-22ct-gold-chain","9":"product_cat-anniversary-gifts","10":"product_cat-gold-chains","11":"product_cat-ladies-chains","12":"product_cat-mothers-day-gifts","13":"product_cat-spiga-chain","14":"product_cat-womens-jewellery","16":"first","17":"onbackorder","18":"taxable","19":"shipping-taxable","20":"product-type-simple","21":"add-to-wishlist-before_image"},"yoast_head":"<!-- This site is optimized with the Yoast SEO plugin v27.5 - https:\/\/yoast.com\/product\/yoast-seo-wordpress\/ -->\n<title>18 Inch 22ct Gold Luxe Spiga Chain | PureJewels UK<\/title>\n<meta name=\"description\" content=\"Shop the Spiga Luxe 22ct Gold Chain in 18 inches. Smooth woven links and UK hallmarked purity make it ideal for everyday wear or pendant styling.\" \/>\n<meta name=\"robots\" content=\"index, follow, max-snippet:-1, max-image-preview:large, max-video-preview:-1\" \/>\n<link rel=\"canonical\" href=\"https:\/\/www.purejewels.com\/tr\/urun\/18-inc-22-ayar-altin-spiga-zincir\/\" \/>\n<meta property=\"og:locale\" content=\"tr_TR\" \/>\n<meta property=\"og:type\" content=\"article\" \/>\n<meta property=\"og:title\" content=\"18 Inch 22ct Gold Luxe Spiga Chain | PureJewels UK\" \/>\n<meta property=\"og:description\" content=\"Shop the Spiga Luxe 22ct Gold Chain in 18 inches. Smooth woven links and UK hallmarked purity make it ideal for everyday wear or pendant styling.\" \/>\n<meta property=\"og:url\" content=\"https:\/\/www.purejewels.com\/tr\/urun\/18-inc-22-ayar-altin-spiga-zincir\/\" \/>\n<meta property=\"og:site_name\" content=\"PureJewels UK\" \/>\n<meta property=\"article:modified_time\" content=\"2025-11-26T11:30:13+00:00\" \/>\n<meta property=\"og:image\" content=\"https:\/\/www.purejewels.com\/wp-content\/uploads\/2020\/12\/image181956329.jpg\" \/>\n\t<meta property=\"og:image:width\" content=\"1000\" \/>\n\t<meta property=\"og:image:height\" content=\"1000\" \/>\n\t<meta property=\"og:image:type\" content=\"image\/jpeg\" \/>\n<meta name=\"twitter:card\" content=\"summary_large_image\" \/>\n<meta name=\"twitter:label1\" content=\"Tahmini okuma s\u00fcresi\" \/>\n\t<meta name=\"twitter:data1\" content=\"1 dakika\" \/>\n<script type=\"application\/ld+json\" class=\"yoast-schema-graph\">{\"@context\":\"https:\\\/\\\/schema.org\",\"@graph\":[{\"@type\":[\"WebPage\",\"ItemPage\"],\"@id\":\"https:\\\/\\\/www.purejewels.com\\\/product\\\/22ct-gold-spiga-chain-in-18-inches\\\/\",\"url\":\"https:\\\/\\\/www.purejewels.com\\\/product\\\/22ct-gold-spiga-chain-in-18-inches\\\/\",\"name\":\"18 Inch 22ct Gold Luxe Spiga Chain | PureJewels UK\",\"isPartOf\":{\"@id\":\"https:\\\/\\\/www.purejewels.com\\\/#website\"},\"primaryImageOfPage\":{\"@id\":\"https:\\\/\\\/www.purejewels.com\\\/product\\\/22ct-gold-spiga-chain-in-18-inches\\\/#primaryimage\"},\"image\":{\"@id\":\"https:\\\/\\\/www.purejewels.com\\\/product\\\/22ct-gold-spiga-chain-in-18-inches\\\/#primaryimage\"},\"thumbnailUrl\":\"https:\\\/\\\/static.purejewels.com\\\/wp-content\\\/uploads\\\/2020\\\/12\\\/image181956329.jpg\",\"datePublished\":\"2020-12-15T10:23:05+00:00\",\"dateModified\":\"2025-11-26T11:30:13+00:00\",\"description\":\"Shop the Spiga Luxe 22ct Gold Chain in 18 inches. Smooth woven links and UK hallmarked purity make it ideal for everyday wear or pendant styling.\",\"breadcrumb\":{\"@id\":\"https:\\\/\\\/www.purejewels.com\\\/product\\\/22ct-gold-spiga-chain-in-18-inches\\\/#breadcrumb\"},\"inLanguage\":\"tr\",\"potentialAction\":[{\"@type\":\"ReadAction\",\"target\":[\"https:\\\/\\\/www.purejewels.com\\\/product\\\/22ct-gold-spiga-chain-in-18-inches\\\/\"]}]},{\"@type\":\"ImageObject\",\"inLanguage\":\"tr\",\"@id\":\"https:\\\/\\\/www.purejewels.com\\\/product\\\/22ct-gold-spiga-chain-in-18-inches\\\/#primaryimage\",\"url\":\"https:\\\/\\\/static.purejewels.com\\\/wp-content\\\/uploads\\\/2020\\\/12\\\/image181956329.jpg\",\"contentUrl\":\"https:\\\/\\\/static.purejewels.com\\\/wp-content\\\/uploads\\\/2020\\\/12\\\/image181956329.jpg\",\"width\":1000,\"height\":1000,\"caption\":\"22ct gold spiga chain\"},{\"@type\":\"BreadcrumbList\",\"@id\":\"https:\\\/\\\/www.purejewels.com\\\/product\\\/22ct-gold-spiga-chain-in-18-inches\\\/#breadcrumb\",\"itemListElement\":[{\"@type\":\"ListItem\",\"position\":1,\"name\":\"Home\",\"item\":\"https:\\\/\\\/www.purejewels.com\\\/\"},{\"@type\":\"ListItem\",\"position\":2,\"name\":\"Shop\",\"item\":\"https:\\\/\\\/www.purejewels.com\\\/shop\\\/\"},{\"@type\":\"ListItem\",\"position\":3,\"name\":\"22ct Gold Spiga Luxe Chain \u2013 18 Inch\"}]},{\"@type\":\"WebSite\",\"@id\":\"https:\\\/\\\/www.purejewels.com\\\/#website\",\"url\":\"https:\\\/\\\/www.purejewels.com\\\/\",\"name\":\"PureJewels UK\",\"description\":\"Share the Love\",\"publisher\":{\"@id\":\"https:\\\/\\\/www.purejewels.com\\\/#organization\"},\"potentialAction\":[{\"@type\":\"SearchAction\",\"target\":{\"@type\":\"EntryPoint\",\"urlTemplate\":\"https:\\\/\\\/www.purejewels.com\\\/?s={search_term_string}\"},\"query-input\":{\"@type\":\"PropertyValueSpecification\",\"valueRequired\":true,\"valueName\":\"search_term_string\"}}],\"inLanguage\":\"tr\"},{\"@type\":\"Organization\",\"@id\":\"https:\\\/\\\/www.purejewels.com\\\/#organization\",\"name\":\"PureJewels UK\",\"url\":\"https:\\\/\\\/www.purejewels.com\\\/\",\"logo\":{\"@type\":\"ImageObject\",\"inLanguage\":\"tr\",\"@id\":\"https:\\\/\\\/www.purejewels.com\\\/#\\\/schema\\\/logo\\\/image\\\/\",\"url\":\"https:\\\/\\\/static.purejewels.com\\\/wp-content\\\/uploads\\\/2020\\\/11\\\/Logo-PJ-New-1.png\",\"contentUrl\":\"https:\\\/\\\/static.purejewels.com\\\/wp-content\\\/uploads\\\/2020\\\/11\\\/Logo-PJ-New-1.png\",\"width\":150,\"height\":80,\"caption\":\"PureJewels UK\"},\"image\":{\"@id\":\"https:\\\/\\\/www.purejewels.com\\\/#\\\/schema\\\/logo\\\/image\\\/\"}}]}<\/script>\n<!-- \/ Yoast SEO plugin. -->","yoast_head_json":{"title":"18 in\u00e7 22 ayar alt\u0131n l\u00fcks Spiga zincir | PureJewels UK","description":"18 in\u00e7lik Spiga Luxe 22 ayar alt\u0131n zinciri sat\u0131n al\u0131n. P\u00fcr\u00fczs\u00fcz dokunmu\u015f halkalar\u0131 ve \u0130ngiltere'de damgalanm\u0131\u015f safl\u0131\u011f\u0131, onu g\u00fcnl\u00fck kullan\u0131m veya kolye stili i\u00e7in ideal hale getirir.","robots":{"index":"index","follow":"follow","max-snippet":"max-snippet:-1","max-image-preview":"max-image-preview:large","max-video-preview":"max-video-preview:-1"},"canonical":"https:\/\/www.purejewels.com\/tr\/urun\/18-inc-22-ayar-altin-spiga-zincir\/","og_locale":"tr_TR","og_type":"article","og_title":"18 Inch 22ct Gold Luxe Spiga Chain | PureJewels UK","og_description":"Shop the Spiga Luxe 22ct Gold Chain in 18 inches. Smooth woven links and UK hallmarked purity make it ideal for everyday wear or pendant styling.","og_url":"https:\/\/www.purejewels.com\/tr\/urun\/18-inc-22-ayar-altin-spiga-zincir\/","og_site_name":"PureJewels UK","article_modified_time":"2025-11-26T11:30:13+00:00","og_image":[{"width":1000,"height":1000,"url":"https:\/\/www.purejewels.com\/wp-content\/uploads\/2020\/12\/image181956329.jpg","type":"image\/jpeg"}],"twitter_card":"summary_large_image","twitter_misc":{"Tahmini okuma s\u00fcresi":"1 dakika"},"schema":{"@context":"https:\/\/schema.org","@graph":[{"@type":["WebPage","ItemPage"],"@id":"https:\/\/www.purejewels.com\/product\/22ct-gold-spiga-chain-in-18-inches\/","url":"https:\/\/www.purejewels.com\/product\/22ct-gold-spiga-chain-in-18-inches\/","name":"18 in\u00e7 22 ayar alt\u0131n l\u00fcks Spiga zincir | PureJewels UK","isPartOf":{"@id":"https:\/\/www.purejewels.com\/#website"},"primaryImageOfPage":{"@id":"https:\/\/www.purejewels.com\/product\/22ct-gold-spiga-chain-in-18-inches\/#primaryimage"},"image":{"@id":"https:\/\/www.purejewels.com\/product\/22ct-gold-spiga-chain-in-18-inches\/#primaryimage"},"thumbnailUrl":"https:\/\/static.purejewels.com\/wp-content\/uploads\/2020\/12\/image181956329.jpg","datePublished":"2020-12-15T10:23:05+00:00","dateModified":"2025-11-26T11:30:13+00:00","description":"18 in\u00e7lik Spiga Luxe 22 ayar alt\u0131n zinciri sat\u0131n al\u0131n. P\u00fcr\u00fczs\u00fcz dokunmu\u015f halkalar\u0131 ve \u0130ngiltere'de damgalanm\u0131\u015f safl\u0131\u011f\u0131, onu g\u00fcnl\u00fck kullan\u0131m veya kolye stili i\u00e7in ideal hale getirir.","breadcrumb":{"@id":"https:\/\/www.purejewels.com\/product\/22ct-gold-spiga-chain-in-18-inches\/#breadcrumb"},"inLanguage":"tr","potentialAction":[{"@type":"ReadAction","target":["https:\/\/www.purejewels.com\/product\/22ct-gold-spiga-chain-in-18-inches\/"]}]},{"@type":"ImageObject","inLanguage":"tr","@id":"https:\/\/www.purejewels.com\/product\/22ct-gold-spiga-chain-in-18-inches\/#primaryimage","url":"https:\/\/static.purejewels.com\/wp-content\/uploads\/2020\/12\/image181956329.jpg","contentUrl":"https:\/\/static.purejewels.com\/wp-content\/uploads\/2020\/12\/image181956329.jpg","width":1000,"height":1000,"caption":"22ct gold spiga chain"},{"@type":"BreadcrumbList","@id":"https:\/\/www.purejewels.com\/product\/22ct-gold-spiga-chain-in-18-inches\/#breadcrumb","itemListElement":[{"@type":"ListItem","position":1,"name":"Home","item":"https:\/\/www.purejewels.com\/"},{"@type":"ListItem","position":2,"name":"Shop","item":"https:\/\/www.purejewels.com\/shop\/"},{"@type":"ListItem","position":3,"name":"22ct Gold Spiga Luxe Chain \u2013 18 Inch"}]},{"@type":"WebSite","@id":"https:\/\/www.purejewels.com\/#website","url":"https:\/\/www.purejewels.com\/","name":"PureJewels \u0130ngiltere","description":"Sevgiyi Payla\u015f\u0131n","publisher":{"@id":"https:\/\/www.purejewels.com\/#organization"},"potentialAction":[{"@type":"SearchAction","target":{"@type":"EntryPoint","urlTemplate":"https:\/\/www.purejewels.com\/?s={search_term_string}"},"query-input":{"@type":"PropertyValueSpecification","valueRequired":true,"valueName":"search_term_string"}}],"inLanguage":"tr"},{"@type":"Organization","@id":"https:\/\/www.purejewels.com\/#organization","name":"PureJewels \u0130ngiltere","url":"https:\/\/www.purejewels.com\/","logo":{"@type":"ImageObject","inLanguage":"tr","@id":"https:\/\/www.purejewels.com\/#\/schema\/logo\/image\/","url":"https:\/\/static.purejewels.com\/wp-content\/uploads\/2020\/11\/Logo-PJ-New-1.png","contentUrl":"https:\/\/static.purejewels.com\/wp-content\/uploads\/2020\/11\/Logo-PJ-New-1.png","width":150,"height":80,"caption":"PureJewels UK"},"image":{"@id":"https:\/\/www.purejewels.com\/#\/schema\/logo\/image\/"}}]}},"_links":{"self":[{"href":"https:\/\/www.purejewels.com\/tr\/wp-json\/wp\/v2\/product\/320053","targetHints":{"allow":["GET"]}}],"collection":[{"href":"https:\/\/www.purejewels.com\/tr\/wp-json\/wp\/v2\/product"}],"about":[{"href":"https:\/\/www.purejewels.com\/tr\/wp-json\/wp\/v2\/types\/product"}],"replies":[{"embeddable":true,"href":"https:\/\/www.purejewels.com\/tr\/wp-json\/wp\/v2\/comments?post=320053"}],"version-history":[{"count":2,"href":"https:\/\/www.purejewels.com\/tr\/wp-json\/wp\/v2\/product\/320053\/revisions"}],"predecessor-version":[{"id":421900,"href":"https:\/\/www.purejewels.com\/tr\/wp-json\/wp\/v2\/product\/320053\/revisions\/421900"}],"wp:featuredmedia":[{"embeddable":true,"href":"https:\/\/www.purejewels.com\/tr\/wp-json\/wp\/v2\/media\/320051"}],"wp:attachment":[{"href":"https:\/\/www.purejewels.com\/tr\/wp-json\/wp\/v2\/media?parent=320053"}],"wp:term":[{"taxonomy":"product_brand","embeddable":true,"href":"https:\/\/www.purejewels.com\/tr\/wp-json\/wp\/v2\/product_brand?post=320053"},{"taxonomy":"product_cat","embeddable":true,"href":"https:\/\/www.purejewels.com\/tr\/wp-json\/wp\/v2\/product_cat?post=320053"},{"taxonomy":"product_tag","embeddable":true,"href":"https:\/\/www.purejewels.com\/tr\/wp-json\/wp\/v2\/product_tag?post=320053"}],"curies":[{"name":"wp","href":"https:\/\/api.w.org\/{rel}","templated":true}]}}