{"id":320266,"date":"2025-09-16T08:26:50","date_gmt":"2025-09-16T07:26:50","guid":{"rendered":"https:\/\/www.purejewels.com\/product\/jali-22ct-gold-spiral-filigree-ring\/"},"modified":"2026-04-17T05:02:42","modified_gmt":"2026-04-17T04:02:42","slug":"22-ayar-sari-altin-cz-tasli-ve-mineli-yuzuk-51210","status":"publish","type":"product","link":"https:\/\/www.purejewels.com\/tr\/product\/22ct-yellow-gold-ring-with-cz-stone-and-enamel-51210\/","title":{"rendered":"22ct K\u00fcbik Zirkon Mineli Y\u00fcz\u00fck"},"content":{"rendered":"<p>Do\u011fan\u0131n ruhunu zarif\u00e7e yakalayan bu 22 ayar sar\u0131 alt\u0131n y\u00fcz\u00fck, koyu siyah-ye\u015fil mine ile zenginle\u015ftirilmi\u015f heykelsi bir \u00e7i\u00e7ek formuna sahiptir. Par\u0131ldayan bir CZ \u00e7i\u00e7ek ve bant boyunca uzanan pav\u00e9-set ta\u015flar narin, organik tasar\u0131m\u0131n\u0131 daha da y\u00fcceltiyor.<\/p>\n<p>B\u00fcy\u00fcme, yenilenme ve bireysellik gibi sembolik anlamlar ta\u015f\u0131yan bu y\u00fcz\u00fck, rafine zarafeti sanatsal detaylarla harmanl\u0131yor. Tek ba\u015f\u0131na g\u00fczel bir par\u00e7a veya di\u011fer m\u00fccevherlere \u015fiirsel bir e\u015flik\u00e7i olan bu y\u00fcz\u00fck, kullan\u0131c\u0131n\u0131n benzersiz yolculu\u011funu ve hikayesini anlat\u0131r.<\/p>\n<p>Bu 22 ayar mineli k\u00fcbik zirkon y\u00fcz\u00fc\u011f\u00fc y\u0131lba\u015f\u0131 tak\u0131lar\u0131n\u0131z\u0131n kahraman\u0131 olarak \u015fekillendirin ve zengin mine tonlar\u0131n\u0131 yans\u0131tmak i\u00e7in koyu ye\u015fil bir elbise veya sari ile e\u015fle\u015ftirin. I\u015f\u0131lt\u0131s\u0131 onu y\u0131lba\u015f\u0131 partileri ve aile toplant\u0131lar\u0131 i\u00e7in m\u00fckemmel k\u0131lar ve her harekete \u015fenlikli bir renk katar. Onun i\u00e7in g\u00fczel bir y\u0131lba\u015f\u0131 hediyesi se\u00e7imi olan bu \u00fcr\u00fcn, g\u00fcnl\u00fck giyime k\u0131\u015f b\u00fcy\u00fcs\u00fc kat\u0131yor.<\/p>","protected":false},"excerpt":{"rendered":"<p>Zengin siyah-ye\u015fil mineden stilize \u00e7i\u00e7ek motifli, 22 ayar alt\u0131ndan zarif bir y\u00fcz\u00fck, \u0131\u015f\u0131lt\u0131l\u0131 K\u00fcbik Zirkonya ile zenginle\u015ftirilmi\u015ftir. Zarif, do\u011fadan ilham alan sanat.<\/p>\n<p><strong>Malzeme:<\/strong>\u00a022 Ayar Alt\u0131n<strong><br \/>\nHallmark:\u00a0<\/strong>\u0130ngiliz Damgas\u0131<strong><br \/>\n<\/strong><strong>Br\u00fct A\u011f\u0131rl\u0131k:\u00a0<\/strong>2.43 Gms<br \/>\n<strong>Boyut:<\/strong> O<br \/>\n<strong>SKU:<\/strong> 51210<\/p>\n<p><strong>Fiyat ve Teslimat<\/strong>: KDV ve teslimat \u00fccretleri dahil<br \/>\n<a href=\"https:\/\/www.purejewels.com\/tr\/i%cc%87ade-poli%cc%87ti%cc%87kasi\/\">\u0130ade Politikas\u0131<\/a><\/p>","protected":false},"featured_media":408431,"comment_status":"closed","ping_status":"closed","template":"","meta":{"_eb_attr":"","_crsspst_to_jayantr4sg-hostcom":true},"product_brand":[],"product_cat":[1791,1559,1794,6152,1785,1793,6190,1790,1229,1235,5343,1783,1570,1786,5353,1569,5349],"product_tag":[],"class_list":{"0":"post-320266","1":"product","2":"type-product","3":"status-publish","4":"has-post-thumbnail","6":"product_cat-anniversary-gifts","7":"product_cat-birthday-gifts","8":"product_cat-christmas-gifts","9":"product_cat-cubic-zirconia-rings","10":"product_cat-daily-wear-rings","11":"product_cat-diwali-gifts","12":"product_cat-easter-jewellery","13":"product_cat-for-whom-when","14":"product_cat-22ct-gold-jewellery","15":"product_cat-gold-rings","16":"product_cat-jewellery-under-550","17":"product_cat-ladies-rings","18":"product_cat-mothers-day-gifts","19":"product_cat-occasional-wear-rings","20":"product_cat-shop-by","21":"product_cat-valentine-day-gifts","22":"product_cat-yellow-gold-jewellery","24":"first","25":"instock","26":"taxable","27":"shipping-taxable","28":"purchasable","29":"product-type-simple","30":"add-to-wishlist-before_image"},"yoast_head":"<!-- This site is optimized with the Yoast SEO plugin v27.5 - https:\/\/yoast.com\/product\/yoast-seo-wordpress\/ -->\n<title>2ct Gold CZ Ring with Enamel Detailing | PureJewels UK<\/title>\n<meta name=\"description\" content=\"Discover our 22ct Yellow Gold Ring featuring a sparkling CZ stone and vibrant enamel work. A beautifully handcrafted piece blending tradition with modern charm.\" \/>\n<meta name=\"robots\" content=\"index, follow, max-snippet:-1, max-image-preview:large, max-video-preview:-1\" \/>\n<link rel=\"canonical\" href=\"https:\/\/www.purejewels.com\/tr\/urun\/22-ayar-sari-altin-cz-tasli-ve-mineli-yuzuk-51210\/\" \/>\n<meta property=\"og:locale\" content=\"tr_TR\" \/>\n<meta property=\"og:type\" content=\"article\" \/>\n<meta property=\"og:title\" content=\"2ct Gold CZ Ring with Enamel Detailing | PureJewels UK\" \/>\n<meta property=\"og:description\" content=\"Discover our 22ct Yellow Gold Ring featuring a sparkling CZ stone and vibrant enamel work. A beautifully handcrafted piece blending tradition with modern charm.\" \/>\n<meta property=\"og:url\" content=\"https:\/\/www.purejewels.com\/tr\/urun\/22-ayar-sari-altin-cz-tasli-ve-mineli-yuzuk-51210\/\" \/>\n<meta property=\"og:site_name\" content=\"PureJewels UK\" \/>\n<meta property=\"article:modified_time\" content=\"2026-04-17T04:02:42+00:00\" \/>\n<meta property=\"og:image\" content=\"https:\/\/static.purejewels.com\/wp-content\/uploads\/2025\/01\/SKU-51210.2.jpg\" \/>\n\t<meta property=\"og:image:width\" content=\"1000\" \/>\n\t<meta property=\"og:image:height\" content=\"1000\" \/>\n\t<meta property=\"og:image:type\" content=\"image\/jpeg\" \/>\n<meta name=\"twitter:card\" content=\"summary_large_image\" \/>\n<meta name=\"twitter:label1\" content=\"Tahmini okuma s\u00fcresi\" \/>\n\t<meta name=\"twitter:data1\" content=\"1 dakika\" \/>\n<script type=\"application\/ld+json\" class=\"yoast-schema-graph\">{\"@context\":\"https:\\\/\\\/schema.org\",\"@graph\":[{\"@type\":[\"WebPage\",\"ItemPage\"],\"@id\":\"https:\\\/\\\/www.purejewels.com\\\/product\\\/22ct-yellow-gold-ring-with-cz-stone-and-enamel-51210\\\/\",\"url\":\"https:\\\/\\\/www.purejewels.com\\\/product\\\/22ct-yellow-gold-ring-with-cz-stone-and-enamel-51210\\\/\",\"name\":\"2ct Gold CZ Ring with Enamel Detailing | PureJewels UK\",\"isPartOf\":{\"@id\":\"https:\\\/\\\/www.purejewels.com\\\/#website\"},\"primaryImageOfPage\":{\"@id\":\"https:\\\/\\\/www.purejewels.com\\\/product\\\/22ct-yellow-gold-ring-with-cz-stone-and-enamel-51210\\\/#primaryimage\"},\"image\":{\"@id\":\"https:\\\/\\\/www.purejewels.com\\\/product\\\/22ct-yellow-gold-ring-with-cz-stone-and-enamel-51210\\\/#primaryimage\"},\"thumbnailUrl\":\"https:\\\/\\\/static.purejewels.com\\\/wp-content\\\/uploads\\\/2025\\\/01\\\/SKU-51210.2.jpg\",\"datePublished\":\"2025-09-16T07:26:50+00:00\",\"dateModified\":\"2026-04-17T04:02:42+00:00\",\"description\":\"Discover our 22ct Yellow Gold Ring featuring a sparkling CZ stone and vibrant enamel work. A beautifully handcrafted piece blending tradition with modern charm.\",\"breadcrumb\":{\"@id\":\"https:\\\/\\\/www.purejewels.com\\\/product\\\/22ct-yellow-gold-ring-with-cz-stone-and-enamel-51210\\\/#breadcrumb\"},\"inLanguage\":\"tr\",\"potentialAction\":[{\"@type\":\"ReadAction\",\"target\":[\"https:\\\/\\\/www.purejewels.com\\\/product\\\/22ct-yellow-gold-ring-with-cz-stone-and-enamel-51210\\\/\"]}]},{\"@type\":\"ImageObject\",\"inLanguage\":\"tr\",\"@id\":\"https:\\\/\\\/www.purejewels.com\\\/product\\\/22ct-yellow-gold-ring-with-cz-stone-and-enamel-51210\\\/#primaryimage\",\"url\":\"https:\\\/\\\/static.purejewels.com\\\/wp-content\\\/uploads\\\/2025\\\/01\\\/SKU-51210.2.jpg\",\"contentUrl\":\"https:\\\/\\\/static.purejewels.com\\\/wp-content\\\/uploads\\\/2025\\\/01\\\/SKU-51210.2.jpg\",\"width\":1000,\"height\":1000,\"caption\":\"Stacked from 11 images. Method=B (R=8,S=4)\"},{\"@type\":\"BreadcrumbList\",\"@id\":\"https:\\\/\\\/www.purejewels.com\\\/product\\\/22ct-yellow-gold-ring-with-cz-stone-and-enamel-51210\\\/#breadcrumb\",\"itemListElement\":[{\"@type\":\"ListItem\",\"position\":1,\"name\":\"Home\",\"item\":\"https:\\\/\\\/www.purejewels.com\\\/\"},{\"@type\":\"ListItem\",\"position\":2,\"name\":\"Shop\",\"item\":\"https:\\\/\\\/www.purejewels.com\\\/shop\\\/\"},{\"@type\":\"ListItem\",\"position\":3,\"name\":\"22ct Cubic Zirconia Ring with Enamel\"}]},{\"@type\":\"WebSite\",\"@id\":\"https:\\\/\\\/www.purejewels.com\\\/#website\",\"url\":\"https:\\\/\\\/www.purejewels.com\\\/\",\"name\":\"PureJewels UK\",\"description\":\"Share the Love\",\"publisher\":{\"@id\":\"https:\\\/\\\/www.purejewels.com\\\/#organization\"},\"potentialAction\":[{\"@type\":\"SearchAction\",\"target\":{\"@type\":\"EntryPoint\",\"urlTemplate\":\"https:\\\/\\\/www.purejewels.com\\\/?s={search_term_string}\"},\"query-input\":{\"@type\":\"PropertyValueSpecification\",\"valueRequired\":true,\"valueName\":\"search_term_string\"}}],\"inLanguage\":\"tr\"},{\"@type\":\"Organization\",\"@id\":\"https:\\\/\\\/www.purejewels.com\\\/#organization\",\"name\":\"PureJewels UK\",\"url\":\"https:\\\/\\\/www.purejewels.com\\\/\",\"logo\":{\"@type\":\"ImageObject\",\"inLanguage\":\"tr\",\"@id\":\"https:\\\/\\\/www.purejewels.com\\\/#\\\/schema\\\/logo\\\/image\\\/\",\"url\":\"https:\\\/\\\/static.purejewels.com\\\/wp-content\\\/uploads\\\/2020\\\/11\\\/Logo-PJ-New-1.png\",\"contentUrl\":\"https:\\\/\\\/static.purejewels.com\\\/wp-content\\\/uploads\\\/2020\\\/11\\\/Logo-PJ-New-1.png\",\"width\":150,\"height\":80,\"caption\":\"PureJewels UK\"},\"image\":{\"@id\":\"https:\\\/\\\/www.purejewels.com\\\/#\\\/schema\\\/logo\\\/image\\\/\"}}]}<\/script>\n<!-- \/ Yoast SEO plugin. -->","yoast_head_json":{"title":"Emaye Detayl\u0131 2 Ayar Alt\u0131n CZ Y\u00fcz\u00fck | PureJewels UK","description":"I\u015f\u0131lt\u0131l\u0131 CZ ta\u015f ve canl\u0131 mine i\u015f\u00e7ili\u011fine sahip 22 ayar sar\u0131 alt\u0131n y\u00fcz\u00fc\u011f\u00fcm\u00fcz\u00fc ke\u015ffedin. Gelene\u011fi modern cazibeyle harmanlayan, el yap\u0131m\u0131 g\u00fczel bir par\u00e7a.","robots":{"index":"index","follow":"follow","max-snippet":"max-snippet:-1","max-image-preview":"max-image-preview:large","max-video-preview":"max-video-preview:-1"},"canonical":"https:\/\/www.purejewels.com\/tr\/urun\/22-ayar-sari-altin-cz-tasli-ve-mineli-yuzuk-51210\/","og_locale":"tr_TR","og_type":"article","og_title":"2ct Gold CZ Ring with Enamel Detailing | PureJewels UK","og_description":"Discover our 22ct Yellow Gold Ring featuring a sparkling CZ stone and vibrant enamel work. A beautifully handcrafted piece blending tradition with modern charm.","og_url":"https:\/\/www.purejewels.com\/tr\/urun\/22-ayar-sari-altin-cz-tasli-ve-mineli-yuzuk-51210\/","og_site_name":"PureJewels UK","article_modified_time":"2026-04-17T04:02:42+00:00","og_image":[{"width":1000,"height":1000,"url":"https:\/\/static.purejewels.com\/wp-content\/uploads\/2025\/01\/SKU-51210.2.jpg","type":"image\/jpeg"}],"twitter_card":"summary_large_image","twitter_misc":{"Tahmini okuma s\u00fcresi":"1 dakika"},"schema":{"@context":"https:\/\/schema.org","@graph":[{"@type":["WebPage","ItemPage"],"@id":"https:\/\/www.purejewels.com\/product\/22ct-yellow-gold-ring-with-cz-stone-and-enamel-51210\/","url":"https:\/\/www.purejewels.com\/product\/22ct-yellow-gold-ring-with-cz-stone-and-enamel-51210\/","name":"Emaye Detayl\u0131 2 Ayar Alt\u0131n CZ Y\u00fcz\u00fck | PureJewels UK","isPartOf":{"@id":"https:\/\/www.purejewels.com\/#website"},"primaryImageOfPage":{"@id":"https:\/\/www.purejewels.com\/product\/22ct-yellow-gold-ring-with-cz-stone-and-enamel-51210\/#primaryimage"},"image":{"@id":"https:\/\/www.purejewels.com\/product\/22ct-yellow-gold-ring-with-cz-stone-and-enamel-51210\/#primaryimage"},"thumbnailUrl":"https:\/\/static.purejewels.com\/wp-content\/uploads\/2025\/01\/SKU-51210.2.jpg","datePublished":"2025-09-16T07:26:50+00:00","dateModified":"2026-04-17T04:02:42+00:00","description":"I\u015f\u0131lt\u0131l\u0131 CZ ta\u015f ve canl\u0131 mine i\u015f\u00e7ili\u011fine sahip 22 ayar sar\u0131 alt\u0131n y\u00fcz\u00fc\u011f\u00fcm\u00fcz\u00fc ke\u015ffedin. Gelene\u011fi modern cazibeyle harmanlayan, el yap\u0131m\u0131 g\u00fczel bir par\u00e7a.","breadcrumb":{"@id":"https:\/\/www.purejewels.com\/product\/22ct-yellow-gold-ring-with-cz-stone-and-enamel-51210\/#breadcrumb"},"inLanguage":"tr","potentialAction":[{"@type":"ReadAction","target":["https:\/\/www.purejewels.com\/product\/22ct-yellow-gold-ring-with-cz-stone-and-enamel-51210\/"]}]},{"@type":"ImageObject","inLanguage":"tr","@id":"https:\/\/www.purejewels.com\/product\/22ct-yellow-gold-ring-with-cz-stone-and-enamel-51210\/#primaryimage","url":"https:\/\/static.purejewels.com\/wp-content\/uploads\/2025\/01\/SKU-51210.2.jpg","contentUrl":"https:\/\/static.purejewels.com\/wp-content\/uploads\/2025\/01\/SKU-51210.2.jpg","width":1000,"height":1000,"caption":"Stacked from 11 images. Method=B (R=8,S=4)"},{"@type":"BreadcrumbList","@id":"https:\/\/www.purejewels.com\/product\/22ct-yellow-gold-ring-with-cz-stone-and-enamel-51210\/#breadcrumb","itemListElement":[{"@type":"ListItem","position":1,"name":"Home","item":"https:\/\/www.purejewels.com\/"},{"@type":"ListItem","position":2,"name":"Shop","item":"https:\/\/www.purejewels.com\/shop\/"},{"@type":"ListItem","position":3,"name":"22ct Cubic Zirconia Ring with Enamel"}]},{"@type":"WebSite","@id":"https:\/\/www.purejewels.com\/#website","url":"https:\/\/www.purejewels.com\/","name":"PureJewels \u0130ngiltere","description":"Sevgiyi Payla\u015f\u0131n","publisher":{"@id":"https:\/\/www.purejewels.com\/#organization"},"potentialAction":[{"@type":"SearchAction","target":{"@type":"EntryPoint","urlTemplate":"https:\/\/www.purejewels.com\/?s={search_term_string}"},"query-input":{"@type":"PropertyValueSpecification","valueRequired":true,"valueName":"search_term_string"}}],"inLanguage":"tr"},{"@type":"Organization","@id":"https:\/\/www.purejewels.com\/#organization","name":"PureJewels \u0130ngiltere","url":"https:\/\/www.purejewels.com\/","logo":{"@type":"ImageObject","inLanguage":"tr","@id":"https:\/\/www.purejewels.com\/#\/schema\/logo\/image\/","url":"https:\/\/static.purejewels.com\/wp-content\/uploads\/2020\/11\/Logo-PJ-New-1.png","contentUrl":"https:\/\/static.purejewels.com\/wp-content\/uploads\/2020\/11\/Logo-PJ-New-1.png","width":150,"height":80,"caption":"PureJewels UK"},"image":{"@id":"https:\/\/www.purejewels.com\/#\/schema\/logo\/image\/"}}]}},"_links":{"self":[{"href":"https:\/\/www.purejewels.com\/tr\/wp-json\/wp\/v2\/product\/320266","targetHints":{"allow":["GET"]}}],"collection":[{"href":"https:\/\/www.purejewels.com\/tr\/wp-json\/wp\/v2\/product"}],"about":[{"href":"https:\/\/www.purejewels.com\/tr\/wp-json\/wp\/v2\/types\/product"}],"replies":[{"embeddable":true,"href":"https:\/\/www.purejewels.com\/tr\/wp-json\/wp\/v2\/comments?post=320266"}],"version-history":[{"count":6,"href":"https:\/\/www.purejewels.com\/tr\/wp-json\/wp\/v2\/product\/320266\/revisions"}],"predecessor-version":[{"id":420105,"href":"https:\/\/www.purejewels.com\/tr\/wp-json\/wp\/v2\/product\/320266\/revisions\/420105"}],"wp:featuredmedia":[{"embeddable":true,"href":"https:\/\/www.purejewels.com\/tr\/wp-json\/wp\/v2\/media\/408431"}],"wp:attachment":[{"href":"https:\/\/www.purejewels.com\/tr\/wp-json\/wp\/v2\/media?parent=320266"}],"wp:term":[{"taxonomy":"product_brand","embeddable":true,"href":"https:\/\/www.purejewels.com\/tr\/wp-json\/wp\/v2\/product_brand?post=320266"},{"taxonomy":"product_cat","embeddable":true,"href":"https:\/\/www.purejewels.com\/tr\/wp-json\/wp\/v2\/product_cat?post=320266"},{"taxonomy":"product_tag","embeddable":true,"href":"https:\/\/www.purejewels.com\/tr\/wp-json\/wp\/v2\/product_tag?post=320266"}],"curies":[{"name":"wp","href":"https:\/\/api.w.org\/{rel}","templated":true}]}}