{"id":320431,"date":"2025-08-13T09:20:52","date_gmt":"2025-08-13T08:20:52","guid":{"rendered":"https:\/\/www.purejewels.com\/product\/22ct-gold-stud-earring-7\/"},"modified":"2026-03-16T05:36:50","modified_gmt":"2026-03-16T05:36:50","slug":"22-ayar-altin-saplama-kupe-33661-2","status":"publish","type":"product","link":"https:\/\/www.purejewels.com\/tr\/product\/22ct-gold-stud-earring-33661-2\/","title":{"rendered":"22 Ayar Alt\u0131n Saplama K\u00fcpe"},"content":{"rendered":"<h2>Grace<\/h2>\n<p><a href=\"https:\/\/www.purejewels.com\/tr\/product\/gold-stud-earrings-42487\/\">Alt\u0131n k\u00fcpe<\/a> zahmetsiz, cesur ve muhte\u015femdir. Temelde daha uzun ve daha k\u00fc\u00e7\u00fck versiyonlar\u0131d\u0131r. <a href=\"https:\/\/www.purejewels.com\/tr\/product-category\/22ct-gold-jewellery\/gold-earrings\/\">K\u00fcpeler<\/a> kulak memelerinin alt\u0131na d\u00fc\u015fer. \u00c7ok fazla dram katmadan kulak memelerinizi zahmetsizce \u00f6rtecek \u015fekilde \u00fcretilmi\u015ftir.<\/p>\n<h2>Tasar\u0131m<\/h2>\n<p>G\u00fcnl\u00fck klasikleri d\u00fc\u015f\u00fcnd\u00fc\u011f\u00fcn\u00fczde, ta\u015fl\u0131 alt\u0131n k\u00fcpelerden daha iyisi olamaz, sizce de \u00f6yle de\u011fil mi? Bu minimal ve klasik \u00e7\u0131t\u00e7\u0131tlar, giydi\u011finiz her \u015feyle her zaman yan\u0131n\u0131zda ta\u015f\u0131man\u0131z i\u00e7in m\u00fckemmeldir. Bu zarif \u00e7ift, ince 22 ayar alt\u0131ndan \u00fcretilmi\u015ftir. Yemye\u015fil kare kristal zirkonyay\u0131 daha da tutan klasik d\u00f6rt u\u00e7lu bir pens ile ba\u015flar. \u00c7iftte kullan\u0131lan kristaller en iyi kalitededir ve bu \u00e7ifti kesinlikle sahip olunmas\u0131 gereken bir \u00e7ift haline getiren ger\u00e7ek ince elmaslar gibi bir cazibeye sahiptir.<\/p>\n<h2>Stil<\/h2>\n<p>G\u00fcnl\u00fck g\u00fcndelik k\u0131yafetlerinizle, seyahat k\u0131yafetlerinizle veya i\u015f k\u0131yafetlerinizle ve hatta geleneksel topluluklar\u0131n\u0131zla birlikte stilize edin, \u00e7\u00fcnk\u00fc herhangi bir g\u00f6r\u00fcn\u00fcm\u00fcn\u00fcz\u00fc alma g\u00fcc\u00fcne sahiptir. Eve getirildi\u011finde g\u00fcnl\u00fck stilinizin bir par\u00e7as\u0131 haline gelecek ve uzun s\u00fcre k\u00fcpe koleksiyonunuzda yer alacak. Benzer beyaz alt\u0131n koleksiyonumuzdan al\u0131\u015fveri\u015f yapmak i\u00e7in ilerlemeye devam edin <a href=\"https:\/\/www.purejewels.com\/tr\/product-category\/22ct-gold-jewellery\/gold-earrings\/stud-earrings\/\">saplama k\u00fcpeler<\/a> ve pembe alt\u0131n k\u00fcpeler.<\/p>","protected":false},"excerpt":{"rendered":"<ul>\n<li>22 Ayar Alt\u0131n CZ Saplama K\u00fcpe<\/li>\n<li>Tek kare CZ ta\u015f<\/li>\n<li>Vidal\u0131 arka ba\u011flant\u0131 ile<\/li>\n<li>A\u011f\u0131rl\u0131k  3,2 gms<\/li>\n<li>SKU. 33182, 33661<\/li>\n<li>T\u00fcm fiyatlara KDV dahildir<\/li>\n<li>T\u00fcm \u00dcr\u00fcnlerimiz Londra Tahlil Ofisi Taraf\u0131ndan Damgalanm\u0131\u015ft\u0131r<\/li>\n<li>Sunum kutusu ile birlikte gelir<\/li>\n<li>\u0130ngiltere Genelinde \u00dccretsiz Teslimat<\/li>\n<li>Bize ula\u015f\u0131n \/ Bizimle canl\u0131 sohbet edin Daha fazla m\u00fccevher hediyesi i\u00e7in<\/li>\n<\/ul>","protected":false},"featured_media":320442,"comment_status":"closed","ping_status":"closed","template":"","meta":{"_eb_attr":"","_crsspst_to_jayantr4sg-hostcom":true},"product_brand":[],"product_cat":[5681,1791,1559,1794,6150,1254,5344,5338,1577,1569],"product_tag":[],"class_list":{"0":"post-320431","1":"product","2":"type-product","3":"status-publish","4":"has-post-thumbnail","6":"product_cat-22ct-gold-single-cz-stone-earring","7":"product_cat-anniversary-gifts","8":"product_cat-birthday-gifts","9":"product_cat-christmas-gifts","10":"product_cat-cubic-zirconia-ear-studs","11":"product_cat-gold-earrings","12":"product_cat-jewellery-under-750","13":"product_cat-shop-by-price","14":"product_cat-stud-earrings","15":"product_cat-valentine-day-gifts","17":"first","18":"instock","19":"sale","20":"taxable","21":"shipping-taxable","22":"purchasable","23":"product-type-simple","24":"add-to-wishlist-before_image"},"yoast_head":"<!-- This site is optimized with the Yoast SEO plugin v27.3 - https:\/\/yoast.com\/product\/yoast-seo-wordpress\/ -->\n<title>22ct Real Gold Jewellery for Diwali at Purejewels<\/title>\n<meta name=\"robots\" content=\"index, follow, max-snippet:-1, max-image-preview:large, max-video-preview:-1\" \/>\n<link rel=\"canonical\" href=\"https:\/\/www.purejewels.com\/tr\/urun\/22-ayar-altin-saplama-kupe-33661-2\/\" \/>\n<meta property=\"og:locale\" content=\"tr_TR\" \/>\n<meta property=\"og:type\" content=\"article\" \/>\n<meta property=\"og:title\" content=\"22ct Real Gold Jewellery for Diwali at Purejewels\" \/>\n<meta property=\"og:description\" content=\"CZ Stud Earring In 22ct Gold  Single square CZ stone  With Screw-back fitting  Wt.\u00a0 3.2 gms  SKU. 33182, 33661  All prices include VAT  All our Products are Hallmarked by London Assay Office  Comes with presentation box  Free Delivery Across UK  Contact us \/ Live chat with us For more jewellery gifts\" \/>\n<meta property=\"og:url\" content=\"https:\/\/www.purejewels.com\/tr\/urun\/22-ayar-altin-saplama-kupe-33661-2\/\" \/>\n<meta property=\"og:site_name\" content=\"PureJewels UK\" \/>\n<meta property=\"article:modified_time\" content=\"2026-03-16T05:36:50+00:00\" \/>\n<meta property=\"og:image\" content=\"https:\/\/static.purejewels.com\/wp-content\/uploads\/2020\/12\/image199513134-6.jpg\" \/>\n\t<meta property=\"og:image:width\" content=\"1000\" \/>\n\t<meta property=\"og:image:height\" content=\"1000\" \/>\n\t<meta property=\"og:image:type\" content=\"image\/jpeg\" \/>\n<meta name=\"twitter:card\" content=\"summary_large_image\" \/>\n<meta name=\"twitter:label1\" content=\"Tahmini okuma s\u00fcresi\" \/>\n\t<meta name=\"twitter:data1\" content=\"2 dakika\" \/>\n<script type=\"application\/ld+json\" class=\"yoast-schema-graph\">{\"@context\":\"https:\\\/\\\/schema.org\",\"@graph\":[{\"@type\":[\"WebPage\",\"ItemPage\"],\"@id\":\"https:\\\/\\\/www.purejewels.com\\\/product\\\/22ct-gold-stud-earring-33661-2\\\/\",\"url\":\"https:\\\/\\\/www.purejewels.com\\\/product\\\/22ct-gold-stud-earring-33661-2\\\/\",\"name\":\"22ct Real Gold Jewellery for Diwali at Purejewels\",\"isPartOf\":{\"@id\":\"https:\\\/\\\/www.purejewels.com\\\/#website\"},\"primaryImageOfPage\":{\"@id\":\"https:\\\/\\\/www.purejewels.com\\\/product\\\/22ct-gold-stud-earring-33661-2\\\/#primaryimage\"},\"image\":{\"@id\":\"https:\\\/\\\/www.purejewels.com\\\/product\\\/22ct-gold-stud-earring-33661-2\\\/#primaryimage\"},\"thumbnailUrl\":\"https:\\\/\\\/static.purejewels.com\\\/wp-content\\\/uploads\\\/2020\\\/12\\\/image199513134-6.jpg\",\"datePublished\":\"2025-08-13T08:20:52+00:00\",\"dateModified\":\"2026-03-16T05:36:50+00:00\",\"breadcrumb\":{\"@id\":\"https:\\\/\\\/www.purejewels.com\\\/product\\\/22ct-gold-stud-earring-33661-2\\\/#breadcrumb\"},\"inLanguage\":\"tr\",\"potentialAction\":[{\"@type\":\"ReadAction\",\"target\":[\"https:\\\/\\\/www.purejewels.com\\\/product\\\/22ct-gold-stud-earring-33661-2\\\/\"]}]},{\"@type\":\"ImageObject\",\"inLanguage\":\"tr\",\"@id\":\"https:\\\/\\\/www.purejewels.com\\\/product\\\/22ct-gold-stud-earring-33661-2\\\/#primaryimage\",\"url\":\"https:\\\/\\\/static.purejewels.com\\\/wp-content\\\/uploads\\\/2020\\\/12\\\/image199513134-6.jpg\",\"contentUrl\":\"https:\\\/\\\/static.purejewels.com\\\/wp-content\\\/uploads\\\/2020\\\/12\\\/image199513134-6.jpg\",\"width\":1000,\"height\":1000,\"caption\":\"22kt Gold CZ Stud Earring | 6mm\"},{\"@type\":\"BreadcrumbList\",\"@id\":\"https:\\\/\\\/www.purejewels.com\\\/product\\\/22ct-gold-stud-earring-33661-2\\\/#breadcrumb\",\"itemListElement\":[{\"@type\":\"ListItem\",\"position\":1,\"name\":\"Home\",\"item\":\"https:\\\/\\\/www.purejewels.com\\\/\"},{\"@type\":\"ListItem\",\"position\":2,\"name\":\"Shop\",\"item\":\"https:\\\/\\\/www.purejewels.com\\\/shop\\\/\"},{\"@type\":\"ListItem\",\"position\":3,\"name\":\"22ct Gold Stud Earring\"}]},{\"@type\":\"WebSite\",\"@id\":\"https:\\\/\\\/www.purejewels.com\\\/#website\",\"url\":\"https:\\\/\\\/www.purejewels.com\\\/\",\"name\":\"PureJewels UK\",\"description\":\"Share the Love\",\"publisher\":{\"@id\":\"https:\\\/\\\/www.purejewels.com\\\/#organization\"},\"potentialAction\":[{\"@type\":\"SearchAction\",\"target\":{\"@type\":\"EntryPoint\",\"urlTemplate\":\"https:\\\/\\\/www.purejewels.com\\\/?s={search_term_string}\"},\"query-input\":{\"@type\":\"PropertyValueSpecification\",\"valueRequired\":true,\"valueName\":\"search_term_string\"}}],\"inLanguage\":\"tr\"},{\"@type\":\"Organization\",\"@id\":\"https:\\\/\\\/www.purejewels.com\\\/#organization\",\"name\":\"PureJewels UK\",\"url\":\"https:\\\/\\\/www.purejewels.com\\\/\",\"logo\":{\"@type\":\"ImageObject\",\"inLanguage\":\"tr\",\"@id\":\"https:\\\/\\\/www.purejewels.com\\\/#\\\/schema\\\/logo\\\/image\\\/\",\"url\":\"https:\\\/\\\/static.purejewels.com\\\/wp-content\\\/uploads\\\/2020\\\/11\\\/Logo-PJ-New-1.png\",\"contentUrl\":\"https:\\\/\\\/static.purejewels.com\\\/wp-content\\\/uploads\\\/2020\\\/11\\\/Logo-PJ-New-1.png\",\"width\":150,\"height\":80,\"caption\":\"PureJewels UK\"},\"image\":{\"@id\":\"https:\\\/\\\/www.purejewels.com\\\/#\\\/schema\\\/logo\\\/image\\\/\"}}]}<\/script>\n<!-- \/ Yoast SEO plugin. -->","yoast_head_json":{"title":"Purejewels'de Diwali i\u00e7in 22 Ayar Ger\u00e7ek Alt\u0131n Tak\u0131lar","robots":{"index":"index","follow":"follow","max-snippet":"max-snippet:-1","max-image-preview":"max-image-preview:large","max-video-preview":"max-video-preview:-1"},"canonical":"https:\/\/www.purejewels.com\/tr\/urun\/22-ayar-altin-saplama-kupe-33661-2\/","og_locale":"tr_TR","og_type":"article","og_title":"22ct Real Gold Jewellery for Diwali at Purejewels","og_description":"CZ Stud Earring In 22ct Gold  Single square CZ stone  With Screw-back fitting  Wt.\u00a0 3.2 gms  SKU. 33182, 33661  All prices include VAT  All our Products are Hallmarked by London Assay Office  Comes with presentation box  Free Delivery Across UK  Contact us \/ Live chat with us For more jewellery gifts","og_url":"https:\/\/www.purejewels.com\/tr\/urun\/22-ayar-altin-saplama-kupe-33661-2\/","og_site_name":"PureJewels UK","article_modified_time":"2026-03-16T05:36:50+00:00","og_image":[{"width":1000,"height":1000,"url":"https:\/\/static.purejewels.com\/wp-content\/uploads\/2020\/12\/image199513134-6.jpg","type":"image\/jpeg"}],"twitter_card":"summary_large_image","twitter_misc":{"Tahmini okuma s\u00fcresi":"2 dakika"},"schema":{"@context":"https:\/\/schema.org","@graph":[{"@type":["WebPage","ItemPage"],"@id":"https:\/\/www.purejewels.com\/product\/22ct-gold-stud-earring-33661-2\/","url":"https:\/\/www.purejewels.com\/product\/22ct-gold-stud-earring-33661-2\/","name":"Purejewels'de Diwali i\u00e7in 22 Ayar Ger\u00e7ek Alt\u0131n Tak\u0131lar","isPartOf":{"@id":"https:\/\/www.purejewels.com\/#website"},"primaryImageOfPage":{"@id":"https:\/\/www.purejewels.com\/product\/22ct-gold-stud-earring-33661-2\/#primaryimage"},"image":{"@id":"https:\/\/www.purejewels.com\/product\/22ct-gold-stud-earring-33661-2\/#primaryimage"},"thumbnailUrl":"https:\/\/static.purejewels.com\/wp-content\/uploads\/2020\/12\/image199513134-6.jpg","datePublished":"2025-08-13T08:20:52+00:00","dateModified":"2026-03-16T05:36:50+00:00","breadcrumb":{"@id":"https:\/\/www.purejewels.com\/product\/22ct-gold-stud-earring-33661-2\/#breadcrumb"},"inLanguage":"tr","potentialAction":[{"@type":"ReadAction","target":["https:\/\/www.purejewels.com\/product\/22ct-gold-stud-earring-33661-2\/"]}]},{"@type":"ImageObject","inLanguage":"tr","@id":"https:\/\/www.purejewels.com\/product\/22ct-gold-stud-earring-33661-2\/#primaryimage","url":"https:\/\/static.purejewels.com\/wp-content\/uploads\/2020\/12\/image199513134-6.jpg","contentUrl":"https:\/\/static.purejewels.com\/wp-content\/uploads\/2020\/12\/image199513134-6.jpg","width":1000,"height":1000,"caption":"22kt Gold CZ Stud Earring | 6mm"},{"@type":"BreadcrumbList","@id":"https:\/\/www.purejewels.com\/product\/22ct-gold-stud-earring-33661-2\/#breadcrumb","itemListElement":[{"@type":"ListItem","position":1,"name":"Home","item":"https:\/\/www.purejewels.com\/"},{"@type":"ListItem","position":2,"name":"Shop","item":"https:\/\/www.purejewels.com\/shop\/"},{"@type":"ListItem","position":3,"name":"22ct Gold Stud Earring"}]},{"@type":"WebSite","@id":"https:\/\/www.purejewels.com\/#website","url":"https:\/\/www.purejewels.com\/","name":"PureJewels \u0130ngiltere","description":"Sevgiyi Payla\u015f\u0131n","publisher":{"@id":"https:\/\/www.purejewels.com\/#organization"},"potentialAction":[{"@type":"SearchAction","target":{"@type":"EntryPoint","urlTemplate":"https:\/\/www.purejewels.com\/?s={search_term_string}"},"query-input":{"@type":"PropertyValueSpecification","valueRequired":true,"valueName":"search_term_string"}}],"inLanguage":"tr"},{"@type":"Organization","@id":"https:\/\/www.purejewels.com\/#organization","name":"PureJewels \u0130ngiltere","url":"https:\/\/www.purejewels.com\/","logo":{"@type":"ImageObject","inLanguage":"tr","@id":"https:\/\/www.purejewels.com\/#\/schema\/logo\/image\/","url":"https:\/\/static.purejewels.com\/wp-content\/uploads\/2020\/11\/Logo-PJ-New-1.png","contentUrl":"https:\/\/static.purejewels.com\/wp-content\/uploads\/2020\/11\/Logo-PJ-New-1.png","width":150,"height":80,"caption":"PureJewels UK"},"image":{"@id":"https:\/\/www.purejewels.com\/#\/schema\/logo\/image\/"}}]}},"_links":{"self":[{"href":"https:\/\/www.purejewels.com\/tr\/wp-json\/wp\/v2\/product\/320431","targetHints":{"allow":["GET"]}}],"collection":[{"href":"https:\/\/www.purejewels.com\/tr\/wp-json\/wp\/v2\/product"}],"about":[{"href":"https:\/\/www.purejewels.com\/tr\/wp-json\/wp\/v2\/types\/product"}],"replies":[{"embeddable":true,"href":"https:\/\/www.purejewels.com\/tr\/wp-json\/wp\/v2\/comments?post=320431"}],"version-history":[{"count":2,"href":"https:\/\/www.purejewels.com\/tr\/wp-json\/wp\/v2\/product\/320431\/revisions"}],"predecessor-version":[{"id":402271,"href":"https:\/\/www.purejewels.com\/tr\/wp-json\/wp\/v2\/product\/320431\/revisions\/402271"}],"wp:featuredmedia":[{"embeddable":true,"href":"https:\/\/www.purejewels.com\/tr\/wp-json\/wp\/v2\/media\/320442"}],"wp:attachment":[{"href":"https:\/\/www.purejewels.com\/tr\/wp-json\/wp\/v2\/media?parent=320431"}],"wp:term":[{"taxonomy":"product_brand","embeddable":true,"href":"https:\/\/www.purejewels.com\/tr\/wp-json\/wp\/v2\/product_brand?post=320431"},{"taxonomy":"product_cat","embeddable":true,"href":"https:\/\/www.purejewels.com\/tr\/wp-json\/wp\/v2\/product_cat?post=320431"},{"taxonomy":"product_tag","embeddable":true,"href":"https:\/\/www.purejewels.com\/tr\/wp-json\/wp\/v2\/product_tag?post=320431"}],"curies":[{"name":"wp","href":"https:\/\/api.w.org\/{rel}","templated":true}]}}