{"id":321855,"date":"2021-01-18T04:44:29","date_gmt":"2021-01-18T04:44:29","guid":{"rendered":"https:\/\/www.purejewels.com\/?post_type=product&#038;p=321855"},"modified":"2026-03-31T07:56:12","modified_gmt":"2026-03-31T06:56:12","slug":"22-ayar-altin-tilki-kuyrugu-zincir-18-inc-31800","status":"publish","type":"product","link":"https:\/\/www.purejewels.com\/tr\/product\/22ct-gold-foxtail-chain-in-18-inches\/","title":{"rendered":"22 Ayar Alt\u0131n \u0130nce Tilki Kuyru\u011fu Zincir 1,6mm | 18 \u0130n\u00e7"},"content":{"rendered":"<p data-start=\"348\" data-end=\"621\">I\u015f\u0131lt\u0131l\u0131 22 ayar alt\u0131ndan \u00fcretilen Fine Foxtail Zincir, hassasiyetin ve abart\u0131s\u0131z l\u00fcks\u00fcn zamans\u0131z bir ifadesidir. Geni\u015fli\u011fi 1,6 mm ve uzunlu\u011fu 18 in\u00e7 olan bu zincir, zarif ve \u00e7ok y\u00f6nl\u00fc bir siluet sunarak boyun \u00e7izgisi boyunca zarif bir \u015fekilde oturacak \u015fekilde tasarlanm\u0131\u015ft\u0131r.<\/p>\n<p data-start=\"623\" data-end=\"936\">\u0130\u00e7 i\u00e7e ge\u00e7mi\u015f halkalar\u0131n olu\u015fturdu\u011fu karma\u015f\u0131k tilki kuyru\u011fu deseni, \u0131\u015f\u0131\u011f\u0131 ince ve zarif bir parlakl\u0131kla yans\u0131tan p\u00fcr\u00fczs\u00fcz ve kesintisiz bir doku yarat\u0131r. Bu titiz yap\u0131 sadece g\u00f6rsel \u00e7ekicili\u011fi artt\u0131rmakla kalmaz, ayn\u0131 zamanda zincirin kullan\u0131c\u0131yla birlikte ak\u0131c\u0131 bir \u015fekilde hareket etmesini sa\u011flayan g\u00fc\u00e7 ve esnekli\u011fi de sa\u011flar.<\/p>\n<p data-start=\"938\" data-end=\"1323\">Hafif ancak dayan\u0131kl\u0131 olan bu par\u00e7a, ister minimalist bir ifade i\u00e7in tek ba\u015f\u0131na stilize edilsin ister daha fazla anlam katmak i\u00e7in de\u011ferli bir kolye ile e\u015fle\u015ftirilsin, g\u00fcnl\u00fck kullan\u0131m i\u00e7in idealdir. PureJewels'in el i\u015f\u00e7ili\u011fi ve detaylara g\u00f6sterdi\u011fi \u00f6zen miras\u0131na dayanan tilki kuyru\u011fu zincir, m\u00fccevher koleksiyonunuzun vazge\u00e7ilmez bir par\u00e7as\u0131 ve yolculu\u011funuzda kal\u0131c\u0131 bir yol arkada\u015f\u0131 olmak \u00fczere tasarlanm\u0131\u015f modern bir klasiktir.<\/p>","protected":false},"excerpt":{"rendered":"<p>22 ayar alt\u0131ndan \u015f\u0131k bir vazge\u00e7ilmez olan bu ince 1,6 mm tilki kuyru\u011fu zincir, g\u00fcnl\u00fck \u015f\u0131kl\u0131k veya kolyelerle katman olu\u015fturmak i\u00e7in m\u00fckemmel olan ak\u0131c\u0131 ve cilal\u0131 bir y\u00fczey sunar.<\/p>\n<ul>\n<li>22ct\u00a0<span id=\"urn:enhancement-7a7a8eaf\" class=\"textannotation\">Sar\u0131<\/span>\u00a0<span id=\"urn:enhancement-582502ea\" class=\"textannotation disambiguated wl-thing\">Alt\u0131n<\/span>\u00a0Tilki Kuyru\u011fu\u00a0<span id=\"urn:enhancement-df2d721a\" class=\"textannotation\">Zincir<\/span><\/li>\n<li>A\u011f\u0131rl\u0131k: 6,8 gms<\/li>\n<li>Kal\u0131nl\u0131k: 1,6 mm<\/li>\n<li>Uzunluk: 18\u2033 in\u00e7<\/li>\n<li>SKU: 31815<\/li>\n<li>T\u00fcm\u00fc\u00a0<span id=\"urn:enhancement-7488faae\" class=\"textannotation\">fiyatlar<\/span>\u00a0\u015funlar\u0131 i\u00e7erir\u00a0<span id=\"urn:enhancement-c86581ad\" class=\"textannotation disambiguated wl-thing\">KDV<\/span><\/li>\n<li>22ct\u00a0<span id=\"urn:enhancement-c6f7cf3c\" class=\"textannotation disambiguated wl-thing\">Alt\u0131n<\/span>\u00a0 Londra taraf\u0131ndan damgalanm\u0131\u015ft\u0131r\u00a0<span id=\"urn:enhancement-3ffc8b51\" class=\"textannotation\">Tahlil Ofisi<\/span><\/li>\n<li>\u0130le birlikte gelir\u00a0<span id=\"urn:enhancement-c8be20eb\" class=\"textannotation\">SUNUM<\/span>\u00a0<span id=\"urn:enhancement-d4e8ad3c\" class=\"textannotation\">kutu<\/span><\/li>\n<li>Teslimat Dahil<\/li>\n<li>Canl\u0131\u00a0<span id=\"urn:enhancement-934ca652\" class=\"textannotation\">sohbet<\/span>\u00a0bizimle birlikte\u00a0<span id=\"urn:enhancement-924f4bc5\" class=\"textannotation\">bkz.<\/span>\u00a0bizim farkl\u0131\u00a0<span id=\"urn:enhancement-1c189524\" class=\"textannotation\">koleksiyon<\/span>\u00a022ct\u00a0<span id=\"urn:enhancement-c36f7d36\" class=\"textannotation disambiguated wl-thing\">Alt\u0131n<\/span>\u00a0<span id=\"urn:enhancement-a044390c\" class=\"textannotation\">Zincir<\/span>\u00a0<span id=\"urn:enhancement-c7f28ac7\" class=\"textannotation disambiguated wl-place\">BIRLE\u015eIK KRALLIK<\/span><\/li>\n<\/ul>","protected":false},"featured_media":319451,"comment_status":"closed","ping_status":"closed","template":"","meta":{"_eb_attr":"","_crsspst_to_jayantr4sg-hostcom":false},"product_brand":[],"product_cat":[1791,1559,1475,1773,1574],"product_tag":[],"class_list":{"0":"post-321855","1":"product","2":"type-product","3":"status-publish","4":"has-post-thumbnail","6":"product_cat-anniversary-gifts","7":"product_cat-birthday-gifts","8":"product_cat-gold-chains","9":"product_cat-ladies-chains","10":"product_cat-womens-jewellery","12":"first","13":"outofstock","14":"taxable","15":"shipping-taxable","16":"product-type-simple","17":"add-to-wishlist-before_image"},"yoast_head":"<!-- This site is optimized with the Yoast SEO plugin v27.3 - https:\/\/yoast.com\/product\/yoast-seo-wordpress\/ -->\n<title>22ct Gold 1.6mm Foxtail Chain 18 Inch | Online at PureJewels<\/title>\n<meta name=\"description\" content=\"Shop 22ct gold 1.6mm foxtail chain in 18 inch length. Smooth flexible links with refined texture ideal for everyday wear. PureJewels UK.\" \/>\n<meta name=\"robots\" content=\"index, follow, max-snippet:-1, max-image-preview:large, max-video-preview:-1\" \/>\n<link rel=\"canonical\" href=\"https:\/\/www.purejewels.com\/tr\/urun\/22-ayar-altin-tilki-kuyrugu-zincir-18-inc-31800\/\" \/>\n<meta property=\"og:locale\" content=\"tr_TR\" \/>\n<meta property=\"og:type\" content=\"article\" \/>\n<meta property=\"og:title\" content=\"22ct Gold 1.6mm Foxtail Chain 18 Inch | Online at PureJewels\" \/>\n<meta property=\"og:description\" content=\"Shop 22ct gold 1.6mm foxtail chain in 18 inch length. Smooth flexible links with refined texture ideal for everyday wear. PureJewels UK.\" \/>\n<meta property=\"og:url\" content=\"https:\/\/www.purejewels.com\/tr\/urun\/22-ayar-altin-tilki-kuyrugu-zincir-18-inc-31800\/\" \/>\n<meta property=\"og:site_name\" content=\"PureJewels UK\" \/>\n<meta property=\"article:modified_time\" content=\"2026-03-31T06:56:12+00:00\" \/>\n<meta property=\"og:image\" content=\"https:\/\/static.purejewels.com\/wp-content\/uploads\/2020\/07\/31811-1.jpg\" \/>\n\t<meta property=\"og:image:width\" content=\"1000\" \/>\n\t<meta property=\"og:image:height\" content=\"1000\" \/>\n\t<meta property=\"og:image:type\" content=\"image\/jpeg\" \/>\n<meta name=\"twitter:card\" content=\"summary_large_image\" \/>\n<meta name=\"twitter:label1\" content=\"Tahmini okuma s\u00fcresi\" \/>\n\t<meta name=\"twitter:data1\" content=\"1 dakika\" \/>\n<script type=\"application\/ld+json\" class=\"yoast-schema-graph\">{\"@context\":\"https:\\\/\\\/schema.org\",\"@graph\":[{\"@type\":[\"WebPage\",\"ItemPage\"],\"@id\":\"https:\\\/\\\/www.purejewels.com\\\/product\\\/22ct-gold-foxtail-chain-in-18-inches\\\/\",\"url\":\"https:\\\/\\\/www.purejewels.com\\\/product\\\/22ct-gold-foxtail-chain-in-18-inches\\\/\",\"name\":\"22ct Gold 1.6mm Foxtail Chain 18 Inch | Online at PureJewels\",\"isPartOf\":{\"@id\":\"https:\\\/\\\/www.purejewels.com\\\/#website\"},\"primaryImageOfPage\":{\"@id\":\"https:\\\/\\\/www.purejewels.com\\\/product\\\/22ct-gold-foxtail-chain-in-18-inches\\\/#primaryimage\"},\"image\":{\"@id\":\"https:\\\/\\\/www.purejewels.com\\\/product\\\/22ct-gold-foxtail-chain-in-18-inches\\\/#primaryimage\"},\"thumbnailUrl\":\"https:\\\/\\\/static.purejewels.com\\\/wp-content\\\/uploads\\\/2020\\\/07\\\/31811-1.jpg\",\"datePublished\":\"2021-01-18T04:44:29+00:00\",\"dateModified\":\"2026-03-31T06:56:12+00:00\",\"description\":\"Shop 22ct gold 1.6mm foxtail chain in 18 inch length. Smooth flexible links with refined texture ideal for everyday wear. PureJewels UK.\",\"breadcrumb\":{\"@id\":\"https:\\\/\\\/www.purejewels.com\\\/product\\\/22ct-gold-foxtail-chain-in-18-inches\\\/#breadcrumb\"},\"inLanguage\":\"tr\",\"potentialAction\":[{\"@type\":\"ReadAction\",\"target\":[\"https:\\\/\\\/www.purejewels.com\\\/product\\\/22ct-gold-foxtail-chain-in-18-inches\\\/\"]}]},{\"@type\":\"ImageObject\",\"inLanguage\":\"tr\",\"@id\":\"https:\\\/\\\/www.purejewels.com\\\/product\\\/22ct-gold-foxtail-chain-in-18-inches\\\/#primaryimage\",\"url\":\"https:\\\/\\\/static.purejewels.com\\\/wp-content\\\/uploads\\\/2020\\\/07\\\/31811-1.jpg\",\"contentUrl\":\"https:\\\/\\\/static.purejewels.com\\\/wp-content\\\/uploads\\\/2020\\\/07\\\/31811-1.jpg\",\"width\":1000,\"height\":1000,\"caption\":\"22ct Gold Chain\"},{\"@type\":\"BreadcrumbList\",\"@id\":\"https:\\\/\\\/www.purejewels.com\\\/product\\\/22ct-gold-foxtail-chain-in-18-inches\\\/#breadcrumb\",\"itemListElement\":[{\"@type\":\"ListItem\",\"position\":1,\"name\":\"Home\",\"item\":\"https:\\\/\\\/www.purejewels.com\\\/\"},{\"@type\":\"ListItem\",\"position\":2,\"name\":\"Shop\",\"item\":\"https:\\\/\\\/www.purejewels.com\\\/shop\\\/\"},{\"@type\":\"ListItem\",\"position\":3,\"name\":\"22ct Gold Fine Foxtail Chain 1.6mm | 18 Inches\"}]},{\"@type\":\"WebSite\",\"@id\":\"https:\\\/\\\/www.purejewels.com\\\/#website\",\"url\":\"https:\\\/\\\/www.purejewels.com\\\/\",\"name\":\"PureJewels UK\",\"description\":\"Share the Love\",\"publisher\":{\"@id\":\"https:\\\/\\\/www.purejewels.com\\\/#organization\"},\"potentialAction\":[{\"@type\":\"SearchAction\",\"target\":{\"@type\":\"EntryPoint\",\"urlTemplate\":\"https:\\\/\\\/www.purejewels.com\\\/?s={search_term_string}\"},\"query-input\":{\"@type\":\"PropertyValueSpecification\",\"valueRequired\":true,\"valueName\":\"search_term_string\"}}],\"inLanguage\":\"tr\"},{\"@type\":\"Organization\",\"@id\":\"https:\\\/\\\/www.purejewels.com\\\/#organization\",\"name\":\"PureJewels UK\",\"url\":\"https:\\\/\\\/www.purejewels.com\\\/\",\"logo\":{\"@type\":\"ImageObject\",\"inLanguage\":\"tr\",\"@id\":\"https:\\\/\\\/www.purejewels.com\\\/#\\\/schema\\\/logo\\\/image\\\/\",\"url\":\"https:\\\/\\\/static.purejewels.com\\\/wp-content\\\/uploads\\\/2020\\\/11\\\/Logo-PJ-New-1.png\",\"contentUrl\":\"https:\\\/\\\/static.purejewels.com\\\/wp-content\\\/uploads\\\/2020\\\/11\\\/Logo-PJ-New-1.png\",\"width\":150,\"height\":80,\"caption\":\"PureJewels UK\"},\"image\":{\"@id\":\"https:\\\/\\\/www.purejewels.com\\\/#\\\/schema\\\/logo\\\/image\\\/\"}}]}<\/script>\n<!-- \/ Yoast SEO plugin. -->","yoast_head_json":{"title":"22 Ayar Alt\u0131n 1,6mm Tilki Kuyru\u011fu Zincir 18 \u0130n\u00e7 | PureJewels'te Online","description":"18 in\u00e7 uzunlu\u011funda 22 ayar alt\u0131n 1,6 mm tilki kuyru\u011fu zincir sat\u0131n al\u0131n. G\u00fcnl\u00fck kullan\u0131m i\u00e7in ideal, zarif dokulu, p\u00fcr\u00fczs\u00fcz ve esnek baklalar. PureJewels \u0130ngiltere.","robots":{"index":"index","follow":"follow","max-snippet":"max-snippet:-1","max-image-preview":"max-image-preview:large","max-video-preview":"max-video-preview:-1"},"canonical":"https:\/\/www.purejewels.com\/tr\/urun\/22-ayar-altin-tilki-kuyrugu-zincir-18-inc-31800\/","og_locale":"tr_TR","og_type":"article","og_title":"22ct Gold 1.6mm Foxtail Chain 18 Inch | Online at PureJewels","og_description":"Shop 22ct gold 1.6mm foxtail chain in 18 inch length. Smooth flexible links with refined texture ideal for everyday wear. PureJewels UK.","og_url":"https:\/\/www.purejewels.com\/tr\/urun\/22-ayar-altin-tilki-kuyrugu-zincir-18-inc-31800\/","og_site_name":"PureJewels UK","article_modified_time":"2026-03-31T06:56:12+00:00","og_image":[{"width":1000,"height":1000,"url":"https:\/\/static.purejewels.com\/wp-content\/uploads\/2020\/07\/31811-1.jpg","type":"image\/jpeg"}],"twitter_card":"summary_large_image","twitter_misc":{"Tahmini okuma s\u00fcresi":"1 dakika"},"schema":{"@context":"https:\/\/schema.org","@graph":[{"@type":["WebPage","ItemPage"],"@id":"https:\/\/www.purejewels.com\/product\/22ct-gold-foxtail-chain-in-18-inches\/","url":"https:\/\/www.purejewels.com\/product\/22ct-gold-foxtail-chain-in-18-inches\/","name":"22 Ayar Alt\u0131n 1,6mm Tilki Kuyru\u011fu Zincir 18 \u0130n\u00e7 | PureJewels'te Online","isPartOf":{"@id":"https:\/\/www.purejewels.com\/#website"},"primaryImageOfPage":{"@id":"https:\/\/www.purejewels.com\/product\/22ct-gold-foxtail-chain-in-18-inches\/#primaryimage"},"image":{"@id":"https:\/\/www.purejewels.com\/product\/22ct-gold-foxtail-chain-in-18-inches\/#primaryimage"},"thumbnailUrl":"https:\/\/static.purejewels.com\/wp-content\/uploads\/2020\/07\/31811-1.jpg","datePublished":"2021-01-18T04:44:29+00:00","dateModified":"2026-03-31T06:56:12+00:00","description":"18 in\u00e7 uzunlu\u011funda 22 ayar alt\u0131n 1,6 mm tilki kuyru\u011fu zincir sat\u0131n al\u0131n. G\u00fcnl\u00fck kullan\u0131m i\u00e7in ideal, zarif dokulu, p\u00fcr\u00fczs\u00fcz ve esnek baklalar. PureJewels \u0130ngiltere.","breadcrumb":{"@id":"https:\/\/www.purejewels.com\/product\/22ct-gold-foxtail-chain-in-18-inches\/#breadcrumb"},"inLanguage":"tr","potentialAction":[{"@type":"ReadAction","target":["https:\/\/www.purejewels.com\/product\/22ct-gold-foxtail-chain-in-18-inches\/"]}]},{"@type":"ImageObject","inLanguage":"tr","@id":"https:\/\/www.purejewels.com\/product\/22ct-gold-foxtail-chain-in-18-inches\/#primaryimage","url":"https:\/\/static.purejewels.com\/wp-content\/uploads\/2020\/07\/31811-1.jpg","contentUrl":"https:\/\/static.purejewels.com\/wp-content\/uploads\/2020\/07\/31811-1.jpg","width":1000,"height":1000,"caption":"22ct Gold Chain"},{"@type":"BreadcrumbList","@id":"https:\/\/www.purejewels.com\/product\/22ct-gold-foxtail-chain-in-18-inches\/#breadcrumb","itemListElement":[{"@type":"ListItem","position":1,"name":"Home","item":"https:\/\/www.purejewels.com\/"},{"@type":"ListItem","position":2,"name":"Shop","item":"https:\/\/www.purejewels.com\/shop\/"},{"@type":"ListItem","position":3,"name":"22ct Gold Fine Foxtail Chain 1.6mm | 18 Inches"}]},{"@type":"WebSite","@id":"https:\/\/www.purejewels.com\/#website","url":"https:\/\/www.purejewels.com\/","name":"PureJewels \u0130ngiltere","description":"Sevgiyi Payla\u015f\u0131n","publisher":{"@id":"https:\/\/www.purejewels.com\/#organization"},"potentialAction":[{"@type":"SearchAction","target":{"@type":"EntryPoint","urlTemplate":"https:\/\/www.purejewels.com\/?s={search_term_string}"},"query-input":{"@type":"PropertyValueSpecification","valueRequired":true,"valueName":"search_term_string"}}],"inLanguage":"tr"},{"@type":"Organization","@id":"https:\/\/www.purejewels.com\/#organization","name":"PureJewels \u0130ngiltere","url":"https:\/\/www.purejewels.com\/","logo":{"@type":"ImageObject","inLanguage":"tr","@id":"https:\/\/www.purejewels.com\/#\/schema\/logo\/image\/","url":"https:\/\/static.purejewels.com\/wp-content\/uploads\/2020\/11\/Logo-PJ-New-1.png","contentUrl":"https:\/\/static.purejewels.com\/wp-content\/uploads\/2020\/11\/Logo-PJ-New-1.png","width":150,"height":80,"caption":"PureJewels UK"},"image":{"@id":"https:\/\/www.purejewels.com\/#\/schema\/logo\/image\/"}}]}},"_links":{"self":[{"href":"https:\/\/www.purejewels.com\/tr\/wp-json\/wp\/v2\/product\/321855","targetHints":{"allow":["GET"]}}],"collection":[{"href":"https:\/\/www.purejewels.com\/tr\/wp-json\/wp\/v2\/product"}],"about":[{"href":"https:\/\/www.purejewels.com\/tr\/wp-json\/wp\/v2\/types\/product"}],"replies":[{"embeddable":true,"href":"https:\/\/www.purejewels.com\/tr\/wp-json\/wp\/v2\/comments?post=321855"}],"version-history":[{"count":3,"href":"https:\/\/www.purejewels.com\/tr\/wp-json\/wp\/v2\/product\/321855\/revisions"}],"predecessor-version":[{"id":427872,"href":"https:\/\/www.purejewels.com\/tr\/wp-json\/wp\/v2\/product\/321855\/revisions\/427872"}],"wp:featuredmedia":[{"embeddable":true,"href":"https:\/\/www.purejewels.com\/tr\/wp-json\/wp\/v2\/media\/319451"}],"wp:attachment":[{"href":"https:\/\/www.purejewels.com\/tr\/wp-json\/wp\/v2\/media?parent=321855"}],"wp:term":[{"taxonomy":"product_brand","embeddable":true,"href":"https:\/\/www.purejewels.com\/tr\/wp-json\/wp\/v2\/product_brand?post=321855"},{"taxonomy":"product_cat","embeddable":true,"href":"https:\/\/www.purejewels.com\/tr\/wp-json\/wp\/v2\/product_cat?post=321855"},{"taxonomy":"product_tag","embeddable":true,"href":"https:\/\/www.purejewels.com\/tr\/wp-json\/wp\/v2\/product_tag?post=321855"}],"curies":[{"name":"wp","href":"https:\/\/api.w.org\/{rel}","templated":true}]}}