{"id":322364,"date":"2021-02-09T16:06:16","date_gmt":"2021-02-09T16:06:16","guid":{"rendered":"https:\/\/www.purejewels.com\/?post_type=product&#038;p=322364"},"modified":"2026-01-10T16:15:38","modified_gmt":"2026-01-10T16:15:38","slug":"jali-collection-22-ayar-altin-bileklik","status":"publish","type":"product","link":"https:\/\/www.purejewels.com\/tr\/product\/jali-collection-22ct-gold-bangle\/","title":{"rendered":"Jali Koleksiyonu 22 Ayar Alt\u0131n Bileklik"},"content":{"rendered":"<ul>\n<li>SKU. 32336<\/li>\n<li>A\u011f\u0131rl\u0131k 12,9 gms<\/li>\n<\/ul>","protected":false},"excerpt":{"rendered":"<ul>\n<li>22 Ayar Alt\u0131n Tekli G\u00fcnl\u00fck Kullan\u0131m Bileklik<\/li>\n<li>Boyut 2.6<\/li>\n<li>SKU. 32336<\/li>\n<li>A\u011f\u0131rl\u0131k 12,9 gms<\/li>\n<li>Her boyutta sipari\u015f \u00fczerine yap\u0131labilir<\/li>\n<li>L\u00fctfen\u00a0<span id=\"urn:enhancement-a7cd005b\" class=\"textannotation\">Not<\/span>\u00a0<span id=\"urn:enhancement-fad2f3cd\" class=\"textannotation\">fiyat<\/span>\u00a0<span id=\"urn:enhancement-945ebc1\" class=\"textannotation\">al\u0131nt\u0131lanm\u0131\u015f<\/span>\u00a0burada bir\u00a0<span id=\"urn:enhancement-cceafd6a\" class=\"textannotation\">Tek ki\u015filik<\/span>\u00a0Bileklik<\/li>\n<li>T\u00fcm \u00fcr\u00fcnlerimiz London Assay Office taraf\u0131ndan damgalanm\u0131\u015ft\u0131r<\/li>\n<li>Sunum Kutusu ile Birlikte Gelir<\/li>\n<li>Teslimat Dahil<\/li>\n<li>T\u00fcm fiyatlara KDV dahildir<\/li>\n<li>M\u00fccevher teklifleri i\u00e7in bize ula\u015f\u0131n \/ bizimle sohbet edin\u00a0<span class=\"markiybllhjr9\" data-markjs=\"true\" data-ogac=\"\" data-ogab=\"\" data-ogsc=\"\" data-ogsb=\"\">Diwali<\/span><\/li>\n<\/ul>","protected":false},"featured_media":322363,"comment_status":"closed","ping_status":"closed","template":"","meta":{"_eb_attr":"","_crsspst_to_jayantr4sg-hostcom":false},"product_brand":[],"product_cat":[1657],"product_tag":[],"class_list":{"0":"post-322364","1":"product","2":"type-product","3":"status-publish","4":"has-post-thumbnail","6":"product_cat-single-bangle","8":"first","9":"outofstock","10":"sale","11":"taxable","12":"shipping-taxable","13":"product-type-simple","14":"add-to-wishlist-before_image"},"yoast_head":"<!-- This site is optimized with the Yoast SEO plugin v27.3 - https:\/\/yoast.com\/product\/yoast-seo-wordpress\/ -->\n<title>Jali Collection 22ct Gold Bangle - PureJewels UK<\/title>\n<meta name=\"robots\" content=\"index, follow, max-snippet:-1, max-image-preview:large, max-video-preview:-1\" \/>\n<link rel=\"canonical\" href=\"https:\/\/www.purejewels.com\/tr\/urun\/jali-collection-22-ayar-altin-bileklik\/\" \/>\n<meta property=\"og:locale\" content=\"tr_TR\" \/>\n<meta property=\"og:type\" content=\"article\" \/>\n<meta property=\"og:title\" content=\"Jali Collection 22ct Gold Bangle - PureJewels UK\" \/>\n<meta property=\"og:description\" content=\"22ct Gold\u00a0 Single Daily Wear Bangle  Size 2.6  SKU. 32336  Wt. 12.9 gms  Can be made to order in all sizes  Please\u00a0Note\u00a0price\u00a0quoted\u00a0here is for a\u00a0Single\u00a0Bangle  All our products are hallmarked by London Assay Office  Comes With Presentation Box  Delivery Included  All prices include VAT  Contact us \/ chat with us for jewellery offers for\u00a0Diwali\" \/>\n<meta property=\"og:url\" content=\"https:\/\/www.purejewels.com\/tr\/urun\/jali-collection-22-ayar-altin-bileklik\/\" \/>\n<meta property=\"og:site_name\" content=\"PureJewels UK\" \/>\n<meta property=\"article:modified_time\" content=\"2026-01-10T16:15:38+00:00\" \/>\n<meta property=\"og:image\" content=\"https:\/\/www.purejewels.com\/wp-content\/uploads\/2021\/02\/32334-scaled-e1612886216386.jpg\" \/>\n\t<meta property=\"og:image:width\" content=\"1696\" \/>\n\t<meta property=\"og:image:height\" content=\"1894\" \/>\n\t<meta property=\"og:image:type\" content=\"image\/jpeg\" \/>\n<meta name=\"twitter:card\" content=\"summary_large_image\" \/>\n<meta name=\"twitter:label1\" content=\"Tahmini okuma s\u00fcresi\" \/>\n\t<meta name=\"twitter:data1\" content=\"1 dakika\" \/>\n<script type=\"application\/ld+json\" class=\"yoast-schema-graph\">{\"@context\":\"https:\\\/\\\/schema.org\",\"@graph\":[{\"@type\":[\"WebPage\",\"ItemPage\"],\"@id\":\"https:\\\/\\\/www.purejewels.com\\\/product\\\/jali-collection-22ct-gold-bangle\\\/\",\"url\":\"https:\\\/\\\/www.purejewels.com\\\/product\\\/jali-collection-22ct-gold-bangle\\\/\",\"name\":\"Jali Collection 22ct Gold Bangle - PureJewels UK\",\"isPartOf\":{\"@id\":\"https:\\\/\\\/www.purejewels.com\\\/#website\"},\"primaryImageOfPage\":{\"@id\":\"https:\\\/\\\/www.purejewels.com\\\/product\\\/jali-collection-22ct-gold-bangle\\\/#primaryimage\"},\"image\":{\"@id\":\"https:\\\/\\\/www.purejewels.com\\\/product\\\/jali-collection-22ct-gold-bangle\\\/#primaryimage\"},\"thumbnailUrl\":\"https:\\\/\\\/static.purejewels.com\\\/wp-content\\\/uploads\\\/2021\\\/02\\\/32334-scaled-e1612886216386.jpg\",\"datePublished\":\"2021-02-09T16:06:16+00:00\",\"dateModified\":\"2026-01-10T16:15:38+00:00\",\"breadcrumb\":{\"@id\":\"https:\\\/\\\/www.purejewels.com\\\/product\\\/jali-collection-22ct-gold-bangle\\\/#breadcrumb\"},\"inLanguage\":\"tr\",\"potentialAction\":[{\"@type\":\"ReadAction\",\"target\":[\"https:\\\/\\\/www.purejewels.com\\\/product\\\/jali-collection-22ct-gold-bangle\\\/\"]}]},{\"@type\":\"ImageObject\",\"inLanguage\":\"tr\",\"@id\":\"https:\\\/\\\/www.purejewels.com\\\/product\\\/jali-collection-22ct-gold-bangle\\\/#primaryimage\",\"url\":\"https:\\\/\\\/static.purejewels.com\\\/wp-content\\\/uploads\\\/2021\\\/02\\\/32334-scaled-e1612886216386.jpg\",\"contentUrl\":\"https:\\\/\\\/static.purejewels.com\\\/wp-content\\\/uploads\\\/2021\\\/02\\\/32334-scaled-e1612886216386.jpg\",\"width\":1696,\"height\":1894,\"caption\":\"22ct Gold Bangle\"},{\"@type\":\"BreadcrumbList\",\"@id\":\"https:\\\/\\\/www.purejewels.com\\\/product\\\/jali-collection-22ct-gold-bangle\\\/#breadcrumb\",\"itemListElement\":[{\"@type\":\"ListItem\",\"position\":1,\"name\":\"Home\",\"item\":\"https:\\\/\\\/www.purejewels.com\\\/\"},{\"@type\":\"ListItem\",\"position\":2,\"name\":\"Shop\",\"item\":\"https:\\\/\\\/www.purejewels.com\\\/shop\\\/\"},{\"@type\":\"ListItem\",\"position\":3,\"name\":\"Jali Collection 22ct Gold Bangle\"}]},{\"@type\":\"WebSite\",\"@id\":\"https:\\\/\\\/www.purejewels.com\\\/#website\",\"url\":\"https:\\\/\\\/www.purejewels.com\\\/\",\"name\":\"PureJewels UK\",\"description\":\"Share the Love\",\"publisher\":{\"@id\":\"https:\\\/\\\/www.purejewels.com\\\/#organization\"},\"potentialAction\":[{\"@type\":\"SearchAction\",\"target\":{\"@type\":\"EntryPoint\",\"urlTemplate\":\"https:\\\/\\\/www.purejewels.com\\\/?s={search_term_string}\"},\"query-input\":{\"@type\":\"PropertyValueSpecification\",\"valueRequired\":true,\"valueName\":\"search_term_string\"}}],\"inLanguage\":\"tr\"},{\"@type\":\"Organization\",\"@id\":\"https:\\\/\\\/www.purejewels.com\\\/#organization\",\"name\":\"PureJewels UK\",\"url\":\"https:\\\/\\\/www.purejewels.com\\\/\",\"logo\":{\"@type\":\"ImageObject\",\"inLanguage\":\"tr\",\"@id\":\"https:\\\/\\\/www.purejewels.com\\\/#\\\/schema\\\/logo\\\/image\\\/\",\"url\":\"https:\\\/\\\/static.purejewels.com\\\/wp-content\\\/uploads\\\/2020\\\/11\\\/Logo-PJ-New-1.png\",\"contentUrl\":\"https:\\\/\\\/static.purejewels.com\\\/wp-content\\\/uploads\\\/2020\\\/11\\\/Logo-PJ-New-1.png\",\"width\":150,\"height\":80,\"caption\":\"PureJewels UK\"},\"image\":{\"@id\":\"https:\\\/\\\/www.purejewels.com\\\/#\\\/schema\\\/logo\\\/image\\\/\"}}]}<\/script>\n<!-- \/ Yoast SEO plugin. -->","yoast_head_json":{"title":"Jali Koleksiyonu 22 Ayar Alt\u0131n Bileklik - PureJewels UK","robots":{"index":"index","follow":"follow","max-snippet":"max-snippet:-1","max-image-preview":"max-image-preview:large","max-video-preview":"max-video-preview:-1"},"canonical":"https:\/\/www.purejewels.com\/tr\/urun\/jali-collection-22-ayar-altin-bileklik\/","og_locale":"tr_TR","og_type":"article","og_title":"Jali Collection 22ct Gold Bangle - PureJewels UK","og_description":"22ct Gold\u00a0 Single Daily Wear Bangle  Size 2.6  SKU. 32336  Wt. 12.9 gms  Can be made to order in all sizes  Please\u00a0Note\u00a0price\u00a0quoted\u00a0here is for a\u00a0Single\u00a0Bangle  All our products are hallmarked by London Assay Office  Comes With Presentation Box  Delivery Included  All prices include VAT  Contact us \/ chat with us for jewellery offers for\u00a0Diwali","og_url":"https:\/\/www.purejewels.com\/tr\/urun\/jali-collection-22-ayar-altin-bileklik\/","og_site_name":"PureJewels UK","article_modified_time":"2026-01-10T16:15:38+00:00","og_image":[{"width":1696,"height":1894,"url":"https:\/\/www.purejewels.com\/wp-content\/uploads\/2021\/02\/32334-scaled-e1612886216386.jpg","type":"image\/jpeg"}],"twitter_card":"summary_large_image","twitter_misc":{"Tahmini okuma s\u00fcresi":"1 dakika"},"schema":{"@context":"https:\/\/schema.org","@graph":[{"@type":["WebPage","ItemPage"],"@id":"https:\/\/www.purejewels.com\/product\/jali-collection-22ct-gold-bangle\/","url":"https:\/\/www.purejewels.com\/product\/jali-collection-22ct-gold-bangle\/","name":"Jali Koleksiyonu 22 Ayar Alt\u0131n Bileklik - PureJewels UK","isPartOf":{"@id":"https:\/\/www.purejewels.com\/#website"},"primaryImageOfPage":{"@id":"https:\/\/www.purejewels.com\/product\/jali-collection-22ct-gold-bangle\/#primaryimage"},"image":{"@id":"https:\/\/www.purejewels.com\/product\/jali-collection-22ct-gold-bangle\/#primaryimage"},"thumbnailUrl":"https:\/\/static.purejewels.com\/wp-content\/uploads\/2021\/02\/32334-scaled-e1612886216386.jpg","datePublished":"2021-02-09T16:06:16+00:00","dateModified":"2026-01-10T16:15:38+00:00","breadcrumb":{"@id":"https:\/\/www.purejewels.com\/product\/jali-collection-22ct-gold-bangle\/#breadcrumb"},"inLanguage":"tr","potentialAction":[{"@type":"ReadAction","target":["https:\/\/www.purejewels.com\/product\/jali-collection-22ct-gold-bangle\/"]}]},{"@type":"ImageObject","inLanguage":"tr","@id":"https:\/\/www.purejewels.com\/product\/jali-collection-22ct-gold-bangle\/#primaryimage","url":"https:\/\/static.purejewels.com\/wp-content\/uploads\/2021\/02\/32334-scaled-e1612886216386.jpg","contentUrl":"https:\/\/static.purejewels.com\/wp-content\/uploads\/2021\/02\/32334-scaled-e1612886216386.jpg","width":1696,"height":1894,"caption":"22ct Gold Bangle"},{"@type":"BreadcrumbList","@id":"https:\/\/www.purejewels.com\/product\/jali-collection-22ct-gold-bangle\/#breadcrumb","itemListElement":[{"@type":"ListItem","position":1,"name":"Home","item":"https:\/\/www.purejewels.com\/"},{"@type":"ListItem","position":2,"name":"Shop","item":"https:\/\/www.purejewels.com\/shop\/"},{"@type":"ListItem","position":3,"name":"Jali Collection 22ct Gold Bangle"}]},{"@type":"WebSite","@id":"https:\/\/www.purejewels.com\/#website","url":"https:\/\/www.purejewels.com\/","name":"PureJewels \u0130ngiltere","description":"Sevgiyi Payla\u015f\u0131n","publisher":{"@id":"https:\/\/www.purejewels.com\/#organization"},"potentialAction":[{"@type":"SearchAction","target":{"@type":"EntryPoint","urlTemplate":"https:\/\/www.purejewels.com\/?s={search_term_string}"},"query-input":{"@type":"PropertyValueSpecification","valueRequired":true,"valueName":"search_term_string"}}],"inLanguage":"tr"},{"@type":"Organization","@id":"https:\/\/www.purejewels.com\/#organization","name":"PureJewels \u0130ngiltere","url":"https:\/\/www.purejewels.com\/","logo":{"@type":"ImageObject","inLanguage":"tr","@id":"https:\/\/www.purejewels.com\/#\/schema\/logo\/image\/","url":"https:\/\/static.purejewels.com\/wp-content\/uploads\/2020\/11\/Logo-PJ-New-1.png","contentUrl":"https:\/\/static.purejewels.com\/wp-content\/uploads\/2020\/11\/Logo-PJ-New-1.png","width":150,"height":80,"caption":"PureJewels UK"},"image":{"@id":"https:\/\/www.purejewels.com\/#\/schema\/logo\/image\/"}}]}},"_links":{"self":[{"href":"https:\/\/www.purejewels.com\/tr\/wp-json\/wp\/v2\/product\/322364","targetHints":{"allow":["GET"]}}],"collection":[{"href":"https:\/\/www.purejewels.com\/tr\/wp-json\/wp\/v2\/product"}],"about":[{"href":"https:\/\/www.purejewels.com\/tr\/wp-json\/wp\/v2\/types\/product"}],"replies":[{"embeddable":true,"href":"https:\/\/www.purejewels.com\/tr\/wp-json\/wp\/v2\/comments?post=322364"}],"version-history":[{"count":0,"href":"https:\/\/www.purejewels.com\/tr\/wp-json\/wp\/v2\/product\/322364\/revisions"}],"wp:featuredmedia":[{"embeddable":true,"href":"https:\/\/www.purejewels.com\/tr\/wp-json\/wp\/v2\/media\/322363"}],"wp:attachment":[{"href":"https:\/\/www.purejewels.com\/tr\/wp-json\/wp\/v2\/media?parent=322364"}],"wp:term":[{"taxonomy":"product_brand","embeddable":true,"href":"https:\/\/www.purejewels.com\/tr\/wp-json\/wp\/v2\/product_brand?post=322364"},{"taxonomy":"product_cat","embeddable":true,"href":"https:\/\/www.purejewels.com\/tr\/wp-json\/wp\/v2\/product_cat?post=322364"},{"taxonomy":"product_tag","embeddable":true,"href":"https:\/\/www.purejewels.com\/tr\/wp-json\/wp\/v2\/product_tag?post=322364"}],"curies":[{"name":"wp","href":"https:\/\/api.w.org\/{rel}","templated":true}]}}