{"id":322544,"date":"2024-05-09T07:56:02","date_gmt":"2024-05-09T06:56:02","guid":{"rendered":"https:\/\/www.purejewels.com\/product\/22ct-gold-light-white-cz-stone-flat-earring-yger077\/"},"modified":"2026-01-06T06:59:05","modified_gmt":"2026-01-06T06:59:05","slug":"22-ayar-altin-papatya-kupe-33556","status":"publish","type":"product","link":"https:\/\/www.purejewels.com\/tr\/product\/22ct-gold-daisy-earrings-33556\/","title":{"rendered":"22 Ayar Alt\u0131n Papatya K\u00fcpe"},"content":{"rendered":"<p>PureJewels London'\u0131n bu \u00e7arp\u0131c\u0131 22 ayar alt\u0131n papatya k\u00fcpeleri, her k\u0131yafete \u015f\u0131kl\u0131k katmak i\u00e7in m\u00fckemmel bir aksesuard\u0131r. \u00c7i\u00e7ek \u015feklindeki tasar\u0131m\u0131 narin ve kad\u0131ns\u0131 bir g\u00f6r\u00fcn\u00fcm kazand\u0131rarak hem g\u00fcnl\u00fck kullan\u0131m hem de \u00f6zel g\u00fcnler i\u00e7in idealdir.<\/p>\n<p>Y\u00fcksek kaliteli 22 ayar alt\u0131ndan \u00fcretilen bu k\u00fcpeler, daha fazla dayan\u0131kl\u0131l\u0131k ve parlakl\u0131k i\u00e7in rodyum kaplamaya sahiptir. Hafif 3,3 graml\u0131k tasar\u0131m g\u00fcn boyu kullan\u0131m i\u00e7in rahatl\u0131k sa\u011flar.<\/p>\n<p>Her bir k\u00fcpe \u00e7ifti bir sunum kutusunda g\u00fczelce paketlenmi\u015f olarak gelir, bu da onlar\u0131 sevdikleriniz i\u00e7in ideal bir hediye veya kendiniz i\u00e7in bir ikram haline getirir.<\/p>\n<p>\u0130ster y\u0131ld\u00f6n\u00fcm\u00fc, ister do\u011fum g\u00fcn\u00fc, Anneler G\u00fcn\u00fc, Diwali veya Noel i\u00e7in bir hediye ar\u0131yor olun, bu papatya k\u00fcpelerin her m\u00fccevher koleksiyonuna de\u011ferli bir katk\u0131 olaca\u011f\u0131ndan emin olabilirsiniz.<\/p>\n<p>Bu zamans\u0131z ve zarif k\u00fcpeleri ka\u00e7\u0131rmay\u0131n - bug\u00fcn sipari\u015f verin ve g\u00f6r\u00fcn\u00fcm\u00fcn\u00fcze \u00e7i\u00e7ekli bir g\u00fczellik kat\u0131n.<\/p>","protected":false},"excerpt":{"rendered":"<table class=\"sh_desc\">\n<tbody>\n<tr>\n<td>K\u00fcpe T\u00fcr\u00fc<\/td>\n<td>Rodyum kaplamal\u0131 Saplama K\u00fcpe<\/td>\n<\/tr>\n<tr>\n<td>SKU<\/td>\n<td>33556<\/td>\n<\/tr>\n<tr>\n<td>A\u011f\u0131rl\u0131k<\/td>\n<td>3.3 Gms<\/td>\n<\/tr>\n<tr>\n<td>Metal<\/td>\n<td>22 Ayar Alt\u0131n<\/td>\n<\/tr>\n<tr>\n<td>\u00dccretler<\/td>\n<td>Teslimat ve KDV Dahil<\/td>\n<\/tr>\n<tr>\n<td>Paketleme<\/td>\n<td>Sunum Kutusu ile Birlikte Gelir<\/td>\n<\/tr>\n<tr>\n<td>Daha Fazla Bilgi<\/td>\n<td>M\u00fcsaitlik durumu ve daha fazla resim i\u00e7in bizimle canl\u0131 sohbet edin<\/td>\n<\/tr>\n<\/tbody>\n<\/table>","protected":false},"featured_media":3807,"comment_status":"closed","ping_status":"closed","template":"","meta":{"_eb_attr":"","_crsspst_to_jayantr4sg-hostcom":false},"product_brand":[],"product_cat":[1791,1559,1794,1793,1685,1254,5344,1570,1574,5349],"product_tag":[],"class_list":{"0":"post-322544","1":"product","2":"type-product","3":"status-publish","4":"has-post-thumbnail","6":"product_cat-anniversary-gifts","7":"product_cat-birthday-gifts","8":"product_cat-christmas-gifts","9":"product_cat-diwali-gifts","10":"product_cat-drop-earrings","11":"product_cat-gold-earrings","12":"product_cat-jewellery-under-750","13":"product_cat-mothers-day-gifts","14":"product_cat-womens-jewellery","15":"product_cat-yellow-gold-jewellery","17":"first","18":"outofstock","19":"sale","20":"taxable","21":"shipping-taxable","22":"product-type-simple","23":"add-to-wishlist-before_image"},"yoast_head":"<!-- This site is optimized with the Yoast SEO plugin v27.3 - https:\/\/yoast.com\/product\/yoast-seo-wordpress\/ -->\n<title>Flower shape earring in 22ct Gold. PureJewels London<\/title>\n<meta name=\"description\" content=\"This beautiful flower-shaped gold earring is made from 22ct gold and is perfect for everyday use and gifting. Order online for free delivery in the UK.\" \/>\n<meta name=\"robots\" content=\"index, follow, max-snippet:-1, max-image-preview:large, max-video-preview:-1\" \/>\n<link rel=\"canonical\" href=\"https:\/\/www.purejewels.com\/tr\/urun\/22-ayar-altin-papatya-kupe-33556\/\" \/>\n<meta property=\"og:locale\" content=\"tr_TR\" \/>\n<meta property=\"og:type\" content=\"article\" \/>\n<meta property=\"og:title\" content=\"Flower shape earring in 22ct Gold. PureJewels London\" \/>\n<meta property=\"og:description\" content=\"This beautiful flower-shaped gold earring is made from 22ct gold and is perfect for everyday use and gifting. Order online for free delivery in the UK.\" \/>\n<meta property=\"og:url\" content=\"https:\/\/www.purejewels.com\/tr\/urun\/22-ayar-altin-papatya-kupe-33556\/\" \/>\n<meta property=\"og:site_name\" content=\"PureJewels UK\" \/>\n<meta property=\"article:modified_time\" content=\"2026-01-06T06:59:05+00:00\" \/>\n<meta property=\"og:image\" content=\"https:\/\/www.purejewels.com\/wp-content\/uploads\/2017\/07\/earrings_21405_1100px.png\" \/>\n\t<meta property=\"og:image:width\" content=\"1100\" \/>\n\t<meta property=\"og:image:height\" content=\"1100\" \/>\n\t<meta property=\"og:image:type\" content=\"image\/png\" \/>\n<meta name=\"twitter:card\" content=\"summary_large_image\" \/>\n<meta name=\"twitter:label1\" content=\"Tahmini okuma s\u00fcresi\" \/>\n\t<meta name=\"twitter:data1\" content=\"1 dakika\" \/>\n<script type=\"application\/ld+json\" class=\"yoast-schema-graph\">{\"@context\":\"https:\\\/\\\/schema.org\",\"@graph\":[{\"@type\":[\"WebPage\",\"ItemPage\"],\"@id\":\"https:\\\/\\\/www.purejewels.com\\\/product\\\/22ct-gold-daisy-earrings-33556\\\/\",\"url\":\"https:\\\/\\\/www.purejewels.com\\\/product\\\/22ct-gold-daisy-earrings-33556\\\/\",\"name\":\"Flower shape earring in 22ct Gold. PureJewels London\",\"isPartOf\":{\"@id\":\"https:\\\/\\\/www.purejewels.com\\\/#website\"},\"primaryImageOfPage\":{\"@id\":\"https:\\\/\\\/www.purejewels.com\\\/product\\\/22ct-gold-daisy-earrings-33556\\\/#primaryimage\"},\"image\":{\"@id\":\"https:\\\/\\\/www.purejewels.com\\\/product\\\/22ct-gold-daisy-earrings-33556\\\/#primaryimage\"},\"thumbnailUrl\":\"https:\\\/\\\/static.purejewels.com\\\/wp-content\\\/uploads\\\/2017\\\/07\\\/earrings_21405_1100px.png\",\"datePublished\":\"2024-05-09T06:56:02+00:00\",\"dateModified\":\"2026-01-06T06:59:05+00:00\",\"description\":\"This beautiful flower-shaped gold earring is made from 22ct gold and is perfect for everyday use and gifting. Order online for free delivery in the UK.\",\"breadcrumb\":{\"@id\":\"https:\\\/\\\/www.purejewels.com\\\/product\\\/22ct-gold-daisy-earrings-33556\\\/#breadcrumb\"},\"inLanguage\":\"tr\",\"potentialAction\":[{\"@type\":\"ReadAction\",\"target\":[\"https:\\\/\\\/www.purejewels.com\\\/product\\\/22ct-gold-daisy-earrings-33556\\\/\"]}]},{\"@type\":\"ImageObject\",\"inLanguage\":\"tr\",\"@id\":\"https:\\\/\\\/www.purejewels.com\\\/product\\\/22ct-gold-daisy-earrings-33556\\\/#primaryimage\",\"url\":\"https:\\\/\\\/static.purejewels.com\\\/wp-content\\\/uploads\\\/2017\\\/07\\\/earrings_21405_1100px.png\",\"contentUrl\":\"https:\\\/\\\/static.purejewels.com\\\/wp-content\\\/uploads\\\/2017\\\/07\\\/earrings_21405_1100px.png\",\"width\":1100,\"height\":1100,\"caption\":\"22ct Gold earrings 30090\"},{\"@type\":\"BreadcrumbList\",\"@id\":\"https:\\\/\\\/www.purejewels.com\\\/product\\\/22ct-gold-daisy-earrings-33556\\\/#breadcrumb\",\"itemListElement\":[{\"@type\":\"ListItem\",\"position\":1,\"name\":\"Home\",\"item\":\"https:\\\/\\\/www.purejewels.com\\\/\"},{\"@type\":\"ListItem\",\"position\":2,\"name\":\"Shop\",\"item\":\"https:\\\/\\\/www.purejewels.com\\\/shop\\\/\"},{\"@type\":\"ListItem\",\"position\":3,\"name\":\"22ct Gold Daisy Earrings\"}]},{\"@type\":\"WebSite\",\"@id\":\"https:\\\/\\\/www.purejewels.com\\\/#website\",\"url\":\"https:\\\/\\\/www.purejewels.com\\\/\",\"name\":\"PureJewels UK\",\"description\":\"Share the Love\",\"publisher\":{\"@id\":\"https:\\\/\\\/www.purejewels.com\\\/#organization\"},\"potentialAction\":[{\"@type\":\"SearchAction\",\"target\":{\"@type\":\"EntryPoint\",\"urlTemplate\":\"https:\\\/\\\/www.purejewels.com\\\/?s={search_term_string}\"},\"query-input\":{\"@type\":\"PropertyValueSpecification\",\"valueRequired\":true,\"valueName\":\"search_term_string\"}}],\"inLanguage\":\"tr\"},{\"@type\":\"Organization\",\"@id\":\"https:\\\/\\\/www.purejewels.com\\\/#organization\",\"name\":\"PureJewels UK\",\"url\":\"https:\\\/\\\/www.purejewels.com\\\/\",\"logo\":{\"@type\":\"ImageObject\",\"inLanguage\":\"tr\",\"@id\":\"https:\\\/\\\/www.purejewels.com\\\/#\\\/schema\\\/logo\\\/image\\\/\",\"url\":\"https:\\\/\\\/static.purejewels.com\\\/wp-content\\\/uploads\\\/2020\\\/11\\\/Logo-PJ-New-1.png\",\"contentUrl\":\"https:\\\/\\\/static.purejewels.com\\\/wp-content\\\/uploads\\\/2020\\\/11\\\/Logo-PJ-New-1.png\",\"width\":150,\"height\":80,\"caption\":\"PureJewels UK\"},\"image\":{\"@id\":\"https:\\\/\\\/www.purejewels.com\\\/#\\\/schema\\\/logo\\\/image\\\/\"}}]}<\/script>\n<!-- \/ Yoast SEO plugin. -->","yoast_head_json":{"title":"22 ayar alt\u0131ndan \u00e7i\u00e7ek \u015feklinde k\u00fcpe. PureJewels Londra","description":"Bu g\u00fczel \u00e7i\u00e7ek \u015feklindeki alt\u0131n k\u00fcpe 22 ayar alt\u0131ndan yap\u0131lm\u0131\u015ft\u0131r ve g\u00fcnl\u00fck kullan\u0131m ve hediye i\u00e7in m\u00fckemmeldir. Birle\u015fik Krall\u0131k'ta \u00fccretsiz teslimat i\u00e7in online sipari\u015f verin.","robots":{"index":"index","follow":"follow","max-snippet":"max-snippet:-1","max-image-preview":"max-image-preview:large","max-video-preview":"max-video-preview:-1"},"canonical":"https:\/\/www.purejewels.com\/tr\/urun\/22-ayar-altin-papatya-kupe-33556\/","og_locale":"tr_TR","og_type":"article","og_title":"Flower shape earring in 22ct Gold. PureJewels London","og_description":"This beautiful flower-shaped gold earring is made from 22ct gold and is perfect for everyday use and gifting. Order online for free delivery in the UK.","og_url":"https:\/\/www.purejewels.com\/tr\/urun\/22-ayar-altin-papatya-kupe-33556\/","og_site_name":"PureJewels UK","article_modified_time":"2026-01-06T06:59:05+00:00","og_image":[{"width":1100,"height":1100,"url":"https:\/\/www.purejewels.com\/wp-content\/uploads\/2017\/07\/earrings_21405_1100px.png","type":"image\/png"}],"twitter_card":"summary_large_image","twitter_misc":{"Tahmini okuma s\u00fcresi":"1 dakika"},"schema":{"@context":"https:\/\/schema.org","@graph":[{"@type":["WebPage","ItemPage"],"@id":"https:\/\/www.purejewels.com\/product\/22ct-gold-daisy-earrings-33556\/","url":"https:\/\/www.purejewels.com\/product\/22ct-gold-daisy-earrings-33556\/","name":"22 ayar alt\u0131ndan \u00e7i\u00e7ek \u015feklinde k\u00fcpe. PureJewels Londra","isPartOf":{"@id":"https:\/\/www.purejewels.com\/#website"},"primaryImageOfPage":{"@id":"https:\/\/www.purejewels.com\/product\/22ct-gold-daisy-earrings-33556\/#primaryimage"},"image":{"@id":"https:\/\/www.purejewels.com\/product\/22ct-gold-daisy-earrings-33556\/#primaryimage"},"thumbnailUrl":"https:\/\/static.purejewels.com\/wp-content\/uploads\/2017\/07\/earrings_21405_1100px.png","datePublished":"2024-05-09T06:56:02+00:00","dateModified":"2026-01-06T06:59:05+00:00","description":"Bu g\u00fczel \u00e7i\u00e7ek \u015feklindeki alt\u0131n k\u00fcpe 22 ayar alt\u0131ndan yap\u0131lm\u0131\u015ft\u0131r ve g\u00fcnl\u00fck kullan\u0131m ve hediye i\u00e7in m\u00fckemmeldir. Birle\u015fik Krall\u0131k'ta \u00fccretsiz teslimat i\u00e7in online sipari\u015f verin.","breadcrumb":{"@id":"https:\/\/www.purejewels.com\/product\/22ct-gold-daisy-earrings-33556\/#breadcrumb"},"inLanguage":"tr","potentialAction":[{"@type":"ReadAction","target":["https:\/\/www.purejewels.com\/product\/22ct-gold-daisy-earrings-33556\/"]}]},{"@type":"ImageObject","inLanguage":"tr","@id":"https:\/\/www.purejewels.com\/product\/22ct-gold-daisy-earrings-33556\/#primaryimage","url":"https:\/\/static.purejewels.com\/wp-content\/uploads\/2017\/07\/earrings_21405_1100px.png","contentUrl":"https:\/\/static.purejewels.com\/wp-content\/uploads\/2017\/07\/earrings_21405_1100px.png","width":1100,"height":1100,"caption":"22ct Gold earrings 30090"},{"@type":"BreadcrumbList","@id":"https:\/\/www.purejewels.com\/product\/22ct-gold-daisy-earrings-33556\/#breadcrumb","itemListElement":[{"@type":"ListItem","position":1,"name":"Home","item":"https:\/\/www.purejewels.com\/"},{"@type":"ListItem","position":2,"name":"Shop","item":"https:\/\/www.purejewels.com\/shop\/"},{"@type":"ListItem","position":3,"name":"22ct Gold Daisy Earrings"}]},{"@type":"WebSite","@id":"https:\/\/www.purejewels.com\/#website","url":"https:\/\/www.purejewels.com\/","name":"PureJewels \u0130ngiltere","description":"Sevgiyi Payla\u015f\u0131n","publisher":{"@id":"https:\/\/www.purejewels.com\/#organization"},"potentialAction":[{"@type":"SearchAction","target":{"@type":"EntryPoint","urlTemplate":"https:\/\/www.purejewels.com\/?s={search_term_string}"},"query-input":{"@type":"PropertyValueSpecification","valueRequired":true,"valueName":"search_term_string"}}],"inLanguage":"tr"},{"@type":"Organization","@id":"https:\/\/www.purejewels.com\/#organization","name":"PureJewels \u0130ngiltere","url":"https:\/\/www.purejewels.com\/","logo":{"@type":"ImageObject","inLanguage":"tr","@id":"https:\/\/www.purejewels.com\/#\/schema\/logo\/image\/","url":"https:\/\/static.purejewels.com\/wp-content\/uploads\/2020\/11\/Logo-PJ-New-1.png","contentUrl":"https:\/\/static.purejewels.com\/wp-content\/uploads\/2020\/11\/Logo-PJ-New-1.png","width":150,"height":80,"caption":"PureJewels UK"},"image":{"@id":"https:\/\/www.purejewels.com\/#\/schema\/logo\/image\/"}}]}},"_links":{"self":[{"href":"https:\/\/www.purejewels.com\/tr\/wp-json\/wp\/v2\/product\/322544","targetHints":{"allow":["GET"]}}],"collection":[{"href":"https:\/\/www.purejewels.com\/tr\/wp-json\/wp\/v2\/product"}],"about":[{"href":"https:\/\/www.purejewels.com\/tr\/wp-json\/wp\/v2\/types\/product"}],"replies":[{"embeddable":true,"href":"https:\/\/www.purejewels.com\/tr\/wp-json\/wp\/v2\/comments?post=322544"}],"version-history":[{"count":2,"href":"https:\/\/www.purejewels.com\/tr\/wp-json\/wp\/v2\/product\/322544\/revisions"}],"predecessor-version":[{"id":420707,"href":"https:\/\/www.purejewels.com\/tr\/wp-json\/wp\/v2\/product\/322544\/revisions\/420707"}],"wp:featuredmedia":[{"embeddable":true,"href":"https:\/\/www.purejewels.com\/tr\/wp-json\/wp\/v2\/media\/3807"}],"wp:attachment":[{"href":"https:\/\/www.purejewels.com\/tr\/wp-json\/wp\/v2\/media?parent=322544"}],"wp:term":[{"taxonomy":"product_brand","embeddable":true,"href":"https:\/\/www.purejewels.com\/tr\/wp-json\/wp\/v2\/product_brand?post=322544"},{"taxonomy":"product_cat","embeddable":true,"href":"https:\/\/www.purejewels.com\/tr\/wp-json\/wp\/v2\/product_cat?post=322544"},{"taxonomy":"product_tag","embeddable":true,"href":"https:\/\/www.purejewels.com\/tr\/wp-json\/wp\/v2\/product_tag?post=322544"}],"curies":[{"name":"wp","href":"https:\/\/api.w.org\/{rel}","templated":true}]}}