{"id":322606,"date":"2021-02-26T11:18:55","date_gmt":"2021-02-26T11:18:55","guid":{"rendered":"https:\/\/www.purejewels.com\/?post_type=product&#038;p=322606"},"modified":"2025-08-05T08:49:09","modified_gmt":"2025-08-05T07:49:09","slug":"22-ayar-altin-spiga-zincir-33645","status":"publish","type":"product","link":"https:\/\/www.purejewels.com\/tr\/product\/22ct-gold-spiga-chain-33645\/","title":{"rendered":"22 Ayar Alt\u0131n | Spiga Zincir | 22 \u0130n\u00e7 | 1,6mm Kal\u0131nl\u0131k"},"content":{"rendered":"<h3><b>\u0130lham kayna\u011f\u0131<\/b><\/h3>\n<p><span style=\"font-weight: 400;\">Spiga alt\u0131n zinciri halk aras\u0131nda bu\u011fday zinciri olarak da bilinir. Bu karma\u015f\u0131k dokuma <a href=\"https:\/\/www.purejewels.com\/tr\/product-category\/22ct-gold-jewellery\/gold-chains\/\">Zincirler<\/a> bulmak \u00e7ok yayg\u0131n de\u011fildir ve yaln\u0131zca en deneyimli karigarlar taraf\u0131ndan \u00fcretilebilir. \u00c7ok y\u00f6nl\u00fcd\u00fcrler ve bu nedenle giydi\u011finiz hemen hemen her \u015feyle stil olu\u015fturmak kolayd\u0131r ve hem erkekler hem de kad\u0131nlar i\u00e7indir.<\/span><\/p>\n<h3><b>Tasar\u0131m<\/b><\/h3>\n<p><span style=\"font-weight: 400;\">Purejewels'in bu alt\u0131n Spiga zincir kolyesi, \u015f\u0131k bir g\u00f6r\u00fcn\u00fcm\u00fcn yan\u0131 s\u0131ra karma\u015f\u0131k bir tasar\u0131ma sahiptir ve b\u00fck\u00fclm\u00fc\u015f oval d\u00f6rt halkan\u0131n birbirine ba\u011flanmas\u0131yla elde \u00fcretilmi\u015ftir. <a href=\"https:\/\/www.purejewels.com\/tr\/product-category\/22ct-gold-jewellery\/gold-rings\/\">halkalar<\/a>. Zarif yap\u0131s\u0131n\u0131, siluetini ve \u00f6rg\u00fcl\u00fc g\u00f6r\u00fcn\u00fcm\u00fcn\u00fc elde etmek i\u00e7in halkalar son derece hassas bir \u015fekilde birbirine \u00f6r\u00fclm\u00fc\u015ft\u00fcr. Bu 22 in\u00e7 uzunlu\u011fundaki Spiga zincir, 22 ayar alt\u0131ndan \u00fcretilmi\u015ftir ve 1,6 milimetrelik hassas kal\u0131nl\u0131\u011f\u0131 ve yakla\u015f\u0131k 10,9 gram a\u011f\u0131rl\u0131\u011f\u0131yla boynunuza g\u00fczelce oturur.<\/span><\/p>\n<p>&nbsp;<\/p>\n<h3><b>Stil<\/b><\/h3>\n<p><span style=\"font-weight: 400;\">Spiga alt\u0131n zincirimiz, tek ba\u015f\u0131na durabilen ve parlamak i\u00e7in ba\u015fka hi\u00e7bir \u015feye ihtiya\u00e7 duymayan g\u00fc\u00e7l\u00fc bir g\u00f6r\u00fcn\u00fcme sahip oldu\u011fu i\u00e7in bir kolye ucuna veya di\u011fer zincirlere ihtiya\u00e7 duymaz. Kaplumba\u011fa yaka \u00fcstler, blazer ceketler, y\u00fcksek yakal\u0131 y\u00fcnl\u00fcler ve hatta sare ve kurta gibi Hint k\u0131yafetlerinizle m\u00fckemmel uyum sa\u011flar, evet bu kadar \u00e7ok y\u00f6nl\u00fc, narin ve \u015fekillendirmesi kolayd\u0131r.<\/span><\/p>","protected":false},"excerpt":{"rendered":"<div class=\"woocommerce-product-details__short-description\">\n<ul>\n<li>22 Ayar Alt\u0131n Spiga Zincir<\/li>\n<li>A\u011f\u0131rl\u0131k 10.9 gms<\/li>\n<li>Uzunluk: 22 in\u00e7<\/li>\n<li>Kal\u0131nl\u0131k 1,6 mm<\/li>\n<li>SKU. 33645<\/li>\n<li>Bu sa\u011flam bir zincir<\/li>\n<li>T\u00fcm fiyatlara KDV dahildir<\/li>\n<li>Londra Tahlil Ofisi Taraf\u0131ndan Damgalanm\u0131\u015f 22 Ayar Alt\u0131n<\/li>\n<li>Sunum Kutusu ile Birlikte Gelir<\/li>\n<li>Teslimat Dahil<\/li>\n<li>Bize ula\u015f\u0131n \/ Bizimle canl\u0131 sohbet edin M\u00fccevher Koleksiyonu videosu i\u00e7in<\/li>\n<\/ul>\n<\/div>\n<div class=\"btn-atc atc-slide\"><\/div>\n<div class=\"product_meta\"><\/div>","protected":false},"featured_media":327527,"comment_status":"closed","ping_status":"closed","template":"","meta":{"_eb_attr":"","_crsspst_to_jayantr4sg-hostcom":false},"product_brand":[],"product_cat":[5016,5019,1791,1559,1571,1475,1773,1572,1774,1570,1574],"product_tag":[3990,65],"class_list":{"0":"post-322606","1":"product","2":"type-product","3":"status-publish","4":"has-post-thumbnail","6":"product_cat-22-inch-ladies-chain","7":"product_cat-22-inch-mens-chain","8":"product_cat-anniversary-gifts","9":"product_cat-birthday-gifts","10":"product_cat-fathers-day-gifts","11":"product_cat-gold-chains","12":"product_cat-ladies-chains","13":"product_cat-mens-jewellery","14":"product_cat-mens-chains","15":"product_cat-mothers-day-gifts","16":"product_cat-womens-jewellery","17":"product_tag-22-carat-gold-chain","18":"product_tag-chains","20":"first","21":"onbackorder","22":"taxable","23":"shipping-taxable","24":"product-type-simple","25":"add-to-wishlist-before_image"},"yoast_head":"<!-- This site is optimized with the Yoast SEO plugin v27.5 - https:\/\/yoast.com\/product\/yoast-seo-wordpress\/ -->\n<title>Shop this divine 22ct Gold Foxtail Chain at PureJewels UK.<\/title>\n<meta name=\"description\" content=\"Shop the charming 22ct Gold Foxtail chain in the UK. Designed to match your lifestyle. Fast delivery &amp; easy returns.\" \/>\n<meta name=\"robots\" content=\"index, follow, max-snippet:-1, max-image-preview:large, max-video-preview:-1\" \/>\n<link rel=\"canonical\" href=\"https:\/\/www.purejewels.com\/tr\/urun\/22-ayar-altin-spiga-zincir-33645\/\" \/>\n<meta property=\"og:locale\" content=\"tr_TR\" \/>\n<meta property=\"og:type\" content=\"article\" \/>\n<meta property=\"og:title\" content=\"Shop this divine 22ct Gold Foxtail Chain at PureJewels UK.\" \/>\n<meta property=\"og:description\" content=\"Shop the charming 22ct Gold Foxtail chain in the UK. Designed to match your lifestyle. Fast delivery &amp; easy returns.\" \/>\n<meta property=\"og:url\" content=\"https:\/\/www.purejewels.com\/tr\/urun\/22-ayar-altin-spiga-zincir-33645\/\" \/>\n<meta property=\"og:site_name\" content=\"PureJewels UK\" \/>\n<meta property=\"article:modified_time\" content=\"2025-08-05T07:49:09+00:00\" \/>\n<meta property=\"og:image\" content=\"https:\/\/www.purejewels.com\/wp-content\/uploads\/2020\/02\/31814-1.jpg\" \/>\n\t<meta property=\"og:image:width\" content=\"1000\" \/>\n\t<meta property=\"og:image:height\" content=\"1000\" \/>\n\t<meta property=\"og:image:type\" content=\"image\/jpeg\" \/>\n<meta name=\"twitter:card\" content=\"summary_large_image\" \/>\n<meta name=\"twitter:label1\" content=\"Tahmini okuma s\u00fcresi\" \/>\n\t<meta name=\"twitter:data1\" content=\"1 dakika\" \/>\n<script type=\"application\/ld+json\" class=\"yoast-schema-graph\">{\"@context\":\"https:\\\/\\\/schema.org\",\"@graph\":[{\"@type\":[\"WebPage\",\"ItemPage\"],\"@id\":\"https:\\\/\\\/www.purejewels.com\\\/product\\\/22ct-gold-spiga-chain-33645\\\/\",\"url\":\"https:\\\/\\\/www.purejewels.com\\\/product\\\/22ct-gold-spiga-chain-33645\\\/\",\"name\":\"Shop this divine 22ct Gold Foxtail Chain at PureJewels UK.\",\"isPartOf\":{\"@id\":\"https:\\\/\\\/www.purejewels.com\\\/#website\"},\"primaryImageOfPage\":{\"@id\":\"https:\\\/\\\/www.purejewels.com\\\/product\\\/22ct-gold-spiga-chain-33645\\\/#primaryimage\"},\"image\":{\"@id\":\"https:\\\/\\\/www.purejewels.com\\\/product\\\/22ct-gold-spiga-chain-33645\\\/#primaryimage\"},\"thumbnailUrl\":\"https:\\\/\\\/static.purejewels.com\\\/wp-content\\\/uploads\\\/2020\\\/02\\\/31814-1.jpg\",\"datePublished\":\"2021-02-26T11:18:55+00:00\",\"dateModified\":\"2025-08-05T07:49:09+00:00\",\"description\":\"Shop the charming 22ct Gold Foxtail chain in the UK. Designed to match your lifestyle. Fast delivery & easy returns.\",\"breadcrumb\":{\"@id\":\"https:\\\/\\\/www.purejewels.com\\\/product\\\/22ct-gold-spiga-chain-33645\\\/#breadcrumb\"},\"inLanguage\":\"tr\",\"potentialAction\":[{\"@type\":\"ReadAction\",\"target\":[\"https:\\\/\\\/www.purejewels.com\\\/product\\\/22ct-gold-spiga-chain-33645\\\/\"]}]},{\"@type\":\"ImageObject\",\"inLanguage\":\"tr\",\"@id\":\"https:\\\/\\\/www.purejewels.com\\\/product\\\/22ct-gold-spiga-chain-33645\\\/#primaryimage\",\"url\":\"https:\\\/\\\/static.purejewels.com\\\/wp-content\\\/uploads\\\/2020\\\/02\\\/31814-1.jpg\",\"contentUrl\":\"https:\\\/\\\/static.purejewels.com\\\/wp-content\\\/uploads\\\/2020\\\/02\\\/31814-1.jpg\",\"width\":1000,\"height\":1000,\"caption\":\"22ct Gold Spiga Chain 31814-1\"},{\"@type\":\"BreadcrumbList\",\"@id\":\"https:\\\/\\\/www.purejewels.com\\\/product\\\/22ct-gold-spiga-chain-33645\\\/#breadcrumb\",\"itemListElement\":[{\"@type\":\"ListItem\",\"position\":1,\"name\":\"Home\",\"item\":\"https:\\\/\\\/www.purejewels.com\\\/\"},{\"@type\":\"ListItem\",\"position\":2,\"name\":\"Shop\",\"item\":\"https:\\\/\\\/www.purejewels.com\\\/shop\\\/\"},{\"@type\":\"ListItem\",\"position\":3,\"name\":\"22ct Gold | Spiga Chain | 22 Inches | 1.6mm Thick\"}]},{\"@type\":\"WebSite\",\"@id\":\"https:\\\/\\\/www.purejewels.com\\\/#website\",\"url\":\"https:\\\/\\\/www.purejewels.com\\\/\",\"name\":\"PureJewels UK\",\"description\":\"Share the Love\",\"publisher\":{\"@id\":\"https:\\\/\\\/www.purejewels.com\\\/#organization\"},\"potentialAction\":[{\"@type\":\"SearchAction\",\"target\":{\"@type\":\"EntryPoint\",\"urlTemplate\":\"https:\\\/\\\/www.purejewels.com\\\/?s={search_term_string}\"},\"query-input\":{\"@type\":\"PropertyValueSpecification\",\"valueRequired\":true,\"valueName\":\"search_term_string\"}}],\"inLanguage\":\"tr\"},{\"@type\":\"Organization\",\"@id\":\"https:\\\/\\\/www.purejewels.com\\\/#organization\",\"name\":\"PureJewels UK\",\"url\":\"https:\\\/\\\/www.purejewels.com\\\/\",\"logo\":{\"@type\":\"ImageObject\",\"inLanguage\":\"tr\",\"@id\":\"https:\\\/\\\/www.purejewels.com\\\/#\\\/schema\\\/logo\\\/image\\\/\",\"url\":\"https:\\\/\\\/static.purejewels.com\\\/wp-content\\\/uploads\\\/2020\\\/11\\\/Logo-PJ-New-1.png\",\"contentUrl\":\"https:\\\/\\\/static.purejewels.com\\\/wp-content\\\/uploads\\\/2020\\\/11\\\/Logo-PJ-New-1.png\",\"width\":150,\"height\":80,\"caption\":\"PureJewels UK\"},\"image\":{\"@id\":\"https:\\\/\\\/www.purejewels.com\\\/#\\\/schema\\\/logo\\\/image\\\/\"}}]}<\/script>\n<!-- \/ Yoast SEO plugin. -->","yoast_head_json":{"title":"PureJewels UK'de bu muhte\u015fem 22 Ayar Alt\u0131n Tilki Kuyru\u011fu Zinciri'ni sat\u0131n al\u0131n.","description":"Birle\u015fik Krall\u0131k'ta b\u00fcy\u00fcleyici 22 Ayar Alt\u0131n Tilki Kuyru\u011fu zincirini sat\u0131n al\u0131n. Ya\u015fam tarz\u0131n\u0131za uyacak \u015fekilde tasarland\u0131. H\u0131zl\u0131 teslimat ve kolay iade.","robots":{"index":"index","follow":"follow","max-snippet":"max-snippet:-1","max-image-preview":"max-image-preview:large","max-video-preview":"max-video-preview:-1"},"canonical":"https:\/\/www.purejewels.com\/tr\/urun\/22-ayar-altin-spiga-zincir-33645\/","og_locale":"tr_TR","og_type":"article","og_title":"Shop this divine 22ct Gold Foxtail Chain at PureJewels UK.","og_description":"Shop the charming 22ct Gold Foxtail chain in the UK. Designed to match your lifestyle. Fast delivery & easy returns.","og_url":"https:\/\/www.purejewels.com\/tr\/urun\/22-ayar-altin-spiga-zincir-33645\/","og_site_name":"PureJewels UK","article_modified_time":"2025-08-05T07:49:09+00:00","og_image":[{"width":1000,"height":1000,"url":"https:\/\/www.purejewels.com\/wp-content\/uploads\/2020\/02\/31814-1.jpg","type":"image\/jpeg"}],"twitter_card":"summary_large_image","twitter_misc":{"Tahmini okuma s\u00fcresi":"1 dakika"},"schema":{"@context":"https:\/\/schema.org","@graph":[{"@type":["WebPage","ItemPage"],"@id":"https:\/\/www.purejewels.com\/product\/22ct-gold-spiga-chain-33645\/","url":"https:\/\/www.purejewels.com\/product\/22ct-gold-spiga-chain-33645\/","name":"PureJewels UK'de bu muhte\u015fem 22 Ayar Alt\u0131n Tilki Kuyru\u011fu Zinciri'ni sat\u0131n al\u0131n.","isPartOf":{"@id":"https:\/\/www.purejewels.com\/#website"},"primaryImageOfPage":{"@id":"https:\/\/www.purejewels.com\/product\/22ct-gold-spiga-chain-33645\/#primaryimage"},"image":{"@id":"https:\/\/www.purejewels.com\/product\/22ct-gold-spiga-chain-33645\/#primaryimage"},"thumbnailUrl":"https:\/\/static.purejewels.com\/wp-content\/uploads\/2020\/02\/31814-1.jpg","datePublished":"2021-02-26T11:18:55+00:00","dateModified":"2025-08-05T07:49:09+00:00","description":"Birle\u015fik Krall\u0131k'ta b\u00fcy\u00fcleyici 22 Ayar Alt\u0131n Tilki Kuyru\u011fu zincirini sat\u0131n al\u0131n. Ya\u015fam tarz\u0131n\u0131za uyacak \u015fekilde tasarland\u0131. H\u0131zl\u0131 teslimat ve kolay iade.","breadcrumb":{"@id":"https:\/\/www.purejewels.com\/product\/22ct-gold-spiga-chain-33645\/#breadcrumb"},"inLanguage":"tr","potentialAction":[{"@type":"ReadAction","target":["https:\/\/www.purejewels.com\/product\/22ct-gold-spiga-chain-33645\/"]}]},{"@type":"ImageObject","inLanguage":"tr","@id":"https:\/\/www.purejewels.com\/product\/22ct-gold-spiga-chain-33645\/#primaryimage","url":"https:\/\/static.purejewels.com\/wp-content\/uploads\/2020\/02\/31814-1.jpg","contentUrl":"https:\/\/static.purejewels.com\/wp-content\/uploads\/2020\/02\/31814-1.jpg","width":1000,"height":1000,"caption":"22ct Gold Spiga Chain 31814-1"},{"@type":"BreadcrumbList","@id":"https:\/\/www.purejewels.com\/product\/22ct-gold-spiga-chain-33645\/#breadcrumb","itemListElement":[{"@type":"ListItem","position":1,"name":"Home","item":"https:\/\/www.purejewels.com\/"},{"@type":"ListItem","position":2,"name":"Shop","item":"https:\/\/www.purejewels.com\/shop\/"},{"@type":"ListItem","position":3,"name":"22ct Gold | Spiga Chain | 22 Inches | 1.6mm Thick"}]},{"@type":"WebSite","@id":"https:\/\/www.purejewels.com\/#website","url":"https:\/\/www.purejewels.com\/","name":"PureJewels \u0130ngiltere","description":"Sevgiyi Payla\u015f\u0131n","publisher":{"@id":"https:\/\/www.purejewels.com\/#organization"},"potentialAction":[{"@type":"SearchAction","target":{"@type":"EntryPoint","urlTemplate":"https:\/\/www.purejewels.com\/?s={search_term_string}"},"query-input":{"@type":"PropertyValueSpecification","valueRequired":true,"valueName":"search_term_string"}}],"inLanguage":"tr"},{"@type":"Organization","@id":"https:\/\/www.purejewels.com\/#organization","name":"PureJewels \u0130ngiltere","url":"https:\/\/www.purejewels.com\/","logo":{"@type":"ImageObject","inLanguage":"tr","@id":"https:\/\/www.purejewels.com\/#\/schema\/logo\/image\/","url":"https:\/\/static.purejewels.com\/wp-content\/uploads\/2020\/11\/Logo-PJ-New-1.png","contentUrl":"https:\/\/static.purejewels.com\/wp-content\/uploads\/2020\/11\/Logo-PJ-New-1.png","width":150,"height":80,"caption":"PureJewels UK"},"image":{"@id":"https:\/\/www.purejewels.com\/#\/schema\/logo\/image\/"}}]}},"_links":{"self":[{"href":"https:\/\/www.purejewels.com\/tr\/wp-json\/wp\/v2\/product\/322606","targetHints":{"allow":["GET"]}}],"collection":[{"href":"https:\/\/www.purejewels.com\/tr\/wp-json\/wp\/v2\/product"}],"about":[{"href":"https:\/\/www.purejewels.com\/tr\/wp-json\/wp\/v2\/types\/product"}],"replies":[{"embeddable":true,"href":"https:\/\/www.purejewels.com\/tr\/wp-json\/wp\/v2\/comments?post=322606"}],"version-history":[{"count":2,"href":"https:\/\/www.purejewels.com\/tr\/wp-json\/wp\/v2\/product\/322606\/revisions"}],"predecessor-version":[{"id":370864,"href":"https:\/\/www.purejewels.com\/tr\/wp-json\/wp\/v2\/product\/322606\/revisions\/370864"}],"wp:featuredmedia":[{"embeddable":true,"href":"https:\/\/www.purejewels.com\/tr\/wp-json\/wp\/v2\/media\/327527"}],"wp:attachment":[{"href":"https:\/\/www.purejewels.com\/tr\/wp-json\/wp\/v2\/media?parent=322606"}],"wp:term":[{"taxonomy":"product_brand","embeddable":true,"href":"https:\/\/www.purejewels.com\/tr\/wp-json\/wp\/v2\/product_brand?post=322606"},{"taxonomy":"product_cat","embeddable":true,"href":"https:\/\/www.purejewels.com\/tr\/wp-json\/wp\/v2\/product_cat?post=322606"},{"taxonomy":"product_tag","embeddable":true,"href":"https:\/\/www.purejewels.com\/tr\/wp-json\/wp\/v2\/product_tag?post=322606"}],"curies":[{"name":"wp","href":"https:\/\/api.w.org\/{rel}","templated":true}]}}