{"id":322615,"date":"2021-02-26T12:49:09","date_gmt":"2021-02-26T12:49:09","guid":{"rendered":"https:\/\/www.purejewels.com\/?post_type=product&#038;p=322615"},"modified":"2026-01-07T10:47:38","modified_gmt":"2026-01-07T10:47:38","slug":"22-ayar-altin-mangalsutra-31896","status":"publish","type":"product","link":"https:\/\/www.purejewels.com\/tr\/product\/22ct-gold-mangalsutra-31896\/","title":{"rendered":"Kad\u0131nlar i\u00e7in 22 ayar alt\u0131n mangalsutra zincir kolye"},"content":{"rendered":"<p><strong>Tasar\u0131m:<\/strong><br \/>\nG\u00f6r\u00fcn\u00fc\u015f\u00fc minimalist ancak sembolizm a\u00e7\u0131s\u0131ndan zengin olan bu mangalsutra zinciri, ortas\u0131nda alt\u0131n renkli k\u00fcresel boncuklarla birbirine ba\u011flanm\u0131\u015f ikonik siyah boncuklara sahiptir. Odak noktas\u0131, merkez par\u00e7an\u0131n her iki yan\u0131ndaki ikili alt\u0131n motiflerdir. Bu motifler, aksi takdirde \u015f\u0131k bir profile sahip olan bu tak\u0131ya kutsal bir sanat eseri havas\u0131 katmaktad\u0131r.<\/p>\n<p><strong>\u0130\u015f\u00e7ilik:<\/strong><br \/>\nSaf 22 ayar sar\u0131 alt\u0131ndan \u00fcretilen mangalsutra, hafif olmas\u0131 i\u00e7in tasarlanm\u0131\u015ft\u0131r ve bu \u00f6zelli\u011fi sayesinde t\u00fcm g\u00fcn boyunca tak\u0131lmaya uygundur. Alt\u0131n boncuk i\u015f\u00e7ili\u011findeki detaylar ince ve hassast\u0131r. Geleneksel motiflerin dengeli kullan\u0131m\u0131 ve yap\u0131sal b\u00fct\u00fcnl\u00fck, dayan\u0131kl\u0131l\u0131\u011f\u0131 garanti eder.<\/p>\n<p><strong>Stil:<\/strong><br \/>\n\u0130nce gelenekleri tercih eden kad\u0131nlar i\u00e7in m\u00fckemmel olan bu mangalsutra, hem etnik hem de \u00e7a\u011fda\u015f k\u0131yafetleri tamamlar. Zarif ve sade tasar\u0131m\u0131, yeni evliler, \u00e7al\u0131\u015fan profesyoneller veya mangalsutray\u0131 zarif ve modern bir \u015fekilde takmay\u0131 seven herkes i\u00e7in idealdir.<\/p>","protected":false},"excerpt":{"rendered":"<p>Bu 22 ayar alt\u0131n mangalsutra zinciri, geleneksel siyah boncuklar ve zarif bir orta alt\u0131n boncuk ba\u011flant\u0131s\u0131 ile g\u00fcnl\u00fck \u015f\u0131kl\u0131k ve manevi anlam i\u00e7in idealdir.<\/p>\n<ul>\n<li>22ct Hint\u00a0<span id=\"urn:enhancement-8fe9ef2f\" class=\"textannotation\">Alt\u0131n<\/span>\u00a0<span id=\"urn:enhancement-a7e73aed\" class=\"textannotation\">Mangalsutra<\/span><\/li>\n<li><span id=\"urn:enhancement-9fb49e6b\" class=\"textannotation\">A\u011f\u0131rl\u0131k<\/span>: 4.8 gm<\/li>\n<li><span id=\"urn:enhancement-da21df27\" class=\"textannotation\">Uzunluk<\/span>: 16 <span id=\"urn:enhancement-4df06e9a\" class=\"textannotation\">\u0130n\u00e7<\/span><\/li>\n<li><span id=\"urn:enhancement-42f50d9\" class=\"textannotation\">SKU<\/span>. 31896<\/li>\n<li>T\u00fcm\u00fc\u00a0<span id=\"urn:enhancement-7aa16939\" class=\"textannotation\">fiyatlar<\/span>\u00a0\u015funlar\u0131 i\u00e7erir\u00a0<span id=\"urn:enhancement-aa7eb6aa\" class=\"textannotation\">KDV<\/span><\/li>\n<li>22ct\u00a0<span id=\"urn:enhancement-4166acaf\" class=\"textannotation\">Alt\u0131n<\/span>\u00a0Taraf\u0131ndan damgalanm\u0131\u015ft\u0131r\u00a0<span id=\"urn:enhancement-3907948a\" class=\"textannotation\">Londra<\/span>\u00a0<span id=\"urn:enhancement-93bf9ff9\" class=\"textannotation\">Tahlil Ofisi<\/span><\/li>\n<li>Sunum Kutusu ile Birlikte Gelir<\/li>\n<li>Teslimat Dahil<\/li>\n<li>Canl\u0131\u00a0<span id=\"urn:enhancement-16692379\" class=\"textannotation\">sohbet<\/span>\u00a0i\u00e7in bizimle\u00a0<span id=\"urn:enhancement-301651ba\" class=\"textannotation\">kullan\u0131labilirlik<\/span>\u00a0ve benzer tasar\u0131mlar\u0131n daha fazla g\u00f6r\u00fcnt\u00fcs\u00fc \u015fu anda\u00a0<span id=\"urn:enhancement-973de0cb\" class=\"textannotation\">stok<\/span><\/li>\n<\/ul>","protected":false},"featured_media":318204,"comment_status":"closed","ping_status":"closed","template":"","meta":{"_eb_attr":"","_crsspst_to_jayantr4sg-hostcom":false},"product_brand":[],"product_cat":[1791,1559,1775,1793,3628,1229,1284,1776,1574],"product_tag":[],"class_list":{"0":"post-322615","1":"product","2":"type-product","3":"status-publish","4":"has-post-thumbnail","6":"product_cat-anniversary-gifts","7":"product_cat-birthday-gifts","8":"product_cat-daily-wear-mangalsutras","9":"product_cat-diwali-gifts","10":"product_cat-glow-collections","11":"product_cat-22ct-gold-jewellery","12":"product_cat-gold-mangalsutras","13":"product_cat-occasional-wear-mangalsutras","14":"product_cat-womens-jewellery","16":"first","17":"outofstock","18":"taxable","19":"shipping-taxable","20":"product-type-simple","21":"add-to-wishlist-before_image"},"yoast_head":"<!-- This site is optimized with the Yoast SEO plugin v27.5 - https:\/\/yoast.com\/product\/yoast-seo-wordpress\/ -->\n<title>22ct Gold Mangalsutra Chain | Traditional Gold Mangalsutra in UK<\/title>\n<meta name=\"description\" content=\"A simple and elegant 22ct gold mangalsutra chain necklace, perfect for daily wear. Traditional design with symbolic black beads and gold detailing.\" \/>\n<meta name=\"robots\" content=\"index, follow, max-snippet:-1, max-image-preview:large, max-video-preview:-1\" \/>\n<link rel=\"canonical\" href=\"https:\/\/www.purejewels.com\/tr\/urun\/22-ayar-altin-mangalsutra-31896\/\" \/>\n<meta property=\"og:locale\" content=\"tr_TR\" \/>\n<meta property=\"og:type\" content=\"article\" \/>\n<meta property=\"og:title\" content=\"22ct Gold Mangalsutra Chain | Traditional Gold Mangalsutra in UK\" \/>\n<meta property=\"og:description\" content=\"A simple and elegant 22ct gold mangalsutra chain necklace, perfect for daily wear. Traditional design with symbolic black beads and gold detailing.\" \/>\n<meta property=\"og:url\" content=\"https:\/\/www.purejewels.com\/tr\/urun\/22-ayar-altin-mangalsutra-31896\/\" \/>\n<meta property=\"og:site_name\" content=\"PureJewels UK\" \/>\n<meta property=\"article:modified_time\" content=\"2026-01-07T10:47:38+00:00\" \/>\n<meta property=\"og:image\" content=\"https:\/\/static.purejewels.com\/wp-content\/uploads\/2020\/10\/image187463412.jpg\" \/>\n\t<meta property=\"og:image:width\" content=\"1000\" \/>\n\t<meta property=\"og:image:height\" content=\"1000\" \/>\n\t<meta property=\"og:image:type\" content=\"image\/jpeg\" \/>\n<meta name=\"twitter:card\" content=\"summary_large_image\" \/>\n<meta name=\"twitter:label1\" content=\"Tahmini okuma s\u00fcresi\" \/>\n\t<meta name=\"twitter:data1\" content=\"1 dakika\" \/>\n<script type=\"application\/ld+json\" class=\"yoast-schema-graph\">{\"@context\":\"https:\\\/\\\/schema.org\",\"@graph\":[{\"@type\":[\"WebPage\",\"ItemPage\"],\"@id\":\"https:\\\/\\\/www.purejewels.com\\\/product\\\/22ct-gold-mangalsutra-31896\\\/\",\"url\":\"https:\\\/\\\/www.purejewels.com\\\/product\\\/22ct-gold-mangalsutra-31896\\\/\",\"name\":\"22ct Gold Mangalsutra Chain | Traditional Gold Mangalsutra in UK\",\"isPartOf\":{\"@id\":\"https:\\\/\\\/www.purejewels.com\\\/#website\"},\"primaryImageOfPage\":{\"@id\":\"https:\\\/\\\/www.purejewels.com\\\/product\\\/22ct-gold-mangalsutra-31896\\\/#primaryimage\"},\"image\":{\"@id\":\"https:\\\/\\\/www.purejewels.com\\\/product\\\/22ct-gold-mangalsutra-31896\\\/#primaryimage\"},\"thumbnailUrl\":\"https:\\\/\\\/static.purejewels.com\\\/wp-content\\\/uploads\\\/2020\\\/10\\\/image187463412.jpg\",\"datePublished\":\"2021-02-26T12:49:09+00:00\",\"dateModified\":\"2026-01-07T10:47:38+00:00\",\"description\":\"A simple and elegant 22ct gold mangalsutra chain necklace, perfect for daily wear. Traditional design with symbolic black beads and gold detailing.\",\"breadcrumb\":{\"@id\":\"https:\\\/\\\/www.purejewels.com\\\/product\\\/22ct-gold-mangalsutra-31896\\\/#breadcrumb\"},\"inLanguage\":\"tr\",\"potentialAction\":[{\"@type\":\"ReadAction\",\"target\":[\"https:\\\/\\\/www.purejewels.com\\\/product\\\/22ct-gold-mangalsutra-31896\\\/\"]}]},{\"@type\":\"ImageObject\",\"inLanguage\":\"tr\",\"@id\":\"https:\\\/\\\/www.purejewels.com\\\/product\\\/22ct-gold-mangalsutra-31896\\\/#primaryimage\",\"url\":\"https:\\\/\\\/static.purejewels.com\\\/wp-content\\\/uploads\\\/2020\\\/10\\\/image187463412.jpg\",\"contentUrl\":\"https:\\\/\\\/static.purejewels.com\\\/wp-content\\\/uploads\\\/2020\\\/10\\\/image187463412.jpg\",\"width\":1000,\"height\":1000,\"caption\":\"22ct Gold Mangalsutra Single line Chain YGMG105\"},{\"@type\":\"BreadcrumbList\",\"@id\":\"https:\\\/\\\/www.purejewels.com\\\/product\\\/22ct-gold-mangalsutra-31896\\\/#breadcrumb\",\"itemListElement\":[{\"@type\":\"ListItem\",\"position\":1,\"name\":\"Home\",\"item\":\"https:\\\/\\\/www.purejewels.com\\\/\"},{\"@type\":\"ListItem\",\"position\":2,\"name\":\"Shop\",\"item\":\"https:\\\/\\\/www.purejewels.com\\\/shop\\\/\"},{\"@type\":\"ListItem\",\"position\":3,\"name\":\"22ct Gold Mangalsutra Chain Necklace for Women\"}]},{\"@type\":\"WebSite\",\"@id\":\"https:\\\/\\\/www.purejewels.com\\\/#website\",\"url\":\"https:\\\/\\\/www.purejewels.com\\\/\",\"name\":\"PureJewels UK\",\"description\":\"Share the Love\",\"publisher\":{\"@id\":\"https:\\\/\\\/www.purejewels.com\\\/#organization\"},\"potentialAction\":[{\"@type\":\"SearchAction\",\"target\":{\"@type\":\"EntryPoint\",\"urlTemplate\":\"https:\\\/\\\/www.purejewels.com\\\/?s={search_term_string}\"},\"query-input\":{\"@type\":\"PropertyValueSpecification\",\"valueRequired\":true,\"valueName\":\"search_term_string\"}}],\"inLanguage\":\"tr\"},{\"@type\":\"Organization\",\"@id\":\"https:\\\/\\\/www.purejewels.com\\\/#organization\",\"name\":\"PureJewels UK\",\"url\":\"https:\\\/\\\/www.purejewels.com\\\/\",\"logo\":{\"@type\":\"ImageObject\",\"inLanguage\":\"tr\",\"@id\":\"https:\\\/\\\/www.purejewels.com\\\/#\\\/schema\\\/logo\\\/image\\\/\",\"url\":\"https:\\\/\\\/static.purejewels.com\\\/wp-content\\\/uploads\\\/2020\\\/11\\\/Logo-PJ-New-1.png\",\"contentUrl\":\"https:\\\/\\\/static.purejewels.com\\\/wp-content\\\/uploads\\\/2020\\\/11\\\/Logo-PJ-New-1.png\",\"width\":150,\"height\":80,\"caption\":\"PureJewels UK\"},\"image\":{\"@id\":\"https:\\\/\\\/www.purejewels.com\\\/#\\\/schema\\\/logo\\\/image\\\/\"}}]}<\/script>\n<!-- \/ Yoast SEO plugin. -->","yoast_head_json":{"title":"22 ayar alt\u0131n Mangalsutra zinciri | \u0130ngiltere'de geleneksel alt\u0131n Mangalsutra","description":"G\u00fcnl\u00fck kullan\u0131m i\u00e7in m\u00fckemmel, sade ve zarif 22 ayar alt\u0131n mangalsutra zincir kolye. Sembolik siyah boncuklar ve alt\u0131n detaylarla geleneksel tasar\u0131m.","robots":{"index":"index","follow":"follow","max-snippet":"max-snippet:-1","max-image-preview":"max-image-preview:large","max-video-preview":"max-video-preview:-1"},"canonical":"https:\/\/www.purejewels.com\/tr\/urun\/22-ayar-altin-mangalsutra-31896\/","og_locale":"tr_TR","og_type":"article","og_title":"22ct Gold Mangalsutra Chain | Traditional Gold Mangalsutra in UK","og_description":"A simple and elegant 22ct gold mangalsutra chain necklace, perfect for daily wear. Traditional design with symbolic black beads and gold detailing.","og_url":"https:\/\/www.purejewels.com\/tr\/urun\/22-ayar-altin-mangalsutra-31896\/","og_site_name":"PureJewels UK","article_modified_time":"2026-01-07T10:47:38+00:00","og_image":[{"width":1000,"height":1000,"url":"https:\/\/static.purejewels.com\/wp-content\/uploads\/2020\/10\/image187463412.jpg","type":"image\/jpeg"}],"twitter_card":"summary_large_image","twitter_misc":{"Tahmini okuma s\u00fcresi":"1 dakika"},"schema":{"@context":"https:\/\/schema.org","@graph":[{"@type":["WebPage","ItemPage"],"@id":"https:\/\/www.purejewels.com\/product\/22ct-gold-mangalsutra-31896\/","url":"https:\/\/www.purejewels.com\/product\/22ct-gold-mangalsutra-31896\/","name":"22 ayar alt\u0131n Mangalsutra zinciri | \u0130ngiltere'de geleneksel alt\u0131n Mangalsutra","isPartOf":{"@id":"https:\/\/www.purejewels.com\/#website"},"primaryImageOfPage":{"@id":"https:\/\/www.purejewels.com\/product\/22ct-gold-mangalsutra-31896\/#primaryimage"},"image":{"@id":"https:\/\/www.purejewels.com\/product\/22ct-gold-mangalsutra-31896\/#primaryimage"},"thumbnailUrl":"https:\/\/static.purejewels.com\/wp-content\/uploads\/2020\/10\/image187463412.jpg","datePublished":"2021-02-26T12:49:09+00:00","dateModified":"2026-01-07T10:47:38+00:00","description":"G\u00fcnl\u00fck kullan\u0131m i\u00e7in m\u00fckemmel, sade ve zarif 22 ayar alt\u0131n mangalsutra zincir kolye. Sembolik siyah boncuklar ve alt\u0131n detaylarla geleneksel tasar\u0131m.","breadcrumb":{"@id":"https:\/\/www.purejewels.com\/product\/22ct-gold-mangalsutra-31896\/#breadcrumb"},"inLanguage":"tr","potentialAction":[{"@type":"ReadAction","target":["https:\/\/www.purejewels.com\/product\/22ct-gold-mangalsutra-31896\/"]}]},{"@type":"ImageObject","inLanguage":"tr","@id":"https:\/\/www.purejewels.com\/product\/22ct-gold-mangalsutra-31896\/#primaryimage","url":"https:\/\/static.purejewels.com\/wp-content\/uploads\/2020\/10\/image187463412.jpg","contentUrl":"https:\/\/static.purejewels.com\/wp-content\/uploads\/2020\/10\/image187463412.jpg","width":1000,"height":1000,"caption":"22ct Gold Mangalsutra Single line Chain YGMG105"},{"@type":"BreadcrumbList","@id":"https:\/\/www.purejewels.com\/product\/22ct-gold-mangalsutra-31896\/#breadcrumb","itemListElement":[{"@type":"ListItem","position":1,"name":"Home","item":"https:\/\/www.purejewels.com\/"},{"@type":"ListItem","position":2,"name":"Shop","item":"https:\/\/www.purejewels.com\/shop\/"},{"@type":"ListItem","position":3,"name":"22ct Gold Mangalsutra Chain Necklace for Women"}]},{"@type":"WebSite","@id":"https:\/\/www.purejewels.com\/#website","url":"https:\/\/www.purejewels.com\/","name":"PureJewels \u0130ngiltere","description":"Sevgiyi Payla\u015f\u0131n","publisher":{"@id":"https:\/\/www.purejewels.com\/#organization"},"potentialAction":[{"@type":"SearchAction","target":{"@type":"EntryPoint","urlTemplate":"https:\/\/www.purejewels.com\/?s={search_term_string}"},"query-input":{"@type":"PropertyValueSpecification","valueRequired":true,"valueName":"search_term_string"}}],"inLanguage":"tr"},{"@type":"Organization","@id":"https:\/\/www.purejewels.com\/#organization","name":"PureJewels \u0130ngiltere","url":"https:\/\/www.purejewels.com\/","logo":{"@type":"ImageObject","inLanguage":"tr","@id":"https:\/\/www.purejewels.com\/#\/schema\/logo\/image\/","url":"https:\/\/static.purejewels.com\/wp-content\/uploads\/2020\/11\/Logo-PJ-New-1.png","contentUrl":"https:\/\/static.purejewels.com\/wp-content\/uploads\/2020\/11\/Logo-PJ-New-1.png","width":150,"height":80,"caption":"PureJewels UK"},"image":{"@id":"https:\/\/www.purejewels.com\/#\/schema\/logo\/image\/"}}]}},"_links":{"self":[{"href":"https:\/\/www.purejewels.com\/tr\/wp-json\/wp\/v2\/product\/322615","targetHints":{"allow":["GET"]}}],"collection":[{"href":"https:\/\/www.purejewels.com\/tr\/wp-json\/wp\/v2\/product"}],"about":[{"href":"https:\/\/www.purejewels.com\/tr\/wp-json\/wp\/v2\/types\/product"}],"replies":[{"embeddable":true,"href":"https:\/\/www.purejewels.com\/tr\/wp-json\/wp\/v2\/comments?post=322615"}],"version-history":[{"count":2,"href":"https:\/\/www.purejewels.com\/tr\/wp-json\/wp\/v2\/product\/322615\/revisions"}],"predecessor-version":[{"id":424037,"href":"https:\/\/www.purejewels.com\/tr\/wp-json\/wp\/v2\/product\/322615\/revisions\/424037"}],"wp:featuredmedia":[{"embeddable":true,"href":"https:\/\/www.purejewels.com\/tr\/wp-json\/wp\/v2\/media\/318204"}],"wp:attachment":[{"href":"https:\/\/www.purejewels.com\/tr\/wp-json\/wp\/v2\/media?parent=322615"}],"wp:term":[{"taxonomy":"product_brand","embeddable":true,"href":"https:\/\/www.purejewels.com\/tr\/wp-json\/wp\/v2\/product_brand?post=322615"},{"taxonomy":"product_cat","embeddable":true,"href":"https:\/\/www.purejewels.com\/tr\/wp-json\/wp\/v2\/product_cat?post=322615"},{"taxonomy":"product_tag","embeddable":true,"href":"https:\/\/www.purejewels.com\/tr\/wp-json\/wp\/v2\/product_tag?post=322615"}],"curies":[{"name":"wp","href":"https:\/\/api.w.org\/{rel}","templated":true}]}}