{"id":322632,"date":"2021-03-01T12:43:44","date_gmt":"2021-03-01T12:43:44","guid":{"rendered":"https:\/\/www.purejewels.com\/?post_type=product&#038;p=322632"},"modified":"2025-12-24T10:01:20","modified_gmt":"2025-12-24T10:01:20","slug":"22-ayar-altin-fantezi-zincir-33501","status":"publish","type":"product","link":"https:\/\/www.purejewels.com\/tr\/product\/22ct-gold-fancy-chain-33501\/","title":{"rendered":"Kad\u0131nlar i\u00e7in 22 ayar alt\u0131n dokulu boncuk zinciri"},"content":{"rendered":"<p><strong>Tasar\u0131m:<\/strong><br \/>\nBu 22 ayar alt\u0131n zincir, nerv\u00fcrl\u00fc dokuya sahip \u00f6zenle i\u015flenmi\u015f boncuklarla zengin ve yans\u0131t\u0131c\u0131 bir y\u00fczey olu\u015fturarak her k\u0131yafete parlakl\u0131k katar.<\/p>\n<p><strong>\u0130\u015f\u00e7ilik:<\/strong><br \/>\nHassasiyet ve \u00f6zenle \u00fcretilen k\u00fcresel boncuklar, e\u015fit aral\u0131klarla dizilmi\u015f ve m\u00fckemmel bir \u015fekilde parlat\u0131lm\u0131\u015ft\u0131r. Zincir, zarif bir d\u00f6k\u00fcm ve dayan\u0131kl\u0131 bir kullan\u0131m sa\u011flar.<\/p>\n<p><strong>Stil:<\/strong><br \/>\nHem erkekler hem de kad\u0131nlar i\u00e7in ideal olan bu \u00e7ok y\u00f6nl\u00fc zincir, tek ba\u015f\u0131na takmak veya kolye u\u00e7lar\u0131yla birlikte katmanlamak i\u00e7in m\u00fckemmeldir. Karma\u015f\u0131k tasar\u0131m\u0131, hem geleneksel hem de \u00e7a\u011fda\u015f stil i\u00e7in uygundur.<\/p>","protected":false},"excerpt":{"rendered":"<p>Yuvarlak dokulu boncuklara sahip, g\u00fczel bir \u015fekilde el yap\u0131m\u0131 22 ayar sar\u0131 alt\u0131n zincir, modern bir sofistike ile zamans\u0131z geleneksel bir g\u00f6r\u00fcn\u00fcm sunar.<\/p>\n<ul>\n<li>22 Ayar Alt\u0131n Fantezi Zincir<\/li>\n<li>A\u011f\u0131rl\u0131k 11,4 gms<\/li>\n<li>Uzunluk: 18\u2033 in\u00e7<\/li>\n<li>Alt\u0131n boncuklar\u0131n kal\u0131nl\u0131\u011f\u0131 3mm<\/li>\n<li>SKU. 33501<\/li>\n<li>T\u00fcm fiyatlara KDV dahildir<\/li>\n<li>Londra Tahlil Ofisi Taraf\u0131ndan Damgalanm\u0131\u015f 22 Ayar Alt\u0131n<\/li>\n<li>Sunum Kutusu ile Birlikte Gelir<\/li>\n<li>Teslimat Dahil<\/li>\n<li>Stok durumu ve stokta bulunan benzer tasar\u0131mlar\u0131n daha fazla g\u00f6r\u00fcnt\u00fcs\u00fc i\u00e7in bizimle canl\u0131 sohbet edin<\/li>\n<\/ul>","protected":false},"featured_media":317283,"comment_status":"closed","ping_status":"closed","template":"","meta":{"_eb_attr":"","_crsspst_to_jayantr4sg-hostcom":false},"product_brand":[],"product_cat":[5025,1791,1559,1698,1793,3628,1475,1574],"product_tag":[],"class_list":{"0":"post-322632","1":"product","2":"type-product","3":"status-publish","4":"has-post-thumbnail","6":"product_cat-18-inch-choker-chain","7":"product_cat-anniversary-gifts","8":"product_cat-birthday-gifts","9":"product_cat-choker-chains","10":"product_cat-diwali-gifts","11":"product_cat-glow-collections","12":"product_cat-gold-chains","13":"product_cat-womens-jewellery","15":"first","16":"outofstock","17":"taxable","18":"shipping-taxable","19":"product-type-simple","20":"add-to-wishlist-before_image"},"yoast_head":"<!-- This site is optimized with the Yoast SEO plugin v27.3 - https:\/\/yoast.com\/product\/yoast-seo-wordpress\/ -->\n<title>22ct Gold Beaded Chain with Textured Finish | PureJewels<\/title>\n<meta name=\"description\" content=\"Stylish 22ct gold beaded chain with a textured finish. Lightweight and elegant \u2014 perfect for daily or festive wear. Explore PureJewels designs now.\" \/>\n<meta name=\"robots\" content=\"index, follow, max-snippet:-1, max-image-preview:large, max-video-preview:-1\" \/>\n<link rel=\"canonical\" href=\"https:\/\/www.purejewels.com\/tr\/urun\/22-ayar-altin-fantezi-zincir-33501\/\" \/>\n<meta property=\"og:locale\" content=\"tr_TR\" \/>\n<meta property=\"og:type\" content=\"article\" \/>\n<meta property=\"og:title\" content=\"22ct Gold Beaded Chain with Textured Finish | PureJewels\" \/>\n<meta property=\"og:description\" content=\"Stylish 22ct gold beaded chain with a textured finish. Lightweight and elegant \u2014 perfect for daily or festive wear. Explore PureJewels designs now.\" \/>\n<meta property=\"og:url\" content=\"https:\/\/www.purejewels.com\/tr\/urun\/22-ayar-altin-fantezi-zincir-33501\/\" \/>\n<meta property=\"og:site_name\" content=\"PureJewels UK\" \/>\n<meta property=\"article:modified_time\" content=\"2025-12-24T10:01:20+00:00\" \/>\n<meta property=\"og:image\" content=\"https:\/\/static.purejewels.com\/wp-content\/uploads\/2020\/09\/image185599864.jpg\" \/>\n\t<meta property=\"og:image:width\" content=\"1000\" \/>\n\t<meta property=\"og:image:height\" content=\"1000\" \/>\n\t<meta property=\"og:image:type\" content=\"image\/jpeg\" \/>\n<meta name=\"twitter:card\" content=\"summary_large_image\" \/>\n<meta name=\"twitter:label1\" content=\"Tahmini okuma s\u00fcresi\" \/>\n\t<meta name=\"twitter:data1\" content=\"1 dakika\" \/>\n<script type=\"application\/ld+json\" class=\"yoast-schema-graph\">{\"@context\":\"https:\\\/\\\/schema.org\",\"@graph\":[{\"@type\":[\"WebPage\",\"ItemPage\"],\"@id\":\"https:\\\/\\\/www.purejewels.com\\\/product\\\/22ct-gold-fancy-chain-33501\\\/\",\"url\":\"https:\\\/\\\/www.purejewels.com\\\/product\\\/22ct-gold-fancy-chain-33501\\\/\",\"name\":\"22ct Gold Beaded Chain with Textured Finish | PureJewels\",\"isPartOf\":{\"@id\":\"https:\\\/\\\/www.purejewels.com\\\/#website\"},\"primaryImageOfPage\":{\"@id\":\"https:\\\/\\\/www.purejewels.com\\\/product\\\/22ct-gold-fancy-chain-33501\\\/#primaryimage\"},\"image\":{\"@id\":\"https:\\\/\\\/www.purejewels.com\\\/product\\\/22ct-gold-fancy-chain-33501\\\/#primaryimage\"},\"thumbnailUrl\":\"https:\\\/\\\/static.purejewels.com\\\/wp-content\\\/uploads\\\/2020\\\/09\\\/image185599864.jpg\",\"datePublished\":\"2021-03-01T12:43:44+00:00\",\"dateModified\":\"2025-12-24T10:01:20+00:00\",\"description\":\"Stylish 22ct gold beaded chain with a textured finish. Lightweight and elegant \u2014 perfect for daily or festive wear. Explore PureJewels designs now.\",\"breadcrumb\":{\"@id\":\"https:\\\/\\\/www.purejewels.com\\\/product\\\/22ct-gold-fancy-chain-33501\\\/#breadcrumb\"},\"inLanguage\":\"tr\",\"potentialAction\":[{\"@type\":\"ReadAction\",\"target\":[\"https:\\\/\\\/www.purejewels.com\\\/product\\\/22ct-gold-fancy-chain-33501\\\/\"]}]},{\"@type\":\"ImageObject\",\"inLanguage\":\"tr\",\"@id\":\"https:\\\/\\\/www.purejewels.com\\\/product\\\/22ct-gold-fancy-chain-33501\\\/#primaryimage\",\"url\":\"https:\\\/\\\/static.purejewels.com\\\/wp-content\\\/uploads\\\/2020\\\/09\\\/image185599864.jpg\",\"contentUrl\":\"https:\\\/\\\/static.purejewels.com\\\/wp-content\\\/uploads\\\/2020\\\/09\\\/image185599864.jpg\",\"width\":1000,\"height\":1000,\"caption\":\"22ct Gold Heavy Fancy Chain CHFC278\"},{\"@type\":\"BreadcrumbList\",\"@id\":\"https:\\\/\\\/www.purejewels.com\\\/product\\\/22ct-gold-fancy-chain-33501\\\/#breadcrumb\",\"itemListElement\":[{\"@type\":\"ListItem\",\"position\":1,\"name\":\"Home\",\"item\":\"https:\\\/\\\/www.purejewels.com\\\/\"},{\"@type\":\"ListItem\",\"position\":2,\"name\":\"Shop\",\"item\":\"https:\\\/\\\/www.purejewels.com\\\/shop\\\/\"},{\"@type\":\"ListItem\",\"position\":3,\"name\":\"22ct Gold Textured Bead Chain for Women\"}]},{\"@type\":\"WebSite\",\"@id\":\"https:\\\/\\\/www.purejewels.com\\\/#website\",\"url\":\"https:\\\/\\\/www.purejewels.com\\\/\",\"name\":\"PureJewels UK\",\"description\":\"Share the Love\",\"publisher\":{\"@id\":\"https:\\\/\\\/www.purejewels.com\\\/#organization\"},\"potentialAction\":[{\"@type\":\"SearchAction\",\"target\":{\"@type\":\"EntryPoint\",\"urlTemplate\":\"https:\\\/\\\/www.purejewels.com\\\/?s={search_term_string}\"},\"query-input\":{\"@type\":\"PropertyValueSpecification\",\"valueRequired\":true,\"valueName\":\"search_term_string\"}}],\"inLanguage\":\"tr\"},{\"@type\":\"Organization\",\"@id\":\"https:\\\/\\\/www.purejewels.com\\\/#organization\",\"name\":\"PureJewels UK\",\"url\":\"https:\\\/\\\/www.purejewels.com\\\/\",\"logo\":{\"@type\":\"ImageObject\",\"inLanguage\":\"tr\",\"@id\":\"https:\\\/\\\/www.purejewels.com\\\/#\\\/schema\\\/logo\\\/image\\\/\",\"url\":\"https:\\\/\\\/static.purejewels.com\\\/wp-content\\\/uploads\\\/2020\\\/11\\\/Logo-PJ-New-1.png\",\"contentUrl\":\"https:\\\/\\\/static.purejewels.com\\\/wp-content\\\/uploads\\\/2020\\\/11\\\/Logo-PJ-New-1.png\",\"width\":150,\"height\":80,\"caption\":\"PureJewels UK\"},\"image\":{\"@id\":\"https:\\\/\\\/www.purejewels.com\\\/#\\\/schema\\\/logo\\\/image\\\/\"}}]}<\/script>\n<!-- \/ Yoast SEO plugin. -->","yoast_head_json":{"title":"22 ayar alt\u0131n boncuklu zincir, dokulu y\u00fczeyli | PureJewels","description":"Dokulu y\u00fczeyli \u015f\u0131k 22 ayar alt\u0131n boncuklu zincir. Hafif ve zarif \u2014 g\u00fcnl\u00fck veya \u00f6zel g\u00fcnler i\u00e7in m\u00fckemmel. PureJewels tasar\u0131mlar\u0131n\u0131 \u015fimdi ke\u015ffedin.","robots":{"index":"index","follow":"follow","max-snippet":"max-snippet:-1","max-image-preview":"max-image-preview:large","max-video-preview":"max-video-preview:-1"},"canonical":"https:\/\/www.purejewels.com\/tr\/urun\/22-ayar-altin-fantezi-zincir-33501\/","og_locale":"tr_TR","og_type":"article","og_title":"22ct Gold Beaded Chain with Textured Finish | PureJewels","og_description":"Stylish 22ct gold beaded chain with a textured finish. Lightweight and elegant \u2014 perfect for daily or festive wear. Explore PureJewels designs now.","og_url":"https:\/\/www.purejewels.com\/tr\/urun\/22-ayar-altin-fantezi-zincir-33501\/","og_site_name":"PureJewels UK","article_modified_time":"2025-12-24T10:01:20+00:00","og_image":[{"width":1000,"height":1000,"url":"https:\/\/static.purejewels.com\/wp-content\/uploads\/2020\/09\/image185599864.jpg","type":"image\/jpeg"}],"twitter_card":"summary_large_image","twitter_misc":{"Tahmini okuma s\u00fcresi":"1 dakika"},"schema":{"@context":"https:\/\/schema.org","@graph":[{"@type":["WebPage","ItemPage"],"@id":"https:\/\/www.purejewels.com\/product\/22ct-gold-fancy-chain-33501\/","url":"https:\/\/www.purejewels.com\/product\/22ct-gold-fancy-chain-33501\/","name":"22 ayar alt\u0131n boncuklu zincir, dokulu y\u00fczeyli | PureJewels","isPartOf":{"@id":"https:\/\/www.purejewels.com\/#website"},"primaryImageOfPage":{"@id":"https:\/\/www.purejewels.com\/product\/22ct-gold-fancy-chain-33501\/#primaryimage"},"image":{"@id":"https:\/\/www.purejewels.com\/product\/22ct-gold-fancy-chain-33501\/#primaryimage"},"thumbnailUrl":"https:\/\/static.purejewels.com\/wp-content\/uploads\/2020\/09\/image185599864.jpg","datePublished":"2021-03-01T12:43:44+00:00","dateModified":"2025-12-24T10:01:20+00:00","description":"Dokulu y\u00fczeyli \u015f\u0131k 22 ayar alt\u0131n boncuklu zincir. Hafif ve zarif \u2014 g\u00fcnl\u00fck veya \u00f6zel g\u00fcnler i\u00e7in m\u00fckemmel. PureJewels tasar\u0131mlar\u0131n\u0131 \u015fimdi ke\u015ffedin.","breadcrumb":{"@id":"https:\/\/www.purejewels.com\/product\/22ct-gold-fancy-chain-33501\/#breadcrumb"},"inLanguage":"tr","potentialAction":[{"@type":"ReadAction","target":["https:\/\/www.purejewels.com\/product\/22ct-gold-fancy-chain-33501\/"]}]},{"@type":"ImageObject","inLanguage":"tr","@id":"https:\/\/www.purejewels.com\/product\/22ct-gold-fancy-chain-33501\/#primaryimage","url":"https:\/\/static.purejewels.com\/wp-content\/uploads\/2020\/09\/image185599864.jpg","contentUrl":"https:\/\/static.purejewels.com\/wp-content\/uploads\/2020\/09\/image185599864.jpg","width":1000,"height":1000,"caption":"22ct Gold Heavy Fancy Chain CHFC278"},{"@type":"BreadcrumbList","@id":"https:\/\/www.purejewels.com\/product\/22ct-gold-fancy-chain-33501\/#breadcrumb","itemListElement":[{"@type":"ListItem","position":1,"name":"Home","item":"https:\/\/www.purejewels.com\/"},{"@type":"ListItem","position":2,"name":"Shop","item":"https:\/\/www.purejewels.com\/shop\/"},{"@type":"ListItem","position":3,"name":"22ct Gold Textured Bead Chain for Women"}]},{"@type":"WebSite","@id":"https:\/\/www.purejewels.com\/#website","url":"https:\/\/www.purejewels.com\/","name":"PureJewels \u0130ngiltere","description":"Sevgiyi Payla\u015f\u0131n","publisher":{"@id":"https:\/\/www.purejewels.com\/#organization"},"potentialAction":[{"@type":"SearchAction","target":{"@type":"EntryPoint","urlTemplate":"https:\/\/www.purejewels.com\/?s={search_term_string}"},"query-input":{"@type":"PropertyValueSpecification","valueRequired":true,"valueName":"search_term_string"}}],"inLanguage":"tr"},{"@type":"Organization","@id":"https:\/\/www.purejewels.com\/#organization","name":"PureJewels \u0130ngiltere","url":"https:\/\/www.purejewels.com\/","logo":{"@type":"ImageObject","inLanguage":"tr","@id":"https:\/\/www.purejewels.com\/#\/schema\/logo\/image\/","url":"https:\/\/static.purejewels.com\/wp-content\/uploads\/2020\/11\/Logo-PJ-New-1.png","contentUrl":"https:\/\/static.purejewels.com\/wp-content\/uploads\/2020\/11\/Logo-PJ-New-1.png","width":150,"height":80,"caption":"PureJewels UK"},"image":{"@id":"https:\/\/www.purejewels.com\/#\/schema\/logo\/image\/"}}]}},"_links":{"self":[{"href":"https:\/\/www.purejewels.com\/tr\/wp-json\/wp\/v2\/product\/322632","targetHints":{"allow":["GET"]}}],"collection":[{"href":"https:\/\/www.purejewels.com\/tr\/wp-json\/wp\/v2\/product"}],"about":[{"href":"https:\/\/www.purejewels.com\/tr\/wp-json\/wp\/v2\/types\/product"}],"replies":[{"embeddable":true,"href":"https:\/\/www.purejewels.com\/tr\/wp-json\/wp\/v2\/comments?post=322632"}],"version-history":[{"count":2,"href":"https:\/\/www.purejewels.com\/tr\/wp-json\/wp\/v2\/product\/322632\/revisions"}],"predecessor-version":[{"id":423811,"href":"https:\/\/www.purejewels.com\/tr\/wp-json\/wp\/v2\/product\/322632\/revisions\/423811"}],"wp:featuredmedia":[{"embeddable":true,"href":"https:\/\/www.purejewels.com\/tr\/wp-json\/wp\/v2\/media\/317283"}],"wp:attachment":[{"href":"https:\/\/www.purejewels.com\/tr\/wp-json\/wp\/v2\/media?parent=322632"}],"wp:term":[{"taxonomy":"product_brand","embeddable":true,"href":"https:\/\/www.purejewels.com\/tr\/wp-json\/wp\/v2\/product_brand?post=322632"},{"taxonomy":"product_cat","embeddable":true,"href":"https:\/\/www.purejewels.com\/tr\/wp-json\/wp\/v2\/product_cat?post=322632"},{"taxonomy":"product_tag","embeddable":true,"href":"https:\/\/www.purejewels.com\/tr\/wp-json\/wp\/v2\/product_tag?post=322632"}],"curies":[{"name":"wp","href":"https:\/\/api.w.org\/{rel}","templated":true}]}}