{"id":322633,"date":"2021-03-01T12:47:03","date_gmt":"2021-03-01T12:47:03","guid":{"rendered":"https:\/\/www.purejewels.com\/?post_type=product&#038;p=322633"},"modified":"2025-12-18T08:03:22","modified_gmt":"2025-12-18T08:03:22","slug":"22-ayar-altin-fantezi-zincir-33502","status":"publish","type":"product","link":"https:\/\/www.purejewels.com\/tr\/product\/22carat-gold-fancy-chain-33502\/","title":{"rendered":"22 ayar alt\u0131n s\u00fcsl\u00fc boncuk zinciri | 18 in\u00e7"},"content":{"rendered":"<p>Bu 22 ayar alt\u0131n s\u00fcsl\u00fc zincir, sofistike tasar\u0131m ve g\u00fcnl\u00fck kullan\u0131m\u0131n uyumlu bir dengesi. 3 mm'lik b\u00fck\u00fcml\u00fc alt\u0131n boncuklardan olu\u015fan bu zincir, her bir par\u00e7as\u0131 yumu\u015fak dokusu ve zarif cilas\u0131yla par\u0131ldayarak klasik siluete ilgi \u00e7ekici bir hava kat\u0131yor.<\/p>\n<p>18 in\u00e7 uzunlu\u011fundaki bu zincir, k\u00f6pr\u00fcc\u00fck kemi\u011fine zarif bir \u015fekilde oturur ve tek ba\u015f\u0131na takmak veya bir kolye ucu ile birlikte kullanmak i\u00e7in idealdir. Ritmik boncuk deseni, hareket ve zarafeti \u00e7a\u011fr\u0131\u015ft\u0131r\u0131r \u2014 PureJewels'in tasar\u0131m zekas\u0131 ve zanaatkar ustal\u0131\u011f\u0131na olan ba\u011fl\u0131l\u0131\u011f\u0131n\u0131 yans\u0131tmaktad\u0131r.<\/p>\n<p>Bir d\u00f6n\u00fcm noktas\u0131n\u0131 kutlamak i\u00e7in hediye olarak veya g\u00fcnl\u00fck kullan\u0131m i\u00e7in se\u00e7ilen bu par\u00e7a, sade l\u00fcks\u00fc ve anlaml\u0131 detaylar\u0131 yans\u0131t\u0131yor.<\/p>","protected":false},"excerpt":{"rendered":"<p>3 mm b\u00fck\u00fcml\u00fc alt\u0131n boncuklara sahip, g\u00fczel i\u015f\u00e7ili\u011fe sahip 22 ayar alt\u0131n s\u00fcsl\u00fc zincir. Zamans\u0131z zarafet ve \u00e7ok y\u00f6nl\u00fc stil i\u00e7in 18 in\u00e7 uzunlu\u011funda tasarlanm\u0131\u015ft\u0131r.<\/p>\n<ul>\n<li>22 Ayar Alt\u0131n Fantezi Zincir<\/li>\n<li>A\u011f\u0131rl\u0131k 12 gms<\/li>\n<li>Uzunluk: 18\u2033 in\u00e7<\/li>\n<li>Alt\u0131n boncuklar\u0131n kal\u0131nl\u0131\u011f\u0131 3mm<\/li>\n<li>SKU. 33502<\/li>\n<li>T\u00fcm fiyatlara KDV dahildir<\/li>\n<li>Londra Tahlil Ofisi Taraf\u0131ndan Damgalanm\u0131\u015f 22 Ayar Alt\u0131n<\/li>\n<li>Sunum Kutusu ile Birlikte Gelir<\/li>\n<li>Teslimat Dahil<\/li>\n<li>Stok durumu ve stokta bulunan benzer tasar\u0131mlar\u0131n daha fazla g\u00f6r\u00fcnt\u00fcs\u00fc i\u00e7in bizimle canl\u0131 sohbet edin<\/li>\n<\/ul>","protected":false},"featured_media":317283,"comment_status":"closed","ping_status":"closed","template":"","meta":{"_eb_attr":"","_crsspst_to_jayantr4sg-hostcom":false},"product_brand":[],"product_cat":[5025,1791,1559,1698,1793,3628,1475,1574],"product_tag":[],"class_list":{"0":"post-322633","1":"product","2":"type-product","3":"status-publish","4":"has-post-thumbnail","6":"product_cat-18-inch-choker-chain","7":"product_cat-anniversary-gifts","8":"product_cat-birthday-gifts","9":"product_cat-choker-chains","10":"product_cat-diwali-gifts","11":"product_cat-glow-collections","12":"product_cat-gold-chains","13":"product_cat-womens-jewellery","15":"first","16":"outofstock","17":"taxable","18":"shipping-taxable","19":"product-type-simple","20":"add-to-wishlist-before_image"},"yoast_head":"<!-- This site is optimized with the Yoast SEO plugin v27.3 - https:\/\/yoast.com\/product\/yoast-seo-wordpress\/ -->\n<title>22ct Gold Fancy Chain | 18&quot; | 3mm Beaded Design | PureJewels<\/title>\n<meta name=\"description\" content=\"Elegant 22ct gold fancy chain with 3mm textured beads. 18-inch length, perfect for daily elegance or layered styling. Crafted in fine gold, hallmarked in the UK.\" \/>\n<meta name=\"robots\" content=\"index, follow, max-snippet:-1, max-image-preview:large, max-video-preview:-1\" \/>\n<link rel=\"canonical\" href=\"https:\/\/www.purejewels.com\/tr\/urun\/22-ayar-altin-fantezi-zincir-33502\/\" \/>\n<meta property=\"og:locale\" content=\"tr_TR\" \/>\n<meta property=\"og:type\" content=\"article\" \/>\n<meta property=\"og:title\" content=\"22ct Gold Fancy Chain | 18&quot; | 3mm Beaded Design | PureJewels\" \/>\n<meta property=\"og:description\" content=\"Elegant 22ct gold fancy chain with 3mm textured beads. 18-inch length, perfect for daily elegance or layered styling. Crafted in fine gold, hallmarked in the UK.\" \/>\n<meta property=\"og:url\" content=\"https:\/\/www.purejewels.com\/tr\/urun\/22-ayar-altin-fantezi-zincir-33502\/\" \/>\n<meta property=\"og:site_name\" content=\"PureJewels UK\" \/>\n<meta property=\"article:modified_time\" content=\"2025-12-18T08:03:22+00:00\" \/>\n<meta property=\"og:image\" content=\"https:\/\/static.purejewels.com\/wp-content\/uploads\/2020\/09\/image185599864.jpg\" \/>\n\t<meta property=\"og:image:width\" content=\"1000\" \/>\n\t<meta property=\"og:image:height\" content=\"1000\" \/>\n\t<meta property=\"og:image:type\" content=\"image\/jpeg\" \/>\n<meta name=\"twitter:card\" content=\"summary_large_image\" \/>\n<meta name=\"twitter:label1\" content=\"Tahmini okuma s\u00fcresi\" \/>\n\t<meta name=\"twitter:data1\" content=\"1 dakika\" \/>\n<script type=\"application\/ld+json\" class=\"yoast-schema-graph\">{\"@context\":\"https:\\\/\\\/schema.org\",\"@graph\":[{\"@type\":[\"WebPage\",\"ItemPage\"],\"@id\":\"https:\\\/\\\/www.purejewels.com\\\/product\\\/22carat-gold-fancy-chain-33502\\\/\",\"url\":\"https:\\\/\\\/www.purejewels.com\\\/product\\\/22carat-gold-fancy-chain-33502\\\/\",\"name\":\"22ct Gold Fancy Chain | 18\\\" | 3mm Beaded Design | PureJewels\",\"isPartOf\":{\"@id\":\"https:\\\/\\\/www.purejewels.com\\\/#website\"},\"primaryImageOfPage\":{\"@id\":\"https:\\\/\\\/www.purejewels.com\\\/product\\\/22carat-gold-fancy-chain-33502\\\/#primaryimage\"},\"image\":{\"@id\":\"https:\\\/\\\/www.purejewels.com\\\/product\\\/22carat-gold-fancy-chain-33502\\\/#primaryimage\"},\"thumbnailUrl\":\"https:\\\/\\\/static.purejewels.com\\\/wp-content\\\/uploads\\\/2020\\\/09\\\/image185599864.jpg\",\"datePublished\":\"2021-03-01T12:47:03+00:00\",\"dateModified\":\"2025-12-18T08:03:22+00:00\",\"description\":\"Elegant 22ct gold fancy chain with 3mm textured beads. 18-inch length, perfect for daily elegance or layered styling. Crafted in fine gold, hallmarked in the UK.\",\"breadcrumb\":{\"@id\":\"https:\\\/\\\/www.purejewels.com\\\/product\\\/22carat-gold-fancy-chain-33502\\\/#breadcrumb\"},\"inLanguage\":\"tr\",\"potentialAction\":[{\"@type\":\"ReadAction\",\"target\":[\"https:\\\/\\\/www.purejewels.com\\\/product\\\/22carat-gold-fancy-chain-33502\\\/\"]}]},{\"@type\":\"ImageObject\",\"inLanguage\":\"tr\",\"@id\":\"https:\\\/\\\/www.purejewels.com\\\/product\\\/22carat-gold-fancy-chain-33502\\\/#primaryimage\",\"url\":\"https:\\\/\\\/static.purejewels.com\\\/wp-content\\\/uploads\\\/2020\\\/09\\\/image185599864.jpg\",\"contentUrl\":\"https:\\\/\\\/static.purejewels.com\\\/wp-content\\\/uploads\\\/2020\\\/09\\\/image185599864.jpg\",\"width\":1000,\"height\":1000,\"caption\":\"22ct Gold Heavy Fancy Chain CHFC278\"},{\"@type\":\"BreadcrumbList\",\"@id\":\"https:\\\/\\\/www.purejewels.com\\\/product\\\/22carat-gold-fancy-chain-33502\\\/#breadcrumb\",\"itemListElement\":[{\"@type\":\"ListItem\",\"position\":1,\"name\":\"Home\",\"item\":\"https:\\\/\\\/www.purejewels.com\\\/\"},{\"@type\":\"ListItem\",\"position\":2,\"name\":\"Shop\",\"item\":\"https:\\\/\\\/www.purejewels.com\\\/shop\\\/\"},{\"@type\":\"ListItem\",\"position\":3,\"name\":\"22ct Gold Fancy Bead Chain | 18 Inch\"}]},{\"@type\":\"WebSite\",\"@id\":\"https:\\\/\\\/www.purejewels.com\\\/#website\",\"url\":\"https:\\\/\\\/www.purejewels.com\\\/\",\"name\":\"PureJewels UK\",\"description\":\"Share the Love\",\"publisher\":{\"@id\":\"https:\\\/\\\/www.purejewels.com\\\/#organization\"},\"potentialAction\":[{\"@type\":\"SearchAction\",\"target\":{\"@type\":\"EntryPoint\",\"urlTemplate\":\"https:\\\/\\\/www.purejewels.com\\\/?s={search_term_string}\"},\"query-input\":{\"@type\":\"PropertyValueSpecification\",\"valueRequired\":true,\"valueName\":\"search_term_string\"}}],\"inLanguage\":\"tr\"},{\"@type\":\"Organization\",\"@id\":\"https:\\\/\\\/www.purejewels.com\\\/#organization\",\"name\":\"PureJewels UK\",\"url\":\"https:\\\/\\\/www.purejewels.com\\\/\",\"logo\":{\"@type\":\"ImageObject\",\"inLanguage\":\"tr\",\"@id\":\"https:\\\/\\\/www.purejewels.com\\\/#\\\/schema\\\/logo\\\/image\\\/\",\"url\":\"https:\\\/\\\/static.purejewels.com\\\/wp-content\\\/uploads\\\/2020\\\/11\\\/Logo-PJ-New-1.png\",\"contentUrl\":\"https:\\\/\\\/static.purejewels.com\\\/wp-content\\\/uploads\\\/2020\\\/11\\\/Logo-PJ-New-1.png\",\"width\":150,\"height\":80,\"caption\":\"PureJewels UK\"},\"image\":{\"@id\":\"https:\\\/\\\/www.purejewels.com\\\/#\\\/schema\\\/logo\\\/image\\\/\"}}]}<\/script>\n<!-- \/ Yoast SEO plugin. -->","yoast_head_json":{"title":"22 ayar alt\u0131n s\u00fcsl\u00fc zincir | 18 in\u00e7 | 3 mm boncuklu tasar\u0131m | PureJewels","description":"3 mm dokulu boncuklara sahip zarif 22 ayar alt\u0131n s\u00fcsl\u00fc zincir. 18 in\u00e7 uzunlu\u011funda, g\u00fcnl\u00fck \u015f\u0131kl\u0131k veya katmanl\u0131 stil i\u00e7in m\u00fckemmel. \u0130nce alt\u0131ndan \u00fcretilmi\u015f, \u0130ngiltere'de damgal\u0131.","robots":{"index":"index","follow":"follow","max-snippet":"max-snippet:-1","max-image-preview":"max-image-preview:large","max-video-preview":"max-video-preview:-1"},"canonical":"https:\/\/www.purejewels.com\/tr\/urun\/22-ayar-altin-fantezi-zincir-33502\/","og_locale":"tr_TR","og_type":"article","og_title":"22ct Gold Fancy Chain | 18\" | 3mm Beaded Design | PureJewels","og_description":"Elegant 22ct gold fancy chain with 3mm textured beads. 18-inch length, perfect for daily elegance or layered styling. Crafted in fine gold, hallmarked in the UK.","og_url":"https:\/\/www.purejewels.com\/tr\/urun\/22-ayar-altin-fantezi-zincir-33502\/","og_site_name":"PureJewels UK","article_modified_time":"2025-12-18T08:03:22+00:00","og_image":[{"width":1000,"height":1000,"url":"https:\/\/static.purejewels.com\/wp-content\/uploads\/2020\/09\/image185599864.jpg","type":"image\/jpeg"}],"twitter_card":"summary_large_image","twitter_misc":{"Tahmini okuma s\u00fcresi":"1 dakika"},"schema":{"@context":"https:\/\/schema.org","@graph":[{"@type":["WebPage","ItemPage"],"@id":"https:\/\/www.purejewels.com\/product\/22carat-gold-fancy-chain-33502\/","url":"https:\/\/www.purejewels.com\/product\/22carat-gold-fancy-chain-33502\/","name":"22 ayar alt\u0131n s\u00fcsl\u00fc zincir | 18 in\u00e7 | 3 mm boncuklu tasar\u0131m | PureJewels","isPartOf":{"@id":"https:\/\/www.purejewels.com\/#website"},"primaryImageOfPage":{"@id":"https:\/\/www.purejewels.com\/product\/22carat-gold-fancy-chain-33502\/#primaryimage"},"image":{"@id":"https:\/\/www.purejewels.com\/product\/22carat-gold-fancy-chain-33502\/#primaryimage"},"thumbnailUrl":"https:\/\/static.purejewels.com\/wp-content\/uploads\/2020\/09\/image185599864.jpg","datePublished":"2021-03-01T12:47:03+00:00","dateModified":"2025-12-18T08:03:22+00:00","description":"3 mm dokulu boncuklara sahip zarif 22 ayar alt\u0131n s\u00fcsl\u00fc zincir. 18 in\u00e7 uzunlu\u011funda, g\u00fcnl\u00fck \u015f\u0131kl\u0131k veya katmanl\u0131 stil i\u00e7in m\u00fckemmel. \u0130nce alt\u0131ndan \u00fcretilmi\u015f, \u0130ngiltere'de damgal\u0131.","breadcrumb":{"@id":"https:\/\/www.purejewels.com\/product\/22carat-gold-fancy-chain-33502\/#breadcrumb"},"inLanguage":"tr","potentialAction":[{"@type":"ReadAction","target":["https:\/\/www.purejewels.com\/product\/22carat-gold-fancy-chain-33502\/"]}]},{"@type":"ImageObject","inLanguage":"tr","@id":"https:\/\/www.purejewels.com\/product\/22carat-gold-fancy-chain-33502\/#primaryimage","url":"https:\/\/static.purejewels.com\/wp-content\/uploads\/2020\/09\/image185599864.jpg","contentUrl":"https:\/\/static.purejewels.com\/wp-content\/uploads\/2020\/09\/image185599864.jpg","width":1000,"height":1000,"caption":"22ct Gold Heavy Fancy Chain CHFC278"},{"@type":"BreadcrumbList","@id":"https:\/\/www.purejewels.com\/product\/22carat-gold-fancy-chain-33502\/#breadcrumb","itemListElement":[{"@type":"ListItem","position":1,"name":"Home","item":"https:\/\/www.purejewels.com\/"},{"@type":"ListItem","position":2,"name":"Shop","item":"https:\/\/www.purejewels.com\/shop\/"},{"@type":"ListItem","position":3,"name":"22ct Gold Fancy Bead Chain | 18 Inch"}]},{"@type":"WebSite","@id":"https:\/\/www.purejewels.com\/#website","url":"https:\/\/www.purejewels.com\/","name":"PureJewels \u0130ngiltere","description":"Sevgiyi Payla\u015f\u0131n","publisher":{"@id":"https:\/\/www.purejewels.com\/#organization"},"potentialAction":[{"@type":"SearchAction","target":{"@type":"EntryPoint","urlTemplate":"https:\/\/www.purejewels.com\/?s={search_term_string}"},"query-input":{"@type":"PropertyValueSpecification","valueRequired":true,"valueName":"search_term_string"}}],"inLanguage":"tr"},{"@type":"Organization","@id":"https:\/\/www.purejewels.com\/#organization","name":"PureJewels \u0130ngiltere","url":"https:\/\/www.purejewels.com\/","logo":{"@type":"ImageObject","inLanguage":"tr","@id":"https:\/\/www.purejewels.com\/#\/schema\/logo\/image\/","url":"https:\/\/static.purejewels.com\/wp-content\/uploads\/2020\/11\/Logo-PJ-New-1.png","contentUrl":"https:\/\/static.purejewels.com\/wp-content\/uploads\/2020\/11\/Logo-PJ-New-1.png","width":150,"height":80,"caption":"PureJewels UK"},"image":{"@id":"https:\/\/www.purejewels.com\/#\/schema\/logo\/image\/"}}]}},"_links":{"self":[{"href":"https:\/\/www.purejewels.com\/tr\/wp-json\/wp\/v2\/product\/322633","targetHints":{"allow":["GET"]}}],"collection":[{"href":"https:\/\/www.purejewels.com\/tr\/wp-json\/wp\/v2\/product"}],"about":[{"href":"https:\/\/www.purejewels.com\/tr\/wp-json\/wp\/v2\/types\/product"}],"replies":[{"embeddable":true,"href":"https:\/\/www.purejewels.com\/tr\/wp-json\/wp\/v2\/comments?post=322633"}],"version-history":[{"count":3,"href":"https:\/\/www.purejewels.com\/tr\/wp-json\/wp\/v2\/product\/322633\/revisions"}],"predecessor-version":[{"id":423402,"href":"https:\/\/www.purejewels.com\/tr\/wp-json\/wp\/v2\/product\/322633\/revisions\/423402"}],"wp:featuredmedia":[{"embeddable":true,"href":"https:\/\/www.purejewels.com\/tr\/wp-json\/wp\/v2\/media\/317283"}],"wp:attachment":[{"href":"https:\/\/www.purejewels.com\/tr\/wp-json\/wp\/v2\/media?parent=322633"}],"wp:term":[{"taxonomy":"product_brand","embeddable":true,"href":"https:\/\/www.purejewels.com\/tr\/wp-json\/wp\/v2\/product_brand?post=322633"},{"taxonomy":"product_cat","embeddable":true,"href":"https:\/\/www.purejewels.com\/tr\/wp-json\/wp\/v2\/product_cat?post=322633"},{"taxonomy":"product_tag","embeddable":true,"href":"https:\/\/www.purejewels.com\/tr\/wp-json\/wp\/v2\/product_tag?post=322633"}],"curies":[{"name":"wp","href":"https:\/\/api.w.org\/{rel}","templated":true}]}}