{"id":322765,"date":"2021-03-15T04:47:43","date_gmt":"2021-03-15T04:47:43","guid":{"rendered":"https:\/\/www.purejewels.com\/product\/anusha-collection-22ct-gold-chain-6-8gm-16-inches\/"},"modified":"2026-03-05T13:02:16","modified_gmt":"2026-03-05T13:02:16","slug":"22-ayar-altin-zincir-16-inc-1-4mm-28778","status":"publish","type":"product","link":"https:\/\/www.purejewels.com\/tr\/product\/22ct-gold-chain-16-inches-1-4mm-28778\/","title":{"rendered":"22 Ayar Alt\u0131n Zincir | 16 \u0130n\u00e7 | 1,4mm"},"content":{"rendered":"<p>Koleksiyonunuza eklemek i\u00e7in \u00e7arp\u0131c\u0131 bir 22 ayar alt\u0131n zincir mi ar\u0131yorsunuz? En sevdi\u011finiz kolyelerinizi sergilemek i\u00e7in m\u00fckemmel olan bu zarif 16 in\u00e7lik zincirden ba\u015fkas\u0131na bakmay\u0131n. Ger\u00e7ek 22 ayar alt\u0131ndan \u00fcretilen bu zincir 6,8 gram a\u011f\u0131rl\u0131\u011f\u0131ndad\u0131r ve gitti\u011finiz her yerde fark\u0131n\u0131z\u0131 ortaya koyacakt\u0131r.<\/p>\n<p>\u00dcr\u00fcnlerimizin her biri Londra Assay Ofisi taraf\u0131ndan damgalanarak sat\u0131n ald\u0131\u011f\u0131n\u0131z \u00fcr\u00fcn\u00fcn kalitesini ve orijinalli\u011fini garanti eder. Ayr\u0131ca, t\u00fcm setler bir sunum kutusunda g\u00fczel bir \u015fekilde sunulmakta olup, sevdikleriniz i\u00e7in m\u00fckemmel bir hediye veya kendiniz i\u00e7in \u00f6zel bir ikramd\u0131r.<\/p>\n<p>\u00dccretsiz takipli teslimat dahil, yeni alt\u0131n zincirinizin g\u00fcvenli ve emniyetli bir \u015fekilde ula\u015faca\u011f\u0131n\u0131 bilmenin huzurunu ya\u015fayabilirsiniz. Ve 30 g\u00fcnl\u00fck para iade garantimiz ile g\u00fcvenle al\u0131\u015fveri\u015f yapabilirsiniz.<\/p>\n<p>Bu muhte\u015fem f\u0131rsat\u0131 ka\u00e7\u0131rmay\u0131n <a href=\"https:\/\/www.purejewels.com\/tr\/urun-kategori%cc%87si%cc%87\/22-ayar-altin-takilar\/altin-zincirler\/\">22 ayar alt\u0131n zincir<\/a> - \u015eimdi sat\u0131n al\u0131n ve m\u00fccevher koleksiyonunuza l\u00fcks bir dokunu\u015f kat\u0131n. Daha h\u0131zl\u0131 teslimat m\u0131 istiyorsunuz veya bir sorunuz mu var? Daha fazla bilgi i\u00e7in bizimle ileti\u015fime ge\u00e7in veya sohbet edin.<\/p>","protected":false},"excerpt":{"rendered":"<ul>\n<li>22 Ayar Ger\u00e7ek Alt\u0131n Zincir<\/li>\n<li>A\u011f\u0131rl\u0131k 6,8 gms<\/li>\n<li>Uzunluk. 16 in\u00e7<\/li>\n<li>SKU. 28778<\/li>\n<li>T\u00fcm \u00fcr\u00fcnlerimiz London Assay Office taraf\u0131ndan damgalanm\u0131\u015ft\u0131r<\/li>\n<li>T\u00fcm setler sunum kutusu ile birlikte gelir<\/li>\n<li>Teslimat Dahil<\/li>\n<li>T\u00fcm fiyatlara KDV dahildir<\/li>\n<li>\u00dcr\u00fcn\u00fcn videosunu g\u00f6rmek i\u00e7in bize ula\u015f\u0131n \/ bizimle sohbet edin<\/li>\n<\/ul>","protected":false},"featured_media":314122,"comment_status":"closed","ping_status":"closed","template":"","meta":{"_eb_attr":"","_crsspst_to_jayantr4sg-hostcom":false},"product_brand":[],"product_cat":[1791,1559,1475,5597,1570,1575,1573,1574],"product_tag":[],"class_list":{"0":"post-322765","1":"product","2":"type-product","3":"status-publish","4":"has-post-thumbnail","6":"product_cat-anniversary-gifts","7":"product_cat-birthday-gifts","8":"product_cat-gold-chains","9":"product_cat-link-chain","10":"product_cat-mothers-day-gifts","11":"product_cat-teenage-jewellery","12":"product_cat-wedding-gifts","13":"product_cat-womens-jewellery","15":"first","16":"instock","17":"taxable","18":"shipping-taxable","19":"purchasable","20":"product-type-simple","21":"add-to-wishlist-before_image"},"yoast_head":"<!-- This site is optimized with the Yoast SEO plugin v27.3 - https:\/\/yoast.com\/product\/yoast-seo-wordpress\/ -->\n<title>Buy 22ct Gold Chain in 16 inch, perfect for pendants<\/title>\n<meta name=\"description\" content=\"Explore our Collection of Real Gold Chains. Shop 22ct Yellow Gold Chain. All our Gold\u00a0Jewellery is Hallmarked by London Assay Office\" \/>\n<meta name=\"robots\" content=\"index, follow, max-snippet:-1, max-image-preview:large, max-video-preview:-1\" \/>\n<link rel=\"canonical\" href=\"https:\/\/www.purejewels.com\/tr\/urun\/22-ayar-altin-zincir-16-inc-1-4mm-28778\/\" \/>\n<meta property=\"og:locale\" content=\"tr_TR\" \/>\n<meta property=\"og:type\" content=\"article\" \/>\n<meta property=\"og:title\" content=\"Buy 22ct Gold Chain in 16 inch, perfect for pendants\" \/>\n<meta property=\"og:description\" content=\"Explore our Collection of Real Gold Chains. Shop 22ct Yellow Gold Chain. All our Gold\u00a0Jewellery is Hallmarked by London Assay Office\" \/>\n<meta property=\"og:url\" content=\"https:\/\/www.purejewels.com\/tr\/urun\/22-ayar-altin-zincir-16-inc-1-4mm-28778\/\" \/>\n<meta property=\"og:site_name\" content=\"PureJewels UK\" \/>\n<meta property=\"article:modified_time\" content=\"2026-03-05T13:02:16+00:00\" \/>\n<meta property=\"og:image\" content=\"https:\/\/static.purejewels.com\/wp-content\/uploads\/2020\/05\/133385565.jpg\" \/>\n\t<meta property=\"og:image:width\" content=\"1000\" \/>\n\t<meta property=\"og:image:height\" content=\"1000\" \/>\n\t<meta property=\"og:image:type\" content=\"image\/jpeg\" \/>\n<meta name=\"twitter:card\" content=\"summary_large_image\" \/>\n<meta name=\"twitter:label1\" content=\"Tahmini okuma s\u00fcresi\" \/>\n\t<meta name=\"twitter:data1\" content=\"1 dakika\" \/>\n<script type=\"application\/ld+json\" class=\"yoast-schema-graph\">{\"@context\":\"https:\\\/\\\/schema.org\",\"@graph\":[{\"@type\":[\"WebPage\",\"ItemPage\"],\"@id\":\"https:\\\/\\\/www.purejewels.com\\\/product\\\/22ct-gold-chain-16-inches-1-4mm-28778\\\/\",\"url\":\"https:\\\/\\\/www.purejewels.com\\\/product\\\/22ct-gold-chain-16-inches-1-4mm-28778\\\/\",\"name\":\"Buy 22ct Gold Chain in 16 inch, perfect for pendants\",\"isPartOf\":{\"@id\":\"https:\\\/\\\/www.purejewels.com\\\/#website\"},\"primaryImageOfPage\":{\"@id\":\"https:\\\/\\\/www.purejewels.com\\\/product\\\/22ct-gold-chain-16-inches-1-4mm-28778\\\/#primaryimage\"},\"image\":{\"@id\":\"https:\\\/\\\/www.purejewels.com\\\/product\\\/22ct-gold-chain-16-inches-1-4mm-28778\\\/#primaryimage\"},\"thumbnailUrl\":\"https:\\\/\\\/static.purejewels.com\\\/wp-content\\\/uploads\\\/2020\\\/05\\\/133385565.jpg\",\"datePublished\":\"2021-03-15T04:47:43+00:00\",\"dateModified\":\"2026-03-05T13:02:16+00:00\",\"description\":\"Explore our Collection of Real Gold Chains. Shop 22ct Yellow Gold Chain. All our Gold\u00a0Jewellery is Hallmarked by London Assay Office\",\"breadcrumb\":{\"@id\":\"https:\\\/\\\/www.purejewels.com\\\/product\\\/22ct-gold-chain-16-inches-1-4mm-28778\\\/#breadcrumb\"},\"inLanguage\":\"tr\",\"potentialAction\":[{\"@type\":\"ReadAction\",\"target\":[\"https:\\\/\\\/www.purejewels.com\\\/product\\\/22ct-gold-chain-16-inches-1-4mm-28778\\\/\"]}]},{\"@type\":\"ImageObject\",\"inLanguage\":\"tr\",\"@id\":\"https:\\\/\\\/www.purejewels.com\\\/product\\\/22ct-gold-chain-16-inches-1-4mm-28778\\\/#primaryimage\",\"url\":\"https:\\\/\\\/static.purejewels.com\\\/wp-content\\\/uploads\\\/2020\\\/05\\\/133385565.jpg\",\"contentUrl\":\"https:\\\/\\\/static.purejewels.com\\\/wp-content\\\/uploads\\\/2020\\\/05\\\/133385565.jpg\",\"width\":1000,\"height\":1000,\"caption\":\"22 Carat Gold Chainwith dull rose gold finishSuitable for heavy pendantsWt. 6.8 gSKU. 28817Length. 16\\\" inchesAll our products are hallmarked by London Assay OfficeAll sets comes with presentation BoxDelivery IncludedAll prices include VATContact us \\\/ chat with us to see video of product\"},{\"@type\":\"BreadcrumbList\",\"@id\":\"https:\\\/\\\/www.purejewels.com\\\/product\\\/22ct-gold-chain-16-inches-1-4mm-28778\\\/#breadcrumb\",\"itemListElement\":[{\"@type\":\"ListItem\",\"position\":1,\"name\":\"Home\",\"item\":\"https:\\\/\\\/www.purejewels.com\\\/\"},{\"@type\":\"ListItem\",\"position\":2,\"name\":\"Shop\",\"item\":\"https:\\\/\\\/www.purejewels.com\\\/shop\\\/\"},{\"@type\":\"ListItem\",\"position\":3,\"name\":\"22ct Gold Chain | 16 Inches | 1.4mm\"}]},{\"@type\":\"WebSite\",\"@id\":\"https:\\\/\\\/www.purejewels.com\\\/#website\",\"url\":\"https:\\\/\\\/www.purejewels.com\\\/\",\"name\":\"PureJewels UK\",\"description\":\"Share the Love\",\"publisher\":{\"@id\":\"https:\\\/\\\/www.purejewels.com\\\/#organization\"},\"potentialAction\":[{\"@type\":\"SearchAction\",\"target\":{\"@type\":\"EntryPoint\",\"urlTemplate\":\"https:\\\/\\\/www.purejewels.com\\\/?s={search_term_string}\"},\"query-input\":{\"@type\":\"PropertyValueSpecification\",\"valueRequired\":true,\"valueName\":\"search_term_string\"}}],\"inLanguage\":\"tr\"},{\"@type\":\"Organization\",\"@id\":\"https:\\\/\\\/www.purejewels.com\\\/#organization\",\"name\":\"PureJewels UK\",\"url\":\"https:\\\/\\\/www.purejewels.com\\\/\",\"logo\":{\"@type\":\"ImageObject\",\"inLanguage\":\"tr\",\"@id\":\"https:\\\/\\\/www.purejewels.com\\\/#\\\/schema\\\/logo\\\/image\\\/\",\"url\":\"https:\\\/\\\/static.purejewels.com\\\/wp-content\\\/uploads\\\/2020\\\/11\\\/Logo-PJ-New-1.png\",\"contentUrl\":\"https:\\\/\\\/static.purejewels.com\\\/wp-content\\\/uploads\\\/2020\\\/11\\\/Logo-PJ-New-1.png\",\"width\":150,\"height\":80,\"caption\":\"PureJewels UK\"},\"image\":{\"@id\":\"https:\\\/\\\/www.purejewels.com\\\/#\\\/schema\\\/logo\\\/image\\\/\"}}]}<\/script>\n<!-- \/ Yoast SEO plugin. -->","yoast_head_json":{"title":"Kolyeler i\u00e7in m\u00fckemmel 16 in\u00e7 22 Ayar Alt\u0131n Zincir sat\u0131n al\u0131n","description":"Ger\u00e7ek Alt\u0131n Zincir Koleksiyonumuzu ke\u015ffedin. 22 Ayar Sar\u0131 Alt\u0131n Zincir sat\u0131n al\u0131n. T\u00fcm Alt\u0131n Tak\u0131lar\u0131m\u0131z Londra Tahlil Ofisi Taraf\u0131ndan Damgalanm\u0131\u015ft\u0131r","robots":{"index":"index","follow":"follow","max-snippet":"max-snippet:-1","max-image-preview":"max-image-preview:large","max-video-preview":"max-video-preview:-1"},"canonical":"https:\/\/www.purejewels.com\/tr\/urun\/22-ayar-altin-zincir-16-inc-1-4mm-28778\/","og_locale":"tr_TR","og_type":"article","og_title":"Buy 22ct Gold Chain in 16 inch, perfect for pendants","og_description":"Explore our Collection of Real Gold Chains. Shop 22ct Yellow Gold Chain. All our Gold\u00a0Jewellery is Hallmarked by London Assay Office","og_url":"https:\/\/www.purejewels.com\/tr\/urun\/22-ayar-altin-zincir-16-inc-1-4mm-28778\/","og_site_name":"PureJewels UK","article_modified_time":"2026-03-05T13:02:16+00:00","og_image":[{"width":1000,"height":1000,"url":"https:\/\/static.purejewels.com\/wp-content\/uploads\/2020\/05\/133385565.jpg","type":"image\/jpeg"}],"twitter_card":"summary_large_image","twitter_misc":{"Tahmini okuma s\u00fcresi":"1 dakika"},"schema":{"@context":"https:\/\/schema.org","@graph":[{"@type":["WebPage","ItemPage"],"@id":"https:\/\/www.purejewels.com\/product\/22ct-gold-chain-16-inches-1-4mm-28778\/","url":"https:\/\/www.purejewels.com\/product\/22ct-gold-chain-16-inches-1-4mm-28778\/","name":"Kolyeler i\u00e7in m\u00fckemmel 16 in\u00e7 22 Ayar Alt\u0131n Zincir sat\u0131n al\u0131n","isPartOf":{"@id":"https:\/\/www.purejewels.com\/#website"},"primaryImageOfPage":{"@id":"https:\/\/www.purejewels.com\/product\/22ct-gold-chain-16-inches-1-4mm-28778\/#primaryimage"},"image":{"@id":"https:\/\/www.purejewels.com\/product\/22ct-gold-chain-16-inches-1-4mm-28778\/#primaryimage"},"thumbnailUrl":"https:\/\/static.purejewels.com\/wp-content\/uploads\/2020\/05\/133385565.jpg","datePublished":"2021-03-15T04:47:43+00:00","dateModified":"2026-03-05T13:02:16+00:00","description":"Ger\u00e7ek Alt\u0131n Zincir Koleksiyonumuzu ke\u015ffedin. 22 Ayar Sar\u0131 Alt\u0131n Zincir sat\u0131n al\u0131n. T\u00fcm Alt\u0131n Tak\u0131lar\u0131m\u0131z Londra Tahlil Ofisi Taraf\u0131ndan Damgalanm\u0131\u015ft\u0131r","breadcrumb":{"@id":"https:\/\/www.purejewels.com\/product\/22ct-gold-chain-16-inches-1-4mm-28778\/#breadcrumb"},"inLanguage":"tr","potentialAction":[{"@type":"ReadAction","target":["https:\/\/www.purejewels.com\/product\/22ct-gold-chain-16-inches-1-4mm-28778\/"]}]},{"@type":"ImageObject","inLanguage":"tr","@id":"https:\/\/www.purejewels.com\/product\/22ct-gold-chain-16-inches-1-4mm-28778\/#primaryimage","url":"https:\/\/static.purejewels.com\/wp-content\/uploads\/2020\/05\/133385565.jpg","contentUrl":"https:\/\/static.purejewels.com\/wp-content\/uploads\/2020\/05\/133385565.jpg","width":1000,"height":1000,"caption":"22 Carat Gold Chainwith dull rose gold finishSuitable for heavy pendantsWt. 6.8 gSKU. 28817Length. 16\" inchesAll our products are hallmarked by London Assay OfficeAll sets comes with presentation BoxDelivery IncludedAll prices include VATContact us \/ chat with us to see video of product"},{"@type":"BreadcrumbList","@id":"https:\/\/www.purejewels.com\/product\/22ct-gold-chain-16-inches-1-4mm-28778\/#breadcrumb","itemListElement":[{"@type":"ListItem","position":1,"name":"Home","item":"https:\/\/www.purejewels.com\/"},{"@type":"ListItem","position":2,"name":"Shop","item":"https:\/\/www.purejewels.com\/shop\/"},{"@type":"ListItem","position":3,"name":"22ct Gold Chain | 16 Inches | 1.4mm"}]},{"@type":"WebSite","@id":"https:\/\/www.purejewels.com\/#website","url":"https:\/\/www.purejewels.com\/","name":"PureJewels \u0130ngiltere","description":"Sevgiyi Payla\u015f\u0131n","publisher":{"@id":"https:\/\/www.purejewels.com\/#organization"},"potentialAction":[{"@type":"SearchAction","target":{"@type":"EntryPoint","urlTemplate":"https:\/\/www.purejewels.com\/?s={search_term_string}"},"query-input":{"@type":"PropertyValueSpecification","valueRequired":true,"valueName":"search_term_string"}}],"inLanguage":"tr"},{"@type":"Organization","@id":"https:\/\/www.purejewels.com\/#organization","name":"PureJewels \u0130ngiltere","url":"https:\/\/www.purejewels.com\/","logo":{"@type":"ImageObject","inLanguage":"tr","@id":"https:\/\/www.purejewels.com\/#\/schema\/logo\/image\/","url":"https:\/\/static.purejewels.com\/wp-content\/uploads\/2020\/11\/Logo-PJ-New-1.png","contentUrl":"https:\/\/static.purejewels.com\/wp-content\/uploads\/2020\/11\/Logo-PJ-New-1.png","width":150,"height":80,"caption":"PureJewels UK"},"image":{"@id":"https:\/\/www.purejewels.com\/#\/schema\/logo\/image\/"}}]}},"_links":{"self":[{"href":"https:\/\/www.purejewels.com\/tr\/wp-json\/wp\/v2\/product\/322765","targetHints":{"allow":["GET"]}}],"collection":[{"href":"https:\/\/www.purejewels.com\/tr\/wp-json\/wp\/v2\/product"}],"about":[{"href":"https:\/\/www.purejewels.com\/tr\/wp-json\/wp\/v2\/types\/product"}],"replies":[{"embeddable":true,"href":"https:\/\/www.purejewels.com\/tr\/wp-json\/wp\/v2\/comments?post=322765"}],"version-history":[{"count":3,"href":"https:\/\/www.purejewels.com\/tr\/wp-json\/wp\/v2\/product\/322765\/revisions"}],"predecessor-version":[{"id":426694,"href":"https:\/\/www.purejewels.com\/tr\/wp-json\/wp\/v2\/product\/322765\/revisions\/426694"}],"wp:featuredmedia":[{"embeddable":true,"href":"https:\/\/www.purejewels.com\/tr\/wp-json\/wp\/v2\/media\/314122"}],"wp:attachment":[{"href":"https:\/\/www.purejewels.com\/tr\/wp-json\/wp\/v2\/media?parent=322765"}],"wp:term":[{"taxonomy":"product_brand","embeddable":true,"href":"https:\/\/www.purejewels.com\/tr\/wp-json\/wp\/v2\/product_brand?post=322765"},{"taxonomy":"product_cat","embeddable":true,"href":"https:\/\/www.purejewels.com\/tr\/wp-json\/wp\/v2\/product_cat?post=322765"},{"taxonomy":"product_tag","embeddable":true,"href":"https:\/\/www.purejewels.com\/tr\/wp-json\/wp\/v2\/product_tag?post=322765"}],"curies":[{"name":"wp","href":"https:\/\/api.w.org\/{rel}","templated":true}]}}