{"id":322770,"date":"2021-03-15T05:38:55","date_gmt":"2021-03-15T05:38:55","guid":{"rendered":"https:\/\/www.purejewels.com\/?post_type=product&#038;p=322770"},"modified":"2024-09-03T11:04:09","modified_gmt":"2024-09-03T10:04:09","slug":"22-ayar-altin-baklali-zincir-32040","status":"publish","type":"product","link":"https:\/\/www.purejewels.com\/tr\/product\/22ct-gold-link-chain-32040\/","title":{"rendered":"22 Ayar Alt\u0131n | Baklal\u0131 Zincir | 16 \u0130n\u00e7 | 1,6mm Kal\u0131nl\u0131k"},"content":{"rendered":"<p><span style=\"font-weight: 400;\">Hediye fikirlerinizin t\u00fckendi\u011fi, hatta ge\u00e7 kald\u0131\u011f\u0131n\u0131z ve yine de zarif, ki\u015fisel ve \u00f6zel bir \u015fey vermek istedi\u011finiz zamanlar i\u00e7in, i\u015f\u00e7ilik ve zincir fiyat\u0131na g\u00f6re \"m\u00fckemmel bir \u015fey\".<\/span><\/p>\n<p><span style=\"font-weight: 400;\">Bu m\u00fccevher, koleksiyonumuzdaki kesinlikle muhte\u015fem bir m\u00fccevher oldu\u011fu i\u00e7in m\u00fccevher kutunuza ger\u00e7ekten anlaml\u0131 bir katk\u0131 olacakt\u0131r. Bu 22 ayar alt\u0131n zincir, detaylara ve tasar\u0131ma azami \u00f6zen g\u00f6sterilerek \u00fcretilmi\u015ftir ve 16 in\u00e7 uzunlu\u011fundad\u0131r. Alt\u0131n zincirimizin her bir halkas\u0131 <a href=\"https:\/\/www.purejewels.com\/tr\/product\/18ct-white-gold-link-chain-46414\/\">baklal\u0131 zincir<\/a> her biri m\u00fckemmel olmayan bir \u015fekilde m\u00fckemmel hale getirilerek elle \u00f6zenle i\u015flenirken, bu ba\u011flant\u0131lar\u0131n birlikte karma\u015f\u0131k bir \u015fekilde dokunmas\u0131 Hint zincirini bir sanat eseri haline getirir. Narin 22K kolyemiz s\u00fcper dinamik ve ayarlanabilirdir, ba\u011f\u0131ms\u0131z olarak tak\u0131labilir veya di\u011ferleriyle birlikte istiflenebilir. <a href=\"https:\/\/www.purejewels.com\/tr\/product-category\/22ct-gold-jewellery\/gold-necklaces\/\">KOLYELER<\/a> Ya da kendinizi oldu\u011funuzdan \u00e7ok daha muhte\u015fem hissetmeniz i\u00e7in titizlikle tasarlanm\u0131\u015f \u00e7arp\u0131c\u0131 m\u00fccevher koleksiyonumuzdan g\u00fczel bir kolye bile se\u00e7ebilirsiniz.<\/span><\/p>","protected":false},"excerpt":{"rendered":"<p>&nbsp;<\/p>\n<ul>\n<li>16 \u0130n\u00e7 22 Ayar Alt\u0131n Link Zincir<\/li>\n<li>A\u011f\u0131rl\u0131k  2,7 gms<\/li>\n<li>Kal\u0131nl\u0131k 1.6mm<\/li>\n<li>Uzunluk 16 \u0130n\u00e7<\/li>\n<li>SKU.32040<\/li>\n<li>T\u00fcm fiyatlara KDV dahildir<\/li>\n<li>Londra Tahlil Ofisi Taraf\u0131ndan Damgalanm\u0131\u015f 22 Ayar Alt\u0131n<\/li>\n<li>Sunum Kutusu ile Birlikte Gelir<\/li>\n<li>Teslimat Dahil<\/li>\n<li>Canl\u0131\u00a0<span id=\"urn:enhancement-1669260d\" class=\"textannotation\">sohbet<\/span>\u00a0kullan\u0131labilirlik ve \u015fu anda mevcut olan benzer tasar\u0131mlar\u0131n daha fazla g\u00f6r\u00fcnt\u00fcs\u00fc i\u00e7in bizimle\u00a0<span id=\"urn:enhancement-973de35f\" class=\"textannotation\">stok<\/span><\/li>\n<\/ul>","protected":false},"featured_media":317739,"comment_status":"closed","ping_status":"closed","template":"","meta":{"_eb_attr":"","_crsspst_to_jayantr4sg-hostcom":false},"product_brand":[],"product_cat":[5013,5020,1791,1559,1576,1475,1772,1773,1574],"product_tag":[],"class_list":{"0":"post-322770","1":"product","2":"type-product","3":"status-publish","4":"has-post-thumbnail","6":"product_cat-16-inch-ladies-chain","7":"product_cat-16-inch-kids-chain","8":"product_cat-anniversary-gifts","9":"product_cat-birthday-gifts","10":"product_cat-childrens-jewellery","11":"product_cat-gold-chains","12":"product_cat-kids-chains","13":"product_cat-ladies-chains","14":"product_cat-womens-jewellery","16":"first","17":"outofstock","18":"taxable","19":"shipping-taxable","20":"product-type-simple","21":"add-to-wishlist-before_image"},"yoast_head":"<!-- This site is optimized with the Yoast SEO plugin v27.5 - https:\/\/yoast.com\/product\/yoast-seo-wordpress\/ -->\n<title>Buy online 22 Carat Real Gold Link Chain in 16 inches<\/title>\n<meta name=\"description\" content=\"This 22K gold chain is crafted with utmost attention to detail and design and is 16 inches long. Hallmarked\u00a0 by London Assay Office\" \/>\n<meta name=\"robots\" content=\"index, follow, max-snippet:-1, max-image-preview:large, max-video-preview:-1\" \/>\n<link rel=\"canonical\" href=\"https:\/\/www.purejewels.com\/tr\/urun\/22-ayar-altin-baklali-zincir-32040\/\" \/>\n<meta property=\"og:locale\" content=\"tr_TR\" \/>\n<meta property=\"og:type\" content=\"article\" \/>\n<meta property=\"og:title\" content=\"Buy online 22 Carat Real Gold Link Chain in 16 inches\" \/>\n<meta property=\"og:description\" content=\"This 22K gold chain is crafted with utmost attention to detail and design and is 16 inches long. Hallmarked\u00a0 by London Assay Office\" \/>\n<meta property=\"og:url\" content=\"https:\/\/www.purejewels.com\/tr\/urun\/22-ayar-altin-baklali-zincir-32040\/\" \/>\n<meta property=\"og:site_name\" content=\"PureJewels UK\" \/>\n<meta property=\"article:modified_time\" content=\"2024-09-03T10:04:09+00:00\" \/>\n<meta property=\"og:image\" content=\"https:\/\/www.purejewels.com\/wp-content\/uploads\/2020\/09\/image186859939.jpg\" \/>\n\t<meta property=\"og:image:width\" content=\"1000\" \/>\n\t<meta property=\"og:image:height\" content=\"1000\" \/>\n\t<meta property=\"og:image:type\" content=\"image\/jpeg\" \/>\n<meta name=\"twitter:card\" content=\"summary_large_image\" \/>\n<meta name=\"twitter:label1\" content=\"Tahmini okuma s\u00fcresi\" \/>\n\t<meta name=\"twitter:data1\" content=\"1 dakika\" \/>\n<script type=\"application\/ld+json\" class=\"yoast-schema-graph\">{\"@context\":\"https:\\\/\\\/schema.org\",\"@graph\":[{\"@type\":[\"WebPage\",\"ItemPage\"],\"@id\":\"https:\\\/\\\/www.purejewels.com\\\/product\\\/22ct-gold-link-chain-32040\\\/\",\"url\":\"https:\\\/\\\/www.purejewels.com\\\/product\\\/22ct-gold-link-chain-32040\\\/\",\"name\":\"Buy online 22 Carat Real Gold Link Chain in 16 inches\",\"isPartOf\":{\"@id\":\"https:\\\/\\\/www.purejewels.com\\\/#website\"},\"primaryImageOfPage\":{\"@id\":\"https:\\\/\\\/www.purejewels.com\\\/product\\\/22ct-gold-link-chain-32040\\\/#primaryimage\"},\"image\":{\"@id\":\"https:\\\/\\\/www.purejewels.com\\\/product\\\/22ct-gold-link-chain-32040\\\/#primaryimage\"},\"thumbnailUrl\":\"https:\\\/\\\/static.purejewels.com\\\/wp-content\\\/uploads\\\/2020\\\/09\\\/image186859939.jpg\",\"datePublished\":\"2021-03-15T05:38:55+00:00\",\"dateModified\":\"2024-09-03T10:04:09+00:00\",\"description\":\"This 22K gold chain is crafted with utmost attention to detail and design and is 16 inches long. Hallmarked\u00a0 by London Assay Office\",\"breadcrumb\":{\"@id\":\"https:\\\/\\\/www.purejewels.com\\\/product\\\/22ct-gold-link-chain-32040\\\/#breadcrumb\"},\"inLanguage\":\"tr\",\"potentialAction\":[{\"@type\":\"ReadAction\",\"target\":[\"https:\\\/\\\/www.purejewels.com\\\/product\\\/22ct-gold-link-chain-32040\\\/\"]}]},{\"@type\":\"ImageObject\",\"inLanguage\":\"tr\",\"@id\":\"https:\\\/\\\/www.purejewels.com\\\/product\\\/22ct-gold-link-chain-32040\\\/#primaryimage\",\"url\":\"https:\\\/\\\/static.purejewels.com\\\/wp-content\\\/uploads\\\/2020\\\/09\\\/image186859939.jpg\",\"contentUrl\":\"https:\\\/\\\/static.purejewels.com\\\/wp-content\\\/uploads\\\/2020\\\/09\\\/image186859939.jpg\",\"width\":1000,\"height\":1000,\"caption\":\"22ct Gold Chain 2.7 gm 16 Inches\"},{\"@type\":\"BreadcrumbList\",\"@id\":\"https:\\\/\\\/www.purejewels.com\\\/product\\\/22ct-gold-link-chain-32040\\\/#breadcrumb\",\"itemListElement\":[{\"@type\":\"ListItem\",\"position\":1,\"name\":\"Home\",\"item\":\"https:\\\/\\\/www.purejewels.com\\\/\"},{\"@type\":\"ListItem\",\"position\":2,\"name\":\"Shop\",\"item\":\"https:\\\/\\\/www.purejewels.com\\\/shop\\\/\"},{\"@type\":\"ListItem\",\"position\":3,\"name\":\"22ct Gold | Link Chain | 16 Inches | 1.6mm Thick\"}]},{\"@type\":\"WebSite\",\"@id\":\"https:\\\/\\\/www.purejewels.com\\\/#website\",\"url\":\"https:\\\/\\\/www.purejewels.com\\\/\",\"name\":\"PureJewels UK\",\"description\":\"Share the Love\",\"publisher\":{\"@id\":\"https:\\\/\\\/www.purejewels.com\\\/#organization\"},\"potentialAction\":[{\"@type\":\"SearchAction\",\"target\":{\"@type\":\"EntryPoint\",\"urlTemplate\":\"https:\\\/\\\/www.purejewels.com\\\/?s={search_term_string}\"},\"query-input\":{\"@type\":\"PropertyValueSpecification\",\"valueRequired\":true,\"valueName\":\"search_term_string\"}}],\"inLanguage\":\"tr\"},{\"@type\":\"Organization\",\"@id\":\"https:\\\/\\\/www.purejewels.com\\\/#organization\",\"name\":\"PureJewels UK\",\"url\":\"https:\\\/\\\/www.purejewels.com\\\/\",\"logo\":{\"@type\":\"ImageObject\",\"inLanguage\":\"tr\",\"@id\":\"https:\\\/\\\/www.purejewels.com\\\/#\\\/schema\\\/logo\\\/image\\\/\",\"url\":\"https:\\\/\\\/static.purejewels.com\\\/wp-content\\\/uploads\\\/2020\\\/11\\\/Logo-PJ-New-1.png\",\"contentUrl\":\"https:\\\/\\\/static.purejewels.com\\\/wp-content\\\/uploads\\\/2020\\\/11\\\/Logo-PJ-New-1.png\",\"width\":150,\"height\":80,\"caption\":\"PureJewels UK\"},\"image\":{\"@id\":\"https:\\\/\\\/www.purejewels.com\\\/#\\\/schema\\\/logo\\\/image\\\/\"}}]}<\/script>\n<!-- \/ Yoast SEO plugin. -->","yoast_head_json":{"title":"16 in\u00e7 22 Ayar Ger\u00e7ek Alt\u0131n Link Zincir online sat\u0131n al\u0131n","description":"Bu 22 ayar alt\u0131n zincir, detaylara ve tasar\u0131ma azami \u00f6zen g\u00f6sterilerek \u00fcretilmi\u015ftir ve 16 in\u00e7 uzunlu\u011fundad\u0131r. London Assay Office taraf\u0131ndan damgalanm\u0131\u015ft\u0131r","robots":{"index":"index","follow":"follow","max-snippet":"max-snippet:-1","max-image-preview":"max-image-preview:large","max-video-preview":"max-video-preview:-1"},"canonical":"https:\/\/www.purejewels.com\/tr\/urun\/22-ayar-altin-baklali-zincir-32040\/","og_locale":"tr_TR","og_type":"article","og_title":"Buy online 22 Carat Real Gold Link Chain in 16 inches","og_description":"This 22K gold chain is crafted with utmost attention to detail and design and is 16 inches long. Hallmarked\u00a0 by London Assay Office","og_url":"https:\/\/www.purejewels.com\/tr\/urun\/22-ayar-altin-baklali-zincir-32040\/","og_site_name":"PureJewels UK","article_modified_time":"2024-09-03T10:04:09+00:00","og_image":[{"width":1000,"height":1000,"url":"https:\/\/www.purejewels.com\/wp-content\/uploads\/2020\/09\/image186859939.jpg","type":"image\/jpeg"}],"twitter_card":"summary_large_image","twitter_misc":{"Tahmini okuma s\u00fcresi":"1 dakika"},"schema":{"@context":"https:\/\/schema.org","@graph":[{"@type":["WebPage","ItemPage"],"@id":"https:\/\/www.purejewels.com\/product\/22ct-gold-link-chain-32040\/","url":"https:\/\/www.purejewels.com\/product\/22ct-gold-link-chain-32040\/","name":"16 in\u00e7 22 Ayar Ger\u00e7ek Alt\u0131n Link Zincir online sat\u0131n al\u0131n","isPartOf":{"@id":"https:\/\/www.purejewels.com\/#website"},"primaryImageOfPage":{"@id":"https:\/\/www.purejewels.com\/product\/22ct-gold-link-chain-32040\/#primaryimage"},"image":{"@id":"https:\/\/www.purejewels.com\/product\/22ct-gold-link-chain-32040\/#primaryimage"},"thumbnailUrl":"https:\/\/static.purejewels.com\/wp-content\/uploads\/2020\/09\/image186859939.jpg","datePublished":"2021-03-15T05:38:55+00:00","dateModified":"2024-09-03T10:04:09+00:00","description":"Bu 22 ayar alt\u0131n zincir, detaylara ve tasar\u0131ma azami \u00f6zen g\u00f6sterilerek \u00fcretilmi\u015ftir ve 16 in\u00e7 uzunlu\u011fundad\u0131r. London Assay Office taraf\u0131ndan damgalanm\u0131\u015ft\u0131r","breadcrumb":{"@id":"https:\/\/www.purejewels.com\/product\/22ct-gold-link-chain-32040\/#breadcrumb"},"inLanguage":"tr","potentialAction":[{"@type":"ReadAction","target":["https:\/\/www.purejewels.com\/product\/22ct-gold-link-chain-32040\/"]}]},{"@type":"ImageObject","inLanguage":"tr","@id":"https:\/\/www.purejewels.com\/product\/22ct-gold-link-chain-32040\/#primaryimage","url":"https:\/\/static.purejewels.com\/wp-content\/uploads\/2020\/09\/image186859939.jpg","contentUrl":"https:\/\/static.purejewels.com\/wp-content\/uploads\/2020\/09\/image186859939.jpg","width":1000,"height":1000,"caption":"22ct Gold Chain 2.7 gm 16 Inches"},{"@type":"BreadcrumbList","@id":"https:\/\/www.purejewels.com\/product\/22ct-gold-link-chain-32040\/#breadcrumb","itemListElement":[{"@type":"ListItem","position":1,"name":"Home","item":"https:\/\/www.purejewels.com\/"},{"@type":"ListItem","position":2,"name":"Shop","item":"https:\/\/www.purejewels.com\/shop\/"},{"@type":"ListItem","position":3,"name":"22ct Gold | Link Chain | 16 Inches | 1.6mm Thick"}]},{"@type":"WebSite","@id":"https:\/\/www.purejewels.com\/#website","url":"https:\/\/www.purejewels.com\/","name":"PureJewels \u0130ngiltere","description":"Sevgiyi Payla\u015f\u0131n","publisher":{"@id":"https:\/\/www.purejewels.com\/#organization"},"potentialAction":[{"@type":"SearchAction","target":{"@type":"EntryPoint","urlTemplate":"https:\/\/www.purejewels.com\/?s={search_term_string}"},"query-input":{"@type":"PropertyValueSpecification","valueRequired":true,"valueName":"search_term_string"}}],"inLanguage":"tr"},{"@type":"Organization","@id":"https:\/\/www.purejewels.com\/#organization","name":"PureJewels \u0130ngiltere","url":"https:\/\/www.purejewels.com\/","logo":{"@type":"ImageObject","inLanguage":"tr","@id":"https:\/\/www.purejewels.com\/#\/schema\/logo\/image\/","url":"https:\/\/static.purejewels.com\/wp-content\/uploads\/2020\/11\/Logo-PJ-New-1.png","contentUrl":"https:\/\/static.purejewels.com\/wp-content\/uploads\/2020\/11\/Logo-PJ-New-1.png","width":150,"height":80,"caption":"PureJewels UK"},"image":{"@id":"https:\/\/www.purejewels.com\/#\/schema\/logo\/image\/"}}]}},"_links":{"self":[{"href":"https:\/\/www.purejewels.com\/tr\/wp-json\/wp\/v2\/product\/322770","targetHints":{"allow":["GET"]}}],"collection":[{"href":"https:\/\/www.purejewels.com\/tr\/wp-json\/wp\/v2\/product"}],"about":[{"href":"https:\/\/www.purejewels.com\/tr\/wp-json\/wp\/v2\/types\/product"}],"replies":[{"embeddable":true,"href":"https:\/\/www.purejewels.com\/tr\/wp-json\/wp\/v2\/comments?post=322770"}],"version-history":[{"count":1,"href":"https:\/\/www.purejewels.com\/tr\/wp-json\/wp\/v2\/product\/322770\/revisions"}],"predecessor-version":[{"id":370939,"href":"https:\/\/www.purejewels.com\/tr\/wp-json\/wp\/v2\/product\/322770\/revisions\/370939"}],"wp:featuredmedia":[{"embeddable":true,"href":"https:\/\/www.purejewels.com\/tr\/wp-json\/wp\/v2\/media\/317739"}],"wp:attachment":[{"href":"https:\/\/www.purejewels.com\/tr\/wp-json\/wp\/v2\/media?parent=322770"}],"wp:term":[{"taxonomy":"product_brand","embeddable":true,"href":"https:\/\/www.purejewels.com\/tr\/wp-json\/wp\/v2\/product_brand?post=322770"},{"taxonomy":"product_cat","embeddable":true,"href":"https:\/\/www.purejewels.com\/tr\/wp-json\/wp\/v2\/product_cat?post=322770"},{"taxonomy":"product_tag","embeddable":true,"href":"https:\/\/www.purejewels.com\/tr\/wp-json\/wp\/v2\/product_tag?post=322770"}],"curies":[{"name":"wp","href":"https:\/\/api.w.org\/{rel}","templated":true}]}}