{"id":322775,"date":"2021-03-15T06:15:51","date_gmt":"2021-03-15T06:15:51","guid":{"rendered":"https:\/\/www.purejewels.com\/?post_type=product&#038;p=322775"},"modified":"2025-08-05T08:47:54","modified_gmt":"2025-08-05T07:47:54","slug":"22-ayar-altin-baklali-zincir","status":"publish","type":"product","link":"https:\/\/www.purejewels.com\/tr\/product\/22-carat-gold-link-chain\/","title":{"rendered":"22 Ayar Alt\u0131n | Baklal\u0131 Zincir | 16 \u0130n\u00e7 | 1,6mm Kal\u0131nl\u0131k"},"content":{"rendered":"<p><span style=\"font-weight: 400;\"><a href=\"https:\/\/www.purejewels.com\/tr\/product-category\/22ct-gold-jewellery\/gold-chains\/\">Zincirler<\/a> m\u00fccevher kutunuzun en \u00f6nemli par\u00e7as\u0131d\u0131r. Bunun nedeni, tak\u0131labilirliklerinden bahsederken \u00e7e\u015fitli ve dinamik yap\u0131lar\u0131d\u0131r. Y\u00fcksek talep g\u00f6rmeleri nedeniyle \u00e7ok say\u0131da tasar\u0131m ve boyutta \u00fcretilirler.<\/span><\/p>\n<p><span style=\"font-weight: 400;\">Bu <a href=\"https:\/\/www.purejewels.com\/tr\/product\/18ct-white-gold-link-chain-46414\/\">baklal\u0131 zincir<\/a> Purejewels taraf\u0131ndan benzersiz bir \u015fekilde tasarlanm\u0131\u015ft\u0131r ve genel olarak mevcut olanlardan olduk\u00e7a farkl\u0131d\u0131r. El i\u015f\u00e7ili\u011fiyle 22 ayar alt\u0131ndan g\u00fczel bir \u015fekilde \u00fcretilmi\u015ftir ve e\u015fi benzeri olmayan bir siluete sahiptir. Ba\u015flang\u0131\u00e7 olarak, d\u00fcz formdaki minyat\u00fcr diskler <a href=\"https:\/\/www.purejewels.com\/tr\/product-category\/22ct-gold-jewellery\/gold-rings\/\">halkalar<\/a> Karma\u015f\u0131k bir \u015fekilde haz\u0131rlanm\u0131\u015f ve zincirin narin ve ak\u0131c\u0131 kalmas\u0131n\u0131 ve boynunuzda g\u00fczel g\u00f6r\u00fcnmesini sa\u011flayacak \u015fekilde elle dikilmi\u015f ve birbirine ba\u011flanm\u0131\u015ft\u0131r. Zincirin her bir halkas\u0131, 16 in\u00e7lik m\u00fckemmel uzunlu\u011fa ula\u015fmak i\u00e7in birbirlerine dikilmeden \u00f6nce en ince ayr\u0131nt\u0131s\u0131na kadar elle tamamlan\u0131r.<\/span><\/p>\n<p><span style=\"font-weight: 400;\">\u0130nce 22K Link zincirimiz farkl\u0131 boyun boyutlar\u0131na g\u00f6re \u00f6zenle haz\u0131rlanm\u0131\u015ft\u0131r, bu da sizin ve sevdikleriniz i\u00e7in m\u00fckemmel olan\u0131 se\u00e7meyi son derece kolayla\u015ft\u0131r\u0131r.<\/span><\/p>\n<p><span style=\"font-weight: 400;\">Tek ba\u015f\u0131na e\u015fle\u015ftirin veya koleksiyonumuzdaki di\u011fer muhte\u015fem zincirlerle birlikte katmanlay\u0131n ya da geleneksel olarak zarif bir \u015fekilde sallanan Purejewels'ten ince bir kolye ile tak\u0131n.<\/span><\/p>","protected":false},"excerpt":{"rendered":"<p>&nbsp;<\/p>\n<ul>\n<li>16 \u0130n\u00e7 22 Ayar Alt\u0131n Link Zincir<\/li>\n<li>A\u011f\u0131rl\u0131k  2,7 gms<\/li>\n<li>Kal\u0131nl\u0131k 1.6mm<\/li>\n<li>Uzunluk 16 \u0130n\u00e7<\/li>\n<li>SKU. 32081<\/li>\n<li>T\u00fcm fiyatlara KDV dahildir<\/li>\n<li>Londra Tahlil Ofisi Taraf\u0131ndan Damgalanm\u0131\u015f 22 Ayar Alt\u0131n<\/li>\n<li>Sunum Kutusu ile Birlikte Gelir<\/li>\n<li>Teslimat Dahil<\/li>\n<li>Canl\u0131\u00a0<span id=\"urn:enhancement-1669260d\" class=\"textannotation\">sohbet<\/span>\u00a0kullan\u0131labilirlik ve \u015fu anda mevcut olan benzer tasar\u0131mlar\u0131n daha fazla g\u00f6r\u00fcnt\u00fcs\u00fc i\u00e7in bizimle\u00a0<span id=\"urn:enhancement-973de35f\" class=\"textannotation\">stok<\/span><\/li>\n<\/ul>","protected":false},"featured_media":317739,"comment_status":"closed","ping_status":"closed","template":"","meta":{"_eb_attr":"","_crsspst_to_jayantr4sg-hostcom":false},"product_brand":[],"product_cat":[5013,5020,1791,1559,1576,1475,1772,1773,1574],"product_tag":[],"class_list":{"0":"post-322775","1":"product","2":"type-product","3":"status-publish","4":"has-post-thumbnail","6":"product_cat-16-inch-ladies-chain","7":"product_cat-16-inch-kids-chain","8":"product_cat-anniversary-gifts","9":"product_cat-birthday-gifts","10":"product_cat-childrens-jewellery","11":"product_cat-gold-chains","12":"product_cat-kids-chains","13":"product_cat-ladies-chains","14":"product_cat-womens-jewellery","16":"first","17":"onbackorder","18":"taxable","19":"shipping-taxable","20":"product-type-simple","21":"add-to-wishlist-before_image"},"yoast_head":"<!-- This site is optimized with the Yoast SEO plugin v27.5 - https:\/\/yoast.com\/product\/yoast-seo-wordpress\/ -->\n<title>Buy beautifully crafted in 22K gold link chain<\/title>\n<meta name=\"description\" content=\"This link chain by Purejewels is uniquely designed &amp; quite different from the ones that are generally available.\" \/>\n<meta name=\"robots\" content=\"index, follow, max-snippet:-1, max-image-preview:large, max-video-preview:-1\" \/>\n<link rel=\"canonical\" href=\"https:\/\/www.purejewels.com\/tr\/urun\/22-ayar-altin-baklali-zincir\/\" \/>\n<meta property=\"og:locale\" content=\"tr_TR\" \/>\n<meta property=\"og:type\" content=\"article\" \/>\n<meta property=\"og:title\" content=\"Buy beautifully crafted in 22K gold link chain\" \/>\n<meta property=\"og:description\" content=\"This link chain by Purejewels is uniquely designed &amp; quite different from the ones that are generally available.\" \/>\n<meta property=\"og:url\" content=\"https:\/\/www.purejewels.com\/tr\/urun\/22-ayar-altin-baklali-zincir\/\" \/>\n<meta property=\"og:site_name\" content=\"PureJewels UK\" \/>\n<meta property=\"article:modified_time\" content=\"2025-08-05T07:47:54+00:00\" \/>\n<meta property=\"og:image\" content=\"https:\/\/www.purejewels.com\/wp-content\/uploads\/2020\/09\/image186859939.jpg\" \/>\n\t<meta property=\"og:image:width\" content=\"1000\" \/>\n\t<meta property=\"og:image:height\" content=\"1000\" \/>\n\t<meta property=\"og:image:type\" content=\"image\/jpeg\" \/>\n<meta name=\"twitter:card\" content=\"summary_large_image\" \/>\n<meta name=\"twitter:label1\" content=\"Tahmini okuma s\u00fcresi\" \/>\n\t<meta name=\"twitter:data1\" content=\"1 dakika\" \/>\n<script type=\"application\/ld+json\" class=\"yoast-schema-graph\">{\"@context\":\"https:\\\/\\\/schema.org\",\"@graph\":[{\"@type\":[\"WebPage\",\"ItemPage\"],\"@id\":\"https:\\\/\\\/www.purejewels.com\\\/product\\\/22-carat-gold-link-chain\\\/\",\"url\":\"https:\\\/\\\/www.purejewels.com\\\/product\\\/22-carat-gold-link-chain\\\/\",\"name\":\"Buy beautifully crafted in 22K gold link chain\",\"isPartOf\":{\"@id\":\"https:\\\/\\\/www.purejewels.com\\\/#website\"},\"primaryImageOfPage\":{\"@id\":\"https:\\\/\\\/www.purejewels.com\\\/product\\\/22-carat-gold-link-chain\\\/#primaryimage\"},\"image\":{\"@id\":\"https:\\\/\\\/www.purejewels.com\\\/product\\\/22-carat-gold-link-chain\\\/#primaryimage\"},\"thumbnailUrl\":\"https:\\\/\\\/static.purejewels.com\\\/wp-content\\\/uploads\\\/2020\\\/09\\\/image186859939.jpg\",\"datePublished\":\"2021-03-15T06:15:51+00:00\",\"dateModified\":\"2025-08-05T07:47:54+00:00\",\"description\":\"This link chain by Purejewels is uniquely designed & quite different from the ones that are generally available.\",\"breadcrumb\":{\"@id\":\"https:\\\/\\\/www.purejewels.com\\\/product\\\/22-carat-gold-link-chain\\\/#breadcrumb\"},\"inLanguage\":\"tr\",\"potentialAction\":[{\"@type\":\"ReadAction\",\"target\":[\"https:\\\/\\\/www.purejewels.com\\\/product\\\/22-carat-gold-link-chain\\\/\"]}]},{\"@type\":\"ImageObject\",\"inLanguage\":\"tr\",\"@id\":\"https:\\\/\\\/www.purejewels.com\\\/product\\\/22-carat-gold-link-chain\\\/#primaryimage\",\"url\":\"https:\\\/\\\/static.purejewels.com\\\/wp-content\\\/uploads\\\/2020\\\/09\\\/image186859939.jpg\",\"contentUrl\":\"https:\\\/\\\/static.purejewels.com\\\/wp-content\\\/uploads\\\/2020\\\/09\\\/image186859939.jpg\",\"width\":1000,\"height\":1000,\"caption\":\"22ct Gold Chain 2.7 gm 16 Inches\"},{\"@type\":\"BreadcrumbList\",\"@id\":\"https:\\\/\\\/www.purejewels.com\\\/product\\\/22-carat-gold-link-chain\\\/#breadcrumb\",\"itemListElement\":[{\"@type\":\"ListItem\",\"position\":1,\"name\":\"Home\",\"item\":\"https:\\\/\\\/www.purejewels.com\\\/\"},{\"@type\":\"ListItem\",\"position\":2,\"name\":\"Shop\",\"item\":\"https:\\\/\\\/www.purejewels.com\\\/shop\\\/\"},{\"@type\":\"ListItem\",\"position\":3,\"name\":\"22ct Gold | Link Chain | 16 Inches | 1.6mm Thick\"}]},{\"@type\":\"WebSite\",\"@id\":\"https:\\\/\\\/www.purejewels.com\\\/#website\",\"url\":\"https:\\\/\\\/www.purejewels.com\\\/\",\"name\":\"PureJewels UK\",\"description\":\"Share the Love\",\"publisher\":{\"@id\":\"https:\\\/\\\/www.purejewels.com\\\/#organization\"},\"potentialAction\":[{\"@type\":\"SearchAction\",\"target\":{\"@type\":\"EntryPoint\",\"urlTemplate\":\"https:\\\/\\\/www.purejewels.com\\\/?s={search_term_string}\"},\"query-input\":{\"@type\":\"PropertyValueSpecification\",\"valueRequired\":true,\"valueName\":\"search_term_string\"}}],\"inLanguage\":\"tr\"},{\"@type\":\"Organization\",\"@id\":\"https:\\\/\\\/www.purejewels.com\\\/#organization\",\"name\":\"PureJewels UK\",\"url\":\"https:\\\/\\\/www.purejewels.com\\\/\",\"logo\":{\"@type\":\"ImageObject\",\"inLanguage\":\"tr\",\"@id\":\"https:\\\/\\\/www.purejewels.com\\\/#\\\/schema\\\/logo\\\/image\\\/\",\"url\":\"https:\\\/\\\/static.purejewels.com\\\/wp-content\\\/uploads\\\/2020\\\/11\\\/Logo-PJ-New-1.png\",\"contentUrl\":\"https:\\\/\\\/static.purejewels.com\\\/wp-content\\\/uploads\\\/2020\\\/11\\\/Logo-PJ-New-1.png\",\"width\":150,\"height\":80,\"caption\":\"PureJewels UK\"},\"image\":{\"@id\":\"https:\\\/\\\/www.purejewels.com\\\/#\\\/schema\\\/logo\\\/image\\\/\"}}]}<\/script>\n<!-- \/ Yoast SEO plugin. -->","yoast_head_json":{"title":"22K alt\u0131n baklal\u0131 zincirle g\u00fczelce haz\u0131rlanm\u0131\u015f sat\u0131n al\u0131n","description":"Purejewels'in bu baklal\u0131 zinciri benzersiz bir \u015fekilde tasarlanm\u0131\u015ft\u0131r ve genel olarak mevcut olanlardan olduk\u00e7a farkl\u0131d\u0131r.","robots":{"index":"index","follow":"follow","max-snippet":"max-snippet:-1","max-image-preview":"max-image-preview:large","max-video-preview":"max-video-preview:-1"},"canonical":"https:\/\/www.purejewels.com\/tr\/urun\/22-ayar-altin-baklali-zincir\/","og_locale":"tr_TR","og_type":"article","og_title":"Buy beautifully crafted in 22K gold link chain","og_description":"This link chain by Purejewels is uniquely designed & quite different from the ones that are generally available.","og_url":"https:\/\/www.purejewels.com\/tr\/urun\/22-ayar-altin-baklali-zincir\/","og_site_name":"PureJewels UK","article_modified_time":"2025-08-05T07:47:54+00:00","og_image":[{"width":1000,"height":1000,"url":"https:\/\/www.purejewels.com\/wp-content\/uploads\/2020\/09\/image186859939.jpg","type":"image\/jpeg"}],"twitter_card":"summary_large_image","twitter_misc":{"Tahmini okuma s\u00fcresi":"1 dakika"},"schema":{"@context":"https:\/\/schema.org","@graph":[{"@type":["WebPage","ItemPage"],"@id":"https:\/\/www.purejewels.com\/product\/22-carat-gold-link-chain\/","url":"https:\/\/www.purejewels.com\/product\/22-carat-gold-link-chain\/","name":"22K alt\u0131n baklal\u0131 zincirle g\u00fczelce haz\u0131rlanm\u0131\u015f sat\u0131n al\u0131n","isPartOf":{"@id":"https:\/\/www.purejewels.com\/#website"},"primaryImageOfPage":{"@id":"https:\/\/www.purejewels.com\/product\/22-carat-gold-link-chain\/#primaryimage"},"image":{"@id":"https:\/\/www.purejewels.com\/product\/22-carat-gold-link-chain\/#primaryimage"},"thumbnailUrl":"https:\/\/static.purejewels.com\/wp-content\/uploads\/2020\/09\/image186859939.jpg","datePublished":"2021-03-15T06:15:51+00:00","dateModified":"2025-08-05T07:47:54+00:00","description":"Purejewels'in bu baklal\u0131 zinciri benzersiz bir \u015fekilde tasarlanm\u0131\u015ft\u0131r ve genel olarak mevcut olanlardan olduk\u00e7a farkl\u0131d\u0131r.","breadcrumb":{"@id":"https:\/\/www.purejewels.com\/product\/22-carat-gold-link-chain\/#breadcrumb"},"inLanguage":"tr","potentialAction":[{"@type":"ReadAction","target":["https:\/\/www.purejewels.com\/product\/22-carat-gold-link-chain\/"]}]},{"@type":"ImageObject","inLanguage":"tr","@id":"https:\/\/www.purejewels.com\/product\/22-carat-gold-link-chain\/#primaryimage","url":"https:\/\/static.purejewels.com\/wp-content\/uploads\/2020\/09\/image186859939.jpg","contentUrl":"https:\/\/static.purejewels.com\/wp-content\/uploads\/2020\/09\/image186859939.jpg","width":1000,"height":1000,"caption":"22ct Gold Chain 2.7 gm 16 Inches"},{"@type":"BreadcrumbList","@id":"https:\/\/www.purejewels.com\/product\/22-carat-gold-link-chain\/#breadcrumb","itemListElement":[{"@type":"ListItem","position":1,"name":"Home","item":"https:\/\/www.purejewels.com\/"},{"@type":"ListItem","position":2,"name":"Shop","item":"https:\/\/www.purejewels.com\/shop\/"},{"@type":"ListItem","position":3,"name":"22ct Gold | Link Chain | 16 Inches | 1.6mm Thick"}]},{"@type":"WebSite","@id":"https:\/\/www.purejewels.com\/#website","url":"https:\/\/www.purejewels.com\/","name":"PureJewels \u0130ngiltere","description":"Sevgiyi Payla\u015f\u0131n","publisher":{"@id":"https:\/\/www.purejewels.com\/#organization"},"potentialAction":[{"@type":"SearchAction","target":{"@type":"EntryPoint","urlTemplate":"https:\/\/www.purejewels.com\/?s={search_term_string}"},"query-input":{"@type":"PropertyValueSpecification","valueRequired":true,"valueName":"search_term_string"}}],"inLanguage":"tr"},{"@type":"Organization","@id":"https:\/\/www.purejewels.com\/#organization","name":"PureJewels \u0130ngiltere","url":"https:\/\/www.purejewels.com\/","logo":{"@type":"ImageObject","inLanguage":"tr","@id":"https:\/\/www.purejewels.com\/#\/schema\/logo\/image\/","url":"https:\/\/static.purejewels.com\/wp-content\/uploads\/2020\/11\/Logo-PJ-New-1.png","contentUrl":"https:\/\/static.purejewels.com\/wp-content\/uploads\/2020\/11\/Logo-PJ-New-1.png","width":150,"height":80,"caption":"PureJewels UK"},"image":{"@id":"https:\/\/www.purejewels.com\/#\/schema\/logo\/image\/"}}]}},"_links":{"self":[{"href":"https:\/\/www.purejewels.com\/tr\/wp-json\/wp\/v2\/product\/322775","targetHints":{"allow":["GET"]}}],"collection":[{"href":"https:\/\/www.purejewels.com\/tr\/wp-json\/wp\/v2\/product"}],"about":[{"href":"https:\/\/www.purejewels.com\/tr\/wp-json\/wp\/v2\/types\/product"}],"replies":[{"embeddable":true,"href":"https:\/\/www.purejewels.com\/tr\/wp-json\/wp\/v2\/comments?post=322775"}],"version-history":[{"count":1,"href":"https:\/\/www.purejewels.com\/tr\/wp-json\/wp\/v2\/product\/322775\/revisions"}],"predecessor-version":[{"id":370954,"href":"https:\/\/www.purejewels.com\/tr\/wp-json\/wp\/v2\/product\/322775\/revisions\/370954"}],"wp:featuredmedia":[{"embeddable":true,"href":"https:\/\/www.purejewels.com\/tr\/wp-json\/wp\/v2\/media\/317739"}],"wp:attachment":[{"href":"https:\/\/www.purejewels.com\/tr\/wp-json\/wp\/v2\/media?parent=322775"}],"wp:term":[{"taxonomy":"product_brand","embeddable":true,"href":"https:\/\/www.purejewels.com\/tr\/wp-json\/wp\/v2\/product_brand?post=322775"},{"taxonomy":"product_cat","embeddable":true,"href":"https:\/\/www.purejewels.com\/tr\/wp-json\/wp\/v2\/product_cat?post=322775"},{"taxonomy":"product_tag","embeddable":true,"href":"https:\/\/www.purejewels.com\/tr\/wp-json\/wp\/v2\/product_tag?post=322775"}],"curies":[{"name":"wp","href":"https:\/\/api.w.org\/{rel}","templated":true}]}}