{"id":322836,"date":"2021-03-17T10:57:12","date_gmt":"2021-03-17T10:57:12","guid":{"rendered":"https:\/\/www.purejewels.com\/?post_type=product&#038;p=322836"},"modified":"2026-01-10T16:15:38","modified_gmt":"2026-01-10T16:15:38","slug":"glow-collection-22-ayar-altin-bayan-bileklik-33654","status":"publish","type":"product","link":"https:\/\/www.purejewels.com\/tr\/product\/glow-collection-22ct-gold-ladies-bracelet-33654\/","title":{"rendered":"22 ayar alt\u0131n ince d\u00fc\u011f\u00fcml\u00fc bileklik"},"content":{"rendered":"<p>Bu 22 ayar alt\u0131n ince d\u00fc\u011f\u00fcml\u00fc bileklik ile g\u00fcnl\u00fck \u015f\u0131kl\u0131\u011f\u0131n\u0131za sofistike bir dokunu\u015f kat\u0131n. Zengin sar\u0131 alt\u0131ndan \u00fcretilen bu bileklik, minimalist g\u00fczelli\u011fi yans\u0131tan ince b\u00fck\u00fcml\u00fc ip tasar\u0131m\u0131 ve k\u00fc\u00e7\u00fck d\u00fc\u011f\u00fcm detaylar\u0131yla dikkat \u00e7ekiyor. Hafif ve \u00e7ok y\u00f6nl\u00fc olan bu bileklik, katmanl\u0131 kullan\u0131m veya tek ba\u015f\u0131na zarif bir g\u00f6r\u00fcn\u00fcm i\u00e7in m\u00fckemmeldir. Hem g\u00fcndelik hem de resmi ortamlar i\u00e7in ideal olan bu bileklik, de\u011ferli bir hediye veya ki\u015fisel bir hat\u0131ra olarak da kullan\u0131labilir.<\/p>","protected":false},"excerpt":{"rendered":"<ul>\n<li>22 Ayar Alt\u0131n Bayan Bileklik<\/li>\n<li>A\u011f\u0131rl\u0131k: 2,2 gms<\/li>\n<li>SKU 33654<\/li>\n<li>Boyut 2.4<\/li>\n<li>T\u00fcm fiyatlara KDV dahildir<\/li>\n<li>Londra Tahlil Ofisi Taraf\u0131ndan Damgalanm\u0131\u015f 22 Ayar Alt\u0131n<\/li>\n<li>Sunum Kutusu ile Birlikte Gelir<\/li>\n<li>Teslimat Dahil<\/li>\n<li>Stok durumu ve stokta bulunan benzer tasar\u0131mlar\u0131n daha fazla g\u00f6r\u00fcnt\u00fcs\u00fc i\u00e7in bizimle canl\u0131 sohbet edin<\/li>\n<\/ul>","protected":false},"featured_media":320205,"comment_status":"closed","ping_status":"closed","template":"","meta":{"_eb_attr":"","_crsspst_to_jayantr4sg-hostcom":false},"product_brand":[],"product_cat":[1791,1559,3628,1627,1657],"product_tag":[],"class_list":{"0":"post-322836","1":"product","2":"type-product","3":"status-publish","4":"has-post-thumbnail","6":"product_cat-anniversary-gifts","7":"product_cat-birthday-gifts","8":"product_cat-glow-collections","9":"product_cat-ladies-bracelet","10":"product_cat-single-bangle","12":"first","13":"outofstock","14":"sale","15":"taxable","16":"shipping-taxable","17":"product-type-simple","18":"add-to-wishlist-before_image"},"yoast_head":"<!-- This site is optimized with the Yoast SEO plugin v27.3 - https:\/\/yoast.com\/product\/yoast-seo-wordpress\/ -->\n<title>22ct Gold Subtle Knot Bangle Bracelet | Elegant &amp; Timeless<\/title>\n<meta name=\"description\" content=\"Discover timeless elegance with our 22ct Gold Subtle Knot Bangle Bracelet \u2014 a delicate and graceful addition to any jewellery collection in the UK.\" \/>\n<meta name=\"robots\" content=\"index, follow, max-snippet:-1, max-image-preview:large, max-video-preview:-1\" \/>\n<link rel=\"canonical\" href=\"https:\/\/www.purejewels.com\/tr\/urun\/glow-collection-22-ayar-altin-bayan-bileklik-33654\/\" \/>\n<meta property=\"og:locale\" content=\"tr_TR\" \/>\n<meta property=\"og:type\" content=\"article\" \/>\n<meta property=\"og:title\" content=\"22ct Gold Subtle Knot Bangle Bracelet | Elegant &amp; Timeless\" \/>\n<meta property=\"og:description\" content=\"Discover timeless elegance with our 22ct Gold Subtle Knot Bangle Bracelet \u2014 a delicate and graceful addition to any jewellery collection in the UK.\" \/>\n<meta property=\"og:url\" content=\"https:\/\/www.purejewels.com\/tr\/urun\/glow-collection-22-ayar-altin-bayan-bileklik-33654\/\" \/>\n<meta property=\"og:site_name\" content=\"PureJewels UK\" \/>\n<meta property=\"article:modified_time\" content=\"2026-01-10T16:15:38+00:00\" \/>\n<meta property=\"og:image\" content=\"https:\/\/www.purejewels.com\/wp-content\/uploads\/2020\/12\/image199485481-20.jpg\" \/>\n\t<meta property=\"og:image:width\" content=\"1000\" \/>\n\t<meta property=\"og:image:height\" content=\"1000\" \/>\n\t<meta property=\"og:image:type\" content=\"image\/jpeg\" \/>\n<meta name=\"twitter:card\" content=\"summary_large_image\" \/>\n<meta name=\"twitter:label1\" content=\"Tahmini okuma s\u00fcresi\" \/>\n\t<meta name=\"twitter:data1\" content=\"1 dakika\" \/>\n<script type=\"application\/ld+json\" class=\"yoast-schema-graph\">{\"@context\":\"https:\\\/\\\/schema.org\",\"@graph\":[{\"@type\":[\"WebPage\",\"ItemPage\"],\"@id\":\"https:\\\/\\\/www.purejewels.com\\\/product\\\/glow-collection-22ct-gold-ladies-bracelet-33654\\\/\",\"url\":\"https:\\\/\\\/www.purejewels.com\\\/product\\\/glow-collection-22ct-gold-ladies-bracelet-33654\\\/\",\"name\":\"22ct Gold Subtle Knot Bangle Bracelet | Elegant & Timeless\",\"isPartOf\":{\"@id\":\"https:\\\/\\\/www.purejewels.com\\\/#website\"},\"primaryImageOfPage\":{\"@id\":\"https:\\\/\\\/www.purejewels.com\\\/product\\\/glow-collection-22ct-gold-ladies-bracelet-33654\\\/#primaryimage\"},\"image\":{\"@id\":\"https:\\\/\\\/www.purejewels.com\\\/product\\\/glow-collection-22ct-gold-ladies-bracelet-33654\\\/#primaryimage\"},\"thumbnailUrl\":\"https:\\\/\\\/static.purejewels.com\\\/wp-content\\\/uploads\\\/2020\\\/12\\\/image199485481-20.jpg\",\"datePublished\":\"2021-03-17T10:57:12+00:00\",\"dateModified\":\"2026-01-10T16:15:38+00:00\",\"description\":\"Discover timeless elegance with our 22ct Gold Subtle Knot Bangle Bracelet \u2014 a delicate and graceful addition to any jewellery collection in the UK.\",\"breadcrumb\":{\"@id\":\"https:\\\/\\\/www.purejewels.com\\\/product\\\/glow-collection-22ct-gold-ladies-bracelet-33654\\\/#breadcrumb\"},\"inLanguage\":\"tr\",\"potentialAction\":[{\"@type\":\"ReadAction\",\"target\":[\"https:\\\/\\\/www.purejewels.com\\\/product\\\/glow-collection-22ct-gold-ladies-bracelet-33654\\\/\"]}]},{\"@type\":\"ImageObject\",\"inLanguage\":\"tr\",\"@id\":\"https:\\\/\\\/www.purejewels.com\\\/product\\\/glow-collection-22ct-gold-ladies-bracelet-33654\\\/#primaryimage\",\"url\":\"https:\\\/\\\/static.purejewels.com\\\/wp-content\\\/uploads\\\/2020\\\/12\\\/image199485481-20.jpg\",\"contentUrl\":\"https:\\\/\\\/static.purejewels.com\\\/wp-content\\\/uploads\\\/2020\\\/12\\\/image199485481-20.jpg\",\"width\":1000,\"height\":1000,\"caption\":\"Women's 22ct Gold Bracelet\"},{\"@type\":\"BreadcrumbList\",\"@id\":\"https:\\\/\\\/www.purejewels.com\\\/product\\\/glow-collection-22ct-gold-ladies-bracelet-33654\\\/#breadcrumb\",\"itemListElement\":[{\"@type\":\"ListItem\",\"position\":1,\"name\":\"Home\",\"item\":\"https:\\\/\\\/www.purejewels.com\\\/\"},{\"@type\":\"ListItem\",\"position\":2,\"name\":\"Shop\",\"item\":\"https:\\\/\\\/www.purejewels.com\\\/shop\\\/\"},{\"@type\":\"ListItem\",\"position\":3,\"name\":\"22ct Gold Subtle Knot Bangle Bracelet\"}]},{\"@type\":\"WebSite\",\"@id\":\"https:\\\/\\\/www.purejewels.com\\\/#website\",\"url\":\"https:\\\/\\\/www.purejewels.com\\\/\",\"name\":\"PureJewels UK\",\"description\":\"Share the Love\",\"publisher\":{\"@id\":\"https:\\\/\\\/www.purejewels.com\\\/#organization\"},\"potentialAction\":[{\"@type\":\"SearchAction\",\"target\":{\"@type\":\"EntryPoint\",\"urlTemplate\":\"https:\\\/\\\/www.purejewels.com\\\/?s={search_term_string}\"},\"query-input\":{\"@type\":\"PropertyValueSpecification\",\"valueRequired\":true,\"valueName\":\"search_term_string\"}}],\"inLanguage\":\"tr\"},{\"@type\":\"Organization\",\"@id\":\"https:\\\/\\\/www.purejewels.com\\\/#organization\",\"name\":\"PureJewels UK\",\"url\":\"https:\\\/\\\/www.purejewels.com\\\/\",\"logo\":{\"@type\":\"ImageObject\",\"inLanguage\":\"tr\",\"@id\":\"https:\\\/\\\/www.purejewels.com\\\/#\\\/schema\\\/logo\\\/image\\\/\",\"url\":\"https:\\\/\\\/static.purejewels.com\\\/wp-content\\\/uploads\\\/2020\\\/11\\\/Logo-PJ-New-1.png\",\"contentUrl\":\"https:\\\/\\\/static.purejewels.com\\\/wp-content\\\/uploads\\\/2020\\\/11\\\/Logo-PJ-New-1.png\",\"width\":150,\"height\":80,\"caption\":\"PureJewels UK\"},\"image\":{\"@id\":\"https:\\\/\\\/www.purejewels.com\\\/#\\\/schema\\\/logo\\\/image\\\/\"}}]}<\/script>\n<!-- \/ Yoast SEO plugin. -->","yoast_head_json":{"title":"22 ayar alt\u0131n ince d\u00fc\u011f\u00fcml\u00fc bileklik | Zarif ve zamans\u0131z","description":"22 ayar alt\u0131n Subtle Knot Bangle bilezik ile zamans\u0131z zarafeti ke\u015ffedin \u2014 Birle\u015fik Krall\u0131k'taki t\u00fcm m\u00fccevher koleksiyonlar\u0131na zarif ve \u015f\u0131k bir katk\u0131.","robots":{"index":"index","follow":"follow","max-snippet":"max-snippet:-1","max-image-preview":"max-image-preview:large","max-video-preview":"max-video-preview:-1"},"canonical":"https:\/\/www.purejewels.com\/tr\/urun\/glow-collection-22-ayar-altin-bayan-bileklik-33654\/","og_locale":"tr_TR","og_type":"article","og_title":"22ct Gold Subtle Knot Bangle Bracelet | Elegant & Timeless","og_description":"Discover timeless elegance with our 22ct Gold Subtle Knot Bangle Bracelet \u2014 a delicate and graceful addition to any jewellery collection in the UK.","og_url":"https:\/\/www.purejewels.com\/tr\/urun\/glow-collection-22-ayar-altin-bayan-bileklik-33654\/","og_site_name":"PureJewels UK","article_modified_time":"2026-01-10T16:15:38+00:00","og_image":[{"width":1000,"height":1000,"url":"https:\/\/www.purejewels.com\/wp-content\/uploads\/2020\/12\/image199485481-20.jpg","type":"image\/jpeg"}],"twitter_card":"summary_large_image","twitter_misc":{"Tahmini okuma s\u00fcresi":"1 dakika"},"schema":{"@context":"https:\/\/schema.org","@graph":[{"@type":["WebPage","ItemPage"],"@id":"https:\/\/www.purejewels.com\/product\/glow-collection-22ct-gold-ladies-bracelet-33654\/","url":"https:\/\/www.purejewels.com\/product\/glow-collection-22ct-gold-ladies-bracelet-33654\/","name":"22 ayar alt\u0131n ince d\u00fc\u011f\u00fcml\u00fc bileklik | Zarif ve zamans\u0131z","isPartOf":{"@id":"https:\/\/www.purejewels.com\/#website"},"primaryImageOfPage":{"@id":"https:\/\/www.purejewels.com\/product\/glow-collection-22ct-gold-ladies-bracelet-33654\/#primaryimage"},"image":{"@id":"https:\/\/www.purejewels.com\/product\/glow-collection-22ct-gold-ladies-bracelet-33654\/#primaryimage"},"thumbnailUrl":"https:\/\/static.purejewels.com\/wp-content\/uploads\/2020\/12\/image199485481-20.jpg","datePublished":"2021-03-17T10:57:12+00:00","dateModified":"2026-01-10T16:15:38+00:00","description":"22 ayar alt\u0131n Subtle Knot Bangle bilezik ile zamans\u0131z zarafeti ke\u015ffedin \u2014 Birle\u015fik Krall\u0131k'taki t\u00fcm m\u00fccevher koleksiyonlar\u0131na zarif ve \u015f\u0131k bir katk\u0131.","breadcrumb":{"@id":"https:\/\/www.purejewels.com\/product\/glow-collection-22ct-gold-ladies-bracelet-33654\/#breadcrumb"},"inLanguage":"tr","potentialAction":[{"@type":"ReadAction","target":["https:\/\/www.purejewels.com\/product\/glow-collection-22ct-gold-ladies-bracelet-33654\/"]}]},{"@type":"ImageObject","inLanguage":"tr","@id":"https:\/\/www.purejewels.com\/product\/glow-collection-22ct-gold-ladies-bracelet-33654\/#primaryimage","url":"https:\/\/static.purejewels.com\/wp-content\/uploads\/2020\/12\/image199485481-20.jpg","contentUrl":"https:\/\/static.purejewels.com\/wp-content\/uploads\/2020\/12\/image199485481-20.jpg","width":1000,"height":1000,"caption":"Women's 22ct Gold Bracelet"},{"@type":"BreadcrumbList","@id":"https:\/\/www.purejewels.com\/product\/glow-collection-22ct-gold-ladies-bracelet-33654\/#breadcrumb","itemListElement":[{"@type":"ListItem","position":1,"name":"Home","item":"https:\/\/www.purejewels.com\/"},{"@type":"ListItem","position":2,"name":"Shop","item":"https:\/\/www.purejewels.com\/shop\/"},{"@type":"ListItem","position":3,"name":"22ct Gold Subtle Knot Bangle Bracelet"}]},{"@type":"WebSite","@id":"https:\/\/www.purejewels.com\/#website","url":"https:\/\/www.purejewels.com\/","name":"PureJewels \u0130ngiltere","description":"Sevgiyi Payla\u015f\u0131n","publisher":{"@id":"https:\/\/www.purejewels.com\/#organization"},"potentialAction":[{"@type":"SearchAction","target":{"@type":"EntryPoint","urlTemplate":"https:\/\/www.purejewels.com\/?s={search_term_string}"},"query-input":{"@type":"PropertyValueSpecification","valueRequired":true,"valueName":"search_term_string"}}],"inLanguage":"tr"},{"@type":"Organization","@id":"https:\/\/www.purejewels.com\/#organization","name":"PureJewels \u0130ngiltere","url":"https:\/\/www.purejewels.com\/","logo":{"@type":"ImageObject","inLanguage":"tr","@id":"https:\/\/www.purejewels.com\/#\/schema\/logo\/image\/","url":"https:\/\/static.purejewels.com\/wp-content\/uploads\/2020\/11\/Logo-PJ-New-1.png","contentUrl":"https:\/\/static.purejewels.com\/wp-content\/uploads\/2020\/11\/Logo-PJ-New-1.png","width":150,"height":80,"caption":"PureJewels UK"},"image":{"@id":"https:\/\/www.purejewels.com\/#\/schema\/logo\/image\/"}}]}},"_links":{"self":[{"href":"https:\/\/www.purejewels.com\/tr\/wp-json\/wp\/v2\/product\/322836","targetHints":{"allow":["GET"]}}],"collection":[{"href":"https:\/\/www.purejewels.com\/tr\/wp-json\/wp\/v2\/product"}],"about":[{"href":"https:\/\/www.purejewels.com\/tr\/wp-json\/wp\/v2\/types\/product"}],"replies":[{"embeddable":true,"href":"https:\/\/www.purejewels.com\/tr\/wp-json\/wp\/v2\/comments?post=322836"}],"version-history":[{"count":2,"href":"https:\/\/www.purejewels.com\/tr\/wp-json\/wp\/v2\/product\/322836\/revisions"}],"predecessor-version":[{"id":421514,"href":"https:\/\/www.purejewels.com\/tr\/wp-json\/wp\/v2\/product\/322836\/revisions\/421514"}],"wp:featuredmedia":[{"embeddable":true,"href":"https:\/\/www.purejewels.com\/tr\/wp-json\/wp\/v2\/media\/320205"}],"wp:attachment":[{"href":"https:\/\/www.purejewels.com\/tr\/wp-json\/wp\/v2\/media?parent=322836"}],"wp:term":[{"taxonomy":"product_brand","embeddable":true,"href":"https:\/\/www.purejewels.com\/tr\/wp-json\/wp\/v2\/product_brand?post=322836"},{"taxonomy":"product_cat","embeddable":true,"href":"https:\/\/www.purejewels.com\/tr\/wp-json\/wp\/v2\/product_cat?post=322836"},{"taxonomy":"product_tag","embeddable":true,"href":"https:\/\/www.purejewels.com\/tr\/wp-json\/wp\/v2\/product_tag?post=322836"}],"curies":[{"name":"wp","href":"https:\/\/api.w.org\/{rel}","templated":true}]}}