{"id":322852,"date":"2021-03-18T09:23:56","date_gmt":"2021-03-18T09:23:56","guid":{"rendered":"https:\/\/www.purejewels.com\/?post_type=product&#038;p=322852"},"modified":"2025-12-05T07:48:42","modified_gmt":"2025-12-05T07:48:42","slug":"22-ayar-altin-bilezik-12","status":"publish","type":"product","link":"https:\/\/www.purejewels.com\/tr\/product\/22ct-gold-bracelet-12\/","title":{"rendered":"22 ayar alt\u0131n b\u00fck\u00fcml\u00fc boncuk bilezik"},"content":{"rendered":"<p><strong>Tasar\u0131m<\/strong><\/p>\n<p>Bu bileklik, her biri \u0131\u015f\u0131\u011f\u0131 yans\u0131tacak \u015fekilde \u015fekillendirilmi\u015f, zarif bir k\u0131vr\u0131ml\u0131 dokuya sahip b\u00fck\u00fclm\u00fc\u015f alt\u0131n boncuklardan olu\u015fur. Tasar\u0131m, e\u011flenceli ama zarif bir hareket sunarak, \u0131\u015f\u0131lt\u0131l\u0131 bir dokunu\u015fla g\u00fcnl\u00fck kullan\u0131m i\u00e7in \u015f\u0131k bir g\u00f6r\u00fcn\u00fcm yarat\u0131r.<\/p>\n<p><strong>Zanaatkarl\u0131k<\/strong><\/p>\n<p>Saf 22 ayar alt\u0131ndan \u00fcretilen bileklik, geleneksel boncuk i\u015f\u00e7ili\u011fi tekniklerinin g\u00fczelli\u011fini sergiliyor. Parlak kaplama, alt\u0131n\u0131n s\u0131cakl\u0131\u011f\u0131n\u0131 ve parlakl\u0131\u011f\u0131n\u0131 art\u0131r\u0131rken, \u0130ngiltere damgas\u0131 sertifikal\u0131 safl\u0131k ve orijinalli\u011fi garanti ediyor. G\u00fcvenli bir toka, bilekli\u011fin g\u00fcn boyu rahat ve kolay bir \u015fekilde tak\u0131lmas\u0131n\u0131 sa\u011fl\u0131yor.<\/p>\n<p><strong>\u015eekillendirme &amp; Hediyele\u015fme<\/strong><\/p>\n<p>G\u00fcnl\u00fck aksesuarlar i\u00e7in \u00e7ok y\u00f6nl\u00fc bir se\u00e7im olan bu \u00fcr\u00fcn, bilezikler ve zincir bileziklerle g\u00fczel bir uyum sa\u011flar veya minimalist bir l\u00fcks dokunu\u015f i\u00e7in tek ba\u015f\u0131na da kullan\u0131labilir. Do\u011fum g\u00fcnleri, y\u0131ld\u00f6n\u00fcmleri veya bayram kutlamalar\u0131 i\u00e7in y\u0131llarca severek saklanacak, \u00f6zenle se\u00e7ilmi\u015f bir hediye.<\/p>","protected":false},"excerpt":{"rendered":"<ul>\n<li>22ct\u00a0<span id=\"urn:enhancement-6b5dda1b\" class=\"textannotation\">Alt\u0131n<\/span>\u00a0Bilezik<\/li>\n<li>A\u011f\u0131rl\u0131k 5,2 gms<\/li>\n<li>Sku 33662<\/li>\n<li>Uzunluk 7,5 \u0130n\u00e7<\/li>\n<li>Boncuk Kal\u0131nl\u0131\u011f\u0131 3mm<\/li>\n<li>T\u00fcm fiyatlara KDV dahildir<\/li>\n<li>Hepsi 22\u00a0<span id=\"urn:enhancement-96f8acd8\" class=\"textannotation\">karat<\/span>\u00a0<span id=\"urn:enhancement-475c5677\" class=\"textannotation\">alt\u0131n<\/span>\u00a0bilezikler Londra damgal\u0131d\u0131r\u00a0<span id=\"urn:enhancement-50f6b5fe\" class=\"textannotation\">Tahlil Ofisi<\/span><\/li>\n<li>T\u00fcm\u00fc\u00a0<span id=\"urn:enhancement-a52000c\" class=\"textannotation\">Alt\u0131n<\/span>\u00a0Kad\u0131n Bilekli\u011fi Sunum Kutusuyla Birlikte Gelir<\/li>\n<li>Teslimat Dahil<\/li>\n<li>Uygunluk durumu ve daha fazla benzer g\u00f6rsel i\u00e7in bizimle canl\u0131 sohbet edin\u00a0<span id=\"urn:enhancement-bc77c438\" class=\"textannotation\">tasar\u0131mlar<\/span>\u00a0\u015fu anda\u00a0<span id=\"urn:enhancement-973deb93\" class=\"textannotation\">stok<\/span><\/li>\n<\/ul>","protected":false},"featured_media":322853,"comment_status":"closed","ping_status":"closed","template":"","meta":{"_eb_attr":"","_crsspst_to_jayantr4sg-hostcom":false},"product_brand":[],"product_cat":[3628],"product_tag":[],"class_list":{"0":"post-322852","1":"product","2":"type-product","3":"status-publish","4":"has-post-thumbnail","6":"product_cat-glow-collections","8":"first","9":"outofstock","10":"taxable","11":"shipping-taxable","12":"product-type-simple","13":"add-to-wishlist-before_image"},"yoast_head":"<!-- This site is optimized with the Yoast SEO plugin v27.3 - https:\/\/yoast.com\/product\/yoast-seo-wordpress\/ -->\n<title>22ct Gold Twisted Bead Bracelet | PureJewels UK | Shop Online<\/title>\n<meta name=\"description\" content=\"Discover the 22ct Gold Twisted Bead Bracelet at PureJewels UK. Featuring textured gold beads linked in a delicate rhythm and crafted in pure 22ct gold.\" \/>\n<meta name=\"robots\" content=\"index, follow, max-snippet:-1, max-image-preview:large, max-video-preview:-1\" \/>\n<link rel=\"canonical\" href=\"https:\/\/www.purejewels.com\/tr\/urun\/22-ayar-altin-bilezik-12\/\" \/>\n<meta property=\"og:locale\" content=\"tr_TR\" \/>\n<meta property=\"og:type\" content=\"article\" \/>\n<meta property=\"og:title\" content=\"22ct Gold Twisted Bead Bracelet | PureJewels UK | Shop Online\" \/>\n<meta property=\"og:description\" content=\"Discover the 22ct Gold Twisted Bead Bracelet at PureJewels UK. Featuring textured gold beads linked in a delicate rhythm and crafted in pure 22ct gold.\" \/>\n<meta property=\"og:url\" content=\"https:\/\/www.purejewels.com\/tr\/urun\/22-ayar-altin-bilezik-12\/\" \/>\n<meta property=\"og:site_name\" content=\"PureJewels UK\" \/>\n<meta property=\"article:modified_time\" content=\"2025-12-05T07:48:42+00:00\" \/>\n<meta property=\"og:image\" content=\"https:\/\/static.purejewels.com\/wp-content\/uploads\/2021\/03\/3mm.jpg\" \/>\n\t<meta property=\"og:image:width\" content=\"1000\" \/>\n\t<meta property=\"og:image:height\" content=\"1000\" \/>\n\t<meta property=\"og:image:type\" content=\"image\/jpeg\" \/>\n<meta name=\"twitter:card\" content=\"summary_large_image\" \/>\n<meta name=\"twitter:label1\" content=\"Tahmini okuma s\u00fcresi\" \/>\n\t<meta name=\"twitter:data1\" content=\"1 dakika\" \/>\n<script type=\"application\/ld+json\" class=\"yoast-schema-graph\">{\"@context\":\"https:\\\/\\\/schema.org\",\"@graph\":[{\"@type\":[\"WebPage\",\"ItemPage\"],\"@id\":\"https:\\\/\\\/www.purejewels.com\\\/product\\\/22ct-gold-bracelet-12\\\/\",\"url\":\"https:\\\/\\\/www.purejewels.com\\\/product\\\/22ct-gold-bracelet-12\\\/\",\"name\":\"22ct Gold Twisted Bead Bracelet | PureJewels UK | Shop Online\",\"isPartOf\":{\"@id\":\"https:\\\/\\\/www.purejewels.com\\\/#website\"},\"primaryImageOfPage\":{\"@id\":\"https:\\\/\\\/www.purejewels.com\\\/product\\\/22ct-gold-bracelet-12\\\/#primaryimage\"},\"image\":{\"@id\":\"https:\\\/\\\/www.purejewels.com\\\/product\\\/22ct-gold-bracelet-12\\\/#primaryimage\"},\"thumbnailUrl\":\"https:\\\/\\\/static.purejewels.com\\\/wp-content\\\/uploads\\\/2021\\\/03\\\/3mm.jpg\",\"datePublished\":\"2021-03-18T09:23:56+00:00\",\"dateModified\":\"2025-12-05T07:48:42+00:00\",\"description\":\"Discover the 22ct Gold Twisted Bead Bracelet at PureJewels UK. Featuring textured gold beads linked in a delicate rhythm and crafted in pure 22ct gold.\",\"breadcrumb\":{\"@id\":\"https:\\\/\\\/www.purejewels.com\\\/product\\\/22ct-gold-bracelet-12\\\/#breadcrumb\"},\"inLanguage\":\"tr\",\"potentialAction\":[{\"@type\":\"ReadAction\",\"target\":[\"https:\\\/\\\/www.purejewels.com\\\/product\\\/22ct-gold-bracelet-12\\\/\"]}]},{\"@type\":\"ImageObject\",\"inLanguage\":\"tr\",\"@id\":\"https:\\\/\\\/www.purejewels.com\\\/product\\\/22ct-gold-bracelet-12\\\/#primaryimage\",\"url\":\"https:\\\/\\\/static.purejewels.com\\\/wp-content\\\/uploads\\\/2021\\\/03\\\/3mm.jpg\",\"contentUrl\":\"https:\\\/\\\/static.purejewels.com\\\/wp-content\\\/uploads\\\/2021\\\/03\\\/3mm.jpg\",\"width\":1000,\"height\":1000},{\"@type\":\"BreadcrumbList\",\"@id\":\"https:\\\/\\\/www.purejewels.com\\\/product\\\/22ct-gold-bracelet-12\\\/#breadcrumb\",\"itemListElement\":[{\"@type\":\"ListItem\",\"position\":1,\"name\":\"Home\",\"item\":\"https:\\\/\\\/www.purejewels.com\\\/\"},{\"@type\":\"ListItem\",\"position\":2,\"name\":\"Shop\",\"item\":\"https:\\\/\\\/www.purejewels.com\\\/shop\\\/\"},{\"@type\":\"ListItem\",\"position\":3,\"name\":\"22ct Gold Twisted Bead Bracelet\"}]},{\"@type\":\"WebSite\",\"@id\":\"https:\\\/\\\/www.purejewels.com\\\/#website\",\"url\":\"https:\\\/\\\/www.purejewels.com\\\/\",\"name\":\"PureJewels UK\",\"description\":\"Share the Love\",\"publisher\":{\"@id\":\"https:\\\/\\\/www.purejewels.com\\\/#organization\"},\"potentialAction\":[{\"@type\":\"SearchAction\",\"target\":{\"@type\":\"EntryPoint\",\"urlTemplate\":\"https:\\\/\\\/www.purejewels.com\\\/?s={search_term_string}\"},\"query-input\":{\"@type\":\"PropertyValueSpecification\",\"valueRequired\":true,\"valueName\":\"search_term_string\"}}],\"inLanguage\":\"tr\"},{\"@type\":\"Organization\",\"@id\":\"https:\\\/\\\/www.purejewels.com\\\/#organization\",\"name\":\"PureJewels UK\",\"url\":\"https:\\\/\\\/www.purejewels.com\\\/\",\"logo\":{\"@type\":\"ImageObject\",\"inLanguage\":\"tr\",\"@id\":\"https:\\\/\\\/www.purejewels.com\\\/#\\\/schema\\\/logo\\\/image\\\/\",\"url\":\"https:\\\/\\\/static.purejewels.com\\\/wp-content\\\/uploads\\\/2020\\\/11\\\/Logo-PJ-New-1.png\",\"contentUrl\":\"https:\\\/\\\/static.purejewels.com\\\/wp-content\\\/uploads\\\/2020\\\/11\\\/Logo-PJ-New-1.png\",\"width\":150,\"height\":80,\"caption\":\"PureJewels UK\"},\"image\":{\"@id\":\"https:\\\/\\\/www.purejewels.com\\\/#\\\/schema\\\/logo\\\/image\\\/\"}}]}<\/script>\n<!-- \/ Yoast SEO plugin. -->","yoast_head_json":{"title":"22 ayar alt\u0131n b\u00fck\u00fcml\u00fc boncuk bileklik | PureJewels UK | Online Al\u0131\u015fveri\u015f","description":"PureJewels UK'de 22 ayar alt\u0131n b\u00fck\u00fcml\u00fc boncuklu bilezi\u011fi ke\u015ffedin. Narin bir ritimle birbirine ba\u011flanm\u0131\u015f dokulu alt\u0131n boncuklardan olu\u015fan ve saf 22 ayar alt\u0131ndan \u00fcretilmi\u015f bir tasar\u0131m.","robots":{"index":"index","follow":"follow","max-snippet":"max-snippet:-1","max-image-preview":"max-image-preview:large","max-video-preview":"max-video-preview:-1"},"canonical":"https:\/\/www.purejewels.com\/tr\/urun\/22-ayar-altin-bilezik-12\/","og_locale":"tr_TR","og_type":"article","og_title":"22ct Gold Twisted Bead Bracelet | PureJewels UK | Shop Online","og_description":"Discover the 22ct Gold Twisted Bead Bracelet at PureJewels UK. Featuring textured gold beads linked in a delicate rhythm and crafted in pure 22ct gold.","og_url":"https:\/\/www.purejewels.com\/tr\/urun\/22-ayar-altin-bilezik-12\/","og_site_name":"PureJewels UK","article_modified_time":"2025-12-05T07:48:42+00:00","og_image":[{"width":1000,"height":1000,"url":"https:\/\/static.purejewels.com\/wp-content\/uploads\/2021\/03\/3mm.jpg","type":"image\/jpeg"}],"twitter_card":"summary_large_image","twitter_misc":{"Tahmini okuma s\u00fcresi":"1 dakika"},"schema":{"@context":"https:\/\/schema.org","@graph":[{"@type":["WebPage","ItemPage"],"@id":"https:\/\/www.purejewels.com\/product\/22ct-gold-bracelet-12\/","url":"https:\/\/www.purejewels.com\/product\/22ct-gold-bracelet-12\/","name":"22 ayar alt\u0131n b\u00fck\u00fcml\u00fc boncuk bileklik | PureJewels UK | Online Al\u0131\u015fveri\u015f","isPartOf":{"@id":"https:\/\/www.purejewels.com\/#website"},"primaryImageOfPage":{"@id":"https:\/\/www.purejewels.com\/product\/22ct-gold-bracelet-12\/#primaryimage"},"image":{"@id":"https:\/\/www.purejewels.com\/product\/22ct-gold-bracelet-12\/#primaryimage"},"thumbnailUrl":"https:\/\/static.purejewels.com\/wp-content\/uploads\/2021\/03\/3mm.jpg","datePublished":"2021-03-18T09:23:56+00:00","dateModified":"2025-12-05T07:48:42+00:00","description":"PureJewels UK'de 22 ayar alt\u0131n b\u00fck\u00fcml\u00fc boncuklu bilezi\u011fi ke\u015ffedin. Narin bir ritimle birbirine ba\u011flanm\u0131\u015f dokulu alt\u0131n boncuklardan olu\u015fan ve saf 22 ayar alt\u0131ndan \u00fcretilmi\u015f bir tasar\u0131m.","breadcrumb":{"@id":"https:\/\/www.purejewels.com\/product\/22ct-gold-bracelet-12\/#breadcrumb"},"inLanguage":"tr","potentialAction":[{"@type":"ReadAction","target":["https:\/\/www.purejewels.com\/product\/22ct-gold-bracelet-12\/"]}]},{"@type":"ImageObject","inLanguage":"tr","@id":"https:\/\/www.purejewels.com\/product\/22ct-gold-bracelet-12\/#primaryimage","url":"https:\/\/static.purejewels.com\/wp-content\/uploads\/2021\/03\/3mm.jpg","contentUrl":"https:\/\/static.purejewels.com\/wp-content\/uploads\/2021\/03\/3mm.jpg","width":1000,"height":1000},{"@type":"BreadcrumbList","@id":"https:\/\/www.purejewels.com\/product\/22ct-gold-bracelet-12\/#breadcrumb","itemListElement":[{"@type":"ListItem","position":1,"name":"Home","item":"https:\/\/www.purejewels.com\/"},{"@type":"ListItem","position":2,"name":"Shop","item":"https:\/\/www.purejewels.com\/shop\/"},{"@type":"ListItem","position":3,"name":"22ct Gold Twisted Bead Bracelet"}]},{"@type":"WebSite","@id":"https:\/\/www.purejewels.com\/#website","url":"https:\/\/www.purejewels.com\/","name":"PureJewels \u0130ngiltere","description":"Sevgiyi Payla\u015f\u0131n","publisher":{"@id":"https:\/\/www.purejewels.com\/#organization"},"potentialAction":[{"@type":"SearchAction","target":{"@type":"EntryPoint","urlTemplate":"https:\/\/www.purejewels.com\/?s={search_term_string}"},"query-input":{"@type":"PropertyValueSpecification","valueRequired":true,"valueName":"search_term_string"}}],"inLanguage":"tr"},{"@type":"Organization","@id":"https:\/\/www.purejewels.com\/#organization","name":"PureJewels \u0130ngiltere","url":"https:\/\/www.purejewels.com\/","logo":{"@type":"ImageObject","inLanguage":"tr","@id":"https:\/\/www.purejewels.com\/#\/schema\/logo\/image\/","url":"https:\/\/static.purejewels.com\/wp-content\/uploads\/2020\/11\/Logo-PJ-New-1.png","contentUrl":"https:\/\/static.purejewels.com\/wp-content\/uploads\/2020\/11\/Logo-PJ-New-1.png","width":150,"height":80,"caption":"PureJewels UK"},"image":{"@id":"https:\/\/www.purejewels.com\/#\/schema\/logo\/image\/"}}]}},"_links":{"self":[{"href":"https:\/\/www.purejewels.com\/tr\/wp-json\/wp\/v2\/product\/322852","targetHints":{"allow":["GET"]}}],"collection":[{"href":"https:\/\/www.purejewels.com\/tr\/wp-json\/wp\/v2\/product"}],"about":[{"href":"https:\/\/www.purejewels.com\/tr\/wp-json\/wp\/v2\/types\/product"}],"replies":[{"embeddable":true,"href":"https:\/\/www.purejewels.com\/tr\/wp-json\/wp\/v2\/comments?post=322852"}],"version-history":[{"count":2,"href":"https:\/\/www.purejewels.com\/tr\/wp-json\/wp\/v2\/product\/322852\/revisions"}],"predecessor-version":[{"id":422508,"href":"https:\/\/www.purejewels.com\/tr\/wp-json\/wp\/v2\/product\/322852\/revisions\/422508"}],"wp:featuredmedia":[{"embeddable":true,"href":"https:\/\/www.purejewels.com\/tr\/wp-json\/wp\/v2\/media\/322853"}],"wp:attachment":[{"href":"https:\/\/www.purejewels.com\/tr\/wp-json\/wp\/v2\/media?parent=322852"}],"wp:term":[{"taxonomy":"product_brand","embeddable":true,"href":"https:\/\/www.purejewels.com\/tr\/wp-json\/wp\/v2\/product_brand?post=322852"},{"taxonomy":"product_cat","embeddable":true,"href":"https:\/\/www.purejewels.com\/tr\/wp-json\/wp\/v2\/product_cat?post=322852"},{"taxonomy":"product_tag","embeddable":true,"href":"https:\/\/www.purejewels.com\/tr\/wp-json\/wp\/v2\/product_tag?post=322852"}],"curies":[{"name":"wp","href":"https:\/\/api.w.org\/{rel}","templated":true}]}}