{"id":322882,"date":"2021-03-19T05:45:52","date_gmt":"2021-03-19T05:45:52","guid":{"rendered":"https:\/\/www.purejewels.com\/?post_type=product&#038;p=322882"},"modified":"2026-03-19T06:21:56","modified_gmt":"2026-03-19T06:21:56","slug":"22-ayar-altin-kadin-bilezigi-33487","status":"publish","type":"product","link":"https:\/\/www.purejewels.com\/tr\/product\/22ct-gold-women-bracelet-33487\/","title":{"rendered":"22 Ayar Alt\u0131n P\u0131rlanta Kesim Boncuk Bileklik"},"content":{"rendered":"<p><strong>Tasar\u0131m Konsepti<\/strong><\/p>\n<p>22 Ayar Alt\u0131n Elmas Kesimli Boncuk Bileklik, rafine detaylarla sadeli\u011fi kutluyor. Narin bir zincir boyunca dizilmi\u015f bir dizi ince y\u00fczl\u00fc alt\u0131n boncuk, her harekette \u0131\u015f\u0131\u011f\u0131 yakalayan dengeli bir ritim yarat\u0131r. Elmas kesim doku, y\u00fcksek safl\u0131ktaki 22 ayar alt\u0131n\u0131n zarif s\u0131cakl\u0131\u011f\u0131n\u0131 korurken ince bir parlakl\u0131k katar.<\/p>\n<p><strong>Zanaatkarl\u0131k<\/strong><\/p>\n<p>22 ayar alt\u0131ndan \u00fcretilen her bir boncuk, yans\u0131may\u0131 ve \u0131\u015f\u0131lt\u0131y\u0131 art\u0131rmak i\u00e7in hassas elmas kesim detaylarla tamamlanm\u0131\u015ft\u0131r. Bilezik, dayan\u0131kl\u0131l\u0131\u011f\u0131 korurken esneklik ve rahatl\u0131k sa\u011flayan ince alt\u0131n ba\u011flant\u0131larla \u00f6zenle bir araya getirilmi\u015ftir. Her par\u00e7a \u0130ngiltere'de safl\u0131k sertifikas\u0131 i\u00e7in damgalanarak \u00f6zg\u00fcnl\u00fck ve kaliteli i\u015f\u00e7ilik sa\u011flan\u0131r.<\/p>\n<p><strong>Stil Fikirleri<\/strong><\/p>\n<p>Bu 22 ayar alt\u0131n boncuk bileklik, g\u00fcnl\u00fck kullan\u0131m ve zahmetsiz stil i\u00e7in idealdir. Minimalist bir alt\u0131n tak\u0131 g\u00f6r\u00fcn\u00fcm\u00fc i\u00e7in tek ba\u015f\u0131na tak\u0131n veya modern katmanl\u0131 bir stil i\u00e7in di\u011fer bilezik ve bilekliklerle istifleyin. Zarif tasar\u0131m\u0131, dengeli bir m\u00fccevher toplulu\u011fu i\u00e7in alt\u0131n k\u00fcpeler, narin zincirler veya y\u00fcz\u00fcklerle g\u00fczel bir \u015fekilde e\u015fle\u015fir.<\/p>","protected":false},"excerpt":{"rendered":"<p>I\u015f\u0131\u011f\u0131 g\u00fczel bir \u015fekilde yans\u0131tan elmas kesim alt\u0131n boncuklara sahip 22 ayar alt\u0131n boncuk bileklik, g\u00fcnl\u00fck zarafet i\u00e7in tasarlanm\u0131\u015f zarif bir par\u00e7a olu\u015fturur.<\/p>\n<ul>\n<li><strong>Malzeme:<\/strong>\u00a022 Ayar Alt\u0131n (91,6% Saf Alt\u0131n)<\/li>\n<li><strong>Hallmark:\u00a0<\/strong>\u0130ngiliz Damgas\u0131<\/li>\n<li><strong>Br\u00fct A\u011f\u0131rl\u0131k: <\/strong>3.43 Gms<\/li>\n<li><strong>Uzunluk:<\/strong> 6 in\u00e7<\/li>\n<li><strong>Boncuk geni\u015fli\u011fi:<\/strong> 2,4 mm<\/li>\n<li><strong>SKU: <\/strong>55036, 55035, 55034, 55033, 55032, 55031<\/li>\n<\/ul>\n<p><strong><br \/>\nFiyat ve Teslimat:\u00a0<\/strong>KDV ve teslimat \u00fccretleri dahil<\/p>\n<p><strong><a href=\"https:\/\/www.purejewels.com\/tr\/i%cc%87ade-poli%cc%87ti%cc%87kasi\/\">\u0130ade Politikas\u0131<\/a><\/strong><\/p>\n<p>&nbsp;<\/p>","protected":false},"featured_media":317412,"comment_status":"closed","ping_status":"closed","template":"","meta":{"_eb_attr":"","_crsspst_to_jayantr4sg-hostcom":false},"product_brand":[],"product_cat":[1791,5441,1559,3628,1324,1627,1575,1569,1574],"product_tag":[],"class_list":{"0":"post-322882","1":"product","2":"type-product","3":"status-publish","4":"has-post-thumbnail","6":"product_cat-anniversary-gifts","7":"product_cat-gold-bead-bracelets","8":"product_cat-birthday-gifts","9":"product_cat-glow-collections","10":"product_cat-gold-bracelet","11":"product_cat-ladies-bracelet","12":"product_cat-teenage-jewellery","13":"product_cat-valentine-day-gifts","14":"product_cat-womens-jewellery","16":"first","17":"instock","18":"taxable","19":"shipping-taxable","20":"purchasable","21":"product-type-simple","22":"add-to-wishlist-before_image"},"yoast_head":"<!-- This site is optimized with the Yoast SEO plugin v27.3 - https:\/\/yoast.com\/product\/yoast-seo-wordpress\/ -->\n<title>Elegant Diamond Cut Gold Bead Bracelet in 22ct Gold<\/title>\n<meta name=\"description\" content=\"Discover an elegant 22ct gold bead bracelet featuring diamond cut detailing. A refined gold bracelet designed for everyday wear and timeless jewellery styling.\" \/>\n<meta name=\"robots\" content=\"index, follow, max-snippet:-1, max-image-preview:large, max-video-preview:-1\" \/>\n<link rel=\"canonical\" href=\"https:\/\/www.purejewels.com\/tr\/urun\/22-ayar-altin-kadin-bilezigi-33487\/\" \/>\n<meta property=\"og:locale\" content=\"tr_TR\" \/>\n<meta property=\"og:type\" content=\"article\" \/>\n<meta property=\"og:title\" content=\"Elegant Diamond Cut Gold Bead Bracelet in 22ct Gold\" \/>\n<meta property=\"og:description\" content=\"Discover an elegant 22ct gold bead bracelet featuring diamond cut detailing. A refined gold bracelet designed for everyday wear and timeless jewellery styling.\" \/>\n<meta property=\"og:url\" content=\"https:\/\/www.purejewels.com\/tr\/urun\/22-ayar-altin-kadin-bilezigi-33487\/\" \/>\n<meta property=\"og:site_name\" content=\"PureJewels UK\" \/>\n<meta property=\"article:modified_time\" content=\"2026-03-19T06:21:56+00:00\" \/>\n<meta property=\"og:image\" content=\"https:\/\/static.purejewels.com\/wp-content\/uploads\/2020\/09\/image186179664.jpg\" \/>\n\t<meta property=\"og:image:width\" content=\"1000\" \/>\n\t<meta property=\"og:image:height\" content=\"1000\" \/>\n\t<meta property=\"og:image:type\" content=\"image\/jpeg\" \/>\n<meta name=\"twitter:card\" content=\"summary_large_image\" \/>\n<meta name=\"twitter:label1\" content=\"Tahmini okuma s\u00fcresi\" \/>\n\t<meta name=\"twitter:data1\" content=\"1 dakika\" \/>\n<script type=\"application\/ld+json\" class=\"yoast-schema-graph\">{\"@context\":\"https:\\\/\\\/schema.org\",\"@graph\":[{\"@type\":[\"WebPage\",\"ItemPage\"],\"@id\":\"https:\\\/\\\/www.purejewels.com\\\/product\\\/22ct-gold-women-bracelet-33487\\\/\",\"url\":\"https:\\\/\\\/www.purejewels.com\\\/product\\\/22ct-gold-women-bracelet-33487\\\/\",\"name\":\"Elegant Diamond Cut Gold Bead Bracelet in 22ct Gold\",\"isPartOf\":{\"@id\":\"https:\\\/\\\/www.purejewels.com\\\/#website\"},\"primaryImageOfPage\":{\"@id\":\"https:\\\/\\\/www.purejewels.com\\\/product\\\/22ct-gold-women-bracelet-33487\\\/#primaryimage\"},\"image\":{\"@id\":\"https:\\\/\\\/www.purejewels.com\\\/product\\\/22ct-gold-women-bracelet-33487\\\/#primaryimage\"},\"thumbnailUrl\":\"https:\\\/\\\/static.purejewels.com\\\/wp-content\\\/uploads\\\/2020\\\/09\\\/image186179664.jpg\",\"datePublished\":\"2021-03-19T05:45:52+00:00\",\"dateModified\":\"2026-03-19T06:21:56+00:00\",\"description\":\"Discover an elegant 22ct gold bead bracelet featuring diamond cut detailing. A refined gold bracelet designed for everyday wear and timeless jewellery styling.\",\"breadcrumb\":{\"@id\":\"https:\\\/\\\/www.purejewels.com\\\/product\\\/22ct-gold-women-bracelet-33487\\\/#breadcrumb\"},\"inLanguage\":\"tr\",\"potentialAction\":[{\"@type\":\"ReadAction\",\"target\":[\"https:\\\/\\\/www.purejewels.com\\\/product\\\/22ct-gold-women-bracelet-33487\\\/\"]}]},{\"@type\":\"ImageObject\",\"inLanguage\":\"tr\",\"@id\":\"https:\\\/\\\/www.purejewels.com\\\/product\\\/22ct-gold-women-bracelet-33487\\\/#primaryimage\",\"url\":\"https:\\\/\\\/static.purejewels.com\\\/wp-content\\\/uploads\\\/2020\\\/09\\\/image186179664.jpg\",\"contentUrl\":\"https:\\\/\\\/static.purejewels.com\\\/wp-content\\\/uploads\\\/2020\\\/09\\\/image186179664.jpg\",\"width\":1000,\"height\":1000},{\"@type\":\"BreadcrumbList\",\"@id\":\"https:\\\/\\\/www.purejewels.com\\\/product\\\/22ct-gold-women-bracelet-33487\\\/#breadcrumb\",\"itemListElement\":[{\"@type\":\"ListItem\",\"position\":1,\"name\":\"Home\",\"item\":\"https:\\\/\\\/www.purejewels.com\\\/\"},{\"@type\":\"ListItem\",\"position\":2,\"name\":\"Shop\",\"item\":\"https:\\\/\\\/www.purejewels.com\\\/shop\\\/\"},{\"@type\":\"ListItem\",\"position\":3,\"name\":\"22ct Gold Diamond Cut Bead Bracelet\"}]},{\"@type\":\"WebSite\",\"@id\":\"https:\\\/\\\/www.purejewels.com\\\/#website\",\"url\":\"https:\\\/\\\/www.purejewels.com\\\/\",\"name\":\"PureJewels UK\",\"description\":\"Share the Love\",\"publisher\":{\"@id\":\"https:\\\/\\\/www.purejewels.com\\\/#organization\"},\"potentialAction\":[{\"@type\":\"SearchAction\",\"target\":{\"@type\":\"EntryPoint\",\"urlTemplate\":\"https:\\\/\\\/www.purejewels.com\\\/?s={search_term_string}\"},\"query-input\":{\"@type\":\"PropertyValueSpecification\",\"valueRequired\":true,\"valueName\":\"search_term_string\"}}],\"inLanguage\":\"tr\"},{\"@type\":\"Organization\",\"@id\":\"https:\\\/\\\/www.purejewels.com\\\/#organization\",\"name\":\"PureJewels UK\",\"url\":\"https:\\\/\\\/www.purejewels.com\\\/\",\"logo\":{\"@type\":\"ImageObject\",\"inLanguage\":\"tr\",\"@id\":\"https:\\\/\\\/www.purejewels.com\\\/#\\\/schema\\\/logo\\\/image\\\/\",\"url\":\"https:\\\/\\\/static.purejewels.com\\\/wp-content\\\/uploads\\\/2020\\\/11\\\/Logo-PJ-New-1.png\",\"contentUrl\":\"https:\\\/\\\/static.purejewels.com\\\/wp-content\\\/uploads\\\/2020\\\/11\\\/Logo-PJ-New-1.png\",\"width\":150,\"height\":80,\"caption\":\"PureJewels UK\"},\"image\":{\"@id\":\"https:\\\/\\\/www.purejewels.com\\\/#\\\/schema\\\/logo\\\/image\\\/\"}}]}<\/script>\n<!-- \/ Yoast SEO plugin. -->","yoast_head_json":{"title":"22 Ayar Alt\u0131ndan Zarif Elmas Kesim Alt\u0131n Boncuk Bileklik","description":"Elmas kesim detaylara sahip zarif 22 ayar alt\u0131n boncuk bilezi\u011fi ke\u015ffedin. G\u00fcnl\u00fck kullan\u0131m ve zamans\u0131z m\u00fccevher stili i\u00e7in tasarlanm\u0131\u015f zarif bir alt\u0131n bilezik.","robots":{"index":"index","follow":"follow","max-snippet":"max-snippet:-1","max-image-preview":"max-image-preview:large","max-video-preview":"max-video-preview:-1"},"canonical":"https:\/\/www.purejewels.com\/tr\/urun\/22-ayar-altin-kadin-bilezigi-33487\/","og_locale":"tr_TR","og_type":"article","og_title":"Elegant Diamond Cut Gold Bead Bracelet in 22ct Gold","og_description":"Discover an elegant 22ct gold bead bracelet featuring diamond cut detailing. A refined gold bracelet designed for everyday wear and timeless jewellery styling.","og_url":"https:\/\/www.purejewels.com\/tr\/urun\/22-ayar-altin-kadin-bilezigi-33487\/","og_site_name":"PureJewels UK","article_modified_time":"2026-03-19T06:21:56+00:00","og_image":[{"width":1000,"height":1000,"url":"https:\/\/static.purejewels.com\/wp-content\/uploads\/2020\/09\/image186179664.jpg","type":"image\/jpeg"}],"twitter_card":"summary_large_image","twitter_misc":{"Tahmini okuma s\u00fcresi":"1 dakika"},"schema":{"@context":"https:\/\/schema.org","@graph":[{"@type":["WebPage","ItemPage"],"@id":"https:\/\/www.purejewels.com\/product\/22ct-gold-women-bracelet-33487\/","url":"https:\/\/www.purejewels.com\/product\/22ct-gold-women-bracelet-33487\/","name":"22 Ayar Alt\u0131ndan Zarif Elmas Kesim Alt\u0131n Boncuk Bileklik","isPartOf":{"@id":"https:\/\/www.purejewels.com\/#website"},"primaryImageOfPage":{"@id":"https:\/\/www.purejewels.com\/product\/22ct-gold-women-bracelet-33487\/#primaryimage"},"image":{"@id":"https:\/\/www.purejewels.com\/product\/22ct-gold-women-bracelet-33487\/#primaryimage"},"thumbnailUrl":"https:\/\/static.purejewels.com\/wp-content\/uploads\/2020\/09\/image186179664.jpg","datePublished":"2021-03-19T05:45:52+00:00","dateModified":"2026-03-19T06:21:56+00:00","description":"Elmas kesim detaylara sahip zarif 22 ayar alt\u0131n boncuk bilezi\u011fi ke\u015ffedin. G\u00fcnl\u00fck kullan\u0131m ve zamans\u0131z m\u00fccevher stili i\u00e7in tasarlanm\u0131\u015f zarif bir alt\u0131n bilezik.","breadcrumb":{"@id":"https:\/\/www.purejewels.com\/product\/22ct-gold-women-bracelet-33487\/#breadcrumb"},"inLanguage":"tr","potentialAction":[{"@type":"ReadAction","target":["https:\/\/www.purejewels.com\/product\/22ct-gold-women-bracelet-33487\/"]}]},{"@type":"ImageObject","inLanguage":"tr","@id":"https:\/\/www.purejewels.com\/product\/22ct-gold-women-bracelet-33487\/#primaryimage","url":"https:\/\/static.purejewels.com\/wp-content\/uploads\/2020\/09\/image186179664.jpg","contentUrl":"https:\/\/static.purejewels.com\/wp-content\/uploads\/2020\/09\/image186179664.jpg","width":1000,"height":1000},{"@type":"BreadcrumbList","@id":"https:\/\/www.purejewels.com\/product\/22ct-gold-women-bracelet-33487\/#breadcrumb","itemListElement":[{"@type":"ListItem","position":1,"name":"Home","item":"https:\/\/www.purejewels.com\/"},{"@type":"ListItem","position":2,"name":"Shop","item":"https:\/\/www.purejewels.com\/shop\/"},{"@type":"ListItem","position":3,"name":"22ct Gold Diamond Cut Bead Bracelet"}]},{"@type":"WebSite","@id":"https:\/\/www.purejewels.com\/#website","url":"https:\/\/www.purejewels.com\/","name":"PureJewels \u0130ngiltere","description":"Sevgiyi Payla\u015f\u0131n","publisher":{"@id":"https:\/\/www.purejewels.com\/#organization"},"potentialAction":[{"@type":"SearchAction","target":{"@type":"EntryPoint","urlTemplate":"https:\/\/www.purejewels.com\/?s={search_term_string}"},"query-input":{"@type":"PropertyValueSpecification","valueRequired":true,"valueName":"search_term_string"}}],"inLanguage":"tr"},{"@type":"Organization","@id":"https:\/\/www.purejewels.com\/#organization","name":"PureJewels \u0130ngiltere","url":"https:\/\/www.purejewels.com\/","logo":{"@type":"ImageObject","inLanguage":"tr","@id":"https:\/\/www.purejewels.com\/#\/schema\/logo\/image\/","url":"https:\/\/static.purejewels.com\/wp-content\/uploads\/2020\/11\/Logo-PJ-New-1.png","contentUrl":"https:\/\/static.purejewels.com\/wp-content\/uploads\/2020\/11\/Logo-PJ-New-1.png","width":150,"height":80,"caption":"PureJewels UK"},"image":{"@id":"https:\/\/www.purejewels.com\/#\/schema\/logo\/image\/"}}]}},"_links":{"self":[{"href":"https:\/\/www.purejewels.com\/tr\/wp-json\/wp\/v2\/product\/322882","targetHints":{"allow":["GET"]}}],"collection":[{"href":"https:\/\/www.purejewels.com\/tr\/wp-json\/wp\/v2\/product"}],"about":[{"href":"https:\/\/www.purejewels.com\/tr\/wp-json\/wp\/v2\/types\/product"}],"replies":[{"embeddable":true,"href":"https:\/\/www.purejewels.com\/tr\/wp-json\/wp\/v2\/comments?post=322882"}],"version-history":[{"count":3,"href":"https:\/\/www.purejewels.com\/tr\/wp-json\/wp\/v2\/product\/322882\/revisions"}],"predecessor-version":[{"id":426909,"href":"https:\/\/www.purejewels.com\/tr\/wp-json\/wp\/v2\/product\/322882\/revisions\/426909"}],"wp:featuredmedia":[{"embeddable":true,"href":"https:\/\/www.purejewels.com\/tr\/wp-json\/wp\/v2\/media\/317412"}],"wp:attachment":[{"href":"https:\/\/www.purejewels.com\/tr\/wp-json\/wp\/v2\/media?parent=322882"}],"wp:term":[{"taxonomy":"product_brand","embeddable":true,"href":"https:\/\/www.purejewels.com\/tr\/wp-json\/wp\/v2\/product_brand?post=322882"},{"taxonomy":"product_cat","embeddable":true,"href":"https:\/\/www.purejewels.com\/tr\/wp-json\/wp\/v2\/product_cat?post=322882"},{"taxonomy":"product_tag","embeddable":true,"href":"https:\/\/www.purejewels.com\/tr\/wp-json\/wp\/v2\/product_tag?post=322882"}],"curies":[{"name":"wp","href":"https:\/\/api.w.org\/{rel}","templated":true}]}}